{"id":7946,"date":"2023-02-21T02:58:28","date_gmt":"2023-02-21T02:58:28","guid":{"rendered":"https:\/\/livinghome.vn\/thiet-bi\/?post_type=product&#038;p=7946"},"modified":"2024-11-29T14:19:16","modified_gmt":"2024-11-29T07:19:16","slug":"may-hut-mui-pramie-de19-900","status":"publish","type":"product","link":"https:\/\/livinghome.vn\/thiet-bi\/may-hut-mui-pramie-de19-900\/","title":{"rendered":"M\u00e1y h\u00fat m\u00f9i Pramie DE19 900 th\u00f4ng minh k\u00ednh v\u00e1t v\u1eaby tay"},"content":{"rendered":"<h3>M\u00e1y h\u00fat m\u00f9i Pramie DE19 900 thi\u1ebft k\u1ebf k\u00ednh v\u00e1t \u0111\u1eb9p m\u1eaft v\u00e0 sang tr\u1ecdng, \u0111i\u1ec1u khi\u1ec3n c\u1ea3m \u1ee9ng k\u00e8m m\u00e0n h\u00ecnh hi\u1ec3n th\u1ecb quan s\u00e1t v\u00e0 t\u00f9y ch\u1ec9nh c\u00e1c ch\u1ee9c n\u0103ng ch\u00ednh x\u00e1c<\/h3>\n<figure id=\"attachment_7957\" aria-describedby=\"caption-attachment-7957\" style=\"width: 900px\" class=\"wp-caption alignnone\"><img loading=\"lazy\" decoding=\"async\" class=\"size-full wp-image-7957\" src=\"https:\/\/livinghome.vn\/thiet-bi\/wp-content\/uploads\/nha-bep\/pramie\/may-hut-mui\/may-hut-mui-pramie-de19-900\/may-hut-mui-pramie-de19-900-9.jpg\" alt=\"M\u00e1y h\u00fat m\u00f9i Pramie DE19 900\" width=\"900\" height=\"900\" title=\"\" srcset=\"https:\/\/livinghome.vn\/thiet-bi\/wp-content\/uploads\/nha-bep\/pramie\/may-hut-mui\/may-hut-mui-pramie-de19-900\/may-hut-mui-pramie-de19-900-9.jpg 900w, https:\/\/livinghome.vn\/thiet-bi\/wp-content\/uploads\/nha-bep\/pramie\/may-hut-mui\/may-hut-mui-pramie-de19-900\/may-hut-mui-pramie-de19-900-9-300x300.jpg 300w, https:\/\/livinghome.vn\/thiet-bi\/wp-content\/uploads\/nha-bep\/pramie\/may-hut-mui\/may-hut-mui-pramie-de19-900\/may-hut-mui-pramie-de19-900-9-100x100.jpg 100w, https:\/\/livinghome.vn\/thiet-bi\/wp-content\/uploads\/nha-bep\/pramie\/may-hut-mui\/may-hut-mui-pramie-de19-900\/may-hut-mui-pramie-de19-900-9-600x600.jpg 600w, https:\/\/livinghome.vn\/thiet-bi\/wp-content\/uploads\/nha-bep\/pramie\/may-hut-mui\/may-hut-mui-pramie-de19-900\/may-hut-mui-pramie-de19-900-9-400x400.jpg 400w, https:\/\/livinghome.vn\/thiet-bi\/wp-content\/uploads\/nha-bep\/pramie\/may-hut-mui\/may-hut-mui-pramie-de19-900\/may-hut-mui-pramie-de19-900-9-800x800.jpg 800w, https:\/\/livinghome.vn\/thiet-bi\/wp-content\/uploads\/nha-bep\/pramie\/may-hut-mui\/may-hut-mui-pramie-de19-900\/may-hut-mui-pramie-de19-900-9-280x280.jpg 280w, https:\/\/livinghome.vn\/thiet-bi\/wp-content\/uploads\/nha-bep\/pramie\/may-hut-mui\/may-hut-mui-pramie-de19-900\/may-hut-mui-pramie-de19-900-9-768x768.jpg 768w\" sizes=\"auto, (max-width: 900px) 100vw, 900px\" \/><figcaption id=\"caption-attachment-7957\" class=\"wp-caption-text\">M\u00e1y h\u00fat m\u00f9i Pramie DE19 900<\/figcaption><\/figure>\n<p><strong>M\u00e1y h\u00fat m\u00f9i Pramie DE19-900\u00a0kh\u1edfi \u0111\u1ed9ng b\u1eb1ng c\u1ea3m bi\u1ebfn chuy\u1ec3n \u0111\u1ed9ng Air Gesture.<\/strong><\/p>\n<p>Ch\u1ec9 c\u1ea7n m\u1ed9t c\u00e1i vu\u1ed1t tay nh\u1eb9 nh\u00e0ng sang ph\u1ea3i l\u00e0 b\u1ea1n \u0111\u00e3 th\u1ef1c hi\u1ec7n thao t\u00e1c kh\u1edfi \u0111\u1ed9ng\/ t\u1eaft m\u00e1y nhanh ch\u00f3ng m\u00e0 kh\u00f4ng ph\u1ea3i ng\u1ea1i vi\u1ec7c tay \u0111ang \u01b0\u1edbt ho\u1eb7c d\u00ednh d\u1ea7u m\u1ee1. C\u00f3 th\u1ec3 t\u0103ng gi\u1ea3m t\u1ed1c \u0111\u1ed9 h\u00fat b\u1eb1ng c\u00e1ch v\u1eaby tay.<\/p>\n<figure id=\"attachment_7955\" aria-describedby=\"caption-attachment-7955\" style=\"width: 900px\" class=\"wp-caption alignnone\"><img loading=\"lazy\" decoding=\"async\" class=\"size-full wp-image-7955\" src=\"https:\/\/livinghome.vn\/thiet-bi\/wp-content\/uploads\/nha-bep\/pramie\/may-hut-mui\/may-hut-mui-pramie-de19-900\/may-hut-mui-pramie-de19-900-7.jpg\" alt=\"M\u00e1y h\u00fat m\u00f9i Pramie DE19 900\" width=\"900\" height=\"900\" title=\"\" srcset=\"https:\/\/livinghome.vn\/thiet-bi\/wp-content\/uploads\/nha-bep\/pramie\/may-hut-mui\/may-hut-mui-pramie-de19-900\/may-hut-mui-pramie-de19-900-7.jpg 900w, https:\/\/livinghome.vn\/thiet-bi\/wp-content\/uploads\/nha-bep\/pramie\/may-hut-mui\/may-hut-mui-pramie-de19-900\/may-hut-mui-pramie-de19-900-7-300x300.jpg 300w, https:\/\/livinghome.vn\/thiet-bi\/wp-content\/uploads\/nha-bep\/pramie\/may-hut-mui\/may-hut-mui-pramie-de19-900\/may-hut-mui-pramie-de19-900-7-100x100.jpg 100w, https:\/\/livinghome.vn\/thiet-bi\/wp-content\/uploads\/nha-bep\/pramie\/may-hut-mui\/may-hut-mui-pramie-de19-900\/may-hut-mui-pramie-de19-900-7-600x600.jpg 600w, https:\/\/livinghome.vn\/thiet-bi\/wp-content\/uploads\/nha-bep\/pramie\/may-hut-mui\/may-hut-mui-pramie-de19-900\/may-hut-mui-pramie-de19-900-7-400x400.jpg 400w, https:\/\/livinghome.vn\/thiet-bi\/wp-content\/uploads\/nha-bep\/pramie\/may-hut-mui\/may-hut-mui-pramie-de19-900\/may-hut-mui-pramie-de19-900-7-800x800.jpg 800w, https:\/\/livinghome.vn\/thiet-bi\/wp-content\/uploads\/nha-bep\/pramie\/may-hut-mui\/may-hut-mui-pramie-de19-900\/may-hut-mui-pramie-de19-900-7-280x280.jpg 280w, https:\/\/livinghome.vn\/thiet-bi\/wp-content\/uploads\/nha-bep\/pramie\/may-hut-mui\/may-hut-mui-pramie-de19-900\/may-hut-mui-pramie-de19-900-7-768x768.jpg 768w\" sizes=\"auto, (max-width: 900px) 100vw, 900px\" \/><figcaption id=\"caption-attachment-7955\" class=\"wp-caption-text\">M\u00e1y h\u00fat m\u00f9i Pramie DE19 900<\/figcaption><\/figure>\n<p><strong>Ki\u1ec3u m\u00e1y thi\u1ebft k\u1ebf k\u00ednh v\u00e1t \u0111\u1eb9p v\u00e0 hi\u1ec7n \u0111\u1ea1i, th\u00edch h\u1ee3p cho kh\u00f4ng gian ph\u00f2ng b\u1ebfp th\u00eam n\u1ed5i b\u1eadt, sang tr\u1ecdng.<\/strong><\/p>\n<p>S\u1ea3n ph\u1ea9m c\u00f3 thi\u1ebft k\u1ebf ph\u00f9 h\u1ee3p cho c\u00e1c khu chung c\u01b0, nh\u00e0 \u1edf, bi\u1ec7t th\u1ef1 cao c\u1ea5p c\u00f3 c\u0103n b\u1ebfp v\u1edbi di\u1ec7n t\u00edch r\u1ed9ng r\u00e3i, kh\u00f4ng b\u1ecb gi\u1edbi h\u1ea1n v\u1ec1 chi\u1ec1u ngang.<\/p>\n<figure id=\"attachment_7951\" aria-describedby=\"caption-attachment-7951\" style=\"width: 900px\" class=\"wp-caption alignnone\"><img loading=\"lazy\" decoding=\"async\" class=\"size-full wp-image-7951\" src=\"https:\/\/livinghome.vn\/thiet-bi\/wp-content\/uploads\/nha-bep\/pramie\/may-hut-mui\/may-hut-mui-pramie-de19-900\/may-hut-mui-pramie-de19-900-6.jpg\" alt=\"M\u00e1y h\u00fat m\u00f9i Pramie DE19 900\" width=\"900\" height=\"900\" title=\"\" srcset=\"https:\/\/livinghome.vn\/thiet-bi\/wp-content\/uploads\/nha-bep\/pramie\/may-hut-mui\/may-hut-mui-pramie-de19-900\/may-hut-mui-pramie-de19-900-6.jpg 900w, https:\/\/livinghome.vn\/thiet-bi\/wp-content\/uploads\/nha-bep\/pramie\/may-hut-mui\/may-hut-mui-pramie-de19-900\/may-hut-mui-pramie-de19-900-6-300x300.jpg 300w, https:\/\/livinghome.vn\/thiet-bi\/wp-content\/uploads\/nha-bep\/pramie\/may-hut-mui\/may-hut-mui-pramie-de19-900\/may-hut-mui-pramie-de19-900-6-100x100.jpg 100w, https:\/\/livinghome.vn\/thiet-bi\/wp-content\/uploads\/nha-bep\/pramie\/may-hut-mui\/may-hut-mui-pramie-de19-900\/may-hut-mui-pramie-de19-900-6-600x600.jpg 600w, https:\/\/livinghome.vn\/thiet-bi\/wp-content\/uploads\/nha-bep\/pramie\/may-hut-mui\/may-hut-mui-pramie-de19-900\/may-hut-mui-pramie-de19-900-6-400x400.jpg 400w, https:\/\/livinghome.vn\/thiet-bi\/wp-content\/uploads\/nha-bep\/pramie\/may-hut-mui\/may-hut-mui-pramie-de19-900\/may-hut-mui-pramie-de19-900-6-800x800.jpg 800w, https:\/\/livinghome.vn\/thiet-bi\/wp-content\/uploads\/nha-bep\/pramie\/may-hut-mui\/may-hut-mui-pramie-de19-900\/may-hut-mui-pramie-de19-900-6-280x280.jpg 280w, https:\/\/livinghome.vn\/thiet-bi\/wp-content\/uploads\/nha-bep\/pramie\/may-hut-mui\/may-hut-mui-pramie-de19-900\/may-hut-mui-pramie-de19-900-6-768x768.jpg 768w\" sizes=\"auto, (max-width: 900px) 100vw, 900px\" \/><figcaption id=\"caption-attachment-7951\" class=\"wp-caption-text\">M\u00e1y h\u00fat m\u00f9i Pramie DE19 900<\/figcaption><\/figure>\n<p><strong>\u0110i\u1ec1u khi\u1ec3n c\u1ea3m \u1ee9ng th\u00f4ng minh kh\u00f4ng c\u1ea7n ch\u1ea1m.<\/strong><\/p>\n<p>Ch\u1ebf \u0111\u1ed9 h\u00fat \u0111\u1ea9y tr\u1ef1c ti\u1ebfp ho\u1eb7c tu\u1ea7n ho\u00e0n b\u1eb1ng than ho\u1ea1t t\u00ednh t\u00edch h\u1ee3p trong m\u00e1y.<\/p>\n<p>Kh\u1eed m\u00f9i b\u1eb1ng than ho\u1ea1t t\u00ednh gi\u00fap lo\u1ea1i b\u1ecf m\u00f9i trong b\u1ebfp hi\u1ec7u qu\u1ea3, n\u00ean thay than 6 th\u00e1ng \/ l\u1ea7n \u0111\u1ec3 cho hi\u1ec7u qu\u1ea3 kh\u1eed m\u00f9i t\u1ed1t.<\/p>\n<p>V\u1edbi ch\u1ebf \u0111\u1ed9 \u0111\u1ea9y tr\u1ef1c ti\u1ebfp ra b\u00ean ngo\u00e0i qua \u1ed1ng tho\u00e1t, ph\u01b0\u01a1ng ph\u00e1p n\u00e0y l\u00e0m c\u00f4ng su\u1ea5t h\u00fat c\u1ee7a m\u00e1y kh\u1ecfe h\u01a1n v\u00e0 kh\u00f4ng c\u1ea7n t\u1ed1n th\u00eam chi ph\u00ed thay than..<\/p>\n<figure id=\"attachment_7952\" aria-describedby=\"caption-attachment-7952\" style=\"width: 900px\" class=\"wp-caption alignnone\"><img loading=\"lazy\" decoding=\"async\" class=\"wp-image-7952 size-full\" src=\"https:\/\/livinghome.vn\/thiet-bi\/wp-content\/uploads\/nha-bep\/pramie\/may-hut-mui\/may-hut-mui-pramie-de19-900\/may-hut-mui-pramie-de19-900-8.jpg\" alt=\"M\u00e1y h\u00fat m\u00f9i Pramie DE19 900\" width=\"900\" height=\"900\" title=\"\" srcset=\"https:\/\/livinghome.vn\/thiet-bi\/wp-content\/uploads\/nha-bep\/pramie\/may-hut-mui\/may-hut-mui-pramie-de19-900\/may-hut-mui-pramie-de19-900-8.jpg 900w, https:\/\/livinghome.vn\/thiet-bi\/wp-content\/uploads\/nha-bep\/pramie\/may-hut-mui\/may-hut-mui-pramie-de19-900\/may-hut-mui-pramie-de19-900-8-300x300.jpg 300w, https:\/\/livinghome.vn\/thiet-bi\/wp-content\/uploads\/nha-bep\/pramie\/may-hut-mui\/may-hut-mui-pramie-de19-900\/may-hut-mui-pramie-de19-900-8-100x100.jpg 100w, https:\/\/livinghome.vn\/thiet-bi\/wp-content\/uploads\/nha-bep\/pramie\/may-hut-mui\/may-hut-mui-pramie-de19-900\/may-hut-mui-pramie-de19-900-8-600x600.jpg 600w, https:\/\/livinghome.vn\/thiet-bi\/wp-content\/uploads\/nha-bep\/pramie\/may-hut-mui\/may-hut-mui-pramie-de19-900\/may-hut-mui-pramie-de19-900-8-400x400.jpg 400w, https:\/\/livinghome.vn\/thiet-bi\/wp-content\/uploads\/nha-bep\/pramie\/may-hut-mui\/may-hut-mui-pramie-de19-900\/may-hut-mui-pramie-de19-900-8-800x800.jpg 800w, https:\/\/livinghome.vn\/thiet-bi\/wp-content\/uploads\/nha-bep\/pramie\/may-hut-mui\/may-hut-mui-pramie-de19-900\/may-hut-mui-pramie-de19-900-8-280x280.jpg 280w, https:\/\/livinghome.vn\/thiet-bi\/wp-content\/uploads\/nha-bep\/pramie\/may-hut-mui\/may-hut-mui-pramie-de19-900\/may-hut-mui-pramie-de19-900-8-768x768.jpg 768w\" sizes=\"auto, (max-width: 900px) 100vw, 900px\" \/><figcaption id=\"caption-attachment-7952\" class=\"wp-caption-text\">M\u00e1y h\u00fat m\u00f9i Pramie DE19 900<\/figcaption><\/figure>\n<h3>T\u00ednh n\u0103ng c\u01a1 b\u1ea3n<\/h3>\n<ul>\n<li><a href=\"https:\/\/livinghome.vn\/thiet-bi\/may-hut-mui\/\">M\u00e1y h\u00fat kh\u00f3i kh\u1eed m\u00f9i<\/a> \u2013 kh\u1eed m\u00f9i \u00e1p t\u01b0\u1eddng<\/li>\n<li>Kh\u1edfi \u0111\u1ed9ng m\u00e1y, t\u0103ng gi\u1ea3m 3 t\u1ed1c \u0111\u1ed9 m\u00e0 kh\u00f4ng c\u1ea7n ch\u1ea1m tay.<\/li>\n<li>C\u1ea3m bi\u1ebfn v\u1eaby tay nh\u1eb9 sang ph\u1ea3i th\u1ef1c hi\u1ec7n t\u1eaft \u2013 m\u1edf, t\u0103ng gi\u1ea3m t\u1ed1c \u0111\u1ed9 d\u00f9 tay d\u00ednh \u0111\u1ea7y d\u1ea7u m\u1ee1.<\/li>\n<li>\u0110i\u1ec1u khi\u1ec3n c\u1ea3m \u1ee9ng k\u00e8m m\u00e0n h\u00ecnh hi\u1ec3n th\u1ecb quan s\u00e1t v\u00e0 t\u00f9y ch\u1ec9nh c\u00e1c ch\u1ee9c n\u0103ng ch\u00ednh x\u00e1c.<\/li>\n<li>C\u00f3 th\u1ec3 t\u1eaft v\u00e0 m\u1edf ch\u1ebf \u0111\u1ed9 v\u1eaby tay\/ c\u1ea3m \u1ee9ng.<\/li>\n<li>C\u00f4ng su\u1ea5t m\u1ea1nh m\u1ebd 1200m3\/h, h\u00fat m\u00f9i nhanh, ti\u1ebft ki\u1ec7m \u0111i\u1ec7n.<\/li>\n<li>M\u00e1y ch\u1ea1y \u00eam \u00e1i, \u0111\u1ed9 \u1ed3n ch\u1ec9 48dB t\u01b0\u01a1ng \u0111\u01b0\u01a1ng ti\u1ebfng m\u01b0a v\u1eeba ph\u1ea3i.<\/li>\n<li>Ch\u1ee9c n\u0103ng h\u1eb9n gi\u1edd l\u00ean \u0111\u1ebfn 3 ph\u00fat.<\/li>\n<li>B\u1ed9 l\u1ecdc kh\u1eed m\u00f9i than ho\u1ea1t t\u00ednh t\u00edch h\u1ee3p trong m\u00e1y cho kh\u1ea3 n\u0103ng l\u1ecdc m\u00f9i t\u1ed1i \u01b0u.<\/li>\n<li>L\u01b0\u1edbi l\u1ecdc d\u1ea7u m\u1ee1 l\u00e0m t\u1eeb nh\u00f4m v\u00e0 inox, \u0111\u1ed9 b\u1ec1n cao, ti\u1ec7n th\u00e1o r\u1eddi v\u00e0 ch\u00f9i r\u1eeda.<\/li>\n<li>Thi\u1ebft k\u1ebf m\u1eb7t k\u00ednh sang tr\u1ecdng chi\u1ec1u ngang 79,2cm ph\u00f9 h\u1ee3p kh\u00f4ng gian b\u1ebfp r\u1ed9ng.<\/li>\n<\/ul>\n<h3>Th\u00f4ng s\u1ed1 k\u1ef9 thu\u1eadt<\/h3>\n<ul>\n<li>C\u00f4ng su\u1ea5t h\u00fat: 1200 m3\/gi\u1edd<\/li>\n<li>S\u1ed1 qu\u1ea1t h\u00fat: \u0110\u1ed9ng c\u01a1 \u0111\u01a1n tua bin \u0111\u00f4i<\/li>\n<li>T\u1ed1c \u0111\u1ed9 h\u00fat: 3 t\u1ed1c \u0111\u1ed9<\/li>\n<li>C\u00f4ng su\u1ea5t ho\u1ea1t \u0111\u1ed9ng: 183W<\/li>\n<li>\u0110\u1ed9 \u1ed3n t\u1ed1i \u0111a: 48 dB<\/li>\n<li>\u0110\u00e8n chi\u1ebfu s\u00e1ng: \u0110\u00e8n LED<\/li>\n<li>Ch\u1ea5t li\u1ec7u l\u01b0\u1edbi l\u1ecdc: Inox &amp; Nh\u00f4m + Than ho\u1ea1t t\u00ednh<\/li>\n<li>B\u1ea3ng \u0111i\u1ec1u khi\u1ec3n: C\u1ea3m \u1ee9ng c\u00f3 m\u00e0n h\u00ecnh hi\u1ec3n th\u1ecb<\/li>\n<li>\u0110\u01b0\u1eddng k\u00ednh \u1ed1ng tho\u00e1t kh\u00ed: 15 cm<\/li>\n<li>K\u00edch th\u01b0\u1edbc, kh\u1ed1i l\u01b0\u1ee3ng: Ngang 89.2 cm \u2013 Cao 94 cm \u2013 S\u00e2u 74.6 cm \u2013 N\u1eb7ng 28.1 kg<\/li>\n<\/ul>\n<figure id=\"attachment_7948\" aria-describedby=\"caption-attachment-7948\" style=\"width: 900px\" class=\"wp-caption alignnone\"><img loading=\"lazy\" decoding=\"async\" class=\"size-full wp-image-7948\" src=\"https:\/\/livinghome.vn\/thiet-bi\/wp-content\/uploads\/nha-bep\/pramie\/may-hut-mui\/may-hut-mui-pramie-de19-900\/may-hut-mui-pramie-de19-900-11.jpg\" alt=\"M\u00e1y h\u00fat m\u00f9i Pramie DE19 900\" width=\"900\" height=\"907\" title=\"\" srcset=\"https:\/\/livinghome.vn\/thiet-bi\/wp-content\/uploads\/nha-bep\/pramie\/may-hut-mui\/may-hut-mui-pramie-de19-900\/may-hut-mui-pramie-de19-900-11.jpg 900w, https:\/\/livinghome.vn\/thiet-bi\/wp-content\/uploads\/nha-bep\/pramie\/may-hut-mui\/may-hut-mui-pramie-de19-900\/may-hut-mui-pramie-de19-900-11-100x100.jpg 100w, https:\/\/livinghome.vn\/thiet-bi\/wp-content\/uploads\/nha-bep\/pramie\/may-hut-mui\/may-hut-mui-pramie-de19-900\/may-hut-mui-pramie-de19-900-11-600x605.jpg 600w, https:\/\/livinghome.vn\/thiet-bi\/wp-content\/uploads\/nha-bep\/pramie\/may-hut-mui\/may-hut-mui-pramie-de19-900\/may-hut-mui-pramie-de19-900-11-397x400.jpg 397w, https:\/\/livinghome.vn\/thiet-bi\/wp-content\/uploads\/nha-bep\/pramie\/may-hut-mui\/may-hut-mui-pramie-de19-900\/may-hut-mui-pramie-de19-900-11-794x800.jpg 794w, https:\/\/livinghome.vn\/thiet-bi\/wp-content\/uploads\/nha-bep\/pramie\/may-hut-mui\/may-hut-mui-pramie-de19-900\/may-hut-mui-pramie-de19-900-11-768x774.jpg 768w\" sizes=\"auto, (max-width: 900px) 100vw, 900px\" \/><figcaption id=\"caption-attachment-7948\" class=\"wp-caption-text\">M\u00e1y h\u00fat m\u00f9i Pramie DE19 900<\/figcaption><\/figure>\n<p>M\u00e1y h\u00fat m\u00f9i Pramie DE19-900 th\u01b0\u01a1ng hi\u1ec7u Pramie \u2013 \u0110\u1ee9c, s\u1ea3n xu\u1ea5t t\u1ea1i Th\u00e1i Lan l\u00e0 s\u1ea3n ph\u1ea9m ch\u1ea5t l\u01b0\u1ee3ng t\u1ed1t, h\u00fat m\u00f9i hi\u1ec7u qu\u1ea3, th\u00edch h\u1ee3p s\u1eed d\u1ee5ng trong nh\u00e0 h\u00e0ng, gia \u0111\u00ecnh, kh\u00e1ch s\u1ea1n\u2026<\/p>\n<h3>Xu\u1ea5t x\u1ee9: Th\u00e1i Lan<\/h3>\n<div><\/div>\n","protected":false},"excerpt":{"rendered":"<p style=\"text-align: center;\">C\u00f4ng ngh\u1ec7 v\u1eaby tay kh\u00f4ng ch\u1ea1m Air Swiper<br \/>\n\u0110i\u1ec1u khi\u1ec3n c\u1ea3m \u1ee9ng Control Touch th\u00f4ng minh<br \/>\nH\u1ec7 th\u1ed1ng chi\u1ebfu s\u00e1ng 2 \u0111\u00e8n LED<br \/>\nPhin l\u1ecdc d\u1ec5 d\u00e0ng v\u1ec7 sinh<br \/>\nCh\u1ebf \u0111\u1ed9 kh\u1eed m\u00f9i tr\u1ef1c ti\u1ebfp ho\u1eb7c qua than ho\u1ea1t t\u00ednh<br \/>\nMotor turbo si\u00eau kh\u1ecfe<\/p>\n","protected":false},"featured_media":22472,"comment_status":"open","ping_status":"closed","template":"","meta":[],"product_brand":[],"product_cat":[84,89,593,585],"product_tag":[197,86,91,594,588],"class_list":{"0":"post-7946","1":"product","2":"type-product","3":"status-publish","4":"has-post-thumbnail","6":"product_cat-may-hut-mui","7":"product_cat-may-hut-mui-gan-tuong","8":"product_cat-may-hut-mui-pramie","9":"product_cat-thuong-hieu-pramie","10":"product_tag-may-hut-ap-tuong","11":"product_tag-may-hut-mui","12":"product_tag-may-hut-mui-ap-tuong","13":"product_tag-may-hut-mui-pramie","14":"product_tag-pramie","16":"first","17":"instock","18":"sale","19":"shipping-taxable","20":"purchasable","21":"product-type-simple"},"_links":{"self":[{"href":"https:\/\/livinghome.vn\/thiet-bi\/wp-json\/wp\/v2\/product\/7946","targetHints":{"allow":["GET"]}}],"collection":[{"href":"https:\/\/livinghome.vn\/thiet-bi\/wp-json\/wp\/v2\/product"}],"about":[{"href":"https:\/\/livinghome.vn\/thiet-bi\/wp-json\/wp\/v2\/types\/product"}],"replies":[{"embeddable":true,"href":"https:\/\/livinghome.vn\/thiet-bi\/wp-json\/wp\/v2\/comments?post=7946"}],"wp:featuredmedia":[{"embeddable":true,"href":"https:\/\/livinghome.vn\/thiet-bi\/wp-json\/wp\/v2\/media\/22472"}],"wp:attachment":[{"href":"https:\/\/livinghome.vn\/thiet-bi\/wp-json\/wp\/v2\/media?parent=7946"}],"wp:term":[{"taxonomy":"product_brand","embeddable":true,"href":"https:\/\/livinghome.vn\/thiet-bi\/wp-json\/wp\/v2\/product_brand?post=7946"},{"taxonomy":"product_cat","embeddable":true,"href":"https:\/\/livinghome.vn\/thiet-bi\/wp-json\/wp\/v2\/product_cat?post=7946"},{"taxonomy":"product_tag","embeddable":true,"href":"https:\/\/livinghome.vn\/thiet-bi\/wp-json\/wp\/v2\/product_tag?post=7946"}],"curies":[{"name":"wp","href":"https:\/\/api.w.org\/{rel}","templated":true}]}}