{"id":7912,"date":"2023-02-20T09:53:55","date_gmt":"2023-02-20T09:53:55","guid":{"rendered":"https:\/\/livinghome.vn\/thiet-bi\/?post_type=product&#038;p=7912"},"modified":"2024-11-29T14:19:16","modified_gmt":"2024-11-29T07:19:16","slug":"bep-tu-pramie-prth-2209-73cm-2-tu","status":"publish","type":"product","link":"https:\/\/livinghome.vn\/thiet-bi\/bep-tu-pramie-prth-2209-73cm-2-tu\/","title":{"rendered":"B\u1ebfp T\u1eeb Pramie PRTH 2209 73CM 2 T\u1eeb K\u00ednh Siam Ceran"},"content":{"rendered":"<h3>B\u1ebfp t\u1eeb Pramie PRTH-2209 l\u00e0 d\u00f2ng b\u1ebfp t\u1eeb hi\u1ec7n \u0111\u1ea1i \u0111\u01b0\u1ee3c nh\u1eadp kh\u1ea9u nguy\u00ean chi\u1ebfc t\u1eeb Th\u00e1i Lan, b\u1ebfp \u0111\u01b0\u1ee3c thi\u1ebft k\u1ebf kh\u00e1 \u0111\u1eb9p m\u1eaft v\u1edbi ki\u1ec3u d\u00e1ng mang \u0111\u1eadm phong c\u00e1ch ch\u00e2u \u00c2u, c\u00f9ng vi\u1ec7c s\u1eed d\u1ee5ng c\u00f4ng ngh\u1ec7 hi\u1ec7n \u0111\u1ea1i th\u00f4ng minh gi\u00fap b\u1ea1n \u0111un n\u1ea5u nhanh ch\u1ec9 trong t\u00edch t\u1eafc, ti\u1ebft ki\u1ec7m \u0111i\u1ec7n n\u0103ng v\u00e0 v\u00f4 c\u00f9ng an to\u00e0n khi s\u1eed d\u1ee5ng.<\/h3>\n<p>M\u1eb7t k\u00ednh: b\u1ebfp t\u1eeb Pramie PRTH 2209 s\u1eed d\u1ee5ng m\u1eb7t k\u00ednh Siam Ceran \u0111\u01b0\u1ee3c l\u00e0m t\u1eeb ch\u1ea5t li\u1ec7u g\u1ed1m th\u1ee7y tinh, \u0110\u00e2y l\u00e0 m\u1eb7t k\u00ednh chuy\u00ean d\u1ee5ng d\u00e0nh cho b\u1ebfp \u0111i\u1ec7n t\u1eeb, l\u00e0 m\u1ed9t lo\u1ea1i k\u00ednh c\u00f3 ch\u1ea5t l\u01b0\u1ee3ng cao, r\u1ea5t c\u1ee9ng, b\u1ec1n v\u00e0 c\u00f3 nhi\u1ec1u \u0111\u1eb7c \u0111i\u1ec3m n\u1ed5i tr\u1ed9i nh\u01b0 : kh\u1ea3 n\u0103ng ch\u1ecbu nhi\u1ec7t, kh\u1ea3 n\u0103ng ch\u1ed1ng tr\u1ea7y x\u01b0\u1edbc v\u00e0 ch\u1ed1ng va \u0111\u1eadp &#8230;. M\u1eb7t k\u00ednh b\u1ebfp t\u1eeb pramie g\u1ed3m c\u00e1c th\u1ea5u k\u00ednh h\u1ed9i t\u1ee5, truy\u1ec1n nhi\u1ec7t t\u1eeb b\u1ebfp l\u00ean \u0111\u00e1y n\u1ed3i theo ph\u01b0\u01a1ng th\u1eb3ng \u0111\u1ee9ng , kh\u00f4ng th\u1ea5t tho\u00e1t nhi\u1ec7t ra m\u00f4i tr\u01b0\u1eddng. M\u1eb7t k\u00ednh m\u00e0u x\u00e1m li\u1ec1n nguy\u00ean kh\u1ed1i, an to\u00e0n, th\u1ea9m m\u1ef9 v\u00e0 ti\u1ec7n trong vi\u1ec7c v\u1ec7 sinh, lau ch\u00f9i. M\u1eb7t b\u1ebfp t\u1ea3n nhi\u1ec7t nhanh v\u00e0 \u0111\u01b0\u1ee3c c\u00e1ch \u0111i\u1ec7n an to\u00e0n v\u1edbi c\u00e1c linh ki\u1ec7n \u0111i\u1ec7n t\u1eed b\u00ean trong th\u00e2n. B\u1ea1n c\u00f3 th\u1ec3 y\u00ean t\u00e2m s\u1eed d\u1ee5ng m\u00e0 kh\u00f4ng lo b\u1ecb b\u1ecfng hay \u0111i\u1ec7n gi\u1eadt.<\/p>\n<figure id=\"attachment_7913\" aria-describedby=\"caption-attachment-7913\" style=\"width: 900px\" class=\"wp-caption alignnone\"><img loading=\"lazy\" decoding=\"async\" class=\"wp-image-7913 size-full\" src=\"https:\/\/livinghome.vn\/thiet-bi\/wp-content\/uploads\/nha-bep\/pramie\/bep-tu\/bep-tu-pramie-prth-2209\/bep-tu-pramie-prth-2209.jpg\" alt=\"B\u1ebfp t\u1eeb Pramie PRTH 2209\" width=\"900\" height=\"900\" title=\"\" srcset=\"https:\/\/livinghome.vn\/thiet-bi\/wp-content\/uploads\/nha-bep\/pramie\/bep-tu\/bep-tu-pramie-prth-2209\/bep-tu-pramie-prth-2209.jpg 900w, https:\/\/livinghome.vn\/thiet-bi\/wp-content\/uploads\/nha-bep\/pramie\/bep-tu\/bep-tu-pramie-prth-2209\/bep-tu-pramie-prth-2209-300x300.jpg 300w, https:\/\/livinghome.vn\/thiet-bi\/wp-content\/uploads\/nha-bep\/pramie\/bep-tu\/bep-tu-pramie-prth-2209\/bep-tu-pramie-prth-2209-100x100.jpg 100w, https:\/\/livinghome.vn\/thiet-bi\/wp-content\/uploads\/nha-bep\/pramie\/bep-tu\/bep-tu-pramie-prth-2209\/bep-tu-pramie-prth-2209-600x600.jpg 600w, https:\/\/livinghome.vn\/thiet-bi\/wp-content\/uploads\/nha-bep\/pramie\/bep-tu\/bep-tu-pramie-prth-2209\/bep-tu-pramie-prth-2209-400x400.jpg 400w, https:\/\/livinghome.vn\/thiet-bi\/wp-content\/uploads\/nha-bep\/pramie\/bep-tu\/bep-tu-pramie-prth-2209\/bep-tu-pramie-prth-2209-800x800.jpg 800w, https:\/\/livinghome.vn\/thiet-bi\/wp-content\/uploads\/nha-bep\/pramie\/bep-tu\/bep-tu-pramie-prth-2209\/bep-tu-pramie-prth-2209-280x280.jpg 280w, https:\/\/livinghome.vn\/thiet-bi\/wp-content\/uploads\/nha-bep\/pramie\/bep-tu\/bep-tu-pramie-prth-2209\/bep-tu-pramie-prth-2209-768x768.jpg 768w\" sizes=\"auto, (max-width: 900px) 100vw, 900px\" \/><figcaption id=\"caption-attachment-7913\" class=\"wp-caption-text\">B\u1ebfp t\u1eeb Pramie PRTH 2209<\/figcaption><\/figure>\n<p>B\u1ebfp t\u1eeb Pramie PRTH 2209 s\u1eed d\u1ee5ng b\u1ea3ng \u0111i\u1ec1u khi\u1ec3n c\u1ea3m \u1ee9ng hi\u1ec7n \u0111\u1ea1i v\u1edbi 9 c\u1ea5p \u0111\u1ed9 c\u00f4ng su\u1ea5t nhi\u1ec7t \u0111\u1ed9 kh\u00e1c nhau, \u0111i\u1ec1u khi\u1ec3n d\u1ec5 d\u00e0ng b\u1eb1ng m\u1ed9t ng\u00f3n tay, m\u1ecdi ch\u01b0\u01a1ng tr\u00ecnh n\u1ea5u \u0111\u1ec1u \u0111\u01b0\u1ee3c hi\u1ec3n th\u1ecb qua \u0111\u00e8n Led s\u1eafc n\u00e9t \u0111\u1ec3 b\u1ea1n \u0111i\u1ec1u ch\u1ec9nh cho ph\u00f9 h\u1ee3p v\u1edbi c\u00e1c m\u00f3n \u0103n. Ngo\u00e0i ra b\u1ebfp c\u00f2n \u0111\u01b0\u1ee3c trang b\u1ecb th\u00eam t\u00ednh n\u0103ng t\u1ea1m d\u1eebng tr\u00ean v\u00f9ng n\u1ea5u t\u1eeb. T\u00ednh n\u0103ng t\u1ea1m d\u1eebng Pause tr\u00ean v\u00f9ng n\u1ea5u t\u1eeb: trong qu\u00e1 tr\u00ecnh n\u1ea5u n\u01b0\u1edbng b\u1ea1n c\u00f3 vi\u00eac c\u1ea7n r\u1eddi kh\u1ecfi b\u1ebfp n\u1ea5u m\u1ed9t th\u1eddi gian b\u1ea1n b\u1ea5m ph\u00edm n\u00e0y b\u1ebfp s\u1ebd t\u1ea1m d\u1eebng, khi tr\u1edf l\u1ea1i b\u1ebfp b\u1ea1n ch\u1ec9 c\u1ea7n b\u1ea5m l\u1ea1i v\u00e0o ph\u00edm n\u00e0y b\u1ebfp s\u1ebd ho\u1ea1t \u0111\u1ed9ng tr\u1edf l\u1ea1i theo \u0111ung m\u1ee9c c\u00f4ng su\u1ea5t b\u1ea1n \u0111ang \u0111un n\u1ea5u tr\u01b0\u1edbc khi t\u1ea1m d\u1eebng.<\/p>\n<h3>T\u00ednh n\u0103ng c\u01a1 b\u1ea3n<\/h3>\n<ul>\n<li><a href=\"https:\/\/livinghome.vn\/thiet-bi\/bep-tu\/\">B\u1ebfp t\u1eeb<\/a><\/li>\n<li>C\u1ea3nh b\u00e1o nhi\u1ec7t d\u01b0 v\u00f9ng n\u1ea5u Residual heat: khi t\u1eaft b\u1ebfp m\u1eb7t b\u1ebfp c\u00f2n r\u1ea5t n\u00f3ng nh\u1ea5t l\u00e0 b\u00ean v\u00f9ng n\u1ea5u h\u1ed3ng ngo\u1ea1i, nh\u1edd ch\u1ee9c n\u0103ng n\u00e0y b\u1ea1n s\u1ebd bi\u1ebft m\u1eb7t b\u1ebfp n\u00f3ng v\u00e0 kh\u00f4ng v\u1ed9i v\u00e0ng lau ch\u00f9i m\u1eb7t b\u1ebfp.<\/li>\n<li>T\u1ef1 \u0111\u1ed9ng t\u1eaft b\u1ebfp khi \u0111\u1ec3 qu\u00ean<\/li>\n<li>T\u1ef1 \u0111\u1ed9ng t\u1eaft b\u1ebfp khi kh\u00f4ng c\u00f3 n\u1ed3i<\/li>\n<li>H\u1ec7 th\u1ed1ng b\u1ea3o v\u1ec7 an to\u00e0n qu\u00e1 nhi\u1ec7t, qu\u00e1 \u00e1p: \u0111\u1ea3m b\u1ea3o an to\u00e0n cho ngu\u1ed3n \u0111i\u1ec7n n\u0103ng c\u1ee7a gia \u0111\u00ecnh b\u1ea1n.<\/li>\n<li>Ch\u1ebf \u0111\u1ed9 h\u1eb9n gi\u1edd th\u00f4ng minh<\/li>\n<li>Kh\u00f3a an to\u00e0n tr\u1ebb em Child lock<\/li>\n<\/ul>\n<h3>Th\u00f4ng s\u1ed1 k\u1ef9 thu\u1eadt<\/h3>\n<ul>\n<li>B\u1ebfp s\u1eed d\u1ee5ng m\u1eb7t k\u00ednh siam Ceran (Th\u00e1i Lan )<\/li>\n<li>B\u1ea3ng \u0111i\u1ec1u khi\u1ec3n d\u1ea1ng Touch Slider<\/li>\n<li>V\u1edbi c\u00e1c t\u00ednh n\u0103ng Booster , t\u1ea1m d\u1eebng Pause, C\u00f4ng ngh\u1ec7 Inverter<\/li>\n<li>T\u1ed5ng c\u00f4ng su\u1ea5t: 4.4kW<\/li>\n<li>K\u00edch th\u01b0\u1edbc m\u1eb7t k\u00ednh : 730x430mm<\/li>\n<li>K\u00edch th\u01b0\u1edbc kho\u00e9t \u0111\u00e1 : 708 x 400 mm<\/li>\n<\/ul>\n<p>B\u1ebfp t\u1eeb Pramie PRTH 2209 kh\u00f4ng s\u1eed d\u1ee5ng l\u1eeda \u0111\u1ec3 l\u00e0m ch\u00edn th\u1ee9c \u0103n v\u00e0 d\u00f9ng n\u0103ng l\u01b0\u1ee3ng c\u1ea3m \u1ee9ng t\u1eeb, v\u00ec th\u1ebf hi\u1ec7u su\u1ea5t n\u1ea5u \u0111\u1ea1t t\u1edbi 90%, trong khi b\u1ebfp gas ch\u1ec9 \u0111\u1ea1t kho\u1ea3ng 50%. B\u1edfi v\u1eady, s\u1eed d\u1ee5ng b\u1ebfp t\u1eeb n\u00e0y kh\u00f4ng nh\u1eefng gi\u00fap b\u1ea1n ti\u1ebft ki\u1ec7m th\u1eddi gian n\u1ea5u m\u1ed9t n\u1eeda m\u00e0 c\u00f2n ti\u1ebft ki\u1ec7m \u0111i\u1ec7n n\u0103ng, ti\u1ebft ki\u1ec7m chi ph\u00ed h\u00e0ng th\u00e1ng cho gia \u0111\u00ecnh.\u01afu \u0111i\u1ec3m n\u1ed5i b\u1eadt c\u1ee7a b\u1ebfp t\u1eeb l\u00e0 kh\u1ea3 n\u0103ng \u0111un n\u1ea5u c\u1ef1c nhanh v\u1edbi nguy\u00ean l\u00fd ho\u1ea1t \u0111\u1ed9ng c\u1ee7a s\u00f3ng t\u1eeb t\u00e1c \u0111\u1ed9ng vu\u00f4ng g\u00f3c v\u1edbi \u0111\u00e1y n\u1ed3i gi\u00fap ti\u1ebft ki\u1ec7m th\u1eddi gian \u0111un n\u1ea5u \u0111\u1ebfn t\u1ed1i \u0111a.<\/p>\n<h3>Xu\u1ea5t x\u1ee9: Th\u00e1i Lan<\/h3>\n<div><\/div>\n","protected":false},"excerpt":{"rendered":"<ul>\n<li>B\u1ebfp k\u00ednh \u00e2m 2 t\u1eeb<\/li>\n<li>K\u00edch th\u01b0\u1edbc: 730x430mm<\/li>\n<li>K\u00edch th\u01b0\u1edbc c\u1eaft \u0111\u00e1: 708x398mm<\/li>\n<li>\u0110i\u1ec7n \u00e1p: 220-240V, 50-60Hz<\/li>\n<li>C\u00f4ng su\u1ea5t: 2200W + 2200W<\/li>\n<li>Booster: 3000W<\/li>\n<li>M\u1eb7t k\u00ednh SIAM CERAN<\/li>\n<li>\u0110i\u1ec1u khi\u1ec3n c\u1ea3m \u1ee9ng Slider 9 m\u1ee9c si\u00eau m\u01b0\u1ee3t<\/li>\n<li>C\u00f4ng ngh\u1ec7 Inverter th\u00f4ng minh ti\u1ebft ki\u1ec7m \u0111i\u1ec7n<\/li>\n<li>Ch\u1ee9c n\u0103ng t\u1ea1m d\u1eebng ( Stop &amp; Go )<\/li>\n<li>Ch\u1ee9c n\u0103ng h\u00e2m n\u00f3ng<\/li>\n<li>Ch\u1ee9c n\u0103ng h\u1eb9n gi\u1edd n\u1ea5u<\/li>\n<\/ul>\n","protected":false},"featured_media":12287,"comment_status":"open","ping_status":"closed","template":"","meta":[],"product_brand":[],"product_cat":[745,794,813,796,799,811,816,807,75,795,586,585],"product_tag":[310,76,168,111,587,588],"class_list":{"0":"post-7912","1":"product","2":"type-product","3":"status-publish","4":"has-post-thumbnail","6":"product_cat-bep-dien-tu","7":"product_cat-bep-2-tu","8":"product_cat-bep-dien-tu-chung-cu","9":"product_cat-bep-dien-tu-doi","10":"product_cat-bep-dien-tu-hinh-chu-nhat","11":"product_cat-bep-dien-tu-thai-lan","12":"product_cat-bep-dien-tu-thoi-trang","13":"product_cat-bep-dien-tu-tiet-kiem-dien","14":"product_cat-bep-tu","15":"product_cat-bep-tu-doi","16":"product_cat-bep-tu-pramie","17":"product_cat-thuong-hieu-pramie","18":"product_tag-bep-nau","19":"product_tag-bep-tu","20":"product_tag-bep-tu-am","21":"product_tag-bep-tu-doi","22":"product_tag-bep-tu-pramie","23":"product_tag-pramie","25":"first","26":"instock","27":"sale","28":"shipping-taxable","29":"purchasable","30":"product-type-simple"},"_links":{"self":[{"href":"https:\/\/livinghome.vn\/thiet-bi\/wp-json\/wp\/v2\/product\/7912","targetHints":{"allow":["GET"]}}],"collection":[{"href":"https:\/\/livinghome.vn\/thiet-bi\/wp-json\/wp\/v2\/product"}],"about":[{"href":"https:\/\/livinghome.vn\/thiet-bi\/wp-json\/wp\/v2\/types\/product"}],"replies":[{"embeddable":true,"href":"https:\/\/livinghome.vn\/thiet-bi\/wp-json\/wp\/v2\/comments?post=7912"}],"wp:featuredmedia":[{"embeddable":true,"href":"https:\/\/livinghome.vn\/thiet-bi\/wp-json\/wp\/v2\/media\/12287"}],"wp:attachment":[{"href":"https:\/\/livinghome.vn\/thiet-bi\/wp-json\/wp\/v2\/media?parent=7912"}],"wp:term":[{"taxonomy":"product_brand","embeddable":true,"href":"https:\/\/livinghome.vn\/thiet-bi\/wp-json\/wp\/v2\/product_brand?post=7912"},{"taxonomy":"product_cat","embeddable":true,"href":"https:\/\/livinghome.vn\/thiet-bi\/wp-json\/wp\/v2\/product_cat?post=7912"},{"taxonomy":"product_tag","embeddable":true,"href":"https:\/\/livinghome.vn\/thiet-bi\/wp-json\/wp\/v2\/product_tag?post=7912"}],"curies":[{"name":"wp","href":"https:\/\/api.w.org\/{rel}","templated":true}]}}