{"id":7908,"date":"2023-02-20T09:09:55","date_gmt":"2023-02-20T09:09:55","guid":{"rendered":"https:\/\/livinghome.vn\/thiet-bi\/?post_type=product&#038;p=7908"},"modified":"2024-11-29T14:19:17","modified_gmt":"2024-11-29T07:19:17","slug":"bep-tu-pramie-prmy-2208","status":"publish","type":"product","link":"https:\/\/livinghome.vn\/thiet-bi\/bep-tu-pramie-prmy-2208\/","title":{"rendered":"B\u1ebfp t\u1eeb Pramie PRMY 2208 c\u00f4ng ngh\u1ec7 m\u1edbi ti\u1ebft ki\u1ec7m \u0111i\u1ec7n"},"content":{"rendered":"<h3>B\u1ebfp t\u1eeb \u0111\u00f4i PRMY-2208 B\u1ebfp \u00e2m 2 v\u00f9ng n\u1ea5u sang tr\u1ecdng, c\u00f3 th\u1ec3 \u0111\u1ec3 b\u1ebfp d\u01b0\u01a1ng, thi\u1ebft k\u1ebf l\u1eb7p \u00e2m, ti\u1ebft ki\u1ec7m kh\u00f4ng gian b\u1ebfp, ti\u1ebft ki\u1ec7m \u0111i\u1ec7n n\u0103ng, an to\u00e0n v\u00e0 d\u1ec5 s\u1eed d\u1ee5ng<\/h3>\n<figure id=\"attachment_7902\" aria-describedby=\"caption-attachment-7902\" style=\"width: 900px\" class=\"wp-caption alignnone\"><img loading=\"lazy\" decoding=\"async\" class=\"wp-image-7902 size-full\" src=\"https:\/\/livinghome.vn\/thiet-bi\/wp-content\/uploads\/nha-bep\/pramie\/bep-tu\/bep-tu-pramie-prmy-2208\/bep-tu-pramie-prmy-2208-4.jpg\" alt=\"B\u1ebfp t\u1eeb Pramie PRMY 2208\" width=\"900\" height=\"900\" title=\"\" srcset=\"https:\/\/livinghome.vn\/thiet-bi\/wp-content\/uploads\/nha-bep\/pramie\/bep-tu\/bep-tu-pramie-prmy-2208\/bep-tu-pramie-prmy-2208-4.jpg 900w, https:\/\/livinghome.vn\/thiet-bi\/wp-content\/uploads\/nha-bep\/pramie\/bep-tu\/bep-tu-pramie-prmy-2208\/bep-tu-pramie-prmy-2208-4-300x300.jpg 300w, https:\/\/livinghome.vn\/thiet-bi\/wp-content\/uploads\/nha-bep\/pramie\/bep-tu\/bep-tu-pramie-prmy-2208\/bep-tu-pramie-prmy-2208-4-100x100.jpg 100w, https:\/\/livinghome.vn\/thiet-bi\/wp-content\/uploads\/nha-bep\/pramie\/bep-tu\/bep-tu-pramie-prmy-2208\/bep-tu-pramie-prmy-2208-4-600x600.jpg 600w, https:\/\/livinghome.vn\/thiet-bi\/wp-content\/uploads\/nha-bep\/pramie\/bep-tu\/bep-tu-pramie-prmy-2208\/bep-tu-pramie-prmy-2208-4-400x400.jpg 400w, https:\/\/livinghome.vn\/thiet-bi\/wp-content\/uploads\/nha-bep\/pramie\/bep-tu\/bep-tu-pramie-prmy-2208\/bep-tu-pramie-prmy-2208-4-800x800.jpg 800w, https:\/\/livinghome.vn\/thiet-bi\/wp-content\/uploads\/nha-bep\/pramie\/bep-tu\/bep-tu-pramie-prmy-2208\/bep-tu-pramie-prmy-2208-4-280x280.jpg 280w, https:\/\/livinghome.vn\/thiet-bi\/wp-content\/uploads\/nha-bep\/pramie\/bep-tu\/bep-tu-pramie-prmy-2208\/bep-tu-pramie-prmy-2208-4-768x768.jpg 768w\" sizes=\"auto, (max-width: 900px) 100vw, 900px\" \/><figcaption id=\"caption-attachment-7902\" class=\"wp-caption-text\">B\u1ebfp t\u1eeb Pramie PRMY 2208<\/figcaption><\/figure>\n<p>B\u1ebfp t\u1eeb \u0111\u00f4i PRMY-2208 gi\u00fap ng\u1eafn th\u1eddi gian n\u1ea5u v\u00e0 ti\u1ebft ki\u1ec7m \u0111i\u1ec7n n\u0103ng nh\u1edd c\u00f4ng su\u1ea5t t\u1ed1i \u0111a \u0111\u1ea1t 4400W. M\u1ed7i v\u00f9ng n\u1ea5u cho c\u00f4ng su\u1ea5t 2200W v\u00e0 \u1edf ch\u1ee9c n\u0103ng Booster gi\u00fap gia nhi\u1ec7t nhanh \u0111\u1ea1t t\u1edbi 3000W. V\u1edbi m\u00e2m n\u1ea5u E.G.O (\u0110\u1ee9c) cao c\u1ea5p, c\u00f4ng ngh\u1ec7 Inverter gi\u1ea3m hao ph\u00ed \u0111i\u1ec7n n\u0103ng.<\/p>\n<figure id=\"attachment_7906\" aria-describedby=\"caption-attachment-7906\" style=\"width: 900px\" class=\"wp-caption alignnone\"><img loading=\"lazy\" decoding=\"async\" class=\"wp-image-7906 size-full\" src=\"https:\/\/livinghome.vn\/thiet-bi\/wp-content\/uploads\/nha-bep\/pramie\/bep-tu\/bep-tu-pramie-prmy-2208\/bep-tu-pramie-prmy-2208-6.jpg\" alt=\"B\u1ebfp t\u1eeb Pramie PRMY 2208\" width=\"900\" height=\"900\" title=\"\" srcset=\"https:\/\/livinghome.vn\/thiet-bi\/wp-content\/uploads\/nha-bep\/pramie\/bep-tu\/bep-tu-pramie-prmy-2208\/bep-tu-pramie-prmy-2208-6.jpg 900w, https:\/\/livinghome.vn\/thiet-bi\/wp-content\/uploads\/nha-bep\/pramie\/bep-tu\/bep-tu-pramie-prmy-2208\/bep-tu-pramie-prmy-2208-6-300x300.jpg 300w, https:\/\/livinghome.vn\/thiet-bi\/wp-content\/uploads\/nha-bep\/pramie\/bep-tu\/bep-tu-pramie-prmy-2208\/bep-tu-pramie-prmy-2208-6-100x100.jpg 100w, https:\/\/livinghome.vn\/thiet-bi\/wp-content\/uploads\/nha-bep\/pramie\/bep-tu\/bep-tu-pramie-prmy-2208\/bep-tu-pramie-prmy-2208-6-600x600.jpg 600w, https:\/\/livinghome.vn\/thiet-bi\/wp-content\/uploads\/nha-bep\/pramie\/bep-tu\/bep-tu-pramie-prmy-2208\/bep-tu-pramie-prmy-2208-6-400x400.jpg 400w, https:\/\/livinghome.vn\/thiet-bi\/wp-content\/uploads\/nha-bep\/pramie\/bep-tu\/bep-tu-pramie-prmy-2208\/bep-tu-pramie-prmy-2208-6-800x800.jpg 800w, https:\/\/livinghome.vn\/thiet-bi\/wp-content\/uploads\/nha-bep\/pramie\/bep-tu\/bep-tu-pramie-prmy-2208\/bep-tu-pramie-prmy-2208-6-280x280.jpg 280w, https:\/\/livinghome.vn\/thiet-bi\/wp-content\/uploads\/nha-bep\/pramie\/bep-tu\/bep-tu-pramie-prmy-2208\/bep-tu-pramie-prmy-2208-6-768x768.jpg 768w\" sizes=\"auto, (max-width: 900px) 100vw, 900px\" \/><figcaption id=\"caption-attachment-7906\" class=\"wp-caption-text\">B\u1ebfp t\u1eeb Pramie PRMY 2208<\/figcaption><\/figure>\n<p>B\u1ebfp t\u1eeb \u0111\u00f4i PRMY-2208 v\u1edbi thi\u1ebft k\u1ebf tinh t\u1ebf, l\u1eafp \u0111\u1eb7t \u00e2m g\u1ecdn g\u00e0ng. Gi\u00fap t\u0103ng t\u00ednh th\u1ea9m m\u1ef9 v\u00e0 kh\u00f4ng gian tr\u1ed1ng trong c\u0103n b\u1ebfp hi\u1ec7n \u0111\u1ea1i. \u0110\u1eb7c bi\u1ec7t l\u00e0 c\u00f3 th\u1ec3 n\u1ea5u \u0111\u01b0\u1ee3c 2 m\u00f3n \u0103n c\u00f9ng 1 l\u00fac nh\u1edd thi\u1ebft k\u1ebf l\u1eafp \u0111\u1eb7t 2 v\u00f9ng n\u1ea5u. Ch\u1ee9c n\u0103ng h\u1eb9n gi\u1edd c\u00f3 th\u1ec3 l\u00ean \u0111\u1ebfn 3 ti\u1ebfng, \u0111\u01b0\u1ee3c t\u00f9y ch\u1ecdn th\u1eddi gian n\u1ea5u \u0111\u1ec3 l\u00e0m nhi\u1ec1u vi\u1ec7c kh\u00e1c.<\/p>\n<h3>T\u00ednh n\u0103ng c\u01a1 b\u1ea3n<\/h3>\n<ul>\n<li><a href=\"https:\/\/livinghome.vn\/thiet-bi\/bep-tu\/\">B\u1ebfp t\u1eeb<\/a><\/li>\n<li>B\u1ebfp \u00e2m 2 v\u00f9ng n\u1ea5u sang tr\u1ecdng, c\u00f3 th\u1ec3 \u0111\u1ec3 b\u1ebfp d\u01b0\u01a1ng<\/li>\n<li>Thi\u1ebft k\u1ebf l\u1eb7p \u00e2m, ti\u1ebft ki\u1ec7m kh\u00f4ng gian b\u1ebfp<\/li>\n<li>T\u1ed5ng c\u00f4ng su\u1ea5t 4400W khi b\u1eadt c\u00f9ng l\u00fac 2 b\u1ebfp<\/li>\n<li>Ch\u1ee9c n\u0103ng Booster t\u0103ng t\u1ed1c \u0111\u1ebfn 3000W\/ b\u1ebfp ( \u0111ung n\u1ee9c s\u00f4i trong v\u00f2ng 3 ph\u00fat<\/li>\n<li>C\u00f4ng ngh\u1ec7 Inverter ti\u1ebft khi\u1ec7m \u0111i\u1ec7n n\u0103ng<\/li>\n<li>H\u1eb9n gi\u1edd t\u1ed1i \u0111a 3h \u0111\u1ed3ng h\u1ed3, ch\u1ee7 \u0111\u1ed9ng th\u1eddi gian<\/li>\n<li>\u0110i\u1ec1u khi\u1ec3n c\u1ea3m \u1ee9ng tr\u01b0\u1ee3t nh\u1ea1y b\u00e9n, c\u00f3 m\u00e0n h\u00ecnh hi\u1ec3n th\u1ecb r\u00f5 n\u00e9t, d\u1ec5 quan s\u00e1t<\/li>\n<li>Ch\u1ea5t l\u01b0\u1ee3ng m\u1eb7t k\u00ednh K+ (Ph\u00e1p) ch\u1ecbu nhi\u1ec7t \u0111\u1ed9 \u1edf m\u1ee9c 800 \u0111\u1ed9 C, ch\u1ecbu tr\u1ecdng l\u1ef1c 10kg, kh\u1ea3 n\u0103ng ch\u1ed1ng s\u1ed1c nhi\u1ec7t \u0111\u1ebfn 600 \u0111\u1ed9 C, c\u00f3 kh\u1ea3 n\u0103ng ch\u1ed1ng tr\u1ea7y, d\u1ec5 lau ch\u00f9i v\u1ec7 sinh<\/li>\n<li>Kh\u00f3a an to\u00e0n tr\u1ebb em<\/li>\n<li>Ch\u1ee9c n\u0103ng t\u1ea1m d\u1eebng b\u1ebfp<\/li>\n<li>Kh\u00f3a b\u1ea3ng \u0111i\u1ec1u khi\u1ec3n, t\u1ef1 nh\u1eadn di\u1ec7n \u0111\u00e1y n\u1ed3i v\u00e0 t\u1ef1 ng\u1eaft khi b\u1ebfp n\u00f3ng qu\u00e1 t\u1ea3i \u0111\u1ea3m b\u1ea3o an to\u00e0n cho ng\u01b0\u1eddi s\u1eed d\u1ee5ng<\/li>\n<\/ul>\n<h3>Th\u00f4ng s\u1ed1 k\u1ef9 thu\u1eadt<\/h3>\n<ul>\n<li>Lo\u1ea1i b\u1ebfp: B\u1ebfp t\u1eeb \u0111\u00f4i, B\u1ebfp \u00e2m c\u1ea7n l\u1eafp CB<\/li>\n<li>T\u1ed5ng c\u00f4ng su\u1ea5t: 4400W<\/li>\n<li>C\u00f4ng su\u1ea5t v\u00f9ng n\u1ea5u: Tr\u00e1i: 2200\/3000W \u2013 Ph\u1ea3i: 2200\/3000W<\/li>\n<li>\u0110i\u1ec7n \u00e1p: 220V\/50 Hz<\/li>\n<li>K\u00edch th\u01b0\u1edbc v\u00f9ng n\u1ea5u: Tr\u00e1i: \u00d820.5 cm \u2013 Ph\u1ea3i: \u00d820.5 cm<\/li>\n<li>K\u00edch th\u01b0\u1edbc, kh\u1ed1i l\u01b0\u1ee3ng: Ngang 73 cm \u2013 D\u1ecdc 43 cm \u2013 Cao 5.2 cm \u2013 N\u1eb7ng 9 kg<\/li>\n<li>K\u00edch th\u01b0\u1edbc l\u1ed7 \u0111\u00e1: Ngang 68 cm \u2013 D\u1ecdc 39 cm<\/li>\n<li>Chi\u1ec1u d\u00e0i d\u00e2y \u0111i\u1ec7n: 120 cm<\/li>\n<\/ul>\n<figure id=\"attachment_7907\" aria-describedby=\"caption-attachment-7907\" style=\"width: 900px\" class=\"wp-caption alignnone\"><img loading=\"lazy\" decoding=\"async\" class=\"wp-image-7907 size-full\" src=\"https:\/\/livinghome.vn\/thiet-bi\/wp-content\/uploads\/nha-bep\/pramie\/bep-tu\/bep-tu-pramie-prmy-2208\/bep-tu-pramie-prmy-2208-3.jpg\" alt=\"B\u1ebfp t\u1eeb Pramie PRMY 2208\" width=\"900\" height=\"900\" title=\"\" srcset=\"https:\/\/livinghome.vn\/thiet-bi\/wp-content\/uploads\/nha-bep\/pramie\/bep-tu\/bep-tu-pramie-prmy-2208\/bep-tu-pramie-prmy-2208-3.jpg 900w, https:\/\/livinghome.vn\/thiet-bi\/wp-content\/uploads\/nha-bep\/pramie\/bep-tu\/bep-tu-pramie-prmy-2208\/bep-tu-pramie-prmy-2208-3-300x300.jpg 300w, https:\/\/livinghome.vn\/thiet-bi\/wp-content\/uploads\/nha-bep\/pramie\/bep-tu\/bep-tu-pramie-prmy-2208\/bep-tu-pramie-prmy-2208-3-100x100.jpg 100w, https:\/\/livinghome.vn\/thiet-bi\/wp-content\/uploads\/nha-bep\/pramie\/bep-tu\/bep-tu-pramie-prmy-2208\/bep-tu-pramie-prmy-2208-3-600x600.jpg 600w, https:\/\/livinghome.vn\/thiet-bi\/wp-content\/uploads\/nha-bep\/pramie\/bep-tu\/bep-tu-pramie-prmy-2208\/bep-tu-pramie-prmy-2208-3-400x400.jpg 400w, https:\/\/livinghome.vn\/thiet-bi\/wp-content\/uploads\/nha-bep\/pramie\/bep-tu\/bep-tu-pramie-prmy-2208\/bep-tu-pramie-prmy-2208-3-800x800.jpg 800w, https:\/\/livinghome.vn\/thiet-bi\/wp-content\/uploads\/nha-bep\/pramie\/bep-tu\/bep-tu-pramie-prmy-2208\/bep-tu-pramie-prmy-2208-3-280x280.jpg 280w, https:\/\/livinghome.vn\/thiet-bi\/wp-content\/uploads\/nha-bep\/pramie\/bep-tu\/bep-tu-pramie-prmy-2208\/bep-tu-pramie-prmy-2208-3-768x768.jpg 768w\" sizes=\"auto, (max-width: 900px) 100vw, 900px\" \/><figcaption id=\"caption-attachment-7907\" class=\"wp-caption-text\">B\u1ebfp t\u1eeb Pramie PRMY 2208<\/figcaption><\/figure>\n<p>M\u1ed9t s\u1ed1 l\u01b0u \u00fd khi s\u1eed d\u1ee5ng b\u1ebfp \u0111i\u1ec7n t\u1eeb Pramie:<br \/>\n\u2013 H\u00e3y s\u1eed d\u1ee5ng b\u1ebfp v\u1edbi ngu\u1ed3n \u0111i\u1ec7n \u00e1p \u1ed5n \u0111\u1ecbnh \u0111\u1ec3 c\u00f3 th\u1ec3 k\u00e9o d\u00e0i tu\u1ed5i th\u1ecd c\u1ee7a s\u1ea3n ph\u1ea9m b\u1ebfp.<\/p>\n<p>\u2013 Tuy\u1ec7t \u0111\u1ed1i kh\u00f4ng t\u1ef1 \u00fd s\u1eeda ch\u1eefa n\u1ebfu kh\u00f4ng c\u00f3 kinh nghi\u1ec7m, h\u00e3y n\u00ean li\u00ean h\u1ec7 trung t\u00e2m b\u1ea3o h\u00e0nh ho\u1eb7c th\u1ee3 s\u1eeda chuy\u00ean nghi\u1ec7p.<\/p>\n<p>\u2013 Th\u01b0\u1eddng xuy\u00ean v\u1ec7 s\u1ecbnh v\u00e0 duy tr\u00ec \u0111\u1ed9 b\u00f3ng, b\u1ec1n c\u1ee7a m\u1eb7t b\u1ebfp. B\u1eb1ng c\u00e1ch b\u1ea1n ch\u1ecdn d\u00f9ng kh\u0103n v\u1ea3i m\u1ec1m hay mi\u1ebfng b\u1ecdt bi\u1ec3n c\u00f9ng ch\u1ea5t t\u1ea9y r\u1eeda n\u1ed3ng \u0111\u1ed9 nh\u1eb9 khi v\u1ec7 sinh m\u1eb7t b\u1ebfp.<\/p>\n<h3>Xu\u1ea5t x\u1ee9: Malaysia<\/h3>\n<div><\/div>\n","protected":false},"excerpt":{"rendered":"<ul>\n<li>B\u1ebfp \u00e2m 2 v\u00f9ng n\u1ea5u sang tr\u1ecdng, c\u00f3 th\u1ec3 \u0111\u1ec3 b\u1ebfp d\u01b0\u01a1ng<\/li>\n<li>Thi\u1ebft k\u1ebf l\u1eb7p \u00e2m, ti\u1ebft ki\u1ec7m kh\u00f4ng gian b\u1ebfp<\/li>\n<li>T\u1ed5ng c\u00f4ng su\u1ea5t 4400W khi b\u1eadt c\u00f9ng l\u00fac 2 b\u1ebfp<\/li>\n<li>Ch\u1ee9c n\u0103ng Booster t\u0103ng t\u1ed1c \u0111\u1ebfn 3000W\/ b\u1ebfp ( \u0111ung n\u1ee9c s\u00f4i trong v\u00f2ng 3 ph\u00fat<\/li>\n<li>C\u00f4ng ngh\u1ec7 Inverter ti\u1ebft khi\u1ec7m \u0111i\u1ec7n n\u0103ng<\/li>\n<\/ul>\n","protected":false},"featured_media":22488,"comment_status":"open","ping_status":"closed","template":"","meta":[],"product_brand":[],"product_cat":[745,794,813,796,799,810,807,75,795,586,585],"product_tag":[310,76,168,111,587,588],"class_list":{"0":"post-7908","1":"product","2":"type-product","3":"status-publish","4":"has-post-thumbnail","6":"product_cat-bep-dien-tu","7":"product_cat-bep-2-tu","8":"product_cat-bep-dien-tu-chung-cu","9":"product_cat-bep-dien-tu-doi","10":"product_cat-bep-dien-tu-hinh-chu-nhat","11":"product_cat-bep-dien-tu-malaysia","12":"product_cat-bep-dien-tu-tiet-kiem-dien","13":"product_cat-bep-tu","14":"product_cat-bep-tu-doi","15":"product_cat-bep-tu-pramie","16":"product_cat-thuong-hieu-pramie","17":"product_tag-bep-nau","18":"product_tag-bep-tu","19":"product_tag-bep-tu-am","20":"product_tag-bep-tu-doi","21":"product_tag-bep-tu-pramie","22":"product_tag-pramie","24":"first","25":"instock","26":"sale","27":"shipping-taxable","28":"purchasable","29":"product-type-simple"},"_links":{"self":[{"href":"https:\/\/livinghome.vn\/thiet-bi\/wp-json\/wp\/v2\/product\/7908","targetHints":{"allow":["GET"]}}],"collection":[{"href":"https:\/\/livinghome.vn\/thiet-bi\/wp-json\/wp\/v2\/product"}],"about":[{"href":"https:\/\/livinghome.vn\/thiet-bi\/wp-json\/wp\/v2\/types\/product"}],"replies":[{"embeddable":true,"href":"https:\/\/livinghome.vn\/thiet-bi\/wp-json\/wp\/v2\/comments?post=7908"}],"wp:featuredmedia":[{"embeddable":true,"href":"https:\/\/livinghome.vn\/thiet-bi\/wp-json\/wp\/v2\/media\/22488"}],"wp:attachment":[{"href":"https:\/\/livinghome.vn\/thiet-bi\/wp-json\/wp\/v2\/media?parent=7908"}],"wp:term":[{"taxonomy":"product_brand","embeddable":true,"href":"https:\/\/livinghome.vn\/thiet-bi\/wp-json\/wp\/v2\/product_brand?post=7908"},{"taxonomy":"product_cat","embeddable":true,"href":"https:\/\/livinghome.vn\/thiet-bi\/wp-json\/wp\/v2\/product_cat?post=7908"},{"taxonomy":"product_tag","embeddable":true,"href":"https:\/\/livinghome.vn\/thiet-bi\/wp-json\/wp\/v2\/product_tag?post=7908"}],"curies":[{"name":"wp","href":"https:\/\/api.w.org\/{rel}","templated":true}]}}