{"id":7885,"date":"2023-02-20T08:18:33","date_gmt":"2023-02-20T08:18:33","guid":{"rendered":"https:\/\/livinghome.vn\/thiet-bi\/?post_type=product&#038;p=7885"},"modified":"2024-11-29T14:19:17","modified_gmt":"2024-11-29T07:19:17","slug":"bep-tu-pramie-prth-2022","status":"publish","type":"product","link":"https:\/\/livinghome.vn\/thiet-bi\/bep-tu-pramie-prth-2022\/","title":{"rendered":"B\u1ebfp T\u1eeb Pramie PRTH 2022 75CM 2 T\u1eeb K\u00ednh Ceramic K+"},"content":{"rendered":"<h3>B\u1ebfp t\u1eeb Pramie PRTH 2022 \u0111\u1ebfn t\u1eeb th\u01b0\u01a1ng hi\u1ec7u Pramie \u2013 \u0110\u1ee9c, s\u1ea3n xu\u1ea5t v\u00e0 nh\u1eadp kh\u1ea9u nguy\u00ean chi\u1ebfc t\u1eeb Th\u00e1i Lan, s\u1edf h\u1eefu thi\u1ebft k\u1ebf l\u1eafp \u00e2m hi\u1ec7n \u0111\u1ea1i \u0111\u1ed3ng th\u1eddi c\u00f3 th\u1ec3 \u0111\u1eb7t n\u1ed5i, \u0111a d\u1ea1ng t\u00ednh n\u0103ng an to\u00e0n \u0111\u00e1p \u1ee9ng nhu c\u1ea7u s\u1eed d\u1ee5ng t\u1ed1t cho gia \u0111\u00ecnh.<\/h3>\n<p>&nbsp;<\/p>\n<figure id=\"attachment_7889\" aria-describedby=\"caption-attachment-7889\" style=\"width: 900px\" class=\"wp-caption alignnone\"><img loading=\"lazy\" decoding=\"async\" class=\"wp-image-7889 size-full\" src=\"https:\/\/livinghome.vn\/thiet-bi\/wp-content\/uploads\/nha-bep\/pramie\/bep-tu\/bep-tu-pramie-prth-2022\/bep-tu-pramie-prth-2022-1.jpg\" alt=\"B\u1ebfp t\u1eeb Pramie PRTH 2022\" width=\"900\" height=\"900\" title=\"\" srcset=\"https:\/\/livinghome.vn\/thiet-bi\/wp-content\/uploads\/nha-bep\/pramie\/bep-tu\/bep-tu-pramie-prth-2022\/bep-tu-pramie-prth-2022-1.jpg 900w, https:\/\/livinghome.vn\/thiet-bi\/wp-content\/uploads\/nha-bep\/pramie\/bep-tu\/bep-tu-pramie-prth-2022\/bep-tu-pramie-prth-2022-1-300x300.jpg 300w, https:\/\/livinghome.vn\/thiet-bi\/wp-content\/uploads\/nha-bep\/pramie\/bep-tu\/bep-tu-pramie-prth-2022\/bep-tu-pramie-prth-2022-1-100x100.jpg 100w, https:\/\/livinghome.vn\/thiet-bi\/wp-content\/uploads\/nha-bep\/pramie\/bep-tu\/bep-tu-pramie-prth-2022\/bep-tu-pramie-prth-2022-1-600x600.jpg 600w, https:\/\/livinghome.vn\/thiet-bi\/wp-content\/uploads\/nha-bep\/pramie\/bep-tu\/bep-tu-pramie-prth-2022\/bep-tu-pramie-prth-2022-1-400x400.jpg 400w, https:\/\/livinghome.vn\/thiet-bi\/wp-content\/uploads\/nha-bep\/pramie\/bep-tu\/bep-tu-pramie-prth-2022\/bep-tu-pramie-prth-2022-1-800x800.jpg 800w, https:\/\/livinghome.vn\/thiet-bi\/wp-content\/uploads\/nha-bep\/pramie\/bep-tu\/bep-tu-pramie-prth-2022\/bep-tu-pramie-prth-2022-1-280x280.jpg 280w, https:\/\/livinghome.vn\/thiet-bi\/wp-content\/uploads\/nha-bep\/pramie\/bep-tu\/bep-tu-pramie-prth-2022\/bep-tu-pramie-prth-2022-1-768x768.jpg 768w\" sizes=\"auto, (max-width: 900px) 100vw, 900px\" \/><figcaption id=\"caption-attachment-7889\" class=\"wp-caption-text\">B\u1ebfp t\u1eeb Pramie PRTH 2022<\/figcaption><\/figure>\n<p>B\u1ebfp t\u1eeb \u0111\u00f4i Pramie 2022 l\u00e0 s\u1ea3n ph\u1ea9m \u0111\u1ebfn t\u1eeb nh\u00e3n hi\u1ec7u Pramie l\u00e0 m\u1ed9t trong nh\u1eefng th\u01b0\u01a1ng hi\u1ec7u v\u1ec1 s\u1ea3n ph\u1ea9m thi\u1ebft b\u1ecb b\u1ebfp cao c\u1ea5p \u0111\u1ebfn t\u1eeb \u0110\u1ee9c, m\u1eabu m\u00e3 \u0111\u1eb9p, sang, hi\u1ec7u qu\u1ea3 n\u1ea5u \u0103n nhanh, b\u1ec1n, s\u1ebd l\u00e0 ng\u01b0\u1eddi tr\u1ee3 th\u1ee7 \u0111\u1eafc l\u1ef1c cho nh\u1eefng ch\u1ecb em n\u1ed9i tr\u1ee3.<\/p>\n<figure id=\"attachment_7887\" aria-describedby=\"caption-attachment-7887\" style=\"width: 900px\" class=\"wp-caption alignnone\"><img loading=\"lazy\" decoding=\"async\" class=\"wp-image-7887 size-full\" src=\"https:\/\/livinghome.vn\/thiet-bi\/wp-content\/uploads\/nha-bep\/pramie\/bep-tu\/bep-tu-pramie-prth-2022\/bep-tu-pramie-prth-2022-2.jpg\" alt=\"B\u1ebfp t\u1eeb Pramie PRTH 2022\" width=\"900\" height=\"900\" title=\"\" srcset=\"https:\/\/livinghome.vn\/thiet-bi\/wp-content\/uploads\/nha-bep\/pramie\/bep-tu\/bep-tu-pramie-prth-2022\/bep-tu-pramie-prth-2022-2.jpg 900w, https:\/\/livinghome.vn\/thiet-bi\/wp-content\/uploads\/nha-bep\/pramie\/bep-tu\/bep-tu-pramie-prth-2022\/bep-tu-pramie-prth-2022-2-300x300.jpg 300w, https:\/\/livinghome.vn\/thiet-bi\/wp-content\/uploads\/nha-bep\/pramie\/bep-tu\/bep-tu-pramie-prth-2022\/bep-tu-pramie-prth-2022-2-100x100.jpg 100w, https:\/\/livinghome.vn\/thiet-bi\/wp-content\/uploads\/nha-bep\/pramie\/bep-tu\/bep-tu-pramie-prth-2022\/bep-tu-pramie-prth-2022-2-600x600.jpg 600w, https:\/\/livinghome.vn\/thiet-bi\/wp-content\/uploads\/nha-bep\/pramie\/bep-tu\/bep-tu-pramie-prth-2022\/bep-tu-pramie-prth-2022-2-400x400.jpg 400w, https:\/\/livinghome.vn\/thiet-bi\/wp-content\/uploads\/nha-bep\/pramie\/bep-tu\/bep-tu-pramie-prth-2022\/bep-tu-pramie-prth-2022-2-800x800.jpg 800w, https:\/\/livinghome.vn\/thiet-bi\/wp-content\/uploads\/nha-bep\/pramie\/bep-tu\/bep-tu-pramie-prth-2022\/bep-tu-pramie-prth-2022-2-280x280.jpg 280w, https:\/\/livinghome.vn\/thiet-bi\/wp-content\/uploads\/nha-bep\/pramie\/bep-tu\/bep-tu-pramie-prth-2022\/bep-tu-pramie-prth-2022-2-768x768.jpg 768w\" sizes=\"auto, (max-width: 900px) 100vw, 900px\" \/><figcaption id=\"caption-attachment-7887\" class=\"wp-caption-text\">B\u1ebfp t\u1eeb Pramie PRTH 2022<\/figcaption><\/figure>\n<h3>T\u00ednh n\u0103ng c\u01a1 b\u1ea3n<\/h3>\n<ul>\n<li><a href=\"https:\/\/livinghome.vn\/thiet-bi\/bep-tu\/\">B\u1ebfp t\u1eeb<\/a><\/li>\n<li>B\u1ebfp t\u1eeb \u0111\u00f4i, B\u1ebfp \u00e2m<\/li>\n<li>M\u1eb7t k\u00ednh: K\u00ednh Ceramic K+<\/li>\n<li>T\u00ednh n\u0103ng an to\u00e0n: C\u1ea3nh b\u00e1o m\u1eb7t b\u1ebfp n\u00f3ng, Kh\u00f3a b\u1ea3ng \u0111i\u1ec1u khi\u1ec3n, M\u1ea1ch b\u1ea3o v\u1ec7 IGBT, T\u1ef1 ng\u1eaft khi b\u1ebfp n\u00f3ng qu\u00e1 t\u1ea3i, T\u1ef1 nh\u1eadn di\u1ec7n k\u00edch c\u1ee1 \u0111\u00e1y n\u1ed3i<\/li>\n<li>Ti\u1ec7n \u00edch: B\u1ea3ng \u0111i\u1ec1u khi\u1ec3n c\u1ea3m \u1ee9ng tr\u01b0\u1ee3t, C\u00f3 h\u1eb9n gi\u1edd, C\u00f4ng ngh\u1ec7 Inverter ti\u1ebft ki\u1ec7m \u0111i\u1ec7n<\/li>\n<\/ul>\n<h3>Th\u00f4ng s\u1ed1 k\u1ef9 thu\u1eadt<\/h3>\n<ul>\n<li>V\u00f9ng tr\u00e1i 2200\/2300W \u2013 V\u00f9ng ph\u1ea3i 2200\/2300W.<\/li>\n<li>K\u00edch th\u01b0\u1edbc v\u00f9ng n\u1ea5u:\u00a0 Tr\u00e1i \u00d8 21 cm \u2013 Ph\u1ea3i \u00d8 21 cm.<\/li>\n<\/ul>\n<figure id=\"attachment_7886\" aria-describedby=\"caption-attachment-7886\" style=\"width: 900px\" class=\"wp-caption alignnone\"><img loading=\"lazy\" decoding=\"async\" class=\"wp-image-7886 size-full\" src=\"https:\/\/livinghome.vn\/thiet-bi\/wp-content\/uploads\/nha-bep\/pramie\/bep-tu\/bep-tu-pramie-prth-2022\/bep-tu-pramie-prth-2022-3.jpg\" alt=\"B\u1ebfp t\u1eeb Pramie PRTH 2022\" width=\"900\" height=\"900\" title=\"\" srcset=\"https:\/\/livinghome.vn\/thiet-bi\/wp-content\/uploads\/nha-bep\/pramie\/bep-tu\/bep-tu-pramie-prth-2022\/bep-tu-pramie-prth-2022-3.jpg 900w, https:\/\/livinghome.vn\/thiet-bi\/wp-content\/uploads\/nha-bep\/pramie\/bep-tu\/bep-tu-pramie-prth-2022\/bep-tu-pramie-prth-2022-3-300x300.jpg 300w, https:\/\/livinghome.vn\/thiet-bi\/wp-content\/uploads\/nha-bep\/pramie\/bep-tu\/bep-tu-pramie-prth-2022\/bep-tu-pramie-prth-2022-3-100x100.jpg 100w, https:\/\/livinghome.vn\/thiet-bi\/wp-content\/uploads\/nha-bep\/pramie\/bep-tu\/bep-tu-pramie-prth-2022\/bep-tu-pramie-prth-2022-3-600x600.jpg 600w, https:\/\/livinghome.vn\/thiet-bi\/wp-content\/uploads\/nha-bep\/pramie\/bep-tu\/bep-tu-pramie-prth-2022\/bep-tu-pramie-prth-2022-3-400x400.jpg 400w, https:\/\/livinghome.vn\/thiet-bi\/wp-content\/uploads\/nha-bep\/pramie\/bep-tu\/bep-tu-pramie-prth-2022\/bep-tu-pramie-prth-2022-3-800x800.jpg 800w, https:\/\/livinghome.vn\/thiet-bi\/wp-content\/uploads\/nha-bep\/pramie\/bep-tu\/bep-tu-pramie-prth-2022\/bep-tu-pramie-prth-2022-3-280x280.jpg 280w, https:\/\/livinghome.vn\/thiet-bi\/wp-content\/uploads\/nha-bep\/pramie\/bep-tu\/bep-tu-pramie-prth-2022\/bep-tu-pramie-prth-2022-3-768x768.jpg 768w\" sizes=\"auto, (max-width: 900px) 100vw, 900px\" \/><figcaption id=\"caption-attachment-7886\" class=\"wp-caption-text\">B\u1ebfp t\u1eeb Pramie PRTH 2022<\/figcaption><\/figure>\n<p>M\u1ed9t s\u1ed1 l\u01b0u \u00fd khi s\u1eed d\u1ee5ng b\u1ebfp \u0111i\u1ec7n t\u1eeb Pramie:<br \/>\n\u2013 H\u00e3y s\u1eed d\u1ee5ng b\u1ebfp v\u1edbi ngu\u1ed3n \u0111i\u1ec7n \u00e1p \u1ed5n \u0111\u1ecbnh \u0111\u1ec3 c\u00f3 th\u1ec3 k\u00e9o d\u00e0i tu\u1ed5i th\u1ecd c\u1ee7a s\u1ea3n ph\u1ea9m b\u1ebfp.<\/p>\n<p>\u2013 Tuy\u1ec7t \u0111\u1ed1i kh\u00f4ng t\u1ef1 \u00fd s\u1eeda ch\u1eefa n\u1ebfu kh\u00f4ng c\u00f3 kinh nghi\u1ec7m, h\u00e3y n\u00ean li\u00ean h\u1ec7 trung t\u00e2m b\u1ea3o h\u00e0nh ho\u1eb7c th\u1ee3 s\u1eeda chuy\u00ean nghi\u1ec7p.<\/p>\n<p>\u2013 Th\u01b0\u1eddng xuy\u00ean v\u1ec7 s\u1ecbnh v\u00e0 duy tr\u00ec \u0111\u1ed9 b\u00f3ng, b\u1ec1n c\u1ee7a m\u1eb7t b\u1ebfp. B\u1eb1ng c\u00e1ch b\u1ea1n ch\u1ecdn d\u00f9ng kh\u0103n v\u1ea3i m\u1ec1m hay mi\u1ebfng b\u1ecdt bi\u1ec3n c\u00f9ng ch\u1ea5t t\u1ea9y r\u1eeda n\u1ed3ng \u0111\u1ed9 nh\u1eb9 khi v\u1ec7 sinh m\u1eb7t b\u1ebfp.<\/p>\n<p>M\u1ed9t kh\u00f4ng gian b\u1ebfp \u1ea5m \u00e1p kh\u00f4ng l\u00e0 v\u1eabn ch\u01b0a \u0111\u1ee7, c\u00f2n ph\u1ea3i k\u1ebft h\u1ee3p v\u1edbi nh\u1eefng thi\u1ebft b\u1ecb n\u1ea5u \u0103n v\u1eeba hi\u1ec7n \u0111\u1ea1i, an to\u00e0n v\u00e0 mang t\u00ednh th\u1ea9m m\u1ef9 l\u00e0 nh\u1eefng ti\u00eau ch\u00ed m\u00e0 Pramie c\u00f3 th\u1ec3 mang \u0111\u1ebfn cho c\u0103n b\u1ebfp nh\u00e0 b\u1ea1n. B\u1ea1n c\u00f3 th\u1ec3 tham kh\u1ea3o th\u00eam s\u1ea3n ph\u1ea9m thi\u1ebft b\u1ecb m\u00e1y h\u00fat kh\u1eed m\u00f9i c\u1ee7a Pramie \u2013 m\u1ed9t s\u1ef1 k\u1ebft h\u1ee3p ho\u00e0n h\u1ea3o cho vi\u1ec7c n\u1ed9i tr\u1ee3 c\u1ee7a c\u00e1c ch\u1ecb em.<\/p>\n<h3>Xu\u1ea5t x\u1ee9: Malaysia<\/h3>\n<div><\/div>\n","protected":false},"excerpt":{"rendered":"<ul>\n<li>Th\u01b0\u01a1ng hi\u1ec7u Pramie \u2013 \u0110\u1ee9c, s\u1ea3n xu\u1ea5t t\u1ea1i Th\u00e1i Lan.<\/li>\n<li>C\u00f4ng su\u1ea5t t\u1ed5ng 4400W, m\u1ed7i v\u00f9ng n\u1ea5u 2200W, \u0111\u1ea1t 3000W khi s\u1eed d\u1ee5ng Booster gia nhi\u1ec7t nhanh.<\/li>\n<li>M\u1eb7t b\u1ebfp b\u1eb1ng k\u00ednh Ceramic K+ (Ph\u00e1p) ch\u1ecbu nhi\u1ec7t v\u00e0 l\u1ef1c t\u1ed1t, d\u1ec5 v\u1ec7 sinh.<\/li>\n<li>Ti\u1ec7n \u00edch: h\u1eb9n gi\u1edd, b\u1ea3ng \u0111i\u1ec1u khi\u1ec3n tr\u01b0\u1ee3t 9 m\u1ee9c gia nhi\u1ec7t, ch\u01b0\u01a1ng tr\u00ecnh c\u00e0i \u0111\u1eb7t s\u1eb5n,\u2026<\/li>\n<li>T\u00ednh n\u0103ng an to\u00e0n: c\u1ea3nh b\u00e1o m\u1eb7t b\u1ebfp n\u00f3ng, kh\u00f3a b\u1ea3ng \u0111i\u1ec1u khi\u1ec3n,\u2026<\/li>\n<\/ul>\n","protected":false},"featured_media":12285,"comment_status":"open","ping_status":"closed","template":"","meta":[],"product_brand":[],"product_cat":[745,794,813,796,799,811,75,795,586,585],"product_tag":[310,76,168,111,587,588],"class_list":{"0":"post-7885","1":"product","2":"type-product","3":"status-publish","4":"has-post-thumbnail","6":"product_cat-bep-dien-tu","7":"product_cat-bep-2-tu","8":"product_cat-bep-dien-tu-chung-cu","9":"product_cat-bep-dien-tu-doi","10":"product_cat-bep-dien-tu-hinh-chu-nhat","11":"product_cat-bep-dien-tu-thai-lan","12":"product_cat-bep-tu","13":"product_cat-bep-tu-doi","14":"product_cat-bep-tu-pramie","15":"product_cat-thuong-hieu-pramie","16":"product_tag-bep-nau","17":"product_tag-bep-tu","18":"product_tag-bep-tu-am","19":"product_tag-bep-tu-doi","20":"product_tag-bep-tu-pramie","21":"product_tag-pramie","23":"first","24":"instock","25":"sale","26":"shipping-taxable","27":"purchasable","28":"product-type-simple"},"_links":{"self":[{"href":"https:\/\/livinghome.vn\/thiet-bi\/wp-json\/wp\/v2\/product\/7885","targetHints":{"allow":["GET"]}}],"collection":[{"href":"https:\/\/livinghome.vn\/thiet-bi\/wp-json\/wp\/v2\/product"}],"about":[{"href":"https:\/\/livinghome.vn\/thiet-bi\/wp-json\/wp\/v2\/types\/product"}],"replies":[{"embeddable":true,"href":"https:\/\/livinghome.vn\/thiet-bi\/wp-json\/wp\/v2\/comments?post=7885"}],"wp:featuredmedia":[{"embeddable":true,"href":"https:\/\/livinghome.vn\/thiet-bi\/wp-json\/wp\/v2\/media\/12285"}],"wp:attachment":[{"href":"https:\/\/livinghome.vn\/thiet-bi\/wp-json\/wp\/v2\/media?parent=7885"}],"wp:term":[{"taxonomy":"product_brand","embeddable":true,"href":"https:\/\/livinghome.vn\/thiet-bi\/wp-json\/wp\/v2\/product_brand?post=7885"},{"taxonomy":"product_cat","embeddable":true,"href":"https:\/\/livinghome.vn\/thiet-bi\/wp-json\/wp\/v2\/product_cat?post=7885"},{"taxonomy":"product_tag","embeddable":true,"href":"https:\/\/livinghome.vn\/thiet-bi\/wp-json\/wp\/v2\/product_tag?post=7885"}],"curies":[{"name":"wp","href":"https:\/\/api.w.org\/{rel}","templated":true}]}}