{"id":788,"date":"2023-01-12T11:26:16","date_gmt":"2023-01-12T11:26:16","guid":{"rendered":"https:\/\/livinghome.vn\/thiet-bi\/?post_type=product&#038;p=788"},"modified":"2024-11-29T14:20:54","modified_gmt":"2024-11-29T07:20:54","slug":"bep-gas-am-kaff-kf-218","status":"publish","type":"product","link":"https:\/\/livinghome.vn\/thiet-bi\/bep-gas-am-kaff-kf-218\/","title":{"rendered":"B\u1ebfp gas \u00e2m Kaff KF-218 tinh t\u1ebf b\u1ec1n b\u1ec9"},"content":{"rendered":"<h2><strong><a href=\"https:\/\/livinghome.vn\/product-category\/nha-bep\/bep-nau\/bep-gas-am\/\">B\u1ebfp gas \u00e2m<\/a> Kaff KF-218 v\u1edbi 2 v\u00f9ng n\u1ea5u gas b\u1ec1n b\u1ec9<br \/>\n<\/strong><\/h2>\n<figure id=\"attachment_56650\" aria-describedby=\"caption-attachment-56650\" style=\"width: 800px\" class=\"wp-caption alignnone\"><img loading=\"lazy\" decoding=\"async\" class=\"size-large wp-image-56650\" src=\"https:\/\/livinghome.vn\/thiet-bi\/wp-content\/uploads\/nha-bep\/kaff\/bep-ga\/bep-gas-kaff-kf-218\/bep-gas-kaff-kf-218-800x800.jpg\" alt=\"B\u1ebfp gas \u00e2m Kaff KF-218\" width=\"800\" height=\"800\" title=\"\"><figcaption id=\"caption-attachment-56650\" class=\"wp-caption-text\">B\u1ebfp gas \u00e2m Kaff KF-218<\/figcaption><\/figure>\n<p><strong>Th\u00f4ng tin s\u1ea3n ph\u1ea9m:<\/strong><\/p>\n<ul>\n<li>\u00c2m thanh kh\u00ed gas d\u00e0y 8mm 2 l\u00f2<\/li>\n<li>H\u1ec7 th\u1ed1ng chia l\u1eeda b\u1eb1ng \u0111\u1ed3ng 2 Horisun (HS033A + HS033A)<\/li>\n<li>Khay ch\u1ed1ng tr\u00e0n inox 304<\/li>\n<li>N\u00fat b\u1ea5m h\u1ee3p kim si\u00eau \u0111\u1ed9, \u0111\u1eb9p<\/li>\n<li>Ch\u1ed1ng gi\u00f3 nhi\u1ec7t l\u01b0\u1ee3ng cao<\/li>\n<li>FFD gas pipe system, auto an to\u00e0n<\/li>\n<li>Ki\u1ec1ng gang cao c\u1ea5p si\u00eau \u0111\u1ed9<\/li>\n<li>IC 1.5V \u0111\u00e1nh h\u1ec7 th\u1ed1ng<\/li>\n<li>L\u01b0\u1ee3ng kh\u00ed ti\u00eau th\u1ee5 0.3Kg \/ h \/ l\u00f2<\/li>\n<li>K\u00edch th\u01b0\u1edbc m\u1eb7t k\u00ednh: 750 \u00d7 440 mm<\/li>\n<li>C\u1ed5 kho\u00e9t k\u00edch th\u01b0\u1edbc: 680 \u00d7 380 mm<\/li>\n<\/ul>\n<h3><strong>Living Home Vietnam hi\u1ec7n l\u00e0 nh\u00e0 ph\u00e2n ph\u1ed1i ch\u00ednh th\u1ee9c d\u00f2ng s\u1ea3n ph\u1ea9m KAFF<\/strong><\/h3>\n<figure style=\"width: 637px\" class=\"wp-caption aligncenter\"><img loading=\"lazy\" decoding=\"async\" src=\"https:\/\/livinghome.vn\/thiet-bi\/wp-content\/uploads\/nha-bep\/kaff\/chung-nhan-kaff.jpg\" alt=\"Ch\u1ee9ng nh\u1eadn KAFF cho Living Home Vietnam\" width=\"637\" height=\"900\" title=\"\"><figcaption class=\"wp-caption-text\"><em>Ch\u1ee9ng nh\u1eadn KAFF cho Living Home Vietnam<\/em><\/figcaption><\/figure>\n<h3><span id=\"tim-kiem-nhung-y-tuong-noi-that-hap-dan-khac-tai-living-home\"><strong>T\u00ecm ki\u1ebfm nh\u1eefng \u00fd t\u01b0\u1edfng <a href=\"http:\/\/livinghome.vn\">S\u1ea3n ph\u1ea9m gia \u0111\u00ecnh<\/a> kh\u00e1c t\u1ea1i Living Home<\/strong><\/span><\/h3>\n<ul>\n<li>Facebook Living Home Vietnam: <a href=\"https:\/\/www.facebook.com\/livinghomevietnam\/\" target=\"_blank\" rel=\"noopener noreferrer nofollow\">click here<\/a><\/li>\n<li>Thi\u1ebft k\u1ebf n\u1ed9i th\u1ea5t: <a href=\"https:\/\/www.facebook.com\/thietkenoithatnhadephcm\" target=\"_blank\" rel=\"noopener noreferrer nofollow\">click here<\/a><\/li>\n<\/ul>\n<h2><strong>\u01afu \u0111\u00e3i tuy\u1ec7t v\u1eddi d\u00e0nh cho B\u1ebfp gas \u00e2m Kaff KF-218<br \/>\n<\/strong><\/h2>\n<ul>\n<li>Li\u00ean h\u1ec7 hotline \u0111\u1ec3 bi\u1ebft th\u00eam chi ti\u1ebft<\/li>\n<\/ul>\n","protected":false},"excerpt":{"rendered":"<p>&#8216;- K\u00edch th\u01b0\u1edbc s\u1ea3n ph\u1ea9m: 750 \u00d7 440 x 100 mm<\/p>\n<p>&#8211; K\u00edch th\u01b0\u1edbc kho\u00e9t l\u1ed7: 680 \u00d7 380 mm<\/p>\n","protected":false},"featured_media":853,"comment_status":"open","ping_status":"closed","template":"","meta":[],"product_brand":[],"product_cat":[123,730,164],"product_tag":[185,124,126,177,167],"class_list":{"0":"post-788","1":"product","2":"type-product","3":"status-publish","4":"has-post-thumbnail","6":"product_cat-bep-gas","7":"product_cat-bep-gas-kaff","8":"product_cat-thuong-hieu-kaff","9":"product_tag-bep-ga","10":"product_tag-bep-gas","11":"product_tag-bep-gas-am","12":"product_tag-bep-gas-am-kaff","13":"product_tag-kaff","15":"first","16":"instock","17":"sale","18":"shipping-taxable","19":"purchasable","20":"product-type-simple"},"_links":{"self":[{"href":"https:\/\/livinghome.vn\/thiet-bi\/wp-json\/wp\/v2\/product\/788","targetHints":{"allow":["GET"]}}],"collection":[{"href":"https:\/\/livinghome.vn\/thiet-bi\/wp-json\/wp\/v2\/product"}],"about":[{"href":"https:\/\/livinghome.vn\/thiet-bi\/wp-json\/wp\/v2\/types\/product"}],"replies":[{"embeddable":true,"href":"https:\/\/livinghome.vn\/thiet-bi\/wp-json\/wp\/v2\/comments?post=788"}],"wp:featuredmedia":[{"embeddable":true,"href":"https:\/\/livinghome.vn\/thiet-bi\/wp-json\/wp\/v2\/media\/853"}],"wp:attachment":[{"href":"https:\/\/livinghome.vn\/thiet-bi\/wp-json\/wp\/v2\/media?parent=788"}],"wp:term":[{"taxonomy":"product_brand","embeddable":true,"href":"https:\/\/livinghome.vn\/thiet-bi\/wp-json\/wp\/v2\/product_brand?post=788"},{"taxonomy":"product_cat","embeddable":true,"href":"https:\/\/livinghome.vn\/thiet-bi\/wp-json\/wp\/v2\/product_cat?post=788"},{"taxonomy":"product_tag","embeddable":true,"href":"https:\/\/livinghome.vn\/thiet-bi\/wp-json\/wp\/v2\/product_tag?post=788"}],"curies":[{"name":"wp","href":"https:\/\/api.w.org\/{rel}","templated":true}]}}