{"id":7874,"date":"2023-02-20T07:33:35","date_gmt":"2023-02-20T07:33:35","guid":{"rendered":"https:\/\/livinghome.vn\/thiet-bi\/?post_type=product&#038;p=7874"},"modified":"2024-11-29T14:19:17","modified_gmt":"2024-11-29T07:19:17","slug":"bep-dien-tu-pramie-prmy-2108-73cm-1-dien-1-tu","status":"publish","type":"product","link":"https:\/\/livinghome.vn\/thiet-bi\/bep-dien-tu-pramie-prmy-2108-73cm-1-dien-1-tu\/","title":{"rendered":"B\u1ebfp \u0110i\u1ec7n T\u1eeb Pramie PRMY 2108 73CM 1 \u0110i\u1ec7n 1 T\u1eeb K\u00ednh Ceramic"},"content":{"rendered":"<h3>B\u1ebfp \u0111i\u1ec7n t\u1eeb Pramie PRMY 2108 2 v\u00f9ng n\u1ea5u, thi\u1ebft k\u1ebf b\u1ebfp \u00e2m sang tr\u1ecdng ti\u1ebft ki\u1ec7m kh\u00f4ng gian b\u1ebfp, c\u00f3 th\u1ec3 \u0111\u1ec3 b\u1ebfp d\u01b0\u01a1ng ho\u1eb7c \u00e2m.<\/h3>\n<p>&nbsp;<\/p>\n<figure id=\"attachment_7892\" aria-describedby=\"caption-attachment-7892\" style=\"width: 900px\" class=\"wp-caption alignnone\"><img loading=\"lazy\" decoding=\"async\" class=\"wp-image-7892 size-full\" src=\"https:\/\/livinghome.vn\/thiet-bi\/wp-content\/uploads\/nha-bep\/pramie\/bep-dien-tu\/bep-dien-tu-pramie-prmy-2108\/bep-dien-tu-pramie-prmy-2108-11.jpg\" alt=\"B\u1ebfp \u0111i\u1ec7n t\u1eeb Pramie PRMY 2108\" width=\"900\" height=\"900\" title=\"\" srcset=\"https:\/\/livinghome.vn\/thiet-bi\/wp-content\/uploads\/nha-bep\/pramie\/bep-dien-tu\/bep-dien-tu-pramie-prmy-2108\/bep-dien-tu-pramie-prmy-2108-11.jpg 900w, https:\/\/livinghome.vn\/thiet-bi\/wp-content\/uploads\/nha-bep\/pramie\/bep-dien-tu\/bep-dien-tu-pramie-prmy-2108\/bep-dien-tu-pramie-prmy-2108-11-300x300.jpg 300w, https:\/\/livinghome.vn\/thiet-bi\/wp-content\/uploads\/nha-bep\/pramie\/bep-dien-tu\/bep-dien-tu-pramie-prmy-2108\/bep-dien-tu-pramie-prmy-2108-11-100x100.jpg 100w, https:\/\/livinghome.vn\/thiet-bi\/wp-content\/uploads\/nha-bep\/pramie\/bep-dien-tu\/bep-dien-tu-pramie-prmy-2108\/bep-dien-tu-pramie-prmy-2108-11-600x600.jpg 600w, https:\/\/livinghome.vn\/thiet-bi\/wp-content\/uploads\/nha-bep\/pramie\/bep-dien-tu\/bep-dien-tu-pramie-prmy-2108\/bep-dien-tu-pramie-prmy-2108-11-400x400.jpg 400w, https:\/\/livinghome.vn\/thiet-bi\/wp-content\/uploads\/nha-bep\/pramie\/bep-dien-tu\/bep-dien-tu-pramie-prmy-2108\/bep-dien-tu-pramie-prmy-2108-11-800x800.jpg 800w, https:\/\/livinghome.vn\/thiet-bi\/wp-content\/uploads\/nha-bep\/pramie\/bep-dien-tu\/bep-dien-tu-pramie-prmy-2108\/bep-dien-tu-pramie-prmy-2108-11-280x280.jpg 280w, https:\/\/livinghome.vn\/thiet-bi\/wp-content\/uploads\/nha-bep\/pramie\/bep-dien-tu\/bep-dien-tu-pramie-prmy-2108\/bep-dien-tu-pramie-prmy-2108-11-768x768.jpg 768w\" sizes=\"auto, (max-width: 900px) 100vw, 900px\" \/><figcaption id=\"caption-attachment-7892\" class=\"wp-caption-text\">B\u1ebfp \u0111i\u1ec7n t\u1eeb Pramie PRMY 2108<\/figcaption><\/figure>\n<p>B\u1ea3ng \u0111i\u1ec1u khi\u1ec3n c\u1ea3m \u1ee9ng tr\u01b0\u1ee3t thao t\u00e1c hi\u1ec7n \u0111\u1ea1i. Thi\u1ebft k\u1ebf \u0111\u1ed9c l\u1eadp cho t\u1eebng v\u00f9ng n\u1ea5u c\u00f9ng v\u1edbi 9 m\u1ee9c c\u00f4ng su\u1ea5t t\u00f9y ch\u1ec9nh. B\u00ean c\u1ea1nh \u0111\u00f3, Ch\u1ee9c n\u0103ng h\u1eb9n gi\u1edd cho ph\u00e9p ng\u01b0\u1eddi d\u00f9ng ch\u1ee7 \u0111\u1ed9ng th\u1eddi gian s\u1eed d\u1ee5ng.<\/p>\n<p>Khi \u0111\u00f3 s\u1ebd v\u00f4 hi\u1ec7u h\u00f3a b\u1ea3ng \u0111i\u1ec1u khi\u1ec3n tr\u00e1nh tr\u1ebb nh\u1ecf v\u00f4 t\u00ecnh ch\u1ea1m tay v\u00e0o kh\u00f4ng g\u00e2y thay \u0111\u1ed5i ch\u01b0\u01a1ng tr\u00ecnh n\u1ea5u. V\u00ec khi v\u00f4 hi\u1ec7u h\u00f3a, t\u1ea5t c\u1ea3 thao t\u00e1c \u0111i\u1ec1u ch\u1ec9nh s\u1ebd kh\u00f4ng th\u1ef1c hi\u1ec7n \u0111\u01b0\u1ee3c. V\u00e0 n\u1ebfu nh\u01b0 ta mu\u1ed1n t\u1eaft k\u00edch ho\u1ea1t t\u00ednh n\u0103ng n\u00e0y \u0111i th\u00ec ch\u1ec9 c\u1ea7n l\u1eb7p l\u1ea1i thao t\u00e1c m\u1ed9t l\u1ea7n n\u1eefa.<\/p>\n<figure id=\"attachment_7896\" aria-describedby=\"caption-attachment-7896\" style=\"width: 900px\" class=\"wp-caption alignnone\"><img loading=\"lazy\" decoding=\"async\" class=\"wp-image-7896 size-full\" src=\"https:\/\/livinghome.vn\/thiet-bi\/wp-content\/uploads\/nha-bep\/pramie\/bep-dien-tu\/bep-dien-tu-pramie-prmy-2108\/bep-dien-tu-pramie-prmy-2108-6.jpg\" alt=\"B\u1ebfp \u0111i\u1ec7n t\u1eeb Pramie PRMY 2108\" width=\"900\" height=\"900\" title=\"\" srcset=\"https:\/\/livinghome.vn\/thiet-bi\/wp-content\/uploads\/nha-bep\/pramie\/bep-dien-tu\/bep-dien-tu-pramie-prmy-2108\/bep-dien-tu-pramie-prmy-2108-6.jpg 900w, https:\/\/livinghome.vn\/thiet-bi\/wp-content\/uploads\/nha-bep\/pramie\/bep-dien-tu\/bep-dien-tu-pramie-prmy-2108\/bep-dien-tu-pramie-prmy-2108-6-300x300.jpg 300w, https:\/\/livinghome.vn\/thiet-bi\/wp-content\/uploads\/nha-bep\/pramie\/bep-dien-tu\/bep-dien-tu-pramie-prmy-2108\/bep-dien-tu-pramie-prmy-2108-6-100x100.jpg 100w, https:\/\/livinghome.vn\/thiet-bi\/wp-content\/uploads\/nha-bep\/pramie\/bep-dien-tu\/bep-dien-tu-pramie-prmy-2108\/bep-dien-tu-pramie-prmy-2108-6-600x600.jpg 600w, https:\/\/livinghome.vn\/thiet-bi\/wp-content\/uploads\/nha-bep\/pramie\/bep-dien-tu\/bep-dien-tu-pramie-prmy-2108\/bep-dien-tu-pramie-prmy-2108-6-400x400.jpg 400w, https:\/\/livinghome.vn\/thiet-bi\/wp-content\/uploads\/nha-bep\/pramie\/bep-dien-tu\/bep-dien-tu-pramie-prmy-2108\/bep-dien-tu-pramie-prmy-2108-6-800x800.jpg 800w, https:\/\/livinghome.vn\/thiet-bi\/wp-content\/uploads\/nha-bep\/pramie\/bep-dien-tu\/bep-dien-tu-pramie-prmy-2108\/bep-dien-tu-pramie-prmy-2108-6-280x280.jpg 280w, https:\/\/livinghome.vn\/thiet-bi\/wp-content\/uploads\/nha-bep\/pramie\/bep-dien-tu\/bep-dien-tu-pramie-prmy-2108\/bep-dien-tu-pramie-prmy-2108-6-768x768.jpg 768w\" sizes=\"auto, (max-width: 900px) 100vw, 900px\" \/><figcaption id=\"caption-attachment-7896\" class=\"wp-caption-text\">B\u1ebfp \u0111i\u1ec7n t\u1eeb Pramie PRMY 2108<\/figcaption><\/figure>\n<p>&nbsp;<\/p>\n<h3>T\u00ednh n\u0103ng c\u01a1 b\u1ea3n<\/h3>\n<ul>\n<li><a href=\"https:\/\/livinghome.vn\/thiet-bi\/bep-dien-tu-ket-hop\/\">B\u1ebfp \u0111i\u1ec7n t\u1eeb<\/a><\/li>\n<li>Lo\u1ea1i b\u1ebfp: B\u1ebfp t\u1eeb h\u1ed3ng ngo\u1ea1i, B\u1ebfp \u00e2m c\u1ea7n l\u1eafp CB<\/li>\n<li>B\u1ea3ng \u0111i\u1ec1u khi\u1ec3n:C\u1ea3m \u1ee9ng<\/li>\n<li>Ch\u1ea5t li\u1ec7u m\u1eb7t b\u1ebfp: K\u00ednh Ceramic \u2013 K+ (Ph\u00e1p)<\/li>\n<li>Th\u01b0\u01a1ng hi\u1ec7u m\u00e2m n\u1ea5u: E.G.O (\u0110\u1ee9c)<\/li>\n<li>Ch\u1ebf \u0111\u1ed9 n\u1ea5u t\u1ef1 \u0111\u1ed9ng: Kh\u00f4ng c\u00f3<\/li>\n<li>Lo\u1ea1i n\u1ed3i n\u1ea5u: V\u00f9ng t\u1eeb s\u1eed d\u1ee5ng n\u1ed3i c\u00f3 \u0111\u00e1y nhi\u1ec5m t\u1eeb, v\u00f9ng h\u1ed3ng ngo\u1ea1i kh\u00f4ng k\u00e9n n\u1ed3i<\/li>\n<li>T\u00ednh n\u0103ng an to\u00e0n: B\u1ea3o v\u1ec7 ch\u00eanh l\u1ec7ch \u0111i\u1ec7n \u00e1p<\/li>\n<li>C\u1ea3nh b\u00e1o khi kh\u00f4ng c\u00f3 n\u1ed3i tr\u00ean b\u1ebfp<\/li>\n<li>C\u1ea3nh b\u00e1o m\u1eb7t b\u1ebfp n\u00f3ng<\/li>\n<li>Kh\u00f3a b\u1ea3ng \u0111i\u1ec1u khi\u1ec3n<\/li>\n<li>T\u1ef1 ng\u1eaft khi b\u1ebfp n\u00f3ng qu\u00e1 t\u1ea3i<\/li>\n<li>T\u1ef1 t\u1eaft b\u1ebfp khi kh\u00f4ng s\u1eed d\u1ee5ng<\/li>\n<li>T\u1ef1 t\u1eaft b\u1ebfp khi n\u01b0\u1edbc tr\u00e0n<\/li>\n<li>B\u1ea3ng \u0111i\u1ec1u khi\u1ec3n c\u1ea3m \u1ee9ng tr\u01b0\u1ee3t<\/li>\n<li>Ch\u1ee9c n\u0103ng Booster l\u00e0m n\u00f3ng nhanh<\/li>\n<li>C\u00f3 h\u1eb9n gi\u1edd<\/li>\n<li>Inverter ti\u1ebft ki\u1ec7m \u0111i\u1ec7n<\/li>\n<li>T\u1ea1m d\u1eebng b\u1ebfp khi \u0111ang n\u1ea5u<\/li>\n<\/ul>\n<h3><span style=\"font-size: 14.4px;\">Th\u00f4ng s\u1ed1 k\u1ef9 thu\u1eadt<\/span><\/h3>\n<ul>\n<li>T\u1ed5ng c\u00f4ng su\u1ea5t:4400W<\/li>\n<li>C\u00f4ng su\u1ea5t v\u00f9ng n\u1ea5u:H\u1ed3ng ngo\u1ea1i: 2200W \u2013 T\u1eeb: 2200\/3000W<\/li>\n<li>\u0110i\u1ec7n \u00e1p: 220V\/50 Hz<\/li>\n<li>K\u00edch th\u01b0\u1edbc v\u00f9ng n\u1ea5u:Tr\u00e1i: \u00d820.5 cm \u2013 Ph\u1ea3i: \u00d820.5 cm<\/li>\n<li>K\u00edch th\u01b0\u1edbc, kh\u1ed1i l\u01b0\u1ee3ng: Ngang 73 cm \u2013 D\u1ecdc 43 cm \u2013 Cao 5.2 cm \u2013 N\u1eb7ng 9 kg<\/li>\n<li>K\u00edch th\u01b0\u1edbc l\u1ed7 \u0111\u00e1: Ngang 68 cm \u2013 D\u1ecdc 39 cm<\/li>\n<li>Chi\u1ec1u d\u00e0i d\u00e2y \u0111i\u1ec7n: 120 cm<\/li>\n<\/ul>\n<figure id=\"attachment_7895\" aria-describedby=\"caption-attachment-7895\" style=\"width: 900px\" class=\"wp-caption alignnone\"><img loading=\"lazy\" decoding=\"async\" class=\"wp-image-7895 size-full\" src=\"https:\/\/livinghome.vn\/thiet-bi\/wp-content\/uploads\/nha-bep\/pramie\/bep-dien-tu\/bep-dien-tu-pramie-prmy-2108\/bep-dien-tu-pramie-prmy-2108-4.jpg\" alt=\"B\u1ebfp \u0111i\u1ec7n t\u1eeb Pramie PRMY 2108\" width=\"900\" height=\"900\" title=\"\" srcset=\"https:\/\/livinghome.vn\/thiet-bi\/wp-content\/uploads\/nha-bep\/pramie\/bep-dien-tu\/bep-dien-tu-pramie-prmy-2108\/bep-dien-tu-pramie-prmy-2108-4.jpg 900w, https:\/\/livinghome.vn\/thiet-bi\/wp-content\/uploads\/nha-bep\/pramie\/bep-dien-tu\/bep-dien-tu-pramie-prmy-2108\/bep-dien-tu-pramie-prmy-2108-4-300x300.jpg 300w, https:\/\/livinghome.vn\/thiet-bi\/wp-content\/uploads\/nha-bep\/pramie\/bep-dien-tu\/bep-dien-tu-pramie-prmy-2108\/bep-dien-tu-pramie-prmy-2108-4-100x100.jpg 100w, https:\/\/livinghome.vn\/thiet-bi\/wp-content\/uploads\/nha-bep\/pramie\/bep-dien-tu\/bep-dien-tu-pramie-prmy-2108\/bep-dien-tu-pramie-prmy-2108-4-600x600.jpg 600w, https:\/\/livinghome.vn\/thiet-bi\/wp-content\/uploads\/nha-bep\/pramie\/bep-dien-tu\/bep-dien-tu-pramie-prmy-2108\/bep-dien-tu-pramie-prmy-2108-4-400x400.jpg 400w, https:\/\/livinghome.vn\/thiet-bi\/wp-content\/uploads\/nha-bep\/pramie\/bep-dien-tu\/bep-dien-tu-pramie-prmy-2108\/bep-dien-tu-pramie-prmy-2108-4-800x800.jpg 800w, https:\/\/livinghome.vn\/thiet-bi\/wp-content\/uploads\/nha-bep\/pramie\/bep-dien-tu\/bep-dien-tu-pramie-prmy-2108\/bep-dien-tu-pramie-prmy-2108-4-280x280.jpg 280w, https:\/\/livinghome.vn\/thiet-bi\/wp-content\/uploads\/nha-bep\/pramie\/bep-dien-tu\/bep-dien-tu-pramie-prmy-2108\/bep-dien-tu-pramie-prmy-2108-4-768x768.jpg 768w\" sizes=\"auto, (max-width: 900px) 100vw, 900px\" \/><figcaption id=\"caption-attachment-7895\" class=\"wp-caption-text\">B\u1ebfp \u0111i\u1ec7n t\u1eeb Pramie PRMY 2108<\/figcaption><\/figure>\n<p>L\u01b0u \u00fd khi s\u1eed d\u1ee5ng B\u1ebfp t\u1eeb h\u1ed3ng ngo\u1ea1i \u0111\u00f4i PRMY-2108<br \/>\n\u2013 \u0110\u1eb7t b\u1ebfp \u1edf v\u1ecb tr\u00ed ch\u1eafc ch\u1eafn, c\u00e2n b\u1eb1ng, c\u00e1ch xa t\u01b0\u1eddng t\u1ea7m 15 cm \u0111\u1ec3 t\u1ea3n nhi\u1ec7t nhanh.<\/p>\n<p>\u2013 Kh\u00f4ng n\u00ean n\u1ea5u \u0103n v\u1edbi c\u00f4ng su\u1ea5t t\u1ed1i \u0111a qu\u00e1 l\u00e2u v\u00ec d\u1ec5 g\u00e2y ch\u00e1y th\u1ee9c \u0103n v\u00e0 l\u00e2u d\u1ea7n c\u00f3 th\u1ec3 l\u00e0m gi\u1ea3m tu\u1ed5i th\u1ecd b\u1ebfp.<\/p>\n<p>\u2013 Khi n\u1ea5u \u0103n xong, n\u00ean v\u1ec7 sinh b\u1ebfp \u0111\u1ec3 gi\u1eef b\u1ebfp m\u1edbi l\u00e2u. Ch\u00fang ta c\u00f3 th\u1ec3 lau ch\u00f9i m\u1eb7t b\u1ebfp m\u1ed9t c\u00e1ch d\u1ec5 d\u00e0ng b\u1eb1ng gi\u1ebb lau. Ho\u1eb7c c\u00f3 th\u1ec3 k\u1ebft h\u1ee3p th\u00eam c\u00e1c ch\u1ea5t t\u1ea9y r\u1eeda c\u00f3 n\u1ed3ng \u0111\u1ed9 nh\u1eb9.<\/p>\n<p>\u2013 Kh\u00f4ng n\u00ean t\u1ef1 \u00fd s\u1eeda ch\u1eefa b\u1ebfp. B\u1ea1n c\u00f3 th\u1ec3 li\u00ean h\u1ec7 tr\u1ef1c ti\u1ebfp t\u1ea1i trung t\u00e2m b\u1ea3o h\u00e0nh n\u01a1i b\u1ea1n mua thi\u1ebft b\u1ecb c\u1ee7a Pramie.<\/p>\n<h3>Xu\u1ea5t x\u1ee9: Malaysia<\/h3>\n<div><\/div>\n","protected":false},"excerpt":{"rendered":"<p>\u2013 B\u1ebfp 2 v\u00f9ng n\u1ea5u, thi\u1ebft k\u1ebf b\u1ebfp \u00e2m sang tr\u1ecdng ti\u1ebft ki\u1ec7m kh\u00f4ng gian b\u1ebfp, c\u00f3 th\u1ec3 \u0111\u1ec3 b\u1ebfp d\u01b0\u01a1ng<br \/>\n\u2013 T\u1ed5ng c\u00f4ng su\u1ea5t 4200W ( b\u1ebfp h\u1ed3ng ngo\u1ea1i 2 v\u00f2ng n\u1ea5u, v\u00f9ng t\u1eeb c\u00f4ng su\u1ea5t 2200W v\u00e0 Booter l\u00ean \u0111\u1ebfn 3000W gi\u00fap t\u1ed1i \u01b0u th\u1eddi gian n\u1ea5u)<br \/>\n\u2013 Ch\u1ea5t l\u01b0\u1ee3ng m\u1eb7t k\u00ednh K+ (Ph\u00e1p) ch\u1ecbu nhi\u1ec7t \u0111\u1ed9 \u1edf m\u1ee9c 800 \u0111\u1ed9 C, ch\u1ecbu tr\u1ecdng l\u1ef1c 10kg, kh\u1ea3 n\u0103ng ch\u1ed1ng s\u1ed1c nhi\u1ec7t \u0111\u1ebfn 600 \u0111\u1ed9 C, c\u00f3 kh\u1ea3 n\u0103ng ch\u1ed1ng tr\u1ea7y, d\u1ec5 lau ch\u00f9i v\u1ec7 sinh<br \/>\n\u2013 \u0110i\u1ec1u khi\u1ec3n c\u1ea3m \u1ee9ng tr\u01b0\u1ee3t nh\u1ea1y b\u00e9n, c\u00f3 m\u00e0n h\u00ecnh hi\u1ec3n th\u1ecb r\u00f5 n\u00e9t, d\u1ec5 quan s\u00e1t<br \/>\n\u2013 S\u1eed d\u1ee5ng \u0111\u01b0\u1ee3c \u0111a d\u1ea1ng t\u1ea5t c\u1ea3 lo\u1ea1i n\u1ed3i cho v\u00f9ng n\u1ea5u H\u1ed3ng ngo\u1ea1i<br \/>\n\u2013 Kh\u00f3a an to\u00e0n tr\u1ebb em<br \/>\n\u2013 Ch\u1ee9c n\u0103ng t\u1ea1m d\u1eebng b\u1ebfp<br \/>\n\u2013 H\u1eb9n gi\u1edd t\u1ed1i \u0111a 3h \u0111\u1ed3ng h\u1ed3, ch\u1ee7 \u0111\u1ed9ng th\u1eddi gian<br \/>\n\u2013 C\u00f4ng ngh\u1ec7 Inverter ti\u1ebft khi\u1ec7m \u0111i\u1ec7n n\u0103ng<br \/>\n\u2013 Kh\u00f3a b\u1ea3ng \u0111i\u1ec1u khi\u1ec3n, t\u1ef1 nh\u1eadn di\u1ec7n \u0111\u00e1y n\u1ed3i v\u00e0 t\u1ef1 ng\u1eaft khi b\u1ebfp n\u00f3ng qu\u00e1 t\u1ea3i \u0111\u1ea3m b\u1ea3o an to\u00e0n cho ng\u01b0\u1eddi s\u1eed d\u1ee5ng<\/p>\n","protected":false},"featured_media":12292,"comment_status":"open","ping_status":"closed","template":"","meta":[],"product_brand":[],"product_cat":[745,793,813,796,799,80,801,810,802,723,811,741,75,586,585],"product_tag":[81,743,746,310,76,168,111,589,587,588],"class_list":{"0":"post-7874","1":"product","2":"type-product","3":"status-publish","4":"has-post-thumbnail","6":"product_cat-bep-dien-tu","7":"product_cat-bep-1-dien-1-tu","8":"product_cat-bep-dien-tu-chung-cu","9":"product_cat-bep-dien-tu-doi","10":"product_cat-bep-dien-tu-hinh-chu-nhat","11":"product_cat-bep-dien-tu-ket-hop","12":"product_cat-bep-dien-tu-khong-ken-noi","13":"product_cat-bep-dien-tu-malaysia","14":"product_cat-bep-dien-tu-mat-kinh-schott-ceran","15":"product_cat-bep-dien-tu-pramie","16":"product_cat-bep-dien-tu-thai-lan","17":"product_cat-bep-hong-ngoai","18":"product_cat-bep-tu","19":"product_cat-bep-tu-pramie","20":"product_cat-thuong-hieu-pramie","21":"product_tag-bep-dien-tu","22":"product_tag-bep-dien-tu-ket-hop","23":"product_tag-bep-dien-tu-pramie","24":"product_tag-bep-nau","25":"product_tag-bep-tu","26":"product_tag-bep-tu-am","27":"product_tag-bep-tu-doi","28":"product_tag-bep-tu-hong-ngoai","29":"product_tag-bep-tu-pramie","30":"product_tag-pramie","32":"first","33":"instock","34":"sale","35":"shipping-taxable","36":"purchasable","37":"product-type-simple"},"_links":{"self":[{"href":"https:\/\/livinghome.vn\/thiet-bi\/wp-json\/wp\/v2\/product\/7874","targetHints":{"allow":["GET"]}}],"collection":[{"href":"https:\/\/livinghome.vn\/thiet-bi\/wp-json\/wp\/v2\/product"}],"about":[{"href":"https:\/\/livinghome.vn\/thiet-bi\/wp-json\/wp\/v2\/types\/product"}],"replies":[{"embeddable":true,"href":"https:\/\/livinghome.vn\/thiet-bi\/wp-json\/wp\/v2\/comments?post=7874"}],"wp:featuredmedia":[{"embeddable":true,"href":"https:\/\/livinghome.vn\/thiet-bi\/wp-json\/wp\/v2\/media\/12292"}],"wp:attachment":[{"href":"https:\/\/livinghome.vn\/thiet-bi\/wp-json\/wp\/v2\/media?parent=7874"}],"wp:term":[{"taxonomy":"product_brand","embeddable":true,"href":"https:\/\/livinghome.vn\/thiet-bi\/wp-json\/wp\/v2\/product_brand?post=7874"},{"taxonomy":"product_cat","embeddable":true,"href":"https:\/\/livinghome.vn\/thiet-bi\/wp-json\/wp\/v2\/product_cat?post=7874"},{"taxonomy":"product_tag","embeddable":true,"href":"https:\/\/livinghome.vn\/thiet-bi\/wp-json\/wp\/v2\/product_tag?post=7874"}],"curies":[{"name":"wp","href":"https:\/\/api.w.org\/{rel}","templated":true}]}}