{"id":7846,"date":"2023-02-20T06:36:15","date_gmt":"2023-02-20T06:36:15","guid":{"rendered":"https:\/\/livinghome.vn\/thiet-bi\/?post_type=product&#038;p=7846"},"modified":"2024-11-29T14:19:18","modified_gmt":"2024-11-29T07:19:18","slug":"bep-tu-pramie-prth-2101","status":"publish","type":"product","link":"https:\/\/livinghome.vn\/thiet-bi\/bep-tu-pramie-prth-2101\/","title":{"rendered":"B\u1ebfp \u0111i\u1ec7n t\u1eeb Pramie PRTH 2101 \u0111\u00f4i tinh t\u1ebf kh\u00f4ng k\u00e9n n\u1ed3i"},"content":{"rendered":"<h3>B\u1ebfp t\u1eeb h\u1ed3ng ngo\u1ea1i \u0111\u00f4i PRTH-2101 v\u1edbi m\u1eb7t b\u1ebfp b\u1eb1ng k\u00ednh Ceramic \u2013 Schott Ceran (\u0110\u1ee9c) ch\u1ecbu l\u1ef1c, ch\u1ecbu nhi\u1ec7t t\u1ed1t, d\u1ec5 lau ch\u00f9i<\/h3>\n<p>&nbsp;<\/p>\n<figure id=\"attachment_7851\" aria-describedby=\"caption-attachment-7851\" style=\"width: 900px\" class=\"wp-caption alignnone\"><img loading=\"lazy\" decoding=\"async\" class=\"wp-image-7851 size-full\" src=\"https:\/\/livinghome.vn\/thiet-bi\/wp-content\/uploads\/nha-bep\/pramie\/bep-tu\/bep-tu-pramie-prth-2101\/bep-tu-pramie-prth-2101-6.jpg\" alt=\"B\u1ebfp \u0111i\u1ec7n t\u1eeb Pramie PRTH 2101\" width=\"900\" height=\"900\" title=\"\" srcset=\"https:\/\/livinghome.vn\/thiet-bi\/wp-content\/uploads\/nha-bep\/pramie\/bep-tu\/bep-tu-pramie-prth-2101\/bep-tu-pramie-prth-2101-6.jpg 900w, https:\/\/livinghome.vn\/thiet-bi\/wp-content\/uploads\/nha-bep\/pramie\/bep-tu\/bep-tu-pramie-prth-2101\/bep-tu-pramie-prth-2101-6-300x300.jpg 300w, https:\/\/livinghome.vn\/thiet-bi\/wp-content\/uploads\/nha-bep\/pramie\/bep-tu\/bep-tu-pramie-prth-2101\/bep-tu-pramie-prth-2101-6-100x100.jpg 100w, https:\/\/livinghome.vn\/thiet-bi\/wp-content\/uploads\/nha-bep\/pramie\/bep-tu\/bep-tu-pramie-prth-2101\/bep-tu-pramie-prth-2101-6-600x600.jpg 600w, https:\/\/livinghome.vn\/thiet-bi\/wp-content\/uploads\/nha-bep\/pramie\/bep-tu\/bep-tu-pramie-prth-2101\/bep-tu-pramie-prth-2101-6-400x400.jpg 400w, https:\/\/livinghome.vn\/thiet-bi\/wp-content\/uploads\/nha-bep\/pramie\/bep-tu\/bep-tu-pramie-prth-2101\/bep-tu-pramie-prth-2101-6-800x800.jpg 800w, https:\/\/livinghome.vn\/thiet-bi\/wp-content\/uploads\/nha-bep\/pramie\/bep-tu\/bep-tu-pramie-prth-2101\/bep-tu-pramie-prth-2101-6-280x280.jpg 280w, https:\/\/livinghome.vn\/thiet-bi\/wp-content\/uploads\/nha-bep\/pramie\/bep-tu\/bep-tu-pramie-prth-2101\/bep-tu-pramie-prth-2101-6-768x768.jpg 768w\" sizes=\"auto, (max-width: 900px) 100vw, 900px\" \/><figcaption id=\"caption-attachment-7851\" class=\"wp-caption-text\">B\u1ebfp \u0111i\u1ec7n t\u1eeb Pramie PRTH 2101<\/figcaption><\/figure>\n<h2>B\u1ebfp t\u1eeb h\u1ed3ng ngo\u1ea1i \u0111\u00f4i PRTH-2101 v\u1edbi \u0111i\u1ec1u khi\u1ec3n c\u1ea3m \u1ee9ng tr\u01b0\u1ee3t.<\/h2>\n<p>H\u1ed7 tr\u1ee3 ng\u01b0\u1eddi d\u00f9ng t\u1ed1t h\u01a1n v\u1edbi ch\u1ee9c n\u0103ng h\u1eb9n gi\u1edd. T\u00f9y theo t\u1eebng c\u00f4ng th\u1ee9c n\u1ea5u, ng\u01b0\u1eddi d\u00f9ng ch\u1ecdn th\u1eddi gian h\u1eb9n th\u00edch h\u1ee3p cho m\u00f3n \u0103n v\u00e0 khi h\u1ebft gi\u1edd h\u1eb9n, b\u1ebfp s\u1ebd t\u1ef1 \u0111\u1ed9ng ng\u1eaft \u0111i\u1ec7n, \u0111\u1ea3m b\u1ea3o m\u00f3n \u0103n \u0111\u01b0\u1ee3c n\u1ea5u ch\u00edn ngon, kh\u00f4ng ch\u00e1y kh\u00e9t.<\/p>\n<h3>B\u1ebfp t\u1eeb h\u1ed3ng ngo\u1ea1i \u0111\u00f4i PRTH-2101 h\u1ea1n ch\u1ebf l\u01b0\u1ee3ng \u0111i\u1ec7n ti\u00eau th\u1ee5 hi\u1ec7u qu\u1ea3 v\u1edbi c\u00f4ng ngh\u1ec7 Inverter.<\/h3>\n<p>C\u00f4ng ngh\u1ec7 Inverter gi\u00fap qu\u00e1 tr\u00ecnh v\u1eadn h\u00e0nh b\u1ebfp t\u1eeb 1 c\u00e1ch \u00eam \u00e1i v\u00e0 duy tr\u00ec \u1ed5n \u0111\u1ecbnh h\u01a1n; \u0111\u1ed3ng th\u1eddi ti\u1ebft ki\u1ec7m \u0111\u01b0\u1ee3c l\u01b0\u1ee3ng \u0111i\u1ec7n n\u0103ng \u0111\u00e1ng k\u1ec3.<\/p>\n<h3>B\u1ebfp 2 v\u00f9ng n\u1ea5u v\u1edbi t\u1ed5ng c\u00f4ng su\u1ea5t 2 v\u00f9ng n\u1ea5u l\u00ean \u0111\u1ebfn 4200W gi\u00fap n\u1ea5u \u0103n nhanh.<\/h3>\n<p>V\u00f9ng n\u1ea5u t\u1eeb 2200\/3000W, v\u00f9ng n\u1ea5u h\u1ed3ng ngo\u1ea1i 2000W cho ph\u00e9p n\u1ea5u 2 m\u00f3n \u0103n c\u00f9ng l\u00fac r\u1ea5t ti\u1ec7n l\u1ee3i.<\/p>\n<figure id=\"attachment_7848\" aria-describedby=\"caption-attachment-7848\" style=\"width: 900px\" class=\"wp-caption alignnone\"><img loading=\"lazy\" decoding=\"async\" class=\"wp-image-7848 size-full\" src=\"https:\/\/livinghome.vn\/thiet-bi\/wp-content\/uploads\/nha-bep\/pramie\/bep-tu\/bep-tu-pramie-prth-2101\/bep-tu-pramie-prth-2101-5.jpg\" alt=\"B\u1ebfp \u0111i\u1ec7n t\u1eeb Pramie PRTH 2101\" width=\"900\" height=\"900\" title=\"\" srcset=\"https:\/\/livinghome.vn\/thiet-bi\/wp-content\/uploads\/nha-bep\/pramie\/bep-tu\/bep-tu-pramie-prth-2101\/bep-tu-pramie-prth-2101-5.jpg 900w, https:\/\/livinghome.vn\/thiet-bi\/wp-content\/uploads\/nha-bep\/pramie\/bep-tu\/bep-tu-pramie-prth-2101\/bep-tu-pramie-prth-2101-5-300x300.jpg 300w, https:\/\/livinghome.vn\/thiet-bi\/wp-content\/uploads\/nha-bep\/pramie\/bep-tu\/bep-tu-pramie-prth-2101\/bep-tu-pramie-prth-2101-5-100x100.jpg 100w, https:\/\/livinghome.vn\/thiet-bi\/wp-content\/uploads\/nha-bep\/pramie\/bep-tu\/bep-tu-pramie-prth-2101\/bep-tu-pramie-prth-2101-5-600x600.jpg 600w, https:\/\/livinghome.vn\/thiet-bi\/wp-content\/uploads\/nha-bep\/pramie\/bep-tu\/bep-tu-pramie-prth-2101\/bep-tu-pramie-prth-2101-5-400x400.jpg 400w, https:\/\/livinghome.vn\/thiet-bi\/wp-content\/uploads\/nha-bep\/pramie\/bep-tu\/bep-tu-pramie-prth-2101\/bep-tu-pramie-prth-2101-5-800x800.jpg 800w, https:\/\/livinghome.vn\/thiet-bi\/wp-content\/uploads\/nha-bep\/pramie\/bep-tu\/bep-tu-pramie-prth-2101\/bep-tu-pramie-prth-2101-5-280x280.jpg 280w, https:\/\/livinghome.vn\/thiet-bi\/wp-content\/uploads\/nha-bep\/pramie\/bep-tu\/bep-tu-pramie-prth-2101\/bep-tu-pramie-prth-2101-5-768x768.jpg 768w\" sizes=\"auto, (max-width: 900px) 100vw, 900px\" \/><figcaption id=\"caption-attachment-7848\" class=\"wp-caption-text\">B\u1ebfp \u0111i\u1ec7n t\u1eeb Pramie PRTH 2101<\/figcaption><\/figure>\n<h2>B\u1ebfp t\u1eeb h\u1ed3ng ngo\u1ea1i \u0111\u00f4i PRTH-2101 v\u1edbi nhi\u1ec1u t\u00ednh n\u0103ng an to\u00e0n.<\/h2>\n<p>\u2013 Ch\u1ee9c n\u0103ng kh\u00f3a b\u1ea3ng \u0111i\u1ec1u khi\u1ec3n gi\u00fap v\u00f4 hi\u1ec7u h\u00f3a to\u00e0n b\u1ed9 b\u00e0n ph\u00edm; tr\u00e1nh c\u00e1c gia \u0111\u00ecnh c\u00f3 tr\u1ebb nh\u1ecf ngh\u1ecbch ng\u1ee3m b\u1ea5m \u0111i\u1ec1u khi\u1ec3n l\u00e0m thay \u0111\u1ed5i ch\u01b0\u01a1ng tr\u00ecnh n\u1ea5u g\u00e2y nguy hi\u1ec3m.<\/p>\n<p>\u2013 Nh\u1eadn di\u1ec7n xoong n\u1ed3i; gi\u00fap x\u00e1c \u0111\u1ecbnh \u0111\u00fang k\u00edch c\u1ee1 n\u1ed3i ph\u00f9 h\u1ee3p v\u1edbi m\u1eb7t b\u1ebfp.<\/p>\n<p>\u2013 C\u1ea3nh b\u00e1o b\u1ebfp n\u00f3ng; khi b\u1ebfp m\u1edbi n\u1ea5u xong th\u00f4ng b\u00e1o cho ng\u01b0\u1eddi d\u00f9ng tr\u00e1nh xa, kh\u00f4ng ch\u1ea1m v\u00e0o b\u1ebfp g\u00e2y s\u1ef1 c\u1ed1 b\u1ecfng da.<\/p>\n<p>\u2013 D\u1eebng b\u1ebfp t\u1ea1m th\u1eddi, h\u1ed7 tr\u1ee3 ng\u01b0\u1eddi d\u00f9ng trong tr\u01b0\u1eddng h\u1ee3p b\u1eadn vi\u1ec7c \u0111\u1ed9t xu\u1ea5t.<\/p>\n<h3>T\u00ednh n\u0103ng c\u01a1 b\u1ea3n<\/h3>\n<ul>\n<li><a href=\"https:\/\/livinghome.vn\/thiet-bi\/bep-dien-tu-ket-hop\/\">B\u1ebfp \u0111i\u1ec7n t\u1eeb<\/a><\/li>\n<li>T\u1ed5ng c\u00f4ng su\u1ea5t 4200W ( b\u1ebfp h\u1ed3ng ngo\u1ea1i 2 v\u00f2ng n\u1ea5u, v\u00f9ng t\u1eeb c\u00f4ng su\u1ea5t 2200W v\u00e0 Booter l\u00ean \u0111\u1ebfn 3000W gi\u00fap t\u1ed1i \u01b0u th\u1eddi gian n\u1ea5u)<\/li>\n<li>Ch\u1ea5t l\u01b0\u1ee3ng m\u1eb7t k\u00ednh Schoot Ceran ( \u0110\u1ee9c) ch\u1ecbu nhi\u1ec7t \u0111\u1ed9 \u1edf m\u1ee9c 1000 \u0111\u1ed9 C, ch\u1ecbu tr\u1ecdng l\u1ef1c 15kg, kh\u1ea3 n\u0103ng ch\u1ed1ng s\u1ed1c nhi\u1ec7t \u0111\u1ebfn 800 \u0111\u1ed9 C, c\u00f3 kh\u1ea3 n\u0103ng ch\u1ed1ng tr\u1ea7y, d\u1ec5 lau ch\u00f9i v\u1ec7 sinh<\/li>\n<li>\u0110i\u1ec1u khi\u1ec3n c\u1ea3m \u1ee9ng tr\u01b0\u1ee3t nh\u1ea1y b\u00e9n, c\u00f3 m\u00e0n h\u00ecnh hi\u1ec3n th\u1ecb r\u00f5 n\u00e9t, d\u1ec5 quan s\u00e1t<\/li>\n<li>S\u1eed d\u1ee5ng \u0111\u01b0\u1ee3c \u0111a d\u1ea1ng t\u1ea5t c\u1ea3 lo\u1ea1i n\u1ed3i cho v\u00f9ng n\u1ea5u H\u1ed3ng ngo\u1ea1i<\/li>\n<li>H\u1eb9n gi\u1edd t\u1ed1i \u0111a 3h \u0111\u1ed3ng h\u1ed3, ch\u1ee7 \u0111\u1ed9ng th\u1eddi gian<\/li>\n<li>Ch\u1ee9c n\u0103ng d\u1eebng t\u1ea1m th\u1eddi b\u1ebfp<\/li>\n<li>Kh\u00f3a an to\u00e0n tr\u1ebb em<\/li>\n<li>C\u00f4ng ngh\u1ec7 Inverter ti\u1ebft khi\u1ec7m \u0111i\u1ec7n n\u0103ng<\/li>\n<li>Kh\u00f3a b\u1ea3ng \u0111i\u1ec1u khi\u1ec3n, t\u1ef1 nh\u1eadn di\u1ec7n \u0111\u00e1y n\u1ed3i v\u00e0 t\u1ef1 ng\u1eaft khi b\u1ebfp n\u00f3ng qu\u00e1 t\u1ea3i \u0111\u1ea3m b\u1ea3o an to\u00e0n cho ng\u01b0\u1eddi s\u1eed d\u1ee5ng<\/li>\n<\/ul>\n<h3>Th\u00f4ng s\u1ed1 k\u1ef9 thu\u1eadt<\/h3>\n<ul>\n<li>Lo\u1ea1i b\u1ebfp: B\u1ebfp t\u1eeb h\u1ed3ng ngo\u1ea1i, B\u1ebfp \u00e2m c\u1ea7n l\u1eafp CB<\/li>\n<li>T\u1ed5ng c\u00f4ng su\u1ea5t: 4200W<\/li>\n<li>C\u00f4ng su\u1ea5t v\u00f9ng n\u1ea5u: Tr\u00e1i: 2200\/3000W \u2013 Ph\u1ea3i: 2000W<\/li>\n<li>\u0110i\u1ec7n \u00e1p: 220V\/50 Hz<\/li>\n<li>K\u00edch th\u01b0\u1edbc v\u00f9ng n\u1ea5u: Tr\u00e1i: \u00d8 20.5 cm \u2013 Ph\u1ea3i: \u00d8 14\/22.5 cm<\/li>\n<li>Ki\u1ec3u l\u1eafp \u0111\u1eb7t: L\u1eafp \u00e2m<\/li>\n<li>B\u1ea3ng \u0111i\u1ec1u khi\u1ec3n: C\u1ea3m \u1ee9ng<\/li>\n<li>Ch\u1ea5t li\u1ec7u m\u1eb7t b\u1ebfp: K\u00ednh Ceramic \u2013 Schott Ceran (\u0110\u1ee9c)<\/li>\n<li>Th\u01b0\u01a1ng hi\u1ec7u m\u00e2m n\u1ea5u: E.G.O (\u0110\u1ee9c)<\/li>\n<li>K\u00edch th\u01b0\u1edbc, kh\u1ed1i l\u01b0\u1ee3ng: Ngang 73 cm \u2013 D\u1ecdc 43 cm \u2013 Cao 5.2 cm \u2013 N\u1eb7ng 9 kg<\/li>\n<li>K\u00edch th\u01b0\u1edbc l\u1ed7 \u0111\u00e1: Ngang 70.8 cm \u2013 D\u1ecdc 40.8 cm<\/li>\n<li>Chi\u1ec1u d\u00e0i d\u00e2y \u0111i\u1ec7n: 95 cm<\/li>\n<\/ul>\n<figure id=\"attachment_7849\" aria-describedby=\"caption-attachment-7849\" style=\"width: 900px\" class=\"wp-caption alignnone\"><img loading=\"lazy\" decoding=\"async\" class=\"wp-image-7849 size-full\" src=\"https:\/\/livinghome.vn\/thiet-bi\/wp-content\/uploads\/nha-bep\/pramie\/bep-tu\/bep-tu-pramie-prth-2101\/bep-tu-pramie-prth-2101-4.jpg\" alt=\"B\u1ebfp \u0111i\u1ec7n t\u1eeb Pramie PRTH 2101\" width=\"900\" height=\"900\" title=\"\" srcset=\"https:\/\/livinghome.vn\/thiet-bi\/wp-content\/uploads\/nha-bep\/pramie\/bep-tu\/bep-tu-pramie-prth-2101\/bep-tu-pramie-prth-2101-4.jpg 900w, https:\/\/livinghome.vn\/thiet-bi\/wp-content\/uploads\/nha-bep\/pramie\/bep-tu\/bep-tu-pramie-prth-2101\/bep-tu-pramie-prth-2101-4-300x300.jpg 300w, https:\/\/livinghome.vn\/thiet-bi\/wp-content\/uploads\/nha-bep\/pramie\/bep-tu\/bep-tu-pramie-prth-2101\/bep-tu-pramie-prth-2101-4-100x100.jpg 100w, https:\/\/livinghome.vn\/thiet-bi\/wp-content\/uploads\/nha-bep\/pramie\/bep-tu\/bep-tu-pramie-prth-2101\/bep-tu-pramie-prth-2101-4-600x600.jpg 600w, https:\/\/livinghome.vn\/thiet-bi\/wp-content\/uploads\/nha-bep\/pramie\/bep-tu\/bep-tu-pramie-prth-2101\/bep-tu-pramie-prth-2101-4-400x400.jpg 400w, https:\/\/livinghome.vn\/thiet-bi\/wp-content\/uploads\/nha-bep\/pramie\/bep-tu\/bep-tu-pramie-prth-2101\/bep-tu-pramie-prth-2101-4-800x800.jpg 800w, https:\/\/livinghome.vn\/thiet-bi\/wp-content\/uploads\/nha-bep\/pramie\/bep-tu\/bep-tu-pramie-prth-2101\/bep-tu-pramie-prth-2101-4-280x280.jpg 280w, https:\/\/livinghome.vn\/thiet-bi\/wp-content\/uploads\/nha-bep\/pramie\/bep-tu\/bep-tu-pramie-prth-2101\/bep-tu-pramie-prth-2101-4-768x768.jpg 768w\" sizes=\"auto, (max-width: 900px) 100vw, 900px\" \/><figcaption id=\"caption-attachment-7849\" class=\"wp-caption-text\">K\u00edch th\u01b0\u1edbc b\u1ebfp \u0111i\u1ec7n t\u1eeb Pramie PRTH 2101<\/figcaption><\/figure>\n<p>B\u1ebfp t\u1eeb h\u1ed3ng ngo\u1ea1i Pramie 2101 ti\u1ebft ki\u1ec7m kh\u00f4ng gian v\u1edbi thi\u1ebft k\u1ebf l\u1eafp \u00e2m, s\u1eed d\u1ee5ng linh ho\u1ea1t gi\u1eefa 2 v\u00f9ng n\u1ea5u, v\u1edbi nhi\u1ec1u t\u00ednh n\u0103ng an to\u00e0n v\u00e0 gia nhi\u1ec7t nhanh l\u00e0 s\u1ef1 l\u1ef1a ch\u1ecdn ho\u00e0n h\u1ea3o cho c\u0103n b\u1ebfp c\u1ee7a b\u1ea1n.<\/p>\n<p>B\u1ea1n c\u00f3 th\u1ec3 tham kh\u1ea3o th\u00eam c\u00e1c s\u1ea3n ph\u1ea9m c\u1ee7a Pramie; th\u01b0\u01a1ng hi\u1ec7u v\u1ec1 s\u1ea3n ph\u1ea9m thi\u1ebft b\u1ecb b\u1ebfp cao c\u1ea5p \u0111\u1ebfn t\u1eeb \u0110\u1ee9c. Pramie t\u1ef1 h\u00e0o \u0111\u1ed3ng h\u00e0nh c\u00f9ng c\u00e1c ch\u1ecb em n\u1ed9i tr\u1ee3; v\u1edbi c\u00e1c s\u1ea3n ph\u1ea9m chuy\u00ean d\u00f9ng gi\u00fap c\u00e1c ch\u1ecb em c\u00f3 th\u1ec3 ch\u1ebf bi\u1ebfn nh\u1eefng m\u00f3n \u0103n th\u1eadt ngon cho ng\u01b0\u1eddi th\u00e2n v\u00e0 gia \u0111\u00ecnh.<\/p>\n<h3>Xu\u1ea5t x\u1ee9: Th\u00e1i Lan<\/h3>\n<div><\/div>\n","protected":false},"excerpt":{"rendered":"<p>B\u1ebfp t\u1eeb h\u1ed3ng ngo\u1ea1i \u0111\u00f4i PRTH-2101 T\u1ed5ng c\u00f4ng su\u1ea5t 4200W ( b\u1ebfp h\u1ed3ng ngo\u1ea1i 2 v\u00f2ng n\u1ea5u, v\u00f9ng t\u1eeb c\u00f4ng su\u1ea5t 2200W v\u00e0 Booter l\u00ean \u0111\u1ebfn 3000W gi\u00fap t\u1ed1i \u01b0u th\u1eddi gian n\u1ea5u)<\/p>\n<ul>\n<li>B\u1ebfp k\u00ednh \u00e2m 2 t\u1eeb<\/li>\n<li>K\u00edch th\u01b0\u1edbc: 730x430mm<\/li>\n<li>K\u00edch th\u01b0\u1edbc c\u1eaft \u0111\u00e1: 710x400mm<\/li>\n<li>\u0110i\u1ec7n \u00e1p: 220-240V, 50-60Hz<\/li>\n<li>C\u00f4ng su\u1ea5t: 2200W + 2200W<\/li>\n<li>Booster: 3000W<\/li>\n<\/ul>\n","protected":false},"featured_media":22452,"comment_status":"open","ping_status":"closed","template":"","meta":[],"product_brand":[],"product_cat":[745,793,813,796,799,80,801,802,723,811,807,741,75,586,585],"product_tag":[81,743,746,310,76,168,111,589,587,588],"class_list":{"0":"post-7846","1":"product","2":"type-product","3":"status-publish","4":"has-post-thumbnail","6":"product_cat-bep-dien-tu","7":"product_cat-bep-1-dien-1-tu","8":"product_cat-bep-dien-tu-chung-cu","9":"product_cat-bep-dien-tu-doi","10":"product_cat-bep-dien-tu-hinh-chu-nhat","11":"product_cat-bep-dien-tu-ket-hop","12":"product_cat-bep-dien-tu-khong-ken-noi","13":"product_cat-bep-dien-tu-mat-kinh-schott-ceran","14":"product_cat-bep-dien-tu-pramie","15":"product_cat-bep-dien-tu-thai-lan","16":"product_cat-bep-dien-tu-tiet-kiem-dien","17":"product_cat-bep-hong-ngoai","18":"product_cat-bep-tu","19":"product_cat-bep-tu-pramie","20":"product_cat-thuong-hieu-pramie","21":"product_tag-bep-dien-tu","22":"product_tag-bep-dien-tu-ket-hop","23":"product_tag-bep-dien-tu-pramie","24":"product_tag-bep-nau","25":"product_tag-bep-tu","26":"product_tag-bep-tu-am","27":"product_tag-bep-tu-doi","28":"product_tag-bep-tu-hong-ngoai","29":"product_tag-bep-tu-pramie","30":"product_tag-pramie","32":"first","33":"instock","34":"sale","35":"shipping-taxable","36":"purchasable","37":"product-type-simple"},"_links":{"self":[{"href":"https:\/\/livinghome.vn\/thiet-bi\/wp-json\/wp\/v2\/product\/7846","targetHints":{"allow":["GET"]}}],"collection":[{"href":"https:\/\/livinghome.vn\/thiet-bi\/wp-json\/wp\/v2\/product"}],"about":[{"href":"https:\/\/livinghome.vn\/thiet-bi\/wp-json\/wp\/v2\/types\/product"}],"replies":[{"embeddable":true,"href":"https:\/\/livinghome.vn\/thiet-bi\/wp-json\/wp\/v2\/comments?post=7846"}],"wp:featuredmedia":[{"embeddable":true,"href":"https:\/\/livinghome.vn\/thiet-bi\/wp-json\/wp\/v2\/media\/22452"}],"wp:attachment":[{"href":"https:\/\/livinghome.vn\/thiet-bi\/wp-json\/wp\/v2\/media?parent=7846"}],"wp:term":[{"taxonomy":"product_brand","embeddable":true,"href":"https:\/\/livinghome.vn\/thiet-bi\/wp-json\/wp\/v2\/product_brand?post=7846"},{"taxonomy":"product_cat","embeddable":true,"href":"https:\/\/livinghome.vn\/thiet-bi\/wp-json\/wp\/v2\/product_cat?post=7846"},{"taxonomy":"product_tag","embeddable":true,"href":"https:\/\/livinghome.vn\/thiet-bi\/wp-json\/wp\/v2\/product_tag?post=7846"}],"curies":[{"name":"wp","href":"https:\/\/api.w.org\/{rel}","templated":true}]}}