{"id":7834,"date":"2023-02-20T06:15:10","date_gmt":"2023-02-20T06:15:10","guid":{"rendered":"https:\/\/livinghome.vn\/thiet-bi\/?post_type=product&#038;p=7834"},"modified":"2024-11-29T14:19:18","modified_gmt":"2024-11-29T07:19:18","slug":"bep-tu-pramie-prth-2201","status":"publish","type":"product","link":"https:\/\/livinghome.vn\/thiet-bi\/bep-tu-pramie-prth-2201\/","title":{"rendered":"B\u1ebfp t\u1eeb Pramie PRTH 2201 \u0111\u00f4i thi\u1ebft k\u1ebf m\u00e0u \u0111en, sang tr\u1ecdng"},"content":{"rendered":"<p>B\u1ebfp t\u1eeb Pramie PRTH 2201 v\u1edbi t\u1ed5ng c\u00f4ng su\u1ea5t l\u00ean \u0111\u1ebfn 4400W; ti\u1ebft ki\u1ec7m th\u1eddi gian m\u00e0 v\u1eabn \u0111\u1ea3m b\u1ea3o ch\u1ea5t l\u01b0\u1ee3ng m\u00f3n \u0103n.<\/p>\n<p>&nbsp;<\/p>\n<figure id=\"attachment_7840\" aria-describedby=\"caption-attachment-7840\" style=\"width: 900px\" class=\"wp-caption alignnone\"><img loading=\"lazy\" decoding=\"async\" class=\"wp-image-7840 size-full\" src=\"https:\/\/livinghome.vn\/thiet-bi\/wp-content\/uploads\/nha-bep\/pramie\/bep-tu\/bep-tu-pramie-prth-2201\/bep-tu-pramie-prth-2201-9.jpg\" alt=\"B\u1ebfp t\u1eeb Pramie PRTH 2201\" width=\"900\" height=\"900\" title=\"\" srcset=\"https:\/\/livinghome.vn\/thiet-bi\/wp-content\/uploads\/nha-bep\/pramie\/bep-tu\/bep-tu-pramie-prth-2201\/bep-tu-pramie-prth-2201-9.jpg 900w, https:\/\/livinghome.vn\/thiet-bi\/wp-content\/uploads\/nha-bep\/pramie\/bep-tu\/bep-tu-pramie-prth-2201\/bep-tu-pramie-prth-2201-9-300x300.jpg 300w, https:\/\/livinghome.vn\/thiet-bi\/wp-content\/uploads\/nha-bep\/pramie\/bep-tu\/bep-tu-pramie-prth-2201\/bep-tu-pramie-prth-2201-9-100x100.jpg 100w, https:\/\/livinghome.vn\/thiet-bi\/wp-content\/uploads\/nha-bep\/pramie\/bep-tu\/bep-tu-pramie-prth-2201\/bep-tu-pramie-prth-2201-9-600x600.jpg 600w, https:\/\/livinghome.vn\/thiet-bi\/wp-content\/uploads\/nha-bep\/pramie\/bep-tu\/bep-tu-pramie-prth-2201\/bep-tu-pramie-prth-2201-9-400x400.jpg 400w, https:\/\/livinghome.vn\/thiet-bi\/wp-content\/uploads\/nha-bep\/pramie\/bep-tu\/bep-tu-pramie-prth-2201\/bep-tu-pramie-prth-2201-9-800x800.jpg 800w, https:\/\/livinghome.vn\/thiet-bi\/wp-content\/uploads\/nha-bep\/pramie\/bep-tu\/bep-tu-pramie-prth-2201\/bep-tu-pramie-prth-2201-9-280x280.jpg 280w, https:\/\/livinghome.vn\/thiet-bi\/wp-content\/uploads\/nha-bep\/pramie\/bep-tu\/bep-tu-pramie-prth-2201\/bep-tu-pramie-prth-2201-9-768x768.jpg 768w\" sizes=\"auto, (max-width: 900px) 100vw, 900px\" \/><figcaption id=\"caption-attachment-7840\" class=\"wp-caption-text\">B\u1ebfp t\u1eeb Pramie PRTH 2201<\/figcaption><\/figure>\n<p>B\u1ebfp t\u1eeb B\u1ebfp t\u1eeb \u0111\u00f4i PRTH-2201 c\u00f3 t\u00edch h\u1ee3p ch\u1ee9c n\u0103ng booster; l\u00e0m n\u00f3ng nhanh v\u00e0 c\u00f4ng ngh\u1ec7 Inverter gi\u00fap ti\u1ebft ki\u1ec7m \u0111i\u1ec7n. V\u1edbi ch\u1ee9c n\u0103ng booster n\u00e0y c\u00f3 th\u1ec3 t\u0103ng t\u1ed1c \u0111\u1ed9 n\u1ea5u \u0111\u1ebfn 3000W.<\/p>\n<p>Khi ch\u00fang ta s\u1eed d\u1ee5ng ch\u1ee9c n\u0103ng booster cho m\u1ed9t trong hai v\u00f9ng n\u1ea5u; th\u00ec c\u00f4ng su\u1ea5t v\u00f9ng n\u1ea5u c\u00f2n l\u1ea1i ph\u1ea3i \u1edf m\u1ee9c \u0111\u1ea3m b\u1ea3o t\u1ed5ng c\u00f4ng su\u1ea5t \u0111\u1ecbnh m\u1ee9c 4400W c\u1ee7a b\u1ebfp t\u1eeb \u0111\u00f4i.<\/p>\n<figure id=\"attachment_7835\" aria-describedby=\"caption-attachment-7835\" style=\"width: 900px\" class=\"wp-caption alignnone\"><img loading=\"lazy\" decoding=\"async\" class=\"wp-image-7835 size-full\" src=\"https:\/\/livinghome.vn\/thiet-bi\/wp-content\/uploads\/nha-bep\/pramie\/bep-tu\/bep-tu-pramie-prth-2201\/bep-tu-pramie-prth-2201-7.jpg\" alt=\"B\u1ebfp t\u1eeb Pramie PRTH 2201\" width=\"900\" height=\"900\" title=\"\" srcset=\"https:\/\/livinghome.vn\/thiet-bi\/wp-content\/uploads\/nha-bep\/pramie\/bep-tu\/bep-tu-pramie-prth-2201\/bep-tu-pramie-prth-2201-7.jpg 900w, https:\/\/livinghome.vn\/thiet-bi\/wp-content\/uploads\/nha-bep\/pramie\/bep-tu\/bep-tu-pramie-prth-2201\/bep-tu-pramie-prth-2201-7-300x300.jpg 300w, https:\/\/livinghome.vn\/thiet-bi\/wp-content\/uploads\/nha-bep\/pramie\/bep-tu\/bep-tu-pramie-prth-2201\/bep-tu-pramie-prth-2201-7-100x100.jpg 100w, https:\/\/livinghome.vn\/thiet-bi\/wp-content\/uploads\/nha-bep\/pramie\/bep-tu\/bep-tu-pramie-prth-2201\/bep-tu-pramie-prth-2201-7-600x600.jpg 600w, https:\/\/livinghome.vn\/thiet-bi\/wp-content\/uploads\/nha-bep\/pramie\/bep-tu\/bep-tu-pramie-prth-2201\/bep-tu-pramie-prth-2201-7-400x400.jpg 400w, https:\/\/livinghome.vn\/thiet-bi\/wp-content\/uploads\/nha-bep\/pramie\/bep-tu\/bep-tu-pramie-prth-2201\/bep-tu-pramie-prth-2201-7-800x800.jpg 800w, https:\/\/livinghome.vn\/thiet-bi\/wp-content\/uploads\/nha-bep\/pramie\/bep-tu\/bep-tu-pramie-prth-2201\/bep-tu-pramie-prth-2201-7-280x280.jpg 280w, https:\/\/livinghome.vn\/thiet-bi\/wp-content\/uploads\/nha-bep\/pramie\/bep-tu\/bep-tu-pramie-prth-2201\/bep-tu-pramie-prth-2201-7-768x768.jpg 768w\" sizes=\"auto, (max-width: 900px) 100vw, 900px\" \/><figcaption id=\"caption-attachment-7835\" class=\"wp-caption-text\">B\u1ebfp t\u1eeb Pramie PRTH 2201<\/figcaption><\/figure>\n<p>B\u1ebfp t\u1eeb \u0111\u00f4i PRTH-2201 v\u1edbi thi\u1ebft k\u1ebf l\u1eafp \u00e2m \u0111\u1ed9c \u0111\u00e1o; c\u00f3 th\u1ec3 ti\u1ebft ki\u1ec7m \u0111\u01b0\u1ee3c kh\u00f4ng gian v\u00e0 t\u0103ng t\u00ednh th\u1ea9m m\u1ef9 cho c\u0103n b\u1ebfp c\u1ee7a b\u1ea1n. Thi\u1ebft k\u1ebf m\u00e0u \u0111en, sang tr\u1ecdng v\u00e0 c\u00f3 th\u1ec3 h\u1ea1n ch\u1ebf b\u1edbt v\u1ebft d\u1ea7u m\u1ee1 tr\u00ean b\u1ebfp.<\/p>\n<h3>T\u00ednh n\u0103ng c\u01a1 b\u1ea3n<\/h3>\n<ul>\n<li><a href=\"https:\/\/livinghome.vn\/thiet-bi\/bep-tu\/\">B\u1ebfp t\u1eeb<\/a><\/li>\n<li>B\u1ebfp 2 v\u00f9ng n\u1ea5u, thi\u1ebft k\u1ebf b\u1ebfp \u00e2m sang tr\u1ecdng ti\u1ebft ki\u1ec7m kh\u00f4ng gian b\u1ebfp, c\u00f3 th\u1ec3 \u0111\u1ec3 b\u1ebfp d\u01b0\u01a1ng<\/li>\n<li>Thi\u1ebft k\u1ebf l\u1eb7p \u00e2m, ti\u1ebft ki\u1ec7m kh\u00f4ng gian b\u1ebfp<\/li>\n<li>T\u1ed5ng c\u00f4ng su\u1ea5t 4400W khi b\u1eadt c\u00f9ng l\u00fac 2 b\u1ebfp<\/li>\n<li>Ch\u1ee9c n\u0103ng Booster t\u0103ng t\u1ed1c \u0111\u1ebfn 3000W\/ b\u1ebfp ( \u0111ung n\u1ee9c s\u00f4i trong v\u00f2ng 3 ph\u00fat<\/li>\n<li>C\u00f4ng ngh\u1ec7 Inverter ti\u1ebft khi\u1ec7m \u0111i\u1ec7n n\u0103ng<\/li>\n<li>H\u1eb9n gi\u1edd t\u1ed1i \u0111a 3h \u0111\u1ed3ng h\u1ed3, ch\u1ee7 \u0111\u1ed9ng th\u1eddi gian<\/li>\n<li>\u0110i\u1ec1u khi\u1ec3n c\u1ea3m \u1ee9ng tr\u01b0\u1ee3t nh\u1ea1y b\u00e9n, c\u00f3 m\u00e0n h\u00ecnh hi\u1ec3n th\u1ecb r\u00f5 n\u00e9t, d\u1ec5 quan s\u00e1t<\/li>\n<li>Ch\u1ea5t l\u01b0\u1ee3ng m\u1eb7t k\u00ednh Schoot Ceran ( \u0110\u1ee9c) ch\u1ecbu nhi\u1ec7t \u0111\u1ed9 \u1edf m\u1ee9c 1000 \u0111\u1ed9 C, ch\u1ecbu tr\u1ecdng l\u1ef1c 15kg, kh\u1ea3 n\u0103ng ch\u1ed1ng s\u1ed1c nhi\u1ec7t \u0111\u1ebfn 800 \u0111\u1ed9 C, c\u00f3 kh\u1ea3 n\u0103ng ch\u1ed1ng tr\u1ea7y, d\u1ec5 lau ch\u00f9i v\u1ec7 sinh<\/li>\n<li>Kh\u00f3a an to\u00e0n tr\u1ebb em<\/li>\n<li>Ch\u1ee9c n\u0103ng d\u1eebng t\u1ea1m th\u1eddi b\u1ebfp<\/li>\n<li>Kh\u00f3a b\u1ea3ng \u0111i\u1ec1u khi\u1ec3n, t\u1ef1 nh\u1eadn di\u1ec7n \u0111\u00e1y n\u1ed3i v\u00e0 t\u1ef1 ng\u1eaft khi b\u1ebfp n\u00f3ng qu\u00e1 t\u1ea3i \u0111\u1ea3m b\u1ea3o an to\u00e0n cho ng\u01b0\u1eddi s\u1eed d\u1ee5ng.<\/li>\n<\/ul>\n<h3>Th\u00f4ng s\u1ed1 k\u1ef9 thu\u1eadt<\/h3>\n<ul>\n<li>Lo\u1ea1i b\u1ebfp: B\u1ebfp t\u1eeb \u0111\u00f4i, B\u1ebfp \u00e2m<\/li>\n<li>T\u1ed5ng c\u00f4ng su\u1ea5t: 4400W<\/li>\n<li>C\u00f4ng su\u1ea5t v\u00f9ng n\u1ea5u: Tr\u00e1i: 2200\/3000W \u2013 Ph\u1ea3i: 2200\/3000W<\/li>\n<li>\u0110i\u1ec7n \u00e1p: 220 \u2013 240V, 50 Hz<\/li>\n<li>K\u00edch th\u01b0\u1edbc v\u00f9ng n\u1ea5u: Tr\u00e1i: \u00d820.5 cm \u2013 Ph\u1ea3i: \u00d820.5 cm<\/li>\n<li>Ki\u1ec3u l\u1eafp \u0111\u1eb7t: L\u1eafp \u00e2m<\/li>\n<li>B\u1ea3ng \u0111i\u1ec1u khi\u1ec3n: C\u1ea3m \u1ee9ng<\/li>\n<li>Ch\u1ea5t li\u1ec7u m\u1eb7t b\u1ebfp: K\u00ednh Ceramic \u2013 Schott Ceran (\u0110\u1ee9c)<\/li>\n<li>Th\u01b0\u01a1ng hi\u1ec7u m\u00e2m n\u1ea5u: E.G.O (\u0110\u1ee9c)<\/li>\n<li>Ch\u1ebf \u0111\u1ed9 n\u1ea5u t\u1ef1 \u0111\u1ed9ng: Kh\u00f4ng c\u00f3<\/li>\n<li>Lo\u1ea1i n\u1ed3i n\u1ea5u: Ch\u1ec9 s\u1eed d\u1ee5ng lo\u1ea1i n\u1ed3i c\u00f3 \u0111\u1ebf nhi\u1ec5m t\u1eeb<\/li>\n<li>Ngang 73 cm \u2013 D\u1ecdc 43 cm \u2013 Cao 5.2 cm \u2013 N\u1eb7ng 9 kg<\/li>\n<li>K\u00edch th\u01b0\u1edbc l\u1ed7 \u0111\u00e1: Ngang 70.8 cm \u2013 D\u1ecdc 40.8 cm<\/li>\n<li>Chi\u1ec1u d\u00e0i d\u00e2y \u0111i\u1ec7n:95 cm<\/li>\n<\/ul>\n<figure id=\"attachment_7838\" aria-describedby=\"caption-attachment-7838\" style=\"width: 900px\" class=\"wp-caption alignnone\"><img loading=\"lazy\" decoding=\"async\" class=\"wp-image-7838 size-full\" src=\"https:\/\/livinghome.vn\/thiet-bi\/wp-content\/uploads\/nha-bep\/pramie\/bep-tu\/bep-tu-pramie-prth-2201\/bep-tu-pramie-prth-2201-4.jpg\" alt=\"B\u1ebfp t\u1eeb Pramie PRTH 2201\" width=\"900\" height=\"900\" title=\"\" srcset=\"https:\/\/livinghome.vn\/thiet-bi\/wp-content\/uploads\/nha-bep\/pramie\/bep-tu\/bep-tu-pramie-prth-2201\/bep-tu-pramie-prth-2201-4.jpg 900w, https:\/\/livinghome.vn\/thiet-bi\/wp-content\/uploads\/nha-bep\/pramie\/bep-tu\/bep-tu-pramie-prth-2201\/bep-tu-pramie-prth-2201-4-300x300.jpg 300w, https:\/\/livinghome.vn\/thiet-bi\/wp-content\/uploads\/nha-bep\/pramie\/bep-tu\/bep-tu-pramie-prth-2201\/bep-tu-pramie-prth-2201-4-100x100.jpg 100w, https:\/\/livinghome.vn\/thiet-bi\/wp-content\/uploads\/nha-bep\/pramie\/bep-tu\/bep-tu-pramie-prth-2201\/bep-tu-pramie-prth-2201-4-600x600.jpg 600w, https:\/\/livinghome.vn\/thiet-bi\/wp-content\/uploads\/nha-bep\/pramie\/bep-tu\/bep-tu-pramie-prth-2201\/bep-tu-pramie-prth-2201-4-400x400.jpg 400w, https:\/\/livinghome.vn\/thiet-bi\/wp-content\/uploads\/nha-bep\/pramie\/bep-tu\/bep-tu-pramie-prth-2201\/bep-tu-pramie-prth-2201-4-800x800.jpg 800w, https:\/\/livinghome.vn\/thiet-bi\/wp-content\/uploads\/nha-bep\/pramie\/bep-tu\/bep-tu-pramie-prth-2201\/bep-tu-pramie-prth-2201-4-280x280.jpg 280w, https:\/\/livinghome.vn\/thiet-bi\/wp-content\/uploads\/nha-bep\/pramie\/bep-tu\/bep-tu-pramie-prth-2201\/bep-tu-pramie-prth-2201-4-768x768.jpg 768w\" sizes=\"auto, (max-width: 900px) 100vw, 900px\" \/><figcaption id=\"caption-attachment-7838\" class=\"wp-caption-text\">B\u1ebfp t\u1eeb Pramie PRTH 2201<\/figcaption><\/figure>\n<p>B\u1ebfp t\u1eeb \u0111\u00f4i Pramie 2201 thi\u1ebft k\u1ebf sang tr\u1ecdng, ph\u00f9 h\u1ee3p v\u1edbi m\u1ecdi kh\u00f4ng gian b\u1ebfp, cho b\u1ea1n b\u1eefa \u0103n th\u1eadt ho\u00e0n h\u1ea3o.<\/p>\n<p>Ngo\u00e0i ra, m\u1ecdi ng\u01b0\u1eddi c\u00f3 th\u1ec3 tham kh\u1ea3o th\u00eam c\u00e1c d\u00f2ng S\u1ea3n ph\u1ea9m c\u1ee7a Pramie \u0111\u1ec3 ch\u1ecdn cho m\u00ecnh s\u1ea3n ph\u1ea9m \u01b0ng \u00fd nh\u1ea5t. Ch\u00fac m\u1ecdi ng\u01b0\u1eddi c\u00f3 m\u1ed9t b\u1eefa \u0103n ngon v\u00e0 \u00fd ngh\u0129a b\u00ean ng\u01b0\u1eddi th\u00e2n c\u1ee7a m\u00ecnh.<\/p>\n<h3>Xu\u1ea5t x\u1ee9: Th\u00e1i Lan<\/h3>\n<div><\/div>\n","protected":false},"excerpt":{"rendered":"<p>B\u1ebfp t\u1eeb \u0111\u00f4i PRTH-2201 B\u1ebfp 2 v\u00f9ng n\u1ea5u, thi\u1ebft k\u1ebf b\u1ebfp \u00e2m sang tr\u1ecdng ti\u1ebft ki\u1ec7m kh\u00f4ng gian b\u1ebfp, c\u00f3 th\u1ec3 \u0111\u1ec3 b\u1ebfp d\u01b0\u01a1ng, thi\u1ebft k\u1ebf l\u1eb7p \u00e2m, ti\u1ebft ki\u1ec7m kh\u00f4ng gian b\u1ebfp<\/p>\n<ul>\n<li>B\u1ebfp k\u00ednh \u00e2m 2 t\u1eeb<\/li>\n<li>K\u00edch th\u01b0\u1edbc: 730x430mm<\/li>\n<li>K\u00edch th\u01b0\u1edbc c\u1eaft \u0111\u00e1: 710x400mm<\/li>\n<li>\u0110i\u1ec7n \u00e1p: 220-240V, 50-60Hz<\/li>\n<li>C\u00f4ng su\u1ea5t: 2200W + 2200W<\/li>\n<li>Booster: 3000W<\/li>\n<\/ul>\n","protected":false},"featured_media":22449,"comment_status":"open","ping_status":"closed","template":"","meta":[],"product_brand":[],"product_cat":[745,794,813,796,799,802,811,807,75,795,586,585],"product_tag":[310,76,168,111,587,588],"class_list":{"0":"post-7834","1":"product","2":"type-product","3":"status-publish","4":"has-post-thumbnail","6":"product_cat-bep-dien-tu","7":"product_cat-bep-2-tu","8":"product_cat-bep-dien-tu-chung-cu","9":"product_cat-bep-dien-tu-doi","10":"product_cat-bep-dien-tu-hinh-chu-nhat","11":"product_cat-bep-dien-tu-mat-kinh-schott-ceran","12":"product_cat-bep-dien-tu-thai-lan","13":"product_cat-bep-dien-tu-tiet-kiem-dien","14":"product_cat-bep-tu","15":"product_cat-bep-tu-doi","16":"product_cat-bep-tu-pramie","17":"product_cat-thuong-hieu-pramie","18":"product_tag-bep-nau","19":"product_tag-bep-tu","20":"product_tag-bep-tu-am","21":"product_tag-bep-tu-doi","22":"product_tag-bep-tu-pramie","23":"product_tag-pramie","25":"first","26":"instock","27":"sale","28":"shipping-taxable","29":"purchasable","30":"product-type-simple"},"_links":{"self":[{"href":"https:\/\/livinghome.vn\/thiet-bi\/wp-json\/wp\/v2\/product\/7834","targetHints":{"allow":["GET"]}}],"collection":[{"href":"https:\/\/livinghome.vn\/thiet-bi\/wp-json\/wp\/v2\/product"}],"about":[{"href":"https:\/\/livinghome.vn\/thiet-bi\/wp-json\/wp\/v2\/types\/product"}],"replies":[{"embeddable":true,"href":"https:\/\/livinghome.vn\/thiet-bi\/wp-json\/wp\/v2\/comments?post=7834"}],"wp:featuredmedia":[{"embeddable":true,"href":"https:\/\/livinghome.vn\/thiet-bi\/wp-json\/wp\/v2\/media\/22449"}],"wp:attachment":[{"href":"https:\/\/livinghome.vn\/thiet-bi\/wp-json\/wp\/v2\/media?parent=7834"}],"wp:term":[{"taxonomy":"product_brand","embeddable":true,"href":"https:\/\/livinghome.vn\/thiet-bi\/wp-json\/wp\/v2\/product_brand?post=7834"},{"taxonomy":"product_cat","embeddable":true,"href":"https:\/\/livinghome.vn\/thiet-bi\/wp-json\/wp\/v2\/product_cat?post=7834"},{"taxonomy":"product_tag","embeddable":true,"href":"https:\/\/livinghome.vn\/thiet-bi\/wp-json\/wp\/v2\/product_tag?post=7834"}],"curies":[{"name":"wp","href":"https:\/\/api.w.org\/{rel}","templated":true}]}}