{"id":7803,"date":"2023-02-20T05:16:38","date_gmt":"2023-02-20T05:16:38","guid":{"rendered":"https:\/\/livinghome.vn\/thiet-bi\/?post_type=product&#038;p=7803"},"modified":"2024-11-29T14:19:18","modified_gmt":"2024-11-29T07:19:18","slug":"bep-tu-pramie-prmy-1108","status":"publish","type":"product","link":"https:\/\/livinghome.vn\/thiet-bi\/bep-tu-pramie-prmy-1108\/","title":{"rendered":"B\u1ebfp t\u1eeb Pramie PRMY 1108 \u0111\u01a1n ki\u1ec3u d\u00e1ng nh\u1ecf g\u1ecdn"},"content":{"rendered":"<h3>B\u1ebfp t\u1eeb Pramie PRMY t\u1eeb th\u01b0\u01a1ng hi\u1ec7u Pramie uy t\u00edn n\u01b0\u1edbc \u0110\u1ee9c, nh\u1eadp kh\u1ea9u t\u1eeb Malaysia<\/h3>\n<p>&nbsp;<\/p>\n<figure id=\"attachment_7817\" aria-describedby=\"caption-attachment-7817\" style=\"width: 900px\" class=\"wp-caption alignnone\"><img loading=\"lazy\" decoding=\"async\" class=\"wp-image-7817 size-full\" src=\"https:\/\/livinghome.vn\/thiet-bi\/wp-content\/uploads\/nha-bep\/pramie\/bep-tu\/bep-tu-pramie-prmy-1108\/bep-tu-pramie-prmy-1108-5.jpg\" alt=\"B\u1ebfp t\u1eeb Pramie PRMY 1108\" width=\"900\" height=\"900\" title=\"\" srcset=\"https:\/\/livinghome.vn\/thiet-bi\/wp-content\/uploads\/nha-bep\/pramie\/bep-tu\/bep-tu-pramie-prmy-1108\/bep-tu-pramie-prmy-1108-5.jpg 900w, https:\/\/livinghome.vn\/thiet-bi\/wp-content\/uploads\/nha-bep\/pramie\/bep-tu\/bep-tu-pramie-prmy-1108\/bep-tu-pramie-prmy-1108-5-300x300.jpg 300w, https:\/\/livinghome.vn\/thiet-bi\/wp-content\/uploads\/nha-bep\/pramie\/bep-tu\/bep-tu-pramie-prmy-1108\/bep-tu-pramie-prmy-1108-5-100x100.jpg 100w, https:\/\/livinghome.vn\/thiet-bi\/wp-content\/uploads\/nha-bep\/pramie\/bep-tu\/bep-tu-pramie-prmy-1108\/bep-tu-pramie-prmy-1108-5-600x600.jpg 600w, https:\/\/livinghome.vn\/thiet-bi\/wp-content\/uploads\/nha-bep\/pramie\/bep-tu\/bep-tu-pramie-prmy-1108\/bep-tu-pramie-prmy-1108-5-400x400.jpg 400w, https:\/\/livinghome.vn\/thiet-bi\/wp-content\/uploads\/nha-bep\/pramie\/bep-tu\/bep-tu-pramie-prmy-1108\/bep-tu-pramie-prmy-1108-5-800x800.jpg 800w, https:\/\/livinghome.vn\/thiet-bi\/wp-content\/uploads\/nha-bep\/pramie\/bep-tu\/bep-tu-pramie-prmy-1108\/bep-tu-pramie-prmy-1108-5-280x280.jpg 280w, https:\/\/livinghome.vn\/thiet-bi\/wp-content\/uploads\/nha-bep\/pramie\/bep-tu\/bep-tu-pramie-prmy-1108\/bep-tu-pramie-prmy-1108-5-768x768.jpg 768w\" sizes=\"auto, (max-width: 900px) 100vw, 900px\" \/><figcaption id=\"caption-attachment-7817\" class=\"wp-caption-text\">B\u1ebfp t\u1eeb Pramie PRMY 1108<\/figcaption><\/figure>\n<h3>B\u1ebfp t\u1eeb \u0111\u01a1n PRMY 1108 v\u1edbi t\u00ednh n\u0103ng kh\u00f3a b\u1ea3ng \u0111i\u1ec1u khi\u1ec3n.<\/h3>\n<p>Tr\u00e1nh kh\u00f4ng cho tr\u1ebb nh\u1ecf ph\u00e1 ph\u00e1ch, nh\u1ea5n nh\u1ea7m v\u00e0o c\u00e1c ph\u00edm trong khi ch\u01a1i xung quanh b\u1ebfp, c\u0169ng kh\u00f4ng l\u00e0m \u1ea3nh h\u01b0\u1edfng \u0111\u1ebfn ho\u1ea1t \u0111\u1ed9ng c\u1ee7a b\u1ebfp.<\/p>\n<h3>Ch\u1ebf \u0111\u1ed9 h\u1eb9n gi\u1edd th\u1eddi gian h\u1eb9n t\u1ed1i \u0111a \u0111\u1ebfn 3 ti\u1ebfng.<\/h3>\n<p>Cho ph\u00e9p b\u1ea1n ch\u1ecdn th\u1eddi gian n\u1ea5u th\u00edch h\u1ee3p cho t\u1eebng m\u00f3n \u0103n kh\u00e1c nhau, gi\u00fap th\u1ee9c \u0103n ch\u00edn \u0111\u1ec1u, ngon, \u0111\u1eadm \u0111\u00e0 h\u01b0\u01a1ng v\u1ecb. C\u00f3 th\u1ec3 tranh th\u1ee7 l\u00e0m nhi\u1ec1u c\u00f4ng vi\u1ec7c kh\u00e1c m\u00e0 kh\u00f4ng lo m\u00f3n \u0103n b\u1ecb ch\u00e1y kh\u00e9t.<\/p>\n<h3>S\u1eed d\u1ee5ng an to\u00e0n, t\u1ed1i \u01b0u qua c\u00e1c t\u00ednh n\u0103ng an to\u00e0n.<\/h3>\n<p>\u2013 C\u1ea3nh b\u00e1o m\u1eb7t b\u1ebfp n\u00f3ng: Hi\u1ec3n th\u1ecb k\u00fd hi\u1ec7u \u201cH\u201d khi b\u1ec1 m\u1eb7t b\u1ebfp n\u00f3ng cho ng\u01b0\u1eddi d\u00f9ng d\u1ec5 nh\u1eadn bi\u1ebft v\u00e0 tr\u00e1nh ti\u1ebfp x\u00fac v\u1edbi m\u1eb7t b\u1ebfp n\u00f3ng.<\/p>\n<p>\u2013 T\u00ednh n\u0103ng t\u1ef1 nh\u1eadn di\u1ec7n k\u00edch c\u1ee1 n\u1ed3i ch\u1ea3o: Cho b\u1ebfp c\u00f3 kh\u1ea3 n\u0103ng nh\u1eadn di\u1ec7n v\u00e0 l\u00e0m n\u00f3ng chu\u1ea9n x\u00e1c ch\u1ec9 v\u00f9ng n\u1ea5u c\u00f3 s\u1ef1 ti\u1ebfp x\u00fac v\u1edbi \u0111\u00e1y n\u1ed3i.<\/p>\n<h3>B\u1ebfp ch\u1ec9 s\u1eed d\u1ee5ng \u0111\u01b0\u1ee3c tr\u00ean c\u00e1c n\u1ed3i, ch\u1ea3o c\u00f3 m\u1eb7t \u0111\u1ebf nhi\u1ec5m t\u1eeb.<\/h3>\n<p>Khi mua c\u00e1c ph\u1ee5 ki\u1ec7n n\u1ea5u \u0103n n\u00ean ch\u00fa \u00fd c\u00e1c s\u1ea3n ph\u1ea9m c\u00f3 m\u1eb7t \u0111\u1ec3 nhi\u1ec5m t\u1eeb \u0111\u1ec3 tr\u00e1nh tr\u01b0\u1eddng h\u1ee3p kh\u00f4ng s\u1eed d\u1ee5ng \u0111\u01b0\u1ee3c.<\/p>\n<figure id=\"attachment_7813\" aria-describedby=\"caption-attachment-7813\" style=\"width: 900px\" class=\"wp-caption alignnone\"><img loading=\"lazy\" decoding=\"async\" class=\"wp-image-7813 size-full\" src=\"https:\/\/livinghome.vn\/thiet-bi\/wp-content\/uploads\/nha-bep\/pramie\/bep-tu\/bep-tu-pramie-prmy-1108\/bep-tu-pramie-prmy-1108-11.jpg\" alt=\"B\u1ebfp t\u1eeb Pramie PRMY 1108\" width=\"900\" height=\"900\" title=\"\" srcset=\"https:\/\/livinghome.vn\/thiet-bi\/wp-content\/uploads\/nha-bep\/pramie\/bep-tu\/bep-tu-pramie-prmy-1108\/bep-tu-pramie-prmy-1108-11.jpg 900w, https:\/\/livinghome.vn\/thiet-bi\/wp-content\/uploads\/nha-bep\/pramie\/bep-tu\/bep-tu-pramie-prmy-1108\/bep-tu-pramie-prmy-1108-11-300x300.jpg 300w, https:\/\/livinghome.vn\/thiet-bi\/wp-content\/uploads\/nha-bep\/pramie\/bep-tu\/bep-tu-pramie-prmy-1108\/bep-tu-pramie-prmy-1108-11-100x100.jpg 100w, https:\/\/livinghome.vn\/thiet-bi\/wp-content\/uploads\/nha-bep\/pramie\/bep-tu\/bep-tu-pramie-prmy-1108\/bep-tu-pramie-prmy-1108-11-600x600.jpg 600w, https:\/\/livinghome.vn\/thiet-bi\/wp-content\/uploads\/nha-bep\/pramie\/bep-tu\/bep-tu-pramie-prmy-1108\/bep-tu-pramie-prmy-1108-11-400x400.jpg 400w, https:\/\/livinghome.vn\/thiet-bi\/wp-content\/uploads\/nha-bep\/pramie\/bep-tu\/bep-tu-pramie-prmy-1108\/bep-tu-pramie-prmy-1108-11-800x800.jpg 800w, https:\/\/livinghome.vn\/thiet-bi\/wp-content\/uploads\/nha-bep\/pramie\/bep-tu\/bep-tu-pramie-prmy-1108\/bep-tu-pramie-prmy-1108-11-280x280.jpg 280w, https:\/\/livinghome.vn\/thiet-bi\/wp-content\/uploads\/nha-bep\/pramie\/bep-tu\/bep-tu-pramie-prmy-1108\/bep-tu-pramie-prmy-1108-11-768x768.jpg 768w\" sizes=\"auto, (max-width: 900px) 100vw, 900px\" \/><figcaption id=\"caption-attachment-7813\" class=\"wp-caption-text\">B\u1ebfp t\u1eeb Pramie PRMY 1108<\/figcaption><\/figure>\n<h3>T\u00ednh n\u0103ng c\u01a1 b\u1ea3n<\/h3>\n<ul>\n<li><a href=\"https:\/\/livinghome.vn\/thiet-bi\/bep-tu\/\">B\u1ebfp t\u1eeb<\/a> &#8211; B\u1ebfp t\u1eeb \u0111\u01a1n<\/li>\n<li>N\u1ea5u nhanh, ti\u1ebft ki\u1ec7m th\u1eddi gian ( C\u00f4ng su\u1ea5t 2000W, Booster l\u00ean 2600W)<\/li>\n<li>\u0110i\u1ec1u khi\u1ec3n c\u1ea3m \u1ee9ng, tr\u01b0\u1ee3t Slide 8 m\u1ee9c c\u00f4ng su\u1ea5t, d\u1ec5 \u0111i\u1ec1u khi\u1ec3n<\/li>\n<li>C\u00f4ng ngh\u1ec7 Inverter, ti\u1ebft ki\u1ec7m \u0111i\u1ec7n n\u0103ng<\/li>\n<li>M\u1eb7t k\u00ednh Ceramic K+ ( Ph\u00e1p) ch\u1ed1ng tr\u1ea7y, ch\u1ecbu l\u1ef1c, kh\u00f3 b\u00e1m b\u1ea9n d\u1ec5 lau ch\u00f9i<\/li>\n<li>Ch\u1ee9c n\u0103ng kh\u00f3a b\u00e1n ph\u00edm, an to\u00e0n tr\u1ebb nh\u1ecf<\/li>\n<li>Ch\u1ee9c n\u0103ng h\u1eb9n gi\u1edd t\u1ed1i \u0111a 3 ti\u1ebfng<\/li>\n<li>Ch\u1ee9c n\u0103ng t\u1ea1m d\u1eebng b\u1ebfp<\/li>\n<li>T\u1ef1 \u0111\u1ed9ng t\u1eaft b\u1ebfp khi kh\u00f4ng c\u00f3 n\u1ed3i<\/li>\n<li>T\u00ednh n\u0103ng an to\u00e0n, t\u1ef1 nh\u1eadn di\u1ec7n xoong n\u1ed3i, c\u1ea3nh b\u00e1o nhi\u1ec7t d\u01b0<\/li>\n<li>H\u1ec7 th\u1ed1ng b\u1ea3o v\u1ec7 an to\u00e0n qu\u00e1 nhi\u1ec7t, qu\u00e1 \u00e1p<\/li>\n<li>Thi\u1ebft k\u1ebf nh\u1ecf g\u1ecdn, l\u1eafp \u00e2m ho\u1eb7c \u0111\u1ec3 tr\u00ean k\u1ec7 b\u1ebfp d\u1ec5 d\u00e0ng<\/li>\n<\/ul>\n<h3>Th\u00f4ng s\u1ed1 k\u1ef9 thu\u1eadt<\/h3>\n<ul>\n<li>Lo\u1ea1i b\u1ebfp: B\u1ebfp t\u1eeb \u0111\u01a1n<\/li>\n<li>C\u00f4ng su\u1ea5t v\u00f9ng n\u1ea5u: 2000\/2600W<\/li>\n<li>\u0110i\u1ec7n \u00e1p: 220V\/50 Hz<\/li>\n<li>K\u00edch th\u01b0\u1edbc v\u00f9ng n\u1ea5u: \u00d819 cm<\/li>\n<li>Ki\u1ec3u l\u1eafp \u0111\u1eb7t: L\u1eafp d\u01b0\u01a1ng<\/li>\n<li>B\u1ea3ng \u0111i\u1ec1u khi\u1ec3n: C\u1ea3m \u1ee9ng<\/li>\n<li>Ch\u1ea5t li\u1ec7u m\u1eb7t b\u1ebfp: K\u00ednh Ceramic \u2013 K+ (Ph\u00e1p)<\/li>\n<li>Th\u01b0\u01a1ng hi\u1ec7u m\u00e2m n\u1ea5u: E.G.O (\u0110\u1ee9c)<\/li>\n<li>Ch\u1ebf \u0111\u1ed9 n\u1ea5u t\u1ef1 \u0111\u1ed9ng: Kh\u00f4ng c\u00f3<\/li>\n<li>K\u00edch th\u01b0\u1edbc, kh\u1ed1i l\u01b0\u1ee3ng: Ngang 32 cm \u2013 D\u1ecdc 39 cm \u2013 Cao 7.5 cm \u2013 N\u1eb7ng 4 kg<\/li>\n<li>K\u00edch th\u01b0\u1edbc l\u1ed7 \u0111\u00e1: Ngang 36 cm \u2013 D\u1ecdc 29.5 cm<\/li>\n<li>Chi\u1ec1u d\u00e0i d\u00e2y \u0111i\u1ec7n: 109 cm<\/li>\n<\/ul>\n<figure id=\"attachment_7810\" aria-describedby=\"caption-attachment-7810\" style=\"width: 900px\" class=\"wp-caption alignnone\"><img loading=\"lazy\" decoding=\"async\" class=\"wp-image-7810 size-full\" src=\"https:\/\/livinghome.vn\/thiet-bi\/wp-content\/uploads\/nha-bep\/pramie\/bep-tu\/bep-tu-pramie-prmy-1108\/bep-tu-pramie-prmy-1108-16.jpg\" alt=\"B\u1ebfp t\u1eeb Pramie PRMY 1108\" width=\"900\" height=\"900\" title=\"\" srcset=\"https:\/\/livinghome.vn\/thiet-bi\/wp-content\/uploads\/nha-bep\/pramie\/bep-tu\/bep-tu-pramie-prmy-1108\/bep-tu-pramie-prmy-1108-16.jpg 900w, https:\/\/livinghome.vn\/thiet-bi\/wp-content\/uploads\/nha-bep\/pramie\/bep-tu\/bep-tu-pramie-prmy-1108\/bep-tu-pramie-prmy-1108-16-300x300.jpg 300w, https:\/\/livinghome.vn\/thiet-bi\/wp-content\/uploads\/nha-bep\/pramie\/bep-tu\/bep-tu-pramie-prmy-1108\/bep-tu-pramie-prmy-1108-16-100x100.jpg 100w, https:\/\/livinghome.vn\/thiet-bi\/wp-content\/uploads\/nha-bep\/pramie\/bep-tu\/bep-tu-pramie-prmy-1108\/bep-tu-pramie-prmy-1108-16-600x600.jpg 600w, https:\/\/livinghome.vn\/thiet-bi\/wp-content\/uploads\/nha-bep\/pramie\/bep-tu\/bep-tu-pramie-prmy-1108\/bep-tu-pramie-prmy-1108-16-400x400.jpg 400w, https:\/\/livinghome.vn\/thiet-bi\/wp-content\/uploads\/nha-bep\/pramie\/bep-tu\/bep-tu-pramie-prmy-1108\/bep-tu-pramie-prmy-1108-16-800x800.jpg 800w, https:\/\/livinghome.vn\/thiet-bi\/wp-content\/uploads\/nha-bep\/pramie\/bep-tu\/bep-tu-pramie-prmy-1108\/bep-tu-pramie-prmy-1108-16-280x280.jpg 280w, https:\/\/livinghome.vn\/thiet-bi\/wp-content\/uploads\/nha-bep\/pramie\/bep-tu\/bep-tu-pramie-prmy-1108\/bep-tu-pramie-prmy-1108-16-768x768.jpg 768w\" sizes=\"auto, (max-width: 900px) 100vw, 900px\" \/><figcaption id=\"caption-attachment-7810\" class=\"wp-caption-text\">B\u1ebfp t\u1eeb Pramie PRMY 1108<\/figcaption><\/figure>\n<p>M\u1eb9o s\u1eed d\u1ee5ng B\u1ebfp t\u1eeb \u0111\u01a1n PRMY-1108 hi\u1ec7u qu\u1ea3:<br \/>\n\u2013 Tham kh\u1ea3o k\u1ef9 c\u00e0ng h\u01b0\u1edbng d\u1eabn c\u1ee7a nh\u00e0 s\u1ea3n xu\u1ea5t tr\u01b0\u1edbc khi v\u1eadn h\u00e0nh b\u1ebfp.<\/p>\n<p>\u2013 Ch\u1ecdn m\u1ee9c c\u00f4ng su\u1ea5t n\u1ea5u ph\u00f9 h\u1ee3p v\u1edbi t\u1eebng nguy\u00ean li\u1ec7u, c\u00f4ng th\u1ee9c, kh\u00f4ng n\u1ea5u \u0103n v\u1edbi m\u1ee9c c\u00f4ng su\u1ea5t t\u1ed1i \u0111a qu\u00e1 l\u00e2u.<\/p>\n<p>\u2013 Kh\u00f4ng d\u00f9ng ch\u1ea5t t\u1ea9y r\u1eeda n\u1ed3ng \u0111\u1ed9 m\u1ea1nh, b\u00fai s\u1eaft \u0111\u1ec3 v\u1ec7 sinh m\u1eb7t b\u1ebfp.<\/p>\n<p>B\u1ebfp t\u1eeb Pramie 1108 l\u00e0 thi\u1ebft b\u1ecb \u0111un n\u1ea5u nh\u1ecf g\u1ecdn \u0111\u1ebfn t\u1eeb th\u01b0\u01a1ng hi\u1ec7u Pramie uy t\u00edn c\u1ee7a \u0110\u1ee9c, s\u1ea3n xu\u1ea5t t\u1ea1i Malaysia, thi\u1ebft k\u1ebf \u0111\u1eb9p m\u1eaft, n\u1ea5u \u0103n nhanh, s\u1eed d\u1ee5ng ti\u1ec7n l\u1ee3i, l\u00e0 l\u1ef1a ch\u1ecdn ph\u00f9 h\u1ee3p cho b\u1ea1n.<\/p>\n<p>M\u1ed9t kh\u00f4ng gian b\u1ebfp \u1ea5m \u00e1p kh\u00f4ng l\u00e0 v\u1eabn ch\u01b0a \u0111\u1ee7, c\u00f2n ph\u1ea3i k\u1ebft h\u1ee3p v\u1edbi nh\u1eefng thi\u1ebft b\u1ecb n\u1ea5u \u0103n v\u1eeba hi\u1ec7n \u0111\u1ea1i, an to\u00e0n v\u00e0 mang t\u00ednh th\u1ea9m m\u1ef9 l\u00e0 nh\u1eefng ti\u00eau ch\u00ed m\u00e0 Pramie c\u00f3 th\u1ec3 mang \u0111\u1ebfn cho c\u0103n b\u1ebfp nh\u00e0 b\u1ea1n. B\u1ea1n c\u00f3 th\u1ec3 tham kh\u1ea3o th\u00eam s\u1ea3n ph\u1ea9m thi\u1ebft b\u1ecb m\u00e1y h\u00fat kh\u1eed m\u00f9i c\u1ee7a Pramie \u2013 m\u1ed9t s\u1ef1 k\u1ebft h\u1ee3p ho\u00e0n h\u1ea3o cho vi\u1ec7c n\u1ed9i tr\u1ee3 c\u1ee7a c\u00e1c ch\u1ecb em.<\/p>\n<h3>Xu\u1ea5t x\u1ee9: Malaysia<\/h3>\n<div><\/div>\n","protected":false},"excerpt":{"rendered":"<p>B\u1ebfp t\u1eeb \u0111\u01a1n PRMY-1108 \u0110i\u1ec1u khi\u1ec3n c\u1ea3m \u1ee9ng, tr\u01b0\u1ee3t Slide 8 m\u1ee9c c\u00f4ng su\u1ea5t, d\u1ec5 \u0111i\u1ec1u khi\u1ec3n, m\u1eb7t k\u00ednh Ceramic K+ ( Ph\u00e1p) ch\u1ed1ng tr\u1ea7y, ch\u1ecbu l\u1ef1c, kh\u00f3 b\u00e1m b\u1ea9n d\u1ec5 lau ch\u00f9i<\/p>\n<ul>\n<li>K\u00edch th\u01b0\u1edbc m\u1eb7t k\u00ednh: 390x320mm<\/li>\n<li>K\u00edch th\u01b0\u1edbc c\u1eaft \u0111\u00e1: 360x296mm<\/li>\n<li>C\u00f4ng su\u1ea5t b\u1ebfp: 2000W<\/li>\n<li>Ch\u1ee9c n\u0103ng BOOSTER c\u00f4ng su\u1ea5t: 2600W<\/li>\n<\/ul>\n","protected":false},"featured_media":22516,"comment_status":"open","ping_status":"closed","template":"","meta":[],"product_brand":[],"product_cat":[745,808,810,814,75,733,586,585],"product_tag":[310,76,168,83,587,588],"class_list":{"0":"post-7803","1":"product","2":"type-product","3":"status-publish","4":"has-post-thumbnail","6":"product_cat-bep-dien-tu","7":"product_cat-bep-dien-tu-don","8":"product_cat-bep-dien-tu-malaysia","9":"product_cat-bep-dien-tu-nha-tro","10":"product_cat-bep-tu","11":"product_cat-bep-tu-don","12":"product_cat-bep-tu-pramie","13":"product_cat-thuong-hieu-pramie","14":"product_tag-bep-nau","15":"product_tag-bep-tu","16":"product_tag-bep-tu-am","17":"product_tag-bep-tu-don","18":"product_tag-bep-tu-pramie","19":"product_tag-pramie","21":"first","22":"instock","23":"sale","24":"shipping-taxable","25":"purchasable","26":"product-type-simple"},"_links":{"self":[{"href":"https:\/\/livinghome.vn\/thiet-bi\/wp-json\/wp\/v2\/product\/7803","targetHints":{"allow":["GET"]}}],"collection":[{"href":"https:\/\/livinghome.vn\/thiet-bi\/wp-json\/wp\/v2\/product"}],"about":[{"href":"https:\/\/livinghome.vn\/thiet-bi\/wp-json\/wp\/v2\/types\/product"}],"replies":[{"embeddable":true,"href":"https:\/\/livinghome.vn\/thiet-bi\/wp-json\/wp\/v2\/comments?post=7803"}],"wp:featuredmedia":[{"embeddable":true,"href":"https:\/\/livinghome.vn\/thiet-bi\/wp-json\/wp\/v2\/media\/22516"}],"wp:attachment":[{"href":"https:\/\/livinghome.vn\/thiet-bi\/wp-json\/wp\/v2\/media?parent=7803"}],"wp:term":[{"taxonomy":"product_brand","embeddable":true,"href":"https:\/\/livinghome.vn\/thiet-bi\/wp-json\/wp\/v2\/product_brand?post=7803"},{"taxonomy":"product_cat","embeddable":true,"href":"https:\/\/livinghome.vn\/thiet-bi\/wp-json\/wp\/v2\/product_cat?post=7803"},{"taxonomy":"product_tag","embeddable":true,"href":"https:\/\/livinghome.vn\/thiet-bi\/wp-json\/wp\/v2\/product_tag?post=7803"}],"curies":[{"name":"wp","href":"https:\/\/api.w.org\/{rel}","templated":true}]}}