{"id":770,"date":"2023-01-12T11:25:52","date_gmt":"2023-01-12T11:25:52","guid":{"rendered":"https:\/\/livinghome.vn\/thiet-bi\/?post_type=product&#038;p=770"},"modified":"2024-11-29T14:20:55","modified_gmt":"2024-11-29T07:20:55","slug":"bep-gas-ket-hop-tu-kaff-kf-088ig-73cm-1-tu-1-gas","status":"publish","type":"product","link":"https:\/\/livinghome.vn\/thiet-bi\/bep-gas-ket-hop-tu-kaff-kf-088ig-73cm-1-tu-1-gas\/","title":{"rendered":"B\u1ebfp Gas K\u1ebft H\u1ee3p T\u1eeb Kaff KF-088IG 73CM 1 T\u1eeb 1 Gas M\u1eb7t K\u00ednh Crystal"},"content":{"rendered":"<h2><strong>B\u1ebfp gas k\u1ebft h\u1ee3p t\u1eeb Kaff KF-088IG<\/strong><\/h2>\n<blockquote>\n<h3>B\u1ebfp ch\u1eef nh\u1eadt d\u00e0i 73cm v\u1edbi 1 v\u00f9ng n\u1ea5u t\u1eeb k\u1ebft h\u1ee3p 1 v\u00f9ng n\u1ea5u gas<\/h3>\n<\/blockquote>\n<p>L\u00e0 d\u00f2ng s\u1ea3n ph\u1ea9m c\u00f3 thi\u1ebft k\u1ebf v\u01b0\u1ee3t tr\u1ed9i nh\u1eb1m \u0111\u00e1p \u1ee9ng mong mu\u1ed1n c\u1ee7a ng\u01b0\u1eddi ti\u00eau d\u00f9ng v\u1ec1 m\u1ed9t s\u1ea3n ph\u1ea9m v\u1eeba c\u00f3 th\u1ec3 n\u1ea5u tr\u00ean b\u1ebfp t\u1eeb 1 c\u00e1ch nhanh ch\u00f3ng v\u1eeba c\u00f3 th\u1ec3 n\u1ea5u \u0111\u01b0\u1ee3c b\u1ebfp gas ph\u00f2ng tr\u01b0\u1eddng h\u1ee3p khi c\u00fap \u0111i\u1ec7n v\u00e0 kh\u00f4ng s\u1ee3 b\u1ecb k\u00e9n n\u1ed3i b\u1ed5 sung cho khuy\u1ebft \u0111i\u1ec3m c\u1ee7a b\u00ean l\u00f2 n\u1ea5u t\u1eeb l\u00e0 k\u00e9n n\u1ed3i r\u1ea5t \u01b0u vi\u1ec7t, l\u1ea1i v\u1eeba ti\u1ebft ki\u1ec7m chi ph\u00ed<\/p>\n<p><strong>N\u1ed5i b\u1eadt:<\/strong><\/p>\n<ul>\n<li>M\u1eb7t k\u00ednh Crystal si\u00eau b\u1ec1n, ch\u1ecbu l\u1ef1c ch\u1ecbu s\u1ed1c nhi\u1ec7t<\/li>\n<\/ul>\n<figure id=\"attachment_12010\" aria-describedby=\"caption-attachment-12010\" style=\"width: 1200px\" class=\"wp-caption alignnone\"><img loading=\"lazy\" decoding=\"async\" class=\"wp-image-12010 size-full\" src=\"https:\/\/livinghome.vn\/thiet-bi\/wp-content\/uploads\/nha-bep\/kaff\/bep-ga\/bep-ga-kaff-kf-088ig\/bep-gas-ket-hop-tu-kaff-kf-088ig-4.jpg\" alt=\"B\u1ebfp Gas K\u1ebft H\u1ee3p T\u1eeb Kaff KF-088IG\" width=\"1200\" height=\"900\" title=\"\" srcset=\"https:\/\/livinghome.vn\/thiet-bi\/wp-content\/uploads\/nha-bep\/kaff\/bep-ga\/bep-ga-kaff-kf-088ig\/bep-gas-ket-hop-tu-kaff-kf-088ig-4.jpg 1200w, https:\/\/livinghome.vn\/thiet-bi\/wp-content\/uploads\/nha-bep\/kaff\/bep-ga\/bep-ga-kaff-kf-088ig\/bep-gas-ket-hop-tu-kaff-kf-088ig-4-600x450.jpg 600w, https:\/\/livinghome.vn\/thiet-bi\/wp-content\/uploads\/nha-bep\/kaff\/bep-ga\/bep-ga-kaff-kf-088ig\/bep-gas-ket-hop-tu-kaff-kf-088ig-4-533x400.jpg 533w, https:\/\/livinghome.vn\/thiet-bi\/wp-content\/uploads\/nha-bep\/kaff\/bep-ga\/bep-ga-kaff-kf-088ig\/bep-gas-ket-hop-tu-kaff-kf-088ig-4-1067x800.jpg 1067w, https:\/\/livinghome.vn\/thiet-bi\/wp-content\/uploads\/nha-bep\/kaff\/bep-ga\/bep-ga-kaff-kf-088ig\/bep-gas-ket-hop-tu-kaff-kf-088ig-4-768x576.jpg 768w\" sizes=\"auto, (max-width: 1200px) 100vw, 1200px\" \/><figcaption id=\"caption-attachment-12010\" class=\"wp-caption-text\">B\u1ebfp Gas K\u1ebft H\u1ee3p T\u1eeb Kaff KF-088IG<\/figcaption><\/figure>\n<p><strong>B\u00ean v\u00f9ng n\u1ea5u t\u1eeb:<br \/>\n<\/strong><\/p>\n<ul>\n<li>10 d\u00e3y c\u00f4ng su\u1ea5t<\/li>\n<li>\u0110i\u1ec1u khi\u1ec3n c\u1ea3m \u1ee9ng \u0111\u1ed9c l\u1eadp d\u1ea1ng \u1ea9n tr\u1ef1c ti\u1ebfp tr\u00ean m\u1eb7t b\u1ebfp<\/li>\n<li>Bo m\u1ea1ch IGBT Siemen<\/li>\n<li>Ch\u1ebf \u0111\u1ed9 h\u1eb9n gi\u1edd, kh\u00f3a tr\u1ebb em th\u00f4ng minh, ti\u1ec7n d\u1ee5ng<\/li>\n<li>T\u1ef1 \u0111\u1ed9ng nh\u1eadn di\u1ec7n v\u00f9ng n\u1ea5u<\/li>\n<li>Ch\u1ee9c n\u0103ng INVERTER, chia c\u00f4ng su\u1ea5t ti\u1ebft ki\u1ec7m \u0111i\u1ec7n n\u0103ng, b\u1ea3o v\u1ec7 b\u1ebfp<\/li>\n<li>C\u1ea3m \u1ee9ng qu\u00e1 nhi\u1ec7t<\/li>\n<li>Ch\u1ee9c n\u0103ng h\u00e2m, ch\u1ee9c n\u0103ng t\u1ea1m d\u1eebng, ch\u1ee9c n\u0103ng ch\u1ed1ng tr\u00e0n<\/li>\n<li>C\u00f4ng su\u1ea5t b\u1ebfp: 2000W<\/li>\n<\/ul>\n<p><strong>B\u00ean v\u00f9ng n\u1ea5u gas:<\/strong><\/p>\n<ul>\n<li>H\u1ec7 th\u1ed1ng m\u00e2m chia l\u1eeda b\u1eb1ng \u0111\u1ed3ng Horisun HS080A<\/li>\n<li>Khay Inox 304<\/li>\n<li>\u0110i\u1ebfu \u0111\u1ed3ng nh\u00f4m si\u00eau b\u1ec1n, s\u1ee9 \u0111\u00e1nh l\u1eeda b\u1eb1ng \u0111\u1ed3ng<\/li>\n<li>Ch\u1ebf \u0111\u1ed9 p\u00e9p h\u1ea7m ti\u1ebft ki\u1ec7m gas<\/li>\n<li>C\u1ea3m \u1ee9ng ng\u1eaft gas t\u1ef1 \u0111\u1ed9ng an to\u00e0n<\/li>\n<li>H\u1ec7 th\u1ed1ng \u0111\u00e1nh l\u1eeda Pin (IC)<\/li>\n<li>L\u01b0\u1ee3ng gas ti\u00eau th\u1ee5: 0.30 kg\/h\/l\u00f2<\/li>\n<\/ul>\n<figure id=\"attachment_12007\" aria-describedby=\"caption-attachment-12007\" style=\"width: 1200px\" class=\"wp-caption alignnone\"><img loading=\"lazy\" decoding=\"async\" class=\"wp-image-12007 size-full\" src=\"https:\/\/livinghome.vn\/thiet-bi\/wp-content\/uploads\/nha-bep\/kaff\/bep-ga\/bep-ga-kaff-kf-088ig\/bep-gas-ket-hop-tu-kaff-kf-088ig-2.jpg\" alt=\"B\u1ebfp Gas K\u1ebft H\u1ee3p T\u1eeb Kaff KF-088IG\" width=\"1200\" height=\"900\" title=\"\" srcset=\"https:\/\/livinghome.vn\/thiet-bi\/wp-content\/uploads\/nha-bep\/kaff\/bep-ga\/bep-ga-kaff-kf-088ig\/bep-gas-ket-hop-tu-kaff-kf-088ig-2.jpg 1200w, https:\/\/livinghome.vn\/thiet-bi\/wp-content\/uploads\/nha-bep\/kaff\/bep-ga\/bep-ga-kaff-kf-088ig\/bep-gas-ket-hop-tu-kaff-kf-088ig-2-600x450.jpg 600w, https:\/\/livinghome.vn\/thiet-bi\/wp-content\/uploads\/nha-bep\/kaff\/bep-ga\/bep-ga-kaff-kf-088ig\/bep-gas-ket-hop-tu-kaff-kf-088ig-2-533x400.jpg 533w, https:\/\/livinghome.vn\/thiet-bi\/wp-content\/uploads\/nha-bep\/kaff\/bep-ga\/bep-ga-kaff-kf-088ig\/bep-gas-ket-hop-tu-kaff-kf-088ig-2-1067x800.jpg 1067w, https:\/\/livinghome.vn\/thiet-bi\/wp-content\/uploads\/nha-bep\/kaff\/bep-ga\/bep-ga-kaff-kf-088ig\/bep-gas-ket-hop-tu-kaff-kf-088ig-2-768x576.jpg 768w\" sizes=\"auto, (max-width: 1200px) 100vw, 1200px\" \/><figcaption id=\"caption-attachment-12007\" class=\"wp-caption-text\">B\u1ebfp Gas K\u1ebft H\u1ee3p T\u1eeb Kaff KF-088IG<\/figcaption><\/figure>\n<p><strong>Chi ti\u1ebft k\u1ef9 thu\u1eadt:<\/strong><\/p>\n<ul>\n<li>Ngu\u1ed3n \u0111i\u1ec7n : 200V-280V\/50-60Hz cho Vi\u1ec7t Nam<\/li>\n<li>C\u00f4ng su\u1ea5t v\u00f9ng n\u1ea5u t\u1eeb: 2000W<\/li>\n<li>C\u00f4ng su\u1ea5t v\u00f9ng n\u1ea5u gas: 0.30 kg\/h\/l\u00f2<\/li>\n<li>K\u00edch th\u01b0\u1edbc s\u1ea3n ph\u1ea9m: 730 x 450 mm<\/li>\n<li>K\u00edch th\u01b0\u1edbc kho\u00e9t \u0111\u00e1: 690 x 390 mm<\/li>\n<\/ul>\n<h3><strong>H\u00ecnh \u1ea3nh l\u1eafp \u0111\u1eb7t th\u1ef1c t\u1ebf c\u1ee7a B\u1ebfp gas k\u1ebft h\u1ee3p t\u1eeb Kaff KF-088IG<\/strong>:<\/h3>\n<figure id=\"attachment_11776\" aria-describedby=\"caption-attachment-11776\" style=\"width: 900px\" class=\"wp-caption alignnone\"><img loading=\"lazy\" decoding=\"async\" class=\"size-full wp-image-11776\" src=\"https:\/\/livinghome.vn\/thiet-bi\/wp-content\/uploads\/nha-bep\/kaff\/bep-ga\/bep-ga-kaff-kf-088ig\/bep-gas-ket-hop-tu-kaff-kf-088ig-hinh-anh-thuc-te-4.jpg\" alt=\"B\u1ebfp gas k\u1ebft h\u1ee3p t\u1eeb Kaff KF-088IG\" width=\"900\" height=\"900\" title=\"\" srcset=\"https:\/\/livinghome.vn\/thiet-bi\/wp-content\/uploads\/nha-bep\/kaff\/bep-ga\/bep-ga-kaff-kf-088ig\/bep-gas-ket-hop-tu-kaff-kf-088ig-hinh-anh-thuc-te-4.jpg 900w, https:\/\/livinghome.vn\/thiet-bi\/wp-content\/uploads\/nha-bep\/kaff\/bep-ga\/bep-ga-kaff-kf-088ig\/bep-gas-ket-hop-tu-kaff-kf-088ig-hinh-anh-thuc-te-4-300x300.jpg 300w, https:\/\/livinghome.vn\/thiet-bi\/wp-content\/uploads\/nha-bep\/kaff\/bep-ga\/bep-ga-kaff-kf-088ig\/bep-gas-ket-hop-tu-kaff-kf-088ig-hinh-anh-thuc-te-4-100x100.jpg 100w, https:\/\/livinghome.vn\/thiet-bi\/wp-content\/uploads\/nha-bep\/kaff\/bep-ga\/bep-ga-kaff-kf-088ig\/bep-gas-ket-hop-tu-kaff-kf-088ig-hinh-anh-thuc-te-4-600x600.jpg 600w, https:\/\/livinghome.vn\/thiet-bi\/wp-content\/uploads\/nha-bep\/kaff\/bep-ga\/bep-ga-kaff-kf-088ig\/bep-gas-ket-hop-tu-kaff-kf-088ig-hinh-anh-thuc-te-4-400x400.jpg 400w, https:\/\/livinghome.vn\/thiet-bi\/wp-content\/uploads\/nha-bep\/kaff\/bep-ga\/bep-ga-kaff-kf-088ig\/bep-gas-ket-hop-tu-kaff-kf-088ig-hinh-anh-thuc-te-4-800x800.jpg 800w, https:\/\/livinghome.vn\/thiet-bi\/wp-content\/uploads\/nha-bep\/kaff\/bep-ga\/bep-ga-kaff-kf-088ig\/bep-gas-ket-hop-tu-kaff-kf-088ig-hinh-anh-thuc-te-4-280x280.jpg 280w, https:\/\/livinghome.vn\/thiet-bi\/wp-content\/uploads\/nha-bep\/kaff\/bep-ga\/bep-ga-kaff-kf-088ig\/bep-gas-ket-hop-tu-kaff-kf-088ig-hinh-anh-thuc-te-4-768x768.jpg 768w\" sizes=\"auto, (max-width: 900px) 100vw, 900px\" \/><figcaption id=\"caption-attachment-11776\" class=\"wp-caption-text\">B\u1ebfp gas k\u1ebft h\u1ee3p t\u1eeb Kaff KF-088IG<\/figcaption><\/figure>\n<figure id=\"attachment_11775\" aria-describedby=\"caption-attachment-11775\" style=\"width: 900px\" class=\"wp-caption alignnone\"><img loading=\"lazy\" decoding=\"async\" class=\"size-full wp-image-11775\" src=\"https:\/\/livinghome.vn\/thiet-bi\/wp-content\/uploads\/nha-bep\/kaff\/bep-ga\/bep-ga-kaff-kf-088ig\/bep-gas-ket-hop-tu-kaff-kf-088ig-hinh-anh-thuc-te-2.jpg\" alt=\"B\u1ebfp gas k\u1ebft h\u1ee3p t\u1eeb Kaff KF-088IG\" width=\"900\" height=\"900\" title=\"\" srcset=\"https:\/\/livinghome.vn\/thiet-bi\/wp-content\/uploads\/nha-bep\/kaff\/bep-ga\/bep-ga-kaff-kf-088ig\/bep-gas-ket-hop-tu-kaff-kf-088ig-hinh-anh-thuc-te-2.jpg 900w, https:\/\/livinghome.vn\/thiet-bi\/wp-content\/uploads\/nha-bep\/kaff\/bep-ga\/bep-ga-kaff-kf-088ig\/bep-gas-ket-hop-tu-kaff-kf-088ig-hinh-anh-thuc-te-2-300x300.jpg 300w, https:\/\/livinghome.vn\/thiet-bi\/wp-content\/uploads\/nha-bep\/kaff\/bep-ga\/bep-ga-kaff-kf-088ig\/bep-gas-ket-hop-tu-kaff-kf-088ig-hinh-anh-thuc-te-2-100x100.jpg 100w, https:\/\/livinghome.vn\/thiet-bi\/wp-content\/uploads\/nha-bep\/kaff\/bep-ga\/bep-ga-kaff-kf-088ig\/bep-gas-ket-hop-tu-kaff-kf-088ig-hinh-anh-thuc-te-2-600x600.jpg 600w, https:\/\/livinghome.vn\/thiet-bi\/wp-content\/uploads\/nha-bep\/kaff\/bep-ga\/bep-ga-kaff-kf-088ig\/bep-gas-ket-hop-tu-kaff-kf-088ig-hinh-anh-thuc-te-2-400x400.jpg 400w, https:\/\/livinghome.vn\/thiet-bi\/wp-content\/uploads\/nha-bep\/kaff\/bep-ga\/bep-ga-kaff-kf-088ig\/bep-gas-ket-hop-tu-kaff-kf-088ig-hinh-anh-thuc-te-2-800x800.jpg 800w, https:\/\/livinghome.vn\/thiet-bi\/wp-content\/uploads\/nha-bep\/kaff\/bep-ga\/bep-ga-kaff-kf-088ig\/bep-gas-ket-hop-tu-kaff-kf-088ig-hinh-anh-thuc-te-2-280x280.jpg 280w, https:\/\/livinghome.vn\/thiet-bi\/wp-content\/uploads\/nha-bep\/kaff\/bep-ga\/bep-ga-kaff-kf-088ig\/bep-gas-ket-hop-tu-kaff-kf-088ig-hinh-anh-thuc-te-2-768x768.jpg 768w\" sizes=\"auto, (max-width: 900px) 100vw, 900px\" \/><figcaption id=\"caption-attachment-11775\" class=\"wp-caption-text\">B\u1ebfp gas k\u1ebft h\u1ee3p t\u1eeb Kaff KF-088IG<\/figcaption><\/figure>\n<figure id=\"attachment_12011\" aria-describedby=\"caption-attachment-12011\" style=\"width: 1200px\" class=\"wp-caption alignnone\"><img loading=\"lazy\" decoding=\"async\" class=\"size-full wp-image-12011\" src=\"https:\/\/livinghome.vn\/thiet-bi\/wp-content\/uploads\/nha-bep\/kaff\/bep-ga\/bep-ga-kaff-kf-088ig\/bep-gas-ket-hop-tu-kaff-kf-088ig-hinh-anh-thuc-te-2-1.jpg\" alt=\"B\u1ebfp Gas K\u1ebft H\u1ee3p T\u1eeb Kaff KF-088IG\" width=\"1200\" height=\"900\" title=\"\" srcset=\"https:\/\/livinghome.vn\/thiet-bi\/wp-content\/uploads\/nha-bep\/kaff\/bep-ga\/bep-ga-kaff-kf-088ig\/bep-gas-ket-hop-tu-kaff-kf-088ig-hinh-anh-thuc-te-2-1.jpg 1200w, https:\/\/livinghome.vn\/thiet-bi\/wp-content\/uploads\/nha-bep\/kaff\/bep-ga\/bep-ga-kaff-kf-088ig\/bep-gas-ket-hop-tu-kaff-kf-088ig-hinh-anh-thuc-te-2-1-600x450.jpg 600w, https:\/\/livinghome.vn\/thiet-bi\/wp-content\/uploads\/nha-bep\/kaff\/bep-ga\/bep-ga-kaff-kf-088ig\/bep-gas-ket-hop-tu-kaff-kf-088ig-hinh-anh-thuc-te-2-1-533x400.jpg 533w, https:\/\/livinghome.vn\/thiet-bi\/wp-content\/uploads\/nha-bep\/kaff\/bep-ga\/bep-ga-kaff-kf-088ig\/bep-gas-ket-hop-tu-kaff-kf-088ig-hinh-anh-thuc-te-2-1-1067x800.jpg 1067w, https:\/\/livinghome.vn\/thiet-bi\/wp-content\/uploads\/nha-bep\/kaff\/bep-ga\/bep-ga-kaff-kf-088ig\/bep-gas-ket-hop-tu-kaff-kf-088ig-hinh-anh-thuc-te-2-1-768x576.jpg 768w\" sizes=\"auto, (max-width: 1200px) 100vw, 1200px\" \/><figcaption id=\"caption-attachment-12011\" class=\"wp-caption-text\">B\u1ebfp Gas K\u1ebft H\u1ee3p T\u1eeb Kaff KF-088IG<\/figcaption><\/figure>\n<figure id=\"attachment_12008\" aria-describedby=\"caption-attachment-12008\" style=\"width: 1282px\" class=\"wp-caption alignnone\"><img loading=\"lazy\" decoding=\"async\" class=\"size-full wp-image-12008\" src=\"https:\/\/livinghome.vn\/thiet-bi\/wp-content\/uploads\/nha-bep\/kaff\/bep-ga\/bep-ga-kaff-kf-088ig\/bep-gas-ket-hop-tu-kaff-kf-088ig-hinh-anh-thuc-te-5.jpg\" alt=\"B\u1ebfp Gas K\u1ebft H\u1ee3p T\u1eeb Kaff KF-088IG\" width=\"1282\" height=\"900\" title=\"\" srcset=\"https:\/\/livinghome.vn\/thiet-bi\/wp-content\/uploads\/nha-bep\/kaff\/bep-ga\/bep-ga-kaff-kf-088ig\/bep-gas-ket-hop-tu-kaff-kf-088ig-hinh-anh-thuc-te-5.jpg 1282w, https:\/\/livinghome.vn\/thiet-bi\/wp-content\/uploads\/nha-bep\/kaff\/bep-ga\/bep-ga-kaff-kf-088ig\/bep-gas-ket-hop-tu-kaff-kf-088ig-hinh-anh-thuc-te-5-600x421.jpg 600w, https:\/\/livinghome.vn\/thiet-bi\/wp-content\/uploads\/nha-bep\/kaff\/bep-ga\/bep-ga-kaff-kf-088ig\/bep-gas-ket-hop-tu-kaff-kf-088ig-hinh-anh-thuc-te-5-570x400.jpg 570w, https:\/\/livinghome.vn\/thiet-bi\/wp-content\/uploads\/nha-bep\/kaff\/bep-ga\/bep-ga-kaff-kf-088ig\/bep-gas-ket-hop-tu-kaff-kf-088ig-hinh-anh-thuc-te-5-1140x800.jpg 1140w, https:\/\/livinghome.vn\/thiet-bi\/wp-content\/uploads\/nha-bep\/kaff\/bep-ga\/bep-ga-kaff-kf-088ig\/bep-gas-ket-hop-tu-kaff-kf-088ig-hinh-anh-thuc-te-5-768x539.jpg 768w\" sizes=\"auto, (max-width: 1282px) 100vw, 1282px\" \/><figcaption id=\"caption-attachment-12008\" class=\"wp-caption-text\">B\u1ebfp Gas K\u1ebft H\u1ee3p T\u1eeb Kaff KF-088IG<\/figcaption><\/figure>\n<figure id=\"attachment_12009\" aria-describedby=\"caption-attachment-12009\" style=\"width: 1200px\" class=\"wp-caption alignnone\"><img loading=\"lazy\" decoding=\"async\" class=\"size-full wp-image-12009\" src=\"https:\/\/livinghome.vn\/thiet-bi\/wp-content\/uploads\/nha-bep\/kaff\/bep-ga\/bep-ga-kaff-kf-088ig\/bep-gas-ket-hop-tu-kaff-kf-088ig-hinh-anh-thuc-te-4-1.jpg\" alt=\"B\u1ebfp Gas K\u1ebft H\u1ee3p T\u1eeb Kaff KF-088IG\" width=\"1200\" height=\"900\" title=\"\" srcset=\"https:\/\/livinghome.vn\/thiet-bi\/wp-content\/uploads\/nha-bep\/kaff\/bep-ga\/bep-ga-kaff-kf-088ig\/bep-gas-ket-hop-tu-kaff-kf-088ig-hinh-anh-thuc-te-4-1.jpg 1200w, https:\/\/livinghome.vn\/thiet-bi\/wp-content\/uploads\/nha-bep\/kaff\/bep-ga\/bep-ga-kaff-kf-088ig\/bep-gas-ket-hop-tu-kaff-kf-088ig-hinh-anh-thuc-te-4-1-600x450.jpg 600w, https:\/\/livinghome.vn\/thiet-bi\/wp-content\/uploads\/nha-bep\/kaff\/bep-ga\/bep-ga-kaff-kf-088ig\/bep-gas-ket-hop-tu-kaff-kf-088ig-hinh-anh-thuc-te-4-1-533x400.jpg 533w, https:\/\/livinghome.vn\/thiet-bi\/wp-content\/uploads\/nha-bep\/kaff\/bep-ga\/bep-ga-kaff-kf-088ig\/bep-gas-ket-hop-tu-kaff-kf-088ig-hinh-anh-thuc-te-4-1-1067x800.jpg 1067w, https:\/\/livinghome.vn\/thiet-bi\/wp-content\/uploads\/nha-bep\/kaff\/bep-ga\/bep-ga-kaff-kf-088ig\/bep-gas-ket-hop-tu-kaff-kf-088ig-hinh-anh-thuc-te-4-1-768x576.jpg 768w\" sizes=\"auto, (max-width: 1200px) 100vw, 1200px\" \/><figcaption id=\"caption-attachment-12009\" class=\"wp-caption-text\">B\u1ebfp Gas K\u1ebft H\u1ee3p T\u1eeb Kaff KF-088IG<\/figcaption><\/figure>\n<figure id=\"attachment_12005\" aria-describedby=\"caption-attachment-12005\" style=\"width: 900px\" class=\"wp-caption alignnone\"><img loading=\"lazy\" decoding=\"async\" class=\"size-full wp-image-12005\" src=\"https:\/\/livinghome.vn\/thiet-bi\/wp-content\/uploads\/nha-bep\/kaff\/bep-ga\/bep-ga-kaff-kf-088ig\/bep-gas-ket-hop-tu-kaff-kf-088ig-hinh-anh-thuc-te-1.jpg\" alt=\"B\u1ebfp Gas K\u1ebft H\u1ee3p T\u1eeb Kaff KF-088IG\" width=\"900\" height=\"900\" title=\"\" srcset=\"https:\/\/livinghome.vn\/thiet-bi\/wp-content\/uploads\/nha-bep\/kaff\/bep-ga\/bep-ga-kaff-kf-088ig\/bep-gas-ket-hop-tu-kaff-kf-088ig-hinh-anh-thuc-te-1.jpg 900w, https:\/\/livinghome.vn\/thiet-bi\/wp-content\/uploads\/nha-bep\/kaff\/bep-ga\/bep-ga-kaff-kf-088ig\/bep-gas-ket-hop-tu-kaff-kf-088ig-hinh-anh-thuc-te-1-300x300.jpg 300w, https:\/\/livinghome.vn\/thiet-bi\/wp-content\/uploads\/nha-bep\/kaff\/bep-ga\/bep-ga-kaff-kf-088ig\/bep-gas-ket-hop-tu-kaff-kf-088ig-hinh-anh-thuc-te-1-100x100.jpg 100w, https:\/\/livinghome.vn\/thiet-bi\/wp-content\/uploads\/nha-bep\/kaff\/bep-ga\/bep-ga-kaff-kf-088ig\/bep-gas-ket-hop-tu-kaff-kf-088ig-hinh-anh-thuc-te-1-600x600.jpg 600w, https:\/\/livinghome.vn\/thiet-bi\/wp-content\/uploads\/nha-bep\/kaff\/bep-ga\/bep-ga-kaff-kf-088ig\/bep-gas-ket-hop-tu-kaff-kf-088ig-hinh-anh-thuc-te-1-400x400.jpg 400w, https:\/\/livinghome.vn\/thiet-bi\/wp-content\/uploads\/nha-bep\/kaff\/bep-ga\/bep-ga-kaff-kf-088ig\/bep-gas-ket-hop-tu-kaff-kf-088ig-hinh-anh-thuc-te-1-800x800.jpg 800w, https:\/\/livinghome.vn\/thiet-bi\/wp-content\/uploads\/nha-bep\/kaff\/bep-ga\/bep-ga-kaff-kf-088ig\/bep-gas-ket-hop-tu-kaff-kf-088ig-hinh-anh-thuc-te-1-280x280.jpg 280w, https:\/\/livinghome.vn\/thiet-bi\/wp-content\/uploads\/nha-bep\/kaff\/bep-ga\/bep-ga-kaff-kf-088ig\/bep-gas-ket-hop-tu-kaff-kf-088ig-hinh-anh-thuc-te-1-768x768.jpg 768w\" sizes=\"auto, (max-width: 900px) 100vw, 900px\" \/><figcaption id=\"caption-attachment-12005\" class=\"wp-caption-text\">B\u1ebfp Gas K\u1ebft H\u1ee3p T\u1eeb Kaff KF-088IG<\/figcaption><\/figure>\n<figure id=\"attachment_12419\" aria-describedby=\"caption-attachment-12419\" style=\"width: 900px\" class=\"wp-caption alignnone\"><img loading=\"lazy\" decoding=\"async\" class=\"size-full wp-image-12419\" src=\"https:\/\/livinghome.vn\/thiet-bi\/wp-content\/uploads\/nha-bep\/kaff\/bep-ga\/bep-ga-kaff-kf-088ig\/bep-gas-ket-hop-tu-kaff-kf-088ig-hinh-anh-thuc-te-5.1.jpg\" alt=\"B\u1ebfp Gas K\u1ebft H\u1ee3p T\u1eeb Kaff KF-088IG \" width=\"900\" height=\"900\" title=\"\" srcset=\"https:\/\/livinghome.vn\/thiet-bi\/wp-content\/uploads\/nha-bep\/kaff\/bep-ga\/bep-ga-kaff-kf-088ig\/bep-gas-ket-hop-tu-kaff-kf-088ig-hinh-anh-thuc-te-5.1.jpg 900w, https:\/\/livinghome.vn\/thiet-bi\/wp-content\/uploads\/nha-bep\/kaff\/bep-ga\/bep-ga-kaff-kf-088ig\/bep-gas-ket-hop-tu-kaff-kf-088ig-hinh-anh-thuc-te-5.1-300x300.jpg 300w, https:\/\/livinghome.vn\/thiet-bi\/wp-content\/uploads\/nha-bep\/kaff\/bep-ga\/bep-ga-kaff-kf-088ig\/bep-gas-ket-hop-tu-kaff-kf-088ig-hinh-anh-thuc-te-5.1-100x100.jpg 100w, https:\/\/livinghome.vn\/thiet-bi\/wp-content\/uploads\/nha-bep\/kaff\/bep-ga\/bep-ga-kaff-kf-088ig\/bep-gas-ket-hop-tu-kaff-kf-088ig-hinh-anh-thuc-te-5.1-600x600.jpg 600w, https:\/\/livinghome.vn\/thiet-bi\/wp-content\/uploads\/nha-bep\/kaff\/bep-ga\/bep-ga-kaff-kf-088ig\/bep-gas-ket-hop-tu-kaff-kf-088ig-hinh-anh-thuc-te-5.1-400x400.jpg 400w, https:\/\/livinghome.vn\/thiet-bi\/wp-content\/uploads\/nha-bep\/kaff\/bep-ga\/bep-ga-kaff-kf-088ig\/bep-gas-ket-hop-tu-kaff-kf-088ig-hinh-anh-thuc-te-5.1-800x800.jpg 800w, https:\/\/livinghome.vn\/thiet-bi\/wp-content\/uploads\/nha-bep\/kaff\/bep-ga\/bep-ga-kaff-kf-088ig\/bep-gas-ket-hop-tu-kaff-kf-088ig-hinh-anh-thuc-te-5.1-280x280.jpg 280w, https:\/\/livinghome.vn\/thiet-bi\/wp-content\/uploads\/nha-bep\/kaff\/bep-ga\/bep-ga-kaff-kf-088ig\/bep-gas-ket-hop-tu-kaff-kf-088ig-hinh-anh-thuc-te-5.1-768x768.jpg 768w\" sizes=\"auto, (max-width: 900px) 100vw, 900px\" \/><figcaption id=\"caption-attachment-12419\" class=\"wp-caption-text\">B\u1ebfp Gas K\u1ebft H\u1ee3p T\u1eeb Kaff KF-088IG<\/figcaption><\/figure>\n<h3><strong>Living Home Vietnam hi\u1ec7n l\u00e0 nh\u00e0 ph\u00e2n ph\u1ed1i ch\u00ednh th\u1ee9c d\u00f2ng s\u1ea3n ph\u1ea9m KAFF<\/strong><\/h3>\n<figure style=\"width: 637px\" class=\"wp-caption aligncenter\"><img loading=\"lazy\" decoding=\"async\" src=\"https:\/\/livinghome.vn\/thiet-bi\/wp-content\/uploads\/nha-bep\/kaff\/chung-nhan-kaff.jpg\" alt=\"Ch\u1ee9ng nh\u1eadn KAFF cho Living Home Vietnam\" width=\"637\" height=\"900\" title=\"\"><figcaption class=\"wp-caption-text\"><em>Ch\u1ee9ng nh\u1eadn \u0111\u1ea1i l\u00fd ch\u00ednh th\u1ee9c KAFF &#8211; Living Home Vietnam<br \/><\/em><\/figcaption><\/figure>\n<h3><span id=\"tim-kiem-nhung-y-tuong-noi-that-hap-dan-khac-tai-living-home\"><strong>T\u00ecm ki\u1ebfm nh\u1eefng \u00fd t\u01b0\u1edfng <a href=\"http:\/\/livinghome.vn\/thiet-bi\/\">S\u1ea3n ph\u1ea9m gia \u0111\u00ecnh<\/a> kh\u00e1c t\u1ea1i Living Home<\/strong><\/span><\/h3>\n<ul>\n<li>Facebook Living Home Vietnam: <a href=\"https:\/\/www.facebook.com\/livinghomevietnam\/\" target=\"_blank\" rel=\"noopener noreferrer nofollow\">click here<\/a><\/li>\n<li>Thi\u1ebft k\u1ebf n\u1ed9i th\u1ea5t: <a href=\"https:\/\/www.facebook.com\/thietkenoithatnhadephcm\" target=\"_blank\" rel=\"noopener noreferrer nofollow\">click here<\/a><\/li>\n<\/ul>\n<h2><strong>\u01afu \u0111\u00e3i tuy\u1ec7t v\u1eddi d\u00e0nh cho <\/strong><strong>B\u1ebfp gas k\u1ebft h\u1ee3p t\u1eeb Kaff KF-088IG<\/strong><\/h2>\n<ul>\n<li>Li\u00ean h\u1ec7 hotline \u0111\u1ec3 bi\u1ebft th\u00eam chi ti\u1ebft<\/li>\n<\/ul>\n","protected":false},"excerpt":{"rendered":"<p>&#8211; <strong>Lo\u1ea1i b\u1ebfp:<\/strong> b\u1ebfp \u00e2m v\u1edbi 1 t\u1eeb v\u00e0 1 gas<\/p>\n<p>&#8211; <strong>M\u1eb7t k\u00ednh:<\/strong> Crystal<\/p>\n<p>&#8211; <strong>C\u00f4ng su\u1ea5t: <\/strong>C\u00f4ng su\u1ea5t v\u00f9ng n\u1ea5u t\u1eeb: 2000W &#8211; C\u00f4ng su\u1ea5t v\u00f9ng n\u1ea5u gas: 0.30 kg\/h\/l\u00f2<\/p>\n<p>&#8211; <strong>K\u00edch th\u01b0\u1edbc b\u1ebfp:<\/strong> W730 x D450 x H150 mm<\/p>\n<p>&#8211; <strong>K\u00edch th\u01b0\u1edbc c\u1eaft \u0111\u00e1:<\/strong> W690 x D390 mm<\/p>\n<p>&#8211; <strong>H\u1ec7 th\u1ed1ng \u0111i\u1ec1u khi\u1ec3n:<\/strong> c\u1ea3m \u1ee9ng d\u1ea1ng ch\u1ea1m + n\u00fat v\u1eb7n<\/p>\n","protected":false},"featured_media":12006,"comment_status":"open","ping_status":"closed","template":"","meta":[],"product_brand":[],"product_cat":[745,123,75,164],"product_tag":[1700,81,166,124,1701],"class_list":{"0":"post-770","1":"product","2":"type-product","3":"status-publish","4":"has-post-thumbnail","6":"product_cat-bep-dien-tu","7":"product_cat-bep-gas","8":"product_cat-bep-tu","9":"product_cat-thuong-hieu-kaff","10":"product_tag-bep-1-tu-1-gas","11":"product_tag-bep-dien-tu","12":"product_tag-bep-dien-tu-kaff","13":"product_tag-bep-gas","14":"product_tag-bep-gas-kaff","16":"first","17":"instock","18":"sale","19":"shipping-taxable","20":"purchasable","21":"product-type-simple"},"_links":{"self":[{"href":"https:\/\/livinghome.vn\/thiet-bi\/wp-json\/wp\/v2\/product\/770","targetHints":{"allow":["GET"]}}],"collection":[{"href":"https:\/\/livinghome.vn\/thiet-bi\/wp-json\/wp\/v2\/product"}],"about":[{"href":"https:\/\/livinghome.vn\/thiet-bi\/wp-json\/wp\/v2\/types\/product"}],"replies":[{"embeddable":true,"href":"https:\/\/livinghome.vn\/thiet-bi\/wp-json\/wp\/v2\/comments?post=770"}],"wp:featuredmedia":[{"embeddable":true,"href":"https:\/\/livinghome.vn\/thiet-bi\/wp-json\/wp\/v2\/media\/12006"}],"wp:attachment":[{"href":"https:\/\/livinghome.vn\/thiet-bi\/wp-json\/wp\/v2\/media?parent=770"}],"wp:term":[{"taxonomy":"product_brand","embeddable":true,"href":"https:\/\/livinghome.vn\/thiet-bi\/wp-json\/wp\/v2\/product_brand?post=770"},{"taxonomy":"product_cat","embeddable":true,"href":"https:\/\/livinghome.vn\/thiet-bi\/wp-json\/wp\/v2\/product_cat?post=770"},{"taxonomy":"product_tag","embeddable":true,"href":"https:\/\/livinghome.vn\/thiet-bi\/wp-json\/wp\/v2\/product_tag?post=770"}],"curies":[{"name":"wp","href":"https:\/\/api.w.org\/{rel}","templated":true}]}}