{"id":769,"date":"2023-01-12T11:25:52","date_gmt":"2023-01-12T11:25:52","guid":{"rendered":"https:\/\/livinghome.vn\/thiet-bi\/?post_type=product&#038;p=769"},"modified":"2024-11-29T14:20:55","modified_gmt":"2024-11-29T07:20:55","slug":"bep-dien-tu-kaff-kf-sd300ic","status":"publish","type":"product","link":"https:\/\/livinghome.vn\/thiet-bi\/bep-dien-tu-kaff-kf-sd300ic\/","title":{"rendered":"B\u1ebfp \u0110i\u1ec7n T\u1eeb Kaff KF-SD300IC 73CM 1 \u0110i\u1ec7n 1 T\u1eeb M\u1eb7t K\u00ednh Crystal"},"content":{"rendered":"<h2><strong>B\u1ebfp \u0111i\u1ec7n t\u1eeb Kaff KF-SD300IC<\/strong><\/h2>\n<figure id=\"attachment_12000\" aria-describedby=\"caption-attachment-12000\" style=\"width: 1200px\" class=\"wp-caption alignnone\"><img loading=\"lazy\" decoding=\"async\" class=\"size-full wp-image-12000\" src=\"https:\/\/livinghome.vn\/thiet-bi\/wp-content\/uploads\/nha-bep\/kaff\/bep-dien-tu\/bep-dien-tu-kaff-kf-sd300ic\/bep-dien-tu-kaff-kf-sd300ic-3.jpg\" alt=\"B\u1ebfp \u0110i\u1ec7n T\u1eeb Kaff KF-SD300IC\" width=\"1200\" height=\"900\" title=\"\" srcset=\"https:\/\/livinghome.vn\/thiet-bi\/wp-content\/uploads\/nha-bep\/kaff\/bep-dien-tu\/bep-dien-tu-kaff-kf-sd300ic\/bep-dien-tu-kaff-kf-sd300ic-3.jpg 1200w, https:\/\/livinghome.vn\/thiet-bi\/wp-content\/uploads\/nha-bep\/kaff\/bep-dien-tu\/bep-dien-tu-kaff-kf-sd300ic\/bep-dien-tu-kaff-kf-sd300ic-3-600x450.jpg 600w, https:\/\/livinghome.vn\/thiet-bi\/wp-content\/uploads\/nha-bep\/kaff\/bep-dien-tu\/bep-dien-tu-kaff-kf-sd300ic\/bep-dien-tu-kaff-kf-sd300ic-3-533x400.jpg 533w, https:\/\/livinghome.vn\/thiet-bi\/wp-content\/uploads\/nha-bep\/kaff\/bep-dien-tu\/bep-dien-tu-kaff-kf-sd300ic\/bep-dien-tu-kaff-kf-sd300ic-3-1067x800.jpg 1067w, https:\/\/livinghome.vn\/thiet-bi\/wp-content\/uploads\/nha-bep\/kaff\/bep-dien-tu\/bep-dien-tu-kaff-kf-sd300ic\/bep-dien-tu-kaff-kf-sd300ic-3-768x576.jpg 768w\" sizes=\"auto, (max-width: 1200px) 100vw, 1200px\" \/><figcaption id=\"caption-attachment-12000\" class=\"wp-caption-text\">B\u1ebfp \u0110i\u1ec7n T\u1eeb Kaff KF-SD300IC<\/figcaption><\/figure>\n<blockquote>\n<h3>B\u1ebfp ch\u1eef nh\u1eadt d\u00e0i 73cm v\u1edbi 1 v\u00f9ng n\u1ea5u t\u1eeb k\u1ebft h\u1ee3p 1 v\u00f9ng n\u1ea5u \u0111i\u1ec7n (h\u1ed3ng ngo\u1ea1i)<\/h3>\n<\/blockquote>\n<p><strong>N\u1ed5i b\u1eadt:<\/strong><\/p>\n<ul>\n<li>M\u1eb7t k\u00ednh Crystal si\u00eau b\u1ec1n<\/li>\n<li>Ch\u1ecbu l\u1ef1c ch\u1ecbu s\u1ed1c nhi\u1ec7t<\/li>\n<li>\u0110\u1ea7u \u0111\u1ed1t EGO Made in Germany<\/li>\n<li>IGBT SIMENS Made in Germany<\/li>\n<\/ul>\n<figure id=\"attachment_12001\" aria-describedby=\"caption-attachment-12001\" style=\"width: 1200px\" class=\"wp-caption alignnone\"><img loading=\"lazy\" decoding=\"async\" class=\"size-full wp-image-12001\" src=\"https:\/\/livinghome.vn\/thiet-bi\/wp-content\/uploads\/nha-bep\/kaff\/bep-dien-tu\/bep-dien-tu-kaff-kf-sd300ic\/bep-dien-tu-kaff-kf-sd300ic-2-1.jpg\" alt=\"B\u1ebfp \u0110i\u1ec7n T\u1eeb Kaff KF-SD300IC\" width=\"1200\" height=\"900\" title=\"\" srcset=\"https:\/\/livinghome.vn\/thiet-bi\/wp-content\/uploads\/nha-bep\/kaff\/bep-dien-tu\/bep-dien-tu-kaff-kf-sd300ic\/bep-dien-tu-kaff-kf-sd300ic-2-1.jpg 1200w, https:\/\/livinghome.vn\/thiet-bi\/wp-content\/uploads\/nha-bep\/kaff\/bep-dien-tu\/bep-dien-tu-kaff-kf-sd300ic\/bep-dien-tu-kaff-kf-sd300ic-2-1-600x450.jpg 600w, https:\/\/livinghome.vn\/thiet-bi\/wp-content\/uploads\/nha-bep\/kaff\/bep-dien-tu\/bep-dien-tu-kaff-kf-sd300ic\/bep-dien-tu-kaff-kf-sd300ic-2-1-533x400.jpg 533w, https:\/\/livinghome.vn\/thiet-bi\/wp-content\/uploads\/nha-bep\/kaff\/bep-dien-tu\/bep-dien-tu-kaff-kf-sd300ic\/bep-dien-tu-kaff-kf-sd300ic-2-1-1067x800.jpg 1067w, https:\/\/livinghome.vn\/thiet-bi\/wp-content\/uploads\/nha-bep\/kaff\/bep-dien-tu\/bep-dien-tu-kaff-kf-sd300ic\/bep-dien-tu-kaff-kf-sd300ic-2-1-768x576.jpg 768w\" sizes=\"auto, (max-width: 1200px) 100vw, 1200px\" \/><figcaption id=\"caption-attachment-12001\" class=\"wp-caption-text\">B\u1ebfp \u0110i\u1ec7n T\u1eeb Kaff KF-SD300IC<\/figcaption><\/figure>\n<p><strong>T\u00ednh n\u0103ng:<\/strong><\/p>\n<ul>\n<li>10 d\u00e3y c\u00f4ng su\u1ea5t<\/li>\n<li>Ch\u1ee9c n\u0103ng Booster c\u1ef1c nhanh v\u1edbi b\u1ebfp t\u1eeb<\/li>\n<li>\u0110i\u1ec1u khi\u1ec3n c\u1ea3m \u1ee9ng Slider d\u1ea1ng \u1ea9n tr\u1ef1c ti\u1ebfp tr\u00ean m\u1eb7t b\u1ebfp<\/li>\n<li>Ch\u1ebf \u0111\u1ed9 h\u1eb9n gi\u1edd, kh\u00f3a tr\u1ebb em th\u00f4ng minh, ti\u1ec7n d\u1ee5ng<\/li>\n<li>Ch\u1ebf \u0111\u1ed9 02 v\u00f2ng nhi\u1ec7t ti\u1ec7n d\u1ee5ng v\u1edbi c\u00e1c lo\u1ea1i n\u1ed3i l\u1edbn nh\u1ecf<\/li>\n<li>Ch\u1ee9c n\u0103ng Inverter v\u00e0 chia c\u00f4ng su\u1ea5t ti\u1ebft ki\u1ec7m \u0111i\u1ec7n n\u0103ng, b\u1ea3o v\u1ec7 b\u1ebfp<\/li>\n<li>Ch\u1ee9c n\u0103ng t\u1ea1m d\u1eebng khi c\u1ea7n thi\u1ebft, ch\u1ee9c n\u0103ng h\u00e2m, ch\u1ee9c n\u0103ng ch\u1ed1ng tr\u00e0n<\/li>\n<li>C\u1ea3m \u1ee9ng qu\u00e1 nhi\u1ec7t<\/li>\n<li>Ch\u1ee9c n\u0103ng n\u01b0\u1edbng v\u1edbi b\u1ebfp \u0111i\u1ec7n<\/li>\n<\/ul>\n<p><strong>Chi ti\u1ebft k\u1ef9 thu\u1eadt:<\/strong><\/p>\n<ul>\n<li>Ngu\u1ed3n \u0111i\u1ec7n : 200V-280V\/50-60Hz cho Vi\u1ec7t Nam<\/li>\n<li>C\u00f4ng su\u1ea5t l\u00f2 tr\u00e1i: 2200W<\/li>\n<li>C\u00f4ng su\u1ea5t l\u00f2 ph\u1ea3i: 2000W<\/li>\n<li>K\u00edch th\u01b0\u1edbc s\u1ea3n ph\u1ea9m: 730x420mm<\/li>\n<li>K\u00edch th\u01b0\u1edbc kho\u00e9t \u0111\u00e1: 690x390mm<\/li>\n<\/ul>\n<h3><span id=\"Hinh_anh_lap_dat_thuc_te_Bep_Tu_Kaff_KF-073II\"><strong>H\u00ecnh \u1ea3nh l\u1eafp \u0111\u1eb7t th\u1ef1c t\u1ebf B\u1ebfp \u0111i\u1ec7n t\u1eeb Kaff KF-SD300IC:<\/strong><\/span><\/h3>\n<figure id=\"attachment_11947\" aria-describedby=\"caption-attachment-11947\" style=\"width: 1200px\" class=\"wp-caption alignnone\"><img loading=\"lazy\" decoding=\"async\" class=\"size-full wp-image-11947\" src=\"https:\/\/livinghome.vn\/thiet-bi\/wp-content\/uploads\/nha-bep\/kaff\/bep-dien-tu\/bep-dien-tu-kaff-kf-sd300ic\/bep-dien-tu-kaff-kf-sd300ic-hinh-anh-thuc-te-2.1.jpg\" alt=\"B\u1ebfp \u0110i\u1ec7n T\u1eeb Kaff KF-SD300IC\" width=\"1200\" height=\"900\" title=\"\" srcset=\"https:\/\/livinghome.vn\/thiet-bi\/wp-content\/uploads\/nha-bep\/kaff\/bep-dien-tu\/bep-dien-tu-kaff-kf-sd300ic\/bep-dien-tu-kaff-kf-sd300ic-hinh-anh-thuc-te-2.1.jpg 1200w, https:\/\/livinghome.vn\/thiet-bi\/wp-content\/uploads\/nha-bep\/kaff\/bep-dien-tu\/bep-dien-tu-kaff-kf-sd300ic\/bep-dien-tu-kaff-kf-sd300ic-hinh-anh-thuc-te-2.1-600x450.jpg 600w, https:\/\/livinghome.vn\/thiet-bi\/wp-content\/uploads\/nha-bep\/kaff\/bep-dien-tu\/bep-dien-tu-kaff-kf-sd300ic\/bep-dien-tu-kaff-kf-sd300ic-hinh-anh-thuc-te-2.1-533x400.jpg 533w, https:\/\/livinghome.vn\/thiet-bi\/wp-content\/uploads\/nha-bep\/kaff\/bep-dien-tu\/bep-dien-tu-kaff-kf-sd300ic\/bep-dien-tu-kaff-kf-sd300ic-hinh-anh-thuc-te-2.1-1067x800.jpg 1067w, https:\/\/livinghome.vn\/thiet-bi\/wp-content\/uploads\/nha-bep\/kaff\/bep-dien-tu\/bep-dien-tu-kaff-kf-sd300ic\/bep-dien-tu-kaff-kf-sd300ic-hinh-anh-thuc-te-2.1-768x576.jpg 768w\" sizes=\"auto, (max-width: 1200px) 100vw, 1200px\" \/><figcaption id=\"caption-attachment-11947\" class=\"wp-caption-text\">B\u1ebfp \u0110i\u1ec7n T\u1eeb Kaff KF-SD300IC<\/figcaption><\/figure>\n<figure id=\"attachment_11945\" aria-describedby=\"caption-attachment-11945\" style=\"width: 1200px\" class=\"wp-caption alignnone\"><img loading=\"lazy\" decoding=\"async\" class=\"size-full wp-image-11945\" src=\"https:\/\/livinghome.vn\/thiet-bi\/wp-content\/uploads\/nha-bep\/kaff\/bep-dien-tu\/bep-dien-tu-kaff-kf-sd300ic\/bep-dien-tu-kaff-kf-sd300ic-hinh-anh-thuc-te-1.1.jpg\" alt=\"B\u1ebfp \u0110i\u1ec7n T\u1eeb Kaff KF-SD300IC\" width=\"1200\" height=\"900\" title=\"\" srcset=\"https:\/\/livinghome.vn\/thiet-bi\/wp-content\/uploads\/nha-bep\/kaff\/bep-dien-tu\/bep-dien-tu-kaff-kf-sd300ic\/bep-dien-tu-kaff-kf-sd300ic-hinh-anh-thuc-te-1.1.jpg 1200w, https:\/\/livinghome.vn\/thiet-bi\/wp-content\/uploads\/nha-bep\/kaff\/bep-dien-tu\/bep-dien-tu-kaff-kf-sd300ic\/bep-dien-tu-kaff-kf-sd300ic-hinh-anh-thuc-te-1.1-600x450.jpg 600w, https:\/\/livinghome.vn\/thiet-bi\/wp-content\/uploads\/nha-bep\/kaff\/bep-dien-tu\/bep-dien-tu-kaff-kf-sd300ic\/bep-dien-tu-kaff-kf-sd300ic-hinh-anh-thuc-te-1.1-533x400.jpg 533w, https:\/\/livinghome.vn\/thiet-bi\/wp-content\/uploads\/nha-bep\/kaff\/bep-dien-tu\/bep-dien-tu-kaff-kf-sd300ic\/bep-dien-tu-kaff-kf-sd300ic-hinh-anh-thuc-te-1.1-1067x800.jpg 1067w, https:\/\/livinghome.vn\/thiet-bi\/wp-content\/uploads\/nha-bep\/kaff\/bep-dien-tu\/bep-dien-tu-kaff-kf-sd300ic\/bep-dien-tu-kaff-kf-sd300ic-hinh-anh-thuc-te-1.1-768x576.jpg 768w\" sizes=\"auto, (max-width: 1200px) 100vw, 1200px\" \/><figcaption id=\"caption-attachment-11945\" class=\"wp-caption-text\">B\u1ebfp \u0110i\u1ec7n T\u1eeb Kaff KF-SD300IC<\/figcaption><\/figure>\n<figure id=\"attachment_11946\" aria-describedby=\"caption-attachment-11946\" style=\"width: 1200px\" class=\"wp-caption alignnone\"><img loading=\"lazy\" decoding=\"async\" class=\"size-full wp-image-11946\" src=\"https:\/\/livinghome.vn\/thiet-bi\/wp-content\/uploads\/nha-bep\/kaff\/bep-dien-tu\/bep-dien-tu-kaff-kf-sd300ic\/bep-dien-tu-kaff-kf-sd300ic-hinh-anh-thuc-te-4.1.jpg\" alt=\"B\u1ebfp \u0110i\u1ec7n T\u1eeb Kaff KF-SD300IC\" width=\"1200\" height=\"900\" title=\"\" srcset=\"https:\/\/livinghome.vn\/thiet-bi\/wp-content\/uploads\/nha-bep\/kaff\/bep-dien-tu\/bep-dien-tu-kaff-kf-sd300ic\/bep-dien-tu-kaff-kf-sd300ic-hinh-anh-thuc-te-4.1.jpg 1200w, https:\/\/livinghome.vn\/thiet-bi\/wp-content\/uploads\/nha-bep\/kaff\/bep-dien-tu\/bep-dien-tu-kaff-kf-sd300ic\/bep-dien-tu-kaff-kf-sd300ic-hinh-anh-thuc-te-4.1-600x450.jpg 600w, https:\/\/livinghome.vn\/thiet-bi\/wp-content\/uploads\/nha-bep\/kaff\/bep-dien-tu\/bep-dien-tu-kaff-kf-sd300ic\/bep-dien-tu-kaff-kf-sd300ic-hinh-anh-thuc-te-4.1-533x400.jpg 533w, https:\/\/livinghome.vn\/thiet-bi\/wp-content\/uploads\/nha-bep\/kaff\/bep-dien-tu\/bep-dien-tu-kaff-kf-sd300ic\/bep-dien-tu-kaff-kf-sd300ic-hinh-anh-thuc-te-4.1-1067x800.jpg 1067w, https:\/\/livinghome.vn\/thiet-bi\/wp-content\/uploads\/nha-bep\/kaff\/bep-dien-tu\/bep-dien-tu-kaff-kf-sd300ic\/bep-dien-tu-kaff-kf-sd300ic-hinh-anh-thuc-te-4.1-768x576.jpg 768w\" sizes=\"auto, (max-width: 1200px) 100vw, 1200px\" \/><figcaption id=\"caption-attachment-11946\" class=\"wp-caption-text\">B\u1ebfp \u0110i\u1ec7n T\u1eeb Kaff KF-SD300IC<\/figcaption><\/figure>\n\n  <div class=\"banner has-hover\" id=\"banner-1617009619\">\n          <div class=\"banner-inner fill\">\n        <div class=\"banner-bg fill\" >\n            <img loading=\"lazy\" decoding=\"async\" width=\"800\" height=\"800\" src=\"https:\/\/livinghome.vn\/thiet-bi\/wp-content\/uploads\/nha-bep\/pramie\/may-hut-mui\/may-hut-mui-pramie-tt32-900\/may-hut-mui-pramie-tt32-900-7-800x800.jpg\" class=\"bg attachment-large size-large\" alt=\"M\u00e1y h\u00fat m\u00f9i Pramie TT32 900\" title=\"\">                                    \n                    <\/div>\n\t\t\n        <div class=\"banner-layers container\">\n            <div class=\"fill banner-link\"><\/div>            \n   <div id=\"text-box-800791257\" class=\"text-box banner-layer x50 md-x50 lg-x50 y50 md-y50 lg-y50 res-text\">\n                                <div class=\"text-box-content text dark\">\n              \n              <div class=\"text-inner text-center\">\n                  \n              <\/div>\n           <\/div>\n                            \n<style>\n#text-box-800791257 {\n  width: 60%;\n}\n#text-box-800791257 .text-box-content {\n  font-size: 100%;\n}\n@media (min-width:550px) {\n  #text-box-800791257 {\n    width: 60%;\n  }\n}\n<\/style>\n    <\/div>\n \n        <\/div>\n      <\/div>\n\n              <div class=\"height-fix is-invisible\"><img loading=\"lazy\" decoding=\"async\" width=\"800\" height=\"800\" src=\"https:\/\/livinghome.vn\/thiet-bi\/wp-content\/uploads\/nha-bep\/pramie\/may-hut-mui\/may-hut-mui-pramie-tt32-900\/may-hut-mui-pramie-tt32-900-7-800x800.jpg\" class=\"attachment-large size-large\" alt=\"M\u00e1y h\u00fat m\u00f9i Pramie TT32 900\" srcset=\"https:\/\/livinghome.vn\/thiet-bi\/wp-content\/uploads\/nha-bep\/pramie\/may-hut-mui\/may-hut-mui-pramie-tt32-900\/may-hut-mui-pramie-tt32-900-7-800x800.jpg 800w, https:\/\/livinghome.vn\/thiet-bi\/wp-content\/uploads\/nha-bep\/pramie\/may-hut-mui\/may-hut-mui-pramie-tt32-900\/may-hut-mui-pramie-tt32-900-7-300x300.jpg 300w, https:\/\/livinghome.vn\/thiet-bi\/wp-content\/uploads\/nha-bep\/pramie\/may-hut-mui\/may-hut-mui-pramie-tt32-900\/may-hut-mui-pramie-tt32-900-7-100x100.jpg 100w, https:\/\/livinghome.vn\/thiet-bi\/wp-content\/uploads\/nha-bep\/pramie\/may-hut-mui\/may-hut-mui-pramie-tt32-900\/may-hut-mui-pramie-tt32-900-7-600x600.jpg 600w, https:\/\/livinghome.vn\/thiet-bi\/wp-content\/uploads\/nha-bep\/pramie\/may-hut-mui\/may-hut-mui-pramie-tt32-900\/may-hut-mui-pramie-tt32-900-7-400x400.jpg 400w, https:\/\/livinghome.vn\/thiet-bi\/wp-content\/uploads\/nha-bep\/pramie\/may-hut-mui\/may-hut-mui-pramie-tt32-900\/may-hut-mui-pramie-tt32-900-7-280x280.jpg 280w, https:\/\/livinghome.vn\/thiet-bi\/wp-content\/uploads\/nha-bep\/pramie\/may-hut-mui\/may-hut-mui-pramie-tt32-900\/may-hut-mui-pramie-tt32-900-7-768x768.jpg 768w, https:\/\/livinghome.vn\/thiet-bi\/wp-content\/uploads\/nha-bep\/pramie\/may-hut-mui\/may-hut-mui-pramie-tt32-900\/may-hut-mui-pramie-tt32-900-7.jpg 900w\" sizes=\"auto, (max-width: 800px) 100vw, 800px\" title=\"\"><\/div>\n              <\/div>\n\n\n\n\t<section class=\"section dark\" id=\"section_500822709\">\n\t\t<div class=\"section-bg fill\" >\n\t\t\t\t\t\t\t\t\t\n\t\t\t\n\n\t\t<\/div>\n\n\t\t\n\n\t\t<div class=\"section-content relative\">\n\t\t\t\n\t<div id=\"gap-241578093\" class=\"gap-element clearfix\" style=\"display:block; height:auto;\">\n\t\t\n<style>\n#gap-241578093 {\n  padding-top: 20px;\n}\n<\/style>\n\t<\/div>\n\t\n<h2><strong>COMBO QU\u00c0 T\u1eb6NG H\u1ea4P D\u1eaaN<\/strong><\/h2>\n\t<div id=\"gap-1729807367\" class=\"gap-element clearfix\" style=\"display:block; height:auto;\">\n\t\t\n<style>\n#gap-1729807367 {\n  padding-top: 30px;\n}\n<\/style>\n\t<\/div>\n\t\n<div class=\"row row-large\"  id=\"row-2104406732\">\n\n\t<div id=\"col-713927596\" class=\"col medium-3 small-12 large-3\"  >\n\t\t\t\t<div class=\"col-inner text-center\"  >\n\t\t\t\n\t\t\t\n\n  <div class=\"banner has-hover\" id=\"banner-398172945\">\n          <div class=\"banner-inner fill\">\n        <div class=\"banner-bg fill\" >\n            <img loading=\"lazy\" decoding=\"async\" width=\"800\" height=\"800\" src=\"https:\/\/livinghome.vn\/thiet-bi\/wp-content\/uploads\/nha-bep\/pramie\/may-hut-mui\/may-hut-mui-pramie-ac17-700-air\/may-hut-mui-pramie-ac17-700-air-4-800x800.jpg\" class=\"bg attachment-large size-large\" alt=\"M\u00e1y h\u00fat m\u00f9i Pramie AC17 700 Air\" title=\"\">                                    \n\t<div class=\"is-border\"\n\t\tstyle=\"border-width:0px 0px 0px 0px;\">\n\t<\/div>\n                    <\/div>\n\t\t\n        <div class=\"banner-layers container\">\n            <div class=\"fill banner-link\"><\/div>            \n   <div id=\"text-box-260790326\" class=\"text-box banner-layer x50 md-x50 lg-x50 y50 md-y50 lg-y50 res-text\">\n                                <div class=\"text-box-content text dark\">\n              \n              <div class=\"text-inner text-center\">\n                  \n              <\/div>\n           <\/div>\n                            \n<style>\n#text-box-260790326 {\n  width: 60%;\n}\n#text-box-260790326 .text-box-content {\n  font-size: 100%;\n}\n@media (min-width:550px) {\n  #text-box-260790326 {\n    width: 60%;\n  }\n}\n<\/style>\n    <\/div>\n \n        <\/div>\n      <\/div>\n\n            \n<style>\n#banner-398172945 {\n  padding-top: 99.99%;\n}\n<\/style>\n  <\/div>\n\n\n\t<div id=\"gap-1341795595\" class=\"gap-element clearfix\" style=\"display:block; height:auto;\">\n\t\t\n<style>\n#gap-1341795595 {\n  padding-top: 19px;\n}\n<\/style>\n\t<\/div>\n\t\n<p class=\"uppercase\"><strong>M\u00c1Y H\u00daT M\u00d9I KAFF KF-GB785\/GB985<\/strong><\/p>\n<a class=\"button white is-outline is-small lowercase\" >\n\t\t<span>Tr\u1ecb Gi\u00e1: 5,480,000\u0111<\/span>\n\t<\/a>\n\n\t\t<\/div>\n\t\t\t\t\t<\/div>\n\n\t\n\n\t<div id=\"col-2105478129\" class=\"col medium-3 small-12 large-3\"  >\n\t\t\t\t<div class=\"col-inner text-center\"  >\n\t\t\t\n\t\t\t\n\n  <div class=\"banner has-hover\" id=\"banner-1198375259\">\n          <div class=\"banner-inner fill\">\n        <div class=\"banner-bg fill\" >\n            <img loading=\"lazy\" decoding=\"async\" width=\"800\" height=\"800\" src=\"https:\/\/livinghome.vn\/thiet-bi\/wp-content\/uploads\/nha-bep\/pramie\/may-hut-mui\/may-hut-mui-pramie-tt32-900\/may-hut-mui-pramie-tt32-900-6-800x800.jpg\" class=\"bg attachment-large size-large\" alt=\"M\u00e1y h\u00fat m\u00f9i Pramie TT32 900\" title=\"\">                                    \n\t<div class=\"is-border\"\n\t\tstyle=\"border-width:0px 0px 0px 0px;\">\n\t<\/div>\n                    <\/div>\n\t\t\n        <div class=\"banner-layers container\">\n            <div class=\"fill banner-link\"><\/div>            \n   <div id=\"text-box-1739816022\" class=\"text-box banner-layer x50 md-x50 lg-x50 y50 md-y50 lg-y50 res-text\">\n                                <div class=\"text-box-content text dark\">\n              \n              <div class=\"text-inner text-center\">\n                  \n              <\/div>\n           <\/div>\n                            \n<style>\n#text-box-1739816022 {\n  width: 60%;\n}\n#text-box-1739816022 .text-box-content {\n  font-size: 100%;\n}\n@media (min-width:550px) {\n  #text-box-1739816022 {\n    width: 60%;\n  }\n}\n<\/style>\n    <\/div>\n \n        <\/div>\n      <\/div>\n\n            \n<style>\n#banner-1198375259 {\n  padding-top: 99.99%;\n}\n<\/style>\n  <\/div>\n\n\n\t<div id=\"gap-87421962\" class=\"gap-element clearfix\" style=\"display:block; height:auto;\">\n\t\t\n<style>\n#gap-87421962 {\n  padding-top: 19px;\n}\n<\/style>\n\t<\/div>\n\t\n<p class=\"uppercase\"><strong>B\u1ed8 N\u1ed2I B\u1ebeP T\u1eea CAO C\u1ea4P 5 M\u00d3N FIVESTAR<\/strong><\/p>\n<a class=\"button white is-outline is-small lowercase\" >\n\t\t<span>Tr\u1ecb Gi\u00e1: 1,690,000\u0111<\/span>\n\t<\/a>\n\n\t\t<\/div>\n\t\t\t\t\t<\/div>\n\n\t\n\n\t<div id=\"col-1825025746\" class=\"col medium-3 small-12 large-3\"  >\n\t\t\t\t<div class=\"col-inner text-center\"  >\n\t\t\t\n\t\t\t\n\n  <div class=\"banner has-hover\" id=\"banner-1814891943\">\n          <div class=\"banner-inner fill\">\n        <div class=\"banner-bg fill\" >\n            <img loading=\"lazy\" decoding=\"async\" width=\"800\" height=\"800\" src=\"https:\/\/livinghome.vn\/thiet-bi\/wp-content\/uploads\/nha-bep\/pramie\/may-hut-mui\/may-hut-mui-pramie-tt32-900\/may-hut-mui-pramie-tt32-900-5-800x800.jpg\" class=\"bg attachment-large size-large\" alt=\"M\u00e1y h\u00fat m\u00f9i Pramie TT32 900\" title=\"\">                                    \n\t<div class=\"is-border\"\n\t\tstyle=\"border-width:0px 0px 0px 0px;\">\n\t<\/div>\n                    <\/div>\n\t\t\n        <div class=\"banner-layers container\">\n            <div class=\"fill banner-link\"><\/div>            \n   <div id=\"text-box-669529907\" class=\"text-box banner-layer x50 md-x50 lg-x50 y50 md-y50 lg-y50 res-text\">\n                                <div class=\"text-box-content text dark\">\n              \n              <div class=\"text-inner text-center\">\n                  \n              <\/div>\n           <\/div>\n                            \n<style>\n#text-box-669529907 {\n  width: 60%;\n}\n#text-box-669529907 .text-box-content {\n  font-size: 100%;\n}\n@media (min-width:550px) {\n  #text-box-669529907 {\n    width: 60%;\n  }\n}\n<\/style>\n    <\/div>\n \n        <\/div>\n      <\/div>\n\n            \n<style>\n#banner-1814891943 {\n  padding-top: 99.99%;\n}\n#banner-1814891943 .banner-bg img {\n  object-position: 41% 23%;\n}\n<\/style>\n  <\/div>\n\n\n\t<div id=\"gap-949377738\" class=\"gap-element clearfix\" style=\"display:block; height:auto;\">\n\t\t\n<style>\n#gap-949377738 {\n  padding-top: 19px;\n}\n<\/style>\n\t<\/div>\n\t\n<p class=\"uppercase\"><strong>CH\u1ea2O CH\u1ed0NG D\u00cdNH CHO B\u1ebeP T\u1eea<\/strong><\/p>\n<a class=\"button white is-outline is-small lowercase\" >\n\t\t<span>Tr\u1ecb Gi\u00e1: 350,000\u0111<\/span>\n\t<\/a>\n\n\t\t<\/div>\n\t\t\t\t\t<\/div>\n\n\t\n\n\t<div id=\"col-1196039400\" class=\"col medium-3 small-12 large-3\"  >\n\t\t\t\t<div class=\"col-inner text-center\"  >\n\t\t\t\n\t\t\t\n\n  <div class=\"banner has-hover\" id=\"banner-530350314\">\n          <div class=\"banner-inner fill\">\n        <div class=\"banner-bg fill\" >\n                                                \n\t<div class=\"is-border\"\n\t\tstyle=\"border-width:0px 0px 0px 0px;\">\n\t<\/div>\n                    <\/div>\n\t\t\n        <div class=\"banner-layers container\">\n            <div class=\"fill banner-link\"><\/div>            \n   <div id=\"text-box-689814883\" class=\"text-box banner-layer x50 md-x50 lg-x50 y50 md-y50 lg-y50 res-text\">\n                                <div class=\"text-box-content text dark\">\n              \n              <div class=\"text-inner text-center\">\n                  \n              <\/div>\n           <\/div>\n                            \n<style>\n#text-box-689814883 {\n  width: 60%;\n}\n#text-box-689814883 .text-box-content {\n  font-size: 100%;\n}\n@media (min-width:550px) {\n  #text-box-689814883 {\n    width: 60%;\n  }\n}\n<\/style>\n    <\/div>\n \n        <\/div>\n      <\/div>\n\n            \n<style>\n#banner-530350314 {\n  padding-top: 99.99%;\n}\n<\/style>\n  <\/div>\n\n\n\t<div id=\"gap-1283179986\" class=\"gap-element clearfix\" style=\"display:block; height:auto;\">\n\t\t\n<style>\n#gap-1283179986 {\n  padding-top: 19px;\n}\n<\/style>\n\t<\/div>\n\t\n<p class=\"uppercase\"><strong>VOUCHER MUA H\u00c0NG H\u1ea4P D\u1eaaN<\/strong><\/p>\n<a class=\"button white is-outline is-small lowercase\" >\n\t\t<span>Tr\u1ecb Gi\u00e1: 1,000,000\u0111<\/span>\n\t<\/a>\n\n\t\t<\/div>\n\t\t\t\t\t<\/div>\n\n\t\n<\/div>\n\t\t<\/div>\n\n\t\t\n<style>\n#section_500822709 {\n  padding-top: 20px;\n  padding-bottom: 20px;\n}\n<\/style>\n\t<\/section>\n\t\n\t<div id=\"gap-1744200660\" class=\"gap-element clearfix\" style=\"display:block; height:auto;\">\n\t\t\n<style>\n#gap-1744200660 {\n  padding-top: 30px;\n}\n<\/style>\n\t<\/div>\n\t\n<p>&nbsp;<\/p>\n<h3><strong>Living Home Vietnam hi\u1ec7n l\u00e0 nh\u00e0 ph\u00e2n ph\u1ed1i ch\u00ednh th\u1ee9c d\u00f2ng s\u1ea3n ph\u1ea9m KAFF<\/strong><\/h3>\n<figure style=\"width: 637px\" class=\"wp-caption aligncenter\"><img loading=\"lazy\" decoding=\"async\" src=\"https:\/\/livinghome.vn\/thiet-bi\/wp-content\/uploads\/nha-bep\/kaff\/chung-nhan-kaff.jpg\" alt=\"Ch\u1ee9ng nh\u1eadn KAFF cho Living Home Vietnam\" width=\"637\" height=\"900\" title=\"\"><figcaption class=\"wp-caption-text\"><em>Ch\u1ee9ng nh\u1eadn KAFF cho Living Home Vietnam<br \/><\/em><\/figcaption><\/figure>\n<h3><span id=\"tim-kiem-nhung-y-tuong-noi-that-hap-dan-khac-tai-living-home\"><strong>T\u00ecm ki\u1ebfm nh\u1eefng \u00fd t\u01b0\u1edfng <a href=\"http:\/\/livinghome.vn\">S\u1ea3n ph\u1ea9m gia \u0111\u00ecnh<\/a> kh\u00e1c t\u1ea1i Living Home<\/strong><\/span><\/h3>\n<ul>\n<li>Facebook Living Home Vietnam: <a href=\"https:\/\/www.facebook.com\/livinghomevietnam\/\" target=\"_blank\" rel=\"noopener noreferrer nofollow\">click here<\/a><\/li>\n<li>Thi\u1ebft k\u1ebf n\u1ed9i th\u1ea5t: <a href=\"https:\/\/www.facebook.com\/thietkenoithatnhadephcm\" target=\"_blank\" rel=\"noopener noreferrer nofollow\">click here<\/a><\/li>\n<\/ul>\n<h2><strong>\u01afu \u0111\u00e3i tuy\u1ec7t v\u1eddi d\u00e0nh cho B\u1ebfp \u0111i\u1ec7n t\u1eeb Kaff KF-SD300IC<br \/>\n<\/strong><\/h2>\n<ul>\n<li>Li\u00ean h\u1ec7 hotline \u0111\u1ec3 bi\u1ebft th\u00eam chi ti\u1ebft<\/li>\n<\/ul>\n","protected":false},"excerpt":{"rendered":"<p>&#8216;- Ngu\u1ed3n \u0111i\u1ec7n : 200V-280V\/50-60Hz cho Vi\u1ec7t Nam<\/p>\n<p>&#8211; C\u00f4ng su\u1ea5t l\u00f2 tr\u00e1i: 2200W<\/p>\n<p>&#8211; C\u00f4ng su\u1ea5t l\u00f2 ph\u1ea3i: 2000W<\/p>\n<p>&#8211; K\u00edch th\u01b0\u1edbc s\u1ea3n ph\u1ea9m: 730x420mm<\/p>\n<p>&#8211; K\u00edch th\u01b0\u1edbc kho\u00e9t \u0111\u00e1: 690x390mm<\/p>\n<p>&nbsp;<\/p>\n<h3><span style=\"color: #ed1c24\"><strong>NH\u1eacP CODE LVH1000 CHO B\u1ebeP \u0110I\u1ec6N T\u1eea<\/strong><\/span><\/h3>\n<p>GI\u1ea2M NGAY <span style=\"color: #ed1c24\"><strong>1,000,000\u0110<\/strong> <\/span>QU\u00c0 T\u1eb6NG <span style=\"color: #ed1c24\"><strong>GI\u1eee NGUY\u00caN<\/strong><\/span><\/p>\n","protected":false},"featured_media":11997,"comment_status":"open","ping_status":"closed","template":"","meta":[],"product_brand":[],"product_cat":[745,793,813,796,716,80,801,810,164],"product_tag":[81,115,166,171],"class_list":{"0":"post-769","1":"product","2":"type-product","3":"status-publish","4":"has-post-thumbnail","6":"product_cat-bep-dien-tu","7":"product_cat-bep-1-dien-1-tu","8":"product_cat-bep-dien-tu-chung-cu","9":"product_cat-bep-dien-tu-doi","10":"product_cat-bep-dien-tu-kaff","11":"product_cat-bep-dien-tu-ket-hop","12":"product_cat-bep-dien-tu-khong-ken-noi","13":"product_cat-bep-dien-tu-malaysia","14":"product_cat-thuong-hieu-kaff","15":"product_tag-bep-dien-tu","16":"product_tag-bep-dien-tu-am","17":"product_tag-bep-dien-tu-kaff","18":"product_tag-bep-dien-tu-malaysia","20":"first","21":"instock","22":"sale","23":"purchasable","24":"product-type-simple"},"_links":{"self":[{"href":"https:\/\/livinghome.vn\/thiet-bi\/wp-json\/wp\/v2\/product\/769","targetHints":{"allow":["GET"]}}],"collection":[{"href":"https:\/\/livinghome.vn\/thiet-bi\/wp-json\/wp\/v2\/product"}],"about":[{"href":"https:\/\/livinghome.vn\/thiet-bi\/wp-json\/wp\/v2\/types\/product"}],"replies":[{"embeddable":true,"href":"https:\/\/livinghome.vn\/thiet-bi\/wp-json\/wp\/v2\/comments?post=769"}],"wp:featuredmedia":[{"embeddable":true,"href":"https:\/\/livinghome.vn\/thiet-bi\/wp-json\/wp\/v2\/media\/11997"}],"wp:attachment":[{"href":"https:\/\/livinghome.vn\/thiet-bi\/wp-json\/wp\/v2\/media?parent=769"}],"wp:term":[{"taxonomy":"product_brand","embeddable":true,"href":"https:\/\/livinghome.vn\/thiet-bi\/wp-json\/wp\/v2\/product_brand?post=769"},{"taxonomy":"product_cat","embeddable":true,"href":"https:\/\/livinghome.vn\/thiet-bi\/wp-json\/wp\/v2\/product_cat?post=769"},{"taxonomy":"product_tag","embeddable":true,"href":"https:\/\/livinghome.vn\/thiet-bi\/wp-json\/wp\/v2\/product_tag?post=769"}],"curies":[{"name":"wp","href":"https:\/\/api.w.org\/{rel}","templated":true}]}}