{"id":768,"date":"2023-01-12T11:25:52","date_gmt":"2023-01-12T11:25:52","guid":{"rendered":"https:\/\/livinghome.vn\/thiet-bi\/?post_type=product&#038;p=768"},"modified":"2024-11-29T14:20:55","modified_gmt":"2024-11-29T07:20:55","slug":"bep-tu-kaff-kf-sd300ii","status":"publish","type":"product","link":"https:\/\/livinghome.vn\/thiet-bi\/bep-tu-kaff-kf-sd300ii\/","title":{"rendered":"B\u1ebfp T\u1eeb Kaff KF-SD300II 73CM 2 T\u1eeb K\u00ednh Crystal"},"content":{"rendered":"<h2><strong>B\u1ebfp t\u1eeb Kaff KF-SD300II\u00a0<\/strong><\/h2>\n<figure id=\"attachment_12435\" aria-describedby=\"caption-attachment-12435\" style=\"width: 1200px\" class=\"wp-caption alignnone\"><img loading=\"lazy\" decoding=\"async\" class=\"size-full wp-image-12435\" src=\"https:\/\/livinghome.vn\/thiet-bi\/wp-content\/uploads\/nha-bep\/kaff\/bep-tu\/bep-tu-kaff-kf-sd300ii\/bep-tu-kaff-kf-sd300ii-2.jpg\" alt=\"B\u1ebfp T\u1eeb Kaff KF-SD300II\" width=\"1200\" height=\"900\" title=\"\" srcset=\"https:\/\/livinghome.vn\/thiet-bi\/wp-content\/uploads\/nha-bep\/kaff\/bep-tu\/bep-tu-kaff-kf-sd300ii\/bep-tu-kaff-kf-sd300ii-2.jpg 1200w, https:\/\/livinghome.vn\/thiet-bi\/wp-content\/uploads\/nha-bep\/kaff\/bep-tu\/bep-tu-kaff-kf-sd300ii\/bep-tu-kaff-kf-sd300ii-2-600x450.jpg 600w, https:\/\/livinghome.vn\/thiet-bi\/wp-content\/uploads\/nha-bep\/kaff\/bep-tu\/bep-tu-kaff-kf-sd300ii\/bep-tu-kaff-kf-sd300ii-2-533x400.jpg 533w, https:\/\/livinghome.vn\/thiet-bi\/wp-content\/uploads\/nha-bep\/kaff\/bep-tu\/bep-tu-kaff-kf-sd300ii\/bep-tu-kaff-kf-sd300ii-2-1067x800.jpg 1067w, https:\/\/livinghome.vn\/thiet-bi\/wp-content\/uploads\/nha-bep\/kaff\/bep-tu\/bep-tu-kaff-kf-sd300ii\/bep-tu-kaff-kf-sd300ii-2-768x576.jpg 768w\" sizes=\"auto, (max-width: 1200px) 100vw, 1200px\" \/><figcaption id=\"caption-attachment-12435\" class=\"wp-caption-text\">B\u1ebfp T\u1eeb Kaff KF-SD300II<\/figcaption><\/figure>\n<p>B\u1ebfp T\u1eeb KAFF KF-SD300II s\u1eed d\u1ee5ng m\u1eb7t k\u00ednh Crystal \u0111\u01b0\u1ee3c l\u00e0m t\u1eeb ch\u1ea5t li\u1ec7u g\u1ed1m th\u1ee7y tinh c\u00f3 kh\u1ea3 n\u0103ng ch\u1ecbu l\u1ef1c va \u0111\u1eadp v\u00e0 s\u1ed1c nhi\u1ec7t t\u1edbi 1000 \u0111\u1ed9 C, ch\u1ed1ng x\u01b0\u1edbc t\u1ed1t n\u00ean tu\u1ed5i th\u1ecd cao. M\u1eb7t b\u1ebfp t\u1ea3n nhi\u1ec7t nhanh v\u00e0 \u0111\u01b0\u1ee3c c\u00e1ch \u0111i\u1ec7n an to\u00e0n v\u1edbi c\u00e1c linh ki\u1ec7n \u0111i\u1ec7n t\u1eed b\u00ean trong th\u00e2n. B\u1ea1n c\u00f3 th\u1ec3 y\u00ean t\u00e2m s\u1eed d\u1ee5ng m\u00e0 kh\u00f4ng lo b\u1ecb b\u1ecfng hay \u0111i\u1ec7n gi\u1eadt.<\/p>\n<figure id=\"attachment_12432\" aria-describedby=\"caption-attachment-12432\" style=\"width: 1200px\" class=\"wp-caption alignnone\"><img loading=\"lazy\" decoding=\"async\" class=\"size-full wp-image-12432\" src=\"https:\/\/livinghome.vn\/thiet-bi\/wp-content\/uploads\/nha-bep\/kaff\/bep-tu\/bep-tu-kaff-kf-sd300ii\/bep-tu-kaff-kf-sd300ii-4.jpg\" alt=\"B\u1ebfp T\u1eeb Kaff KF-SD300II\" width=\"1200\" height=\"900\" title=\"\" srcset=\"https:\/\/livinghome.vn\/thiet-bi\/wp-content\/uploads\/nha-bep\/kaff\/bep-tu\/bep-tu-kaff-kf-sd300ii\/bep-tu-kaff-kf-sd300ii-4.jpg 1200w, https:\/\/livinghome.vn\/thiet-bi\/wp-content\/uploads\/nha-bep\/kaff\/bep-tu\/bep-tu-kaff-kf-sd300ii\/bep-tu-kaff-kf-sd300ii-4-600x450.jpg 600w, https:\/\/livinghome.vn\/thiet-bi\/wp-content\/uploads\/nha-bep\/kaff\/bep-tu\/bep-tu-kaff-kf-sd300ii\/bep-tu-kaff-kf-sd300ii-4-533x400.jpg 533w, https:\/\/livinghome.vn\/thiet-bi\/wp-content\/uploads\/nha-bep\/kaff\/bep-tu\/bep-tu-kaff-kf-sd300ii\/bep-tu-kaff-kf-sd300ii-4-1067x800.jpg 1067w, https:\/\/livinghome.vn\/thiet-bi\/wp-content\/uploads\/nha-bep\/kaff\/bep-tu\/bep-tu-kaff-kf-sd300ii\/bep-tu-kaff-kf-sd300ii-4-768x576.jpg 768w\" sizes=\"auto, (max-width: 1200px) 100vw, 1200px\" \/><figcaption id=\"caption-attachment-12432\" class=\"wp-caption-text\">B\u1ebfp T\u1eeb Kaff KF-SD300II<\/figcaption><\/figure>\n<p>B\u1ebfp KAFF KF-SD300II thu\u1ed9c d\u00f2ng b\u1ebfp t\u1eeb cao c\u1ea5p c\u1ee7a th\u01b0\u01a1ng hi\u1ec7u thi\u1ebft b\u1ecb nh\u00e0 b\u1ebfp n\u1ed5i ti\u1ebfng t\u1ea1i \u0110\u1ee9c KAFF nh\u1eadp kh\u1ea9u nguy\u00ean chi\u1ebfc t\u1eeb MALAYSIA, l\u00e0 s\u1ef1 k\u1ebft h\u1ee3p ho\u00e0n h\u1ea3o gi\u1eefa 2 b\u00ean b\u1ebfp \u0111\u1ec1u t\u1eeb s\u1eed d\u1ee5ng c\u00e1c b\u1ed9 n\u1ed3i ch\u1ea3o inox t\u1eeb, ti\u1ebft ki\u1ec7m \u0111i\u1ec7n v\u00e0 \u0111un n\u1ea5u nhanh h\u01a1n, B\u1ebfp c\u00f3 thi\u1ebft k\u1ebf 2 l\u00f2 n\u1ea5u \u0111\u1ed9c l\u1eadp, k\u00edch th\u01b0\u1edbc m\u1eb7t k\u00ednh 740x430mm, k\u00edch th\u01b0\u1edbc m\u1eb7t kho\u00e9t \u0111\u00e1 680x390mm ph\u00f9 h\u1ee3p v\u1edbi kh\u00f4ng gian ph\u00f2ng b\u1ebfp c\u1ee7a ng\u01b0\u1eddi ch\u00e2u \u00c1. B\u1ebfp c\u00f3 c\u00f4ng su\u1ea5t 2 l\u00f2 nh\u01b0 nhau (2000W-2000W) t\u0103ng hi\u1ec7u su\u1ea5t n\u1ea5u n\u01b0\u1edbng cao, gi\u00fap b\u00e0 n\u1ed9i tr\u1ee3 r\u1ea3nh rang h\u01a1n.<\/p>\n<figure id=\"attachment_12431\" aria-describedby=\"caption-attachment-12431\" style=\"width: 900px\" class=\"wp-caption alignnone\"><img loading=\"lazy\" decoding=\"async\" class=\"size-full wp-image-12431\" src=\"https:\/\/livinghome.vn\/thiet-bi\/wp-content\/uploads\/nha-bep\/kaff\/bep-tu\/bep-tu-kaff-kf-sd300ii\/bep-tu-kaff-kf-sd300ii-5.jpg\" alt=\"B\u1ebfp T\u1eeb Kaff KF-SD300II\" width=\"900\" height=\"900\" title=\"\" srcset=\"https:\/\/livinghome.vn\/thiet-bi\/wp-content\/uploads\/nha-bep\/kaff\/bep-tu\/bep-tu-kaff-kf-sd300ii\/bep-tu-kaff-kf-sd300ii-5.jpg 900w, https:\/\/livinghome.vn\/thiet-bi\/wp-content\/uploads\/nha-bep\/kaff\/bep-tu\/bep-tu-kaff-kf-sd300ii\/bep-tu-kaff-kf-sd300ii-5-300x300.jpg 300w, https:\/\/livinghome.vn\/thiet-bi\/wp-content\/uploads\/nha-bep\/kaff\/bep-tu\/bep-tu-kaff-kf-sd300ii\/bep-tu-kaff-kf-sd300ii-5-100x100.jpg 100w, https:\/\/livinghome.vn\/thiet-bi\/wp-content\/uploads\/nha-bep\/kaff\/bep-tu\/bep-tu-kaff-kf-sd300ii\/bep-tu-kaff-kf-sd300ii-5-600x600.jpg 600w, https:\/\/livinghome.vn\/thiet-bi\/wp-content\/uploads\/nha-bep\/kaff\/bep-tu\/bep-tu-kaff-kf-sd300ii\/bep-tu-kaff-kf-sd300ii-5-400x400.jpg 400w, https:\/\/livinghome.vn\/thiet-bi\/wp-content\/uploads\/nha-bep\/kaff\/bep-tu\/bep-tu-kaff-kf-sd300ii\/bep-tu-kaff-kf-sd300ii-5-800x800.jpg 800w, https:\/\/livinghome.vn\/thiet-bi\/wp-content\/uploads\/nha-bep\/kaff\/bep-tu\/bep-tu-kaff-kf-sd300ii\/bep-tu-kaff-kf-sd300ii-5-280x280.jpg 280w, https:\/\/livinghome.vn\/thiet-bi\/wp-content\/uploads\/nha-bep\/kaff\/bep-tu\/bep-tu-kaff-kf-sd300ii\/bep-tu-kaff-kf-sd300ii-5-768x768.jpg 768w\" sizes=\"auto, (max-width: 900px) 100vw, 900px\" \/><figcaption id=\"caption-attachment-12431\" class=\"wp-caption-text\">B\u1ebfp T\u1eeb Kaff KF-SD300II<\/figcaption><\/figure>\n<p>B\u1ebfp t\u1eeb \u0111\u00f4i c\u1ea3m \u1ee9ng KAFF KF-SD300II \u0111\u01b0\u1ee3c s\u1ea3n xu\u1ea5t theo c\u00f4ng ngh\u1ec7 hi\u1ec7n \u0111\u1ea1i ti\u00ean ti\u1ebfn nh\u1ea5t hi\u1ec7n nay v\u1edbi v\u00f4 v\u00e0n nh\u1eefng t\u00ednh n\u0103ng \u01b0u vi\u1ec7t, th\u00f4ng minh h\u01a1n b\u1ebfp th\u00f4ng th\u01b0\u1eddng ch\u1eafc ch\u1eafn B\u1ebfp t\u1eeb \u0111\u00f4i cao c\u1ea5p c\u1ea3m \u1ee9ng nh\u1eadp kh\u1ea9u KAFF s\u1ebd gi\u00fap b\u1ea1n ho\u00e0n thi\u1ec7n m\u00f3n \u0103n cho gia \u0111\u00ecnh nhanh ch\u00f3ng, r\u1ea5t ph\u00f9 h\u1ee3p cho gia \u0111\u00ecnh nhi\u1ec1u th\u00e0nh vi\u00ean v\u00e0 nh\u1eefng b\u00e0 n\u1ed9i tr\u1ee3 b\u1eadn r\u1ed9n.<\/p>\n<figure id=\"attachment_12434\" aria-describedby=\"caption-attachment-12434\" style=\"width: 900px\" class=\"wp-caption alignnone\"><img loading=\"lazy\" decoding=\"async\" class=\"size-full wp-image-12434\" src=\"https:\/\/livinghome.vn\/thiet-bi\/wp-content\/uploads\/nha-bep\/kaff\/bep-tu\/bep-tu-kaff-kf-sd300ii\/bep-tu-kaff-kf-sd300ii-7.jpg\" alt=\"B\u1ebfp T\u1eeb Kaff KF-SD300II\" width=\"900\" height=\"900\" title=\"\" srcset=\"https:\/\/livinghome.vn\/thiet-bi\/wp-content\/uploads\/nha-bep\/kaff\/bep-tu\/bep-tu-kaff-kf-sd300ii\/bep-tu-kaff-kf-sd300ii-7.jpg 900w, https:\/\/livinghome.vn\/thiet-bi\/wp-content\/uploads\/nha-bep\/kaff\/bep-tu\/bep-tu-kaff-kf-sd300ii\/bep-tu-kaff-kf-sd300ii-7-300x300.jpg 300w, https:\/\/livinghome.vn\/thiet-bi\/wp-content\/uploads\/nha-bep\/kaff\/bep-tu\/bep-tu-kaff-kf-sd300ii\/bep-tu-kaff-kf-sd300ii-7-100x100.jpg 100w, https:\/\/livinghome.vn\/thiet-bi\/wp-content\/uploads\/nha-bep\/kaff\/bep-tu\/bep-tu-kaff-kf-sd300ii\/bep-tu-kaff-kf-sd300ii-7-600x600.jpg 600w, https:\/\/livinghome.vn\/thiet-bi\/wp-content\/uploads\/nha-bep\/kaff\/bep-tu\/bep-tu-kaff-kf-sd300ii\/bep-tu-kaff-kf-sd300ii-7-400x400.jpg 400w, https:\/\/livinghome.vn\/thiet-bi\/wp-content\/uploads\/nha-bep\/kaff\/bep-tu\/bep-tu-kaff-kf-sd300ii\/bep-tu-kaff-kf-sd300ii-7-800x800.jpg 800w, https:\/\/livinghome.vn\/thiet-bi\/wp-content\/uploads\/nha-bep\/kaff\/bep-tu\/bep-tu-kaff-kf-sd300ii\/bep-tu-kaff-kf-sd300ii-7-280x280.jpg 280w, https:\/\/livinghome.vn\/thiet-bi\/wp-content\/uploads\/nha-bep\/kaff\/bep-tu\/bep-tu-kaff-kf-sd300ii\/bep-tu-kaff-kf-sd300ii-7-768x768.jpg 768w\" sizes=\"auto, (max-width: 900px) 100vw, 900px\" \/><figcaption id=\"caption-attachment-12434\" class=\"wp-caption-text\">B\u1ebfp T\u1eeb Kaff KF-SD300II<\/figcaption><\/figure>\n<p>S\u1ea3n ph\u1ea9m B\u1ebfp t\u1eeb \u0111\u00f4i c\u1ea3m \u1ee9ng KAFF KF-SD300II n\u00e0y g\u1ed3m 2 l\u00f2 mang \u0111\u1ebfn s\u1ef1 l\u1ef1a ch\u1ecdn ho\u00e0n h\u1ea3o cho b\u00e0 n\u1ed9i tr\u1ee3 hi\u1ec7n \u0111\u1ea1i, gi\u00fap n\u1ea5u \u0103n nhanh h\u01a1n v\u00e0 ti\u1ebft ki\u1ec7m th\u1eddi gian. \u0110\u1eb7c bi\u1ec7t, b\u1ebfp c\u00f3 kh\u1ea3 n\u0103ng t\u1ef1 \u0111\u1ed9ng chia s\u1ebb c\u00f4ng su\u1ea5t gi\u1eefa hai b\u1ebfp, gi\u00fap b\u1ea3o v\u1ec7 m\u1ea1ch \u0111i\u1ec7n, tr\u00e1nh qu\u00e1 t\u1ea3i. T\u00ednh n\u0103ng n\u00e0y \u0111\u01b0\u1ee3c ng\u01b0\u1eddi d\u00f9ng \u0111\u00e1nh gi\u00e1 kh\u00e1 cao v\u1ec1 \u0111\u1ed9 b\u1ec1n c\u0169ng nh\u01b0 \u0111\u1ed9 an to\u00e0n c\u1ee7a s\u1ea3n ph\u1ea9m, ch\u1eafc ch\u1eafn s\u1ea3n ph\u1ea9m s\u1ebd mang \u0111\u1ebfn s\u1ef1 l\u1ef1a ch\u1ecdn ho\u00e0n h\u1ea3o cho b\u00e0 n\u1ed9i tr\u1ee3 hi\u1ec7n \u0111\u1ea1i, gi\u00fap n\u1ea5u \u0103n nhanh h\u01a1n v\u00e0 ti\u1ebft ki\u1ec7m th\u1eddi gian. S\u1ea3n ph\u1ea9m ho\u00e0n h\u1ea3o kh\u00f4ng k\u00e9n n\u1ed3i v\u00e0 ti\u1ebft ki\u1ec7m \u0111i\u1ec7n v\u1edbi 2 b\u00ean l\u00e0 t\u1eeb ti\u1ebft ki\u1ec7m \u0111i\u1ec7n m\u1ed9t c\u00e1ch ho\u00e0n h\u1ea3o gi\u00fap b\u1ea1n c\u1ea3m nh\u1eadn s\u1ef1 y\u00ean t\u00e2m. B\u1ea1n c\u0169ng d\u1ec5 d\u00e0ng thao t\u00e1c tr\u00ean m\u00e0n \u0111i\u1ec1u khi\u1ec3n c\u1ea3m \u1ee9ng si\u00eau nh\u1ea1y v\u00e0 d\u1ec5 s\u1eed d\u1ee5ng. B\u1ebfp t\u1eeb \u0111\u00f4i c\u1ea3m \u1ee9ng KAFF KF-SD300IC \u0111\u01b0\u1ee3c trang b\u1ecb m\u00e0n h\u00ecnh LED hi\u1ec7n \u0111\u1ea1i hi\u1ec3n th\u1ecb c\u00e1c ch\u1ee9c n\u0103ng n\u1ea5u n\u01b0\u1edbng khi \u0111\u01b0\u1ee3c ch\u1ecdn. Nh\u1edd v\u1eady, ch\u1ec9 c\u1ea7n \u0111\u1ecdc qua c\u00e1ch h\u01b0\u1edbng d\u1eabn s\u1eed d\u1ee5ng ho\u1eb7c xem ch\u1ee9c n\u0103ng hi\u1ec3n th\u1ecb tr\u00ean b\u1ec1 m\u1eb7t b\u1ebfp l\u00e0 b\u1ea1n c\u00f3 th\u1ec3 th\u1ef1c hi\u1ec7n th\u00e0nh th\u1ea1o ngay v\u00ec c\u00e1c ch\u1ee9c n\u0103ng hi\u1ec3n th\u1ecb r\u00f5 r\u00e0ng, thao t\u00e1c \u0111\u01a1n gi\u1ea3n.<\/p>\n<figure id=\"attachment_12430\" aria-describedby=\"caption-attachment-12430\" style=\"width: 900px\" class=\"wp-caption alignnone\"><img loading=\"lazy\" decoding=\"async\" class=\"size-full wp-image-12430\" src=\"https:\/\/livinghome.vn\/thiet-bi\/wp-content\/uploads\/nha-bep\/kaff\/bep-tu\/bep-tu-kaff-kf-sd300ii\/bep-tu-kaff-kf-sd300ii-3.jpg\" alt=\"B\u1ebfp T\u1eeb Kaff KF-SD300II\" width=\"900\" height=\"900\" title=\"\" srcset=\"https:\/\/livinghome.vn\/thiet-bi\/wp-content\/uploads\/nha-bep\/kaff\/bep-tu\/bep-tu-kaff-kf-sd300ii\/bep-tu-kaff-kf-sd300ii-3.jpg 900w, https:\/\/livinghome.vn\/thiet-bi\/wp-content\/uploads\/nha-bep\/kaff\/bep-tu\/bep-tu-kaff-kf-sd300ii\/bep-tu-kaff-kf-sd300ii-3-300x300.jpg 300w, https:\/\/livinghome.vn\/thiet-bi\/wp-content\/uploads\/nha-bep\/kaff\/bep-tu\/bep-tu-kaff-kf-sd300ii\/bep-tu-kaff-kf-sd300ii-3-100x100.jpg 100w, https:\/\/livinghome.vn\/thiet-bi\/wp-content\/uploads\/nha-bep\/kaff\/bep-tu\/bep-tu-kaff-kf-sd300ii\/bep-tu-kaff-kf-sd300ii-3-600x600.jpg 600w, https:\/\/livinghome.vn\/thiet-bi\/wp-content\/uploads\/nha-bep\/kaff\/bep-tu\/bep-tu-kaff-kf-sd300ii\/bep-tu-kaff-kf-sd300ii-3-400x400.jpg 400w, https:\/\/livinghome.vn\/thiet-bi\/wp-content\/uploads\/nha-bep\/kaff\/bep-tu\/bep-tu-kaff-kf-sd300ii\/bep-tu-kaff-kf-sd300ii-3-800x800.jpg 800w, https:\/\/livinghome.vn\/thiet-bi\/wp-content\/uploads\/nha-bep\/kaff\/bep-tu\/bep-tu-kaff-kf-sd300ii\/bep-tu-kaff-kf-sd300ii-3-280x280.jpg 280w, https:\/\/livinghome.vn\/thiet-bi\/wp-content\/uploads\/nha-bep\/kaff\/bep-tu\/bep-tu-kaff-kf-sd300ii\/bep-tu-kaff-kf-sd300ii-3-768x768.jpg 768w\" sizes=\"auto, (max-width: 900px) 100vw, 900px\" \/><figcaption id=\"caption-attachment-12430\" class=\"wp-caption-text\">B\u1ebfp T\u1eeb Kaff KF-SD300II<\/figcaption><\/figure>\n<blockquote>\n<h3>B\u1ebfp t\u1eeb ch\u1eef nh\u1eadt d\u00e0i 73cm v\u1edbi 02 v\u00f9ng n\u1ea5u t\u1eeb m\u1ea1nh m\u1ebd<\/h3>\n<\/blockquote>\n<p><strong>N\u1ed5i b\u1eadt:<\/strong><\/p>\n<ul>\n<li>\u0110\u1ea7u \u0111\u1ed1t EGO Made in Germany<\/li>\n<li>M\u1eb7t k\u00ednh Crystal si\u00eau b\u1ec1n<\/li>\n<li>IGBT SIMENS Made in Germany<\/li>\n<li>C\u00f4ng ngh\u1ec7 bi\u1ebfn t\u1ea7n INVERTER ti\u1ebft ki\u1ec7m 40% \u0111i\u1ec7n n\u0103ng<\/li>\n<\/ul>\n<p><strong>T\u00ednh n\u0103ng:<\/strong><\/p>\n<ul>\n<li>Ch\u1ee9c n\u0103ng Booster n\u1ea5u nhanh cho b\u1ebfp t\u1eeb<\/li>\n<li>Ch\u1ee9c n\u0103ng t\u1ea1m d\u1eebng b\u1ebfp khi c\u1ea7n thi\u1ebft<\/li>\n<li>Ch\u1ee9c n\u0103ng h\u00e2m<\/li>\n<\/ul>\n<p><strong>Chi ti\u1ebft k\u1ef9 thu\u1eadt:<\/strong><\/p>\n<ul>\n<li>Ngu\u1ed3n \u0111i\u1ec7n : 200V-280V\/50-60Hz cho Vi\u1ec7t Nam<\/li>\n<li>C\u00f4ng su\u1ea5t l\u00f2 tr\u00e1i: 2000W<\/li>\n<li>C\u00f4ng su\u1ea5t l\u00f2 ph\u1ea3i: 2000W<\/li>\n<li>K\u00edch th\u01b0\u1edbc m\u1eb7t k\u00ednh: 730x420mm<\/li>\n<li>K\u00edch th\u01b0\u1edbc kho\u00e9t \u0111\u00e1: 690x390mm<\/li>\n<\/ul>\n<h3>H\u00ecnh \u1ea3nh l\u1eafp \u0111\u1eb7t th\u1ef1c t\u1ebf B\u1ebfp T\u1eeb Kaff KF-SD300II:<\/h3>\n<figure id=\"attachment_12437\" aria-describedby=\"caption-attachment-12437\" style=\"width: 1200px\" class=\"wp-caption alignnone\"><img loading=\"lazy\" decoding=\"async\" class=\"size-full wp-image-12437\" src=\"https:\/\/livinghome.vn\/thiet-bi\/wp-content\/uploads\/nha-bep\/kaff\/bep-tu\/bep-tu-kaff-kf-sd300ii\/bep-tu-kaff-kf-sd300ii-hinh-anh-thuc-te-1.2.jpg\" alt=\"B\u1ebfp T\u1eeb Kaff KF-SD300II\" width=\"1200\" height=\"900\" title=\"\" srcset=\"https:\/\/livinghome.vn\/thiet-bi\/wp-content\/uploads\/nha-bep\/kaff\/bep-tu\/bep-tu-kaff-kf-sd300ii\/bep-tu-kaff-kf-sd300ii-hinh-anh-thuc-te-1.2.jpg 1200w, https:\/\/livinghome.vn\/thiet-bi\/wp-content\/uploads\/nha-bep\/kaff\/bep-tu\/bep-tu-kaff-kf-sd300ii\/bep-tu-kaff-kf-sd300ii-hinh-anh-thuc-te-1.2-600x450.jpg 600w, https:\/\/livinghome.vn\/thiet-bi\/wp-content\/uploads\/nha-bep\/kaff\/bep-tu\/bep-tu-kaff-kf-sd300ii\/bep-tu-kaff-kf-sd300ii-hinh-anh-thuc-te-1.2-533x400.jpg 533w, https:\/\/livinghome.vn\/thiet-bi\/wp-content\/uploads\/nha-bep\/kaff\/bep-tu\/bep-tu-kaff-kf-sd300ii\/bep-tu-kaff-kf-sd300ii-hinh-anh-thuc-te-1.2-1067x800.jpg 1067w, https:\/\/livinghome.vn\/thiet-bi\/wp-content\/uploads\/nha-bep\/kaff\/bep-tu\/bep-tu-kaff-kf-sd300ii\/bep-tu-kaff-kf-sd300ii-hinh-anh-thuc-te-1.2-768x576.jpg 768w\" sizes=\"auto, (max-width: 1200px) 100vw, 1200px\" \/><figcaption id=\"caption-attachment-12437\" class=\"wp-caption-text\">B\u1ebfp T\u1eeb Kaff KF-SD300II<\/figcaption><\/figure>\n<figure id=\"attachment_12438\" aria-describedby=\"caption-attachment-12438\" style=\"width: 900px\" class=\"wp-caption alignnone\"><img loading=\"lazy\" decoding=\"async\" class=\"size-full wp-image-12438\" src=\"https:\/\/livinghome.vn\/thiet-bi\/wp-content\/uploads\/nha-bep\/kaff\/bep-tu\/bep-tu-kaff-kf-sd300ii\/bep-tu-kaff-kf-sd300ii-hinh-anh-thuc-te-2.2.jpg\" alt=\"B\u1ebfp T\u1eeb Kaff KF-SD300II\" width=\"900\" height=\"900\" title=\"\" srcset=\"https:\/\/livinghome.vn\/thiet-bi\/wp-content\/uploads\/nha-bep\/kaff\/bep-tu\/bep-tu-kaff-kf-sd300ii\/bep-tu-kaff-kf-sd300ii-hinh-anh-thuc-te-2.2.jpg 900w, https:\/\/livinghome.vn\/thiet-bi\/wp-content\/uploads\/nha-bep\/kaff\/bep-tu\/bep-tu-kaff-kf-sd300ii\/bep-tu-kaff-kf-sd300ii-hinh-anh-thuc-te-2.2-300x300.jpg 300w, https:\/\/livinghome.vn\/thiet-bi\/wp-content\/uploads\/nha-bep\/kaff\/bep-tu\/bep-tu-kaff-kf-sd300ii\/bep-tu-kaff-kf-sd300ii-hinh-anh-thuc-te-2.2-100x100.jpg 100w, https:\/\/livinghome.vn\/thiet-bi\/wp-content\/uploads\/nha-bep\/kaff\/bep-tu\/bep-tu-kaff-kf-sd300ii\/bep-tu-kaff-kf-sd300ii-hinh-anh-thuc-te-2.2-600x600.jpg 600w, https:\/\/livinghome.vn\/thiet-bi\/wp-content\/uploads\/nha-bep\/kaff\/bep-tu\/bep-tu-kaff-kf-sd300ii\/bep-tu-kaff-kf-sd300ii-hinh-anh-thuc-te-2.2-400x400.jpg 400w, https:\/\/livinghome.vn\/thiet-bi\/wp-content\/uploads\/nha-bep\/kaff\/bep-tu\/bep-tu-kaff-kf-sd300ii\/bep-tu-kaff-kf-sd300ii-hinh-anh-thuc-te-2.2-800x800.jpg 800w, https:\/\/livinghome.vn\/thiet-bi\/wp-content\/uploads\/nha-bep\/kaff\/bep-tu\/bep-tu-kaff-kf-sd300ii\/bep-tu-kaff-kf-sd300ii-hinh-anh-thuc-te-2.2-280x280.jpg 280w, https:\/\/livinghome.vn\/thiet-bi\/wp-content\/uploads\/nha-bep\/kaff\/bep-tu\/bep-tu-kaff-kf-sd300ii\/bep-tu-kaff-kf-sd300ii-hinh-anh-thuc-te-2.2-768x768.jpg 768w\" sizes=\"auto, (max-width: 900px) 100vw, 900px\" \/><figcaption id=\"caption-attachment-12438\" class=\"wp-caption-text\">B\u1ebfp T\u1eeb Kaff KF-SD300II<\/figcaption><\/figure>\n<h3><strong>Living Home Vietnam hi\u1ec7n l\u00e0 nh\u00e0 ph\u00e2n ph\u1ed1i ch\u00ednh th\u1ee9c d\u00f2ng s\u1ea3n ph\u1ea9m KAFF<\/strong><\/h3>\n<figure style=\"width: 637px\" class=\"wp-caption aligncenter\"><img loading=\"lazy\" decoding=\"async\" src=\"https:\/\/livinghome.vn\/thiet-bi\/wp-content\/uploads\/nha-bep\/kaff\/chung-nhan-kaff.jpg\" alt=\"Ch\u1ee9ng nh\u1eadn KAFF cho Living Home Vietnam\" width=\"637\" height=\"900\" title=\"\"><figcaption class=\"wp-caption-text\"><em>Ch\u1ee9ng nh\u1eadn \u0111\u1ea1i l\u00fd ch\u00ednh th\u1ee9c KAFF &#8211; Living Home Vietnam<br \/><\/em><\/figcaption><\/figure>\n<h2><strong>\u01afu \u0111\u00e3i tuy\u1ec7t v\u1eddi d\u00e0nh cho <\/strong><strong>B\u1ebfp t\u1eeb Kaff KF-SD300II<\/strong><\/h2>\n<ul>\n<li>Li\u00ean h\u1ec7 hotline \u0111\u1ec3 bi\u1ebft th\u00eam chi ti\u1ebft<\/li>\n<\/ul>\n<p>&nbsp;<\/p>\n","protected":false},"excerpt":{"rendered":"<p>&#8211; K\u00edch th\u01b0\u1edbc m\u1eb7t k\u00ednh: 730 x 420 mm<\/p>\n<p>&#8211; K\u00edch th\u01b0\u1edbc kho\u00e9t \u0111\u00e1: 690 x 390 mm<\/p>\n","protected":false},"featured_media":12429,"comment_status":"open","ping_status":"closed","template":"","meta":[],"product_brand":[],"product_cat":[745,794,813,796,799,816,807,75,795,717,164],"product_tag":[76,168,170,175,167],"class_list":{"0":"post-768","1":"product","2":"type-product","3":"status-publish","4":"has-post-thumbnail","6":"product_cat-bep-dien-tu","7":"product_cat-bep-2-tu","8":"product_cat-bep-dien-tu-chung-cu","9":"product_cat-bep-dien-tu-doi","10":"product_cat-bep-dien-tu-hinh-chu-nhat","11":"product_cat-bep-dien-tu-thoi-trang","12":"product_cat-bep-dien-tu-tiet-kiem-dien","13":"product_cat-bep-tu","14":"product_cat-bep-tu-doi","15":"product_cat-bep-tu-kaff","16":"product_cat-thuong-hieu-kaff","17":"product_tag-bep-tu","18":"product_tag-bep-tu-am","19":"product_tag-bep-tu-kaff","20":"product_tag-bep-tu-malaysia","21":"product_tag-kaff","23":"first","24":"instock","25":"sale","26":"shipping-taxable","27":"purchasable","28":"product-type-simple"},"_links":{"self":[{"href":"https:\/\/livinghome.vn\/thiet-bi\/wp-json\/wp\/v2\/product\/768","targetHints":{"allow":["GET"]}}],"collection":[{"href":"https:\/\/livinghome.vn\/thiet-bi\/wp-json\/wp\/v2\/product"}],"about":[{"href":"https:\/\/livinghome.vn\/thiet-bi\/wp-json\/wp\/v2\/types\/product"}],"replies":[{"embeddable":true,"href":"https:\/\/livinghome.vn\/thiet-bi\/wp-json\/wp\/v2\/comments?post=768"}],"wp:featuredmedia":[{"embeddable":true,"href":"https:\/\/livinghome.vn\/thiet-bi\/wp-json\/wp\/v2\/media\/12429"}],"wp:attachment":[{"href":"https:\/\/livinghome.vn\/thiet-bi\/wp-json\/wp\/v2\/media?parent=768"}],"wp:term":[{"taxonomy":"product_brand","embeddable":true,"href":"https:\/\/livinghome.vn\/thiet-bi\/wp-json\/wp\/v2\/product_brand?post=768"},{"taxonomy":"product_cat","embeddable":true,"href":"https:\/\/livinghome.vn\/thiet-bi\/wp-json\/wp\/v2\/product_cat?post=768"},{"taxonomy":"product_tag","embeddable":true,"href":"https:\/\/livinghome.vn\/thiet-bi\/wp-json\/wp\/v2\/product_tag?post=768"}],"curies":[{"name":"wp","href":"https:\/\/api.w.org\/{rel}","templated":true}]}}