{"id":767,"date":"2023-01-12T11:25:52","date_gmt":"2023-01-12T11:25:52","guid":{"rendered":"https:\/\/livinghome.vn\/thiet-bi\/?post_type=product&#038;p=767"},"modified":"2024-11-29T14:20:55","modified_gmt":"2024-11-29T07:20:55","slug":"bep-dien-kaff-kf-073cc-73cm-2-dien","status":"publish","type":"product","link":"https:\/\/livinghome.vn\/thiet-bi\/bep-dien-kaff-kf-073cc-73cm-2-dien\/","title":{"rendered":"B\u1ebfp \u0110i\u1ec7n Kaff KF-073CC 73CM 2 \u0110i\u1ec7n M\u1eb7t K\u00ednh Crystal"},"content":{"rendered":"<h2><strong>Xin gi\u1edbi thi\u1ec7u B\u1ebfp \u0111i\u1ec7n Kaff KF-073CC 2 v\u00f9ng n\u1ea5u ti\u1ec7n l\u1ee3i \u0111a n\u0103ng<br \/>\n<\/strong><\/h2>\n<blockquote>\n<figure id=\"attachment_14539\" aria-describedby=\"caption-attachment-14539\" style=\"width: 1202px\" class=\"wp-caption alignnone\"><img loading=\"lazy\" decoding=\"async\" class=\"size-full wp-image-14539\" src=\"https:\/\/livinghome.vn\/thiet-bi\/wp-content\/uploads\/nha-bep\/kaff\/bep-dien\/bep-dien-kaff-kf-073cc\/bep-dien-kaff-kf-073cc-3.jpg\" alt=\"B\u1ebfp \u0110i\u1ec7n Kaff KF-073CC\" width=\"1202\" height=\"900\" title=\"\" srcset=\"https:\/\/livinghome.vn\/thiet-bi\/wp-content\/uploads\/nha-bep\/kaff\/bep-dien\/bep-dien-kaff-kf-073cc\/bep-dien-kaff-kf-073cc-3.jpg 1202w, https:\/\/livinghome.vn\/thiet-bi\/wp-content\/uploads\/nha-bep\/kaff\/bep-dien\/bep-dien-kaff-kf-073cc\/bep-dien-kaff-kf-073cc-3-600x449.jpg 600w, https:\/\/livinghome.vn\/thiet-bi\/wp-content\/uploads\/nha-bep\/kaff\/bep-dien\/bep-dien-kaff-kf-073cc\/bep-dien-kaff-kf-073cc-3-534x400.jpg 534w, https:\/\/livinghome.vn\/thiet-bi\/wp-content\/uploads\/nha-bep\/kaff\/bep-dien\/bep-dien-kaff-kf-073cc\/bep-dien-kaff-kf-073cc-3-1068x800.jpg 1068w, https:\/\/livinghome.vn\/thiet-bi\/wp-content\/uploads\/nha-bep\/kaff\/bep-dien\/bep-dien-kaff-kf-073cc\/bep-dien-kaff-kf-073cc-3-768x575.jpg 768w\" sizes=\"auto, (max-width: 1202px) 100vw, 1202px\" \/><figcaption id=\"caption-attachment-14539\" class=\"wp-caption-text\">B\u1ebfp \u0110i\u1ec7n Kaff KF-073CC<\/figcaption><\/figure>\n<h3><a href=\"https:\/\/livinghome.vn\/thiet-bi\/bep-dien-hong-ngoai\/\" target=\"_blank\" rel=\"noopener noreferrer\">B\u1ebfp \u0111i\u1ec7n<\/a> ch\u1eef nh\u1eadt d\u00e0i 73cm v\u1edbi 02 v\u00f9ng n\u1ea5u \u0111i\u1ec7n (b\u1ebfp h\u1ed3ng ngo\u1ea1i)<\/h3>\n<\/blockquote>\n<p><strong>N\u1ed5i b\u1eadt:<\/strong><\/p>\n<ul>\n<li>M\u1eb7t k\u00ednh Crystal si\u00eau b\u1ec1n, ch\u1ecbu l\u1ef1c ch\u1ecbu s\u1ed1c nhi\u1ec7t<\/li>\n<li>9 d\u00e3y c\u00f4ng su\u1ea5t<\/li>\n<li>Bo m\u1ea1ch IGBT Siemen<\/li>\n<\/ul>\n<p><strong>T\u00ednh n\u0103ng:<\/strong><\/p>\n<ul>\n<li>9 d\u00e3y c\u00f4ng su\u1ea5t<\/li>\n<li>Bo m\u1ea1ch IGBT Siemen<\/li>\n<li>\u0110i\u1ec1u khi\u1ec3n c\u1ea3m \u1ee9ng \u0111\u1ed9c l\u1eadp d\u1ea1ng \u1ea9n tr\u1ef1c ti\u1ebfp tr\u00ean m\u1eb7t b\u1ebfp<\/li>\n<li>Ch\u1ebf \u0111\u1ed9 h\u1eb9n gi\u1edd, kh\u00f3a tr\u1ebb em th\u00f4ng minh, ti\u1ec7n d\u1ee5ng<\/li>\n<li>Ch\u1ebf \u0111\u1ed9 02 v\u00f2ng nhi\u1ec7t ti\u1ec7n d\u1ee5ng v\u1edbi c\u00e1c lo\u1ea1i n\u1ed3i l\u1edbn nh\u1ecf<\/li>\n<li>Ch\u1ee9c n\u0103ng chia c\u00f4ng su\u1ea5t ti\u1ebft ki\u1ec7m \u0111i\u1ec7n n\u0103ng, b\u1ea3o v\u1ec7 b\u1ebfp<\/li>\n<li>C\u1ea3m \u1ee9ng qu\u00e1 nhi\u1ec7t<\/li>\n<li>Ch\u1ee9c n\u0103ng n\u01b0\u1edbng v\u1edbi b\u1ebfp \u0111i\u1ec7n<\/li>\n<li>Ch\u1ee9c n\u0103ng h\u00e2m<\/li>\n<li>Ch\u1ee9c n\u0103ng t\u1ea1m d\u1eebng<\/li>\n<li>Ch\u1ee9c n\u0103ng ch\u1ed1ng tr\u00e0n<\/li>\n<\/ul>\n<p><strong>Chi ti\u1ebft k\u1ef9 thu\u1eadt:<\/strong><\/p>\n<ul>\n<li>Ngu\u1ed3n \u0111i\u1ec7n : 200V-280V\/50-60Hz cho Vi\u1ec7t Nam<\/li>\n<li>C\u00f4ng su\u1ea5t l\u00f2 tr\u00e1i: 2200W<\/li>\n<li>C\u00f4ng su\u1ea5t l\u00f2 ph\u1ea3i: 2200W<\/li>\n<li>K\u00edch th\u01b0\u1edbc s\u1ea3n ph\u1ea9m: 730x430mm<\/li>\n<li>K\u00edch th\u01b0\u1edbc kho\u00e9t \u0111\u00e1: 690x390mm<\/li>\n<\/ul>\n","protected":false},"excerpt":{"rendered":"<p>&#8211; <strong>Lo\u1ea1i b\u1ebfp:<\/strong> 2 \u0111i\u1ec7n (h\u1ed3ng ngo\u1ea1i)<\/p>\n<p>&#8211; <strong>M\u1eb7t k\u00ednh:<\/strong> Crystal<\/p>\n<p>&#8211; <strong>C\u00f4ng su\u1ea5t:<\/strong> C\u00f4ng su\u1ea5t l\u00f2 tr\u00e1i: 2200W &#8211; C\u00f4ng su\u1ea5t l\u00f2 ph\u1ea3i: 2200W<\/p>\n<p>&#8211; <strong>K\u00edch th\u01b0\u1edbc b\u1ebfp:<\/strong> W730 x D430x H55 mm<\/p>\n<p>&#8211; <strong>K\u00edch th\u01b0\u1edbc c\u1eaft \u0111\u00e1:<\/strong> W690 x D390 mm<\/p>\n<p>&#8211; <strong>H\u1ec7 th\u1ed1ng \u0111i\u1ec1u khi\u1ec3n:<\/strong> c\u1ea3m \u1ee9ng d\u1ea1ng ch\u1ea1m<\/p>\n","protected":false},"featured_media":14536,"comment_status":"open","ping_status":"closed","template":"","meta":[],"product_brand":[],"product_cat":[741,117,1743,718,745,813,799,801,810,164],"product_tag":[118,120,172,173,174,742,167],"class_list":{"0":"post-767","1":"product","2":"type-product","3":"status-publish","4":"has-post-thumbnail","6":"product_cat-bep-hong-ngoai","7":"product_cat-bep-dien-hong-ngoai","8":"product_cat-bep-dien-hong-ngoai-doi","9":"product_cat-bep-dien-hong-ngoai-kaff","10":"product_cat-bep-dien-tu","11":"product_cat-bep-dien-tu-chung-cu","12":"product_cat-bep-dien-tu-hinh-chu-nhat","13":"product_cat-bep-dien-tu-khong-ken-noi","14":"product_cat-bep-dien-tu-malaysia","15":"product_cat-thuong-hieu-kaff","16":"product_tag-bep-dien","17":"product_tag-bep-dien-am","18":"product_tag-bep-dien-kaff","19":"product_tag-bep-dien-malaysia","20":"product_tag-bep-hong-ngoai","21":"product_tag-bep-hong-ngoai-kaff","22":"product_tag-kaff","24":"first","25":"instock","26":"sale","27":"shipping-taxable","28":"purchasable","29":"product-type-simple"},"_links":{"self":[{"href":"https:\/\/livinghome.vn\/thiet-bi\/wp-json\/wp\/v2\/product\/767","targetHints":{"allow":["GET"]}}],"collection":[{"href":"https:\/\/livinghome.vn\/thiet-bi\/wp-json\/wp\/v2\/product"}],"about":[{"href":"https:\/\/livinghome.vn\/thiet-bi\/wp-json\/wp\/v2\/types\/product"}],"replies":[{"embeddable":true,"href":"https:\/\/livinghome.vn\/thiet-bi\/wp-json\/wp\/v2\/comments?post=767"}],"wp:featuredmedia":[{"embeddable":true,"href":"https:\/\/livinghome.vn\/thiet-bi\/wp-json\/wp\/v2\/media\/14536"}],"wp:attachment":[{"href":"https:\/\/livinghome.vn\/thiet-bi\/wp-json\/wp\/v2\/media?parent=767"}],"wp:term":[{"taxonomy":"product_brand","embeddable":true,"href":"https:\/\/livinghome.vn\/thiet-bi\/wp-json\/wp\/v2\/product_brand?post=767"},{"taxonomy":"product_cat","embeddable":true,"href":"https:\/\/livinghome.vn\/thiet-bi\/wp-json\/wp\/v2\/product_cat?post=767"},{"taxonomy":"product_tag","embeddable":true,"href":"https:\/\/livinghome.vn\/thiet-bi\/wp-json\/wp\/v2\/product_tag?post=767"}],"curies":[{"name":"wp","href":"https:\/\/api.w.org\/{rel}","templated":true}]}}