{"id":766,"date":"2023-01-12T11:25:52","date_gmt":"2023-01-12T11:25:52","guid":{"rendered":"https:\/\/livinghome.vn\/thiet-bi\/?post_type=product&#038;p=766"},"modified":"2024-11-29T14:20:54","modified_gmt":"2024-11-29T07:20:54","slug":"bep-dien-tu-kaff-kf-073ic-1-dien-1-tu-73cm","status":"publish","type":"product","link":"https:\/\/livinghome.vn\/thiet-bi\/bep-dien-tu-kaff-kf-073ic-1-dien-1-tu-73cm\/","title":{"rendered":"B\u1ebfp \u0110i\u1ec7n T\u1eeb Kaff KF-073IC 1 \u0110i\u1ec7n 1 T\u1eeb 73CM M\u1eb7t K\u00ednh Crystal"},"content":{"rendered":"<h2><strong>Gi\u1edbi thi\u1ec7u B\u1ebfp \u0111i\u1ec7n t\u1eeb Kaff KF-073IC nh\u1eadp kh\u1ea9u Malaysia<\/strong><\/h2>\n<p>S\u1ea3n ph\u1ea9m \u0111\u01b0\u1ee3c s\u1ea3n xu\u1ea5t theo c\u00f4ng ngh\u1ec7 hi\u1ec7n \u0111\u1ea1i ti\u00ean ti\u1ebfn nh\u1ea5t hi\u1ec7n nay v\u1edbi v\u00f4 v\u00e0n nh\u1eefng t\u00ednh n\u0103ng \u01b0u vi\u1ec7t, th\u00f4ng minh h\u01a1n b\u1ebfp th\u00f4ng th\u01b0\u1eddng<\/p>\n<figure id=\"attachment_12260\" aria-describedby=\"caption-attachment-12260\" style=\"width: 900px\" class=\"wp-caption alignnone\"><img loading=\"lazy\" decoding=\"async\" class=\"size-full wp-image-12260\" src=\"https:\/\/livinghome.vn\/thiet-bi\/wp-content\/uploads\/nha-bep\/kaff\/bep-dien-tu\/bep-dien-tu-kaff-kf-073ic\/bep-dien-tu-kaff-kf-073ic-1.jpg\" alt=\"B\u1ebfp \u0110i\u1ec7n T\u1eeb Kaff KF-073IC\" width=\"900\" height=\"900\" title=\"\" srcset=\"https:\/\/livinghome.vn\/thiet-bi\/wp-content\/uploads\/nha-bep\/kaff\/bep-dien-tu\/bep-dien-tu-kaff-kf-073ic\/bep-dien-tu-kaff-kf-073ic-1.jpg 900w, https:\/\/livinghome.vn\/thiet-bi\/wp-content\/uploads\/nha-bep\/kaff\/bep-dien-tu\/bep-dien-tu-kaff-kf-073ic\/bep-dien-tu-kaff-kf-073ic-1-300x300.jpg 300w, https:\/\/livinghome.vn\/thiet-bi\/wp-content\/uploads\/nha-bep\/kaff\/bep-dien-tu\/bep-dien-tu-kaff-kf-073ic\/bep-dien-tu-kaff-kf-073ic-1-100x100.jpg 100w, https:\/\/livinghome.vn\/thiet-bi\/wp-content\/uploads\/nha-bep\/kaff\/bep-dien-tu\/bep-dien-tu-kaff-kf-073ic\/bep-dien-tu-kaff-kf-073ic-1-600x600.jpg 600w, https:\/\/livinghome.vn\/thiet-bi\/wp-content\/uploads\/nha-bep\/kaff\/bep-dien-tu\/bep-dien-tu-kaff-kf-073ic\/bep-dien-tu-kaff-kf-073ic-1-400x400.jpg 400w, https:\/\/livinghome.vn\/thiet-bi\/wp-content\/uploads\/nha-bep\/kaff\/bep-dien-tu\/bep-dien-tu-kaff-kf-073ic\/bep-dien-tu-kaff-kf-073ic-1-800x800.jpg 800w, https:\/\/livinghome.vn\/thiet-bi\/wp-content\/uploads\/nha-bep\/kaff\/bep-dien-tu\/bep-dien-tu-kaff-kf-073ic\/bep-dien-tu-kaff-kf-073ic-1-280x280.jpg 280w, https:\/\/livinghome.vn\/thiet-bi\/wp-content\/uploads\/nha-bep\/kaff\/bep-dien-tu\/bep-dien-tu-kaff-kf-073ic\/bep-dien-tu-kaff-kf-073ic-1-768x768.jpg 768w\" sizes=\"auto, (max-width: 900px) 100vw, 900px\" \/><figcaption id=\"caption-attachment-12260\" class=\"wp-caption-text\">B\u1ebfp \u0110i\u1ec7n T\u1eeb Kaff KF-073IC<\/figcaption><\/figure>\n<p>B\u1ebfp t\u1eeb \u0111\u00f4i h\u1ed3ng ngo\u1ea1i cao c\u1ea5p c\u1ea3m \u1ee9ng nh\u1eadp kh\u1ea9u KAFF s\u1ebd gi\u00fap b\u1ea1n ho\u00e0n thi\u1ec7n m\u00f3n \u0103n cho gia \u0111\u00ecnh nhanh ch\u00f3ng, r\u1ea5t ph\u00f9 h\u1ee3p cho gia \u0111\u00ecnh nhi\u1ec1u th\u00e0nh vi\u00ean v\u00e0 nh\u1eefng b\u00e0 n\u1ed9i tr\u1ee3 b\u1eadn r\u1ed9n.<\/p>\n<figure id=\"attachment_12259\" aria-describedby=\"caption-attachment-12259\" style=\"width: 900px\" class=\"wp-caption alignnone\"><img loading=\"lazy\" decoding=\"async\" class=\"size-full wp-image-12259\" src=\"https:\/\/livinghome.vn\/thiet-bi\/wp-content\/uploads\/nha-bep\/kaff\/bep-dien-tu\/bep-dien-tu-kaff-kf-073ic\/bep-dien-tu-kaff-kf-073ic-4.jpg\" alt=\"B\u1ebfp \u0110i\u1ec7n T\u1eeb Kaff KF-073IC\" width=\"900\" height=\"900\" title=\"\" srcset=\"https:\/\/livinghome.vn\/thiet-bi\/wp-content\/uploads\/nha-bep\/kaff\/bep-dien-tu\/bep-dien-tu-kaff-kf-073ic\/bep-dien-tu-kaff-kf-073ic-4.jpg 900w, https:\/\/livinghome.vn\/thiet-bi\/wp-content\/uploads\/nha-bep\/kaff\/bep-dien-tu\/bep-dien-tu-kaff-kf-073ic\/bep-dien-tu-kaff-kf-073ic-4-300x300.jpg 300w, https:\/\/livinghome.vn\/thiet-bi\/wp-content\/uploads\/nha-bep\/kaff\/bep-dien-tu\/bep-dien-tu-kaff-kf-073ic\/bep-dien-tu-kaff-kf-073ic-4-100x100.jpg 100w, https:\/\/livinghome.vn\/thiet-bi\/wp-content\/uploads\/nha-bep\/kaff\/bep-dien-tu\/bep-dien-tu-kaff-kf-073ic\/bep-dien-tu-kaff-kf-073ic-4-600x600.jpg 600w, https:\/\/livinghome.vn\/thiet-bi\/wp-content\/uploads\/nha-bep\/kaff\/bep-dien-tu\/bep-dien-tu-kaff-kf-073ic\/bep-dien-tu-kaff-kf-073ic-4-400x400.jpg 400w, https:\/\/livinghome.vn\/thiet-bi\/wp-content\/uploads\/nha-bep\/kaff\/bep-dien-tu\/bep-dien-tu-kaff-kf-073ic\/bep-dien-tu-kaff-kf-073ic-4-800x800.jpg 800w, https:\/\/livinghome.vn\/thiet-bi\/wp-content\/uploads\/nha-bep\/kaff\/bep-dien-tu\/bep-dien-tu-kaff-kf-073ic\/bep-dien-tu-kaff-kf-073ic-4-280x280.jpg 280w, https:\/\/livinghome.vn\/thiet-bi\/wp-content\/uploads\/nha-bep\/kaff\/bep-dien-tu\/bep-dien-tu-kaff-kf-073ic\/bep-dien-tu-kaff-kf-073ic-4-768x768.jpg 768w\" sizes=\"auto, (max-width: 900px) 100vw, 900px\" \/><figcaption id=\"caption-attachment-12259\" class=\"wp-caption-text\">B\u1ebfp \u0110i\u1ec7n T\u1eeb Kaff KF-073IC<\/figcaption><\/figure>\n<p>M\u1eb7t k\u00ednh Crystal v\u00e1t 4 c\u1ea1nh d\u00e0i, bo vi\u1ec1n h\u1ee3p kim s\u00e1ng b\u00f3ng sang tr\u1ecdng, si\u00eau b\u1ec1n, ch\u1ecbu l\u1ef1c ch\u1ecbu s\u1ed1c nhi\u1ec7t thu\u1ed9c d\u00f2ng b\u1ebfp t\u1eeb cao c\u1ea5p c\u1ee7a th\u01b0\u01a1ng hi\u1ec7u thi\u1ebft b\u1ecb nh\u00e0 b\u1ebfp n\u1ed5i ti\u1ebfng KAFF, l\u00e0 s\u1ef1 k\u1ebft h\u1ee3p ho\u00e0n h\u1ea3o gi\u1eefa 2 b\u00ean b\u1ebfp \u0111\u1ec1u t\u1eeb s\u1eed d\u1ee5ng c\u00e1c b\u1ed9 n\u1ed3i ch\u1ea3o inox t\u1eeb, ti\u1ebft ki\u1ec7m \u0111i\u1ec7n v\u00e0 \u0111un n\u1ea5u nhanh h\u01a1n.<\/p>\n<p>B\u1ebfp c\u00f3 thi\u1ebft k\u1ebf 2 l\u00f2 n\u1ea5u \u0111\u1ed9c l\u1eadp, k\u00edch th\u01b0\u1edbc m\u1eb7t k\u00ednh 730x420mm, k\u00edch th\u01b0\u1edbc m\u1eb7t kho\u00e9t \u0111\u00e1 680x390mm ph\u00f9 h\u1ee3p v\u1edbi kh\u00f4ng gian ph\u00f2ng b\u1ebfp c\u1ee7a ng\u01b0\u1eddi ch\u00e2u \u00c1. B\u1ebfp c\u00f3 c\u00f4ng su\u1ea5t 2 l\u00f2 (2000W-2200W) t\u0103ng hi\u1ec7u su\u1ea5t n\u1ea5u n\u01b0\u1edbng cao, gi\u00fap b\u00e0 n\u1ed9i tr\u1ee3 r\u1ea3nh rang h\u01a1n.<\/p>\n<figure id=\"attachment_12255\" aria-describedby=\"caption-attachment-12255\" style=\"width: 900px\" class=\"wp-caption alignnone\"><img loading=\"lazy\" decoding=\"async\" class=\"size-full wp-image-12255\" src=\"https:\/\/livinghome.vn\/thiet-bi\/wp-content\/uploads\/nha-bep\/kaff\/bep-dien-tu\/bep-dien-tu-kaff-kf-073ic\/bep-dien-tu-kaff-kf-073ic-2.jpg\" alt=\"B\u1ebfp \u0110i\u1ec7n T\u1eeb Kaff KF-073IC\" width=\"900\" height=\"900\" title=\"\" srcset=\"https:\/\/livinghome.vn\/thiet-bi\/wp-content\/uploads\/nha-bep\/kaff\/bep-dien-tu\/bep-dien-tu-kaff-kf-073ic\/bep-dien-tu-kaff-kf-073ic-2.jpg 900w, https:\/\/livinghome.vn\/thiet-bi\/wp-content\/uploads\/nha-bep\/kaff\/bep-dien-tu\/bep-dien-tu-kaff-kf-073ic\/bep-dien-tu-kaff-kf-073ic-2-300x300.jpg 300w, https:\/\/livinghome.vn\/thiet-bi\/wp-content\/uploads\/nha-bep\/kaff\/bep-dien-tu\/bep-dien-tu-kaff-kf-073ic\/bep-dien-tu-kaff-kf-073ic-2-100x100.jpg 100w, https:\/\/livinghome.vn\/thiet-bi\/wp-content\/uploads\/nha-bep\/kaff\/bep-dien-tu\/bep-dien-tu-kaff-kf-073ic\/bep-dien-tu-kaff-kf-073ic-2-600x600.jpg 600w, https:\/\/livinghome.vn\/thiet-bi\/wp-content\/uploads\/nha-bep\/kaff\/bep-dien-tu\/bep-dien-tu-kaff-kf-073ic\/bep-dien-tu-kaff-kf-073ic-2-400x400.jpg 400w, https:\/\/livinghome.vn\/thiet-bi\/wp-content\/uploads\/nha-bep\/kaff\/bep-dien-tu\/bep-dien-tu-kaff-kf-073ic\/bep-dien-tu-kaff-kf-073ic-2-800x800.jpg 800w, https:\/\/livinghome.vn\/thiet-bi\/wp-content\/uploads\/nha-bep\/kaff\/bep-dien-tu\/bep-dien-tu-kaff-kf-073ic\/bep-dien-tu-kaff-kf-073ic-2-280x280.jpg 280w, https:\/\/livinghome.vn\/thiet-bi\/wp-content\/uploads\/nha-bep\/kaff\/bep-dien-tu\/bep-dien-tu-kaff-kf-073ic\/bep-dien-tu-kaff-kf-073ic-2-768x768.jpg 768w\" sizes=\"auto, (max-width: 900px) 100vw, 900px\" \/><figcaption id=\"caption-attachment-12255\" class=\"wp-caption-text\">K\u00edch th\u01b0\u1edbc b\u1ebfp Kaff KF-073IC v\u00e0 kho\u00e9t l\u1ed7 \u0111\u00e1 c\u1ee7a s\u1ea3n ph\u1ea9m<\/figcaption><\/figure>\n<blockquote>\n<h3><a href=\"https:\/\/livinghome.vn\/product-category\/nha-bep\/bep-nau\/bep-dien-tu-ket-hop\/\" target=\"_blank\" rel=\"noopener noreferrer\">B\u1ebfp \u0111i\u1ec7n t\u1eeb<\/a> ch\u1eef nh\u1eadt d\u00e0i 73cm v\u1edbi 1 v\u00f9ng n\u1ea5u t\u1eeb k\u1ebft h\u1ee3p 1 v\u00f9ng n\u1ea5u \u0111i\u1ec7n (h\u1ed3ng ngo\u1ea1i)<\/h3>\n<\/blockquote>\n<p><strong>N\u1ed5i b\u1eadt:<\/strong><\/p>\n<ul>\n<li>M\u1eb7t k\u00ednh Crystal si\u00eau b\u1ec1n, ch\u1ecbu l\u1ef1c ch\u1ecbu s\u1ed1c nhi\u1ec7t<\/li>\n<li>Bo m\u1ea1ch IGBT Siemen<\/li>\n<\/ul>\n<p><strong>T\u00ednh n\u0103ng:<\/strong><\/p>\n<ul>\n<li>\u0110i\u1ec1u khi\u1ec3n c\u1ea3m \u1ee9ng \u0111\u1ed9c l\u1eadp d\u1ea1ng \u1ea9n tr\u1ef1c ti\u1ebfp tr\u00ean m\u1eb7t b\u1ebfp<\/li>\n<li>Ch\u1ebf \u0111\u1ed9 h\u1eb9n gi\u1edd, kh\u00f3a tr\u1ebb em th\u00f4ng minh, ti\u1ec7n d\u1ee5ng<\/li>\n<li>Ch\u1ebf \u0111\u1ed9 02 v\u00f2ng nhi\u1ec7t ti\u1ec7n d\u1ee5ng v\u1edbi c\u00e1c lo\u1ea1i n\u1ed3i l\u1edbn nh\u1ecf<\/li>\n<li>10 d\u00e3y c\u00f4ng su\u1ea5t<\/li>\n<li>C\u1ea3m \u1ee9ng qu\u00e1 nhi\u1ec7t<\/li>\n<li>Ch\u1ee9c n\u0103ng h\u00e2m<\/li>\n<li>Ch\u1ee9c n\u0103ng t\u1ea1m d\u1eebng<\/li>\n<li>Ch\u1ee9c n\u0103ng ch\u1ed1ng tr\u00e0n<\/li>\n<\/ul>\n<p><strong>Chi ti\u1ebft k\u1ef9 thu\u1eadt:<\/strong><\/p>\n<ul>\n<li>Ngu\u1ed3n \u0111i\u1ec7n : 200V-280V\/50-60Hz cho Vi\u1ec7t Nam<\/li>\n<li>C\u00f4ng su\u1ea5t l\u00f2 tr\u00e1i: 2000W<\/li>\n<li>C\u00f4ng su\u1ea5t l\u00f2 ph\u1ea3i: 2000W<\/li>\n<li>K\u00edch th\u01b0\u1edbc s\u1ea3n ph\u1ea9m: 730x430mm<\/li>\n<li>K\u00edch th\u01b0\u1edbc kho\u00e9t \u0111\u00e1: 690x390mm<\/li>\n<\/ul>\n<h3><strong>H\u00ecnh \u1ea3nh l\u1eafp \u0111\u1eb7t th\u1ef1c t\u1ebf c\u1ee7a B\u1ebfp \u0110i\u1ec7n T\u1eeb Kaff KF-073IC Malaysia 1 \u0110i\u1ec7n 1 T\u1eeb:<\/strong><\/h3>\n<figure id=\"attachment_11764\" aria-describedby=\"caption-attachment-11764\" style=\"width: 900px\" class=\"wp-caption alignnone\"><img loading=\"lazy\" decoding=\"async\" class=\"size-full wp-image-11764\" src=\"https:\/\/livinghome.vn\/thiet-bi\/wp-content\/uploads\/nha-bep\/kaff\/bep-dien-tu\/bep-dien-tu-kaff-kf-073ic\/bep-dien-tu-kaff-kf-073ic-hinh-anh-thuc-te-2.jpg\" alt=\"B\u1ebfp \u0110i\u1ec7n T\u1eeb Kaff KF-073IC Malaysia 1 \u0110i\u1ec7n 1 T\u1eeb\" width=\"900\" height=\"900\" title=\"\" srcset=\"https:\/\/livinghome.vn\/thiet-bi\/wp-content\/uploads\/nha-bep\/kaff\/bep-dien-tu\/bep-dien-tu-kaff-kf-073ic\/bep-dien-tu-kaff-kf-073ic-hinh-anh-thuc-te-2.jpg 900w, https:\/\/livinghome.vn\/thiet-bi\/wp-content\/uploads\/nha-bep\/kaff\/bep-dien-tu\/bep-dien-tu-kaff-kf-073ic\/bep-dien-tu-kaff-kf-073ic-hinh-anh-thuc-te-2-300x300.jpg 300w, https:\/\/livinghome.vn\/thiet-bi\/wp-content\/uploads\/nha-bep\/kaff\/bep-dien-tu\/bep-dien-tu-kaff-kf-073ic\/bep-dien-tu-kaff-kf-073ic-hinh-anh-thuc-te-2-100x100.jpg 100w, https:\/\/livinghome.vn\/thiet-bi\/wp-content\/uploads\/nha-bep\/kaff\/bep-dien-tu\/bep-dien-tu-kaff-kf-073ic\/bep-dien-tu-kaff-kf-073ic-hinh-anh-thuc-te-2-600x600.jpg 600w, https:\/\/livinghome.vn\/thiet-bi\/wp-content\/uploads\/nha-bep\/kaff\/bep-dien-tu\/bep-dien-tu-kaff-kf-073ic\/bep-dien-tu-kaff-kf-073ic-hinh-anh-thuc-te-2-400x400.jpg 400w, https:\/\/livinghome.vn\/thiet-bi\/wp-content\/uploads\/nha-bep\/kaff\/bep-dien-tu\/bep-dien-tu-kaff-kf-073ic\/bep-dien-tu-kaff-kf-073ic-hinh-anh-thuc-te-2-800x800.jpg 800w, https:\/\/livinghome.vn\/thiet-bi\/wp-content\/uploads\/nha-bep\/kaff\/bep-dien-tu\/bep-dien-tu-kaff-kf-073ic\/bep-dien-tu-kaff-kf-073ic-hinh-anh-thuc-te-2-280x280.jpg 280w, https:\/\/livinghome.vn\/thiet-bi\/wp-content\/uploads\/nha-bep\/kaff\/bep-dien-tu\/bep-dien-tu-kaff-kf-073ic\/bep-dien-tu-kaff-kf-073ic-hinh-anh-thuc-te-2-768x768.jpg 768w\" sizes=\"auto, (max-width: 900px) 100vw, 900px\" \/><figcaption id=\"caption-attachment-11764\" class=\"wp-caption-text\">B\u1ebfp \u0110i\u1ec7n T\u1eeb Kaff KF-073IC Malaysia 1 \u0110i\u1ec7n 1 T\u1eeb<\/figcaption><\/figure>\n<figure id=\"attachment_12380\" aria-describedby=\"caption-attachment-12380\" style=\"width: 900px\" class=\"wp-caption alignnone\"><img loading=\"lazy\" decoding=\"async\" class=\"size-full wp-image-12380\" src=\"https:\/\/livinghome.vn\/thiet-bi\/wp-content\/uploads\/nha-bep\/kaff\/bep-dien-tu\/bep-dien-tu-kaff-kf-073ic\/bep-dien-tu-kaff-kf-073ic-hinh-anh-thuc-te-1.1.jpg\" alt=\"B\u1ebfp \u0110i\u1ec7n T\u1eeb Kaff KF-073IC 1 \u0110i\u1ec7n 1 T\u1eeb\" width=\"900\" height=\"1200\" title=\"\" srcset=\"https:\/\/livinghome.vn\/thiet-bi\/wp-content\/uploads\/nha-bep\/kaff\/bep-dien-tu\/bep-dien-tu-kaff-kf-073ic\/bep-dien-tu-kaff-kf-073ic-hinh-anh-thuc-te-1.1.jpg 900w, https:\/\/livinghome.vn\/thiet-bi\/wp-content\/uploads\/nha-bep\/kaff\/bep-dien-tu\/bep-dien-tu-kaff-kf-073ic\/bep-dien-tu-kaff-kf-073ic-hinh-anh-thuc-te-1.1-600x800.jpg 600w, https:\/\/livinghome.vn\/thiet-bi\/wp-content\/uploads\/nha-bep\/kaff\/bep-dien-tu\/bep-dien-tu-kaff-kf-073ic\/bep-dien-tu-kaff-kf-073ic-hinh-anh-thuc-te-1.1-300x400.jpg 300w, https:\/\/livinghome.vn\/thiet-bi\/wp-content\/uploads\/nha-bep\/kaff\/bep-dien-tu\/bep-dien-tu-kaff-kf-073ic\/bep-dien-tu-kaff-kf-073ic-hinh-anh-thuc-te-1.1-768x1024.jpg 768w\" sizes=\"auto, (max-width: 900px) 100vw, 900px\" \/><figcaption id=\"caption-attachment-12380\" class=\"wp-caption-text\">B\u1ebfp \u0110i\u1ec7n T\u1eeb Kaff KF-073IC 1 \u0110i\u1ec7n 1 T\u1eeb<\/figcaption><\/figure>\n<figure id=\"attachment_12381\" aria-describedby=\"caption-attachment-12381\" style=\"width: 1200px\" class=\"wp-caption alignnone\"><img loading=\"lazy\" decoding=\"async\" class=\"size-full wp-image-12381\" src=\"https:\/\/livinghome.vn\/thiet-bi\/wp-content\/uploads\/nha-bep\/kaff\/bep-dien-tu\/bep-dien-tu-kaff-kf-073ic\/bep-dien-tu-kaff-kf-073ic-hinh-anh-thuc-te-2.2.jpg\" alt=\"B\u1ebfp \u0110i\u1ec7n T\u1eeb Kaff KF-073IC 1 \u0110i\u1ec7n 1 T\u1eeb\" width=\"1200\" height=\"900\" title=\"\" srcset=\"https:\/\/livinghome.vn\/thiet-bi\/wp-content\/uploads\/nha-bep\/kaff\/bep-dien-tu\/bep-dien-tu-kaff-kf-073ic\/bep-dien-tu-kaff-kf-073ic-hinh-anh-thuc-te-2.2.jpg 1200w, https:\/\/livinghome.vn\/thiet-bi\/wp-content\/uploads\/nha-bep\/kaff\/bep-dien-tu\/bep-dien-tu-kaff-kf-073ic\/bep-dien-tu-kaff-kf-073ic-hinh-anh-thuc-te-2.2-600x450.jpg 600w, https:\/\/livinghome.vn\/thiet-bi\/wp-content\/uploads\/nha-bep\/kaff\/bep-dien-tu\/bep-dien-tu-kaff-kf-073ic\/bep-dien-tu-kaff-kf-073ic-hinh-anh-thuc-te-2.2-533x400.jpg 533w, https:\/\/livinghome.vn\/thiet-bi\/wp-content\/uploads\/nha-bep\/kaff\/bep-dien-tu\/bep-dien-tu-kaff-kf-073ic\/bep-dien-tu-kaff-kf-073ic-hinh-anh-thuc-te-2.2-1067x800.jpg 1067w, https:\/\/livinghome.vn\/thiet-bi\/wp-content\/uploads\/nha-bep\/kaff\/bep-dien-tu\/bep-dien-tu-kaff-kf-073ic\/bep-dien-tu-kaff-kf-073ic-hinh-anh-thuc-te-2.2-768x576.jpg 768w\" sizes=\"auto, (max-width: 1200px) 100vw, 1200px\" \/><figcaption id=\"caption-attachment-12381\" class=\"wp-caption-text\">B\u1ebfp \u0110i\u1ec7n T\u1eeb Kaff KF-073IC 1 \u0110i\u1ec7n 1 T\u1eeb<\/figcaption><\/figure>\n<h3><strong>Living Home Vietnam hi\u1ec7n l\u00e0 nh\u00e0 ph\u00e2n ph\u1ed1i ch\u00ednh th\u1ee9c d\u00f2ng s\u1ea3n ph\u1ea9m KAFF<\/strong><\/h3>\n<figure style=\"width: 637px\" class=\"wp-caption aligncenter\"><img loading=\"lazy\" decoding=\"async\" src=\"https:\/\/livinghome.vn\/thiet-bi\/wp-content\/uploads\/nha-bep\/kaff\/chung-nhan-kaff.jpg\" alt=\"Ch\u1ee9ng nh\u1eadn KAFF cho Living Home Vietnam\" width=\"637\" height=\"900\" title=\"\"><figcaption class=\"wp-caption-text\"><em>Ch\u1ee9ng nh\u1eadn KAFF cho Living Home Vietnam<br \/><\/em><\/figcaption><\/figure>\n<h3><span id=\"tim-kiem-nhung-y-tuong-noi-that-hap-dan-khac-tai-living-home\"><strong>T\u00ecm ki\u1ebfm nh\u1eefng \u00fd t\u01b0\u1edfng <a href=\"http:\/\/livinghome.vn\/thiet-bi\/\">S\u1ea3n ph\u1ea9m gia \u0111\u00ecnh<\/a> kh\u00e1c t\u1ea1i Living Home<\/strong><\/span><\/h3>\n<ul>\n<li>Facebook Living Home Vietnam: <a href=\"https:\/\/www.facebook.com\/livinghomevietnam\/\" target=\"_blank\" rel=\"noopener noreferrer nofollow\">click here<\/a><\/li>\n<li>Thi\u1ebft k\u1ebf n\u1ed9i th\u1ea5t: <a href=\"https:\/\/www.facebook.com\/thietkenoithatnhadephcm\" target=\"_blank\" rel=\"noopener noreferrer nofollow\">click here<\/a><\/li>\n<\/ul>\n<h2><strong>\u01afu \u0111\u00e3i tuy\u1ec7t v\u1eddi d\u00e0nh cho B\u1ebfp \u0111i\u1ec7n t\u1eeb Kaff KF-073IC<br \/>\n<\/strong><\/h2>\n<ul>\n<li>Li\u00ean h\u1ec7 hotline \u0111\u1ec3 bi\u1ebft th\u00eam chi ti\u1ebft<\/li>\n<\/ul>\n","protected":false},"excerpt":{"rendered":"<p>&#8216;- Ngu\u1ed3n \u0111i\u1ec7n : 200V-280V\/50-60Hz cho Vi\u1ec7t Nam<\/p>\n<p>&#8211; C\u00f4ng su\u1ea5t l\u00f2 tr\u00e1i: 2200W<\/p>\n<p>&#8211; C\u00f4ng su\u1ea5t l\u00f2 ph\u1ea3i: 2000W<\/p>\n<p>&#8211; K\u00edch th\u01b0\u1edbc s\u1ea3n ph\u1ea9m: 730 x 430 mm<\/p>\n<p>&#8211; K\u00edch th\u01b0\u1edbc kho\u00e9t \u0111\u00e1: 690 x 390 mm<\/p>\n","protected":false},"featured_media":12256,"comment_status":"open","ping_status":"closed","template":"","meta":[],"product_brand":[],"product_cat":[745,793,813,796,799,716,80,801,810,741,164],"product_tag":[81,115,166,171],"class_list":{"0":"post-766","1":"product","2":"type-product","3":"status-publish","4":"has-post-thumbnail","6":"product_cat-bep-dien-tu","7":"product_cat-bep-1-dien-1-tu","8":"product_cat-bep-dien-tu-chung-cu","9":"product_cat-bep-dien-tu-doi","10":"product_cat-bep-dien-tu-hinh-chu-nhat","11":"product_cat-bep-dien-tu-kaff","12":"product_cat-bep-dien-tu-ket-hop","13":"product_cat-bep-dien-tu-khong-ken-noi","14":"product_cat-bep-dien-tu-malaysia","15":"product_cat-bep-hong-ngoai","16":"product_cat-thuong-hieu-kaff","17":"product_tag-bep-dien-tu","18":"product_tag-bep-dien-tu-am","19":"product_tag-bep-dien-tu-kaff","20":"product_tag-bep-dien-tu-malaysia","22":"first","23":"instock","24":"sale","25":"shipping-taxable","26":"purchasable","27":"product-type-simple"},"_links":{"self":[{"href":"https:\/\/livinghome.vn\/thiet-bi\/wp-json\/wp\/v2\/product\/766","targetHints":{"allow":["GET"]}}],"collection":[{"href":"https:\/\/livinghome.vn\/thiet-bi\/wp-json\/wp\/v2\/product"}],"about":[{"href":"https:\/\/livinghome.vn\/thiet-bi\/wp-json\/wp\/v2\/types\/product"}],"replies":[{"embeddable":true,"href":"https:\/\/livinghome.vn\/thiet-bi\/wp-json\/wp\/v2\/comments?post=766"}],"wp:featuredmedia":[{"embeddable":true,"href":"https:\/\/livinghome.vn\/thiet-bi\/wp-json\/wp\/v2\/media\/12256"}],"wp:attachment":[{"href":"https:\/\/livinghome.vn\/thiet-bi\/wp-json\/wp\/v2\/media?parent=766"}],"wp:term":[{"taxonomy":"product_brand","embeddable":true,"href":"https:\/\/livinghome.vn\/thiet-bi\/wp-json\/wp\/v2\/product_brand?post=766"},{"taxonomy":"product_cat","embeddable":true,"href":"https:\/\/livinghome.vn\/thiet-bi\/wp-json\/wp\/v2\/product_cat?post=766"},{"taxonomy":"product_tag","embeddable":true,"href":"https:\/\/livinghome.vn\/thiet-bi\/wp-json\/wp\/v2\/product_tag?post=766"}],"curies":[{"name":"wp","href":"https:\/\/api.w.org\/{rel}","templated":true}]}}