{"id":763,"date":"2023-01-12T11:25:51","date_gmt":"2023-01-12T11:25:51","guid":{"rendered":"https:\/\/livinghome.vn\/thiet-bi\/?post_type=product&#038;p=763"},"modified":"2024-11-29T14:20:56","modified_gmt":"2024-11-29T07:20:56","slug":"bep-tu-kaff-kf-fl68ii-73cm-2-tu","status":"publish","type":"product","link":"https:\/\/livinghome.vn\/thiet-bi\/bep-tu-kaff-kf-fl68ii-73cm-2-tu\/","title":{"rendered":"B\u1ebfp T\u1eeb Kaff KF-FL68II 73CM 2 T\u1eeb K\u00ednh Schott Ceran"},"content":{"rendered":"<h2><strong>B\u1ebfp t\u1eeb Kaff KF-FL68II \u0111\u01b0\u1ee3c thi\u1ebft k\u1ebf theo phong c\u00e1ch hi\u1ec7n \u0111\u1ea1i, k\u1ebft h\u1ee3p nhi\u1ec1u \u01b0u \u0111i\u1ec3m v\u01b0\u1ee3t tr\u1ed9i h\u1ed7 tr\u1ee3 vi\u1ec7c ch\u1ebf bi\u1ebfn th\u1ef1c ph\u1ea9m<br \/>\n<\/strong><\/h2>\n<figure id=\"attachment_12275\" aria-describedby=\"caption-attachment-12275\" style=\"width: 1200px\" class=\"wp-caption alignnone\"><img loading=\"lazy\" decoding=\"async\" class=\"size-full wp-image-12275\" src=\"https:\/\/livinghome.vn\/thiet-bi\/wp-content\/uploads\/nha-bep\/kaff\/bep-tu\/bep-tu-kaff-kf-fl68ii\/bep-tu-kaff-kf-fl68ii-4.jpg\" alt=\"B\u1ebfp t\u1eeb Kaff KF-FL68II\" width=\"1200\" height=\"900\" title=\"\" srcset=\"https:\/\/livinghome.vn\/thiet-bi\/wp-content\/uploads\/nha-bep\/kaff\/bep-tu\/bep-tu-kaff-kf-fl68ii\/bep-tu-kaff-kf-fl68ii-4.jpg 1200w, https:\/\/livinghome.vn\/thiet-bi\/wp-content\/uploads\/nha-bep\/kaff\/bep-tu\/bep-tu-kaff-kf-fl68ii\/bep-tu-kaff-kf-fl68ii-4-600x450.jpg 600w, https:\/\/livinghome.vn\/thiet-bi\/wp-content\/uploads\/nha-bep\/kaff\/bep-tu\/bep-tu-kaff-kf-fl68ii\/bep-tu-kaff-kf-fl68ii-4-533x400.jpg 533w, https:\/\/livinghome.vn\/thiet-bi\/wp-content\/uploads\/nha-bep\/kaff\/bep-tu\/bep-tu-kaff-kf-fl68ii\/bep-tu-kaff-kf-fl68ii-4-1067x800.jpg 1067w, https:\/\/livinghome.vn\/thiet-bi\/wp-content\/uploads\/nha-bep\/kaff\/bep-tu\/bep-tu-kaff-kf-fl68ii\/bep-tu-kaff-kf-fl68ii-4-768x576.jpg 768w\" sizes=\"auto, (max-width: 1200px) 100vw, 1200px\" \/><figcaption id=\"caption-attachment-12275\" class=\"wp-caption-text\">B\u1ebfp t\u1eeb Kaff KF-FL68II<\/figcaption><\/figure>\n<blockquote>\n<h3>B\u1ebfp t\u1eeb ch\u1eef nh\u1eadt d\u00e0i 73cm v\u1edbi 02 v\u00f9ng n\u1ea5u t\u1eeb m\u1ea1nh m\u1ebd<\/h3>\n<\/blockquote>\n<figure id=\"attachment_12273\" aria-describedby=\"caption-attachment-12273\" style=\"width: 1200px\" class=\"wp-caption alignnone\"><img loading=\"lazy\" decoding=\"async\" class=\"size-full wp-image-12273\" src=\"https:\/\/livinghome.vn\/thiet-bi\/wp-content\/uploads\/nha-bep\/kaff\/bep-tu\/bep-tu-kaff-kf-fl68ii\/bep-tu-kaff-kf-fl68ii-3.jpg\" alt=\"B\u1ebfp t\u1eeb Kaff KF-FL68II\" width=\"1200\" height=\"900\" title=\"\" srcset=\"https:\/\/livinghome.vn\/thiet-bi\/wp-content\/uploads\/nha-bep\/kaff\/bep-tu\/bep-tu-kaff-kf-fl68ii\/bep-tu-kaff-kf-fl68ii-3.jpg 1200w, https:\/\/livinghome.vn\/thiet-bi\/wp-content\/uploads\/nha-bep\/kaff\/bep-tu\/bep-tu-kaff-kf-fl68ii\/bep-tu-kaff-kf-fl68ii-3-600x450.jpg 600w, https:\/\/livinghome.vn\/thiet-bi\/wp-content\/uploads\/nha-bep\/kaff\/bep-tu\/bep-tu-kaff-kf-fl68ii\/bep-tu-kaff-kf-fl68ii-3-533x400.jpg 533w, https:\/\/livinghome.vn\/thiet-bi\/wp-content\/uploads\/nha-bep\/kaff\/bep-tu\/bep-tu-kaff-kf-fl68ii\/bep-tu-kaff-kf-fl68ii-3-1067x800.jpg 1067w, https:\/\/livinghome.vn\/thiet-bi\/wp-content\/uploads\/nha-bep\/kaff\/bep-tu\/bep-tu-kaff-kf-fl68ii\/bep-tu-kaff-kf-fl68ii-3-768x576.jpg 768w\" sizes=\"auto, (max-width: 1200px) 100vw, 1200px\" \/><figcaption id=\"caption-attachment-12273\" class=\"wp-caption-text\">B\u1ebfp t\u1eeb Kaff KF-FL68II<\/figcaption><\/figure>\n<p>B\u1ebfp T\u1eeb Kaff KF-FL68II s\u1eed d\u1ee5ng m\u1eb7t k\u00ednh Schott Ceran \u0111\u01b0\u1ee3c l\u00e0m t\u1eeb ch\u1ea5t li\u1ec7u g\u1ed1m th\u1ee7y tinh c\u00f3 kh\u1ea3 n\u0103ng ch\u1ecbu l\u1ef1c va \u0111\u1eadp v\u00e0 s\u1ed1c nhi\u1ec7t t\u1edbi 1000 \u0111\u1ed9 C, ch\u1ed1ng x\u01b0\u1edbc t\u1ed1t n\u00ean tu\u1ed5i th\u1ecd cao. M\u1eb7t b\u1ebfp t\u1ea3n nhi\u1ec7t nhanh v\u00e0 \u0111\u01b0\u1ee3c c\u00e1ch \u0111i\u1ec7n an to\u00e0n v\u1edbi c\u00e1c linh ki\u1ec7n \u0111i\u1ec7n t\u1eed b\u00ean trong th\u00e2n. B\u1ea1n c\u00f3 th\u1ec3 y\u00ean t\u00e2m s\u1eed d\u1ee5ng m\u00e0 kh\u00f4ng lo b\u1ecb b\u1ecfng hay \u0111i\u1ec7n gi\u1eadt.<\/p>\n<figure id=\"attachment_12272\" aria-describedby=\"caption-attachment-12272\" style=\"width: 1200px\" class=\"wp-caption alignnone\"><img loading=\"lazy\" decoding=\"async\" class=\"size-full wp-image-12272\" src=\"https:\/\/livinghome.vn\/thiet-bi\/wp-content\/uploads\/nha-bep\/kaff\/bep-tu\/bep-tu-kaff-kf-fl68ii\/bep-tu-kaff-kf-fl68ii-5.jpg\" alt=\"B\u1ebfp t\u1eeb Kaff KF-FL68II\" width=\"1200\" height=\"900\" title=\"\" srcset=\"https:\/\/livinghome.vn\/thiet-bi\/wp-content\/uploads\/nha-bep\/kaff\/bep-tu\/bep-tu-kaff-kf-fl68ii\/bep-tu-kaff-kf-fl68ii-5.jpg 1200w, https:\/\/livinghome.vn\/thiet-bi\/wp-content\/uploads\/nha-bep\/kaff\/bep-tu\/bep-tu-kaff-kf-fl68ii\/bep-tu-kaff-kf-fl68ii-5-600x450.jpg 600w, https:\/\/livinghome.vn\/thiet-bi\/wp-content\/uploads\/nha-bep\/kaff\/bep-tu\/bep-tu-kaff-kf-fl68ii\/bep-tu-kaff-kf-fl68ii-5-533x400.jpg 533w, https:\/\/livinghome.vn\/thiet-bi\/wp-content\/uploads\/nha-bep\/kaff\/bep-tu\/bep-tu-kaff-kf-fl68ii\/bep-tu-kaff-kf-fl68ii-5-1067x800.jpg 1067w, https:\/\/livinghome.vn\/thiet-bi\/wp-content\/uploads\/nha-bep\/kaff\/bep-tu\/bep-tu-kaff-kf-fl68ii\/bep-tu-kaff-kf-fl68ii-5-768x576.jpg 768w\" sizes=\"auto, (max-width: 1200px) 100vw, 1200px\" \/><figcaption id=\"caption-attachment-12272\" class=\"wp-caption-text\">B\u1ebfp t\u1eeb Kaff KF-FL68II<\/figcaption><\/figure>\n<p>B\u1ebfp t\u1eeb Kaff KF-FL68II \u0111\u01b0\u1ee3c trang b\u1ecb v\u1edbi c\u00f4ng ngh\u1ec7 Inverter th\u00f4ng minh v\u01b0\u1ee3t tr\u1ed9i gi\u00fap l\u00e0m gi\u1ea3m l\u01b0\u1ee3ng ti\u00eau th\u1ee5 \u0111i\u1ec7n c\u1ee7a c\u00e1c s\u1ea3n ph\u1ea9m c\u00f3 s\u1eed d\u1ee5ng l\u00f5i t\u1eeb c\u1ee7a b\u1ebfp t\u1eeb. Ngo\u00e0i ra c\u00f4ng ngh\u1ec7 Inverter c\u00f2n gi\u00fap b\u1ebfp t\u1eeb \u0111i\u1ec1u ch\u1ec9nh m\u1ee9c c\u00f4ng su\u1ea5t ph\u00f9 h\u1ee3p \u0111\u1ec3 kh\u00f4ng l\u00e0m ti\u00eau th\u1ee5 nhi\u1ec1u \u0111i\u1ec7n n\u0103ng. B\u1ebfp t\u1eeb Kaff KF-FL68II v\u1edbi c\u1ea3m bi\u1ebfn th\u00f4ng minh s\u1ebd c\u1ed1 \u0111\u1ecbnh c\u00f4ng su\u1ea5t ti\u00eau th\u1ee5 \u0111i\u1ec7n khi \u0111un n\u1ea5u, kh\u00f4ng b\u1eadt t\u1eaft li\u00ean t\u1ee5c nh\u01b0 c\u00e1c b\u1ebfp t\u1eeb th\u00f4ng th\u01b0\u1eddng kh\u00e1c (t\u1ef1 \u0111\u1ed9ng \u0111i\u1ec1u ch\u1ec9nh li\u00ean t\u1ee5c \u0111\u1ec3 \u0111\u1ea3m b\u1ea3o m\u1ee9c nhi\u1ec7t t\u01b0\u01a1ng \u0111\u01b0\u01a1ng b\u1eb1ng v\u1edbi con s\u1ed1 hi\u1ec3n th\u1ecb tr\u00ean b\u00e0n \u0111i\u1ec1u khi\u1ec3n).<\/p>\n<p><strong>N\u1ed5i b\u1eadt:<\/strong><\/p>\n<ul>\n<li>M\u1eb7t k\u00ednh Schott Ceran Made in Germany si\u00eau b\u1ec1n, ch\u1ecbu l\u1ef1c, ch\u1ecbu s\u1ed1c nhi\u1ec7t<\/li>\n<li>\u0110\u1ea7u \u0111\u1ed1t EGO Made in Germany<\/li>\n<li>Ch\u1ee9c n\u0103ng Booster c\u1ef1c nhanh, 10 d\u00e3y c\u00f4ng su\u1ea5t<\/li>\n<li>Bo m\u1ea1ch IGBT SIMENS Made in Germany<\/li>\n<li>C\u00f4ng ngh\u1ec7 bi\u1ebfn t\u1ea7n Inverter ti\u1ebft ki\u1ec7m 40% \u0111i\u1ec7n n\u0103ng<\/li>\n<\/ul>\n<p><strong>T\u00ednh n\u0103ng:<\/strong><\/p>\n<ul>\n<li>\u0110i\u1ec1u khi\u1ec3n c\u1ea3m \u1ee9ng Slider d\u1ea1ng \u1ea9n tr\u1ef1c ti\u1ebfp tr\u00ean m\u1eb7t b\u1ebfp<\/li>\n<li>Ch\u1ebf \u0111\u1ed9 h\u1eb9n gi\u1edd, kh\u00f3a tr\u1ebb em th\u00f4ng minh, ti\u1ec7n d\u1ee5ng<\/li>\n<li>Ch\u1ee9c n\u0103ng Booster n\u1ea5u nhanh v\u1edbi b\u1ebfp t\u1eeb<\/li>\n<li>Ch\u1ee9c n\u0103ng c\u1ea3m bi\u1ebfn ch\u1ed1ng tr\u00e0n an to\u00e0n khi s\u1eed d\u1ee5ng<\/li>\n<li>Ch\u1ee9c n\u0103ng t\u1ea1m d\u1eebng b\u1ebfp khi c\u1ea7n thi\u1ebft<\/li>\n<li>Ch\u1ee9c n\u0103ng h\u00e2m, ch\u1ee9c n\u0103ng c\u1ea3nh b\u00e1o d\u01b0 nhi\u1ec7t<\/li>\n<li>C\u1ea3m \u1ee9ng ch\u1ed1ng tr\u00e0n<\/li>\n<li>C\u1ea3m \u1ee9ng qu\u00e1 nhi\u1ec7t<\/li>\n<\/ul>\n<p><strong>Chi ti\u1ebft k\u1ef9 thu\u1eadt:<\/strong><\/p>\n<ul>\n<li>Ngu\u1ed3n \u0111i\u1ec7n : 200V-280V\/50-60Hz cho Vi\u1ec7t Nam<\/li>\n<li>C\u00f4ng su\u1ea5t l\u00f2 tr\u00e1i: 2000W<\/li>\n<li>C\u00f4ng su\u1ea5t l\u00f2 ph\u1ea3i: 2000W<\/li>\n<li>K\u00edch th\u01b0\u1edbc m\u1eb7t k\u00ednh: 730x430mm<\/li>\n<li>K\u00edch th\u01b0\u1edbc kho\u00e9t \u0111\u00e1: 690x395mm<\/li>\n<\/ul>\n<h3>H\u00ecnh \u1ea3nh l\u1eafp \u0111\u1eb7t th\u1ef1c t\u1ebf B\u1ebfp T\u1eeb Kaff KF-FL68II:<\/h3>\n<figure id=\"attachment_12274\" aria-describedby=\"caption-attachment-12274\" style=\"width: 1200px\" class=\"wp-caption alignnone\"><img loading=\"lazy\" decoding=\"async\" class=\"size-full wp-image-12274\" src=\"https:\/\/livinghome.vn\/thiet-bi\/wp-content\/uploads\/nha-bep\/kaff\/bep-tu\/bep-tu-kaff-kf-fl68ii\/bep-tu-kaff-kf-fl68ii-hinh-anh-tuc-te-1.1.jpg\" alt=\"B\u1ebfp T\u1eeb Kaff KF-FL68II\" width=\"1200\" height=\"900\" title=\"\" srcset=\"https:\/\/livinghome.vn\/thiet-bi\/wp-content\/uploads\/nha-bep\/kaff\/bep-tu\/bep-tu-kaff-kf-fl68ii\/bep-tu-kaff-kf-fl68ii-hinh-anh-tuc-te-1.1.jpg 1200w, https:\/\/livinghome.vn\/thiet-bi\/wp-content\/uploads\/nha-bep\/kaff\/bep-tu\/bep-tu-kaff-kf-fl68ii\/bep-tu-kaff-kf-fl68ii-hinh-anh-tuc-te-1.1-600x450.jpg 600w, https:\/\/livinghome.vn\/thiet-bi\/wp-content\/uploads\/nha-bep\/kaff\/bep-tu\/bep-tu-kaff-kf-fl68ii\/bep-tu-kaff-kf-fl68ii-hinh-anh-tuc-te-1.1-533x400.jpg 533w, https:\/\/livinghome.vn\/thiet-bi\/wp-content\/uploads\/nha-bep\/kaff\/bep-tu\/bep-tu-kaff-kf-fl68ii\/bep-tu-kaff-kf-fl68ii-hinh-anh-tuc-te-1.1-1067x800.jpg 1067w, https:\/\/livinghome.vn\/thiet-bi\/wp-content\/uploads\/nha-bep\/kaff\/bep-tu\/bep-tu-kaff-kf-fl68ii\/bep-tu-kaff-kf-fl68ii-hinh-anh-tuc-te-1.1-768x576.jpg 768w\" sizes=\"auto, (max-width: 1200px) 100vw, 1200px\" \/><figcaption id=\"caption-attachment-12274\" class=\"wp-caption-text\">B\u1ebfp T\u1eeb Kaff KF-FL68II sang tr\u1ecdng, an to\u00e0n<\/figcaption><\/figure>\n<figure id=\"attachment_12423\" aria-describedby=\"caption-attachment-12423\" style=\"width: 900px\" class=\"wp-caption alignnone\"><img loading=\"lazy\" decoding=\"async\" class=\"size-full wp-image-12423\" src=\"https:\/\/livinghome.vn\/thiet-bi\/wp-content\/uploads\/nha-bep\/kaff\/bep-tu\/bep-tu-kaff-kf-fl68ii\/bep-tu-kaff-kf-fl68ii-hinh-anh-thuc-te-3.1.jpg\" alt=\"B\u1ebfp T\u1eeb Kaff KF-FL68II\" width=\"900\" height=\"900\" title=\"\" srcset=\"https:\/\/livinghome.vn\/thiet-bi\/wp-content\/uploads\/nha-bep\/kaff\/bep-tu\/bep-tu-kaff-kf-fl68ii\/bep-tu-kaff-kf-fl68ii-hinh-anh-thuc-te-3.1.jpg 900w, https:\/\/livinghome.vn\/thiet-bi\/wp-content\/uploads\/nha-bep\/kaff\/bep-tu\/bep-tu-kaff-kf-fl68ii\/bep-tu-kaff-kf-fl68ii-hinh-anh-thuc-te-3.1-300x300.jpg 300w, https:\/\/livinghome.vn\/thiet-bi\/wp-content\/uploads\/nha-bep\/kaff\/bep-tu\/bep-tu-kaff-kf-fl68ii\/bep-tu-kaff-kf-fl68ii-hinh-anh-thuc-te-3.1-100x100.jpg 100w, https:\/\/livinghome.vn\/thiet-bi\/wp-content\/uploads\/nha-bep\/kaff\/bep-tu\/bep-tu-kaff-kf-fl68ii\/bep-tu-kaff-kf-fl68ii-hinh-anh-thuc-te-3.1-600x600.jpg 600w, https:\/\/livinghome.vn\/thiet-bi\/wp-content\/uploads\/nha-bep\/kaff\/bep-tu\/bep-tu-kaff-kf-fl68ii\/bep-tu-kaff-kf-fl68ii-hinh-anh-thuc-te-3.1-400x400.jpg 400w, https:\/\/livinghome.vn\/thiet-bi\/wp-content\/uploads\/nha-bep\/kaff\/bep-tu\/bep-tu-kaff-kf-fl68ii\/bep-tu-kaff-kf-fl68ii-hinh-anh-thuc-te-3.1-800x800.jpg 800w, https:\/\/livinghome.vn\/thiet-bi\/wp-content\/uploads\/nha-bep\/kaff\/bep-tu\/bep-tu-kaff-kf-fl68ii\/bep-tu-kaff-kf-fl68ii-hinh-anh-thuc-te-3.1-280x280.jpg 280w, https:\/\/livinghome.vn\/thiet-bi\/wp-content\/uploads\/nha-bep\/kaff\/bep-tu\/bep-tu-kaff-kf-fl68ii\/bep-tu-kaff-kf-fl68ii-hinh-anh-thuc-te-3.1-768x768.jpg 768w\" sizes=\"auto, (max-width: 900px) 100vw, 900px\" \/><figcaption id=\"caption-attachment-12423\" class=\"wp-caption-text\">B\u1ebfp T\u1eeb Kaff KF-FL68II<\/figcaption><\/figure>\n<figure id=\"attachment_12422\" aria-describedby=\"caption-attachment-12422\" style=\"width: 1200px\" class=\"wp-caption alignnone\"><img loading=\"lazy\" decoding=\"async\" class=\"size-full wp-image-12422\" src=\"https:\/\/livinghome.vn\/thiet-bi\/wp-content\/uploads\/nha-bep\/kaff\/bep-tu\/bep-tu-kaff-kf-fl68ii\/bep-tu-kaff-kf-fl68ii-hinh-anh-thuc-te-2.1.jpg\" alt=\"B\u1ebfp T\u1eeb Kaff KF-FL68II\" width=\"1200\" height=\"900\" title=\"\" srcset=\"https:\/\/livinghome.vn\/thiet-bi\/wp-content\/uploads\/nha-bep\/kaff\/bep-tu\/bep-tu-kaff-kf-fl68ii\/bep-tu-kaff-kf-fl68ii-hinh-anh-thuc-te-2.1.jpg 1200w, https:\/\/livinghome.vn\/thiet-bi\/wp-content\/uploads\/nha-bep\/kaff\/bep-tu\/bep-tu-kaff-kf-fl68ii\/bep-tu-kaff-kf-fl68ii-hinh-anh-thuc-te-2.1-600x450.jpg 600w, https:\/\/livinghome.vn\/thiet-bi\/wp-content\/uploads\/nha-bep\/kaff\/bep-tu\/bep-tu-kaff-kf-fl68ii\/bep-tu-kaff-kf-fl68ii-hinh-anh-thuc-te-2.1-533x400.jpg 533w, https:\/\/livinghome.vn\/thiet-bi\/wp-content\/uploads\/nha-bep\/kaff\/bep-tu\/bep-tu-kaff-kf-fl68ii\/bep-tu-kaff-kf-fl68ii-hinh-anh-thuc-te-2.1-1067x800.jpg 1067w, https:\/\/livinghome.vn\/thiet-bi\/wp-content\/uploads\/nha-bep\/kaff\/bep-tu\/bep-tu-kaff-kf-fl68ii\/bep-tu-kaff-kf-fl68ii-hinh-anh-thuc-te-2.1-768x576.jpg 768w\" sizes=\"auto, (max-width: 1200px) 100vw, 1200px\" \/><figcaption id=\"caption-attachment-12422\" class=\"wp-caption-text\">B\u1ebfp T\u1eeb Kaff KF-FL68II<\/figcaption><\/figure>\n<figure id=\"attachment_12424\" aria-describedby=\"caption-attachment-12424\" style=\"width: 1200px\" class=\"wp-caption alignnone\"><img loading=\"lazy\" decoding=\"async\" class=\"size-full wp-image-12424\" src=\"https:\/\/livinghome.vn\/thiet-bi\/wp-content\/uploads\/nha-bep\/kaff\/bep-tu\/bep-tu-kaff-kf-fl68ii\/bep-tu-kaff-kf-fl68ii-hinh-anh-thuc-te-1.2.jpg\" alt=\"B\u1ebfp T\u1eeb Kaff KF-FL68II\" width=\"1200\" height=\"900\" title=\"\" srcset=\"https:\/\/livinghome.vn\/thiet-bi\/wp-content\/uploads\/nha-bep\/kaff\/bep-tu\/bep-tu-kaff-kf-fl68ii\/bep-tu-kaff-kf-fl68ii-hinh-anh-thuc-te-1.2.jpg 1200w, https:\/\/livinghome.vn\/thiet-bi\/wp-content\/uploads\/nha-bep\/kaff\/bep-tu\/bep-tu-kaff-kf-fl68ii\/bep-tu-kaff-kf-fl68ii-hinh-anh-thuc-te-1.2-600x450.jpg 600w, https:\/\/livinghome.vn\/thiet-bi\/wp-content\/uploads\/nha-bep\/kaff\/bep-tu\/bep-tu-kaff-kf-fl68ii\/bep-tu-kaff-kf-fl68ii-hinh-anh-thuc-te-1.2-533x400.jpg 533w, https:\/\/livinghome.vn\/thiet-bi\/wp-content\/uploads\/nha-bep\/kaff\/bep-tu\/bep-tu-kaff-kf-fl68ii\/bep-tu-kaff-kf-fl68ii-hinh-anh-thuc-te-1.2-1067x800.jpg 1067w, https:\/\/livinghome.vn\/thiet-bi\/wp-content\/uploads\/nha-bep\/kaff\/bep-tu\/bep-tu-kaff-kf-fl68ii\/bep-tu-kaff-kf-fl68ii-hinh-anh-thuc-te-1.2-768x576.jpg 768w\" sizes=\"auto, (max-width: 1200px) 100vw, 1200px\" \/><figcaption id=\"caption-attachment-12424\" class=\"wp-caption-text\">B\u1ebfp T\u1eeb Kaff KF-FL68II<\/figcaption><\/figure>\n<h3><strong>Living Home Vietnam hi\u1ec7n l\u00e0 nh\u00e0 ph\u00e2n ph\u1ed1i ch\u00ednh th\u1ee9c d\u00f2ng s\u1ea3n ph\u1ea9m KAFF<\/strong><\/h3>\n<figure style=\"width: 637px\" class=\"wp-caption aligncenter\"><img loading=\"lazy\" decoding=\"async\" src=\"https:\/\/livinghome.vn\/thiet-bi\/wp-content\/uploads\/nha-bep\/kaff\/chung-nhan-kaff.jpg\" alt=\"Ch\u1ee9ng nh\u1eadn KAFF cho Living Home Vietnam\" width=\"637\" height=\"900\" title=\"\"><figcaption class=\"wp-caption-text\"><em>Ch\u1ee9ng nh\u1eadn \u0111\u1ea1i l\u00fd ch\u00ednh th\u1ee9c KAFF &#8211; Living Home Vietnam<br \/><\/em><\/figcaption><\/figure>\n<p>&nbsp;<\/p>\n","protected":false},"excerpt":{"rendered":"<p>&#8211; K\u00edch th\u01b0\u1edbc m\u1eb7t k\u00ednh: 730 x 430 mm<\/p>\n<p>&#8211; K\u00edch th\u01b0\u1edbc kho\u00e9t \u0111\u00e1: 690 x 380 mm<\/p>\n","protected":false},"featured_media":12271,"comment_status":"open","ping_status":"closed","template":"","meta":[],"product_brand":[],"product_cat":[745,794,813,796,799,810,802,807,75,795,717,164],"product_tag":[76,168,170,175,167],"class_list":{"0":"post-763","1":"product","2":"type-product","3":"status-publish","4":"has-post-thumbnail","6":"product_cat-bep-dien-tu","7":"product_cat-bep-2-tu","8":"product_cat-bep-dien-tu-chung-cu","9":"product_cat-bep-dien-tu-doi","10":"product_cat-bep-dien-tu-hinh-chu-nhat","11":"product_cat-bep-dien-tu-malaysia","12":"product_cat-bep-dien-tu-mat-kinh-schott-ceran","13":"product_cat-bep-dien-tu-tiet-kiem-dien","14":"product_cat-bep-tu","15":"product_cat-bep-tu-doi","16":"product_cat-bep-tu-kaff","17":"product_cat-thuong-hieu-kaff","18":"product_tag-bep-tu","19":"product_tag-bep-tu-am","20":"product_tag-bep-tu-kaff","21":"product_tag-bep-tu-malaysia","22":"product_tag-kaff","24":"first","25":"instock","26":"sale","27":"shipping-taxable","28":"purchasable","29":"product-type-simple"},"_links":{"self":[{"href":"https:\/\/livinghome.vn\/thiet-bi\/wp-json\/wp\/v2\/product\/763","targetHints":{"allow":["GET"]}}],"collection":[{"href":"https:\/\/livinghome.vn\/thiet-bi\/wp-json\/wp\/v2\/product"}],"about":[{"href":"https:\/\/livinghome.vn\/thiet-bi\/wp-json\/wp\/v2\/types\/product"}],"replies":[{"embeddable":true,"href":"https:\/\/livinghome.vn\/thiet-bi\/wp-json\/wp\/v2\/comments?post=763"}],"wp:featuredmedia":[{"embeddable":true,"href":"https:\/\/livinghome.vn\/thiet-bi\/wp-json\/wp\/v2\/media\/12271"}],"wp:attachment":[{"href":"https:\/\/livinghome.vn\/thiet-bi\/wp-json\/wp\/v2\/media?parent=763"}],"wp:term":[{"taxonomy":"product_brand","embeddable":true,"href":"https:\/\/livinghome.vn\/thiet-bi\/wp-json\/wp\/v2\/product_brand?post=763"},{"taxonomy":"product_cat","embeddable":true,"href":"https:\/\/livinghome.vn\/thiet-bi\/wp-json\/wp\/v2\/product_cat?post=763"},{"taxonomy":"product_tag","embeddable":true,"href":"https:\/\/livinghome.vn\/thiet-bi\/wp-json\/wp\/v2\/product_tag?post=763"}],"curies":[{"name":"wp","href":"https:\/\/api.w.org\/{rel}","templated":true}]}}