{"id":760,"date":"2023-01-12T11:25:51","date_gmt":"2023-01-12T11:25:51","guid":{"rendered":"https:\/\/livinghome.vn\/thiet-bi\/?post_type=product&#038;p=760"},"modified":"2024-11-29T14:20:56","modified_gmt":"2024-11-29T07:20:56","slug":"bep-dien-kaff-kf-fl101cc-73cm-2-dien","status":"publish","type":"product","link":"https:\/\/livinghome.vn\/thiet-bi\/bep-dien-kaff-kf-fl101cc-73cm-2-dien\/","title":{"rendered":"B\u1ebfp \u0110i\u1ec7n Kaff KF-FL101CC 73CM 2 \u0110i\u1ec7n M\u1eb7t K\u00ednh Crystal"},"content":{"rendered":"<h2><strong>Gi\u1edbi thi\u1ec7u s\u1ea3n ph\u1ea9m B\u1ebfp \u0111i\u1ec7n Kaff KF-FL101CC nh\u1eadp kh\u1ea9u<br \/>\n<\/strong><\/h2>\n<figure id=\"attachment_11986\" aria-describedby=\"caption-attachment-11986\" style=\"width: 1200px\" class=\"wp-caption alignnone\"><img loading=\"lazy\" decoding=\"async\" class=\"size-full wp-image-11986\" src=\"https:\/\/livinghome.vn\/thiet-bi\/wp-content\/uploads\/nha-bep\/kaff\/bep-dien\/bep-dien-kaff-kf-fl101cc\/bep-dien-kaff-kf-fl101cc-3-1.jpg\" alt=\"B\u1ebfp \u0110i\u1ec7n Kaff KF-FL101CC\" width=\"1200\" height=\"900\" title=\"\" srcset=\"https:\/\/livinghome.vn\/thiet-bi\/wp-content\/uploads\/nha-bep\/kaff\/bep-dien\/bep-dien-kaff-kf-fl101cc\/bep-dien-kaff-kf-fl101cc-3-1.jpg 1200w, https:\/\/livinghome.vn\/thiet-bi\/wp-content\/uploads\/nha-bep\/kaff\/bep-dien\/bep-dien-kaff-kf-fl101cc\/bep-dien-kaff-kf-fl101cc-3-1-600x450.jpg 600w, https:\/\/livinghome.vn\/thiet-bi\/wp-content\/uploads\/nha-bep\/kaff\/bep-dien\/bep-dien-kaff-kf-fl101cc\/bep-dien-kaff-kf-fl101cc-3-1-533x400.jpg 533w, https:\/\/livinghome.vn\/thiet-bi\/wp-content\/uploads\/nha-bep\/kaff\/bep-dien\/bep-dien-kaff-kf-fl101cc\/bep-dien-kaff-kf-fl101cc-3-1-1067x800.jpg 1067w, https:\/\/livinghome.vn\/thiet-bi\/wp-content\/uploads\/nha-bep\/kaff\/bep-dien\/bep-dien-kaff-kf-fl101cc\/bep-dien-kaff-kf-fl101cc-3-1-768x576.jpg 768w\" sizes=\"auto, (max-width: 1200px) 100vw, 1200px\" \/><figcaption id=\"caption-attachment-11986\" class=\"wp-caption-text\">B\u1ebfp \u0110i\u1ec7n Kaff KF-FL101CC thi\u1ebft k\u1ebf m\u1ea1nh m\u1ebd d\u1ec5 d\u00f9ng<\/figcaption><\/figure>\n<blockquote>\n<h3>B\u1ebfp \u0111i\u1ec7n ch\u1eef nh\u1eadt d\u00e0i 73cm v\u1edbi 02 v\u00f9ng n\u1ea5u \u0111i\u1ec7n (b\u1ebfp h\u1ed3ng ngo\u1ea1i)<\/h3>\n<\/blockquote>\n<h3><strong>N\u1ed5i b\u1eadt<\/strong><\/h3>\n<ul>\n<li>\u0110\u1ea7u \u0111\u1ed1t EGO Hilight Made in Germany<\/li>\n<li>M\u1eb7t k\u00ednh Crystal si\u00eau b\u1ec1n, ch\u1ecbu l\u1ef1c, ch\u1ecbu s\u1ed1c nhi\u1ec7t<\/li>\n<li>Bo m\u1ea1ch IGBT SIMENS Made in Germany<\/li>\n<li>Ch\u1ee9c n\u0103ng INVERTER v\u00e0 chia c\u00f4ng su\u1ea5t ti\u1ebft ki\u1ec7m \u0111i\u1ec7n n\u0103ng, b\u1ea3o v\u1ec7 b\u1ebfp<\/li>\n<\/ul>\n<figure id=\"attachment_11987\" aria-describedby=\"caption-attachment-11987\" style=\"width: 1200px\" class=\"wp-caption alignnone\"><img loading=\"lazy\" decoding=\"async\" class=\"size-full wp-image-11987\" src=\"https:\/\/livinghome.vn\/thiet-bi\/wp-content\/uploads\/nha-bep\/kaff\/bep-dien\/bep-dien-kaff-kf-fl101cc\/bep-dien-kaff-kf-fl101cc-2-1.jpg\" alt=\"B\u1ebfp \u0110i\u1ec7n Kaff KF-FL101CC\" width=\"1200\" height=\"900\" title=\"\" srcset=\"https:\/\/livinghome.vn\/thiet-bi\/wp-content\/uploads\/nha-bep\/kaff\/bep-dien\/bep-dien-kaff-kf-fl101cc\/bep-dien-kaff-kf-fl101cc-2-1.jpg 1200w, https:\/\/livinghome.vn\/thiet-bi\/wp-content\/uploads\/nha-bep\/kaff\/bep-dien\/bep-dien-kaff-kf-fl101cc\/bep-dien-kaff-kf-fl101cc-2-1-600x450.jpg 600w, https:\/\/livinghome.vn\/thiet-bi\/wp-content\/uploads\/nha-bep\/kaff\/bep-dien\/bep-dien-kaff-kf-fl101cc\/bep-dien-kaff-kf-fl101cc-2-1-533x400.jpg 533w, https:\/\/livinghome.vn\/thiet-bi\/wp-content\/uploads\/nha-bep\/kaff\/bep-dien\/bep-dien-kaff-kf-fl101cc\/bep-dien-kaff-kf-fl101cc-2-1-1067x800.jpg 1067w, https:\/\/livinghome.vn\/thiet-bi\/wp-content\/uploads\/nha-bep\/kaff\/bep-dien\/bep-dien-kaff-kf-fl101cc\/bep-dien-kaff-kf-fl101cc-2-1-768x576.jpg 768w\" sizes=\"auto, (max-width: 1200px) 100vw, 1200px\" \/><figcaption id=\"caption-attachment-11987\" class=\"wp-caption-text\">B\u1ebfp \u0110i\u1ec7n Kaff KF-FL101CC<\/figcaption><\/figure>\n<h3><strong>T\u00ednh n\u0103ng<\/strong><\/h3>\n<ul>\n<li>9 d\u00e3y c\u00f4ng su\u1ea5t<\/li>\n<li>\u0110i\u1ec1u khi\u1ec3n c\u1ea3m \u1ee9ng Slider \u0111\u1ed9c l\u1eadp d\u1ea1ng \u1ea9n tr\u1ef1c ti\u1ebfp tr\u00ean m\u1eb7t b\u1ebfp<\/li>\n<li>Ch\u1ebf \u0111\u1ed9 h\u1eb9n gi\u1edd, kh\u00f3a tr\u1ebb em th\u00f4ng minh, ti\u1ec7n d\u1ee5ng<\/li>\n<li>Ch\u1ebf \u0111\u1ed9 02 v\u00f2ng nhi\u1ec7t ti\u1ec7n d\u1ee5ng v\u1edbi c\u00e1c lo\u1ea1i n\u1ed3i l\u1edbn nh\u1ecf<\/li>\n<li>Ch\u1ee9c n\u0103ng c\u1ea3m bi\u1ebfn ch\u1ed1ng tr\u00e0n an to\u00e0n khi s\u1eed d\u1ee5ng<\/li>\n<li>Ch\u1ee9c n\u0103ng t\u1ea1m d\u1eebng b\u1ebfp khi c\u1ea7n thi\u1ebft<\/li>\n<li>Ch\u1ee9c n\u0103ng h\u00e2m<\/li>\n<li>C\u1ea3m \u1ee9ng qu\u00e1 nhi\u1ec7t<\/li>\n<li>Ch\u1ee9c n\u0103ng n\u01b0\u1edbng v\u1edbi b\u1ebfp \u0111i\u1ec7n<\/li>\n<\/ul>\n<h3><strong>Chi ti\u1ebft k\u1ef9 thu\u1eadt<\/strong><\/h3>\n<ul>\n<li>Ngu\u1ed3n \u0111i\u1ec7n : 200V-280V\/50-60Hz cho Vi\u1ec7t Nam<\/li>\n<li>C\u00f4ng su\u1ea5t l\u00f2 tr\u00e1i: 2200W<\/li>\n<li>C\u00f4ng su\u1ea5t l\u00f2 ph\u1ea3i: 2000W<\/li>\n<li>K\u00edch th\u01b0\u1edbc s\u1ea3n ph\u1ea9m: 730x430mm<\/li>\n<li>K\u00edch th\u01b0\u1edbc kho\u00e9t \u0111\u00e1: 690x390mm<\/li>\n<\/ul>\n<h2><span id=\"Hinh_anh_lap_dat_thuc_te_Bep_Tu_Kaff_KF-073II\"><strong>H\u00ecnh \u1ea3nh l\u1eafp \u0111\u1eb7t th\u1ef1c t\u1ebf B\u1ebfp \u0111i\u1ec7n Kaff KF-FL101CC<\/strong><\/span><\/h2>\n<figure id=\"attachment_11938\" aria-describedby=\"caption-attachment-11938\" style=\"width: 900px\" class=\"wp-caption alignnone\"><img loading=\"lazy\" decoding=\"async\" class=\"size-full wp-image-11938\" src=\"https:\/\/livinghome.vn\/thiet-bi\/wp-content\/uploads\/nha-bep\/kaff\/bep-dien\/bep-dien-kaff-kf-fl101cc\/bep-dien-kaff-kf-fl101cc-hinh-anh-thuc-te-1.1.jpg\" alt=\"B\u1ebfp \u0111i\u1ec7n Kaff KF-FL101CC\" width=\"900\" height=\"900\" title=\"\" srcset=\"https:\/\/livinghome.vn\/thiet-bi\/wp-content\/uploads\/nha-bep\/kaff\/bep-dien\/bep-dien-kaff-kf-fl101cc\/bep-dien-kaff-kf-fl101cc-hinh-anh-thuc-te-1.1.jpg 900w, https:\/\/livinghome.vn\/thiet-bi\/wp-content\/uploads\/nha-bep\/kaff\/bep-dien\/bep-dien-kaff-kf-fl101cc\/bep-dien-kaff-kf-fl101cc-hinh-anh-thuc-te-1.1-300x300.jpg 300w, https:\/\/livinghome.vn\/thiet-bi\/wp-content\/uploads\/nha-bep\/kaff\/bep-dien\/bep-dien-kaff-kf-fl101cc\/bep-dien-kaff-kf-fl101cc-hinh-anh-thuc-te-1.1-100x100.jpg 100w, https:\/\/livinghome.vn\/thiet-bi\/wp-content\/uploads\/nha-bep\/kaff\/bep-dien\/bep-dien-kaff-kf-fl101cc\/bep-dien-kaff-kf-fl101cc-hinh-anh-thuc-te-1.1-600x600.jpg 600w, https:\/\/livinghome.vn\/thiet-bi\/wp-content\/uploads\/nha-bep\/kaff\/bep-dien\/bep-dien-kaff-kf-fl101cc\/bep-dien-kaff-kf-fl101cc-hinh-anh-thuc-te-1.1-400x400.jpg 400w, https:\/\/livinghome.vn\/thiet-bi\/wp-content\/uploads\/nha-bep\/kaff\/bep-dien\/bep-dien-kaff-kf-fl101cc\/bep-dien-kaff-kf-fl101cc-hinh-anh-thuc-te-1.1-800x800.jpg 800w, https:\/\/livinghome.vn\/thiet-bi\/wp-content\/uploads\/nha-bep\/kaff\/bep-dien\/bep-dien-kaff-kf-fl101cc\/bep-dien-kaff-kf-fl101cc-hinh-anh-thuc-te-1.1-280x280.jpg 280w, https:\/\/livinghome.vn\/thiet-bi\/wp-content\/uploads\/nha-bep\/kaff\/bep-dien\/bep-dien-kaff-kf-fl101cc\/bep-dien-kaff-kf-fl101cc-hinh-anh-thuc-te-1.1-768x768.jpg 768w\" sizes=\"auto, (max-width: 900px) 100vw, 900px\" \/><figcaption id=\"caption-attachment-11938\" class=\"wp-caption-text\">B\u1ebfp \u0111i\u1ec7n Kaff KF-FL101CC l\u1eafp \u0111\u1eb7t th\u1ef1c t\u1ebf t\u1ea1i nh\u00e0 kh\u00e1ch h\u00e0ng<\/figcaption><\/figure>\n<h3><strong>Living Home Vietnam hi\u1ec7n l\u00e0 nh\u00e0 ph\u00e2n ph\u1ed1i ch\u00ednh th\u1ee9c d\u00f2ng s\u1ea3n ph\u1ea9m KAFF<\/strong><\/h3>\n<figure style=\"width: 637px\" class=\"wp-caption aligncenter\"><img loading=\"lazy\" decoding=\"async\" src=\"https:\/\/livinghome.vn\/thiet-bi\/wp-content\/uploads\/nha-bep\/kaff\/chung-nhan-kaff.jpg\" alt=\"Ch\u1ee9ng nh\u1eadn KAFF cho Living Home Vietnam\" width=\"637\" height=\"900\" title=\"\"><figcaption class=\"wp-caption-text\"><em>Ch\u1ee9ng nh\u1eadn KAFF cho Living Home Vietnam<br \/><\/em><\/figcaption><\/figure>\n<p>&nbsp;<\/p>\n<p>&nbsp;<\/p>\n","protected":false},"excerpt":{"rendered":"<p>&#8211; <strong>Lo\u1ea1i b\u1ebfp: <\/strong>2 \u0111i\u1ec7n (h\u1ed3ng ngo\u1ea1i)<\/p>\n<p>&#8211; <strong>M\u1eb7t k\u00ednh:<\/strong> Crystal<\/p>\n<p>&#8211; <strong>C\u00f4ng su\u1ea5t:<\/strong> C\u00f4ng su\u1ea5t l\u00f2 tr\u00e1i: 2200W &#8211; C\u00f4ng su\u1ea5t l\u00f2 ph\u1ea3i: 2200W<\/p>\n<p>&#8211; <strong>K\u00edch th\u01b0\u1edbc b\u1ebfp:<\/strong> W730 x D430 mm<\/p>\n<p>&#8211; <strong>K\u00edch th\u01b0\u1edbc c\u1eaft \u0111\u00e1:<\/strong> W690 x D390 mm<\/p>\n<p>&#8211; <strong>H\u1ec7 th\u1ed1ng \u0111i\u1ec1u khi\u1ec3n:<\/strong> c\u1ea3m \u1ee9ng d\u1ea1ng ch\u1ea1m + tr\u01b0\u1ee3t<\/p>\n","protected":false},"featured_media":11988,"comment_status":"open","ping_status":"closed","template":"","meta":[],"product_brand":[],"product_cat":[741,117,1743,718,745,813,796,799,716,801,810,807,164],"product_tag":[118,120,172,173,174,742,167],"class_list":{"0":"post-760","1":"product","2":"type-product","3":"status-publish","4":"has-post-thumbnail","6":"product_cat-bep-hong-ngoai","7":"product_cat-bep-dien-hong-ngoai","8":"product_cat-bep-dien-hong-ngoai-doi","9":"product_cat-bep-dien-hong-ngoai-kaff","10":"product_cat-bep-dien-tu","11":"product_cat-bep-dien-tu-chung-cu","12":"product_cat-bep-dien-tu-doi","13":"product_cat-bep-dien-tu-hinh-chu-nhat","14":"product_cat-bep-dien-tu-kaff","15":"product_cat-bep-dien-tu-khong-ken-noi","16":"product_cat-bep-dien-tu-malaysia","17":"product_cat-bep-dien-tu-tiet-kiem-dien","18":"product_cat-thuong-hieu-kaff","19":"product_tag-bep-dien","20":"product_tag-bep-dien-am","21":"product_tag-bep-dien-kaff","22":"product_tag-bep-dien-malaysia","23":"product_tag-bep-hong-ngoai","24":"product_tag-bep-hong-ngoai-kaff","25":"product_tag-kaff","27":"first","28":"instock","29":"sale","30":"shipping-taxable","31":"purchasable","32":"product-type-simple"},"_links":{"self":[{"href":"https:\/\/livinghome.vn\/thiet-bi\/wp-json\/wp\/v2\/product\/760","targetHints":{"allow":["GET"]}}],"collection":[{"href":"https:\/\/livinghome.vn\/thiet-bi\/wp-json\/wp\/v2\/product"}],"about":[{"href":"https:\/\/livinghome.vn\/thiet-bi\/wp-json\/wp\/v2\/types\/product"}],"replies":[{"embeddable":true,"href":"https:\/\/livinghome.vn\/thiet-bi\/wp-json\/wp\/v2\/comments?post=760"}],"wp:featuredmedia":[{"embeddable":true,"href":"https:\/\/livinghome.vn\/thiet-bi\/wp-json\/wp\/v2\/media\/11988"}],"wp:attachment":[{"href":"https:\/\/livinghome.vn\/thiet-bi\/wp-json\/wp\/v2\/media?parent=760"}],"wp:term":[{"taxonomy":"product_brand","embeddable":true,"href":"https:\/\/livinghome.vn\/thiet-bi\/wp-json\/wp\/v2\/product_brand?post=760"},{"taxonomy":"product_cat","embeddable":true,"href":"https:\/\/livinghome.vn\/thiet-bi\/wp-json\/wp\/v2\/product_cat?post=760"},{"taxonomy":"product_tag","embeddable":true,"href":"https:\/\/livinghome.vn\/thiet-bi\/wp-json\/wp\/v2\/product_tag?post=760"}],"curies":[{"name":"wp","href":"https:\/\/api.w.org\/{rel}","templated":true}]}}