{"id":759,"date":"2023-01-12T11:25:51","date_gmt":"2023-01-12T11:25:51","guid":{"rendered":"https:\/\/livinghome.vn\/thiet-bi\/?post_type=product&#038;p=759"},"modified":"2024-11-29T14:20:56","modified_gmt":"2024-11-29T07:20:56","slug":"bep-dien-tu-kaff-kf-fl101ic","status":"publish","type":"product","link":"https:\/\/livinghome.vn\/thiet-bi\/bep-dien-tu-kaff-kf-fl101ic\/","title":{"rendered":"B\u1ebfp \u0110i\u1ec7n T\u1eeb Kaff KF-FL101IC 73CM 1 \u0110i\u1ec7n 1 T\u1eeb"},"content":{"rendered":"<h2>B\u1ebfp \u0111i\u1ec7n t\u1eeb Kaff KF-FL101IC &#8211; Nh\u1eadp kh\u1ea9u nguy\u00ean chi\u1ebfc t\u1eeb Malaysia<\/h2>\n<figure id=\"attachment_14581\" aria-describedby=\"caption-attachment-14581\" style=\"width: 900px\" class=\"wp-caption alignnone\"><img loading=\"lazy\" decoding=\"async\" class=\"size-full wp-image-14581\" src=\"https:\/\/livinghome.vn\/thiet-bi\/wp-content\/uploads\/nha-bep\/kaff\/bep-dien-tu\/bep-dien-tu-kaff-kf-fl101ic\/bep-dien-tu-kaff-kf-fl101ic-4.jpg\" alt=\"B\u1ebfp \u0110i\u1ec7n T\u1eeb Kaff KF-FL101IC\" width=\"900\" height=\"900\" title=\"\" srcset=\"https:\/\/livinghome.vn\/thiet-bi\/wp-content\/uploads\/nha-bep\/kaff\/bep-dien-tu\/bep-dien-tu-kaff-kf-fl101ic\/bep-dien-tu-kaff-kf-fl101ic-4.jpg 900w, https:\/\/livinghome.vn\/thiet-bi\/wp-content\/uploads\/nha-bep\/kaff\/bep-dien-tu\/bep-dien-tu-kaff-kf-fl101ic\/bep-dien-tu-kaff-kf-fl101ic-4-300x300.jpg 300w, https:\/\/livinghome.vn\/thiet-bi\/wp-content\/uploads\/nha-bep\/kaff\/bep-dien-tu\/bep-dien-tu-kaff-kf-fl101ic\/bep-dien-tu-kaff-kf-fl101ic-4-100x100.jpg 100w, https:\/\/livinghome.vn\/thiet-bi\/wp-content\/uploads\/nha-bep\/kaff\/bep-dien-tu\/bep-dien-tu-kaff-kf-fl101ic\/bep-dien-tu-kaff-kf-fl101ic-4-600x600.jpg 600w, https:\/\/livinghome.vn\/thiet-bi\/wp-content\/uploads\/nha-bep\/kaff\/bep-dien-tu\/bep-dien-tu-kaff-kf-fl101ic\/bep-dien-tu-kaff-kf-fl101ic-4-400x400.jpg 400w, https:\/\/livinghome.vn\/thiet-bi\/wp-content\/uploads\/nha-bep\/kaff\/bep-dien-tu\/bep-dien-tu-kaff-kf-fl101ic\/bep-dien-tu-kaff-kf-fl101ic-4-800x800.jpg 800w, https:\/\/livinghome.vn\/thiet-bi\/wp-content\/uploads\/nha-bep\/kaff\/bep-dien-tu\/bep-dien-tu-kaff-kf-fl101ic\/bep-dien-tu-kaff-kf-fl101ic-4-280x280.jpg 280w, https:\/\/livinghome.vn\/thiet-bi\/wp-content\/uploads\/nha-bep\/kaff\/bep-dien-tu\/bep-dien-tu-kaff-kf-fl101ic\/bep-dien-tu-kaff-kf-fl101ic-4-768x768.jpg 768w\" sizes=\"auto, (max-width: 900px) 100vw, 900px\" \/><figcaption id=\"caption-attachment-14581\" class=\"wp-caption-text\">B\u1ebfp \u0111i\u1ec7n t\u1eeb ch\u1eef nh\u1eadt d\u00e0i v\u1edbi 1 v\u00f9ng n\u1ea5u t\u1eeb k\u1ebft h\u1ee3p 1 v\u00f9ng n\u1ea5u \u0111i\u1ec7n (h\u1ed3ng ngo\u1ea1i)<\/figcaption><\/figure>\n<h3>Linh ki\u1ec7n cao c\u1ea5p<\/h3>\n<ul>\n<li>\u0110\u1ea7u \u0111\u1ed1t EGO Hilight Made in Germany<\/li>\n<li>M\u1eb7t k\u00ednh Crystal si\u00eau b\u1ec1n, ch\u1ecbu l\u1ef1c, ch\u1ecbu s\u1ed1c nhi\u1ec7t<\/li>\n<li>Bo m\u1ea1ch IGBT SIMENS Made in Germany<\/li>\n<li>Ch\u1ee9c n\u0103ng INVERTER v\u00e0 chia c\u00f4ng su\u1ea5t ti\u1ebft ki\u1ec7m \u0111i\u1ec7n n\u0103ng, b\u1ea3o v\u1ec7 b\u1ebfp<\/li>\n<\/ul>\n<h3>T\u00ednh n\u0103ng n\u1ed5i b\u1eadt<\/h3>\n<ul>\n<li>10 d\u00e3y c\u00f4ng su\u1ea5t<\/li>\n<li>\u0110i\u1ec1u khi\u1ec3n c\u1ea3m \u1ee9ng Slider \u0111\u1ed9c l\u1eadp d\u1ea1ng \u1ea9n tr\u1ef1c ti\u1ebfp tr\u00ean m\u1eb7t b\u1ebfp<\/li>\n<li>Ch\u1ee9c n\u0103ng Booster n\u1ea5u nhanh cho b\u1ebfp t\u1eeb<\/li>\n<li>Ch\u1ebf \u0111\u1ed9 h\u1eb9n gi\u1edd, kh\u00f3a tr\u1ebb em th\u00f4ng minh, ti\u1ec7n d\u1ee5ng<\/li>\n<li>Ch\u1ebf \u0111\u1ed9 02 v\u00f2ng nhi\u1ec7t ti\u1ec7n d\u1ee5ng v\u1edbi c\u00e1c lo\u1ea1i n\u1ed3i l\u1edbn nh\u1ecf<\/li>\n<li>Ch\u1ee9c n\u0103ng c\u1ea3m bi\u1ebfn ch\u1ed1ng tr\u00e0n an to\u00e0n khi s\u1eed d\u1ee5ng<\/li>\n<li>Ch\u1ee9c n\u0103ng t\u1ea1m d\u1eebng b\u1ebfp khi c\u1ea7n thi\u1ebft<\/li>\n<li>Ch\u1ee9c n\u0103ng h\u00e2m<\/li>\n<li>C\u1ea3m \u1ee9ng qu\u00e1 nhi\u1ec7t<\/li>\n<\/ul>\n<h3>Chi ti\u1ebft k\u1ef9 thu\u1eadt l\u1eafp \u0111\u1eb7t<\/h3>\n<ul>\n<li>Ngu\u1ed3n \u0111i\u1ec7n: 200V-280V\/50-60Hz cho Vi\u1ec7t Nam<\/li>\n<li>C\u00f4ng su\u1ea5t l\u00f2 tr\u00e1i: 2200W<\/li>\n<li>C\u00f4ng su\u1ea5t l\u00f2 ph\u1ea3i: 2000W<\/li>\n<li>K\u00edch th\u01b0\u1edbc s\u1ea3n ph\u1ea9m: 730x430mm<\/li>\n<li>K\u00edch th\u01b0\u1edbc kho\u00e9t \u0111\u00e1: 690x390mm<\/li>\n<\/ul>\n<h2>Living Home Vietnam hi\u1ec7n l\u00e0 nh\u00e0 ph\u00e2n ph\u1ed1i ch\u00ednh th\u1ee9c d\u00f2ng s\u1ea3n ph\u1ea9m KAFF<\/h2>\n<figure style=\"width: 637px\" class=\"wp-caption aligncenter\"><img loading=\"lazy\" decoding=\"async\" src=\"https:\/\/livinghome.vn\/thiet-bi\/wp-content\/uploads\/nha-bep\/kaff\/chung-nhan-kaff.jpg\" alt=\"Ch\u1ee9ng nh\u1eadn KAFF cho Living Home Vietnam\" width=\"637\" height=\"900\" title=\"\"><figcaption class=\"wp-caption-text\">Ch\u1ee9ng nh\u1eadn \u0111\u1ea1i l\u00fd ch\u00ednh th\u1ee9c chuy\u00ean cung c\u1ea5p c\u00e1c s\u1ea3n ph\u1ea9m c\u1ee7a th\u01b0\u01a1ng hi\u1ec7u KAFF cho Living Home Vietnam t\u1eeb 2020<\/figcaption><\/figure>\n","protected":false},"excerpt":{"rendered":"<p>&#8211; Lo\u1ea1i b\u1ebfp: B\u1ebfp 2 v\u00f9ng n\u1ea5u v\u1edbi\u00a0 1 v\u00f9ng \u0111i\u1ec7n h\u1ed3ng ngo\u1ea1i &#8211;\u00a0 1 v\u00f9ng t\u1eeb<\/p>\n<p>&#8211; \u0110i\u1ec1u khi\u1ec3n: c\u1ea3m \u1ee9ng ch\u1ea1m v\u00e0 tr\u01b0\u1ee3t ri\u00eang bi\u1ec7t<\/p>\n<p>&#8211; Th\u00edch h\u1ee3p: M\u1ecdi lo\u1ea1i xoong n\u1ed3i v\u1edbi \u0111\u00e1y b\u1eb1ng<\/p>\n<p>&#8211; S\u1ea3n xu\u1ea5t t\u1ea1i Malaysia<\/p>\n<p>&#8211; K\u00edch th\u01b0\u1edbc s\u1ea3n ph\u1ea9m: 730 x 430 mm<\/p>\n<p>&#8211; K\u00edch th\u01b0\u1edbc kho\u00e9t \u0111\u00e1: 690 x 390 mm<\/p>\n","protected":false},"featured_media":14576,"comment_status":"open","ping_status":"closed","template":"","meta":[],"product_brand":[],"product_cat":[745,793,813,796,799,716,80,801,810,807,795,164],"product_tag":[81,115,166,171],"class_list":{"0":"post-759","1":"product","2":"type-product","3":"status-publish","4":"has-post-thumbnail","6":"product_cat-bep-dien-tu","7":"product_cat-bep-1-dien-1-tu","8":"product_cat-bep-dien-tu-chung-cu","9":"product_cat-bep-dien-tu-doi","10":"product_cat-bep-dien-tu-hinh-chu-nhat","11":"product_cat-bep-dien-tu-kaff","12":"product_cat-bep-dien-tu-ket-hop","13":"product_cat-bep-dien-tu-khong-ken-noi","14":"product_cat-bep-dien-tu-malaysia","15":"product_cat-bep-dien-tu-tiet-kiem-dien","16":"product_cat-bep-tu-doi","17":"product_cat-thuong-hieu-kaff","18":"product_tag-bep-dien-tu","19":"product_tag-bep-dien-tu-am","20":"product_tag-bep-dien-tu-kaff","21":"product_tag-bep-dien-tu-malaysia","23":"first","24":"instock","25":"sale","26":"shipping-taxable","27":"purchasable","28":"product-type-simple"},"_links":{"self":[{"href":"https:\/\/livinghome.vn\/thiet-bi\/wp-json\/wp\/v2\/product\/759","targetHints":{"allow":["GET"]}}],"collection":[{"href":"https:\/\/livinghome.vn\/thiet-bi\/wp-json\/wp\/v2\/product"}],"about":[{"href":"https:\/\/livinghome.vn\/thiet-bi\/wp-json\/wp\/v2\/types\/product"}],"replies":[{"embeddable":true,"href":"https:\/\/livinghome.vn\/thiet-bi\/wp-json\/wp\/v2\/comments?post=759"}],"wp:featuredmedia":[{"embeddable":true,"href":"https:\/\/livinghome.vn\/thiet-bi\/wp-json\/wp\/v2\/media\/14576"}],"wp:attachment":[{"href":"https:\/\/livinghome.vn\/thiet-bi\/wp-json\/wp\/v2\/media?parent=759"}],"wp:term":[{"taxonomy":"product_brand","embeddable":true,"href":"https:\/\/livinghome.vn\/thiet-bi\/wp-json\/wp\/v2\/product_brand?post=759"},{"taxonomy":"product_cat","embeddable":true,"href":"https:\/\/livinghome.vn\/thiet-bi\/wp-json\/wp\/v2\/product_cat?post=759"},{"taxonomy":"product_tag","embeddable":true,"href":"https:\/\/livinghome.vn\/thiet-bi\/wp-json\/wp\/v2\/product_tag?post=759"}],"curies":[{"name":"wp","href":"https:\/\/api.w.org\/{rel}","templated":true}]}}