{"id":758,"date":"2023-01-12T11:25:51","date_gmt":"2023-01-12T11:25:51","guid":{"rendered":"https:\/\/livinghome.vn\/thiet-bi\/?post_type=product&#038;p=758"},"modified":"2024-11-29T14:20:56","modified_gmt":"2024-11-29T07:20:56","slug":"bep-dien-tu-kaff-kf-ic79h","status":"publish","type":"product","link":"https:\/\/livinghome.vn\/thiet-bi\/bep-dien-tu-kaff-kf-ic79h\/","title":{"rendered":"B\u1ebfp \u0111i\u1ec7n t\u1eeb Kaff KF-IC79H &#8211; Made in Malaysia nh\u1eadp kh\u1ea9u cao c\u1ea5p"},"content":{"rendered":"<h2><strong>Chi\u1ebfc B\u1ebfp \u0111i\u1ec7n t\u1eeb Kaff KF-IC79H c\u00f3 t\u00ednh n\u0103ng n\u00e0o n\u1ed5i b\u1eadt<br \/>\n<\/strong><\/h2>\n<figure id=\"attachment_53515\" aria-describedby=\"caption-attachment-53515\" style=\"width: 800px\" class=\"wp-caption alignnone\"><img loading=\"lazy\" decoding=\"async\" class=\"size-large wp-image-53515\" src=\"https:\/\/livinghome.vn\/thiet-bi\/wp-content\/uploads\/nha-bep\/kaff\/bep-dien-tu\/bep-dien-tu-kaff-kf-ic79h\/bep-dien-tu-kaff-kf-ic79h-800x800.jpg\" alt=\"B\u1ebfp \u0111i\u1ec7n t\u1eeb Kaff KF-IC79H\" width=\"800\" height=\"800\" title=\"\"><figcaption id=\"caption-attachment-53515\" class=\"wp-caption-text\">B\u1ebfp \u0111i\u1ec7n t\u1eeb Kaff KF-IC79H<\/figcaption><\/figure>\n<p>&nbsp;<\/p>\n<blockquote><p>B\u1ebfp \u0111i\u1ec7n t\u1eeb ch\u1eef nh\u1eadt d\u00e0i v\u1edbi 2 v\u00f9ng n\u1ea5u t\u1eeb k\u1ebft h\u1ee3p 1 v\u00f9ng n\u1ea5u \u0111i\u1ec7n (h\u1ed3ng ngo\u1ea1i)<\/p><\/blockquote>\n<h3><strong>N\u1ed5i b\u1eadt<\/strong><\/h3>\n<ul>\n<li>\u0110\u1ea7u \u0111\u1ed1t EGO Hilight Made in Germany 02 v\u00f2ng nhi\u1ec7t<\/li>\n<li>M\u1eb7t k\u00ednh Schott Ceran Made in Germany si\u00eau b\u1ec1n, ch\u1ecbu l\u1ef1c, ch\u1ecbu s\u1ed1c nhi\u1ec7t<\/li>\n<li>Bo m\u1ea1ch IGBT SIMENS Made in Germany<\/li>\n<li>Ch\u1ee9c n\u0103ng INVERTER v\u00e0 chia c\u00f4ng su\u1ea5t ti\u1ebft ki\u1ec7m \u0111i\u1ec7n n\u0103ng, b\u1ea3o v\u1ec7 b\u1ebfp<\/li>\n<\/ul>\n<h3><strong>T\u00ednh n\u0103ng<\/strong><\/h3>\n<ul>\n<li>10 d\u00e3y c\u00f4ng su\u1ea5t<\/li>\n<li>Ch\u1ee9c n\u0103ng Booster c\u1ef1c nhanh v\u1edbi b\u1ebfp t\u1eeb<\/li>\n<li>\u0110i\u1ec1u khi\u1ec3n c\u1ea3m \u1ee9ng d\u1ea1ng \u1ea5n tr\u1ef1c ti\u1ebfp tr\u00ean m\u1eb7t b\u1ebfp<\/li>\n<li>Ch\u1ebf \u0111\u1ed9 h\u1eb9n gi\u1edd, kh\u00f3a tr\u1ebb em th\u00f4ng minh, ti\u1ec7n d\u1ee5ng<\/li>\n<li>Ch\u1ebf \u0111\u1ed9 02 v\u00f2ng nhi\u1ec7t ti\u1ec7n d\u1ee5ng v\u1edbi c\u00e1c lo\u1ea1i n\u1ed3i l\u1edbn nh\u1ecf<\/li>\n<li>Ch\u1ee9c n\u0103ng t\u1ea1m d\u1eebng khi c\u1ea7n thi\u1ebft, ch\u1ee9c n\u0103ng h\u00e2m, ch\u1ee9c n\u0103ng ch\u1ed1ng tr\u00e0n<\/li>\n<li>C\u1ea3m \u1ee9ng qu\u00e1 nhi\u1ec7t<\/li>\n<\/ul>\n<h3><strong>Chi ti\u1ebft k\u1ef9 thu\u1eadt<\/strong><\/h3>\n<ul>\n<li>Ngu\u1ed3n \u0111i\u1ec7n : 200V-280V\/50-60Hz cho Vi\u1ec7t Nam<\/li>\n<li>C\u00f4ng su\u1ea5t l\u00f2 tr\u00e1i: 2000W<\/li>\n<li>C\u00f4ng su\u1ea5t l\u00f2 gi\u1eefa: 1500W<\/li>\n<li>C\u00f4ng su\u1ea5t l\u00f2 ph\u1ea3i: 2200W<\/li>\n<li>K\u00edch th\u01b0\u1edbc s\u1ea3n ph\u1ea9m: 750x450mm<\/li>\n<li>K\u00edch th\u01b0\u1edbc kho\u00e9t \u0111\u00e1: 730x400mm<\/li>\n<\/ul>\n<h3><strong>Living Home Vietnam hi\u1ec7n l\u00e0 nh\u00e0 ph\u00e2n ph\u1ed1i ch\u00ednh th\u1ee9c d\u00f2ng s\u1ea3n ph\u1ea9m KAFF<\/strong><\/h3>\n<figure style=\"width: 637px\" class=\"wp-caption aligncenter\"><img loading=\"lazy\" decoding=\"async\" src=\"https:\/\/livinghome.vn\/thiet-bi\/wp-content\/uploads\/nha-bep\/kaff\/chung-nhan-kaff.jpg\" alt=\"Ch\u1ee9ng nh\u1eadn KAFF cho Living Home Vietnam\" width=\"637\" height=\"900\" title=\"\"><figcaption class=\"wp-caption-text\"><em>Ch\u1ee9ng nh\u1eadn KAFF cho Living Home Vietnam<\/em><\/figcaption><\/figure>\n<p>&nbsp;<\/p>\n<p>&nbsp;<\/p>\n","protected":false},"excerpt":{"rendered":"<p>&#8211; K\u00edch th\u01b0\u1edbc s\u1ea3n ph\u1ea9m: 750 x 450 mm<\/p>\n<p>&#8211; K\u00edch th\u01b0\u1edbc kho\u00e9t \u0111\u00e1: 730 x 400 mm<\/p>\n","protected":false},"featured_media":805,"comment_status":"open","ping_status":"closed","template":"","meta":[],"product_brand":[],"product_cat":[745,798,803,799,716,80,801,810,802,807,741,805,164],"product_tag":[81,115,166,171],"class_list":{"0":"post-758","1":"product","2":"type-product","3":"status-publish","4":"has-post-thumbnail","6":"product_cat-bep-dien-tu","7":"product_cat-bep-2-tu-1-dien","8":"product_cat-bep-dien-tu-3-vung-nau","9":"product_cat-bep-dien-tu-hinh-chu-nhat","10":"product_cat-bep-dien-tu-kaff","11":"product_cat-bep-dien-tu-ket-hop","12":"product_cat-bep-dien-tu-khong-ken-noi","13":"product_cat-bep-dien-tu-malaysia","14":"product_cat-bep-dien-tu-mat-kinh-schott-ceran","15":"product_cat-bep-dien-tu-tiet-kiem-dien","16":"product_cat-bep-hong-ngoai","17":"product_cat-bep-tu-3-vung-nau","18":"product_cat-thuong-hieu-kaff","19":"product_tag-bep-dien-tu","20":"product_tag-bep-dien-tu-am","21":"product_tag-bep-dien-tu-kaff","22":"product_tag-bep-dien-tu-malaysia","24":"first","25":"instock","26":"sale","27":"purchasable","28":"product-type-simple"},"_links":{"self":[{"href":"https:\/\/livinghome.vn\/thiet-bi\/wp-json\/wp\/v2\/product\/758","targetHints":{"allow":["GET"]}}],"collection":[{"href":"https:\/\/livinghome.vn\/thiet-bi\/wp-json\/wp\/v2\/product"}],"about":[{"href":"https:\/\/livinghome.vn\/thiet-bi\/wp-json\/wp\/v2\/types\/product"}],"replies":[{"embeddable":true,"href":"https:\/\/livinghome.vn\/thiet-bi\/wp-json\/wp\/v2\/comments?post=758"}],"wp:featuredmedia":[{"embeddable":true,"href":"https:\/\/livinghome.vn\/thiet-bi\/wp-json\/wp\/v2\/media\/805"}],"wp:attachment":[{"href":"https:\/\/livinghome.vn\/thiet-bi\/wp-json\/wp\/v2\/media?parent=758"}],"wp:term":[{"taxonomy":"product_brand","embeddable":true,"href":"https:\/\/livinghome.vn\/thiet-bi\/wp-json\/wp\/v2\/product_brand?post=758"},{"taxonomy":"product_cat","embeddable":true,"href":"https:\/\/livinghome.vn\/thiet-bi\/wp-json\/wp\/v2\/product_cat?post=758"},{"taxonomy":"product_tag","embeddable":true,"href":"https:\/\/livinghome.vn\/thiet-bi\/wp-json\/wp\/v2\/product_tag?post=758"}],"curies":[{"name":"wp","href":"https:\/\/api.w.org\/{rel}","templated":true}]}}