{"id":752,"date":"2023-01-12T11:25:51","date_gmt":"2023-01-12T11:25:51","guid":{"rendered":"https:\/\/livinghome.vn\/thiet-bi\/?post_type=product&#038;p=752"},"modified":"2024-11-29T14:20:55","modified_gmt":"2024-11-29T07:20:55","slug":"bep-dien-tu-kaff-kf-ic5801sb","status":"publish","type":"product","link":"https:\/\/livinghome.vn\/thiet-bi\/bep-dien-tu-kaff-kf-ic5801sb\/","title":{"rendered":"B\u1ebfp \u0111i\u1ec7n t\u1eeb Kaff KF-IC5801SB &#8211; Made in Germany ch\u1ea5t l\u01b0\u1ee3ng cao"},"content":{"rendered":"<h2><strong>B\u1ebfp \u0111i\u1ec7n t\u1eeb Kaff KF-IC5801SB &#8211; B\u1ebfp \u0111i\u1ec7n t\u1eeb nh\u1eadp kh\u1ea9u t\u1eeb \u0110\u1ee9c<br \/>\n<\/strong><\/h2>\n<figure id=\"attachment_44361\" aria-describedby=\"caption-attachment-44361\" style=\"width: 800px\" class=\"wp-caption alignnone\"><img loading=\"lazy\" decoding=\"async\" class=\"wp-image-44361 size-large\" src=\"https:\/\/livinghome.vn\/thiet-bi\/wp-content\/uploads\/nha-bep\/kaff\/bep-dien-tu\/bep-dien-tu-kaff-kf-ic5801sb\/bep-dien-tu-kaff-kf-ic5801sb-800x800.jpg\" alt=\"B\u1ebfp \u0111i\u1ec7n t\u1eeb Kaff KF-IC5801SB\" width=\"800\" height=\"800\" title=\"\"><figcaption id=\"caption-attachment-44361\" class=\"wp-caption-text\">B\u1ebfp \u0111i\u1ec7n t\u1eeb Kaff KF-IC5801SB<\/figcaption><\/figure>\n<blockquote>\n<h3>B\u1ebfp ch\u1eef nh\u1eadt d\u00e0i 78cm v\u1edbi 2 v\u00f9ng n\u1ea5u t\u1eeb m\u1ea1nh m\u1ebd k\u1ebft h\u1ee3p 1 v\u00f9ng n\u1ea5u \u0111i\u1ec7n \u0111a n\u0103ng<\/h3>\n<\/blockquote>\n<h3><strong>N\u1ed5i b\u1eadt:<\/strong><\/h3>\n<ul>\n<li>B\u1ebfp 02 t\u1eeb 01 \u0111i\u1ec7n EGO<\/li>\n<li>M\u1eb7t k\u00ednh Schott Ceran Made In Germany<\/li>\n<li>IGBT SIMENS Made in Germany<\/li>\n<li>C\u00f4ng ngh\u1ec7 bi\u1ebfn t\u1ea7n INVERTER ti\u1ebft ki\u1ec7m 40% \u0111i\u1ec7n n\u0103ng<\/li>\n<\/ul>\n<h3><strong>T\u00ednh n\u0103ng:<\/strong><\/h3>\n<ul>\n<li>10 d\u00e3y c\u00f4ng su\u1ea5t<\/li>\n<li>\u0110i\u1ec1u khi\u1ec3n c\u1ea3m \u1ee9ng Slider d\u1ea1ng \u1ea9n tr\u1ef1c ti\u1ebfp tr\u00ean m\u1eb7t b\u1ebfp<\/li>\n<li>Ch\u1ebf \u0111\u1ed9 h\u1eb9n gi\u1edd, kh\u00f3a tr\u1ebb em th\u00f4ng minh, ti\u1ec7n d\u1ee5ng<\/li>\n<li>Ch\u1ebf \u0111\u1ed9 02 v\u00f2ng nhi\u1ec7t ti\u1ec7n d\u1ee5ng v\u1edbi c\u00e1c lo\u1ea1i n\u1ed3i l\u1edbn nh\u1ecf<\/li>\n<li>Ch\u1ee9c n\u0103ng Inverter v\u00e0 chia c\u00f4ng su\u1ea5t ti\u1ebft ki\u1ec7m \u0111i\u1ec7n n\u0103ng, b\u1ea3o v\u1ec7 b\u1ebfp<\/li>\n<li>Ch\u1ee9c n\u0103ng h\u00e2m<\/li>\n<li>C\u1ea3m \u1ee9ng ch\u1ed1ng tr\u00e0n<\/li>\n<li>Ch\u1ee9c n\u0103ng t\u1ea1m d\u1eebng khi c\u1ea7n thi\u1ebft<\/li>\n<li>C\u1ea3m \u1ee9ng qu\u00e1 nhi\u1ec7t<\/li>\n<\/ul>\n<h3><strong>Chi ti\u1ebft k\u1ef9 thu\u1eadt:<\/strong><\/h3>\n<ul>\n<li>Ngu\u1ed3n \u0111i\u1ec7n : 200V-280V\/50-60Hz cho Vi\u1ec7t Nam<\/li>\n<li>C\u00f4ng su\u1ea5t l\u00f2 tr\u00e1i: 1800W<\/li>\n<li>C\u00f4ng su\u1ea5t l\u00f2 gi\u1eefa: 1500W<\/li>\n<li>C\u00f4ng su\u1ea5t l\u00f2 ph\u1ea3i: 2200W<\/li>\n<li>K\u00edch th\u01b0\u1edbc s\u1ea3n ph\u1ea9m: 780 x 450 mm<\/li>\n<li>K\u00edch th\u01b0\u1edbc kho\u00e9t \u0111\u00e1: 750 x 380 mm<\/li>\n<\/ul>\n<h3><strong>Living Home Vietnam hi\u1ec7n l\u00e0 nh\u00e0 ph\u00e2n ph\u1ed1i ch\u00ednh th\u1ee9c d\u00f2ng s\u1ea3n ph\u1ea9m KAFF<\/strong><\/h3>\n<figure style=\"width: 637px\" class=\"wp-caption aligncenter\"><img loading=\"lazy\" decoding=\"async\" src=\"https:\/\/livinghome.vn\/thiet-bi\/wp-content\/uploads\/nha-bep\/kaff\/chung-nhan-kaff.jpg\" alt=\"Ch\u1ee9ng nh\u1eadn KAFF cho Living Home Vietnam\" width=\"637\" height=\"900\" title=\"\"><figcaption class=\"wp-caption-text\"><em>Ch\u1ee9ng nh\u1eadn KAFF cho Living Home Vietnam<\/em><\/figcaption><\/figure>\n<p>&nbsp;<\/p>\n","protected":false},"excerpt":{"rendered":"<p>&#8211; K\u00edch th\u01b0\u1edbc s\u1ea3n ph\u1ea9m: 780 x 450 mm<\/p>\n<p>&#8211; K\u00edch th\u01b0\u1edbc kho\u00e9t \u0111\u00e1: 750 x 380 mm<\/p>\n","protected":false},"featured_media":784,"comment_status":"open","ping_status":"closed","template":"","meta":[],"product_brand":[],"product_cat":[745,803,799,716,80,801,810,802,807,741,164],"product_tag":[81,115,165,166,167],"class_list":{"0":"post-752","1":"product","2":"type-product","3":"status-publish","4":"has-post-thumbnail","6":"product_cat-bep-dien-tu","7":"product_cat-bep-dien-tu-3-vung-nau","8":"product_cat-bep-dien-tu-hinh-chu-nhat","9":"product_cat-bep-dien-tu-kaff","10":"product_cat-bep-dien-tu-ket-hop","11":"product_cat-bep-dien-tu-khong-ken-noi","12":"product_cat-bep-dien-tu-malaysia","13":"product_cat-bep-dien-tu-mat-kinh-schott-ceran","14":"product_cat-bep-dien-tu-tiet-kiem-dien","15":"product_cat-bep-hong-ngoai","16":"product_cat-thuong-hieu-kaff","17":"product_tag-bep-dien-tu","18":"product_tag-bep-dien-tu-am","19":"product_tag-bep-dien-tu-duc","20":"product_tag-bep-dien-tu-kaff","21":"product_tag-kaff","23":"first","24":"instock","25":"sale","26":"shipping-taxable","27":"purchasable","28":"product-type-simple"},"_links":{"self":[{"href":"https:\/\/livinghome.vn\/thiet-bi\/wp-json\/wp\/v2\/product\/752","targetHints":{"allow":["GET"]}}],"collection":[{"href":"https:\/\/livinghome.vn\/thiet-bi\/wp-json\/wp\/v2\/product"}],"about":[{"href":"https:\/\/livinghome.vn\/thiet-bi\/wp-json\/wp\/v2\/types\/product"}],"replies":[{"embeddable":true,"href":"https:\/\/livinghome.vn\/thiet-bi\/wp-json\/wp\/v2\/comments?post=752"}],"wp:featuredmedia":[{"embeddable":true,"href":"https:\/\/livinghome.vn\/thiet-bi\/wp-json\/wp\/v2\/media\/784"}],"wp:attachment":[{"href":"https:\/\/livinghome.vn\/thiet-bi\/wp-json\/wp\/v2\/media?parent=752"}],"wp:term":[{"taxonomy":"product_brand","embeddable":true,"href":"https:\/\/livinghome.vn\/thiet-bi\/wp-json\/wp\/v2\/product_brand?post=752"},{"taxonomy":"product_cat","embeddable":true,"href":"https:\/\/livinghome.vn\/thiet-bi\/wp-json\/wp\/v2\/product_cat?post=752"},{"taxonomy":"product_tag","embeddable":true,"href":"https:\/\/livinghome.vn\/thiet-bi\/wp-json\/wp\/v2\/product_tag?post=752"}],"curies":[{"name":"wp","href":"https:\/\/api.w.org\/{rel}","templated":true}]}}