{"id":715,"date":"2023-01-12T10:25:25","date_gmt":"2023-01-12T10:25:25","guid":{"rendered":"https:\/\/livinghome.vn\/thiet-bi\/?post_type=product&#038;p=715"},"modified":"2024-11-29T14:20:56","modified_gmt":"2024-11-29T07:20:56","slug":"lo-vi-song-eurosun-mwo-30eur-tich-hop-lo-nuong-am-tu-dung-tich-28-lit","status":"publish","type":"product","link":"https:\/\/livinghome.vn\/thiet-bi\/lo-vi-song-eurosun-mwo-30eur-tich-hop-lo-nuong-am-tu-dung-tich-28-lit\/","title":{"rendered":"L\u00f2 vi s\u00f3ng Eurosun MWO-30EUR t\u00edch h\u1ee3p l\u00f2 n\u01b0\u1edbng \u00e2m t\u1ee7 dung t\u00edch 28 l\u00edt"},"content":{"rendered":"<h2>L\u00f2 vi s\u00f3ng Eurosun MWO-30EUR nh\u1eadp kh\u1ea9u nguy\u00ean chi\u1ebfc t\u1eeb Malaysia l\u00e0 s\u1ea3n ph\u1ea9m l\u00f2 vi s\u00f3ng cao c\u1ea5p 2 trong 1 (vi s\u00f3ng v\u00e0 n\u01b0\u1edbng k\u1ebft h\u1ee3p) dung t\u00edch 28L s\u1eed d\u1ee5ng tho\u1ea3i m\u00e1i cho \u0111\u1ea1i \u0111a s\u1ed1 gia \u0111\u00ecnh Vi\u1ec7t. L\u00f2 vi s\u00f3ng Eurosun MWO-30EUR c\u00f3 thi\u1ebft k\u1ebf sang tr\u1ecdng, s\u1eed d\u1ee5ng v\u1eadt li\u1ec7u cao c\u1ea5p nh\u1ea5t trong ng\u00e0nh th\u1ef1c ph\u1ea9m l\u00e0 Inox 304 (18\/10) k\u1ebft h\u1ee3p k\u00ednh c\u01b0\u1eddng l\u1ef1c \u0111en ch\u1ed1ng b\u00e1m b\u1ea9n v\u00e0 v\u00e2n tay, t\u1ea1o v\u1ebb ngo\u00e0i sang tr\u1ecdng v\u00e0 cu\u1ed1n h\u00fat. L\u00f2 c\u00f3 h\u1ec7 th\u1ed1ng qu\u1ea1t t\u1ef1 l\u00e0m m\u00e1t hi\u1ec7u qu\u1ea3<\/h2>\n<figure id=\"attachment_48538\" aria-describedby=\"caption-attachment-48538\" style=\"width: 800px\" class=\"wp-caption alignnone\"><img loading=\"lazy\" decoding=\"async\" class=\"size-large wp-image-48538\" src=\"https:\/\/livinghome.vn\/thiet-bi\/wp-content\/uploads\/nha-bep\/eurosun\/lo-vi-song\/lo-vi-song-lo-nuong-eurosun-mwo-30eur\/lo-vi-song-lo-nuong-eurosun-mwo-30eur-800x800.jpg\" alt=\"L\u00f2 vi s\u00f3ng Eurosun MWO-30EUR t\u00edch h\u1ee3p l\u00f2 n\u01b0\u1edbng \u00e2m t\u1ee7 dung t\u00edch 28 l\u00edt\" width=\"800\" height=\"800\" title=\"\"><figcaption id=\"caption-attachment-48538\" class=\"wp-caption-text\">L\u00f2 vi s\u00f3ng Eurosun MWO-30EUR t\u00edch h\u1ee3p l\u00f2 n\u01b0\u1edbng \u00e2m t\u1ee7 dung t\u00edch 28 l\u00edt<\/figcaption><\/figure>\n<h3><strong><span class=\"fontstyle0\">\u0110\u1eb7c t\u00ednh s\u1ea3n ph\u1ea9m<\/span> <\/strong><\/h3>\n<ul>\n<li>\u00a0<span class=\"fontstyle0\"><a href=\"https:\/\/livinghome.vn\/product-category\/nha-bep\/lo-vi-song\/\">L\u00f2 vi s\u00f3ng<\/a> Eurosun MWO-30EUR k\u1ebft h\u1ee3p l\u00f2 n\u01b0\u1edbng \u00e2m t\u1ee7 2 in 1<br \/>\n<\/span><\/li>\n<li>\u00a0<span class=\"fontstyle0\">\u0110i\u1ec1u khi\u1ec3n c\u1ea3m \u1ee9ng k\u1ef9 thu\u1eadt s\u1ed1 Digital<br \/>\n<\/span><\/li>\n<li><span class=\"fontstyle0\">H\u1ec7 th\u1ed1ng qu\u1ea1t t\u1ef1 l\u00e0m m\u00e1t l\u00f2<br \/>\n<\/span><\/li>\n<li><span class=\"fontstyle0\">\u0110\u1ed3ng h\u1ed3 \u0111i\u1ec7n t\u1eed, h\u1eb9n gi\u1edd 95 ph\u00fat<br \/>\n<\/span><\/li>\n<li><span class=\"fontstyle0\">N\u1ea5u si\u00eau nhanh 30 gi\u00e2y<br \/>\n<\/span><\/li>\n<li><span class=\"fontstyle0\">Khoang l\u00f2 d\u00f9ng v\u1eadt li\u1ec7u 304 -18\/10 \u0111\u1ea3m b\u1ea3o an to\u00e0n th\u1ef1c ph\u1ea9m<br \/>\n<\/span><\/li>\n<li><span class=\"fontstyle0\">2 ch\u1ee9c n\u0103ng 2 trong 1: l\u00f2 vi s\u00f3ng + n\u01b0\u1edbng<br \/>\n<\/span><\/li>\n<li><span class=\"fontstyle0\">5 c\u1ea5p \u0111\u1ed9 n\u1ea5u vi s\u00f3ng &amp; 2 ch\u01b0\u01a1ng tr\u00ecnh kh\u00e1c k\u1ebft h\u1ee3p vi s\u00f3ng<br \/>\n<\/span><\/li>\n<li><span class=\"fontstyle0\">\u0110\u0129a xoay th\u1ee7y tinh ch\u1ecbu nhi\u1ec7t, \u0111\u01b0\u1eddng k\u00ednh 315mm<br \/>\n<\/span><\/li>\n<li><span class=\"fontstyle0\">8 ch\u1ee9c n\u0103ng n\u1ea5u \u0103n t\u1ef1 \u0111\u1ed9ng \u0111\u01b0\u1ee3c l\u1eadp tr\u00ecnh s\u1eb5n<br \/>\n<\/span><\/li>\n<li><span class=\"fontstyle0\">12 ch\u1ee9c n\u0103ng: C\u00e0i \u0111\u1eb7t th\u1eddi gian, n\u1ea5u vi s\u00f3ng, n\u01b0\u1edbng ho\u1eb7c n\u1ea5u k\u1ebft h\u1ee3p, r\u00e3 \u0111\u00f4ng theo tr\u1ecdng l\u01b0\u1ee3ng, r\u00e3 \u0111\u00f4ng theo th\u1eddi gian, n\u1ea5u nhi\u1ec1u<br \/>\nph\u1ea7n, \u0111\u1eb7t th\u1eddi gian n\u1ea5u, n\u1ea5u t\u1ef1 \u0111\u1ed9ng, n\u1ea5u nhanh 30s, ch\u1ee9c n\u0103ng th\u00f4ng tin, th\u00f4ng s\u1ed1<\/span><\/li>\n<\/ul>\n<h3><strong>Ch\u1ee9c n\u0103ng an to\u00e0n<\/strong><\/h3>\n<ul>\n<li>L\u00f2 vi s\u00f3ng Eurosun MWO-30EUR\u00a0s\u1eed d\u1ee5ng k<span class=\"fontstyle0\">h\u00f3a an to\u00e0n tr\u1ebb em<br \/>\n<\/span><\/li>\n<li><span class=\"fontstyle0\">C\u1eeda k\u00ednh ch\u1ecbu nhi\u1ec7t cao ch\u1ed1ng tia UV<\/span><\/li>\n<\/ul>\n<h3><strong>Th\u00f4ng tin k\u1ef9 thu\u1eadt<\/strong><\/h3>\n<ul>\n<li><span class=\"fontstyle0\">Dung t\u00edch: 28l\u00edt<br \/>\n<\/span><\/li>\n<li><span class=\"fontstyle0\">Nhi\u1ec7t \u0111\u1ed9 n\u01b0\u1edbng: 50-250\u00baC<br \/>\n<\/span><\/li>\n<li><span class=\"fontstyle0\">C\u00f4ng su\u1ea5t vi s\u00f3ng \u0111\u1ea7u v\u00e0o\/ \u0111\u1ea7u ra: 1450 W\/ 900W<br \/>\n<\/span><\/li>\n<li><span class=\"fontstyle0\">\u0110i\u1ec7n \u00e1p: 230V \/ 50Hz<br \/>\n<\/span><\/li>\n<li><span class=\"fontstyle0\">K\u00edch th\u01b0\u1edbc s\u1ea3n ph\u1ea9m: 595R x 401S x 388C mm<br \/>\n<\/span><\/li>\n<li><span class=\"fontstyle0\">K\u00edch th\u01b0\u1edbc kho\u00e9t t\u1ee7: 570R x 500S x380C mm (khe tho\u00e1t gi\u00f3 ph\u00eda sau t\u1ed1i thi\u1ec3u 45mm)<\/span><\/li>\n<\/ul>\n","protected":false},"excerpt":{"rendered":"<p>L\u00f2 vi s\u00f3ng Eurosun MWO-30EUR nh\u1eadp kh\u1ea9u nguy\u00ean chi\u1ebfc t\u1eeb Malaysia l\u00e0 s\u1ea3n ph\u1ea9m l\u00f2 vi s\u00f3ng cao c\u1ea5p 2 trong 1 (vi s\u00f3ng v\u00e0 n\u01b0\u1edbng k\u1ebft h\u1ee3p) dung t\u00edch 28L s\u1eed d\u1ee5ng tho\u1ea3i m\u00e1i cho \u0111\u1ea1i \u0111a s\u1ed1 gia \u0111\u00ecnh Vi\u1ec7t. L\u00f2 vi s\u00f3ng Eurosun MWO-30EUR c\u00f3 thi\u1ebft k\u1ebf sang tr\u1ecdng, s\u1eed d\u1ee5ng v\u1eadt [&#8230;]\n","protected":false},"featured_media":743,"comment_status":"open","ping_status":"closed","template":"","meta":[],"product_brand":[],"product_cat":[159,106],"product_tag":[108,158,160,161,162],"class_list":{"0":"post-715","1":"product","2":"type-product","3":"status-publish","4":"has-post-thumbnail","6":"product_cat-lo-vi-song","7":"product_cat-thuong-hieu-eurosun","8":"product_tag-eurosun","9":"product_tag-lo-vi-song","10":"product_tag-lo-vi-song-am-tu","11":"product_tag-lo-vi-song-eurosun","12":"product_tag-lo-vi-song-tich-hop-lo-nuong","14":"first","15":"instock","16":"sale","17":"shipping-taxable","18":"purchasable","19":"product-type-simple"},"_links":{"self":[{"href":"https:\/\/livinghome.vn\/thiet-bi\/wp-json\/wp\/v2\/product\/715","targetHints":{"allow":["GET"]}}],"collection":[{"href":"https:\/\/livinghome.vn\/thiet-bi\/wp-json\/wp\/v2\/product"}],"about":[{"href":"https:\/\/livinghome.vn\/thiet-bi\/wp-json\/wp\/v2\/types\/product"}],"replies":[{"embeddable":true,"href":"https:\/\/livinghome.vn\/thiet-bi\/wp-json\/wp\/v2\/comments?post=715"}],"wp:featuredmedia":[{"embeddable":true,"href":"https:\/\/livinghome.vn\/thiet-bi\/wp-json\/wp\/v2\/media\/743"}],"wp:attachment":[{"href":"https:\/\/livinghome.vn\/thiet-bi\/wp-json\/wp\/v2\/media?parent=715"}],"wp:term":[{"taxonomy":"product_brand","embeddable":true,"href":"https:\/\/livinghome.vn\/thiet-bi\/wp-json\/wp\/v2\/product_brand?post=715"},{"taxonomy":"product_cat","embeddable":true,"href":"https:\/\/livinghome.vn\/thiet-bi\/wp-json\/wp\/v2\/product_cat?post=715"},{"taxonomy":"product_tag","embeddable":true,"href":"https:\/\/livinghome.vn\/thiet-bi\/wp-json\/wp\/v2\/product_tag?post=715"}],"curies":[{"name":"wp","href":"https:\/\/api.w.org\/{rel}","templated":true}]}}