{"id":704,"date":"2023-01-12T10:25:02","date_gmt":"2023-01-12T10:25:02","guid":{"rendered":"https:\/\/livinghome.vn\/thiet-bi\/?post_type=product&#038;p=704"},"modified":"2024-11-29T14:20:57","modified_gmt":"2024-11-29T07:20:57","slug":"lo-vi-song-eurosun-mwo-28eur-tich-hop-lo-nuong-am-tu-dung-tich-25-lit","status":"publish","type":"product","link":"https:\/\/livinghome.vn\/thiet-bi\/lo-vi-song-eurosun-mwo-28eur-tich-hop-lo-nuong-am-tu-dung-tich-25-lit\/","title":{"rendered":"L\u00f2 vi s\u00f3ng Eurosun MWO-28EUR t\u00edch h\u1ee3p l\u00f2 n\u01b0\u1edbng \u00e2m t\u1ee7 dung t\u00edch 25 l\u00edt"},"content":{"rendered":"<h2><strong>L\u00f2 vi s\u00f3ng Eurosun MWO-28EUR nh\u1eadp kh\u1ea9u nguy\u00ean chi\u1ebfc t\u1eeb Malaysia l\u00e0 s\u1ea3n ph\u1ea9m l\u00f2 vi s\u00f3ng cao c\u1ea5p 2 trong 1 (vi s\u00f3ng v\u00e0 n\u01b0\u1edbng k\u1ebft h\u1ee3p) dung t\u00edch 25L ph\u00f9 h\u1ee3p s\u1eed d\u1ee5ng cho \u0111\u1ea1i \u0111a s\u1ed1 gia \u0111\u00ecnh Vi\u1ec7t. V\u1edbi thi\u1ebft k\u1ebf sang tr\u1ecdng, s\u1eed d\u1ee5ng v\u1eadt li\u1ec7u cao c\u1ea5p nh\u1ea5t trong ng\u00e0nh th\u1ef1c ph\u1ea9m l\u00e0 Inox 304 (18\/10) k\u1ebft h\u1ee3p k\u00ednh c\u01b0\u1eddng l\u1ef1c \u0111en ch\u1ed1ng b\u00e1m b\u1ea9n v\u00e0 v\u00e2n tay, t\u1ea1o v\u1ebb ngo\u00e0i sang tr\u1ecdng v\u00e0 cu\u1ed1n h\u00fat.<\/strong><\/h2>\n<figure id=\"attachment_48524\" aria-describedby=\"caption-attachment-48524\" style=\"width: 800px\" class=\"wp-caption alignnone\"><img loading=\"lazy\" decoding=\"async\" class=\"size-large wp-image-48524\" src=\"https:\/\/livinghome.vn\/thiet-bi\/wp-content\/uploads\/nha-bep\/eurosun\/lo-vi-song\/lo-vi-song-lo-nuong-eurosun-mwo-28eur\/lo-vi-song-lo-nuong-eurosun-mwo-28eur-800x800.jpg\" alt=\"L\u00f2 vi s\u00f3ng Eurosun MWO-28EUR t\u00edch h\u1ee3p l\u00f2 n\u01b0\u1edbng \u00e2m t\u1ee7 dung t\u00edch 25 l\u00edt \" width=\"800\" height=\"800\" title=\"\"><figcaption id=\"caption-attachment-48524\" class=\"wp-caption-text\">L\u00f2 vi s\u00f3ng Eurosun MWO-28EUR t\u00edch h\u1ee3p l\u00f2 n\u01b0\u1edbng \u00e2m t\u1ee7 dung t\u00edch 25 l\u00edt<\/figcaption><\/figure>\n<h3><strong><span class=\"fontstyle0\">\u0110\u1eb7c t\u00ednh s\u1ea3n ph\u1ea9m<\/span> <\/strong><\/h3>\n<ul>\n<li>\u00a0<span class=\"fontstyle0\"><a href=\"https:\/\/livinghome.vn\/product-category\/nha-bep\/lo-vi-song\/\">L\u00f2 vi s\u00f3ng<\/a> Eurosun MWO-28EUR k\u1ebft h\u1ee3p l\u00f2 n\u01b0\u1edbng \u00e2m t\u1ee7 2 in 1<br \/>\n<\/span><\/li>\n<li><span class=\"fontstyle0\">Khoang l\u00f2 d\u00f9ng v\u1eadt li\u1ec7u 304 -18\/10 \u0111\u1ea3m b\u1ea3o an to\u00e0n th\u1ef1c ph\u1ea9m<br \/>\n<\/span><\/li>\n<li><span class=\"fontstyle0\">Ch\u1ea5t li\u1ec7u th\u00e9p kh\u00f4ng g\u1ec9 kh\u00f4ng \u0111\u1ec3 l\u1ea1i d\u1ea5u v\u00e2n tay m\u1eb7t k\u00ednh \u0111en<br \/>\n<\/span><\/li>\n<li><span class=\"fontstyle0\">\u0110i\u1ec1u khi\u1ec3n \u0111i\u1ec7n t\u1eed k\u1ebft h\u1ee3p n\u00fat c\u01a1, \u0111i\u1ec1u khi\u1ec3n 5 m\u1ee9c c\u00f4ng su\u1ea5t<br \/>\n<\/span><\/li>\n<li><span class=\"fontstyle0\">Ch\u1ebf \u0111\u1ed9 n\u01b0\u1edbng k\u1ebft h\u1ee3p 1000W, thi\u1ebft l\u1eadp 2 m\u1ee9c c\u00f4ng su\u1ea5t v\u00e0 c\u00e0i \u0111\u1eb7t 2 m\u1ee9c c\u00f4ng su\u1ea5t k\u1ebft h\u1ee3p<br \/>\n<\/span><\/li>\n<li><span class=\"fontstyle0\">M\u1edf c\u1eeda t\u1ef1 \u0111\u1ed9ng b\u1eb1ng vi\u1ec7c \u1ea5n n\u00fat m\u1edf nhanh<br \/>\n<\/span><\/li>\n<li><span class=\"fontstyle0\">N\u1ea5u si\u00eau nhanh 30 gi\u00e2y<br \/>\n<\/span><\/li>\n<li><span class=\"fontstyle0\">8 ch\u1ee9c n\u0103ng n\u1ea5u \u0103n t\u1ef1 \u0111\u1ed9ng \u0111\u01b0\u1ee3c l\u1eadp tr\u00ecnh s\u1eb5n<br \/>\n<\/span><\/li>\n<li><span class=\"fontstyle0\">12 ch\u1ee9c n\u0103ng: C\u00e0i \u0111\u1eb7t th\u1eddi gian, n\u1ea5u vi s\u00f3ng, n\u01b0\u1edbng ho\u1eb7c n\u1ea5u k\u1ebft h\u1ee3p, kh\u1edfi \u0111\u1ed9ng nhanh, r\u00e3 \u0111\u00f4ng theo tr\u1ecdng l\u01b0\u1ee3ng, r\u00e3 \u0111\u00f4ng theo<br \/>\nth\u1eddi gian, c\u00e0i \u0111\u1eb7t th\u1eddi gian, n\u1ea5u t\u1ef1 \u0111\u1ed9ng theo l\u1eadp tr\u00ecnh s\u1eb5n, n\u1ea5u theo ph\u00e2n \u0111o\u1ea1n, ch\u1ee9c n\u0103ng t\u00f9y ch\u1ec9nh, kh\u00f3a an to\u00e0n tr\u1ebb em<br \/>\n<\/span><\/li>\n<li><span class=\"fontstyle0\">\u0110\u0129a xoay th\u1ee7y tinh ch\u1ecbu nhi\u1ec7t, \u0111\u01b0\u1eddng k\u00ednh 315mm l\u00e0m cho th\u1ee9c <\/span><span class=\"fontstyle0\">\u0103n ch\u00edn \u0111\u1ec1u<br \/>\n<\/span><\/li>\n<li><span class=\"fontstyle0\">L\u1ef1a ch\u1ecdn th\u1eddi gian h\u1eb9n gi\u1edd 60 ph\u00fat, ch\u1ebf \u0111\u1ed9 t\u0103ng th\u00eam 30 gi\u00e2y<br \/>\n<\/span><\/li>\n<li><span class=\"fontstyle0\">Ch\u1ee9c n\u0103ng ghi nh\u1edb th\u00f4ng minh 3 ch\u01b0\u01a1ng tr\u00ecnh<br \/>\n<\/span><\/li>\n<li><span class=\"fontstyle0\">Ch\u1ee9c n\u0103ng n\u1ea5u \u0111a t\u1ea7n. T\u00edn hi\u1ec7u b\u00e1o th\u1ee9c \u0103n \u0111\u00e3 ch\u00edn<\/span><\/li>\n<\/ul>\n<h3><strong>Ch\u1ee9c n\u0103ng an to\u00e0n<\/strong><\/h3>\n<ul>\n<li>L\u00f2 vi s\u00f3ng Eurosun MWO-28EUR s\u1eed d\u1ee5ng k<span class=\"fontstyle0\">h\u00f3a an to\u00e0n ph\u00f9 h\u1ee3p v\u1edbi tr\u1ebb em v\u00e0 ng\u01b0\u1eddi gi\u00e0<\/span><\/li>\n<\/ul>\n<h3><strong>Th\u00f4ng tin k\u1ef9 thu\u1eadt<\/strong><\/h3>\n<ul>\n<li><span class=\"fontstyle0\">Dung t\u00edch: 25l\u00edt<br \/>\n<\/span><\/li>\n<li><span class=\"fontstyle0\">Nhi\u1ec7t \u0111\u1ed9 n\u01b0\u1edbng: 50-250\u00baC<br \/>\n<\/span><\/li>\n<li><span class=\"fontstyle0\">C\u00f4ng su\u1ea5t vi s\u00f3ng: 900-1450W<br \/>\n<\/span><\/li>\n<li><span class=\"fontstyle0\">C\u00f4ng su\u1ea5t n\u01b0\u1edbng: 1000W<br \/>\n<\/span><\/li>\n<li><span class=\"fontstyle0\">\u0110i\u1ec7n \u00e1p: 230V \/ 50Hz<br \/>\n<\/span><\/li>\n<li><span class=\"fontstyle0\">K\u00edch th\u01b0\u1edbc s\u1ea3n ph\u1ea9m: 595R x 400S x 388C mm<br \/>\n<\/span><\/li>\n<li><span class=\"fontstyle0\">K\u00edch th\u01b0\u1edbc kho\u00e9t t\u1ee7: 568R x 500S x380C mm<\/span><\/li>\n<\/ul>\n","protected":false},"excerpt":{"rendered":"<p>L\u00f2 vi s\u00f3ng Eurosun MWO-28EUR nh\u1eadp kh\u1ea9u nguy\u00ean chi\u1ebfc t\u1eeb Malaysia l\u00e0 s\u1ea3n ph\u1ea9m l\u00f2 vi s\u00f3ng cao c\u1ea5p 2 trong 1 (vi s\u00f3ng v\u00e0 n\u01b0\u1edbng k\u1ebft h\u1ee3p) dung t\u00edch 25L ph\u00f9 h\u1ee3p s\u1eed d\u1ee5ng cho \u0111\u1ea1i \u0111a s\u1ed1 gia \u0111\u00ecnh Vi\u1ec7t. V\u1edbi thi\u1ebft k\u1ebf sang tr\u1ecdng, s\u1eed d\u1ee5ng v\u1eadt li\u1ec7u cao c\u1ea5p nh\u1ea5t trong [&#8230;]\n","protected":false},"featured_media":742,"comment_status":"open","ping_status":"closed","template":"","meta":[],"product_brand":[],"product_cat":[159,106],"product_tag":[108,158,160,161,162],"class_list":{"0":"post-704","1":"product","2":"type-product","3":"status-publish","4":"has-post-thumbnail","6":"product_cat-lo-vi-song","7":"product_cat-thuong-hieu-eurosun","8":"product_tag-eurosun","9":"product_tag-lo-vi-song","10":"product_tag-lo-vi-song-am-tu","11":"product_tag-lo-vi-song-eurosun","12":"product_tag-lo-vi-song-tich-hop-lo-nuong","14":"first","15":"instock","16":"sale","17":"shipping-taxable","18":"purchasable","19":"product-type-simple"},"_links":{"self":[{"href":"https:\/\/livinghome.vn\/thiet-bi\/wp-json\/wp\/v2\/product\/704","targetHints":{"allow":["GET"]}}],"collection":[{"href":"https:\/\/livinghome.vn\/thiet-bi\/wp-json\/wp\/v2\/product"}],"about":[{"href":"https:\/\/livinghome.vn\/thiet-bi\/wp-json\/wp\/v2\/types\/product"}],"replies":[{"embeddable":true,"href":"https:\/\/livinghome.vn\/thiet-bi\/wp-json\/wp\/v2\/comments?post=704"}],"wp:featuredmedia":[{"embeddable":true,"href":"https:\/\/livinghome.vn\/thiet-bi\/wp-json\/wp\/v2\/media\/742"}],"wp:attachment":[{"href":"https:\/\/livinghome.vn\/thiet-bi\/wp-json\/wp\/v2\/media?parent=704"}],"wp:term":[{"taxonomy":"product_brand","embeddable":true,"href":"https:\/\/livinghome.vn\/thiet-bi\/wp-json\/wp\/v2\/product_brand?post=704"},{"taxonomy":"product_cat","embeddable":true,"href":"https:\/\/livinghome.vn\/thiet-bi\/wp-json\/wp\/v2\/product_cat?post=704"},{"taxonomy":"product_tag","embeddable":true,"href":"https:\/\/livinghome.vn\/thiet-bi\/wp-json\/wp\/v2\/product_tag?post=704"}],"curies":[{"name":"wp","href":"https:\/\/api.w.org\/{rel}","templated":true}]}}