{"id":703,"date":"2023-01-12T10:25:02","date_gmt":"2023-01-12T10:25:02","guid":{"rendered":"https:\/\/livinghome.vn\/thiet-bi\/?post_type=product&#038;p=703"},"modified":"2024-11-29T14:20:57","modified_gmt":"2024-11-29T07:20:57","slug":"lo-nuong-eurosun-eov75tft-am-tu-dung-tich-78-lit","status":"publish","type":"product","link":"https:\/\/livinghome.vn\/thiet-bi\/lo-nuong-eurosun-eov75tft-am-tu-dung-tich-78-lit\/","title":{"rendered":"L\u00f2 n\u01b0\u1edbng Eurosun EOV75TFT \u00e2m t\u1ee7 dung t\u00edch 78 l\u00edt"},"content":{"rendered":"<h2><strong>L\u00f2 n\u01b0\u1edbng Eurosun EOV75TFT \u00e2m t\u1ee7 c\u00f3 thi\u1ebft k\u1ebf \u0111\u1eb9p m\u1eaft, \u0111i\u1ec1u khi\u1ec3n c\u1ea3m \u1ee9ng TFT v\u1edbi m\u00e0n h\u00ecnh m\u00e0u s\u1eafc n\u00e9t. L\u00f2 \u0111\u01b0\u1ee3c thi\u1ebft k\u1ebf b\u1ec1 m\u1eb7t k\u00ednh c\u01b0\u1eddng l\u1ef1c 3 l\u1edbp, ch\u1ecbu l\u1ef1c ch\u1ecbu nhi\u1ec7t, ch\u1ed1ng tia UV. S\u1ea3n ph\u1ea9m mang m\u1ed9t n\u00e9t \u0111\u1eb9p thanh l\u1ecbch theo phong c\u00e1ch ch\u00e2u \u00c2u.<\/strong><\/h2>\n<figure id=\"attachment_48508\" aria-describedby=\"caption-attachment-48508\" style=\"width: 800px\" class=\"wp-caption alignnone\"><img loading=\"lazy\" decoding=\"async\" class=\"size-large wp-image-48508\" src=\"https:\/\/livinghome.vn\/thiet-bi\/wp-content\/uploads\/nha-bep\/eurosun\/lo-nuong\/lo-nuong-eurosun-eov75tft\/lo-nuong-eurosun-eov75tft-800x800.jpg\" alt=\"L\u00f2 n\u01b0\u1edbng Eurosun EOV75TFT \u00e2m t\u1ee7 dung t\u00edch 78 l\u00edt\" width=\"800\" height=\"800\" title=\"\"><figcaption id=\"caption-attachment-48508\" class=\"wp-caption-text\">L\u00f2 n\u01b0\u1edbng Eurosun EOV75TFT \u00e2m t\u1ee7 dung t\u00edch 78 l\u00edt<\/figcaption><\/figure>\n<h3><strong><span class=\"fontstyle0\">\u0110\u1eb7c t\u00ednh s\u1ea3n ph\u1ea9m<\/span> <\/strong><\/h3>\n<ul>\n<li>Ph\u00e2n lo\u1ea1i: <a href=\"https:\/\/livinghome.vn\/product-category\/nha-bep\/lo-nuong-am\/\">L\u00f2 n\u01b0\u1edbng<\/a> Eurosun EOV75TFT<\/li>\n<li><span class=\"fontstyle0\">\u0110i\u1ec1u khi\u1ec3n c\u1ea3m \u1ee9ng <\/span><span class=\"fontstyle2\">TFT <\/span><span class=\"fontstyle0\">\u0111\u01a1n s\u1eafc, m\u00e0n h\u00ecnh m\u00e0u<br \/>\n<\/span><\/li>\n<li><span class=\"fontstyle0\">C\u1eeda k\u00ednh c\u01b0\u1eddng l\u1ef1c 4 l\u1edbp ch\u1ecbu l\u1ef1c, ch\u1ecbu nhi\u1ec7t gi\u1eef \u1ed5n \u0111\u1ecbnh nhi\u1ec7t \u0111\u1ed9 trong khoang, <\/span><span class=\"fontstyle2\">ch\u1ed1ng tia UV<br \/>\n<\/span><\/li>\n<li><span class=\"fontstyle0\">H\u1ec7 th\u1ed1ng l\u00e0m m\u00e1t c\u01b0\u1ee1ng b\u1ee9c,<br \/>\n<\/span><\/li>\n<li><span class=\"fontstyle0\">Ch\u1ee9c n\u0103ng <\/span><span class=\"fontstyle3\">nhi\u1ec7t ph\u00e2n <\/span><span class=\"fontstyle2\">Pyrolytic Cleaning <\/span><span class=\"fontstyle0\">\u1edf nhi\u1ec7t \u0111\u1ed9 cao <\/span><span class=\"fontstyle3\">475 \u00baC<br \/>\n<\/span><\/li>\n<li><span class=\"fontstyle0\">Ch\u1ee9c n\u0103ng l\u00e0m s\u1ea1ch b\u1eb1ng h\u01a1i n\u01b0\u1edbc <\/span><span class=\"fontstyle2\">Vap Clea<\/span><span class=\"fontstyle0\">n<br \/>\n<\/span><\/li>\n<li><span class=\"fontstyle0\">Thi\u1ebft b\u1ecb <\/span><span class=\"fontstyle2\">Rotisserie <\/span><span class=\"fontstyle0\">gi\u00fap th\u1ecbt n\u01b0\u1edbng v\u00e0ng v\u00e0 gi\u00f2n<br \/>\n<\/span><\/li>\n<li><span class=\"fontstyle0\">Ch\u1ee9c n\u0103ng ki\u1ec3m so\u00e1t nhi\u1ec7t que th\u0103m d\u00f2 nhi\u1ec7t \u0111\u1ed9 <\/span><span class=\"fontstyle3\">Meat exploration<br \/>\n<\/span><\/li>\n<li><span class=\"fontstyle0\">Chi\u1ebfu s\u00e1ng 2 \u0111\u00e8n &#8211; <\/span><span class=\"fontstyle2\">Twin lamps<\/span><\/li>\n<\/ul>\n<h3><strong>13 Ch\u1ee9c n\u0103ng t\u00edch h\u1ee3p<\/strong><\/h3>\n<ul>\n<li><span class=\"fontstyle0\">N\u01b0\u1edbng \u0111\u00e8n <\/span><span class=\"fontstyle2\">OvenLight<\/span><\/li>\n<li>R\u00e3 \u0111\u00f4ng <span class=\"fontstyle2\" style=\"color: #555555;\">Defrost<\/span><\/li>\n<li><span class=\"fontstyle0\" style=\"color: #555555;\">N\u01b0\u1edbng d\u00e0n d\u01b0\u1edbi <\/span><span class=\"fontstyle2\" style=\"color: #555555;\">Bottom<\/span><\/li>\n<li><span class=\"fontstyle0\" style=\"color: #555555;\">N\u01b0\u1edbng gi\u00e0n tr\u00ean + d\u01b0\u1edbi <\/span><span class=\"fontstyle2\" style=\"color: #555555;\">Top+Bottom<\/span><\/li>\n<li><span class=\"fontstyle0\" style=\"color: #555555;\">N\u01b0\u1edbng nhi\u1ec7t tr\u00ean <\/span>+ d\u01b0\u1edbi +qu\u1ea1t gia t\u1ed1c <span class=\"fontstyle2\" style=\"color: #555555;\">Top+Bottom+Fan<\/span><\/li>\n<li>N\u01b0\u1edbng qu\u1ea1t + \u0111\u1ed1i l\u01b0u <span class=\"fontstyle2\" style=\"color: #555555;\">Fan+Ring<\/span><\/li>\n<li><span class=\"fontstyle0\" style=\"color: #555555;\">N\u01b0\u1edbng <\/span><span class=\"fontstyle2\" style=\"color: #555555;\">Pizza<\/span><\/li>\n<li><span class=\"fontstyle0\" style=\"color: #555555;\">N\u01b0\u1edbng <\/span><span class=\"fontstyle2\" style=\"color: #555555;\">3D<\/span><\/li>\n<li><span class=\"fontstyle0\" style=\"color: #555555;\">N\u01b0\u1edbng th\u00f4ng th\u01b0\u1eddng <\/span><span class=\"fontstyle2\" style=\"color: #555555;\">Grill<\/span><\/li>\n<li>N\u01b0\u1edbng th\u00f4ng th\u01b0\u1eddng + Qu\u1ea1t <span class=\"fontstyle2\" style=\"color: #555555;\">Grill+Fan<\/span><\/li>\n<li><span class=\"fontstyle0\" style=\"color: #555555;\">N\u01b0\u1edbng k\u00e9p 2 gi\u00e0n <\/span><span class=\"fontstyle2\" style=\"color: #555555;\">Double Grill<\/span><\/li>\n<li><span class=\"fontstyle0\" style=\"color: #555555;\">N\u01b0\u1edbng k\u00e9p 2 gi\u00e0n + Qu\u1ea1t <\/span><span class=\"fontstyle2\" style=\"color: #555555;\">Double Grill+Fan<\/span><\/li>\n<li><span class=\"fontstyle0\" style=\"color: #555555;\">Ch\u1ee9c <\/span>nhi\u1ec7t ph\u00e2n <span class=\"fontstyle2\" style=\"color: #555555;\">Pyrolytic<\/span><\/li>\n<\/ul>\n<h3><strong>Ch\u1ee9c n\u0103ng an to\u00e0n<\/strong><\/h3>\n<ul>\n<li><span class=\"fontstyle0\">L\u00f2 n\u01b0\u1edbng Eurosun EOV75TFT \u0111\u01b0\u1ee3c thi\u1ebft k\u1ebf v\u1edbi c\u1eeda 4 l\u1edbp k\u00ednh, ch\u1ecbu nhi\u1ec7t cao <\/span><span class=\"fontstyle2\">ch\u1ed1ng tia UV<br \/>\n<\/span><\/li>\n<li><span class=\"fontstyle0\">Kh\u00f3a \u0111i\u1ec7n t\u1eed an to\u00e0n cho tr\u1ebb em<br \/>\n<\/span><\/li>\n<li><span class=\"fontstyle0\">C\u00f4ng t\u1eafc t\u1eaft an to\u00e0n<br \/>\n<\/span><\/li>\n<li><span class=\"fontstyle0\">Ch\u1ee9c n\u0103ng h\u1eb9n gi\u1edd<\/span><\/li>\n<\/ul>\n<h3><strong>Th\u00f4ng tin k\u1ef9 thu\u1eadt<\/strong><\/h3>\n<ul>\n<li><span class=\"fontstyle0\">Dung t\u00edch: 78 l\u00edt<br \/>\n<\/span><\/li>\n<li><span class=\"fontstyle0\">Ti\u00eau chu\u1ea9n n\u0103ng l\u01b0\u1ee3ng ch\u00e2u \u00e2u: <\/span><span class=\"fontstyle2\">A+<br \/>\n<\/span><\/li>\n<li><span class=\"fontstyle0\">Nhi\u1ec7t \u0111\u1ed9 n\u01b0\u1edbng: 50-260\u00baC<br \/>\n<\/span><\/li>\n<li><span class=\"fontstyle0\">Nhi\u1ec7t \u0111\u1ed9 <\/span><span class=\"fontstyle3\">nhi\u1ec7t ph\u00e2n <\/span><span class=\"fontstyle2\">Pyrolytic Cleaning 475\u00baC<br \/>\n<\/span><\/li>\n<li><span class=\"fontstyle0\">C\u00f4ng su\u1ea5t: 3100W<br \/>\n<\/span><\/li>\n<li><span class=\"fontstyle0\">\u0110i\u1ec7n \u00e1p: 230V \/ 50Hz<br \/>\n<\/span><\/li>\n<li><span class=\"fontstyle0\">K\u00edch th\u01b0\u1edbc s\u1ea3n ph\u1ea9m: 595R x 575S x 596C mm<br \/>\n<\/span><\/li>\n<li><span class=\"fontstyle0\">K\u00edch th\u01b0\u1edbc kho\u00e9t t\u1ee7: 570R x 580S x590C mm<\/span><\/li>\n<\/ul>\n","protected":false},"excerpt":{"rendered":"<p>L\u00f2 n\u01b0\u1edbng Eurosun EOV75TFT \u00e2m t\u1ee7 c\u00f3 thi\u1ebft k\u1ebf \u0111\u1eb9p m\u1eaft, \u0111i\u1ec1u khi\u1ec3n c\u1ea3m \u1ee9ng TFT v\u1edbi m\u00e0n h\u00ecnh m\u00e0u s\u1eafc n\u00e9t. L\u00f2 \u0111\u01b0\u1ee3c thi\u1ebft k\u1ebf b\u1ec1 m\u1eb7t k\u00ednh c\u01b0\u1eddng l\u1ef1c 3 l\u1edbp, ch\u1ecbu l\u1ef1c ch\u1ecbu nhi\u1ec7t, ch\u1ed1ng tia UV. S\u1ea3n ph\u1ea9m mang m\u1ed9t n\u00e9t \u0111\u1eb9p thanh l\u1ecbch theo phong c\u00e1ch ch\u00e2u \u00c2u. \u0110\u1eb7c t\u00ednh [&#8230;]\n","protected":false},"featured_media":741,"comment_status":"open","ping_status":"closed","template":"","meta":[],"product_brand":[],"product_cat":[95,106],"product_tag":[108,96,154,155,156],"class_list":{"0":"post-703","1":"product","2":"type-product","3":"status-publish","4":"has-post-thumbnail","6":"product_cat-lo-nuong","7":"product_cat-thuong-hieu-eurosun","8":"product_tag-eurosun","9":"product_tag-lo-nuong","10":"product_tag-lo-nuong-am","11":"product_tag-lo-nuong-am-eurosun","12":"product_tag-lo-nuong-am-tu","14":"first","15":"instock","16":"sale","17":"shipping-taxable","18":"purchasable","19":"product-type-simple"},"_links":{"self":[{"href":"https:\/\/livinghome.vn\/thiet-bi\/wp-json\/wp\/v2\/product\/703","targetHints":{"allow":["GET"]}}],"collection":[{"href":"https:\/\/livinghome.vn\/thiet-bi\/wp-json\/wp\/v2\/product"}],"about":[{"href":"https:\/\/livinghome.vn\/thiet-bi\/wp-json\/wp\/v2\/types\/product"}],"replies":[{"embeddable":true,"href":"https:\/\/livinghome.vn\/thiet-bi\/wp-json\/wp\/v2\/comments?post=703"}],"wp:featuredmedia":[{"embeddable":true,"href":"https:\/\/livinghome.vn\/thiet-bi\/wp-json\/wp\/v2\/media\/741"}],"wp:attachment":[{"href":"https:\/\/livinghome.vn\/thiet-bi\/wp-json\/wp\/v2\/media?parent=703"}],"wp:term":[{"taxonomy":"product_brand","embeddable":true,"href":"https:\/\/livinghome.vn\/thiet-bi\/wp-json\/wp\/v2\/product_brand?post=703"},{"taxonomy":"product_cat","embeddable":true,"href":"https:\/\/livinghome.vn\/thiet-bi\/wp-json\/wp\/v2\/product_cat?post=703"},{"taxonomy":"product_tag","embeddable":true,"href":"https:\/\/livinghome.vn\/thiet-bi\/wp-json\/wp\/v2\/product_tag?post=703"}],"curies":[{"name":"wp","href":"https:\/\/api.w.org\/{rel}","templated":true}]}}