{"id":702,"date":"2023-01-12T10:25:02","date_gmt":"2023-01-12T10:25:02","guid":{"rendered":"https:\/\/livinghome.vn\/thiet-bi\/?post_type=product&#038;p=702"},"modified":"2024-11-29T14:20:56","modified_gmt":"2024-11-29T07:20:56","slug":"lo-nuong-eurosun-oms36eg-tich-hop-dung-tich-36-lit","status":"publish","type":"product","link":"https:\/\/livinghome.vn\/thiet-bi\/lo-nuong-eurosun-oms36eg-tich-hop-dung-tich-36-lit\/","title":{"rendered":"L\u00f2 n\u01b0\u1edbng Eurosun OMS36EG t\u00edch h\u1ee3p dung t\u00edch 36 l\u00edt"},"content":{"rendered":"<h2><strong>L\u00f2 n\u01b0\u1edbng Eurosun OMS36EG <\/strong><strong>\u0111a n\u0103ng t\u00edch h\u1ee3p\u00a0 <\/strong><strong>v\u1eeba l\u00e0 1 chi\u1ebfc l\u00f2 n\u01b0\u1edbng, v\u1eeba l\u00e0 m\u1ed9t chi\u1ebfc l\u00f2 vi s\u00f3ng, l\u1ea1i l\u00e0 m\u1ed9t chi\u1ebfc l\u00f2 h\u1ea5p! v\u1eeba ti\u1ec7n d\u1ee5ng, v\u1eeba \u0111a n\u0103ng, l\u1ea1i ti\u1ebft ki\u1ec7m ti\u1ec1n mua 3 thi\u1ebft b\u1ecb cho gia \u0111\u00ecnh b\u1ea1n.<\/strong> <strong>L\u00f2 \u0111\u01b0\u1ee3c thi\u1ebft k\u1ebf b\u1ec1 m\u1eb7t k\u00ednh c\u01b0\u1eddng l\u1ef1c 3 l\u1edbp, b\u1ea3ng \u0111i\u1ec1u khi\u1ec3n k\u1ef9 thu\u1eadt s\u1ed1 Digital, ph\u1ed1i inox 304 t\u1ea1o n\u00ean v\u1ebb thanh l\u1ecbch theo phong c\u00e1ch ch\u00e2u \u00c2u.<\/strong><\/h2>\n<figure id=\"attachment_48510\" aria-describedby=\"caption-attachment-48510\" style=\"width: 800px\" class=\"wp-caption alignnone\"><img loading=\"lazy\" decoding=\"async\" class=\"size-large wp-image-48510\" src=\"https:\/\/livinghome.vn\/thiet-bi\/wp-content\/uploads\/nha-bep\/eurosun\/lo-nuong\/lo-nuong-eurosun-oms36eg\/lo-nuong-eurosun-oms36eg-800x800.jpg\" alt=\"L\u00f2 n\u01b0\u1edbng Eurosun OMS36EG t\u00edch h\u1ee3p dung t\u00edch 36 l\u00edt\" width=\"800\" height=\"800\" title=\"\"><figcaption id=\"caption-attachment-48510\" class=\"wp-caption-text\">L\u00f2 n\u01b0\u1edbng Eurosun OMS36EG t\u00edch h\u1ee3p dung t\u00edch 36 l\u00edt<\/figcaption><\/figure>\n<h3><strong><span class=\"fontstyle0\">\u0110\u1eb7c t\u00ednh s\u1ea3n ph\u1ea9m<\/span> <\/strong><\/h3>\n<ul>\n<li>Ph\u00e2n lo\u1ea1i: <a href=\"https:\/\/livinghome.vn\/product-category\/nha-bep\/lo-nuong-am\/\">L\u00f2 n\u01b0\u1edbng<\/a> Eurosun OMS36EG<\/li>\n<li><span class=\"fontstyle0\">L\u00f2 n\u01b0\u1edbng \u00e2m t\u1ee7 t\u00edch h\u1ee3p l\u00f2 h\u1ea5p v\u00e0 vi s\u00f3ng 3 trong 1<br \/>\n<\/span><\/li>\n<li><span class=\"fontstyle0\">Khoang m\u00e1y s\u1eed d\u1ee5ng v\u1eadt li\u1ec7u inox 304 -18\/10<br \/>\n<\/span><\/li>\n<li><span class=\"fontstyle0\">\u0110i\u1ec1u khi\u1ec3n c\u1ea3m \u1ee9ng k\u1ef9 thu\u1eadt s\u1ed1 Digital<br \/>\n<\/span><\/li>\n<li><span class=\"fontstyle0\">H\u1ec7 th\u1ed1ng l\u00e0m s\u1ea1ch Self-clean function<br \/>\n<\/span><\/li>\n<li><span class=\"fontstyle0\">Ch\u1ee9c n\u0103ng l\u00e0m n\u00f3ng si\u00eau nhanh (7 ph\u00fat \u0111\u1ea1t 230\u2070C)<br \/>\n<\/span><\/li>\n<li><span class=\"fontstyle0\">Ch\u1ee9c n\u0103ng h\u1eb9n gi\u1edd kh\u1edfi \u0111\u1ed9ng<br \/>\n<\/span><\/li>\n<li><span class=\"fontstyle0\">T\u00edn hi\u1ec7u b\u00e1o k\u1ebft th\u00fac qu\u00e1 tr\u00ecnh n\u1ea5u \u0103n<br \/>\n<\/span><\/li>\n<li><span class=\"fontstyle0\">5 ki\u1ec3u n\u1ea5u \u0103n t\u00edch h\u1ee3p<br \/>\n<\/span><\/li>\n<li><span class=\"fontstyle0\">80 c\u00f4ng th\u1ee9c n\u1ea5u \u0103n \u0111\u01b0\u1ee3c l\u1eadp tr\u00ecnh s\u1eafn h\u1ea5p, n\u01b0\u1edbng v\u00e0 vi s\u00f3ng<\/span><\/li>\n<\/ul>\n<h3><strong>Ch\u1ee9c n\u0103ng an to\u00e0n<\/strong><\/h3>\n<ul>\n<li><span class=\"fontstyle0\"><span class=\"fontstyle0\">4 l\u1edbp k\u00ednh, ch\u1ecbu nhi\u1ec7t cao <span class=\"fontstyle2\">ch\u1ed1ng tia UV: L\u00f2 n\u01b0\u1edbng Eurosun OMS36EG \u0111\u01b0\u1ee3c thi\u1ebft k\u1ebf an to\u00e0n tuy\u1ec7t \u0111\u1ed1i v\u1edbi c\u1eeda k\u00ednh 4 l\u1edbp, xen gi\u1eefa l\u00e0 ch\u00e2n kh\u00f4ng, gi\u00fap c\u00e1ch nhi\u1ec7t 99% v\u00e0 lo\u1ea1i b\u1ecf ho\u00e0n to\u00e0n tia UV, \u0111\u1ea3m b\u1ea3o an to\u00e0n tuy\u1ec7t \u0111\u1ed1i cho s\u1ee9c kh\u1ecfe nh\u01b0ng v\u1eabn \u0111\u1ea3m b\u1ea3o t\u00ednh th\u1ea9m m\u1ef9<br \/>\n<\/span><\/span><\/span><\/li>\n<li><span class=\"fontstyle0\"><span class=\"fontstyle0\">Kh\u00f3a \u0111i\u1ec7n t\u1eed an to\u00e0n cho tr\u1ebb em: Bi\u1ec3u t\u01b0\u1ee3ng kh\u00f3a ph\u00edm ngay tr\u00ean m\u00e0n h\u00ecnh, ch\u1ec9 v\u1edbi thao t\u00e1c nh\u1ea5n gi\u1eef, <span class=\"fontstyle2\"> L\u00f2 n\u01b0\u1edbng Eurosun OMS36EG<\/span> c\u00f3 kh\u1ea3 n\u0103ng v\u00f4 hi\u1ec7u h\u00f3a b\u00e0n ph\u00edm \u0111\u1ec3 tr\u00e1nh nh\u1eefng t\u00e1c \u0111\u1ed9ng c\u1ee7a tr\u1ebb em, \u0111\u1ea3m b\u1ea3o ch\u01b0\u01a1ng tr\u00ecnh ho\u1ea1t \u0111\u1ed9ng c\u1ee7a l\u00f2<br \/>\n<\/span><\/span><\/li>\n<li><span class=\"fontstyle0\"><span class=\"fontstyle0\">C\u00f4ng t\u1eafc t\u1eaft an to\u00e0n: V\u1edbi c\u1ea3m bi\u1ebfn nhi\u1ec7t \u0111\u1ed9 \u0111\u01b0\u1ee3c t\u00edch h\u1ee3p b\u00ean trong l\u00f2, n\u1ebfu c\u00f3 s\u1ef1 c\u1ed1 qu\u00e1 nhi\u1ec7t do nguy\u00ean nh\u00e2n b\u00ean ngo\u00e0i khi\u1ebfn l\u00f2 ho\u1ea1t \u0111\u1ed9ng kh\u00f4ng \u0111\u00fang quy tr\u00ecnh, ch\u1ee9c n\u0103ng b\u1ea3o v\u1ec7 qu\u00e1 nhi\u1ec7t s\u1ebd k\u00edch ho\u1ea1t \u0111\u1ec3 ng\u1eebng ho\u1ea1t \u0111\u1ed9ng, \u0111\u1ea3m b\u1ea3o an to\u00e0n v\u1ec1 \u0111i\u1ec7n v\u00e0 nhi\u1ec7t cho ng\u01b0\u1eddi ti\u00eau d\u00f9ng v\u00e0 gia \u0111\u00ecnh<br \/>\n<\/span><\/span><\/li>\n<li><span class=\"fontstyle0\"><span class=\"fontstyle0\"><span class=\"fontstyle2\">L\u00f2 n\u01b0\u1edbng Eurosun OMS36EG: V\u1edbi c\u1ea3m bi\u1ebfn nhi\u1ec7t \u0111\u1ed9 \u0111\u01b0\u1ee3c t\u00edch h\u1ee3p b\u00ean trong l\u00f2, n\u1ebfu c\u00f3 s\u1ef1 c\u1ed1 qu\u00e1 nhi\u1ec7t do nguy\u00ean nh\u00e2n b\u00ean ngo\u00e0i khi\u1ebfn l\u00f2 ho\u1ea1t \u0111\u1ed9ng kh\u00f4ng \u0111\u00fang quy tr\u00ecnh, ch\u1ee9c n\u0103ng b\u1ea3o v\u1ec7 qu\u00e1 nhi\u1ec7t s\u1ebd k\u00edch ho\u1ea1t \u0111\u1ec3 ng\u1eebng ho\u1ea1t \u0111\u1ed9ng, \u0111\u1ea3m b\u1ea3o an to\u00e0n v\u1ec1 \u0111i\u1ec7n v\u00e0 nhi\u1ec7t cho ng\u01b0\u1eddi ti\u00eau d\u00f9ng v\u00e0 gia \u0111\u00ecnh<\/span><br \/>\n<\/span><\/span><\/li>\n<\/ul>\n<h3><strong>17 ch\u1ee9c n\u0103ng t\u00edch h\u1ee3p<\/strong><\/h3>\n<p><span class=\"fontstyle0\">C\u00e0i \u0111\u1eb7t th\u1eddi gian, n\u1ea5u vi s\u00f3ng, ch\u1ebf \u0111\u1ed9 n\u01b0\u1edbng, n\u1ea5u \u0111\u1ed1i l\u01b0u 3 chi\u1ec1u, ch\u1ebf \u0111\u1ed9 n\u01b0\u1edbng qu\u1ea1t, ch\u1ebf \u0111\u1ed9 vi s\u00f3ng +<br \/>\nn\u01b0\u1edbng , vi s\u00f3ng + \u0111\u1ed1i l\u01b0u, vi s\u00f3ng + qu\u1ea1t n\u01b0\u1edbng, n\u1ea5u t\u1ef1 \u0111\u1ed9ng, r\u00e3 <\/span><span class=\"fontstyle0\">\u0111\u00f4ng, l\u00e0m n\u00f3ng tr\u01b0\u1edbc, ch\u1ee9c n\u0103ng h\u1ea5p, ch\u1ee9c n\u0103ng \u0111\u1ed1i l\u01b0u + h\u1ea5p,<br \/>\nch\u1ee9c n\u0103ng vi s\u00f3ng + h\u1ea5p, ch\u1ee9c n\u0103ng kh\u00f3a tr\u1ebb em, hi\u1ec3n th\u1ecb th\u00f4ng <\/span><span class=\"fontstyle0\">s\u1ed1, ch\u1ee9c n\u0103ng t\u1ef1 kh\u1eed c\u1eb7n<\/span><\/p>\n<h3><strong>Th\u00f4ng tin k\u1ef9 thu\u1eadt<\/strong><\/h3>\n<ul>\n<li><span class=\"fontstyle0\">Dung t\u00edch: 36l\u00edt<br \/>\n<\/span><\/li>\n<li><span class=\"fontstyle0\">Ti\u00eau chu\u1ea9n n\u0103ng l\u01b0\u1ee3ng ch\u00e2u \u00e2u: A+<br \/>\n<\/span><\/li>\n<li><span class=\"fontstyle0\">Nhi\u1ec7t \u0111\u1ed9 n\u01b0\u1edbng: 30-250\u00baC<br \/>\n<\/span><\/li>\n<li><span class=\"fontstyle0\">Nhi\u1ec7t \u0111\u1ed9 h\u01a1i n\u01b0\u1edbc khi h\u1ea5p: 50-220\u00baC<br \/>\n<\/span><\/li>\n<li><span class=\"fontstyle0\">Nhi\u1ec7t \u0111\u1ed9 n\u01b0\u1edbng: 30-250\u00baC<br \/>\n<\/span><\/li>\n<li><span class=\"fontstyle0\">C\u00f4ng su\u1ea5t h\u1ea5p: 2900W \/ C\u00f4ng su\u1ea5t vi s\u00f3ng: 900W<br \/>\n<\/span><\/li>\n<li><span class=\"fontstyle0\">C\u00f4ng su\u1ea5t n\u01b0\u1edbng: 1200W \/ C\u00f4ng su\u1ea5t n\u01b0\u1edbng \u0111\u1ed1i l\u01b0u: 1750W<br \/>\n<\/span><\/li>\n<li><span class=\"fontstyle0\">C\u00f4ng su\u1ea5t t\u1ed1i \u0111a: 3300W \/ \u0110i\u1ec7n \u00e1p: 230V \/ 50Hz<br \/>\n<\/span><\/li>\n<li><span class=\"fontstyle0\">K\u00edch th\u01b0\u1edbc s\u1ea3n ph\u1ea9m: 595R x 525S x 454C mm<br \/>\n<\/span><\/li>\n<li><span class=\"fontstyle0\">K\u00edch th\u01b0\u1edbc kho\u00e9t t\u1ee7: 560R x 550S x445C mm<\/span><\/li>\n<\/ul>\n","protected":false},"excerpt":{"rendered":"<p>L\u00f2 n\u01b0\u1edbng Eurosun OMS36EG \u0111a n\u0103ng t\u00edch h\u1ee3p\u00a0 v\u1eeba l\u00e0 1 chi\u1ebfc l\u00f2 n\u01b0\u1edbng, v\u1eeba l\u00e0 m\u1ed9t chi\u1ebfc l\u00f2 vi s\u00f3ng, l\u1ea1i l\u00e0 m\u1ed9t chi\u1ebfc l\u00f2 h\u1ea5p! v\u1eeba ti\u1ec7n d\u1ee5ng, v\u1eeba \u0111a n\u0103ng, l\u1ea1i ti\u1ebft ki\u1ec7m ti\u1ec1n mua 3 thi\u1ebft b\u1ecb cho gia \u0111\u00ecnh b\u1ea1n. L\u00f2 \u0111\u01b0\u1ee3c thi\u1ebft k\u1ebf b\u1ec1 m\u1eb7t k\u00ednh c\u01b0\u1eddng l\u1ef1c 3 [&#8230;]\n","protected":false},"featured_media":740,"comment_status":"open","ping_status":"closed","template":"","meta":[],"product_brand":[],"product_cat":[95,106],"product_tag":[108,96,154,155,156,157,158],"class_list":{"0":"post-702","1":"product","2":"type-product","3":"status-publish","4":"has-post-thumbnail","6":"product_cat-lo-nuong","7":"product_cat-thuong-hieu-eurosun","8":"product_tag-eurosun","9":"product_tag-lo-nuong","10":"product_tag-lo-nuong-am","11":"product_tag-lo-nuong-am-eurosun","12":"product_tag-lo-nuong-am-tu","13":"product_tag-lo-nuong-tich-hop","14":"product_tag-lo-vi-song","16":"first","17":"instock","18":"sale","19":"shipping-taxable","20":"purchasable","21":"product-type-simple"},"_links":{"self":[{"href":"https:\/\/livinghome.vn\/thiet-bi\/wp-json\/wp\/v2\/product\/702","targetHints":{"allow":["GET"]}}],"collection":[{"href":"https:\/\/livinghome.vn\/thiet-bi\/wp-json\/wp\/v2\/product"}],"about":[{"href":"https:\/\/livinghome.vn\/thiet-bi\/wp-json\/wp\/v2\/types\/product"}],"replies":[{"embeddable":true,"href":"https:\/\/livinghome.vn\/thiet-bi\/wp-json\/wp\/v2\/comments?post=702"}],"wp:featuredmedia":[{"embeddable":true,"href":"https:\/\/livinghome.vn\/thiet-bi\/wp-json\/wp\/v2\/media\/740"}],"wp:attachment":[{"href":"https:\/\/livinghome.vn\/thiet-bi\/wp-json\/wp\/v2\/media?parent=702"}],"wp:term":[{"taxonomy":"product_brand","embeddable":true,"href":"https:\/\/livinghome.vn\/thiet-bi\/wp-json\/wp\/v2\/product_brand?post=702"},{"taxonomy":"product_cat","embeddable":true,"href":"https:\/\/livinghome.vn\/thiet-bi\/wp-json\/wp\/v2\/product_cat?post=702"},{"taxonomy":"product_tag","embeddable":true,"href":"https:\/\/livinghome.vn\/thiet-bi\/wp-json\/wp\/v2\/product_tag?post=702"}],"curies":[{"name":"wp","href":"https:\/\/api.w.org\/{rel}","templated":true}]}}