{"id":701,"date":"2023-01-12T10:25:02","date_gmt":"2023-01-12T10:25:02","guid":{"rendered":"https:\/\/livinghome.vn\/thiet-bi\/?post_type=product&#038;p=701"},"modified":"2024-11-29T14:20:56","modified_gmt":"2024-11-29T07:20:56","slug":"lo-nuong-eurosun-eov72tft-am-tu-dung-tich-72-lit","status":"publish","type":"product","link":"https:\/\/livinghome.vn\/thiet-bi\/lo-nuong-eurosun-eov72tft-am-tu-dung-tich-72-lit\/","title":{"rendered":"L\u00f2 n\u01b0\u1edbng Eurosun EOV72TFT \u00e2m t\u1ee7 dung t\u00edch 72 l\u00edt"},"content":{"rendered":"<h2><strong>L\u00f2 n\u01b0\u1edbng Eurosun EOV72TFT c\u00f3 thi\u1ebft k\u1ebf \u0111\u1eb9p m\u1eaft, \u0111i\u1ec1u khi\u1ec3n c\u1ea3m \u1ee9ng TFT v\u1edbi m\u00e0n h\u00ecnh m\u00e0u s\u1eafc n\u00e9t. L\u00f2 \u0111\u01b0\u1ee3c thi\u1ebft k\u1ebf b\u1ec1 m\u1eb7t k\u00ednh c\u01b0\u1eddng l\u1ef1c 3 l\u1edbp, ch\u1ecbu l\u1ef1c ch\u1ecbu nhi\u1ec7t, ch\u1ed1ng tia UV. S\u1ea3n ph\u1ea9m mang m\u1ed9t n\u00e9t \u0111\u1eb9p thanh l\u1ecbch theo phong c\u00e1ch ch\u00e2u \u00c2u.<\/strong><\/h2>\n<figure id=\"attachment_48506\" aria-describedby=\"caption-attachment-48506\" style=\"width: 800px\" class=\"wp-caption alignnone\"><img loading=\"lazy\" decoding=\"async\" class=\"size-large wp-image-48506\" src=\"https:\/\/livinghome.vn\/thiet-bi\/wp-content\/uploads\/nha-bep\/eurosun\/lo-nuong\/lo-nuong-eurosun-eov72tft\/lo-nuong-eurosun-eov72tft-800x800.jpg\" alt=\"L\u00f2 n\u01b0\u1edbng Eurosun EOV72TFT \u00e2m t\u1ee7 dung t\u00edch 72 l\u00edt \" width=\"800\" height=\"800\" title=\"\"><figcaption id=\"caption-attachment-48506\" class=\"wp-caption-text\">L\u00f2 n\u01b0\u1edbng Eurosun EOV72TFT \u00e2m t\u1ee7 dung t\u00edch 72 l\u00edt<\/figcaption><\/figure>\n<h3><strong><span class=\"fontstyle0\">\u0110\u1eb7c t\u00ednh s\u1ea3n ph\u1ea9m<\/span> <\/strong><\/h3>\n<ul>\n<li>Ph\u00e2n lo\u1ea1i: <a href=\"https:\/\/livinghome.vn\/product-category\/nha-bep\/lo-nuong-am\/\">L\u00f2 n\u01b0\u1edbng<\/a> Eurosun EOV72TFT<\/li>\n<li><span class=\"fontstyle0\">2 ng\u00f4n ng\u1eef<br \/>\n<\/span><\/li>\n<li><span class=\"fontstyle0\">\u0110i\u1ec1u khi\u1ec3n c\u1ea3m \u1ee9ng TFT, m\u00e0n h\u00ecnh m\u00e0u<br \/>\n<\/span><\/li>\n<li><span class=\"fontstyle0\">C\u1eeda k\u00ednh c\u01b0\u1eddng l\u1ef1c 3 l\u1edbp ch\u1ecbu l\u1ef1c, ch\u1ecbu nhi\u1ec7t gi\u1eef \u1ed5n \u0111\u1ecbnh nhi\u1ec7t \u0111\u1ed9 trong khoang, ch\u1ed1ng tia UV<br \/>\n<\/span><\/li>\n<li><span class=\"fontstyle0\">L\u00f2 n\u01b0\u1edbng Eurosun EOV72TFT \u0111\u01b0\u1ee3c t\u00edch h\u1ee3p H\u1ec7 th\u1ed1ng l\u00e0m m\u00e1t c\u01b0\u1ee1ng b\u1ee9c, H\u1ec7 th\u1ed1ng l\u00e0m s\u1ea1ch Catalytic<br \/>\n<\/span><\/li>\n<li><span class=\"fontstyle0\">Thi\u1ebft b\u1ecb Rotisserie gi\u00fap th\u1ecbt n\u01b0\u1edbng v\u00e0ng v\u00e0 gi\u00f2n<br \/>\n<\/span><\/li>\n<li><span class=\"fontstyle0\">Ch\u1ee9c n\u0103ng l\u00e0m n\u00f3ng si\u00eau nhanh. Que th\u0103m d\u00f2 nhi\u1ec7t \u0111\u1ed9 v\u00e0 th\u1ecbt<br \/>\n<\/span><\/li>\n<li><span class=\"fontstyle0\">Ch\u1ee9c n\u0103ng h\u1eb9n gi\u1edd kh\u1edfi \u0111\u1ed9ng<br \/>\n<\/span><\/li>\n<li><span class=\"fontstyle0\">Chi\u1ebfu s\u00e1ng 2 \u0111\u00e8n &#8211; Twin lamps<br \/>\n<\/span><\/li>\n<li><span class=\"fontstyle0\">17 ch\u1ebf \u0111\u1ed9 l\u00e0m n\u00f3ng l\u00f2 n\u01b0\u1edbng<br \/>\n<\/span><\/li>\n<li><span class=\"fontstyle0\">30 c\u00f4ng th\u1ee9c n\u1ea5u \u0103n \u0111\u01b0\u1ee3c l\u1eadp tr\u00ecnh s\u1eafn<br \/>\n<\/span><\/li>\n<li><span class=\"fontstyle0\">16 ch\u1ee9c n\u0103ng t\u00edch h\u1ee3p: \u0110\u00e8n, th\u00f4ng th\u01b0\u1eddng, nhi\u1ec7t b\u1ee9c x\u1ea1, n\u01b0\u1edbng <\/span><span class=\"fontstyle0\">\u0111\u00f4i, n\u01b0\u1edbng \u0111\u00f4i + qu\u1ea1t, nhi\u1ec7t d\u01b0\u1edbi\/n\u01b0\u1edbng, qu\u1ea1t th\u00f4ng th\u01b0\u1eddng +<br \/>\nqu\u1ea1t, \u0111\u1ed1i l\u01b0u, Pizza, gi\u1eef \u1ea5m, s\u1ea5y kh\u00f4, r\u00e3 \u0111\u00f4ng, t\u1ea5m gi\u1eef \u1ea5m, ECO, l\u00ean men, l\u00e0m n\u00f3ng ch\u1eadm<\/span><\/li>\n<\/ul>\n<h3><strong>Ch\u1ee9c n\u0103ng an to\u00e0n<\/strong><\/h3>\n<ul>\n<li><span class=\"fontstyle0\"><span class=\"fontstyle0\">L\u00f2 n\u01b0\u1edbng Eurosun EOV72TFT \u0111\u01b0\u1ee3c thi\u1ebft k\u1ebf v\u1edbi c\u1eeda 3 l\u1edbp k\u00ednh, ch\u1ecbu nhi\u1ec7t cao ch\u1ed1ng tia UV: <\/span><\/span>L\u00f2 n\u01b0\u1edbng \u0111\u01b0\u1ee3c thi\u1ebft k\u1ebf an to\u00e0n tuy\u1ec7t \u0111\u1ed1i v\u1edbi c\u1eeda k\u00ednh 3 l\u1edbp, xen gi\u1eefa l\u00e0 ch\u00e2n kh\u00f4ng, gi\u00fap c\u00e1ch nhi\u1ec7t 99% v\u00e0 lo\u1ea1i b\u1ecf ho\u00e0n to\u00e0n tia UV, \u0111\u1ea3m b\u1ea3o an to\u00e0n tuy\u1ec7t \u0111\u1ed1i cho s\u1ee9c kh\u1ecfe nh\u01b0ng v\u1eabn \u0111\u1ea3m b\u1ea3o t\u00ednh th\u1ea9m m\u1ef9<\/li>\n<li><span class=\"fontstyle0\">Kh\u00f3a \u0111i\u1ec7n t\u1eed an to\u00e0n cho tr\u1ebb em: Bi\u1ec3u t\u01b0\u1ee3ng kh\u00f3a ph\u00edm ngay tr\u00ean m\u00e0n h\u00ecnh, ch\u1ec9 v\u1edbi thao t\u00e1c nh\u1ea5n gi\u1eef, l\u00f2 n\u01b0\u1edbng c\u00f3 kh\u1ea3 n\u0103ng v\u00f4 hi\u1ec7u h\u00f3a b\u00e0n ph\u00edm \u0111\u1ec3 tr\u00e1nh nh\u1eefng t\u00e1c \u0111\u1ed9ng c\u1ee7a tr\u1ebb em, \u0111\u1ea3m b\u1ea3o ch\u01b0\u01a1ng tr\u00ecnh ho\u1ea1t \u0111\u1ed9ng c\u1ee7a l\u00f2<br \/>\n<\/span><\/li>\n<li><span class=\"fontstyle0\">C\u00f4ng t\u1eafc t\u1eaft an to\u00e0n: V\u1edbi c\u1ea3m bi\u1ebfn nhi\u1ec7t \u0111\u1ed9 \u0111\u01b0\u1ee3c t\u00edch h\u1ee3p b\u00ean trong l\u00f2, n\u1ebfu c\u00f3 s\u1ef1 c\u1ed1 qu\u00e1 nhi\u1ec7t do nguy\u00ean nh\u00e2n b\u00ean ngo\u00e0i khi\u1ebfn l\u00f2 ho\u1ea1t \u0111\u1ed9ng kh\u00f4ng \u0111\u00fang quy tr\u00ecnh, ch\u1ee9c n\u0103ng b\u1ea3o v\u1ec7 qu\u00e1 nhi\u1ec7t s\u1ebd k\u00edch ho\u1ea1t \u0111\u1ec3 ng\u1eebng ho\u1ea1t \u0111\u1ed9ng, \u0111\u1ea3m b\u1ea3o an to\u00e0n v\u1ec1 \u0111i\u1ec7n v\u00e0 nhi\u1ec7t cho ng\u01b0\u1eddi ti\u00eau d\u00f9ng v\u00e0 gia \u0111\u00ecnh<\/span><\/li>\n<\/ul>\n<h3><strong>Th\u00f4ng tin k\u1ef9 thu\u1eadt<\/strong><\/h3>\n<ul>\n<li>\u00a0<span class=\"fontstyle0\">Dung t\u00edch: 72 l\u00edt<br \/>\n<\/span><\/li>\n<li><span class=\"fontstyle0\">Ti\u00eau chu\u1ea9n n\u0103ng l\u01b0\u1ee3ng ch\u00e2u \u00e2u: A+<br \/>\n<\/span><\/li>\n<li><span class=\"fontstyle0\">Nhi\u1ec7t \u0111\u1ed9 n\u01b0\u1edbng: 30-250\u00baC<br \/>\n<\/span><\/li>\n<li><span class=\"fontstyle0\">C\u00f4ng su\u1ea5t: 2900W<br \/>\n<\/span><\/li>\n<li><span class=\"fontstyle0\">\u0110i\u1ec7n \u00e1p: 230V \/ 50Hz<br \/>\n<\/span><\/li>\n<li><span class=\"fontstyle0\">K\u00edch th\u01b0\u1edbc s\u1ea3n ph\u1ea9m: 595R x 546S x 596C mm<br \/>\n<\/span><\/li>\n<li><span class=\"fontstyle0\">K\u00edch th\u01b0\u1edbc kho\u00e9t t\u1ee7: 570R x 550S x590C mm<\/span><\/li>\n<\/ul>\n","protected":false},"excerpt":{"rendered":"<p>L\u00f2 n\u01b0\u1edbng Eurosun EOV72TFT c\u00f3 thi\u1ebft k\u1ebf \u0111\u1eb9p m\u1eaft, \u0111i\u1ec1u khi\u1ec3n c\u1ea3m \u1ee9ng TFT v\u1edbi m\u00e0n h\u00ecnh m\u00e0u s\u1eafc n\u00e9t. L\u00f2 \u0111\u01b0\u1ee3c thi\u1ebft k\u1ebf b\u1ec1 m\u1eb7t k\u00ednh c\u01b0\u1eddng l\u1ef1c 3 l\u1edbp, ch\u1ecbu l\u1ef1c ch\u1ecbu nhi\u1ec7t, ch\u1ed1ng tia UV. S\u1ea3n ph\u1ea9m mang m\u1ed9t n\u00e9t \u0111\u1eb9p thanh l\u1ecbch theo phong c\u00e1ch ch\u00e2u \u00c2u. \u0110\u1eb7c t\u00ednh s\u1ea3n ph\u1ea9m [&#8230;]\n","protected":false},"featured_media":739,"comment_status":"open","ping_status":"closed","template":"","meta":[],"product_brand":[],"product_cat":[95,106],"product_tag":[108,96,154,155,156],"class_list":{"0":"post-701","1":"product","2":"type-product","3":"status-publish","4":"has-post-thumbnail","6":"product_cat-lo-nuong","7":"product_cat-thuong-hieu-eurosun","8":"product_tag-eurosun","9":"product_tag-lo-nuong","10":"product_tag-lo-nuong-am","11":"product_tag-lo-nuong-am-eurosun","12":"product_tag-lo-nuong-am-tu","14":"first","15":"instock","16":"sale","17":"shipping-taxable","18":"purchasable","19":"product-type-simple"},"_links":{"self":[{"href":"https:\/\/livinghome.vn\/thiet-bi\/wp-json\/wp\/v2\/product\/701","targetHints":{"allow":["GET"]}}],"collection":[{"href":"https:\/\/livinghome.vn\/thiet-bi\/wp-json\/wp\/v2\/product"}],"about":[{"href":"https:\/\/livinghome.vn\/thiet-bi\/wp-json\/wp\/v2\/types\/product"}],"replies":[{"embeddable":true,"href":"https:\/\/livinghome.vn\/thiet-bi\/wp-json\/wp\/v2\/comments?post=701"}],"wp:featuredmedia":[{"embeddable":true,"href":"https:\/\/livinghome.vn\/thiet-bi\/wp-json\/wp\/v2\/media\/739"}],"wp:attachment":[{"href":"https:\/\/livinghome.vn\/thiet-bi\/wp-json\/wp\/v2\/media?parent=701"}],"wp:term":[{"taxonomy":"product_brand","embeddable":true,"href":"https:\/\/livinghome.vn\/thiet-bi\/wp-json\/wp\/v2\/product_brand?post=701"},{"taxonomy":"product_cat","embeddable":true,"href":"https:\/\/livinghome.vn\/thiet-bi\/wp-json\/wp\/v2\/product_cat?post=701"},{"taxonomy":"product_tag","embeddable":true,"href":"https:\/\/livinghome.vn\/thiet-bi\/wp-json\/wp\/v2\/product_tag?post=701"}],"curies":[{"name":"wp","href":"https:\/\/api.w.org\/{rel}","templated":true}]}}