{"id":699,"date":"2023-01-12T10:25:02","date_gmt":"2023-01-12T10:25:02","guid":{"rendered":"https:\/\/livinghome.vn\/thiet-bi\/?post_type=product&#038;p=699"},"modified":"2024-11-29T14:20:56","modified_gmt":"2024-11-29T07:20:56","slug":"lo-nuong-eurosun-eov65de-am-tu-dung-tich-65-lit","status":"publish","type":"product","link":"https:\/\/livinghome.vn\/thiet-bi\/lo-nuong-eurosun-eov65de-am-tu-dung-tich-65-lit\/","title":{"rendered":"L\u00f2 n\u01b0\u1edbng Eurosun EOV65DE \u00e2m t\u1ee7 dung t\u00edch 65 l\u00edt"},"content":{"rendered":"<h2><strong>L\u00f2 n\u01b0\u1edbng Eurosun EOV65DE \u00e2m t\u1ee7 nh\u1eadp kh\u1ea9u nguy\u00ean chi\u1ebfc t\u1eeb Malaysia l\u00e0 s\u1ea3n ph\u1ea9m l\u00f2 n\u01b0\u1edbng cao c\u1ea5p, dung t\u00edch 65L v\u00e0 ph\u00f9 h\u1ee3p s\u1eed d\u1ee5ng cho \u0111\u1ea1i \u0111a s\u1ed1 gia \u0111\u00ecnh Vi\u1ec7t. V\u1edbi thi\u1ebft k\u1ebf sang tr\u1ecdng, s\u1eed d\u1ee5ng v\u1eadt li\u1ec7u cao c\u1ea5p nh\u1ea5t trong ng\u00e0nh th\u1ef1c ph\u1ea9m l\u00e0 Inox 304 (18\/10) k\u1ebft h\u1ee3p k\u00ednh c\u01b0\u1eddng l\u1ef1c \u0111en ch\u1ed1ng b\u00e1m b\u1ea9n v\u00e0 v\u00e2n tay, t\u1ea1o v\u1ebb ngo\u00e0i sang tr\u1ecdng v\u00e0 cu\u1ed1n h\u00fat. L\u00f2 c\u00f3 h\u1ec7 th\u1ed1ng qu\u1ea1t t\u1ef1 l\u00e0m m\u00e1t hi\u1ec7u qu\u1ea3 v\u00e0 \u0111\u00e8n ph\u1ee5 tr\u1ee3 chi\u1ebfu s\u00e1ng khoang l\u00f2. <\/strong><\/h2>\n<figure id=\"attachment_48502\" aria-describedby=\"caption-attachment-48502\" style=\"width: 800px\" class=\"wp-caption alignnone\"><img loading=\"lazy\" decoding=\"async\" class=\"size-large wp-image-48502\" src=\"https:\/\/livinghome.vn\/thiet-bi\/wp-content\/uploads\/nha-bep\/eurosun\/lo-nuong\/lo-nuong-eurosun-eov65de\/lo-nuong-eurosun-eov65de-800x800.jpg\" alt=\"L\u00f2 n\u01b0\u1edbng Eurosun EOV65DE \u00e2m t\u1ee7 dung t\u00edch 65 l\u00edt\" width=\"800\" height=\"800\" title=\"\"><figcaption id=\"caption-attachment-48502\" class=\"wp-caption-text\">L\u00f2 n\u01b0\u1edbng Eurosun EOV65DE \u00e2m t\u1ee7 dung t\u00edch 65 l\u00edt<\/figcaption><\/figure>\n<h3><strong><span class=\"fontstyle0\">\u0110\u1eb7c t\u00ednh s\u1ea3n ph\u1ea9m<\/span> <\/strong><\/h3>\n<ul>\n<li>Ph\u00e2n lo\u1ea1i: <a href=\"https:\/\/livinghome.vn\/product-category\/nha-bep\/lo-nuong-am\/\">L\u00f2 n\u01b0\u1edbng<\/a> Eurosun EOV65DE<\/li>\n<li><span class=\"fontstyle0\">M\u1eb7t k\u00ednh c\u01b0\u1eddng l\u1ef1c m\u00e0u \u0111en ph\u1ed1i inox ch\u1ed1ng v\u00e2n tay<br \/>\n<\/span><\/li>\n<li><span class=\"fontstyle0\">\u0110i\u1ec1u khi\u1ec3n \u0111i\u1ec7n t\u1eed k\u1ebft h\u1ee3p n\u00fam v\u1eb7n gi\u1ea5u \u00e2m, m\u00e0n h\u00ecnh Led<br \/>\n<\/span><\/li>\n<li><span class=\"fontstyle0\">Ch\u1ee9c n\u0103ng ti\u1ebft ki\u1ec7m tr\u00ean 30% \u0111i\u1ec7n n\u0103ng, h\u1eb9n gi\u1edd n\u01b0\u1edbng ti\u1ec7n l\u1ee3i<br \/>\n<\/span><\/li>\n<li><span class=\"fontstyle0\">Ch\u1ee9c n\u0103ng n\u01b0\u1edbng xi\u00ean quay: L\u00f2 c\u00f3 kh\u1ea3 n\u0103ng n\u01b0\u1edbng xi\u00ean quay \u0111i k\u00e8m b\u1ed9 ph\u1eadn xi\u00ean quay gi\u00fap n\u01b0\u1edbng hi\u1ec7u qu\u1ea3 c\u00e1c m\u00f3n \u0103n nh\u1edd th\u1ef1c ph\u1ea9m \u0111\u01b0\u1ee3c quay li\u00ean t\u1ee5c trong l\u00f2, th\u1ef1c ph\u1ea9m s\u1ebd \u0111\u01b0\u1ee3c ch\u00edn \u0111\u1ec1u<br \/>\n<\/span><\/li>\n<li><span class=\"fontstyle0\">Ch\u1ee9c n\u0103ng h\u1ed7 tr\u1ee3 r\u00e3 \u0111\u00f4ng th\u1ef1c ph\u1ea9m b\u1eb1ng qu\u1ea1t gi\u00f3: H\u1ed7 tr\u1ee3 r\u00e3 \u0111\u00f4ng th\u1ef1c ph\u1ea9m b\u1eb1ng qu\u1ea1t gi\u00f3 c\u00f9ng kh\u00ed \u1ea5m gi\u00fap th\u1ef1c ph\u1ea9m \u0111\u01b0\u1ee3c r\u00e3 \u0111\u00f4ng t\u1eeb t\u1eeb v\u00e0 gi\u1eef \u0111\u1ed9 t\u01b0\u01a1i ngon<br \/>\n<\/span><\/li>\n<li><span class=\"fontstyle0\">H\u1ec7 th\u1ed1ng qu\u1ea1t t\u1ef1 l\u00e0m m\u00e1t l\u00f2<br \/>\n<\/span><\/li>\n<li><span class=\"fontstyle0\">\u0110\u01b0\u1eddng \u0111\u00e8n ph\u1ee5 tr\u1ee3 chi\u1ebfu s\u00e1ng b\u00ean trong khoang l\u00f2<br \/>\n<\/span><\/li>\n<li><span class=\"fontstyle0\">Khoang l\u00f2 \u0111\u01b0\u1ee3c tr\u00e1ng men \u0111\u1eb7c bi\u1ec7t d\u1ec5 d\u00e0ng v\u1ec7 sinh<br \/>\n<\/span><\/li>\n<li><span class=\"fontstyle0\">9 ch\u1ee9c n\u0103ng n\u1ea5u n\u01b0\u1edbng: Bao g\u1ed3m N\u01b0\u1edbng \u0111\u00e8n, R\u00e3 \u0111\u00f4ng, N\u01b0\u1edbng \u0111\u00e1y, N\u01b0\u1edbng tr\u00ean d\u01b0\u1edbi, N\u01b0\u1edbng qu\u1ea1t, N\u01b0\u1edbng tr\u00ean, N\u01b0\u1edbng v\u1ec9 \u0111\u00f4i, N\u01b0\u1edbng v\u1ec9 \u0111\u00f4i k\u1ebft h\u1ee3p qu\u1ea1t, N\u01b0\u1edbng \u0111\u1ed1i l\u01b0u<\/span><\/li>\n<\/ul>\n<h3><strong>Ch\u1ee9c n\u0103ng an to\u00e0n<\/strong><\/h3>\n<ul>\n<li><span class=\"fontstyle0\">L\u00f2 n\u01b0\u1edbng Eurosun EOV65DE \u0111\u01b0\u1ee3c trang b\u1ecb c\u1eeda k\u00ednh c\u00e1ch nhi\u1ec7t an to\u00e0n v\u1edbi ng\u01b0\u1eddi s\u1eed d\u1ee5ng: gi\u00fap b\u1ea3o v\u1ec7 kh\u00f4ng gian xung quanh l\u00f2 kh\u1ecfi c\u00e1c tia b\u1ee9c x\u1ea1 v\u00e0 \u00f4 nhi\u1ec5m t\u1eeb khi l\u00f2 ho\u1ea1t \u0111\u1ed9ng<br \/>\n<\/span><\/li>\n<li><span class=\"fontstyle0\">Kh\u00f3a tr\u1ebb em: Gi\u00fap ng\u01b0\u1eddi d\u00f9ng tr\u00e1nh \u0111\u01b0\u1ee3c nh\u1eefng thao t\u00e1c l\u00ean b\u1ea3ng \u0111i\u1ec1u khi\u1ec3n ngo\u00e0i \u00fd mu\u1ed1n<\/span><\/li>\n<\/ul>\n<h3><strong>Th\u00f4ng tin k\u1ef9 thu\u1eadt<\/strong><\/h3>\n<ul>\n<li><span class=\"fontstyle0\">Dung t\u00edch: 65 l\u00edt<br \/>\n<\/span><\/li>\n<li><span class=\"fontstyle0\">Nhi\u1ec7t \u0111\u1ed9 n\u01b0\u1edbng: 50-250\u00baC<br \/>\n<\/span><\/li>\n<li><span class=\"fontstyle0\">C\u00f4ng su\u1ea5t: 3000W<br \/>\n<\/span><\/li>\n<li><span class=\"fontstyle0\">\u0110i\u1ec7n \u00e1p: 220V \/ 50Hz<br \/>\n<\/span><\/li>\n<li><span class=\"fontstyle0\">K\u00edch th\u01b0\u1edbc s\u1ea3n ph\u1ea9m: 595R x 575S x 595C mm<br \/>\n<\/span><\/li>\n<li><span class=\"fontstyle0\">K\u00edch th\u01b0\u1edbc kho\u00e9t t\u1ee7: 570R x 580S x590C mm<\/span><\/li>\n<\/ul>\n","protected":false},"excerpt":{"rendered":"<p>L\u00f2 n\u01b0\u1edbng Eurosun EOV65DE \u00e2m t\u1ee7 nh\u1eadp kh\u1ea9u nguy\u00ean chi\u1ebfc t\u1eeb Malaysia l\u00e0 s\u1ea3n ph\u1ea9m l\u00f2 n\u01b0\u1edbng cao c\u1ea5p, dung t\u00edch 65L v\u00e0 ph\u00f9 h\u1ee3p s\u1eed d\u1ee5ng cho \u0111\u1ea1i \u0111a s\u1ed1 gia \u0111\u00ecnh Vi\u1ec7t. V\u1edbi thi\u1ebft k\u1ebf sang tr\u1ecdng, s\u1eed d\u1ee5ng v\u1eadt li\u1ec7u cao c\u1ea5p nh\u1ea5t trong ng\u00e0nh th\u1ef1c ph\u1ea9m l\u00e0 Inox 304 (18\/10) k\u1ebft [&#8230;]\n","protected":false},"featured_media":737,"comment_status":"open","ping_status":"closed","template":"","meta":[],"product_brand":[],"product_cat":[95,106],"product_tag":[108,96,154,155,156],"class_list":{"0":"post-699","1":"product","2":"type-product","3":"status-publish","4":"has-post-thumbnail","6":"product_cat-lo-nuong","7":"product_cat-thuong-hieu-eurosun","8":"product_tag-eurosun","9":"product_tag-lo-nuong","10":"product_tag-lo-nuong-am","11":"product_tag-lo-nuong-am-eurosun","12":"product_tag-lo-nuong-am-tu","14":"first","15":"instock","16":"sale","17":"shipping-taxable","18":"purchasable","19":"product-type-simple"},"_links":{"self":[{"href":"https:\/\/livinghome.vn\/thiet-bi\/wp-json\/wp\/v2\/product\/699","targetHints":{"allow":["GET"]}}],"collection":[{"href":"https:\/\/livinghome.vn\/thiet-bi\/wp-json\/wp\/v2\/product"}],"about":[{"href":"https:\/\/livinghome.vn\/thiet-bi\/wp-json\/wp\/v2\/types\/product"}],"replies":[{"embeddable":true,"href":"https:\/\/livinghome.vn\/thiet-bi\/wp-json\/wp\/v2\/comments?post=699"}],"wp:featuredmedia":[{"embeddable":true,"href":"https:\/\/livinghome.vn\/thiet-bi\/wp-json\/wp\/v2\/media\/737"}],"wp:attachment":[{"href":"https:\/\/livinghome.vn\/thiet-bi\/wp-json\/wp\/v2\/media?parent=699"}],"wp:term":[{"taxonomy":"product_brand","embeddable":true,"href":"https:\/\/livinghome.vn\/thiet-bi\/wp-json\/wp\/v2\/product_brand?post=699"},{"taxonomy":"product_cat","embeddable":true,"href":"https:\/\/livinghome.vn\/thiet-bi\/wp-json\/wp\/v2\/product_cat?post=699"},{"taxonomy":"product_tag","embeddable":true,"href":"https:\/\/livinghome.vn\/thiet-bi\/wp-json\/wp\/v2\/product_tag?post=699"}],"curies":[{"name":"wp","href":"https:\/\/api.w.org\/{rel}","templated":true}]}}