{"id":698,"date":"2023-01-12T10:25:02","date_gmt":"2023-01-12T10:25:02","guid":{"rendered":"https:\/\/livinghome.vn\/thiet-bi\/?post_type=product&#038;p=698"},"modified":"2024-11-29T14:20:56","modified_gmt":"2024-11-29T07:20:56","slug":"voi-rua-chen-eurosun-s-kl038-dong-ma-crom","status":"publish","type":"product","link":"https:\/\/livinghome.vn\/thiet-bi\/voi-rua-chen-eurosun-s-kl038-dong-ma-crom\/","title":{"rendered":"V\u00f2i r\u1eeda ch\u00e9n Eurosun S-KL038 \u0111\u1ed3ng m\u1ea1 Crom"},"content":{"rendered":"<h2><strong>V\u00f2i r\u1eeda ch\u00e9n Eurosun S-KL038 \u0111\u1ed3ng m\u1ea1 Crom c\u00f3 thi\u1ebft k\u1ebf m\u1ec1m m\u1ea1i, tinh t\u1ebf s\u1ebd l\u00e0 l\u1ef1a ch\u1ecdn ph\u00f9 h\u1ee3p v\u1edbi c\u0103n b\u1ebfp xinh x\u1eafn c\u1ee7a gia \u0111\u00ecnh b\u1ea1n. \u0110\u01b0\u1ee3c s\u1ea3n xu\u1ea5t tr\u00ean d\u00e2y chuy\u1ec1n c\u00f4ng ngh\u1ec7 hi\u1ec7n \u0111\u1ea1i theo ti\u00eau chu\u1ea9n h\u00e0ng \u0111\u1ea7u Ch\u00e2u \u00c2u, \u0111\u01b0\u1ee3c ki\u1ec3m so\u00e1t nghi\u00eam ng\u1eb7t qua t\u1eebng c\u00f4ng \u0111o\u1ea1n nh\u1eb1m m\u1ee5c \u0111\u00edch t\u1ea1o ra nh\u1eefng s\u1ea3n ph\u1ea9m ch\u1ea5t l\u01b0\u1ee3ng t\u1ed1t nh\u1ea5t \u0111\u1ebfn tay ng\u01b0\u1eddi d\u00f9ng.<\/strong><\/h2>\n<figure id=\"attachment_48493\" aria-describedby=\"caption-attachment-48493\" style=\"width: 800px\" class=\"wp-caption alignnone\"><img loading=\"lazy\" decoding=\"async\" class=\"size-large wp-image-48493\" src=\"https:\/\/livinghome.vn\/thiet-bi\/wp-content\/uploads\/nha-bep\/eurosun\/voi-rua-chen\/voi-eurosun-s-kl038\/voi-eurosun-s-kl038-800x800.jpg\" alt=\"V\u00f2i r\u1eeda ch\u00e9n Eurosun S-KL038 \u0111\u1ed3ng m\u1ea1 Crom\" width=\"800\" height=\"800\" title=\"\"><figcaption id=\"caption-attachment-48493\" class=\"wp-caption-text\">V\u00f2i r\u1eeda ch\u00e9n Eurosun S-KL038 \u0111\u1ed3ng m\u1ea1 Crom<\/figcaption><\/figure>\n<h3><strong><span class=\"fontstyle0\">Th\u00f4ng tin s\u1ea3n ph\u1ea9m<\/span> <\/strong><\/h3>\n<ul>\n<li><a href=\"https:\/\/livinghome.vn\/product-category\/nha-bep\/voi-rua-chen\/\">V\u00f2i r\u1eeda ch\u00e9n<\/a> 1 \u0111\u01b0\u1eddng n\u01b0\u1edbc n\u00f3ng l\u1ea1nh.<\/li>\n<li>Ki\u1ec3u d\u00e1ng v\u00f2i c\u1eafm ch\u1eadu r\u1eeda b\u00e1t<\/li>\n<li>Ch\u1ea5t li\u1ec7u: \u0111\u1ed3ng 100% m\u1ea1 chrome<\/li>\n<li>D\u00f2ng v\u00f2i 1 \u0111\u01b0\u1eddng n\u01b0\u1edbc ho\u1eb7c v\u00f2i \u0111\u01a1n<\/li>\n<li>C\u00f3 th\u1ec3 quay 360 \u0111\u1ed9<\/li>\n<li>\u0110\u1ea7u t\u1ea1o b\u1ecdt ch\u1ed1ng b\u1eafn<\/li>\n<li>C\u00f3 th\u1ec3 th\u00e1o r\u1eddi v\u1ec7 sinh \u0111\u1ea7u t\u1ea1o b\u1ecdt<\/li>\n<li>Ph\u1ee5 ki\u1ec7n \u0111i k\u00e8m: 1 d\u00e2y c\u1ea5p d\u00e0i 40cm<\/li>\n<\/ul>\n<h3><strong>M\u00f4 t\u1ea3 s\u1ea3n ph\u1ea9m<\/strong><\/h3>\n<ul>\n<li>Ph\u1ea7n tay g\u1ea1t n\u01b0\u1edbc \u0111\u01b0\u1ee3c thi\u1ebft k\u1ebf d\u1ec5 d\u00e0ng s\u1eed d\u1ee5ng v\u1edbi ch\u1ebf \u0111\u1ed9 \u0111i\u1ec1u ch\u1ec9nh n\u01b0\u1edbc n\u00f3ng l\u1ea1nh. Thi\u1ebft k\u1ebf \u0111\u01b0\u1eddng cong nh\u1eb9 nh\u00e0ng, m\u1ec1m m\u1ea1i, chi\u1ec1u cao v\u00f2i n\u01b0\u1edbc l\u00fd t\u01b0\u1edfng cho m\u1ecdi thao t\u00e1c l\u00e0m b\u1ebfp. Thi\u1ebfu k\u1ebf c\u1ee7a <strong>V\u00f2i r\u1eeda ch\u00e9n Eurosun S-KL038<\/strong> <strong>kh\u00f4ng ch\u1ec9 \u0111\u1ea3m b\u1ea3o v\u1ec1 m\u1eb7t th\u1ea9m m\u1ef9 v\u00e0 c\u00f2n \u0111\u1ea3m b\u1ea3o y\u1ebfu t\u1ed1 ph\u00f9 h\u1ee3p v\u1edbi \u0111\u1eb7c \u0111i\u1ec3m, v\u00f3c d\u00e1ng c\u1ee7a ng\u01b0\u1eddi Vi\u1ec7t n\u00f3i ri\u00eang v\u00e0 ng\u01b0\u1eddi ch\u00e2u \u00c1 n\u00f3i chung.<\/strong>\u2666 <strong>V\u00f2i r\u1eeda ch\u00e9n Eurosun S-KL038<\/strong> c\u00f3 ch\u1ea5t li\u1ec7u 100% t\u1eeb \u0111\u1ed3ng v\u00e0 l\u1edbp m\u1ea1 Crom tr\u1eafng s\u00e1ng gi\u00fap v\u00f2i kh\u00f4ng b\u1ecb \u0103n m\u00f2n b\u1edfi c\u00e1c t\u1ea1p ch\u1ea5t trong n\u01b0\u1edbc nh\u1edd \u0111\u00f3 v\u00f2i lu\u00f4n lu\u00f4n s\u00e1ng b\u00f3ng, kh\u00f4ng hoen \u1ed1 g\u1ec9 s\u00e9t. S\u1edf h\u1eefu v\u1ebb b\u1ec1 ngo\u00e0i hi\u1ec7n \u0111\u1ea1i, s\u00e1ng b\u00f3ng, c\u00f9ng c\u00e1c t\u00ednh n\u0103ng th\u00f4ng minh, ch\u1ea5t li\u1ec7u \u0111\u1ed3ng m\u1ea1 crom c\u00f3 \u0111\u1ed9 b\u1ec1n c\u1ef1c t\u1ed1t khi s\u1eed d\u1ee5ng, \u0111\u00e2y l\u00e0 v\u00f2i n\u01b0\u1edbc l\u00fd t\u01b0\u1edfng gi\u00fap cho c\u00e1c c\u00f4ng vi\u1ec7c nh\u00e0 b\u1ebfp tr\u1edf n\u00ean \u0111\u01a1n gi\u1ea3n, d\u1ec5 d\u00e0ng h\u01a1n.<\/li>\n<\/ul>\n","protected":false},"excerpt":{"rendered":"<p>V\u00f2i r\u1eeda ch\u00e9n Eurosun S-KL038 \u0111\u1ed3ng m\u1ea1 Crom c\u00f3 thi\u1ebft k\u1ebf m\u1ec1m m\u1ea1i, tinh t\u1ebf s\u1ebd l\u00e0 l\u1ef1a ch\u1ecdn ph\u00f9 h\u1ee3p v\u1edbi c\u0103n b\u1ebfp xinh x\u1eafn c\u1ee7a gia \u0111\u00ecnh b\u1ea1n. \u0110\u01b0\u1ee3c s\u1ea3n xu\u1ea5t tr\u00ean d\u00e2y chuy\u1ec1n c\u00f4ng ngh\u1ec7 hi\u1ec7n \u0111\u1ea1i theo ti\u00eau chu\u1ea9n h\u00e0ng \u0111\u1ea7u Ch\u00e2u \u00c2u, \u0111\u01b0\u1ee3c ki\u1ec3m so\u00e1t nghi\u00eam ng\u1eb7t qua t\u1eebng c\u00f4ng [&#8230;]\n","protected":false},"featured_media":736,"comment_status":"open","ping_status":"closed","template":"","meta":[],"product_brand":[],"product_cat":[106,150],"product_tag":[108,151,152,153],"class_list":{"0":"post-698","1":"product","2":"type-product","3":"status-publish","4":"has-post-thumbnail","6":"product_cat-thuong-hieu-eurosun","7":"product_cat-voi-rua-chen","8":"product_tag-eurosun","9":"product_tag-voi-bep","10":"product_tag-voi-rua-chen","11":"product_tag-voi-rua-chen-eurosun","13":"first","14":"instock","15":"sale","16":"shipping-taxable","17":"purchasable","18":"product-type-simple"},"_links":{"self":[{"href":"https:\/\/livinghome.vn\/thiet-bi\/wp-json\/wp\/v2\/product\/698","targetHints":{"allow":["GET"]}}],"collection":[{"href":"https:\/\/livinghome.vn\/thiet-bi\/wp-json\/wp\/v2\/product"}],"about":[{"href":"https:\/\/livinghome.vn\/thiet-bi\/wp-json\/wp\/v2\/types\/product"}],"replies":[{"embeddable":true,"href":"https:\/\/livinghome.vn\/thiet-bi\/wp-json\/wp\/v2\/comments?post=698"}],"wp:featuredmedia":[{"embeddable":true,"href":"https:\/\/livinghome.vn\/thiet-bi\/wp-json\/wp\/v2\/media\/736"}],"wp:attachment":[{"href":"https:\/\/livinghome.vn\/thiet-bi\/wp-json\/wp\/v2\/media?parent=698"}],"wp:term":[{"taxonomy":"product_brand","embeddable":true,"href":"https:\/\/livinghome.vn\/thiet-bi\/wp-json\/wp\/v2\/product_brand?post=698"},{"taxonomy":"product_cat","embeddable":true,"href":"https:\/\/livinghome.vn\/thiet-bi\/wp-json\/wp\/v2\/product_cat?post=698"},{"taxonomy":"product_tag","embeddable":true,"href":"https:\/\/livinghome.vn\/thiet-bi\/wp-json\/wp\/v2\/product_tag?post=698"}],"curies":[{"name":"wp","href":"https:\/\/api.w.org\/{rel}","templated":true}]}}