{"id":696,"date":"2023-01-12T10:25:01","date_gmt":"2023-01-12T10:25:01","guid":{"rendered":"https:\/\/livinghome.vn\/thiet-bi\/?post_type=product&#038;p=696"},"modified":"2024-11-29T14:20:57","modified_gmt":"2024-11-29T07:20:57","slug":"voi-rua-chen-eurosun-s-k028r-dong-ma-crom","status":"publish","type":"product","link":"https:\/\/livinghome.vn\/thiet-bi\/voi-rua-chen-eurosun-s-k028r-dong-ma-crom\/","title":{"rendered":"V\u00f2i r\u1eeda ch\u00e9n Eurosun S-K028R \u0111\u1ed3ng m\u1ea1 Crom"},"content":{"rendered":"<h2><strong> V\u00f2i r\u1eeda ch\u00e9n Eurosun S-K028R \u0111\u1ed3ng m\u1ea1 Crom gi\u00fap thao t\u00e1c d\u1ec5 d\u00e0ng, thu\u1eadn ti\u1ec7n cho ng\u01b0\u1eddi s\u1eed d\u1ee5ng. \u0110\u01b0\u1ee3c chau chu\u1ed1t t\u1eebng \u0111\u01b0\u1eddng n\u00e9t, t\u1ec9 m\u1ec9 theo t\u1eebng chi ti\u1ebft s\u1ea3n ph\u1ea9m, V\u00f2i r\u1eeda ch\u00e9n Eurosun S-K028R l\u00e0 s\u1ef1 l\u1ef1a ch\u1ecdn th\u00f4ng minh cho nh\u00e0 b\u1ebfp c\u1ee7a b\u1ea1n.<\/strong><\/h2>\n<figure id=\"attachment_48489\" aria-describedby=\"caption-attachment-48489\" style=\"width: 800px\" class=\"wp-caption alignnone\"><img loading=\"lazy\" decoding=\"async\" class=\"size-large wp-image-48489\" src=\"https:\/\/livinghome.vn\/thiet-bi\/wp-content\/uploads\/nha-bep\/eurosun\/voi-rua-chen\/voi-eurosun-s-k028r\/voi-eurosun-s-k028r-800x800.jpg\" alt=\"V\u00f2i r\u1eeda ch\u00e9n Eurosun S-K028R \u0111\u1ed3ng m\u1ea1 Crom\" width=\"800\" height=\"800\" title=\"\"><figcaption id=\"caption-attachment-48489\" class=\"wp-caption-text\">V\u00f2i r\u1eeda ch\u00e9n Eurosun S-K028R \u0111\u1ed3ng m\u1ea1 Crom<\/figcaption><\/figure>\n<h3><strong><span class=\"fontstyle0\">Th\u00f4ng tin s\u1ea3n ph\u1ea9m<\/span> <\/strong><\/h3>\n<ul>\n<li><a href=\"https:\/\/livinghome.vn\/product-category\/nha-bep\/voi-rua-chen\/\">V\u00f2i r\u1eeda ch\u00e9n<\/a> 2 \u0111\u01b0\u1eddng n\u01b0\u1edbc n\u00f3ng l\u1ea1nh.<\/li>\n<li>Ch\u1ea5t li\u1ec7u: 100% \u0110\u1ed3ng m\u1ea1 Crom<\/li>\n<li>Ki\u1ec3u d\u00e1ng hi\u1ec7n \u0111\u1ea1i cho ph\u00f2ng b\u1ebfp<\/li>\n<li>Ch\u1ee9c n\u0103ng r\u00fat \u0111\u1ea7u v\u00f2i linh ho\u1ea1t, t\u1ef1 \u0111\u1ed9ng thu l\u1ea1i b\u1edfi c\u1ee5c \u0111\u1ed1i tr\u1ecdng b\u00ean d\u01b0\u1edbi d\u00e2y d\u1eabn<\/li>\n<li>D\u1ec5 v\u1ec7 sinh b\u1edfi b\u1ec1 m\u1eb7t Crom<\/li>\n<li>\u0110\u1ea7u v\u00f2i c\u00f3 ch\u1ebf \u0111\u1ed9 b\u1eadt 2 m\u1ee9c n\u01b0\u1edbc m\u1ea1nh, y\u1ebfu<\/li>\n<li>Tay c\u1ea7m thi\u1ebft k\u1ebf silicon m\u00e0u \u0111en<\/li>\n<li>Ph\u1ee5 ki\u1ec7n \u0111i k\u00e8m: 02 d\u00e2y c\u1ea5p, c\u1ee5c \u0111\u1ed1i tr\u1ecdng.<\/li>\n<\/ul>\n<h3><strong>M\u00f4 t\u1ea3 s\u1ea3n ph\u1ea9m<\/strong><\/h3>\n<ul>\n<li><strong>V\u00f2i r\u1eeda ch\u00e9n Eurosun S-K028R<\/strong> lu\u00f4n \u0111\u01b0\u1ee3c \u01b0a chu\u1ed9ng b\u1edfi kh\u1ea3 n\u0103ng di chuy\u1ec3n c\u1ea7n r\u1eeda linh ho\u1ea1t, m\u1edf r\u1ed9ng ph\u1ea1m vi thao t\u00e1c. \u0110\u1ea7u v\u00f2i \u0111a n\u0103ng c\u00f3 th\u1ec3 k\u00e9o d\u00e0i \u0111\u1ec3 v\u1ec7 sinh th\u00e0nh ch\u1eadu r\u1eeda ho\u1eb7c r\u1eeda c\u00e1c v\u1eadt d\u1ee5ng l\u1edbn m\u1ed9t c\u00e1ch d\u1ec5 d\u00e0ng v\u00e0 thu\u1eadn ti\u1ec7n. Thi\u1ebft k\u1ebf kh\u1ecfe kho\u1eb3n, tr\u1ebb trung, b\u1ec1n b\u1ec9, Chi\u1ec1u cao l\u00fd t\u01b0\u1edfng cho m\u1ecdi thao t\u00e1c l\u00e0m b\u1ebfp.<\/li>\n<li>V\u00f2i r\u1eeda c\u00f3 2 \u0111\u01b0\u1eddng n\u01b0\u1edbc n\u00f3ng l\u1ea1nh, thao t\u00e1c t\u00f9y ch\u1ec9nh nhi\u1ec7t \u0111\u1ed9 n\u01b0\u1edbc ph\u00f9 h\u1ee3p v\u1edbi nhu c\u1ea7u s\u1eed d\u1ee5ng. \u0110\u1ea7u v\u00f2i c\u00f3 ch\u1ebf \u0111\u1ed9 b\u1eadt 2 m\u1ee9c n\u01b0\u1edbc m\u1ea1nh, y\u1ebfu, \u0111i\u1ec1u ch\u1ec9nh theo \u00fd mu\u1ed1n.<\/li>\n<li><strong>V\u00f2i r\u1eeda ch\u00e9n Eurosun S-K028R<\/strong> c\u00f3 ch\u1ea5t li\u1ec7u 100% t\u1eeb \u0111\u1ed3ng v\u00e0 l\u1edbp m\u1ea1 Crom tr\u1eafng s\u00e1ng gi\u00fap v\u00f2i kh\u00f4ng b\u1ecb \u0103n m\u00f2n b\u1edfi c\u00e1c t\u1ea1p ch\u1ea5t trong n\u01b0\u1edbc nh\u1edd \u0111\u00f3 v\u00f2i lu\u00f4n lu\u00f4n s\u00e1ng b\u00f3ng, kh\u00f4ng hoen \u1ed1 g\u1ec9 s\u00e9t. S\u1edf h\u1eefu v\u1ebb b\u1ec1 ngo\u00e0i hi\u1ec7n \u0111\u1ea1i, s\u00e1ng b\u00f3ng, c\u00f9ng c\u00e1c t\u00ednh n\u0103ng th\u00f4ng minh, ch\u1ea5t li\u1ec7u \u0111\u1ed3ng m\u1ea1 crom c\u00f3 \u0111\u1ed9 b\u1ec1n c\u1ef1c t\u1ed1t khi s\u1eed d\u1ee5ng, \u0111\u00e2y l\u00e0 v\u00f2i n\u01b0\u1edbc l\u00fd t\u01b0\u1edfng gi\u00fap cho c\u00e1c c\u00f4ng vi\u1ec7c nh\u00e0 b\u1ebfp tr\u1edf n\u00ean \u0111\u01a1n gi\u1ea3n, d\u1ec5 d\u00e0ng h\u01a1n.<\/li>\n<\/ul>\n","protected":false},"excerpt":{"rendered":"<p>V\u00f2i r\u1eeda ch\u00e9n Eurosun S-K028R \u0111\u1ed3ng m\u1ea1 Crom gi\u00fap thao t\u00e1c d\u1ec5 d\u00e0ng, thu\u1eadn ti\u1ec7n cho ng\u01b0\u1eddi s\u1eed d\u1ee5ng. \u0110\u01b0\u1ee3c chau chu\u1ed1t t\u1eebng \u0111\u01b0\u1eddng n\u00e9t, t\u1ec9 m\u1ec9 theo t\u1eebng chi ti\u1ebft s\u1ea3n ph\u1ea9m, V\u00f2i r\u1eeda ch\u00e9n Eurosun S-K028R l\u00e0 s\u1ef1 l\u1ef1a ch\u1ecdn th\u00f4ng minh cho nh\u00e0 b\u1ebfp c\u1ee7a b\u1ea1n. Th\u00f4ng tin s\u1ea3n ph\u1ea9m V\u00f2i r\u1eeda [&#8230;]\n","protected":false},"featured_media":734,"comment_status":"open","ping_status":"closed","template":"","meta":[],"product_brand":[],"product_cat":[106,150],"product_tag":[108,151,152,153],"class_list":{"0":"post-696","1":"product","2":"type-product","3":"status-publish","4":"has-post-thumbnail","6":"product_cat-thuong-hieu-eurosun","7":"product_cat-voi-rua-chen","8":"product_tag-eurosun","9":"product_tag-voi-bep","10":"product_tag-voi-rua-chen","11":"product_tag-voi-rua-chen-eurosun","13":"first","14":"instock","15":"sale","16":"shipping-taxable","17":"purchasable","18":"product-type-simple"},"_links":{"self":[{"href":"https:\/\/livinghome.vn\/thiet-bi\/wp-json\/wp\/v2\/product\/696","targetHints":{"allow":["GET"]}}],"collection":[{"href":"https:\/\/livinghome.vn\/thiet-bi\/wp-json\/wp\/v2\/product"}],"about":[{"href":"https:\/\/livinghome.vn\/thiet-bi\/wp-json\/wp\/v2\/types\/product"}],"replies":[{"embeddable":true,"href":"https:\/\/livinghome.vn\/thiet-bi\/wp-json\/wp\/v2\/comments?post=696"}],"wp:featuredmedia":[{"embeddable":true,"href":"https:\/\/livinghome.vn\/thiet-bi\/wp-json\/wp\/v2\/media\/734"}],"wp:attachment":[{"href":"https:\/\/livinghome.vn\/thiet-bi\/wp-json\/wp\/v2\/media?parent=696"}],"wp:term":[{"taxonomy":"product_brand","embeddable":true,"href":"https:\/\/livinghome.vn\/thiet-bi\/wp-json\/wp\/v2\/product_brand?post=696"},{"taxonomy":"product_cat","embeddable":true,"href":"https:\/\/livinghome.vn\/thiet-bi\/wp-json\/wp\/v2\/product_cat?post=696"},{"taxonomy":"product_tag","embeddable":true,"href":"https:\/\/livinghome.vn\/thiet-bi\/wp-json\/wp\/v2\/product_tag?post=696"}],"curies":[{"name":"wp","href":"https:\/\/api.w.org\/{rel}","templated":true}]}}