{"id":678,"date":"2023-01-12T10:24:38","date_gmt":"2023-01-12T10:24:38","guid":{"rendered":"https:\/\/livinghome.vn\/thiet-bi\/?post_type=product&#038;p=678"},"modified":"2024-11-29T14:20:57","modified_gmt":"2024-11-29T07:20:57","slug":"chau-rua-chen-eurosun-eu-8245c-handmade-chong-tran-chong-on","status":"publish","type":"product","link":"https:\/\/livinghome.vn\/thiet-bi\/chau-rua-chen-eurosun-eu-8245c-handmade-chong-tran-chong-on\/","title":{"rendered":"Ch\u1eadu r\u1eeda ch\u00e9n Eurosun EU-8245C Handmade ch\u1ed1ng tr\u00e0n, ch\u1ed1ng \u1ed3n"},"content":{"rendered":"<h2><strong>M\u1ed9t trong nh\u1eefng s\u1ea3n ph\u1ea9m b\u00e1n ch\u1ea1y nh\u1ea5t hi\u1ec7n nay \u0111\u00f3 l\u00e0 m\u1eabu Ch\u1eadu r\u1eeda ch\u00e9n Eurosun EU-8245C. S\u1ea3n ph\u1ea9m \u0111\u01b0\u1ee3c \u01b0a chu\u1ed9ng b\u1edfi thi\u1ebft k\u1ebf b\u1eaft m\u1eaft, gi\u00e1 c\u1ea3 ph\u1ea3i ch\u0103ng m\u00e0 l\u1ea1i \u0111\u1ea3m b\u1ea3o c\u00e1c y\u1ebfu t\u1ed1 k\u1ef9 thu\u1eadt.<\/strong><\/h2>\n<figure id=\"attachment_48457\" aria-describedby=\"caption-attachment-48457\" style=\"width: 800px\" class=\"wp-caption alignnone\"><img loading=\"lazy\" decoding=\"async\" class=\"size-large wp-image-48457\" src=\"https:\/\/livinghome.vn\/thiet-bi\/wp-content\/uploads\/nha-bep\/eurosun\/chau-rua-chen\/chau-eurosun-eu-8245c\/chau-eurosun-eu-8245c-800x800.jpg\" alt=\"Ch\u1eadu r\u1eeda ch\u00e9n Eurosun EU-8245C Handmade ch\u1ed1ng tr\u00e0n, ch\u1ed1ng \u1ed3n\" width=\"800\" height=\"800\" title=\"\"><figcaption id=\"caption-attachment-48457\" class=\"wp-caption-text\">Ch\u1eadu r\u1eeda ch\u00e9n Eurosun EU-8245C Handmade ch\u1ed1ng tr\u00e0n, ch\u1ed1ng \u1ed3n<\/figcaption><\/figure>\n<h3><strong><span class=\"fontstyle0\">\u0110\u1eb7c t\u00ednh s\u1ea3n ph\u1ea9m<\/span> <\/strong><\/h3>\n<ul>\n<li>Ch\u1ea5t li\u1ec7u inox SUS304 \u0111\u1ed9 d\u00e0y 3.5 mm ch\u1eafc ch\u1eafn.<\/li>\n<li>B\u1ec1 m\u1eb7t \u0111\u01b0\u1ee3c x\u1eed l\u00fd b\u1eb1ng c\u00f4ng ngh\u1ec7 Nano nhi\u1ec7t \u0111\u1ed9 cao ch\u1ed1ng b\u00e1m b\u1ea9n v\u00e0 kh\u00e1ng khu\u1ea9n.<\/li>\n<li>B\u1ed3n ch\u1eadu r\u1eeda \u0111\u01b0\u1ee3c s\u01a1n ch\u1ed1ng \u1ed3n t\u1ea1o cho s\u1ea3n ph\u1ea9m s\u1ef1 d\u00e0y d\u1eb7n, ch\u1eafc ch\u1eafn, thi\u1ebft k\u1ebf hi\u1ec7n \u0111\u1ea1i thu\u1eadn l\u1ee3i t\u1ed1i \u0111a.<\/li>\n<li>Vi\u1ec1n ch\u1eadu ph\u1eb3ng gi\u00fap v\u1ec7 sinh d\u1ec5 d\u00e0ng.<\/li>\n<li>H\u1ec7 th\u1ed1ng Xifong \u0111\u1ed3ng b\u1ed9 tho\u00e1t n\u01b0\u1edbc nhanh.<\/li>\n<li>Thi\u1ebft k\u1ebf ch\u1ed1ng tr\u00e0n gi\u00fap \u0111\u1ea9y l\u00f9i n\u1ed7i lo b\u1ecb n\u01b0\u1edbc l\u00eanh l\u00e1ng ra nh\u00e0 khi qu\u00ean t\u1eaft v\u00f2i n\u01b0\u1edbc.<\/li>\n<li>K\u00edch th\u01b0\u1edbc s\u1ea3n ph\u1ea9m: 820R x 450S x 230C<\/li>\n<li>K\u00edch th\u01b0\u1edbc kho\u00e9t \u0111\u00e1: 795R x 425S mm<\/li>\n<\/ul>\n<h3><strong>\u01afu \u0111i\u1ec3m n\u1ed5i b\u1eadt<\/strong><\/h3>\n<ul>\n<li style=\"font-weight: 400;\"><b><b><strong><a href=\"https:\/\/livinghome.vn\/product-category\/nha-bep\/chau-rua-chen\/\">Ch\u1eadu r\u1eeda ch\u00e9n<\/a>\u00a0Eurosun EU-8245C <\/strong><\/b><\/b>\u0111\u01b0\u1ee3c l\u00e0m t\u1eeb ch\u1ea5t li\u1ec7u\u00a0<strong style=\"color: #555555;\">inox cao c\u1ea5p\u00a0<\/strong><span style=\"color: #555555;\">th\u00e0nh ch\u1eadu d\u00e0y\u00a03-5mm\u00a0,<\/span><strong style=\"color: #555555;\">\u00a0<\/strong><span style=\"color: #555555;\">b\u1ec1n \u0111\u1eb9p, ch\u1ecbu l\u1ef1c t\u1ed1t, ch\u1ed1ng m\u00e0i m\u00f2n, b\u1ec1 m\u1eb7t lu\u00f4n s\u00e1ng b\u00f3ng, s\u1ea1ch s\u1ebd, d\u1ec5 d\u00e0ng v\u1ec7 sinh, lau ch\u00f9i, r\u1ea5t \u0111\u01b0\u1ee3c ng\u01b0\u1eddi ti\u00eau d\u00f9ng \u01b0a th\u00edch<\/span><\/li>\n<li style=\"font-weight: 400;\"><strong><span style=\"color: #555555;\">Ch\u1eadu r\u1eeda ch\u00e9n Eurosun EU-8245C <\/span><\/strong><strong style=\"color: #555555;\">c\u00f3\u00a0<\/strong><span style=\"color: #555555;\">b\u1ec1 m\u1eb7t \u0111\u01b0\u1ee3c x\u1eed l\u00fd b\u1eb1ng c\u00f4ng ngh\u1ec7 Satin v\u1edbi \u0111\u1ed9 b\u1ec1n cao, m\u00e0u s\u1eafc t\u01b0\u01a1i s\u00e1ng, ch\u1ed1ng b\u00e1m b\u1ea9n. B\u1ed3n ch\u1eadu r\u1eeda \u0111\u01b0\u1ee3c s\u01a1n ch\u1ed1ng \u1ed3n t\u1ea1o cho s\u1ea3n ph\u1ea9m s\u1ef1 d\u00e0y d\u1eb7n, ch\u1eafc ch\u1eafn, thi\u1ebft k\u1ebf hi\u1ec7n \u0111\u1ea1i thu\u1eadn l\u1ee3i t\u1ed1i \u0111a, b\u1ec1 m\u1eb7t vi\u1ec1n ch\u1eadu ph\u1eb3ng gi\u00fap v\u1ec7 sinh d\u1ec5 d\u00e0ng.<\/span><\/li>\n<li style=\"font-weight: 400;\">H\u1ec7 th\u1ed1ng Siphon \u0111\u1ed3ng b\u1ed9 tho\u00e1t n\u01b0\u1edbc nhanh, h\u1ec7 th\u1ed1ng ch\u1ed1ng tr\u00e0n<\/li>\n<\/ul>\n","protected":false},"excerpt":{"rendered":"<p>M\u1ed9t trong nh\u1eefng s\u1ea3n ph\u1ea9m b\u00e1n ch\u1ea1y nh\u1ea5t hi\u1ec7n nay \u0111\u00f3 l\u00e0 m\u1eabu Ch\u1eadu r\u1eeda ch\u00e9n Eurosun EU-8245C. S\u1ea3n ph\u1ea9m \u0111\u01b0\u1ee3c \u01b0a chu\u1ed9ng b\u1edfi thi\u1ebft k\u1ebf b\u1eaft m\u1eaft, gi\u00e1 c\u1ea3 ph\u1ea3i ch\u0103ng m\u00e0 l\u1ea1i \u0111\u1ea3m b\u1ea3o c\u00e1c y\u1ebfu t\u1ed1 k\u1ef9 thu\u1eadt. \u0110\u1eb7c t\u00ednh s\u1ea3n ph\u1ea9m Ch\u1ea5t li\u1ec7u inox SUS304 \u0111\u1ed9 d\u00e0y 3.5 mm ch\u1eafc ch\u1eafn. [&#8230;]\n","protected":false},"featured_media":727,"comment_status":"open","ping_status":"closed","template":"","meta":[],"product_brand":[],"product_cat":[79,106],"product_tag":[148,149,108],"class_list":{"0":"post-678","1":"product","2":"type-product","3":"status-publish","4":"has-post-thumbnail","6":"product_cat-chau-rua-chen-bat","7":"product_cat-thuong-hieu-eurosun","8":"product_tag-chau-rua-chen","9":"product_tag-chau-rua-chen-eurosun","10":"product_tag-eurosun","12":"first","13":"instock","14":"sale","15":"shipping-taxable","16":"purchasable","17":"product-type-simple"},"_links":{"self":[{"href":"https:\/\/livinghome.vn\/thiet-bi\/wp-json\/wp\/v2\/product\/678","targetHints":{"allow":["GET"]}}],"collection":[{"href":"https:\/\/livinghome.vn\/thiet-bi\/wp-json\/wp\/v2\/product"}],"about":[{"href":"https:\/\/livinghome.vn\/thiet-bi\/wp-json\/wp\/v2\/types\/product"}],"replies":[{"embeddable":true,"href":"https:\/\/livinghome.vn\/thiet-bi\/wp-json\/wp\/v2\/comments?post=678"}],"wp:featuredmedia":[{"embeddable":true,"href":"https:\/\/livinghome.vn\/thiet-bi\/wp-json\/wp\/v2\/media\/727"}],"wp:attachment":[{"href":"https:\/\/livinghome.vn\/thiet-bi\/wp-json\/wp\/v2\/media?parent=678"}],"wp:term":[{"taxonomy":"product_brand","embeddable":true,"href":"https:\/\/livinghome.vn\/thiet-bi\/wp-json\/wp\/v2\/product_brand?post=678"},{"taxonomy":"product_cat","embeddable":true,"href":"https:\/\/livinghome.vn\/thiet-bi\/wp-json\/wp\/v2\/product_cat?post=678"},{"taxonomy":"product_tag","embeddable":true,"href":"https:\/\/livinghome.vn\/thiet-bi\/wp-json\/wp\/v2\/product_tag?post=678"}],"curies":[{"name":"wp","href":"https:\/\/api.w.org\/{rel}","templated":true}]}}