{"id":677,"date":"2023-01-12T10:24:38","date_gmt":"2023-01-12T10:24:38","guid":{"rendered":"https:\/\/livinghome.vn\/thiet-bi\/?post_type=product&#038;p=677"},"modified":"2024-11-29T14:20:57","modified_gmt":"2024-11-29T07:20:57","slug":"chau-rua-chen-eurosun-eu-8143e6-handmade-chong-tran-chong-on","status":"publish","type":"product","link":"https:\/\/livinghome.vn\/thiet-bi\/chau-rua-chen-eurosun-eu-8143e6-handmade-chong-tran-chong-on\/","title":{"rendered":"Ch\u1eadu r\u1eeda ch\u00e9n Eurosun EU-8143E6 Handmade ch\u1ed1ng tr\u00e0n, ch\u1ed1ng \u1ed3n"},"content":{"rendered":"<h2><strong>N\u1ebfu b\u1ea1n mong mu\u1ed1n t\u1ed1i \u01b0u v\u1ec1 chi ph\u00ed th\u00ec Ch\u1eadu r\u1eeda ch\u00e9n Eurosun EU-8143E6 l\u00e0 s\u1ef1 l\u1ef1a ch\u1ecdn h\u1ee3p l\u00fd d\u00e0nh cho b\u1ea1n. C\u00f9ng t\u00ecm hi\u1ec3u th\u00f4ng tin chi ti\u1ebft v\u1ec1 s\u1ea3n ph\u1ea9m n\u00e0y ngay d\u01b0\u1edbi \u0111\u00e2y nh\u00e9!<\/strong><\/h2>\n<figure id=\"attachment_48454\" aria-describedby=\"caption-attachment-48454\" style=\"width: 800px\" class=\"wp-caption alignnone\"><img loading=\"lazy\" decoding=\"async\" class=\"size-large wp-image-48454\" src=\"https:\/\/livinghome.vn\/thiet-bi\/wp-content\/uploads\/nha-bep\/eurosun\/chau-rua-chen\/chau-eurosun-eu-8143e6\/chau-eurosun-eu-8143e6-800x800.jpg\" alt=\"Ch\u1eadu r\u1eeda ch\u00e9n Eurosun EU-8143E6 Handmade ch\u1ed1ng tr\u00e0n, ch\u1ed1ng \u1ed3n\" width=\"800\" height=\"800\" title=\"\"><figcaption id=\"caption-attachment-48454\" class=\"wp-caption-text\">Ch\u1eadu r\u1eeda ch\u00e9n Eurosun EU-8143E6 Handmade ch\u1ed1ng tr\u00e0n, ch\u1ed1ng \u1ed3n<\/figcaption><\/figure>\n<h3><strong><span class=\"fontstyle0\">\u0110\u1eb7c t\u00ednh s\u1ea3n ph\u1ea9m<\/span> <\/strong><\/h3>\n<ul>\n<li>Ch\u1ea5t li\u1ec7u inox Cao c\u1ea5p \u0111\u1ed9 d\u00e0y 0.8 mm<\/li>\n<li>B\u1ec1 m\u1eb7t \u0111\u01b0\u1ee3c x\u1eed l\u00fd b\u1eb1ng c\u00f4ng ngh\u1ec7 Nano B\u1ea1c kh\u00e1ng khu\u1ea9n<\/li>\n<li>B\u1ed3n ch\u1eadu r\u1eeda \u0111\u01b0\u1ee3c s\u01a1n ch\u1ed1ng \u1ed3n t\u1ea1o cho s\u1ea3n ph\u1ea9m s\u1ef1 d\u00e0y d\u1eb7n, ch\u1eafc ch\u1eafn, thi\u1ebft k\u1ebf hi\u1ec7n \u0111\u1ea1i.<\/li>\n<li>Vi\u1ec1n ch\u1eadu cong m\u1ec1m m\u1ea1i, \u0111\u1eb9p m\u1eaft<\/li>\n<li>H\u1ec7 th\u1ed1ng Xifong \u0111\u1ed3ng b\u1ed9 tho\u00e1t n\u01b0\u1edbc nhanh.<\/li>\n<li>Thi\u1ebft k\u1ebf ch\u1ed1ng tr\u00e0n gi\u00fap \u0111\u1ea9y l\u00f9i n\u1ed7i lo b\u1ecb n\u01b0\u1edbc l\u00eanh l\u00e1ng ra nh\u00e0 khi qu\u00ean t\u1eaft v\u00f2i n\u01b0\u1edbc.<\/li>\n<li>K\u00edch th\u01b0\u1edbc s\u1ea3n ph\u1ea9m: 810R x 430S x 210C mm<\/li>\n<li>K\u00edch th\u01b0\u1edbc kho\u00e9t \u0111\u00e1: 783 x 402 mm<\/li>\n<\/ul>\n<h3><strong>\u01afu \u0111i\u1ec3m n\u1ed5i b\u1eadt<\/strong><\/h3>\n<ul>\n<li style=\"font-weight: 400;\"><b><strong><a href=\"https:\/\/livinghome.vn\/product-category\/nha-bep\/chau-rua-chen\/\">Ch\u1eadu r\u1eeda ch\u00e9n<\/a>\u00a0Eurosun EU-8143E6 <\/strong><\/b>c\u00f3<strong><em>\u00a0<\/em><\/strong>l\u1ed7 tho\u00e1t n\u01b0\u1edbc nhanh ch\u00f3ng, tr\u00e1nh ng\u01b0ng t\u1ee5 n\u01b0\u1edbc. B\u1ec1 m\u1eb7t ch\u1eadu r\u1eeda s\u00e1ng b\u00f3ng, h\u1ea1n ch\u1ebf b\u00e1m d\u1ea7u m\u1ee1, d\u1ec5 d\u00e0ng v\u1ec7 sinh. Thi\u1ebft k\u1ebf ch\u1ed1ng tr\u00e0n, ch\u1ed1ng \u1ed3n, t\u1ea1o c\u1ea3m gi\u00e1c tho\u1ea3i m\u00e1i khi s\u1eed d\u1ee5ng.<\/li>\n<li style=\"font-weight: 400;\"><strong style=\"color: #555555;\">Ch\u1eadu r\u1eeda ch\u00e9n Eurosun EU-8143E6 <\/strong><strong style=\"color: #555555;\">\u0111\u01b0\u1ee3c l\u00e0m t\u1eeb Inox cao c\u1ea5p<\/strong><span style=\"color: #555555;\">\u00a0,ch\u1ecbu l\u1ef1c t\u1ed1t, ch\u1ed1ng m\u00e0i m\u00f2n, b\u1ec1 m\u1eb7t lu\u00f4n s\u00e1ng b\u00f3ng, s\u1ea1ch s\u1ebd, d\u1ec5 d\u00e0ng v\u1ec7 sinh, lau ch\u00f9i, r\u1ea5t \u0111\u01b0\u1ee3c ng\u01b0\u1eddi ti\u00eau d\u00f9ng \u01b0a th\u00edch<\/span><\/li>\n<li style=\"font-weight: 400;\"><strong>Ch\u1eadu r\u1eeda ch\u00e9n Eurosun EU-8143E6 <\/strong>c\u00f3<strong>\u00a0<\/strong>b\u1ec1 m\u1eb7t \u0111\u01b0\u1ee3c x\u1eed l\u00fd b\u1eb1ng\u00a0<strong>c\u00f4ng ngh\u1ec7 Nano nhi\u1ec7t \u0111\u1ed9 cao<\/strong>\u00a0ch\u1ed1ng b\u00e1m b\u1ea9n v\u00e0 kh\u00e1ng khu\u1ea9n cho s\u1ea3n ph\u1ea9m lu\u00f4n s\u00e1ng \u0111\u1eb9p v\u00e0 b\u1ec1n v\u1edbi th\u1eddi gian.\u00a0B\u1ed3n ch\u1eadu r\u1eeda \u0111\u01b0\u1ee3c s\u01a1n ch\u1ed1ng \u1ed3n t\u1ea1o cho s\u1ea3n ph\u1ea9m s\u1ef1 d\u00e0y d\u1eb7n, ch\u1eafc ch\u1eafn, thi\u1ebft k\u1ebf hi\u1ec7n \u0111\u1ea1i thu\u1eadn l\u1ee3i t\u1ed1i \u0111a, b\u1ec1 m\u1eb7t vi\u1ec1n ch\u1eadu ph\u1eb3ng gi\u00fap v\u1ec7 sinh d\u1ec5 d\u00e0ng.<\/li>\n<\/ul>\n","protected":false},"excerpt":{"rendered":"<p>N\u1ebfu b\u1ea1n mong mu\u1ed1n t\u1ed1i \u01b0u v\u1ec1 chi ph\u00ed th\u00ec Ch\u1eadu r\u1eeda ch\u00e9n Eurosun EU-8143E6 l\u00e0 s\u1ef1 l\u1ef1a ch\u1ecdn h\u1ee3p l\u00fd d\u00e0nh cho b\u1ea1n. C\u00f9ng t\u00ecm hi\u1ec3u th\u00f4ng tin chi ti\u1ebft v\u1ec1 s\u1ea3n ph\u1ea9m n\u00e0y ngay d\u01b0\u1edbi \u0111\u00e2y nh\u00e9! \u0110\u1eb7c t\u00ednh s\u1ea3n ph\u1ea9m Ch\u1ea5t li\u1ec7u inox Cao c\u1ea5p \u0111\u1ed9 d\u00e0y 0.8 mm B\u1ec1 m\u1eb7t \u0111\u01b0\u1ee3c [&#8230;]\n","protected":false},"featured_media":726,"comment_status":"open","ping_status":"closed","template":"","meta":[],"product_brand":[],"product_cat":[79,106],"product_tag":[148,149,108],"class_list":{"0":"post-677","1":"product","2":"type-product","3":"status-publish","4":"has-post-thumbnail","6":"product_cat-chau-rua-chen-bat","7":"product_cat-thuong-hieu-eurosun","8":"product_tag-chau-rua-chen","9":"product_tag-chau-rua-chen-eurosun","10":"product_tag-eurosun","12":"first","13":"instock","14":"sale","15":"shipping-taxable","16":"purchasable","17":"product-type-simple"},"_links":{"self":[{"href":"https:\/\/livinghome.vn\/thiet-bi\/wp-json\/wp\/v2\/product\/677","targetHints":{"allow":["GET"]}}],"collection":[{"href":"https:\/\/livinghome.vn\/thiet-bi\/wp-json\/wp\/v2\/product"}],"about":[{"href":"https:\/\/livinghome.vn\/thiet-bi\/wp-json\/wp\/v2\/types\/product"}],"replies":[{"embeddable":true,"href":"https:\/\/livinghome.vn\/thiet-bi\/wp-json\/wp\/v2\/comments?post=677"}],"wp:featuredmedia":[{"embeddable":true,"href":"https:\/\/livinghome.vn\/thiet-bi\/wp-json\/wp\/v2\/media\/726"}],"wp:attachment":[{"href":"https:\/\/livinghome.vn\/thiet-bi\/wp-json\/wp\/v2\/media?parent=677"}],"wp:term":[{"taxonomy":"product_brand","embeddable":true,"href":"https:\/\/livinghome.vn\/thiet-bi\/wp-json\/wp\/v2\/product_brand?post=677"},{"taxonomy":"product_cat","embeddable":true,"href":"https:\/\/livinghome.vn\/thiet-bi\/wp-json\/wp\/v2\/product_cat?post=677"},{"taxonomy":"product_tag","embeddable":true,"href":"https:\/\/livinghome.vn\/thiet-bi\/wp-json\/wp\/v2\/product_tag?post=677"}],"curies":[{"name":"wp","href":"https:\/\/api.w.org\/{rel}","templated":true}]}}