{"id":676,"date":"2023-01-12T10:24:38","date_gmt":"2023-01-12T10:24:38","guid":{"rendered":"https:\/\/livinghome.vn\/thiet-bi\/?post_type=product&#038;p=676"},"modified":"2024-11-29T14:20:57","modified_gmt":"2024-11-29T07:20:57","slug":"chau-rua-chen-eurosun-eu-8045hs9-handmade-chong-tran-chong-on","status":"publish","type":"product","link":"https:\/\/livinghome.vn\/thiet-bi\/chau-rua-chen-eurosun-eu-8045hs9-handmade-chong-tran-chong-on\/","title":{"rendered":"Ch\u1eadu r\u1eeda ch\u00e9n Eurosun EU-8045HS9 Handmade ch\u1ed1ng tr\u00e0n, ch\u1ed1ng \u1ed3n"},"content":{"rendered":"<h2>Ch\u1eadu r\u1eeda ch\u00e9n Eurosun EU-8045HS9 Handmade ch\u1ed1ng tr\u00e0n, ch\u1ed1ng \u1ed3n c\u00f3 g\u00ec hot<\/h2>\n<figure id=\"attachment_48449\" aria-describedby=\"caption-attachment-48449\" style=\"width: 800px\" class=\"wp-caption alignnone\"><img loading=\"lazy\" decoding=\"async\" class=\"size-large wp-image-48449\" src=\"https:\/\/livinghome.vn\/thiet-bi\/wp-content\/uploads\/nha-bep\/eurosun\/chau-rua-chen\/chau-eurosun-eu-8045hs9\/chau-eurosun-eu-8045hs9-800x800.jpg\" alt=\"Ch\u1eadu r\u1eeda ch\u00e9n Eurosun EU-8045HS9 Handmade ch\u1ed1ng tr\u00e0n, ch\u1ed1ng \u1ed3n\" width=\"800\" height=\"800\" title=\"\"><figcaption id=\"caption-attachment-48449\" class=\"wp-caption-text\">Ch\u1eadu r\u1eeda ch\u00e9n Eurosun EU-8045HS9 Handmade ch\u1ed1ng tr\u00e0n, ch\u1ed1ng \u1ed3n<\/figcaption><\/figure>\n<h3><strong><span class=\"fontstyle0\">\u0110\u1eb7c t\u00ednh s\u1ea3n ph\u1ea9m<\/span> <\/strong><\/h3>\n<ul>\n<li>Ch\u1ea5t li\u1ec7u Inox SUS304 \u0111\u1ed9 d\u00e0y th\u00e0nh ch\u1eadu 3.5mm<\/li>\n<li>Th\u00e0nh ch\u1eadu 3-5mm, \u0111\u00e1y ch\u1eadu 1.2mm<\/li>\n<li>Thi\u1ebft k\u1ebf ch\u1ed1ng tr\u00e0n, ch\u1ed1ng \u1ed3n<\/li>\n<li>B\u1ec1 m\u1eb7t x\u1eed l\u00fd c\u00f4ng ngh\u1ec7 NANO ch\u1ed1ng b\u00e1m khu\u1ea9n<\/li>\n<li>K\u00edch th\u01b0\u1edbc s\u1ea3n ph\u1ea9m: 800R x 450S x 230C mm<\/li>\n<li>K\u00edch th\u01b0\u1edbc kho\u00e9t \u0111\u00e1: 775 x 425Smm<\/li>\n<\/ul>\n<h3><strong>\u01afu \u0111i\u1ec3m n\u1ed5i b\u1eadt<\/strong><\/h3>\n<ul>\n<li style=\"font-weight: 400;\"><b><strong><a href=\"https:\/\/livinghome.vn\/product-category\/nha-bep\/chau-rua-chen\/\">Ch\u1eadu r\u1eeda ch\u00e9n<\/a> Eurosun EU-8045HS9 c\u00f3<\/strong><\/b><b><strong><i><em>\u00a0<\/em><\/i><\/strong><\/b>l\u1ed7 tho\u00e1t n\u01b0\u1edbc nhanh ch\u00f3ng, tr\u00e1nh ng\u01b0ng t\u1ee5 n\u01b0\u1edbc. B\u1ec1 m\u1eb7t ch\u1eadu r\u1eeda s\u00e1ng b\u00f3ng, h\u1ea1n ch\u1ebf b\u00e1m d\u1ea7u m\u1ee1, d\u1ec5 d\u00e0ng v\u1ec7 sinh. Thi\u1ebft k\u1ebf ch\u1ed1ng tr\u00e0n, ch\u1ed1ng \u1ed3n, t\u1ea1o c\u1ea3m gi\u00e1c tho\u1ea3i m\u00e1i khi s\u1eed d\u1ee5ng<\/li>\n<li style=\"font-weight: 400;\">S\u1ea3n ph\u1ea9m<b><strong>\u00a0<\/strong><\/b>c\u00f3 ch\u1ea5t li\u1ec7u\u00a0<b><strong>SUS 304<\/strong><\/b>\u00a0c\u00f2n \u0111\u01b0\u1ee3c g\u1ecdi l\u00e0\u00a0<b><strong>INOX 304<\/strong><\/b>\u00a0hay th\u00e9p kh\u00f4ng r\u1ec9 l\u00e0 m\u1ed9t d\u1ea1ng h\u1ee3p kim c\u1ee7a s\u1eaft ch\u1ee9a t\u1ed1i thi\u1ec3u 10,5% th\u00e0nh ph\u1ea7n crom.\u00a0<b><strong>Inox 304<\/strong><\/b>\u00a0l\u00e0 lo\u1ea1i\u00a0<b><strong>Inox<\/strong><\/b> ph\u1ed5 bi\u1ebfn v\u00e0 \u0111\u01b0\u1ee3c \u01b0a chu\u1ed9ng nh\u1ea5t hi\u1ec7n nay tr\u00ean th\u1ebf gi\u1edbi. <strong>Ch\u1eadu r\u1eeda ch\u00e9n Eurosun EU-8045HS9<\/strong> c\u00f3 th\u00e0nh ch\u1eadu d\u00e0y 3-5mm<b><strong>,\u00a0<\/strong><\/b>b\u1ec1n \u0111\u1eb9p, ch\u1ecbu l\u1ef1c t\u1ed1t, ch\u1ed1ng m\u00e0i m\u00f2n, b\u1ec1 m\u1eb7t lu\u00f4n s\u00e1ng b\u00f3ng, s\u1ea1ch s\u1ebd, d\u1ec5 d\u00e0ng v\u1ec7 sinh, lau ch\u00f9i, r\u1ea5t \u0111\u01b0\u1ee3c ng\u01b0\u1eddi ti\u00eau d\u00f9ng \u01b0a th\u00edch<\/li>\n<li style=\"font-weight: 400;\"><b><strong>Ch\u1eadu r\u1eeda ch\u00e9n Eurosun EU-8045HS9 <\/strong><\/b><b><strong>c\u00f3\u00a0<\/strong><\/b>b\u1ec1 m\u1eb7t \u0111\u01b0\u1ee3c x\u1eed l\u00fd b\u1eb1ng c\u00f4ng ngh\u1ec7 Nano nhi\u1ec7t \u0111\u1ed9 cao ch\u1ed1ng b\u00e1m b\u1ea9n v\u00e0 kh\u00e1ng khu\u1ea9n cho s\u1ea3n ph\u1ea9m lu\u00f4n s\u00e1ng \u0111\u1eb9p v\u00e0 b\u1ec1n v\u1edbi th\u1eddi gian.\u00a0B\u1ed3n ch\u1eadu r\u1eeda \u0111\u01b0\u1ee3c s\u01a1n ch\u1ed1ng \u1ed3n t\u1ea1o cho s\u1ea3n ph\u1ea9m s\u1ef1 d\u00e0y d\u1eb7n, ch\u1eafc ch\u1eafn, thi\u1ebft k\u1ebf hi\u1ec7n \u0111\u1ea1i thu\u1eadn l\u1ee3i t\u1ed1i \u0111a, b\u1ec1 m\u1eb7t vi\u1ec1n ch\u1eadu ph\u1eb3ng gi\u00fap v\u1ec7 sinh d\u1ec5 d\u00e0ng.<\/li>\n<li style=\"font-weight: 400;\">H\u1ec7 th\u1ed1ng Siphon \u0111\u1ed3ng b\u1ed9 tho\u00e1t n\u01b0\u1edbc nhanh, h\u1ec7 th\u1ed1ng ch\u1ed1ng tr\u00e0n \u0111\u1ea7y \u0111\u1ee7 gi\u00fap \u0111\u1ea9y l\u00f9i n\u1ed7i lo b\u1ecb tr\u00e0n n\u01b0\u1edbc l\u00eanh l\u00e1ng ra nh\u00e0 khi qu\u00ean t\u1eaft v\u00f2i n\u01b0\u1edbc.<\/li>\n<\/ul>\n","protected":false},"excerpt":{"rendered":"<p>Ch\u1eadu r\u1eeda ch\u00e9n Eurosun EU-8045HS9 Handmade ch\u1ed1ng tr\u00e0n, ch\u1ed1ng \u1ed3n c\u00f3 g\u00ec hot \u0110\u1eb7c t\u00ednh s\u1ea3n ph\u1ea9m Ch\u1ea5t li\u1ec7u Inox SUS304 \u0111\u1ed9 d\u00e0y th\u00e0nh ch\u1eadu 3.5mm Th\u00e0nh ch\u1eadu 3-5mm, \u0111\u00e1y ch\u1eadu 1.2mm Thi\u1ebft k\u1ebf ch\u1ed1ng tr\u00e0n, ch\u1ed1ng \u1ed3n B\u1ec1 m\u1eb7t x\u1eed l\u00fd c\u00f4ng ngh\u1ec7 NANO ch\u1ed1ng b\u00e1m khu\u1ea9n K\u00edch th\u01b0\u1edbc s\u1ea3n ph\u1ea9m: 800R x 450S [&#8230;]\n","protected":false},"featured_media":725,"comment_status":"open","ping_status":"closed","template":"","meta":[],"product_brand":[],"product_cat":[79,106],"product_tag":[148,149,108],"class_list":{"0":"post-676","1":"product","2":"type-product","3":"status-publish","4":"has-post-thumbnail","6":"product_cat-chau-rua-chen-bat","7":"product_cat-thuong-hieu-eurosun","8":"product_tag-chau-rua-chen","9":"product_tag-chau-rua-chen-eurosun","10":"product_tag-eurosun","12":"first","13":"instock","14":"sale","15":"shipping-taxable","16":"purchasable","17":"product-type-simple"},"_links":{"self":[{"href":"https:\/\/livinghome.vn\/thiet-bi\/wp-json\/wp\/v2\/product\/676","targetHints":{"allow":["GET"]}}],"collection":[{"href":"https:\/\/livinghome.vn\/thiet-bi\/wp-json\/wp\/v2\/product"}],"about":[{"href":"https:\/\/livinghome.vn\/thiet-bi\/wp-json\/wp\/v2\/types\/product"}],"replies":[{"embeddable":true,"href":"https:\/\/livinghome.vn\/thiet-bi\/wp-json\/wp\/v2\/comments?post=676"}],"wp:featuredmedia":[{"embeddable":true,"href":"https:\/\/livinghome.vn\/thiet-bi\/wp-json\/wp\/v2\/media\/725"}],"wp:attachment":[{"href":"https:\/\/livinghome.vn\/thiet-bi\/wp-json\/wp\/v2\/media?parent=676"}],"wp:term":[{"taxonomy":"product_brand","embeddable":true,"href":"https:\/\/livinghome.vn\/thiet-bi\/wp-json\/wp\/v2\/product_brand?post=676"},{"taxonomy":"product_cat","embeddable":true,"href":"https:\/\/livinghome.vn\/thiet-bi\/wp-json\/wp\/v2\/product_cat?post=676"},{"taxonomy":"product_tag","embeddable":true,"href":"https:\/\/livinghome.vn\/thiet-bi\/wp-json\/wp\/v2\/product_tag?post=676"}],"curies":[{"name":"wp","href":"https:\/\/api.w.org\/{rel}","templated":true}]}}