{"id":675,"date":"2023-01-12T10:24:37","date_gmt":"2023-01-12T10:24:37","guid":{"rendered":"https:\/\/livinghome.vn\/thiet-bi\/?post_type=product&#038;p=675"},"modified":"2024-11-29T14:20:57","modified_gmt":"2024-11-29T07:20:57","slug":"may-say-chen-bat-eurosun-eu-ds120","status":"publish","type":"product","link":"https:\/\/livinghome.vn\/thiet-bi\/may-say-chen-bat-eurosun-eu-ds120\/","title":{"rendered":"M\u00e1y S\u1ea5y Ch\u00e9n B\u00e1t Eurosun EU-DS120"},"content":{"rendered":"<h2>M\u00e1y s\u1ea5y ch\u00e9n Eurosun EU-DS120 \u00e2m t\u1ee7 sang tr\u1ecdng hi\u1ec7n \u0111\u1ea1i ph\u00f9 h\u1ee3p v\u1edbi m\u1ecdi gia \u0111\u00ecnh<\/h2>\n<figure id=\"attachment_45233\" aria-describedby=\"caption-attachment-45233\" style=\"width: 800px\" class=\"wp-caption alignnone\"><img loading=\"lazy\" decoding=\"async\" class=\"size-large wp-image-45233\" src=\"https:\/\/livinghome.vn\/thiet-bi\/wp-content\/uploads\/nha-bep\/eurosun\/may-say-chen\/may-say-bat-eurosun-eu-ds120\/may-say-bat-eurosun-eu-ds120-800x800.jpg\" alt=\"M\u00e1y s\u1ea5y ch\u00e9n Eurosun EU-DS120 \u00e2m t\u1ee7 sang tr\u1ecdng hi\u1ec7n \u0111\u1ea1i\" width=\"800\" height=\"800\" title=\"\"><figcaption id=\"caption-attachment-45233\" class=\"wp-caption-text\">M\u00e1y s\u1ea5y ch\u00e9n Eurosun EU-DS120 \u00e2m t\u1ee7 sang tr\u1ecdng hi\u1ec7n \u0111\u1ea1i<\/figcaption><\/figure>\n<h3><strong><span class=\"fontstyle0\">\u0110\u1eb7c t\u00ednh s\u1ea3n ph\u1ea9m<\/span> <\/strong><\/h3>\n<ul>\n<li>M\u00e1y s\u1ea5y ch\u00e9n Eurosun EU-DS120\u00a0 l\u1eafp \u0111\u1eb7t \u00e2m t\u1ee7<\/li>\n<li><span class=\"fontstyle0\">2 ng\u0103n ch\u1ee9a v\u1edbi khoang \u0111\u1ec3 \u0111\u0169a linh ho\u1ea1t<br \/>\n<\/span><\/li>\n<li><span class=\"fontstyle0\"><a href=\"https:\/\/livinghome.vn\/thiet-bi\/may-rua-chen-bat\/\">M\u00e1y s\u1ea5y b\u00e1t<\/a> \u00e2m t\u1ee7 t\u00edch h\u1ee3p ch\u1ee9c n\u0103ng di\u1ec7t khu\u1ea9n v\u00e0 t\u1ea1o ion \u00e2m<br \/>\n<\/span><\/li>\n<li><span class=\"fontstyle0\">Khoang ch\u1ee9a s\u1eed d\u1ee5ng ch\u1ea5t li\u1ec7u inox 304-18\/10 \u0111\u1ea3m b\u1ea3o v\u1ec7 sinh an to\u00e0n s\u1ee9c kh\u1ecfe<br \/>\n<\/span><\/li>\n<li><span class=\"fontstyle0\">M\u1eb7t tr\u01b0\u1edbc k\u00ednh c\u01b0\u1eddng l\u1ef1c, ch\u1ecbu l\u1ef1c, ch\u1ed1ng tia UV<br \/>\n<\/span><\/li>\n<li><span class=\"fontstyle0\">\u0110i\u1ec1u khi\u1ec3n c\u1ea3m \u1ee9ng k\u1ef9 thu\u1eadt s\u1ed1 Digital<br \/>\n<\/span><\/li>\n<li><span class=\"fontstyle0\">ION \u00e2m l\u00e0 c\u00e1c h\u1ea1t ph\u00e2n t\u1eed ph\u00f3ng ra \u0111i\u1ec7n t\u00edch \u00e2m khi \u1edf tr\u1ea1ng th\u00e1i <\/span><span class=\"fontstyle0\">trung t\u00ednh, ion \u00e2m r\u1ea5t c\u00f3 l\u1ee3i cho s\u1ee9c kh\u1ecfe t\u1ea1o \u0111i\u1ec7n t\u00edch \u00e2m lo\u1ea1i b\u1ecf<br \/>\nch\u1ea5t g\u00e2y h\u1ea1i trong kh\u00f4ng kh\u00ed. <\/span><\/li>\n<li><span class=\"fontstyle0\">ION \u00e2m c\u00f2n c\u00f3 t\u00e1c d\u1ee5ng cho vi\u1ec7c kh\u1eed m\u00f9i, sau quy tr\u00ecnh di\u1ec7t khu\u1ea9n, b\u1eb1ng tia c\u1ef1c t\u00edm trong khoang ch\u1ee9a b\u00e1t s\u1ebd \u0111\u1ec3 l\u1ea1i m\u1ed9t l\u01b0\u1ee3ng<br \/>\nkh\u00ed t\u1ed3n d\u01b0 kh\u00ed O\u00b3, ion \u00e2m mang \u0111i\u1ec7n t\u00edch \u00e2m s\u1ebd kh\u1eed h\u1ebft m\u00f9i tanh v\u00e0 m\u00f9i th\u1ee9c \u0103n b\u1ecb ph\u00e2n h\u1ee7y \u0111\u1ed3ng th\u1eddi l\u1ecdc s\u1ea1ch kh\u00f4ng kh\u00ed trong<br \/>\nm\u00f4i tr\u01b0\u1eddng<\/span><\/li>\n<\/ul>\n<h3>Ch\u1ee9c n\u0103ng an to\u00e0n<\/h3>\n<ul>\n<li><span class=\"fontstyle0\">Ch\u1ee9c n\u0103ng t\u1ef1 \u0111\u1ed9ng ng\u1eaft \u0111i\u1ec7n khi m\u1edf c\u1eeda<br \/>\n<\/span><\/li>\n<li><span class=\"fontstyle0\">Ch\u1ee9c n\u0103ng t\u1ea1o ozone \u201cKh\u00ed O\u00b3, ch\u1ee9c n\u0103ng t\u1ea1o ph\u00e2n t\u1eed ion \u00e2m \u201dAnion\u201d, S\u1ea5y n\u1eeda tr\u00ean c\u00f9ng ch\u1ee9c n\u0103ng ozone, s\u1ea5y kh\u00f4 v\u00e0 di\u1ec7t khu\u1ea9n<br \/>\nt\u1ef1 \u0111\u1ed9ng, s\u1ea5y 1 ng\u0103n n\u1eeda t\u1ea3i, h\u1eb9n gi\u1edd 1-12 gi\u1edd<br \/>\n<\/span><\/li>\n<li><span class=\"fontstyle0\">Ch\u1ee9c n\u0103ng di\u1ec7t khu\u1ea9n c\u00f3 t\u00e1c d\u1ee5ng ti\u1ec7t tr\u00f9ng b\u1eb1ng ozone O\u00b3 + tia UV + s\u1ea5y nhi\u1ec7t \u0111\u1ed9 cao<\/span><\/li>\n<\/ul>\n<h3><strong> <span class=\"fontstyle0\">Th\u00f4ng s\u1ed1 k\u1ef9 thu\u1eadt<\/span> <\/strong><\/h3>\n<ul>\n<li><span class=\"fontstyle0\">Dung t\u00edch: 120l\u00edt<br \/>\n<\/span><\/li>\n<li><span class=\"fontstyle0\">Nhi\u1ec7t \u0111\u1ed9 s\u1ea5y: 60-120\u00baC<br \/>\n<\/span><\/li>\n<li><span class=\"fontstyle0\">C\u00f4ng su\u1ea5t \/ b\u01b0\u1edbc s\u00f3ng \u1ed1ng \u0111\u00e8n tia c\u1ef1c t\u00edm: 6W \/ 253.7nm<br \/>\n<\/span><\/li>\n<li><span class=\"fontstyle0\">Chu tr\u00ecnh kh\u1eed tr\u00f9ng v\u00e0 s\u1ea5y 60-120 ph\u00fat<br \/>\n<\/span><\/li>\n<li><span class=\"fontstyle0\">Tu\u1ed5i th\u1ecd \u0111\u00e8n c\u1ef1c t\u00edm: \u2265 1000h<br \/>\n<\/span><\/li>\n<li><span class=\"fontstyle0\">Tu\u1ed5i th\u1ecd \u1ed1ng t\u1ecfa nhi\u1ec7t: \u22653000h<br \/>\n<\/span><\/li>\n<li><span class=\"fontstyle0\">T\u1ed5ng c\u00f4ng su\u1ea5t: 500W<br \/>\n<\/span><\/li>\n<li><span class=\"fontstyle0\">\u0110i\u1ec7n \u00e1p: 230V\/ 50Hz<br \/>\n<\/span><\/li>\n<li><span class=\"fontstyle0\">K\u00edch th\u01b0\u1edbc s\u1ea3n ph\u1ea9m: 595R x 440S x 630C mm<br \/>\n<\/span><\/li>\n<li><span class=\"fontstyle0\">K\u00edch th\u01b0\u1edbc kho\u00e9t t\u1ee7: 570R x 450S x605C mm<\/span><\/li>\n<\/ul>\n","protected":false},"excerpt":{"rendered":"<p>M\u00e1y s\u1ea5y ch\u00e9n Eurosun EU-DS120 \u00e2m t\u1ee7 sang tr\u1ecdng hi\u1ec7n \u0111\u1ea1i ph\u00f9 h\u1ee3p v\u1edbi m\u1ecdi gia \u0111\u00ecnh \u0110\u1eb7c t\u00ednh s\u1ea3n ph\u1ea9m M\u00e1y s\u1ea5y ch\u00e9n Eurosun EU-DS120\u00a0 l\u1eafp \u0111\u1eb7t \u00e2m t\u1ee7 2 ng\u0103n ch\u1ee9a v\u1edbi khoang \u0111\u1ec3 \u0111\u0169a linh ho\u1ea1t M\u00e1y s\u1ea5y b\u00e1t \u00e2m t\u1ee7 t\u00edch h\u1ee3p ch\u1ee9c n\u0103ng di\u1ec7t khu\u1ea9n v\u00e0 t\u1ea1o ion \u00e2m Khoang [&#8230;]\n","protected":false},"featured_media":11118,"comment_status":"open","ping_status":"closed","template":"","meta":[],"product_brand":[],"product_cat":[144,106],"product_tag":[108,145,146,147],"class_list":{"0":"post-675","1":"product","2":"type-product","3":"status-publish","4":"has-post-thumbnail","6":"product_cat-may-say-chen-bat","7":"product_cat-thuong-hieu-eurosun","8":"product_tag-eurosun","9":"product_tag-may-say-chen","10":"product_tag-may-say-chen-am-tu","11":"product_tag-may-say-chen-eurosun","13":"first","14":"instock","15":"sale","16":"shipping-taxable","17":"purchasable","18":"product-type-simple"},"_links":{"self":[{"href":"https:\/\/livinghome.vn\/thiet-bi\/wp-json\/wp\/v2\/product\/675","targetHints":{"allow":["GET"]}}],"collection":[{"href":"https:\/\/livinghome.vn\/thiet-bi\/wp-json\/wp\/v2\/product"}],"about":[{"href":"https:\/\/livinghome.vn\/thiet-bi\/wp-json\/wp\/v2\/types\/product"}],"replies":[{"embeddable":true,"href":"https:\/\/livinghome.vn\/thiet-bi\/wp-json\/wp\/v2\/comments?post=675"}],"wp:featuredmedia":[{"embeddable":true,"href":"https:\/\/livinghome.vn\/thiet-bi\/wp-json\/wp\/v2\/media\/11118"}],"wp:attachment":[{"href":"https:\/\/livinghome.vn\/thiet-bi\/wp-json\/wp\/v2\/media?parent=675"}],"wp:term":[{"taxonomy":"product_brand","embeddable":true,"href":"https:\/\/livinghome.vn\/thiet-bi\/wp-json\/wp\/v2\/product_brand?post=675"},{"taxonomy":"product_cat","embeddable":true,"href":"https:\/\/livinghome.vn\/thiet-bi\/wp-json\/wp\/v2\/product_cat?post=675"},{"taxonomy":"product_tag","embeddable":true,"href":"https:\/\/livinghome.vn\/thiet-bi\/wp-json\/wp\/v2\/product_tag?post=675"}],"curies":[{"name":"wp","href":"https:\/\/api.w.org\/{rel}","templated":true}]}}