{"id":674,"date":"2023-01-12T10:24:37","date_gmt":"2023-01-12T10:24:37","guid":{"rendered":"https:\/\/livinghome.vn\/thiet-bi\/?post_type=product&#038;p=674"},"modified":"2024-11-29T14:20:57","modified_gmt":"2024-11-29T07:20:57","slug":"noi-ap-suat-eurosun-pc1908-aroma-inox-304-dung-tich-6-lit","status":"publish","type":"product","link":"https:\/\/livinghome.vn\/thiet-bi\/noi-ap-suat-eurosun-pc1908-aroma-inox-304-dung-tich-6-lit\/","title":{"rendered":"N\u1ed3i \u00e1p su\u1ea5t Eurosun PC1908-Aroma inox 304 dung t\u00edch 6 l\u00edt"},"content":{"rendered":"<h2>C\u00f9ng kh\u00e1m ph\u00e1 xem N\u1ed3i \u00e1p su\u1ea5t Eurosun PC1908-Aroma inox 304 dung t\u00edch 6 l\u00edt c\u00f3 g\u00ec \u0111\u1eb7c bi\u1ec7t<\/h2>\n<figure id=\"attachment_44937\" aria-describedby=\"caption-attachment-44937\" style=\"width: 800px\" class=\"wp-caption alignnone\"><img loading=\"lazy\" decoding=\"async\" class=\"size-large wp-image-44937\" src=\"https:\/\/livinghome.vn\/thiet-bi\/wp-content\/uploads\/nha-bep\/eurosun\/noi-inox\/bo-noi-inox-eurosun-pc1908-aroma\/bo-noi-inox-eurosun-pc1908-aroma-800x800.jpg\" alt=\"N\u1ed3i \u00e1p su\u1ea5t Eurosun PC1908-Aroma inox 304 dung t\u00edch 6 l\u00edt\" width=\"800\" height=\"800\" title=\"\"><figcaption id=\"caption-attachment-44937\" class=\"wp-caption-text\">N\u1ed3i \u00e1p su\u1ea5t Eurosun PC1908-Aroma inox 304 dung t\u00edch 6 l\u00edt<\/figcaption><\/figure>\n<h3><strong><span class=\"fontstyle0\">\u0110\u1eb7c t\u00ednh s\u1ea3n ph\u1ea9m<\/span> <\/strong><\/h3>\n<ul>\n<li><a href=\"https:\/\/livinghome.vn\/product-category\/nha-bep\/bo-noi\/\">\u00a0N\u1ed3i \u00e1p su\u1ea5t <\/a><span class=\"fontstyle0\">cao c\u1ea5p \u0111\u01b0\u1ee3c thi\u1ebft k\u1ebf 1 tay c\u1ea7m ng\u1eafn v\u00e0 1 tay c\u1ea7m d\u00e0i ch\u1eafc ch\u1eafn v\u00e0 an to\u00e0n khi s\u1eed d\u1ee5ng<\/span><\/li>\n<li><span class=\"fontstyle0\">N\u1ed3i c\u1ea5u tr\u00fac 3 l\u1edbp \u0111\u00e1y gi\u00fap truy\u1ec1n v\u00e0 gi\u1eef nhi\u1ec7t t\u1ed1i \u01b0u, ti\u1ebft ki\u1ec7m n\u0103ng l\u01b0\u1ee3ng<br \/>\n<\/span><\/li>\n<li><span class=\"fontstyle0\">Ch\u1ea5t li\u1ec7u to\u00e0n th\u00e2n inox SUS304 -18\/10 d\u00e0y 1.2mm ti\u1ebfp x\u00fac th\u1ef1c ph\u1ea9m an to\u00e0n v\u00e0 gi\u1eef nhi\u1ec7t l\u00e2u h\u01a1n<br \/>\n<\/span><\/li>\n<li><span class=\"fontstyle0\">\u0110\u00e1y n\u1ed3i s\u1eed d\u1ee5ng nhi\u1ec1u l\u1edbp v\u00e0 l\u1edbp nh\u00f4m d\u00e0y 7mm \u0111\u01b0\u1ee3c ch\u1ebf t\u1ea1o b\u1eb1ng m\u00e1y t\u1ea1o \u00e1p l\u1ef1c ma s\u00e1t khi\u1ebfn n\u1ed3i c\u00f3 th\u1ec3 truy\u1ec1n<br \/>\nnhi\u1ec7t \u0111\u1ed3ng \u0111\u1ec1u h\u01a1n<br \/>\n<\/span><\/li>\n<li><span class=\"fontstyle0\">Van \u0111i\u1ec1u \u00e1p, \u0111i\u1ec1u ch\u1ec9nh 3 m\u1ee9c \u0111\u1ec3 ng\u01b0\u1eddi d\u00f9ng ch\u1ecdn b\u1ea5t k\u1ef3 m\u1ee9c \u00e1p su\u1ea5t n\u00e0o ph\u00f9 h\u1ee3p v\u1edbi nhu c\u1ea7u n\u1ea5u<\/span><\/li>\n<li><span class=\"fontstyle0\">N\u1ed3i + th\u00eam x\u1eedng h\u1ea5p n\u00e2ng cao hi\u1ec7u su\u1ea5t t\u1ed1i \u0111a s\u1eed d\u1ee5ng<\/span><\/li>\n<li><span class=\"fontstyle0\">S\u1ea3n ph\u1ea9m s\u1eed d\u1ee5ng tr\u00ean m\u1ecdi lo\u1ea1i b\u1ebfp: <a href=\"https:\/\/livinghome.vn\/thiet-bi\/bep-tu\/\">B\u1ebfp t\u1eeb<\/a>, b\u1ebfp h\u1ed3ng ngo\u1ea1i, <a href=\"https:\/\/livinghome.vn\/product-category\/nha-bep\/bep-nau\/bep-gas-am\/\">b\u1ebfp gas<\/a>, <a href=\"https:\/\/livinghome.vn\/thiet-bi\/may-rua-chen-bat\/\">m\u00e1y r\u1eeda b\u00e1t<\/a><\/span><\/li>\n<\/ul>\n<h3><strong> <span class=\"fontstyle0\">Th\u00f4ng s\u1ed1 k\u1ef9 thu\u1eadt<\/span> <\/strong><\/h3>\n<ul>\n<li><span class=\"fontstyle0\">T\u1ed5ng \u0111\u1ed9 d\u00e0y ti\u00eau chu\u1ea9n inox 304 -18\/10 d\u00e0y 1.2mm<br \/>\n<\/span><\/li>\n<li><span class=\"fontstyle0\">\u0110\u00e1y nh\u00f4m truy\u1ec1n d\u1eabn nhi\u1ec7t d\u00e0y 7mm<br \/>\n<\/span><\/li>\n<li><span class=\"fontstyle0\">\u0110\u01b0\u1eddng k\u00ednh: \u00d822cm<br \/>\n<\/span><\/li>\n<li><span class=\"fontstyle0\">Van ch\u1ed1ng m\u1edf an to\u00e0n<br \/>\n<\/span><\/li>\n<li><span class=\"fontstyle0\">B\u1ed9 \u0111i\u1ec1u \u00e1p 3 t\u1ed1c \u0111\u1ed9<br \/>\n<\/span><\/li>\n<li><span class=\"fontstyle0\">\u00c1p su\u1ea5t ho\u1ea1t \u0111\u1ed9ng: M\u1ee9c 1: 60Kpa; M\u1ee9c 2: 100Kpa,<br \/>\n<\/span><\/li>\n<li><span class=\"fontstyle0\">PS: 300Kpa<br \/>\n<\/span><\/li>\n<li><span class=\"fontstyle0\">Dung t\u00edch: 6L<\/span><\/li>\n<\/ul>\n<figure id=\"attachment_45228\" aria-describedby=\"caption-attachment-45228\" style=\"width: 268px\" class=\"wp-caption alignnone\"><img loading=\"lazy\" decoding=\"async\" class=\"size-full wp-image-45228\" src=\"https:\/\/livinghome.vn\/thiet-bi\/wp-content\/uploads\/nha-bep\/eurosun\/noi-inox\/bo-noi-inox-eurosun-mc1603-titanium\/bo-noi-inox-eurosun-1.jpg\" alt=\"N\u1ed3i \u00e1p su\u1ea5t Eurosun PC1908-Aroma inox 304 dung t\u00edch 6 l\u00edt\" width=\"268\" height=\"209\" title=\"\"><figcaption id=\"caption-attachment-45228\" class=\"wp-caption-text\">N\u1ed3i \u00e1p su\u1ea5t Eurosun PC1908-Aroma inox 304 dung t\u00edch 6 l\u00edt<\/figcaption><\/figure>\n","protected":false},"excerpt":{"rendered":"<p>C\u00f9ng kh\u00e1m ph\u00e1 xem N\u1ed3i \u00e1p su\u1ea5t Eurosun PC1908-Aroma inox 304 dung t\u00edch 6 l\u00edt c\u00f3 g\u00ec \u0111\u1eb7c bi\u1ec7t \u0110\u1eb7c t\u00ednh s\u1ea3n ph\u1ea9m \u00a0N\u1ed3i \u00e1p su\u1ea5t cao c\u1ea5p \u0111\u01b0\u1ee3c thi\u1ebft k\u1ebf 1 tay c\u1ea7m ng\u1eafn v\u00e0 1 tay c\u1ea7m d\u00e0i ch\u1eafc ch\u1eafn v\u00e0 an to\u00e0n khi s\u1eed d\u1ee5ng N\u1ed3i c\u1ea5u tr\u00fac 3 l\u1edbp \u0111\u00e1y gi\u00fap [&#8230;]\n","protected":false},"featured_media":723,"comment_status":"open","ping_status":"closed","template":"","meta":[],"product_brand":[],"product_cat":[101,106],"product_tag":[99,139,140,141,108,143],"class_list":{"0":"post-674","1":"product","2":"type-product","3":"status-publish","4":"has-post-thumbnail","6":"product_cat-gia-dung-khac","7":"product_cat-thuong-hieu-eurosun","8":"product_tag-bo-noi","9":"product_tag-bo-noi-inox","10":"product_tag-bo-noi-inox-304","11":"product_tag-bo-noi-inox-eurosun","12":"product_tag-eurosun","13":"product_tag-noi-ap-suat","15":"first","16":"instock","17":"sale","18":"shipping-taxable","19":"purchasable","20":"product-type-simple"},"_links":{"self":[{"href":"https:\/\/livinghome.vn\/thiet-bi\/wp-json\/wp\/v2\/product\/674","targetHints":{"allow":["GET"]}}],"collection":[{"href":"https:\/\/livinghome.vn\/thiet-bi\/wp-json\/wp\/v2\/product"}],"about":[{"href":"https:\/\/livinghome.vn\/thiet-bi\/wp-json\/wp\/v2\/types\/product"}],"replies":[{"embeddable":true,"href":"https:\/\/livinghome.vn\/thiet-bi\/wp-json\/wp\/v2\/comments?post=674"}],"wp:featuredmedia":[{"embeddable":true,"href":"https:\/\/livinghome.vn\/thiet-bi\/wp-json\/wp\/v2\/media\/723"}],"wp:attachment":[{"href":"https:\/\/livinghome.vn\/thiet-bi\/wp-json\/wp\/v2\/media?parent=674"}],"wp:term":[{"taxonomy":"product_brand","embeddable":true,"href":"https:\/\/livinghome.vn\/thiet-bi\/wp-json\/wp\/v2\/product_brand?post=674"},{"taxonomy":"product_cat","embeddable":true,"href":"https:\/\/livinghome.vn\/thiet-bi\/wp-json\/wp\/v2\/product_cat?post=674"},{"taxonomy":"product_tag","embeddable":true,"href":"https:\/\/livinghome.vn\/thiet-bi\/wp-json\/wp\/v2\/product_tag?post=674"}],"curies":[{"name":"wp","href":"https:\/\/api.w.org\/{rel}","templated":true}]}}