{"id":662,"date":"2023-01-12T10:24:15","date_gmt":"2023-01-12T10:24:15","guid":{"rendered":"https:\/\/livinghome.vn\/thiet-bi\/?post_type=product&#038;p=662"},"modified":"2024-11-29T14:20:57","modified_gmt":"2024-11-29T07:20:57","slug":"chao-chong-dinh-eurosun-ms1828-queen-inox-304-day-2-5mm","status":"publish","type":"product","link":"https:\/\/livinghome.vn\/thiet-bi\/chao-chong-dinh-eurosun-ms1828-queen-inox-304-day-2-5mm\/","title":{"rendered":"Ch\u1ea3o ch\u1ed1ng d\u00ednh Eurosun MS1828-Queen inox 304 d\u00e0y 2.5mm"},"content":{"rendered":"<h2>Ch\u1ea3o ch\u1ed1ng d\u00ednh Eurosun MS1828-Queen inox 304 d\u00e0y 2.5mm c\u00f3 g\u00ec \u0111\u1eb7c bi\u1ec7t<\/h2>\n<figure id=\"attachment_44934\" aria-describedby=\"caption-attachment-44934\" style=\"width: 800px\" class=\"wp-caption alignnone\"><img loading=\"lazy\" decoding=\"async\" class=\"size-large wp-image-44934\" src=\"https:\/\/livinghome.vn\/thiet-bi\/wp-content\/uploads\/nha-bep\/eurosun\/noi-inox\/bo-noi-inox-eurosun-ms1828-queen\/bo-noi-inox-eurosun-ms1828-queen-800x800.jpg\" alt=\"Ch\u1ea3o ch\u1ed1ng d\u00ednh Eurosun MS1828-Queen inox 304 d\u00e0y 2.5mm\" width=\"800\" height=\"800\" title=\"\"><figcaption id=\"caption-attachment-44934\" class=\"wp-caption-text\">Ch\u1ea3o ch\u1ed1ng d\u00ednh Eurosun MS1828-Queen inox 304 d\u00e0y 2.5mm<\/figcaption><\/figure>\n<h3><strong><span class=\"fontstyle0\">\u0110\u1eb7c t\u00ednh s\u1ea3n ph\u1ea9m<\/span> <\/strong><\/h3>\n<ul>\n<li><span class=\"fontstyle0\"><a href=\"https:\/\/livinghome.vn\/product-category\/nha-bep\/bo-noi\/\">Ch\u1ea3o<\/a> c\u1ea5u tr\u00fac 3 l\u1edbp to\u00e0n th\u00e2n gi\u00fap truy\u1ec1n v\u00e0 gi\u1eef nhi\u1ec7t t\u1ed1i \u01b0u, ti\u1ebft ki\u1ec7m n\u0103ng l\u01b0\u1ee3ng<br \/>\n<\/span><\/li>\n<li><span class=\"fontstyle0\">T\u1ed5ng \u0111\u1ed9 d\u00e0y 2.5mm,<br \/>\n<\/span><\/li>\n<li><span class=\"fontstyle0\">Ch\u1ea5t li\u1ec7u: L\u1edbp trong c\u00f9ng inox SUS304 -18\/10 d\u00e0y 0.6mm ti\u1ebfp x\u00fac th\u1ef1c ph\u1ea9m an to\u00e0n<br \/>\n<\/span><\/li>\n<li><span class=\"fontstyle0\">\u1ede gi\u1eefa l\u00e0 l\u1edbp nh\u00f4m chuy\u00ean d\u00f9ng d\u00e0y 1.5mm gi\u00fap t\u1ea3n nhi\u1ec7t nhanh b\u1ea3o v\u1ec7 bo m\u1ea1ch b\u1ebfp t\u1eeb<br \/>\n<\/span><\/li>\n<li><span class=\"fontstyle0\">L\u1edbp ngo\u00e0i inox 430 d\u00e0y 0.5mm ti\u1ebfp nh\u1eadn c\u1ea3m \u1ee9ng t\u1eeb<br \/>\n<\/span><\/li>\n<li><span class=\"fontstyle0\">L\u00f2ng Ch\u1ea3o \u0111\u01b0\u1ee3c d\u1eadp g\u00e2n hoa n\u1ed5i t\u0103ng hi\u1ec7u qu\u1ea3 ch\u1ed1ng d\u00ednh v\u00e0 l\u00e0m s\u0103n b\u1ec1 m\u1eb7t m\u00f3n chi\u00ean r\u00e1n.<br \/>\n<\/span><\/li>\n<li><span class=\"fontstyle0\">L\u00f2ng ch\u1ea3o \u0111\u01b0\u1ee3c s\u1eed d\u1ee5ng ch\u1ea5t men ch\u1ed1ng d\u00ednh 3 l\u1edbp si\u00eau b\u1ec1n QuanTanium c\u1ee7a h\u00e3ng Whitford Eclipse ch\u1ecbu \u0111\u01b0\u1ee3c<br \/>\n34.000 l\u1ea7n ch\u00e0 nh\u00e1m \u0111\u01b0\u1ee3c s\u1ea3n xu\u1ea5t t\u1ea1i M\u1ef9<br \/>\n<\/span><\/li>\n<li><span class=\"fontstyle0\">Vung k\u00ednh c\u01b0\u1eddng l\u1ef1c d\u00e0y 4mm, ch\u1ecbu l\u1ef1c, ch\u1ecbu nhi\u1ec7t cao<br \/>\n<\/span><\/li>\n<li><span class=\"fontstyle0\">Tay c\u1ea7m inox \u0111\u00fac g\u1eafn Silicon c\u00e1ch nhi\u1ec7t cao c\u1ea5p<br \/>\n<\/span><\/li>\n<li><span class=\"fontstyle0\">S\u1ea3n ph\u1ea9m s\u1eed d\u1ee5ng tr\u00ean m\u1ecdi lo\u1ea1i b\u1ebfp: B\u1ebfp t\u1eeb, b\u1ebfp h\u1ed3ng ngo\u1ea1i, b\u1ebfp gas, m\u00e1y r\u1eeda b\u00e1t<br \/>\n<\/span><\/li>\n<li><span class=\"fontstyle0\">\u0110\u1eb7c bi\u1ec7t v\u1edbi b\u1ebfp t\u1eeb hi\u1ec7u qu\u1ea3 ti\u1ebft ki\u1ec7m tr\u00ean 30% \u0111i\u1ec7n n\u0103ng v\u00e0 n\u00e2ng cao tu\u1ed5i th\u1ecd c\u1ee7a b\u1ebfp<br \/>\n<\/span><\/li>\n<li><span class=\"fontstyle0\">\u0110\u01b0\u1eddng k\u00ednh: 28cm \/ Th\u1ec3 t\u00edch: 3.38L<\/span><\/li>\n<\/ul>\n<p>Ch\u1ea3o ch\u1ed1ng d\u00ednh Eurosun MS1828-Queen s\u1eed d\u1ee5ng c\u00f4ng ngh\u1ec7 d\u1eadp g\u00e2n n\u1ed5i ch\u1ed1ng tr\u1ea7y x\u01b0\u1edbc, t\u0103ng \u0111\u1ed9 ch\u1ed1ng d\u00ednh v\u00e0 b\u1ea3o v\u1ec7 l\u1edbp men ch\u1ed1ng d\u00ednh t\u1ed1i \u01b0u<\/p>\n<figure id=\"attachment_45223\" aria-describedby=\"caption-attachment-45223\" style=\"width: 505px\" class=\"wp-caption alignnone\"><img loading=\"lazy\" decoding=\"async\" class=\"size-full wp-image-45223\" src=\"https:\/\/livinghome.vn\/thiet-bi\/wp-content\/uploads\/nha-bep\/eurosun\/noi-inox\/bo-noi-inox-eurosun-mc1603-titanium\/bo-noi-inox-eurosun-2.jpg\" alt=\"Ch\u1ea3o ch\u1ed1ng d\u00ednh Eurosun MS1828-Queen inox 304 d\u00e0y 2.5mm\" width=\"505\" height=\"186\" title=\"\"><figcaption id=\"caption-attachment-45223\" class=\"wp-caption-text\">Ch\u1ea3o ch\u1ed1ng d\u00ednh Eurosun MS1828-Queen inox 304 d\u00e0y 2.5mm<\/figcaption><\/figure>\n<p>&nbsp;<\/p>\n","protected":false},"excerpt":{"rendered":"<p>Ch\u1ea3o ch\u1ed1ng d\u00ednh Eurosun MS1828-Queen inox 304 d\u00e0y 2.5mm c\u00f3 g\u00ec \u0111\u1eb7c bi\u1ec7t \u0110\u1eb7c t\u00ednh s\u1ea3n ph\u1ea9m Ch\u1ea3o c\u1ea5u tr\u00fac 3 l\u1edbp to\u00e0n th\u00e2n gi\u00fap truy\u1ec1n v\u00e0 gi\u1eef nhi\u1ec7t t\u1ed1i \u01b0u, ti\u1ebft ki\u1ec7m n\u0103ng l\u01b0\u1ee3ng T\u1ed5ng \u0111\u1ed9 d\u00e0y 2.5mm, Ch\u1ea5t li\u1ec7u: L\u1edbp trong c\u00f9ng inox SUS304 -18\/10 d\u00e0y 0.6mm ti\u1ebfp x\u00fac th\u1ef1c ph\u1ea9m an to\u00e0n [&#8230;]\n","protected":false},"featured_media":721,"comment_status":"open","ping_status":"closed","template":"","meta":[],"product_brand":[],"product_cat":[101,106],"product_tag":[99,139,140,141,142,108],"class_list":{"0":"post-662","1":"product","2":"type-product","3":"status-publish","4":"has-post-thumbnail","6":"product_cat-gia-dung-khac","7":"product_cat-thuong-hieu-eurosun","8":"product_tag-bo-noi","9":"product_tag-bo-noi-inox","10":"product_tag-bo-noi-inox-304","11":"product_tag-bo-noi-inox-eurosun","12":"product_tag-chao-chong-dinh","13":"product_tag-eurosun","15":"first","16":"instock","17":"sale","18":"shipping-taxable","19":"purchasable","20":"product-type-simple"},"_links":{"self":[{"href":"https:\/\/livinghome.vn\/thiet-bi\/wp-json\/wp\/v2\/product\/662","targetHints":{"allow":["GET"]}}],"collection":[{"href":"https:\/\/livinghome.vn\/thiet-bi\/wp-json\/wp\/v2\/product"}],"about":[{"href":"https:\/\/livinghome.vn\/thiet-bi\/wp-json\/wp\/v2\/types\/product"}],"replies":[{"embeddable":true,"href":"https:\/\/livinghome.vn\/thiet-bi\/wp-json\/wp\/v2\/comments?post=662"}],"wp:featuredmedia":[{"embeddable":true,"href":"https:\/\/livinghome.vn\/thiet-bi\/wp-json\/wp\/v2\/media\/721"}],"wp:attachment":[{"href":"https:\/\/livinghome.vn\/thiet-bi\/wp-json\/wp\/v2\/media?parent=662"}],"wp:term":[{"taxonomy":"product_brand","embeddable":true,"href":"https:\/\/livinghome.vn\/thiet-bi\/wp-json\/wp\/v2\/product_brand?post=662"},{"taxonomy":"product_cat","embeddable":true,"href":"https:\/\/livinghome.vn\/thiet-bi\/wp-json\/wp\/v2\/product_cat?post=662"},{"taxonomy":"product_tag","embeddable":true,"href":"https:\/\/livinghome.vn\/thiet-bi\/wp-json\/wp\/v2\/product_tag?post=662"}],"curies":[{"name":"wp","href":"https:\/\/api.w.org\/{rel}","templated":true}]}}