{"id":661,"date":"2023-01-12T10:24:15","date_gmt":"2023-01-12T10:24:15","guid":{"rendered":"https:\/\/livinghome.vn\/thiet-bi\/?post_type=product&#038;p=661"},"modified":"2024-11-29T14:20:57","modified_gmt":"2024-11-29T07:20:57","slug":"noi-eurosun-ms1602-kings-inox-304-thich-hop-luoc-ga","status":"publish","type":"product","link":"https:\/\/livinghome.vn\/thiet-bi\/noi-eurosun-ms1602-kings-inox-304-thich-hop-luoc-ga\/","title":{"rendered":"N\u1ed3i Eurosun MS1602-Kings inox 304 th\u00edch h\u1ee3p lu\u1ed9c g\u00e0"},"content":{"rendered":"<h2>N\u1ed3i Eurosun MS1602-Kings inox 304 th\u00edch h\u1ee3p lu\u1ed9c g\u00e0 c\u00f3 g\u00ec \u0111\u1eb7c bi\u1ec7t<\/h2>\n<figure id=\"attachment_44933\" aria-describedby=\"caption-attachment-44933\" style=\"width: 800px\" class=\"wp-caption alignnone\"><img loading=\"lazy\" decoding=\"async\" class=\"size-large wp-image-44933\" src=\"https:\/\/livinghome.vn\/thiet-bi\/wp-content\/uploads\/nha-bep\/eurosun\/noi-inox\/bo-noi-inox-eurosun-ms1602-kings\/bo-noi-inox-eurosun-ms1602-kings-800x800.jpg\" alt=\"N\u1ed3i Eurosun MS1602-Kings inox 304 th\u00edch h\u1ee3p lu\u1ed9c g\u00e0N\u1ed3i Eurosun MS1602-Kings inox 304 th\u00edch h\u1ee3p lu\u1ed9c g\u00e0\" width=\"800\" height=\"800\" title=\"\"><figcaption id=\"caption-attachment-44933\" class=\"wp-caption-text\">N\u1ed3i Eurosun MS1602-Kings inox 304 th\u00edch h\u1ee3p lu\u1ed9c g\u00e0<\/figcaption><\/figure>\n<h3><strong><span class=\"fontstyle0\">\u0110\u1eb7c t\u00ednh s\u1ea3n ph\u1ea9m<\/span> <\/strong><\/h3>\n<ul>\n<li><a href=\"https:\/\/livinghome.vn\/product-category\/nha-bep\/bo-noi\/\">\u00a0N\u1ed3i <\/a><span class=\"fontstyle0\">c\u1ea5u tr\u00fac 3 l\u1edbp \u0111\u00e1y gi\u00fap truy\u1ec1n v\u00e0 gi\u1eef nhi\u1ec7t t\u1ed1i \u01b0u, ti\u1ebft ki\u1ec7m n\u0103ng l\u01b0\u1ee3ng<\/span><\/li>\n<li><span class=\"fontstyle0\">Ch\u1ea5t li\u1ec7u: To\u00e0n th\u00e2n n\u1ed3i inox SUS304 -18\/10 d\u00e0y 0.7mm ti\u1ebfp x\u00fac th\u1ef1c ph\u1ea9m an to\u00e0n<br \/>\n<\/span><\/li>\n<li><span class=\"fontstyle0\">\u0110\u00e1y n\u1ed3i s\u1eed d\u1ee5ng nhi\u1ec1u l\u1edbp v\u00e0 l\u1edbp nh\u00f4m d\u00e0y 4.5mm \u0111\u01b0\u1ee3c ch\u1ebf t\u1ea1o b\u1eb1ng m\u00e1y t\u1ea1o \u00e1p l\u1ef1c ma s\u00e1t khi\u1ebfn n\u1ed3i c\u00f3 th\u1ec3 truy\u1ec1n<br \/>\nnhi\u1ec7t \u0111\u1ed3ng \u0111\u1ec1u h\u01a1n<br \/>\n<\/span><\/li>\n<li><span class=\"fontstyle0\">L\u1edbp d\u01b0\u1edbi c\u00f9ng inox 430 d\u00e0y 0.6mm ti\u1ebfp nh\u1eadn c\u1ea3m \u1ee9ng t\u1eeb cung c\u1ea5p nhi\u1ec7t cho to\u00e0n n\u1ed3i<br \/>\n<\/span><\/li>\n<li><span class=\"fontstyle0\">Vung k\u00ednh c\u01b0\u1eddng l\u1ef1c d\u00e0y 4mm, ch\u1ecbu l\u1ef1c, ch\u1ecbu nhi\u1ec7t cao<br \/>\n<\/span><\/li>\n<li><span class=\"fontstyle0\">Tay c\u1ea7m inox cao c\u1ea5p \u0111\u00e1nh b\u00f3ng t\u1ea3n nhi\u1ec7t nh\u00e2n<br \/>\n<\/span><\/li>\n<li><span class=\"fontstyle0\">S\u1ea3n ph\u1ea9m s\u1eed d\u1ee5ng tr\u00ean m\u1ecdi lo\u1ea1i b\u1ebfp: B\u1ebfp t\u1eeb, b\u1ebfp h\u1ed3ng ngo\u1ea1i, b\u1ebfp gas, m\u00e1y r\u1eeda b\u00e1t<br \/>\n<\/span><\/li>\n<li><span class=\"fontstyle0\">\u0110\u1eb7c bi\u1ec7t v\u1edbi b\u1ebfp t\u1eeb hi\u1ec7u qu\u1ea3 ti\u1ebft ki\u1ec7m tr\u00ean 30% \u0111i\u1ec7n n\u0103ng v\u00e0 n\u00e2ng cao tu\u1ed5i th\u1ecd c\u1ee7a b\u1ebfp<\/span><\/li>\n<\/ul>\n<h3><strong> <span class=\"fontstyle0\">Th\u00f4ng s\u1ed1 k\u1ef9 thu\u1eadt<\/span> <\/strong><\/h3>\n<ul>\n<li><span class=\"fontstyle0\">\u0110\u1ed9 d\u00e0y th\u00e2n n\u1ed3i: 0.6mm<br \/>\n<\/span><\/li>\n<li><span class=\"fontstyle0\">L\u1edbp nh\u00f4m t\u1ea3n nhi\u1ec7t: 0.5mm<br \/>\n<\/span><\/li>\n<li><span class=\"fontstyle0\">K\u00edch th\u01b0\u1edbc: R30 x C16.5cm<br \/>\n<\/span><\/li>\n<li><span class=\"fontstyle0\">Th\u1ec3 t\u00edch: 11.2L<\/span><\/li>\n<\/ul>\n<figure id=\"attachment_45221\" aria-describedby=\"caption-attachment-45221\" style=\"width: 557px\" class=\"wp-caption alignnone\"><img loading=\"lazy\" decoding=\"async\" class=\"size-full wp-image-45221\" src=\"https:\/\/livinghome.vn\/thiet-bi\/wp-content\/uploads\/nha-bep\/eurosun\/noi-inox\/bo-noi-inox-eurosun-mc1603-titanium\/bo-noi-inox-eurosun-3.jpg\" alt=\"N\u1ed3i Eurosun MS1602-Kings inox 304 th\u00edch h\u1ee3p lu\u1ed9c g\u00e0\" width=\"557\" height=\"215\" title=\"\"><figcaption id=\"caption-attachment-45221\" class=\"wp-caption-text\">N\u1ed3i Eurosun MS1602-Kings inox 304 th\u00edch h\u1ee3p lu\u1ed9c g\u00e0<\/figcaption><\/figure>\n","protected":false},"excerpt":{"rendered":"<p>N\u1ed3i Eurosun MS1602-Kings inox 304 th\u00edch h\u1ee3p lu\u1ed9c g\u00e0 c\u00f3 g\u00ec \u0111\u1eb7c bi\u1ec7t \u0110\u1eb7c t\u00ednh s\u1ea3n ph\u1ea9m \u00a0N\u1ed3i c\u1ea5u tr\u00fac 3 l\u1edbp \u0111\u00e1y gi\u00fap truy\u1ec1n v\u00e0 gi\u1eef nhi\u1ec7t t\u1ed1i \u01b0u, ti\u1ebft ki\u1ec7m n\u0103ng l\u01b0\u1ee3ng Ch\u1ea5t li\u1ec7u: To\u00e0n th\u00e2n n\u1ed3i inox SUS304 -18\/10 d\u00e0y 0.7mm ti\u1ebfp x\u00fac th\u1ef1c ph\u1ea9m an to\u00e0n \u0110\u00e1y n\u1ed3i s\u1eed d\u1ee5ng nhi\u1ec1u [&#8230;]\n","protected":false},"featured_media":720,"comment_status":"open","ping_status":"closed","template":"","meta":[],"product_brand":[],"product_cat":[101,106],"product_tag":[99,139,140,141,108],"class_list":{"0":"post-661","1":"product","2":"type-product","3":"status-publish","4":"has-post-thumbnail","6":"product_cat-gia-dung-khac","7":"product_cat-thuong-hieu-eurosun","8":"product_tag-bo-noi","9":"product_tag-bo-noi-inox","10":"product_tag-bo-noi-inox-304","11":"product_tag-bo-noi-inox-eurosun","12":"product_tag-eurosun","14":"first","15":"instock","16":"sale","17":"shipping-taxable","18":"purchasable","19":"product-type-simple"},"_links":{"self":[{"href":"https:\/\/livinghome.vn\/thiet-bi\/wp-json\/wp\/v2\/product\/661","targetHints":{"allow":["GET"]}}],"collection":[{"href":"https:\/\/livinghome.vn\/thiet-bi\/wp-json\/wp\/v2\/product"}],"about":[{"href":"https:\/\/livinghome.vn\/thiet-bi\/wp-json\/wp\/v2\/types\/product"}],"replies":[{"embeddable":true,"href":"https:\/\/livinghome.vn\/thiet-bi\/wp-json\/wp\/v2\/comments?post=661"}],"wp:featuredmedia":[{"embeddable":true,"href":"https:\/\/livinghome.vn\/thiet-bi\/wp-json\/wp\/v2\/media\/720"}],"wp:attachment":[{"href":"https:\/\/livinghome.vn\/thiet-bi\/wp-json\/wp\/v2\/media?parent=661"}],"wp:term":[{"taxonomy":"product_brand","embeddable":true,"href":"https:\/\/livinghome.vn\/thiet-bi\/wp-json\/wp\/v2\/product_brand?post=661"},{"taxonomy":"product_cat","embeddable":true,"href":"https:\/\/livinghome.vn\/thiet-bi\/wp-json\/wp\/v2\/product_cat?post=661"},{"taxonomy":"product_tag","embeddable":true,"href":"https:\/\/livinghome.vn\/thiet-bi\/wp-json\/wp\/v2\/product_tag?post=661"}],"curies":[{"name":"wp","href":"https:\/\/api.w.org\/{rel}","templated":true}]}}