{"id":659,"date":"2023-01-12T10:24:15","date_gmt":"2023-01-12T10:24:15","guid":{"rendered":"https:\/\/livinghome.vn\/thiet-bi\/?post_type=product&#038;p=659"},"modified":"2024-11-29T14:20:57","modified_gmt":"2024-11-29T07:20:57","slug":"bo-noi-eurosun-mc1803-premium-inox-304-7-mon","status":"publish","type":"product","link":"https:\/\/livinghome.vn\/thiet-bi\/bo-noi-eurosun-mc1803-premium-inox-304-7-mon\/","title":{"rendered":"B\u1ed9 n\u1ed3i Eurosun MC1803-Premium inox 304 7 m\u00f3n"},"content":{"rendered":"<h2>B\u1ed9 n\u1ed3i Eurosun MC1803-Premium inox 304 7 m\u00f3n c\u00f3 g\u00ec \u0111\u1eb7c bi\u1ec7t<\/h2>\n<figure id=\"attachment_44920\" aria-describedby=\"caption-attachment-44920\" style=\"width: 800px\" class=\"wp-caption alignnone\"><img loading=\"lazy\" decoding=\"async\" class=\"size-large wp-image-44920\" src=\"https:\/\/livinghome.vn\/thiet-bi\/wp-content\/uploads\/nha-bep\/eurosun\/noi-inox\/bo-noi-inox-eurosun-mc1803-prenium\/bo-noi-inox-eurosun-mc1803-prenium-800x800.jpg\" alt=\"B\u1ed9 n\u1ed3i Eurosun MC1803-Premium inox 304 7 m\u00f3n\" width=\"800\" height=\"800\" title=\"\"><figcaption id=\"caption-attachment-44920\" class=\"wp-caption-text\">B\u1ed9 n\u1ed3i Eurosun MC1803-Premium inox 304 7 m\u00f3n<\/figcaption><\/figure>\n<h3><strong><span class=\"fontstyle0\">\u0110\u1eb7c t\u00ednh s\u1ea3n ph\u1ea9m<\/span> <\/strong><\/h3>\n<ul>\n<li><a href=\"https:\/\/livinghome.vn\/product-category\/nha-bep\/bo-noi\/\">\u00a0<\/a><span class=\"fontstyle0\">B\u1ed9 n\u1ed3i -Ch\u1ea3o c\u1ea5u tr\u00fac 3 l\u1edbp \u0111\u00e1y gi\u00fap truy\u1ec1n v\u00e0 gi\u1eef nhi\u1ec7t t\u1ed1i \u01b0u, ti\u1ebft ki\u1ec7m n\u0103ng l\u01b0\u1ee3ng<\/span><\/li>\n<li><span class=\"fontstyle0\">Ki\u1ec3u d\u00e1ng \u0111\u00e1y th\u1eb3ng sang tr\u1ecdng v\u00e0 t\u0103ng ti\u1ebft di\u1ec7n l\u00ean b\u1ec1 m\u1eb7t b\u1ebfp<br \/>\n<\/span><\/li>\n<li><span class=\"fontstyle0\">Ch\u1ea5t li\u1ec7u: To\u00e0n th\u00e2n inox <\/span><span class=\"fontstyle2\">SUS304 &#8211; 18\/10 <\/span><span class=\"fontstyle0\">d\u00e0y 0.78mm ti\u1ebfp x\u00fac th\u1ef1c ph\u1ea9m an to\u00e0n<br \/>\n<\/span><\/li>\n<li><span class=\"fontstyle0\">\u0110\u00e1y n\u1ed3i s\u1eed d\u1ee5ng nhi\u1ec1u l\u1edbp nh\u00f4m d\u00e0y 5.5mm, \u0111\u01b0\u1ee3c ch\u1ebf t\u1ea1o b\u1eb1ng m\u00e1y t\u1ea1o \u00e1p l\u1ef1c ma s\u00e1t khi\u1ebfn n\u1ed3i c\u00f3 th\u1ec3 truy\u1ec1n nhi\u1ec7t<br \/>\n\u0111\u1ed3ng \u0111\u1ec1u h\u01a1n<br \/>\n<\/span><\/li>\n<li><span class=\"fontstyle0\">L\u1edbp d\u01b0\u1edbi c\u00f9ng inox 430 d\u00e0y 0.7mm ti\u1ebfp nh\u1eadn c\u1ea3m \u1ee9ng t\u1eeb cung c\u1ea5p nhi\u1ec7t cho to\u00e0n n\u1ed3i<br \/>\n<\/span><\/li>\n<li><span class=\"fontstyle0\">Ch\u1ea3o ch\u1ed1ng d\u00ednh \u0111\u01b0\u1ee3c s\u1eed d\u1ee5ng ch\u1ea5t men ch\u1ed1ng d\u00ednh 3 l\u1edbp si\u00eau b\u1ec1n Greblon C3 s\u1ea3n xu\u1ea5t t\u1ea1i CHLB \u0110\u1ee9c<br \/>\n<\/span><\/li>\n<li><span class=\"fontstyle0\">Vung k\u00ednh c\u01b0\u1eddng l\u1ef1c d\u00e0y 4mm d\u1ea1ng ph\u1eb3ng thi\u1ebft k\u1ebf tinh t\u1ebf, <\/span><span class=\"fontstyle0\">\u0111\u01b0\u1ee3c g\u1eafn l\u1edbp silicon ch\u1ecbu nhi\u1ec7t m\u00e0u \u0111\u1ecf t\u0103ng cao th\u1ea9m m\u1ef9 v\u00e0<br \/>\nc\u00e1ch nhi\u1ec7t trong qu\u00e1 tr\u00ecnh n\u1ea5u \u0103n<br \/>\n<\/span><\/li>\n<li><span class=\"fontstyle0\">Quai n\u1ed3i inox 304 \u0111\u01b0\u1ee3c h\u00e0n c\u00f4ng ngh\u1ec7 h\u1ed3 quay \u0111a \u0111i\u1ec3m ch\u1eafc ch\u1eafn v\u00e0 sang tr\u1ecdng<br \/>\n<\/span><\/li>\n<li><span class=\"fontstyle0\">S\u1ea3n ph\u1ea9m s\u1eed d\u1ee5ng tr\u00ean m\u1ecdi lo\u1ea1i b\u1ebfp: B\u1ebfp t\u1eeb, b\u1ebfp h\u1ed3ng ngo\u1ea1i, b\u1ebfp gas, m\u00e1y r\u1eeda b\u00e1t<br \/>\n<\/span><\/li>\n<li><span class=\"fontstyle0\">\u0110\u1eb7c bi\u1ec7t v\u1edbi b\u1ebfp t\u1eeb hi\u1ec7u qu\u1ea3 ti\u1ebft ki\u1ec7m tr\u00ean 30% \u0111i\u1ec7n n\u0103ng v\u00e0 n\u00e2ng cao tu\u1ed5i th\u1ecd c\u1ee7a b\u1ebfp<\/span><\/li>\n<\/ul>\n<figure id=\"attachment_44991\" aria-describedby=\"caption-attachment-44991\" style=\"width: 573px\" class=\"wp-caption alignnone\"><img loading=\"lazy\" decoding=\"async\" class=\"size-full wp-image-44991\" src=\"https:\/\/livinghome.vn\/thiet-bi\/wp-content\/uploads\/nha-bep\/eurosun\/noi-inox\/bo-noi-inox-eurosun-mc1603-titanium\/bo-noi-inox-eurosun-5.jpg\" alt=\"B\u1ed9 n\u1ed3i Eurosun MC1803-Premium inox 304 7 m\u00f3n\" width=\"573\" height=\"235\" title=\"\"><figcaption id=\"caption-attachment-44991\" class=\"wp-caption-text\">B\u1ed9 n\u1ed3i Eurosun MC1803-Premium inox 304 7 m\u00f3n<\/figcaption><\/figure>\n","protected":false},"excerpt":{"rendered":"<p>B\u1ed9 n\u1ed3i Eurosun MC1803-Premium inox 304 7 m\u00f3n c\u00f3 g\u00ec \u0111\u1eb7c bi\u1ec7t \u0110\u1eb7c t\u00ednh s\u1ea3n ph\u1ea9m \u00a0B\u1ed9 n\u1ed3i -Ch\u1ea3o c\u1ea5u tr\u00fac 3 l\u1edbp \u0111\u00e1y gi\u00fap truy\u1ec1n v\u00e0 gi\u1eef nhi\u1ec7t t\u1ed1i \u01b0u, ti\u1ebft ki\u1ec7m n\u0103ng l\u01b0\u1ee3ng Ki\u1ec3u d\u00e1ng \u0111\u00e1y th\u1eb3ng sang tr\u1ecdng v\u00e0 t\u0103ng ti\u1ebft di\u1ec7n l\u00ean b\u1ec1 m\u1eb7t b\u1ebfp Ch\u1ea5t li\u1ec7u: To\u00e0n th\u00e2n inox SUS304 [&#8230;]\n","protected":false},"featured_media":718,"comment_status":"open","ping_status":"closed","template":"","meta":[],"product_brand":[],"product_cat":[98,106],"product_tag":[99,139,140,141,108],"class_list":{"0":"post-659","1":"product","2":"type-product","3":"status-publish","4":"has-post-thumbnail","6":"product_cat-bo-noi-bep-tu","7":"product_cat-thuong-hieu-eurosun","8":"product_tag-bo-noi","9":"product_tag-bo-noi-inox","10":"product_tag-bo-noi-inox-304","11":"product_tag-bo-noi-inox-eurosun","12":"product_tag-eurosun","14":"first","15":"instock","16":"sale","17":"shipping-taxable","18":"purchasable","19":"product-type-simple"},"_links":{"self":[{"href":"https:\/\/livinghome.vn\/thiet-bi\/wp-json\/wp\/v2\/product\/659","targetHints":{"allow":["GET"]}}],"collection":[{"href":"https:\/\/livinghome.vn\/thiet-bi\/wp-json\/wp\/v2\/product"}],"about":[{"href":"https:\/\/livinghome.vn\/thiet-bi\/wp-json\/wp\/v2\/types\/product"}],"replies":[{"embeddable":true,"href":"https:\/\/livinghome.vn\/thiet-bi\/wp-json\/wp\/v2\/comments?post=659"}],"wp:featuredmedia":[{"embeddable":true,"href":"https:\/\/livinghome.vn\/thiet-bi\/wp-json\/wp\/v2\/media\/718"}],"wp:attachment":[{"href":"https:\/\/livinghome.vn\/thiet-bi\/wp-json\/wp\/v2\/media?parent=659"}],"wp:term":[{"taxonomy":"product_brand","embeddable":true,"href":"https:\/\/livinghome.vn\/thiet-bi\/wp-json\/wp\/v2\/product_brand?post=659"},{"taxonomy":"product_cat","embeddable":true,"href":"https:\/\/livinghome.vn\/thiet-bi\/wp-json\/wp\/v2\/product_cat?post=659"},{"taxonomy":"product_tag","embeddable":true,"href":"https:\/\/livinghome.vn\/thiet-bi\/wp-json\/wp\/v2\/product_tag?post=659"}],"curies":[{"name":"wp","href":"https:\/\/api.w.org\/{rel}","templated":true}]}}