{"id":657,"date":"2023-01-12T10:24:14","date_gmt":"2023-01-12T10:24:14","guid":{"rendered":"https:\/\/livinghome.vn\/thiet-bi\/?post_type=product&#038;p=657"},"modified":"2024-11-29T14:20:58","modified_gmt":"2024-11-29T07:20:58","slug":"bo-noi-eurosun-mc1702-harmony-inox-304-8-mon","status":"publish","type":"product","link":"https:\/\/livinghome.vn\/thiet-bi\/bo-noi-eurosun-mc1702-harmony-inox-304-8-mon\/","title":{"rendered":"B\u1ed9 n\u1ed3i Eurosun MC1702-Harmony inox 304 8 m\u00f3n"},"content":{"rendered":"<h2>B\u1ed9 n\u1ed3i Eurosun MC1702-Harmony inox 304 8 m\u00f3n c\u00f3 g\u00ec \u0111\u1eb7c bi\u1ec7t<\/h2>\n<p>&nbsp;<\/p>\n<figure id=\"attachment_44892\" aria-describedby=\"caption-attachment-44892\" style=\"width: 800px\" class=\"wp-caption alignnone\"><img loading=\"lazy\" decoding=\"async\" class=\"size-large wp-image-44892\" src=\"https:\/\/livinghome.vn\/thiet-bi\/wp-content\/uploads\/nha-bep\/eurosun\/noi-inox\/bo-noi-inox-eurosun-mc1702-harmony\/bo-noi-inox-eurosun-mc1702-harmony-800x800.jpg\" alt=\"B\u1ed9 n\u1ed3i Eurosun MC1702-Harmony inox 304 8 m\u00f3n\" width=\"800\" height=\"800\" title=\"\"><figcaption id=\"caption-attachment-44892\" class=\"wp-caption-text\">B\u1ed9 n\u1ed3i Eurosun MC1702-Harmony inox 304 8 m\u00f3n<\/figcaption><\/figure>\n<h3><strong><span class=\"fontstyle0\">\u0110\u1eb7c t\u00ednh s\u1ea3n ph\u1ea9m<\/span> <\/strong><\/h3>\n<ul>\n<li><a href=\"https:\/\/livinghome.vn\/product-category\/nha-bep\/bo-noi\/\">\u00a0<\/a><span class=\"fontstyle0\">B\u1ed9 n\u1ed3i -Ch\u1ea3o c\u1ea5u tr\u00fac 3 l\u1edbp \u0111\u00e1y gi\u00fap truy\u1ec1n v\u00e0 gi\u1eef nhi\u1ec7t t\u1ed1i \u01b0u, ti\u1ebft ki\u1ec7m n\u0103ng l\u01b0\u1ee3ng<\/span><\/li>\n<li><span class=\"fontstyle0\">Ch\u1ea5t li\u1ec7u: To\u00e0n th\u00e2n inox SUS304 &#8211; 18\/10 d\u00e0y 0.6mm ti\u1ebfp x\u00fac th\u1ef1c ph\u1ea9m an to\u00e0n<br \/>\n<\/span><\/li>\n<li><span class=\"fontstyle0\">L\u1edbp gi\u1eefa l\u00e0 nh\u00f4m chuy\u00ean d\u00f9ng d\u00e0y 4.5mm theo ti\u00eau chu\u1ea9n Euro gi\u00fap t\u1ea3n nhi\u1ec7t nhanh b\u1ea3o v\u1ec7 bo m\u1ea1ch b\u1ebfp t\u1eeb<br \/>\n<\/span><\/li>\n<li><span class=\"fontstyle0\">L\u1edbp d\u01b0\u1edbi c\u00f9ng inox 430 d\u00e0y 0.6mm ti\u1ebfp nh\u1eadn c\u1ea3m \u1ee9ng t\u1eeb cung c\u1ea5p nhi\u1ec7t cho to\u00e0n n\u1ed3i<br \/>\n<\/span><\/li>\n<li><span class=\"fontstyle0\">Ch\u1ea3o ch\u1ed1ng d\u00ednh s\u1eed d\u1ee5ng ch\u1ea5t men ch\u1ed1ng d\u00ednh 3 l\u1edbp si\u00eau b\u1ec1n Quantanium b\u1edfi h\u00e3ng Whitford s\u1ea3n xu\u1ea5t t\u1ea1i M\u1ef9<br \/>\n<\/span><\/li>\n<li><span class=\"fontstyle0\">Vung k\u00ednh c\u01b0\u1eddng l\u1ef1c vi\u1ec1n inox cao c\u1ea5p<br \/>\n<\/span><\/li>\n<li><span class=\"fontstyle0\">S\u1ea3n ph\u1ea9m s\u1eed d\u1ee5ng tr\u00ean m\u1ecdi lo\u1ea1i b\u1ebfp: B\u1ebfp t\u1eeb, b\u1ebfp h\u1ed3ng ngo\u1ea1i, b\u1ebfp gas, m\u00e1y r\u1eeda b\u00e1t<br \/>\n<\/span><\/li>\n<li><span class=\"fontstyle0\">\u0110\u1eb7c bi\u1ec7t v\u1edbi b\u1ebfp t\u1eeb hi\u1ec7u qu\u1ea3 ti\u1ebft ki\u1ec7m tr\u00ean 30% \u0111i\u1ec7n n\u0103ng v\u00e0 n\u00e2ng cao tu\u1ed5i th\u1ecd c\u1ee7a b\u1ebfp<\/span><\/li>\n<\/ul>\n<figure id=\"attachment_44983\" aria-describedby=\"caption-attachment-44983\" style=\"width: 484px\" class=\"wp-caption alignnone\"><img loading=\"lazy\" decoding=\"async\" class=\"size-full wp-image-44983\" src=\"https:\/\/livinghome.vn\/thiet-bi\/wp-content\/uploads\/nha-bep\/eurosun\/noi-inox\/bo-noi-inox-eurosun-mc1603-titanium\/bo-noi-inox-eurosun-8.jpg\" alt=\"B\u1ed9 n\u1ed3i Eurosun MC1702-Harmony inox 304 8 m\u00f3n\" width=\"484\" height=\"205\" title=\"\"><figcaption id=\"caption-attachment-44983\" class=\"wp-caption-text\">B\u1ed9 n\u1ed3i Eurosun MC1702-Harmony inox 304 8 m\u00f3n<\/figcaption><\/figure>\n<figure id=\"attachment_44981\" aria-describedby=\"caption-attachment-44981\" style=\"width: 575px\" class=\"wp-caption alignnone\"><img loading=\"lazy\" decoding=\"async\" class=\"size-full wp-image-44981\" src=\"https:\/\/livinghome.vn\/thiet-bi\/wp-content\/uploads\/nha-bep\/eurosun\/noi-inox\/bo-noi-inox-eurosun-mc1603-titanium\/bo-noi-inox-eurosun-9.jpg\" alt=\"B\u1ed9 n\u1ed3i Eurosun MC1702-Harmony inox 304 8 m\u00f3n\" width=\"575\" height=\"201\" title=\"\"><figcaption id=\"caption-attachment-44981\" class=\"wp-caption-text\">B\u1ed9 n\u1ed3i Eurosun MC1702-Harmony inox 304 8 m\u00f3n<\/figcaption><\/figure>\n","protected":false},"excerpt":{"rendered":"<p>B\u1ed9 n\u1ed3i Eurosun MC1702-Harmony inox 304 8 m\u00f3n c\u00f3 g\u00ec \u0111\u1eb7c bi\u1ec7t &nbsp; \u0110\u1eb7c t\u00ednh s\u1ea3n ph\u1ea9m \u00a0B\u1ed9 n\u1ed3i -Ch\u1ea3o c\u1ea5u tr\u00fac 3 l\u1edbp \u0111\u00e1y gi\u00fap truy\u1ec1n v\u00e0 gi\u1eef nhi\u1ec7t t\u1ed1i \u01b0u, ti\u1ebft ki\u1ec7m n\u0103ng l\u01b0\u1ee3ng Ch\u1ea5t li\u1ec7u: To\u00e0n th\u00e2n inox SUS304 &#8211; 18\/10 d\u00e0y 0.6mm ti\u1ebfp x\u00fac th\u1ef1c ph\u1ea9m an to\u00e0n L\u1edbp gi\u1eefa l\u00e0 [&#8230;]\n","protected":false},"featured_media":714,"comment_status":"open","ping_status":"closed","template":"","meta":[],"product_brand":[],"product_cat":[98,106],"product_tag":[99,139,140,141,108],"class_list":{"0":"post-657","1":"product","2":"type-product","3":"status-publish","4":"has-post-thumbnail","6":"product_cat-bo-noi-bep-tu","7":"product_cat-thuong-hieu-eurosun","8":"product_tag-bo-noi","9":"product_tag-bo-noi-inox","10":"product_tag-bo-noi-inox-304","11":"product_tag-bo-noi-inox-eurosun","12":"product_tag-eurosun","14":"first","15":"instock","16":"sale","17":"shipping-taxable","18":"purchasable","19":"product-type-simple"},"_links":{"self":[{"href":"https:\/\/livinghome.vn\/thiet-bi\/wp-json\/wp\/v2\/product\/657","targetHints":{"allow":["GET"]}}],"collection":[{"href":"https:\/\/livinghome.vn\/thiet-bi\/wp-json\/wp\/v2\/product"}],"about":[{"href":"https:\/\/livinghome.vn\/thiet-bi\/wp-json\/wp\/v2\/types\/product"}],"replies":[{"embeddable":true,"href":"https:\/\/livinghome.vn\/thiet-bi\/wp-json\/wp\/v2\/comments?post=657"}],"wp:featuredmedia":[{"embeddable":true,"href":"https:\/\/livinghome.vn\/thiet-bi\/wp-json\/wp\/v2\/media\/714"}],"wp:attachment":[{"href":"https:\/\/livinghome.vn\/thiet-bi\/wp-json\/wp\/v2\/media?parent=657"}],"wp:term":[{"taxonomy":"product_brand","embeddable":true,"href":"https:\/\/livinghome.vn\/thiet-bi\/wp-json\/wp\/v2\/product_brand?post=657"},{"taxonomy":"product_cat","embeddable":true,"href":"https:\/\/livinghome.vn\/thiet-bi\/wp-json\/wp\/v2\/product_cat?post=657"},{"taxonomy":"product_tag","embeddable":true,"href":"https:\/\/livinghome.vn\/thiet-bi\/wp-json\/wp\/v2\/product_tag?post=657"}],"curies":[{"name":"wp","href":"https:\/\/api.w.org\/{rel}","templated":true}]}}