{"id":653,"date":"2023-01-12T10:24:14","date_gmt":"2023-01-12T10:24:14","guid":{"rendered":"https:\/\/livinghome.vn\/thiet-bi\/?post_type=product&#038;p=653"},"modified":"2024-11-29T14:20:58","modified_gmt":"2024-11-29T07:20:58","slug":"may-rua-chen-eurosun-sms58eu09bt-8-bo-7-lit-nuoc","status":"publish","type":"product","link":"https:\/\/livinghome.vn\/thiet-bi\/may-rua-chen-eurosun-sms58eu09bt-8-bo-7-lit-nuoc\/","title":{"rendered":"M\u00e1y r\u1eeda ch\u00e9n Eurosun SMS58EU09BT 8 b\u1ed9 7 l\u00edt n\u01b0\u1edbc"},"content":{"rendered":"<h2>C\u00f9ng kh\u00e1m ph\u00e1 M\u00e1y r\u1eeda ch\u00e9n Eurosun SMS58EU09BT 8 b\u1ed9 7 l\u00edt n\u01b0\u1edbc c\u00f3 g\u00ec hot<\/h2>\n<figure id=\"attachment_44853\" aria-describedby=\"caption-attachment-44853\" style=\"width: 800px\" class=\"wp-caption alignnone\"><img loading=\"lazy\" decoding=\"async\" class=\"size-large wp-image-44853\" src=\"https:\/\/livinghome.vn\/thiet-bi\/wp-content\/uploads\/nha-bep\/eurosun\/may-rua-chen\/may-rua-chen-eurosun-sms58eu09bt\/may-rua-chen-eurosun-sms58eu09bt-800x800.jpg\" alt=\"M\u00e1y r\u1eeda ch\u00e9n Eurosun SMS58EU09BT 8 b\u1ed9 7 l\u00edt n\u01b0\u1edbc\" width=\"800\" height=\"800\" title=\"\"><figcaption id=\"caption-attachment-44853\" class=\"wp-caption-text\">M\u00e1y r\u1eeda ch\u00e9n Eurosun SMS58EU09BT 8 b\u1ed9 7 l\u00edt n\u01b0\u1edbc<\/figcaption><\/figure>\n<h3><strong><span class=\"fontstyle0\">\u0110\u1eb7c t\u00ednh s\u1ea3n ph\u1ea9m<\/span> <\/strong><\/h3>\n<ul>\n<li><span class=\"fontstyle0\"><span class=\"fontstyle0\"><a href=\"https:\/\/livinghome.vn\/thiet-bi\/may-rua-chen-bat\/\">M\u00e1y r\u1eeda ch\u00e9n<\/a><\/span><\/span> Eurosun <span class=\"fontstyle0\">SMS58EU09BT <\/span>2 khay ch\u1ee9a b\u00e1t \u0111\u0169a<span class=\"fontstyle0\"><br \/>\n<\/span><\/li>\n<li><span class=\"fontstyle2\">\u0110i\u1ec1u khi\u1ec3n c\u1ea3m \u1ee9ng k\u1ef9 thu\u1eadt s\u1ed1 Digital<br \/>\n<\/span><\/li>\n<li><span class=\"fontstyle2\">\u0110\u00e8n b\u00e1o hi\u1ec3n thi Led<br \/>\n<\/span><\/li>\n<li><span class=\"fontstyle2\">Ch\u1ea5t li\u1ec7u Inox SUS304 \u0111en x\u00e1m, ch\u1ed1ng b\u00e1m b\u1ea9n<br \/>\n<\/span><\/li>\n<li><span class=\"fontstyle2\">Ch\u1ee9c n\u0103ng <\/span><span class=\"fontstyle0\">Fresh &amp; Dry l\u00e0 ch\u1ee9c n\u0103ng s\u1ea5y t\u01b0\u01a1i b\u1eb1ng kh\u00ed n\u00f3ng<\/span><span class=\"fontstyle2\">, sau quy tr\u00ecnh r\u1eeda kho\u1ea3ng 30 ph\u00fat ch\u1ee9c n\u0103ng s\u1ebd \u0111\u01b0\u1ee3c kh\u1edfi \u0111\u1ed9ng v\u00e0 th\u1ed5i lu\u1ed3ng kh\u00ed t\u01b0\u01a1i n\u00f3ng gi\u00fap cho c\u00e1c v\u1eadt d\u1ee5ng trong m\u00e1y r\u1eeda b\u00e1t \u0111\u01b0\u1ee3c di\u1ec7t khu\u1ea9n v\u00e0 <\/span><span class=\"fontstyle2\">n\u1ea5m m\u1ed1c <\/span><span class=\"fontstyle0\">99.99% <\/span><span class=\"fontstyle2\">li\u00ean t\u1ee5c trong 72 gi\u1edd v\u1edbi m\u1ed9t <\/span><span class=\"fontstyle2\">l\u01b0\u1ee3ng \u0111i\u1ec7n ch\u1ec9 <\/span><span class=\"fontstyle0\">0.37kWh <\/span><span class=\"fontstyle2\">cho c\u1ea3 quy tr\u00ecnh. B\u00e1t \u0111\u0129a lu\u00f4n lu\u00f4n n\u00f3ng v\u00e0 v\u00f4 tr\u00f9ng nh\u01b0 v\u1eeba m\u1edbi r\u1eeda xong.<br \/>\n<\/span><\/li>\n<li><span class=\"fontstyle2\">Ch\u01b0\u01a1ng tr\u00ecnh t\u1ef1 \u0111\u1ed9ng l\u00e0m s\u1ea1ch <\/span><span class=\"fontstyle0\">Self &#8211; Cleaning <\/span><span class=\"fontstyle2\">gi\u00fap l\u00e0m s\u1ea1ch m\u00e1y sau m\u1ed9t th\u1eddi gian d\u00e0i s\u1eed d\u1ee5ng, c\u00f3 th\u1ec3 b\u1ecb b\u00e1m b\u1ea9n v\u00e0 m\u00f9i h\u00f4i t\u1ea1o \u0111i\u1ec1u ki\u1ec7n cho vi khu\u1ea9n ph\u00e1t tri\u1ec3n, kh\u1edfi \u0111\u1ed9ng ch\u1ee9c n\u0103ng <\/span><span class=\"fontstyle3\">Self &#8211; Cleaning <\/span><span class=\"fontstyle2\">s\u1ebd gi\u00fap kh\u1eed khu\u1ea9n v\u00e0 m\u00f9i h\u00f4i hi\u1ec7u qu\u1ea3 ch\u1ec9 v\u1edbi chu tr\u00ecnh 80 ph\u00fat<br \/>\n<\/span><\/li>\n<li><span class=\"fontstyle2\">S\u1ea3n ph\u1ea9m \u0111\u01b0\u1ee3c t\u00edch h\u1ee3p ch\u1ee9c n\u0103ng <\/span><span class=\"fontstyle4\">Save programs <\/span><span class=\"fontstyle2\">gi\u00fap m\u00e1y l\u01b0u l\u1ea1i c\u00e1c <\/span><span class=\"fontstyle2\">chu tr\u00ecnh \u0111ang r\u1eeda trong tr\u01b0\u1eddng h\u1ee3p b\u1ecb ng\u1eaft \u0111i\u1ec7n<\/span><\/li>\n<\/ul>\n<h3><strong>8 Ch\u01b0\u01a1ng tr\u00ecnh r\u1eeda<\/strong><\/h3>\n<ul>\n<li><span class=\"fontstyle0\">R\u1eeda t\u1ef1 \u0111\u1ed9ng <\/span><span class=\"fontstyle2\">Auto Wash <\/span><span class=\"fontstyle0\">50-70\u00b0C,<br \/>\n<\/span><\/li>\n<li><span class=\"fontstyle0\">R\u1eeda chuy\u00ean s\u00e2u <\/span><span class=\"fontstyle2\">Intensive <\/span><span class=\"fontstyle0\">50-70\u00b0C, R\u1eeda <\/span><span class=\"fontstyle2\">ECO <\/span><span class=\"fontstyle0\">45-65\u00b0C,<br \/>\n<\/span><\/li>\n<li><span class=\"fontstyle0\">R\u1eeda \u0111\u1ed3 th\u1ee7y tinh <\/span><span class=\"fontstyle2\">Glass <\/span><span class=\"fontstyle0\">45-60\u00b0C, R\u1eeda <\/span><span class=\"fontstyle2\">90 ph\u00fat <\/span><span class=\"fontstyle0\">65-70\u00b0C,<br \/>\n<\/span><\/li>\n<li><span class=\"fontstyle0\">R\u1eeda nhanh <\/span><span class=\"fontstyle2\">Rapit <\/span><span class=\"fontstyle0\">45-55\u00b0C, R\u1eeda <\/span><span class=\"fontstyle2\">n\u1eeda t\u1ea3i 1\/2- Half load<\/span><span class=\"fontstyle0\">,<br \/>\n<\/span><\/li>\n<li><span class=\"fontstyle0\">T\u1ef1 l\u00e0m s\u1ea1ch m\u00e1y <\/span><span class=\"fontstyle2\">Self &#8211; Cleaning <\/span><span class=\"fontstyle0\">65-68\u00b0C<\/span><\/li>\n<\/ul>\n<h3><strong>4 Ch\u1ee9c n\u0103ng t\u0103ng c\u01b0\u1eddng<\/strong><\/h3>\n<ul>\n<li><span class=\"fontstyle0\">Ch\u1ee9c n\u0103ng <\/span><span class=\"fontstyle2\">Fresh &amp; Dry <\/span><span class=\"fontstyle0\">l\u00e0 ch\u1ee9c n\u0103ng s\u1ea5y t\u01b0\u01a1i b\u1eb1ng kh\u00ed n\u00f3ng<br \/>\n<\/span><\/li>\n<li><span class=\"fontstyle2\">Extra Drying <\/span><span class=\"fontstyle0\">s\u1ea5y t\u0103ng c\u01b0\u1eddng \u1edf nhi\u1ec7t \u0111\u1ed9 cao, tri\u1ec7t \u0111\u1ec3 99.99% cho di\u1ec7t vi <\/span><span class=\"fontstyle0\">khu\u1ea9n v\u00e0 n\u1ea5m m\u1ed1c<br \/>\n<\/span><\/li>\n<li><span class=\"fontstyle3\">Ecowash &#8211; Half load <\/span><span class=\"fontstyle0\">&#8211; Ch\u1ee9c n\u0103ng r\u1eeda th\u00e2n thi\u1ec7n<br \/>\n<\/span><\/li>\n<li><span class=\"fontstyle2\">Delay: <\/span><span class=\"fontstyle0\">H\u1eb9n gi\u1edd 1-24 gi\u1edd<\/span><\/li>\n<\/ul>\n<h3><strong>2 Ch\u1ee9c n\u0103ng an to\u00e0n<\/strong><\/h3>\n<ul>\n<li><span class=\"fontstyle0\">Kho\u00e1 tr\u1ebb em &#8211; <\/span><span class=\"fontstyle2\">Child Lock<br \/>\n<\/span><\/li>\n<li><span class=\"fontstyle0\">Ch\u1ee9c n\u0103ng b\u1ea3o v\u1ec7 <\/span><span class=\"fontstyle3\">ch\u1ed1ng tr\u00e0n, r\u00f2 r\u1ec9 overflow and leakage protection<\/span><\/li>\n<\/ul>\n<h3><strong><span class=\"fontstyle0\">Th\u00f4ng tin k\u1ef9 thu\u1eadt<\/span><\/strong><\/h3>\n<ul>\n<li><span class=\"fontstyle0\">M\u1ee9c \u0111\u1ed9 ti\u1ebfng \u1ed3n: <\/span><span class=\"fontstyle2\">\u226449db si\u00eau \u00e2m A<br \/>\n<\/span><\/li>\n<li><span class=\"fontstyle0\">Ti\u00eau chu\u1ea9n n\u0103ng l\u01b0\u1ee3ng Ch\u00e2u \u00e2u: <\/span><span class=\"fontstyle2\">A\u207a<br \/>\n<\/span><\/li>\n<li><span class=\"fontstyle0\">Ti\u00eau chu\u1ea9n m\u1ee9c \u0111\u1ed9 s\u1ea1ch: <\/span><span class=\"fontstyle2\">Acleaning efficiency class A<br \/>\n<\/span><\/li>\n<li><span class=\"fontstyle0\">Ti\u00eau chu\u1ea9n ch\u1ec9 s\u1ed1 hi\u1ec7u qu\u1ea3 s\u1ea5y Kh\u00f4: <\/span><span class=\"fontstyle2\">Drying efficiency class A+<br \/>\n<\/span><\/li>\n<li><span class=\"fontstyle0\">Dung t\u00edch ch\u1ee9a: <\/span><span class=\"fontstyle2\">8 b\u1ed9 b\u00e1t \u0111\u0129a<br \/>\n<\/span><\/li>\n<li><span class=\"fontstyle0\">M\u1ee9c ti\u00eau th\u1ee5 \u0111i\u1ec7n n\u0103ng: Kho\u1ea3ng <\/span><span class=\"fontstyle2\">\u00b10.72Kwh\/ l\u1ea7n r\u1eeda<br \/>\n<\/span><\/li>\n<li><span class=\"fontstyle0\">M\u1ee9c ti\u00eau th\u1ee5 n\u01b0\u1edbc t\u1ed1i \u0111a: Kho\u1ea3ng <\/span><span class=\"fontstyle2\">\u00b17.0 l\u00edt\/ l\u1ea7n r\u1eeda<br \/>\n<\/span><\/li>\n<li><span class=\"fontstyle0\">K\u00edch th\u01b0\u1edbc s\u1ea3n ph\u1ea9m: 598R x 500S x 595C<br \/>\n<\/span><\/li>\n<li><span class=\"fontstyle0\">K\u00edch th\u01b0\u1edbc kho\u00e9t \u00e2m t\u1ee7: 560R x 550S x 595C<\/span><\/li>\n<\/ul>\n<h3><strong>Xu\u1ea5t x\u1ee9: Th\u00e1i Lan<\/strong><\/h3>\n","protected":false},"excerpt":{"rendered":"<p>C\u00f9ng kh\u00e1m ph\u00e1 M\u00e1y r\u1eeda ch\u00e9n Eurosun SMS58EU09BT 8 b\u1ed9 7 l\u00edt n\u01b0\u1edbc c\u00f3 g\u00ec hot \u0110\u1eb7c t\u00ednh s\u1ea3n ph\u1ea9m M\u00e1y r\u1eeda ch\u00e9n Eurosun SMS58EU09BT 2 khay ch\u1ee9a b\u00e1t \u0111\u0169a \u0110i\u1ec1u khi\u1ec3n c\u1ea3m \u1ee9ng k\u1ef9 thu\u1eadt s\u1ed1 Digital \u0110\u00e8n b\u00e1o hi\u1ec3n thi Led Ch\u1ea5t li\u1ec7u Inox SUS304 \u0111en x\u00e1m, ch\u1ed1ng b\u00e1m b\u1ea9n Ch\u1ee9c n\u0103ng Fresh [&#8230;]\n","protected":false},"featured_media":693,"comment_status":"open","ping_status":"closed","template":"","meta":[],"product_brand":[],"product_cat":[606,92,821,827,826,817,106],"product_tag":[108,93,137,136,138],"class_list":{"0":"post-653","1":"product","2":"type-product","3":"status-publish","4":"has-post-thumbnail","6":"product_cat-may-rua-chen-bat-eurosun","7":"product_cat-may-rua-chen-bat","8":"product_cat-may-rua-chen-bat-8-bo","9":"product_cat-may-rua-chen-bat-ban-am","10":"product_cat-may-rua-chen-bat-doc-lap","11":"product_cat-may-rua-chen-bat-mini","12":"product_cat-thuong-hieu-eurosun","13":"product_tag-eurosun","14":"product_tag-may-rua-chen","15":"product_tag-may-rua-chen-am-tu","16":"product_tag-may-rua-chen-eurosun","17":"product_tag-may-rua-chen-lap-dat-doc-lap","19":"first","20":"instock","21":"sale","22":"shipping-taxable","23":"purchasable","24":"product-type-simple"},"_links":{"self":[{"href":"https:\/\/livinghome.vn\/thiet-bi\/wp-json\/wp\/v2\/product\/653","targetHints":{"allow":["GET"]}}],"collection":[{"href":"https:\/\/livinghome.vn\/thiet-bi\/wp-json\/wp\/v2\/product"}],"about":[{"href":"https:\/\/livinghome.vn\/thiet-bi\/wp-json\/wp\/v2\/types\/product"}],"replies":[{"embeddable":true,"href":"https:\/\/livinghome.vn\/thiet-bi\/wp-json\/wp\/v2\/comments?post=653"}],"wp:featuredmedia":[{"embeddable":true,"href":"https:\/\/livinghome.vn\/thiet-bi\/wp-json\/wp\/v2\/media\/693"}],"wp:attachment":[{"href":"https:\/\/livinghome.vn\/thiet-bi\/wp-json\/wp\/v2\/media?parent=653"}],"wp:term":[{"taxonomy":"product_brand","embeddable":true,"href":"https:\/\/livinghome.vn\/thiet-bi\/wp-json\/wp\/v2\/product_brand?post=653"},{"taxonomy":"product_cat","embeddable":true,"href":"https:\/\/livinghome.vn\/thiet-bi\/wp-json\/wp\/v2\/product_cat?post=653"},{"taxonomy":"product_tag","embeddable":true,"href":"https:\/\/livinghome.vn\/thiet-bi\/wp-json\/wp\/v2\/product_tag?post=653"}],"curies":[{"name":"wp","href":"https:\/\/api.w.org\/{rel}","templated":true}]}}