{"id":640,"date":"2023-01-12T10:23:50","date_gmt":"2023-01-12T10:23:50","guid":{"rendered":"https:\/\/livinghome.vn\/thiet-bi\/?post_type=product&#038;p=640"},"modified":"2024-11-29T14:20:58","modified_gmt":"2024-11-29T07:20:58","slug":"may-rua-chen-eurosun-sms80eu15e-14-bo-9-lit-nuoc","status":"publish","type":"product","link":"https:\/\/livinghome.vn\/thiet-bi\/may-rua-chen-eurosun-sms80eu15e-14-bo-9-lit-nuoc\/","title":{"rendered":"M\u00e1y r\u1eeda ch\u00e9n Eurosun SMS80EU15E 14 b\u1ed9 9 l\u00edt n\u01b0\u1edbc"},"content":{"rendered":"<h2>Xin gi\u1edbi thi\u1ec7u M\u00e1y r\u1eeda ch\u00e9n Eurosun SMS80EU15E<span class=\"fontstyle0\">\u00a0<\/span>14 b\u1ed9 9 l\u00edt n\u01b0\u1edbc c\u00f3 g\u00ec \u0111\u1eb7c bi\u1ec7t<\/h2>\n<figure id=\"attachment_44802\" aria-describedby=\"caption-attachment-44802\" style=\"width: 800px\" class=\"wp-caption alignnone\"><img loading=\"lazy\" decoding=\"async\" class=\"size-large wp-image-44802\" src=\"https:\/\/livinghome.vn\/thiet-bi\/wp-content\/uploads\/nha-bep\/eurosun\/may-rua-chen\/may-rua-chen-eurosun-sms80eu15e\/may-rua-chen-eurosun-sms80eu15e-800x800.jpg\" alt=\"M\u00e1y r\u1eeda ch\u00e9n Eurosun SMS80EU15E 14 b\u1ed9 9 l\u00edt n\u01b0\u1edbc\" width=\"800\" height=\"800\" title=\"\"><figcaption id=\"caption-attachment-44802\" class=\"wp-caption-text\">M\u00e1y r\u1eeda ch\u00e9n Eurosun SMS80EU15E 14 b\u1ed9 9 l\u00edt n\u01b0\u1edbc<\/figcaption><\/figure>\n<h3><strong><span class=\"fontstyle0\">\u0110\u1eb7c t\u00ednh s\u1ea3n ph\u1ea9m<\/span> <\/strong><\/h3>\n<ul>\n<li><span class=\"fontstyle0\"><span class=\"fontstyle0\"><a href=\"https:\/\/livinghome.vn\/thiet-bi\/may-rua-chen-bat\/\">M\u00e1y r\u1eeda ch\u00e9n<\/a><\/span><\/span>\u00a0Eurosun SMS80EU15E<span class=\"fontstyle0\">l\u1eafp \u0111\u1ed9c l\u1eadp th\u1ebf h\u1ec7 m\u1edbi<\/span><span class=\"fontstyle0\"><br \/>\n<\/span><\/li>\n<li><span class=\"fontstyle2\">3 khay <\/span><span class=\"fontstyle3\">ch\u1ee9a c\u01a1 \u0111\u1ed9ng + 1 gi\u1ecf \u0111\u1ec3 \u0111\u0169a, ly c\u1ed1c<br \/>\n<\/span><\/li>\n<li><span class=\"fontstyle3\">Ray n\u00e2ng h\u1ea1 <\/span><span class=\"fontstyle2\">Vario space <\/span><span class=\"fontstyle3\">th\u00f4ng minh thay \u0111\u1ed5i chi\u1ec1u cao gi\u1eefa c\u00e1c khay<br \/>\n<\/span><\/li>\n<li><span class=\"fontstyle3\">C\u00f4ng ngh\u1ec7 <\/span><span class=\"fontstyle2\">S\u1ea5y Drying Turbo <\/span><span class=\"fontstyle3\">s\u1ea5y kh\u00f4 tri\u1ec7t \u0111\u1ec3, di\u1ec7t vi khu\u1ea9n v\u00e0 n\u1ea5m m\u1ed1c l\u00ean t\u1edbi <\/span><span class=\"fontstyle2\">99,99%<br \/>\n<\/span><\/li>\n<li><span class=\"fontstyle3\">C\u00f4ng ngh\u1ec7 <\/span><span class=\"fontstyle2\">Eco Silence <\/span><span class=\"fontstyle3\">\u0111\u1ed9ng c\u01a1 <\/span><span class=\"fontstyle2\">BLDC <\/span><span class=\"fontstyle3\">gi\u00fap m\u00e1y ho\u1ea1t \u0111\u1ed9ng m\u1ea1nh m\u1ebd <\/span><span class=\"fontstyle3\">h\u01a1n, ti\u1ebft ki\u1ec7m \u0111\u1ebfn g\u1ea7n <\/span><span class=\"fontstyle2\">50% <\/span><span class=\"fontstyle3\">n\u0103ng l\u01b0\u1ee3ng v\u00e0 th\u1eddi gian, ngo\u00e0i ra c\u00f2n gi\u00fap m\u00e1y ch\u1ed1ng rung ho\u1ea1t \u0111\u1ed9ng y\u00ean t\u0129nh v\u1edbi \u0111\u1ed9 \u1ed3n th\u1ea5p nh\u1ea5t.<br \/>\n<\/span><\/li>\n<li><span class=\"fontstyle3\">C\u00f4ng ngh\u1ec7 <\/span><span class=\"fontstyle2\">Triple &amp; Direct Wash <\/span><span class=\"fontstyle3\">l\u00e0 c\u00f4ng ngh\u1ec7 r\u1eeda tr\u1ef1c ti\u1ebfp 3 chi\u1ec1u t\u1eeb <\/span><span class=\"fontstyle3\">d\u01b0\u1edbi l\u00ean t\u0103ng c\u01b0\u1eddng \u00e1p l\u1ef1c v\u00e0 r\u1eeda s\u1ea1ch \u0111\u1ebfn t\u1eebng g\u00f3c nh\u1ecf.<br \/>\n<\/span><\/li>\n<li><span class=\"fontstyle3\">Ch\u01b0\u01a1ng tr\u00ecnh <\/span><span class=\"fontstyle2\">Auto Door <\/span><span class=\"fontstyle4\">&#8211; <\/span><span class=\"fontstyle3\">C\u1eeda m\u1edf t\u1ef1 \u0111\u1ed9ng cung c\u1ea5p th\u00eam qu\u00e1 tr\u00ecnh s\u1ea5y <\/span><span class=\"fontstyle3\">hi\u1ec7u qu\u1ea3 b\u1edfi m\u1edf c\u1eeda trong giai \u0111o\u1ea1n s\u1ea5y cho ph\u00e9p kh\u00f4ng kh\u00ed n\u00f3ng v\u00e0 h\u01a1i n\u01b0\u1edbc tho\u00e1t ra kh\u1ecfi m\u00e1y \u0111\u1ec3 l\u00e0m kh\u00f4 v\u1eadt d\u1ee5ng v\u00e0 kh\u00f4ng b\u1ecb \u0111\u1ecdng h\u01a1i n\u01b0\u1edbc<br \/>\n<\/span><\/li>\n<li><span class=\"fontstyle3\">C\u00f4ng ngh\u1ec7 <\/span><span class=\"fontstyle2\">Save Water Box <\/span><span class=\"fontstyle3\">gi\u00fap m\u1ed7i l\u1ea7n r\u1eeda ti\u00eau th\u1ee5 t\u1ed1i \u0111a <\/span><span class=\"fontstyle2\">5.4 l\u00edt <\/span><span class=\"fontstyle3\">n\u01b0\u1edbc<br \/>\n<\/span><\/li>\n<li><span class=\"fontstyle3\">Ch\u1ee9c n\u0103ng <\/span><span class=\"fontstyle2\">Turbidity sensor &#8220;Smart Wash&#8221; <\/span><span class=\"fontstyle3\">ch\u1ee9c n\u0103ng th\u00f4ng minh c\u1ea3m bi\u1ebfn \u0111\u1ed9 \u0111\u1ee5c ph\u00e1t hi\u1ec7n s\u1ed1 l\u01b0\u1ee3ng c\u00e1c ch\u1ea5t b\u1ea9n trong n\u01b0\u1edbc \u0111\u1ec3 \u0111i\u1ec1u ch\u1ec9nh c\u00e1c th\u00f4ng s\u1ed1 trong chu k\u1ef3 r\u1eeda cho ph\u00f9 h\u1ee3p v\u1edbi ngu\u1ed3n n\u01b0\u1edbc.<br \/>\n<\/span><\/li>\n<li><span class=\"fontstyle3\">S\u1ea3n ph\u1ea9m \u0111\u01b0\u1ee3c t\u00edch h\u1ee3p ch\u1ee9c n\u0103ng <\/span><span class=\"fontstyle4\">Save programs <\/span><span class=\"fontstyle3\">gi\u00fap m\u00e1y l\u01b0u l\u1ea1i c\u00e1c chu tr\u00ecnh \u0111ang r\u1eeda trong tr\u01b0\u1eddng h\u1ee3p b\u1ecb ng\u1eaft \u0111i\u1ec7n<\/span><\/li>\n<\/ul>\n<h3><strong>10 Ch\u01b0\u01a1ng tr\u00ecnh r\u1eeda<\/strong><\/h3>\n<ul>\n<li><span class=\"fontstyle0\">R\u1eeda <\/span><span class=\"fontstyle2\">Mini (Jet Wash) <\/span><span class=\"fontstyle0\">r\u1eeda nhanh si\u00eau t\u1ed1c 14 ph\u00fat,<br \/>\n<\/span><\/li>\n<li><span class=\"fontstyle0\">R\u1eeda <\/span><span class=\"fontstyle2\">Quick Wash <\/span><span class=\"fontstyle0\">nhanh 30 ph\u00fat 40\u00b0C, R\u1eeda <\/span><span class=\"fontstyle3\">Eco <\/span><span class=\"fontstyle0\">ti\u1ebft ki\u1ec7m,<br \/>\n<\/span><\/li>\n<li><span class=\"fontstyle0\">R\u1eeda c\u1ef1c m\u1ea1nh l\u00e0m s\u1ea1ch nhanh <\/span><span class=\"fontstyle2\">Supper <\/span><span class=\"fontstyle0\">55&#8242; 65\u00b0C,<br \/>\n<\/span><\/li>\n<li><span class=\"fontstyle0\">R\u1eeda k\u00e9p <\/span><span class=\"fontstyle2\">DualPro Wash <\/span><span class=\"fontstyle0\">60\u00b0C,<br \/>\n<\/span><\/li>\n<li><span class=\"fontstyle0\">R\u1eeda t\u1ef1 \u0111\u1ed9ng ti\u1ebft ki\u1ec7m <\/span><span class=\"fontstyle2\">Auto Delicate <\/span><span class=\"fontstyle0\">30\u00b0C &#8211; 50\u00b0C,<br \/>\n<\/span><\/li>\n<li><span class=\"fontstyle0\">R\u1eeda t\u1ef1 \u0111\u1ed9ng th\u00f4ng th\u01b0\u1eddng <\/span><span class=\"fontstyle2\">Auto Normal <\/span><span class=\"fontstyle0\">50- 60\u00b0C\/ Auto Flex 50- 60\u00b0C<br \/>\n<\/span><\/li>\n<li><span class=\"fontstyle0\">R\u1eeda t\u1ef1 \u0111\u1ed9ng chuy\u00ean s\u00e2u <\/span><span class=\"fontstyle2\">Auto Intensive <\/span><span class=\"fontstyle0\">60\u00b0C &#8211; 70\u00b0C<br \/>\n<\/span><\/li>\n<li><span class=\"fontstyle0\">R\u1eeda b\u1eb1ng h\u01a1i n\u01b0\u1edbc <\/span><span class=\"fontstyle2\">Steam Wash,<br \/>\n<\/span><\/li>\n<li><span class=\"fontstyle0\">R\u1eeda sinh th\u00e1i ti\u1ebft ki\u1ec7m n\u01b0\u1edbc <\/span><span class=\"fontstyle2\">Save ECO 5.4L<\/span><\/li>\n<\/ul>\n<h3><strong>7 Ch\u1ee9c n\u0103ng t\u0103ng c\u01b0\u1eddng<\/strong><\/h3>\n<ul>\n<li><span class=\"fontstyle0\">Ecowash &#8211; Half load <\/span><span class=\"fontstyle2\">&#8211; Ch\u1ee9c n\u0103ng r\u1eeda th\u00e2n thi\u1ec7n<br \/>\n<\/span><\/li>\n<li><span class=\"fontstyle0\">Extra Hygiene <\/span><span class=\"fontstyle2\">&#8211; Ch\u1ee9c n\u0103ng v\u1ec7 sinh t\u0103ng c\u01b0\u1eddng<br \/>\n<\/span><\/li>\n<li><span class=\"fontstyle0\">Extra Silient <\/span><span class=\"fontstyle2\">&#8211; R\u1eeda y\u00ean t\u0129nh<br \/>\n<\/span><\/li>\n<li><span class=\"fontstyle0\">Extra Drying <\/span><span class=\"fontstyle2\">&#8211; Ch\u1ee9c n\u0103ng s\u1ea5y t\u0103ng c\u01b0\u1eddng<br \/>\n<\/span><\/li>\n<li><span class=\"fontstyle0\">Extra fast <\/span><span class=\"fontstyle2\">&#8211; Ch\u1ee9c n\u0103ng r\u1eeda t\u0103ng c\u01b0\u1eddng c\u1ef1c nhanh<br \/>\n<\/span><\/li>\n<li><span class=\"fontstyle0\">Energy save <\/span><span class=\"fontstyle2\">&#8211; Ch\u1ee9c n\u0103ng ti\u1ebft ki\u1ec7m \u0111i\u1ec7n<br \/>\n<\/span><\/li>\n<li><span class=\"fontstyle0\">Delay timer <\/span><span class=\"fontstyle2\">&#8211; H\u1eb9n gi\u1edd 1-24 gi\u1edd<\/span><\/li>\n<\/ul>\n<h3><strong>5 Ch\u1ee9c n\u0103ng an to\u00e0n<\/strong><\/h3>\n<ul>\n<li><span class=\"fontstyle0\">Kho\u00e1 tr\u1ebb em &#8211; <\/span><span class=\"fontstyle2\">Child Lock<br \/>\n<\/span><\/li>\n<li><span class=\"fontstyle0\">Ch\u1ee9c n\u0103ng <\/span><span class=\"fontstyle2\">b\u1ea3o v\u1ec7 ch\u1ed1ng tr\u00e0n, r\u00f2 r\u1ec9 Overflow and leakage protetion<br \/>\n<\/span><\/li>\n<li><span class=\"fontstyle0\">Ch\u1ee9c n\u0103ng <\/span><span class=\"fontstyle2\">Aqua Stop <\/span><span class=\"fontstyle0\">ph\u00e1t hi\u1ec7n v\u00e0 k\u00edch ho\u1ea1t khi g\u1eb7p s\u1ef1 c\u1ed1 r\u00f2 r\u1ec9 n\u01b0\u1edbc<br \/>\n<\/span><\/li>\n<li><span class=\"fontstyle0\">C\u00f4ng ngh\u1ec7 tia <\/span><span class=\"fontstyle3\">UV Tech <\/span><span class=\"fontstyle0\">gi\u00fap ng\u0103n ng\u1eeba vi khu\u1ea9n sinh tr\u01b0\u1edfng v\u00e0 ti\u00eau di\u1ec7t 100% vi khu\u1ea9n c\u00f2n s\u00f3t l\u1ea1i sau sau m\u1ed7i l\u1ea7n r\u1eeda n\u00f3 gi\u00fap \u00edch v\u00e0 b\u1ea3o v\u1ec7 c\u00e1c gia \u0111\u00ecnh kh\u1ecfi m\u1ea7m m\u1ed1ng b\u1ec7nh t\u1eadt v\u00e0 c\u00e1c b\u00eanh truy\u1ec1n nhi\u1ec5m.<br \/>\n<\/span><\/li>\n<li><span class=\"fontstyle0\">C\u00f4ng ngh\u1ec7 <\/span><span class=\"fontstyle3\">Natural Ion Tech <\/span><span class=\"fontstyle0\">t\u1ea1o ra c\u00e1c h\u1ea1t ion \u00e2m t\u1ef1 nhi\u00ean trong khoang m\u00e1y r\u1eeda ch\u00e9n gi\u00fap trung h\u00f2a c\u00e1c ch\u1ea5t \u0111\u1ed9c h\u1ea1i v\u00e0 kh\u1eed m\u00f9i h\u00f4i tanh kh\u00f3 ch\u1ecbu c\u1ee7a th\u1ee9c \u0103n c\u00f2n b\u00e1m tr\u00ean b\u00e1t \u0111\u0129a<\/span><\/li>\n<\/ul>\n<h3><strong><span class=\"fontstyle0\">Th\u00f4ng tin k\u1ef9 thu\u1eadt<\/span><\/strong><\/h3>\n<ul>\n<li><span class=\"fontstyle0\">Dung t\u00edch ch\u1ee9a: <\/span><span class=\"fontstyle2\">14 b\u1ed9 b\u00e1t \u0111\u0129a<br \/>\n<\/span><\/li>\n<li><span class=\"fontstyle0\">M\u1ee9c \u0111\u1ed9 ti\u1ebfng \u1ed3n: <\/span><span class=\"fontstyle2\">\u226444db<br \/>\n<\/span><\/li>\n<li><span class=\"fontstyle0\">Ti\u00eau chu\u1ea9n n\u0103ng l\u01b0\u1ee3ng: <\/span><span class=\"fontstyle2\">A+++ -20%<br \/>\n<\/span><\/li>\n<li><span class=\"fontstyle0\">Ti\u00eau chu\u1ea9n m\u1ee9c \u0111\u1ed9 s\u1ea1ch <\/span><span class=\"fontstyle2\">Acleaning efficiency class A+<br \/>\n<\/span><\/li>\n<li><span class=\"fontstyle0\">Ti\u00eau chu\u1ea9n ch\u1ec9 s\u1ed1 hi\u1ec7u qu\u1ea3 s\u1ea5y Kh\u00f4: <\/span><span class=\"fontstyle2\">Drying efficiency class A+<br \/>\n<\/span><\/li>\n<li><span class=\"fontstyle0\">\u0110i\u1ec7n \u00e1p: 220-240V \/~ 50Hz<br \/>\n<\/span><\/li>\n<li><span class=\"fontstyle0\">M\u1ee9c ti\u00eau th\u1ee5 \u0111i\u1ec7n n\u0103ng: Kho\u1ea3ng <\/span><span class=\"fontstyle2\">0.66Kwh\/ l\u1ea7n r\u1eeda<br \/>\n<\/span><\/li>\n<li><span class=\"fontstyle0\">M\u1ee9c ti\u00eau th\u1ee5 n\u01b0\u1edbc: Kho\u1ea3ng <\/span><span class=\"fontstyle2\">5.4 &#8211; 9.0 l\u00edt\/ l\u1ea7n r\u1eeda<br \/>\n<\/span><\/li>\n<li><span class=\"fontstyle0\">K\u00edch th\u01b0\u1edbc s\u1ea3n ph\u1ea9m: 598R x 598S x 820-850C<br \/>\n<\/span><\/li>\n<li><span class=\"fontstyle0\">K\u00edch th\u01b0\u1edbc kho\u00e9t \u00e2m t\u1ee7: 605R x 605S x 825- 855C<\/span><\/li>\n<\/ul>\n<h3><strong>Xu\u1ea5t x\u1ee9: EU\/Turkey<\/strong><\/h3>\n<h3><strong>M\u00e1y r\u1eeda ch\u00e9n Eurosun SMS80EU15E\u00a0Serial 8<\/strong><\/h3>\n","protected":false},"excerpt":{"rendered":"<p>Xin gi\u1edbi thi\u1ec7u M\u00e1y r\u1eeda ch\u00e9n Eurosun SMS80EU15E\u00a014 b\u1ed9 9 l\u00edt n\u01b0\u1edbc c\u00f3 g\u00ec \u0111\u1eb7c bi\u1ec7t \u0110\u1eb7c t\u00ednh s\u1ea3n ph\u1ea9m M\u00e1y r\u1eeda ch\u00e9n\u00a0Eurosun SMS80EU15El\u1eafp \u0111\u1ed9c l\u1eadp th\u1ebf h\u1ec7 m\u1edbi 3 khay ch\u1ee9a c\u01a1 \u0111\u1ed9ng + 1 gi\u1ecf \u0111\u1ec3 \u0111\u0169a, ly c\u1ed1c Ray n\u00e2ng h\u1ea1 Vario space th\u00f4ng minh thay \u0111\u1ed5i chi\u1ec1u cao gi\u1eefa c\u00e1c khay [&#8230;]\n","protected":false},"featured_media":690,"comment_status":"open","ping_status":"closed","template":"","meta":[],"product_brand":[],"product_cat":[606,92,823,827,867,826,106],"product_tag":[108,93,136,138],"class_list":{"0":"post-640","1":"product","2":"type-product","3":"status-publish","4":"has-post-thumbnail","6":"product_cat-may-rua-chen-bat-eurosun","7":"product_cat-may-rua-chen-bat","8":"product_cat-may-rua-chen-bat-14-bo","9":"product_cat-may-rua-chen-bat-ban-am","10":"product_cat-may-rua-chen-bat-chau-au","11":"product_cat-may-rua-chen-bat-doc-lap","12":"product_cat-thuong-hieu-eurosun","13":"product_tag-eurosun","14":"product_tag-may-rua-chen","15":"product_tag-may-rua-chen-eurosun","16":"product_tag-may-rua-chen-lap-dat-doc-lap","18":"first","19":"instock","20":"sale","21":"shipping-taxable","22":"purchasable","23":"product-type-simple"},"_links":{"self":[{"href":"https:\/\/livinghome.vn\/thiet-bi\/wp-json\/wp\/v2\/product\/640","targetHints":{"allow":["GET"]}}],"collection":[{"href":"https:\/\/livinghome.vn\/thiet-bi\/wp-json\/wp\/v2\/product"}],"about":[{"href":"https:\/\/livinghome.vn\/thiet-bi\/wp-json\/wp\/v2\/types\/product"}],"replies":[{"embeddable":true,"href":"https:\/\/livinghome.vn\/thiet-bi\/wp-json\/wp\/v2\/comments?post=640"}],"wp:featuredmedia":[{"embeddable":true,"href":"https:\/\/livinghome.vn\/thiet-bi\/wp-json\/wp\/v2\/media\/690"}],"wp:attachment":[{"href":"https:\/\/livinghome.vn\/thiet-bi\/wp-json\/wp\/v2\/media?parent=640"}],"wp:term":[{"taxonomy":"product_brand","embeddable":true,"href":"https:\/\/livinghome.vn\/thiet-bi\/wp-json\/wp\/v2\/product_brand?post=640"},{"taxonomy":"product_cat","embeddable":true,"href":"https:\/\/livinghome.vn\/thiet-bi\/wp-json\/wp\/v2\/product_cat?post=640"},{"taxonomy":"product_tag","embeddable":true,"href":"https:\/\/livinghome.vn\/thiet-bi\/wp-json\/wp\/v2\/product_tag?post=640"}],"curies":[{"name":"wp","href":"https:\/\/api.w.org\/{rel}","templated":true}]}}