{"id":636,"date":"2023-01-12T10:23:50","date_gmt":"2023-01-12T10:23:50","guid":{"rendered":"https:\/\/livinghome.vn\/thiet-bi\/?post_type=product&#038;p=636"},"modified":"2024-11-29T14:20:58","modified_gmt":"2024-11-29T07:20:58","slug":"may-rua-chen-eurosun-stb50e06eu-5-bo-5-1-lit-nuoc","status":"publish","type":"product","link":"https:\/\/livinghome.vn\/thiet-bi\/may-rua-chen-eurosun-stb50e06eu-5-bo-5-1-lit-nuoc\/","title":{"rendered":"M\u00e1y r\u1eeda ch\u00e9n Eurosun STB50E06EU 5 b\u1ed9 5.1 l\u00edt n\u01b0\u1edbc"},"content":{"rendered":"<h2>Xin gi\u1edbi thi\u1ec7u M\u00e1y r\u1eeda ch\u00e9n Eurosun STB50E06EU 5 b\u1ed9 5.1 l\u00edt n\u01b0\u1edbc \u0111\u1ec3 \u0111\u1ed9c l\u1eadp nh\u1ecf g\u1ecdn ti\u1ec7n l\u1ee3i<\/h2>\n<figure id=\"attachment_44694\" aria-describedby=\"caption-attachment-44694\" style=\"width: 800px\" class=\"wp-caption alignnone\"><img loading=\"lazy\" decoding=\"async\" class=\"wp-image-44694 size-large\" src=\"https:\/\/livinghome.vn\/thiet-bi\/wp-content\/uploads\/nha-bep\/eurosun\/may-rua-chen\/may-rua-chen-eurosun-stb50e06eu\/may-rua-chen-eurosun-stb50e06eu-800x800.jpg\" alt=\"M\u00e1y r\u1eeda ch\u00e9n Eurosun STB50E06EU 5 b\u1ed9 5.1 l\u00edt n\u01b0\u1edbc\" width=\"800\" height=\"800\" title=\"\"><figcaption id=\"caption-attachment-44694\" class=\"wp-caption-text\">M\u00e1y r\u1eeda ch\u00e9n Eurosun STB50E06EU 5 b\u1ed9 5.1 l\u00edt n\u01b0\u1edbc<\/figcaption><\/figure>\n<h3><strong><span class=\"fontstyle0\">\u0110\u1eb7c t\u00ednh s\u1ea3n ph\u1ea9m<\/span> <\/strong><\/h3>\n<ul>\n<li><span class=\"fontstyle0\"><span class=\"fontstyle0\"><a href=\"https:\/\/livinghome.vn\/thiet-bi\/may-rua-chen-bat\/\">M\u00e1y r\u1eeda ch\u00e9n <\/a><\/span><\/span>Eurosun STB50E06EU \u0111i\u1ec1u khi\u1ec3n c\u1ea3m \u1ee9ng k\u1ef9 thu\u1eadt s\u1ed1 Digital<\/li>\n<li><span class=\"fontstyle0\">\u0110\u00e8n b\u00e1o hi\u1ec3n th\u1ecb Led<\/span><\/li>\n<li><span class=\"fontstyle0\">5 ch\u1ebf \u0111\u1ed9 c\u00e0i \u0111\u1eb7t<\/span><\/li>\n<li><span class=\"fontstyle0\">H\u1eb9n gi\u1edd 0-24 gi\u1edd<\/span><\/li>\n<li><span class=\"fontstyle0\">Ch\u1ee9c n\u0103ng b\u1ea3o qu\u1ea3n: Lo\u1ea1i b\u1ecf m\u00f9i h\u00f4i, ch\u1ed1ng \u1ea9m n\u1ea5m m\u1ed1c<\/span><\/li>\n<li><span class=\"fontstyle0\">Ch\u1ee9c n\u0103ng t\u1ea1m d\u1eebng<\/span><\/li>\n<\/ul>\n<h3><strong>Ch\u01b0\u01a1ng tr\u00ecnh r\u1eeda<\/strong><\/h3>\n<ul>\n<li><span class=\"fontstyle0\">R\u1eeda <\/span><span class=\"fontstyle2\">Eco<\/span><span class=\"fontstyle0\"> ti\u00eau th\u1ee5 \u0111i\u1ec7n n\u0103ng v\u00e0 n\u01b0\u1edbc \u1edf m\u1ee9c \u0111\u1ed9 th\u1ea5p nh\u1ea5t<\/span><\/li>\n<li><span class=\"fontstyle0\">R\u1eeda 1 gi\u1edd chuy\u00ean s\u00e2u ph\u00f9 h\u1ee3p cho c\u00e1c lo\u1ea1i <a href=\"https:\/\/livinghome.vn\/product-category\/nha-bep\/bo-noi\/\">n\u1ed3i<\/a>, ch\u1ea3o v\u00e0 b\u00e1t \u0111\u0129a r\u1ea5t b\u1ea9n, kh\u00f3 \u0111i v\u00e0 c\u1ea7n ng\u00e2m tr\u01b0\u1edbc khi r\u1eeda<\/span><\/li>\n<li><span class=\"fontstyle0\">R\u1eeda nhanh\u00a0<\/span><\/li>\n<li><span class=\"fontstyle0\">T\u00edch h\u1ee3p r\u1eeda Hoa qu\u1ea3, r<\/span><span class=\"fontstyle0\">\u1eeda b\u00ecnh s\u1eefa tr\u1ebb em, r<\/span><span class=\"fontstyle0\">\u1eeda th\u1ee7y tinh<\/span><\/li>\n<li><span class=\"fontstyle0\">Ch\u1ee9c n\u0103ng h\u1ea5p ti\u1ec7t tr\u00f9ng<\/span><\/li>\n<\/ul>\n<h3>\u00a0<strong><span class=\"fontstyle0\">Th\u00f4ng tin k\u1ef9 thu\u1eadt<\/span><\/strong><\/h3>\n<ul>\n<li><span class=\"fontstyle0\">M\u1ee9c \u0111\u1ed9 ti\u1ebfng \u1ed3n: \u226458db<br \/>\n<\/span><\/li>\n<li><span class=\"fontstyle0\">Dung t\u00edch ch\u1ee9a: <\/span><span class=\"fontstyle2\">5 b\u1ed9 b\u00e1t \u0111\u0129a<br \/>\n<\/span><\/li>\n<li><span class=\"fontstyle0\">M\u1ee9c ti\u00eau th\u1ee5 \u0111i\u1ec7n n\u0103ng: Kho\u1ea3ng \u00b10.55Kwh\/ l\u1ea7n r\u1eeda<br \/>\n<\/span><\/li>\n<li><span class=\"fontstyle0\">M\u1ee9c ti\u00eau th\u1ee5 n\u01b0\u1edbc t\u1ed1i \u0111a: Kho\u1ea3ng \u00b15.1 l\u00edt\/ l\u1ea7n r\u1eeda<br \/>\n<\/span><\/li>\n<li><span class=\"fontstyle0\">\u00c1p l\u1ef1c n\u01b0\u1edbc: 0.04 &#8211; 1.0MPa<br \/>\n<\/span><\/li>\n<li><span class=\"fontstyle0\">C\u00f4ng su\u1ea5t: 730-860W<br \/>\n<\/span><\/li>\n<li><span class=\"fontstyle0\">\u0110i\u1ec7n \u00e1p: 220-240\/~50Hz<br \/>\n<\/span><\/li>\n<li><span class=\"fontstyle0\">K\u00edch th\u01b0\u1edbc s\u1ea3n ph\u1ea9m: 420R x 435S x 435C<\/span><\/li>\n<\/ul>\n","protected":false},"excerpt":{"rendered":"<p>Xin gi\u1edbi thi\u1ec7u M\u00e1y r\u1eeda ch\u00e9n Eurosun STB50E06EU 5 b\u1ed9 5.1 l\u00edt n\u01b0\u1edbc \u0111\u1ec3 \u0111\u1ed9c l\u1eadp nh\u1ecf g\u1ecdn ti\u1ec7n l\u1ee3i \u0110\u1eb7c t\u00ednh s\u1ea3n ph\u1ea9m M\u00e1y r\u1eeda ch\u00e9n Eurosun STB50E06EU \u0111i\u1ec1u khi\u1ec3n c\u1ea3m \u1ee9ng k\u1ef9 thu\u1eadt s\u1ed1 Digital \u0110\u00e8n b\u00e1o hi\u1ec3n th\u1ecb Led 5 ch\u1ebf \u0111\u1ed9 c\u00e0i \u0111\u1eb7t H\u1eb9n gi\u1edd 0-24 gi\u1edd Ch\u1ee9c n\u0103ng b\u1ea3o qu\u1ea3n: [&#8230;]\n","protected":false},"featured_media":686,"comment_status":"open","ping_status":"closed","template":"","meta":[],"product_brand":[],"product_cat":[606,92,819,818,826,817,106],"product_tag":[108,93,136],"class_list":{"0":"post-636","1":"product","2":"type-product","3":"status-publish","4":"has-post-thumbnail","6":"product_cat-may-rua-chen-bat-eurosun","7":"product_cat-may-rua-chen-bat","8":"product_cat-may-rua-chen-bat-6-bo","9":"product_cat-may-rua-chen-bat-de-ban","10":"product_cat-may-rua-chen-bat-doc-lap","11":"product_cat-may-rua-chen-bat-mini","12":"product_cat-thuong-hieu-eurosun","13":"product_tag-eurosun","14":"product_tag-may-rua-chen","15":"product_tag-may-rua-chen-eurosun","17":"first","18":"instock","19":"sale","20":"shipping-taxable","21":"purchasable","22":"product-type-simple"},"_links":{"self":[{"href":"https:\/\/livinghome.vn\/thiet-bi\/wp-json\/wp\/v2\/product\/636","targetHints":{"allow":["GET"]}}],"collection":[{"href":"https:\/\/livinghome.vn\/thiet-bi\/wp-json\/wp\/v2\/product"}],"about":[{"href":"https:\/\/livinghome.vn\/thiet-bi\/wp-json\/wp\/v2\/types\/product"}],"replies":[{"embeddable":true,"href":"https:\/\/livinghome.vn\/thiet-bi\/wp-json\/wp\/v2\/comments?post=636"}],"wp:featuredmedia":[{"embeddable":true,"href":"https:\/\/livinghome.vn\/thiet-bi\/wp-json\/wp\/v2\/media\/686"}],"wp:attachment":[{"href":"https:\/\/livinghome.vn\/thiet-bi\/wp-json\/wp\/v2\/media?parent=636"}],"wp:term":[{"taxonomy":"product_brand","embeddable":true,"href":"https:\/\/livinghome.vn\/thiet-bi\/wp-json\/wp\/v2\/product_brand?post=636"},{"taxonomy":"product_cat","embeddable":true,"href":"https:\/\/livinghome.vn\/thiet-bi\/wp-json\/wp\/v2\/product_cat?post=636"},{"taxonomy":"product_tag","embeddable":true,"href":"https:\/\/livinghome.vn\/thiet-bi\/wp-json\/wp\/v2\/product_tag?post=636"}],"curies":[{"name":"wp","href":"https:\/\/api.w.org\/{rel}","templated":true}]}}