{"id":596,"date":"2023-01-12T10:23:04","date_gmt":"2023-01-12T10:23:04","guid":{"rendered":"https:\/\/livinghome.vn\/thiet-bi\/?post_type=product&#038;p=596"},"modified":"2024-11-29T14:20:59","modified_gmt":"2024-11-29T07:20:59","slug":"may-hut-mui-eurosun-eh-90af88-90cm-gan-ap-tuong","status":"publish","type":"product","link":"https:\/\/livinghome.vn\/thiet-bi\/may-hut-mui-eurosun-eh-90af88-90cm-gan-ap-tuong\/","title":{"rendered":"M\u00e1y h\u00fat m\u00f9i Eurosun EH-90AF88 90cm g\u1eafn \u00e1p t\u01b0\u1eddng"},"content":{"rendered":"<h2>M\u00e1y h\u00fat m\u00f9i Eurosun EH-90AF88 g\u1eafn t\u01b0\u1eddng thi\u1ebft k\u1ebf \u0111\u1eb9p m\u1eaft v\u1edbi kh\u1ea3 n\u0103ng h\u00fat m\u00f9i c\u1ef1c k\u00ec t\u1ed1t<\/h2>\n<figure id=\"attachment_44364\" aria-describedby=\"caption-attachment-44364\" style=\"width: 800px\" class=\"wp-caption alignnone\"><img loading=\"lazy\" decoding=\"async\" class=\"size-large wp-image-44364\" src=\"https:\/\/livinghome.vn\/thiet-bi\/wp-content\/uploads\/nha-bep\/eurosun\/may-hut-mui\/may-hut-mui-eurosun-eh-90af88\/may-hut-mui-eurosun-eh-90af88-800x800.jpg\" alt=\"M\u00e1y h\u00fat m\u00f9i Eurosun EH-90AF88 g\u1eafn t\u01b0\u1eddng thi\u1ebft k\u1ebf \u0111\u1eb9p m\u1eaft\" width=\"800\" height=\"800\" title=\"\"><figcaption id=\"caption-attachment-44364\" class=\"wp-caption-text\">M\u00e1y h\u00fat m\u00f9i Eurosun EH-90AF88 g\u1eafn t\u01b0\u1eddng thi\u1ebft k\u1ebf \u0111\u1eb9p m\u1eaft<\/figcaption><\/figure>\n<h3><strong><span class=\"fontstyle0\">\u0110\u1eb7c t\u00ednh s\u1ea3n ph\u1ea9m<\/span> <\/strong><\/h3>\n<ul>\n<li><span class=\"fontstyle0\"><a href=\"https:\/\/livinghome.vn\/thiet-bi\/may-hut-mui\/\">M\u00e1y h\u00fat m\u00f9i<\/a> ki\u1ec3u d\u00e1ng Flat k\u00ednh ph\u1eb3ng Germany<br \/>\n<\/span><\/li>\n<li><span class=\"fontstyle0\">H\u1ec7 th\u1ed1ng h\u00fat x\u1ea3: Tu\u1ea7n ho\u00e0n v\u00e0 th\u00f4ng gi\u00f3<br \/>\n<\/span><\/li>\n<li><span class=\"fontstyle0\">Th\u00e2n m\u00e1y: Inox, k\u00ednh Tempered 6mm<br \/>\n<\/span><\/li>\n<li><span class=\"fontstyle0\">\u0110i\u1ec1u khi\u1ec3n c\u1ea3m \u1ee9ng k\u1ef9 thu\u1eadt s\u1ed1 3 t\u1ed1c \u0111\u1ed9<br \/>\n<\/span><\/li>\n<li><span class=\"fontstyle0\">L\u01b0\u1edbi l\u1ecdc ki\u1ec3u d\u00e1ng ch\u00e2u \u00e2u sang tr\u1ecdng<br \/>\n<\/span><\/li>\n<li><span class=\"fontstyle0\">L\u1ecdc, kh\u1eed m\u00f9i b\u1eb1ng than ho\u1ea1t t\u00ednh<br \/>\n<\/span><\/li>\n<li><span class=\"fontstyle0\">\u0110\u00e8n LED light belt trang tr\u00ed m\u1eb7t tr\u01b0\u1edbc v\u00e0 chi\u1ebfu s\u00e1ng v\u00f9ng n\u1ea5u<\/span><\/li>\n<\/ul>\n<h3>\u00a0<strong><span class=\"fontstyle0\">Th\u00f4ng tin k\u1ef9 thu\u1eadt<\/span><\/strong><\/h3>\n<ul>\n<li><span class=\"fontstyle0\">C\u00f4ng su\u1ea5t h\u00fat: \u00b11000m3\/h<br \/>\n<\/span><\/li>\n<li><span class=\"fontstyle0\">\u0110\u1ed9ng c\u01a1 Tuabin 190W, l\u00f5i \u0111\u1ed3ng, <\/span><span class=\"fontstyle2\">European Energy A\u207a<br \/>\n<\/span><\/li>\n<li><span class=\"fontstyle0\">\u0110\u1ed9 \u1ed3n: <\/span><span class=\"fontstyle0\">\u00b1<\/span><span class=\"fontstyle0\">48db<br \/>\n<\/span><\/li>\n<li><span class=\"fontstyle0\">\u1ed0ng tho\u00e1t: \u00d8 150mm<br \/>\n<\/span><\/li>\n<li><span class=\"fontstyle0\">K\u00edch th\u01b0\u1edbc s\u1ea3n ph\u1ea9m: 700\/900R x 500S x 650-1150C mm<\/span><\/li>\n<\/ul>\n","protected":false},"excerpt":{"rendered":"<p>M\u00e1y h\u00fat m\u00f9i Eurosun EH-90AF88 g\u1eafn t\u01b0\u1eddng thi\u1ebft k\u1ebf \u0111\u1eb9p m\u1eaft v\u1edbi kh\u1ea3 n\u0103ng h\u00fat m\u00f9i c\u1ef1c k\u00ec t\u1ed1t \u0110\u1eb7c t\u00ednh s\u1ea3n ph\u1ea9m M\u00e1y h\u00fat m\u00f9i ki\u1ec3u d\u00e1ng Flat k\u00ednh ph\u1eb3ng Germany H\u1ec7 th\u1ed1ng h\u00fat x\u1ea3: Tu\u1ea7n ho\u00e0n v\u00e0 th\u00f4ng gi\u00f3 Th\u00e2n m\u00e1y: Inox, k\u00ednh Tempered 6mm \u0110i\u1ec1u khi\u1ec3n c\u1ea3m \u1ee9ng k\u1ef9 thu\u1eadt s\u1ed1 3 [&#8230;]\n","protected":false},"featured_media":645,"comment_status":"open","ping_status":"closed","template":"","meta":[],"product_brand":[],"product_cat":[599,89,106],"product_tag":[108,86,131,90],"class_list":{"0":"post-596","1":"product","2":"type-product","3":"status-publish","4":"has-post-thumbnail","6":"product_cat-may-hut-mui-eurosun","7":"product_cat-may-hut-mui-gan-tuong","8":"product_cat-thuong-hieu-eurosun","9":"product_tag-eurosun","10":"product_tag-may-hut-mui","11":"product_tag-may-hut-mui-eurosun","12":"product_tag-may-hut-mui-gan-tuong","14":"first","15":"instock","16":"sale","17":"shipping-taxable","18":"purchasable","19":"product-type-simple"},"_links":{"self":[{"href":"https:\/\/livinghome.vn\/thiet-bi\/wp-json\/wp\/v2\/product\/596","targetHints":{"allow":["GET"]}}],"collection":[{"href":"https:\/\/livinghome.vn\/thiet-bi\/wp-json\/wp\/v2\/product"}],"about":[{"href":"https:\/\/livinghome.vn\/thiet-bi\/wp-json\/wp\/v2\/types\/product"}],"replies":[{"embeddable":true,"href":"https:\/\/livinghome.vn\/thiet-bi\/wp-json\/wp\/v2\/comments?post=596"}],"wp:featuredmedia":[{"embeddable":true,"href":"https:\/\/livinghome.vn\/thiet-bi\/wp-json\/wp\/v2\/media\/645"}],"wp:attachment":[{"href":"https:\/\/livinghome.vn\/thiet-bi\/wp-json\/wp\/v2\/media?parent=596"}],"wp:term":[{"taxonomy":"product_brand","embeddable":true,"href":"https:\/\/livinghome.vn\/thiet-bi\/wp-json\/wp\/v2\/product_brand?post=596"},{"taxonomy":"product_cat","embeddable":true,"href":"https:\/\/livinghome.vn\/thiet-bi\/wp-json\/wp\/v2\/product_cat?post=596"},{"taxonomy":"product_tag","embeddable":true,"href":"https:\/\/livinghome.vn\/thiet-bi\/wp-json\/wp\/v2\/product_tag?post=596"}],"curies":[{"name":"wp","href":"https:\/\/api.w.org\/{rel}","templated":true}]}}