{"id":577,"date":"2023-01-12T10:22:40","date_gmt":"2023-01-12T10:22:40","guid":{"rendered":"https:\/\/livinghome.vn\/thiet-bi\/?post_type=product&#038;p=577"},"modified":"2024-11-29T14:21:00","modified_gmt":"2024-11-29T07:21:00","slug":"may-hut-mui-eurosun-eh-70af81s-70cm-gan-tuong-kinh-cong-dep","status":"publish","type":"product","link":"https:\/\/livinghome.vn\/thiet-bi\/may-hut-mui-eurosun-eh-70af81s-70cm-gan-tuong-kinh-cong-dep\/","title":{"rendered":"M\u00e1y h\u00fat m\u00f9i Eurosun EH-70AF81S 70cm g\u1eafn t\u01b0\u1eddng k\u00ednh cong \u0111\u1eb9p"},"content":{"rendered":"<h2>M\u00e1y h\u00fat m\u00f9i Eurosun EH-70AF81S g\u1eafn t\u01b0\u1eddng h\u00fat m\u00f9i c\u1ef1c t\u1ed1t v\u1edbi nh\u1eefng t\u00ednh n\u0103ng \u01b0u vi\u1ec7t<\/h2>\n<figure id=\"attachment_44339\" aria-describedby=\"caption-attachment-44339\" style=\"width: 800px\" class=\"wp-caption alignnone\"><img loading=\"lazy\" decoding=\"async\" class=\"size-large wp-image-44339\" src=\"https:\/\/livinghome.vn\/thiet-bi\/wp-content\/uploads\/nha-bep\/eurosun\/may-hut-mui\/may-hut-mui-eurosun-eh-70af81s\/may-hut-mui-eurosun-eh-70af81s-800x800.jpg\" alt=\"M\u00e1y h\u00fat m\u00f9i Eurosun EH-70AF81S g\u1eafn t\u01b0\u1eddng h\u00fat m\u00f9i c\u1ef1c t\u1ed1tM\u00e1y h\u00fat m\u00f9i Eurosun EH-70AF81S g\u1eafn t\u01b0\u1eddng h\u00fat m\u00f9i c\u1ef1c t\u1ed1t\" width=\"800\" height=\"800\" title=\"\"><figcaption id=\"caption-attachment-44339\" class=\"wp-caption-text\">M\u00e1y h\u00fat m\u00f9i Eurosun EH-70AF81S g\u1eafn t\u01b0\u1eddng h\u00fat m\u00f9i c\u1ef1c t\u1ed1t<\/figcaption><\/figure>\n<h3><strong><span class=\"fontstyle0\">\u0110\u1eb7c t\u00ednh s\u1ea3n ph\u1ea9m<\/span> <\/strong><\/h3>\n<ul>\n<li><span class=\"fontstyle0\"><a href=\"https:\/\/livinghome.vn\/thiet-bi\/may-hut-mui\/\">M\u00e1y h\u00fat m\u00f9i<\/a> ki\u1ec3u d\u00e1ng European sang tr\u1ecdng<br \/>\n<\/span><\/li>\n<li><span class=\"fontstyle0\">H\u1ec7 th\u1ed1ng h\u00fat x\u1ea3: Tu\u1ea7n ho\u00e0n v\u00e0 th\u00f4ng gi\u00f3<br \/>\n<\/span><\/li>\n<li><span class=\"fontstyle0\">Th\u00e2n m\u00e1y: Inox, k\u00ednh m\u00e0u Tempered 6mm<br \/>\n<\/span><\/li>\n<li><span class=\"fontstyle0\">\u0110i\u1ec1u khi\u1ec3n ph\u00edm \u0111i\u1ec7n t\u1eed Electronic 3 t\u1ed1c \u0111\u1ed9<br \/>\n<\/span><\/li>\n<li><span class=\"fontstyle0\">L\u01b0\u1edbi l\u1ecdc inox k\u1ebft h\u1ee3p l\u01b0\u1edbi h\u1ee3p kim nh\u00f4m<br \/>\n<\/span><\/li>\n<li><span class=\"fontstyle0\">L\u1ecdc, kh\u1eed m\u00f9i b\u1eb1ng than ho\u1ea1t t\u00ednh<br \/>\n<\/span><\/li>\n<li><span class=\"fontstyle0\">\u0110\u00e8n LED light 2x2W chi\u1ebfu s\u00e1ng v\u00f9ng n\u1ea5u<\/span><\/li>\n<\/ul>\n<h3>\u00a0<strong><span class=\"fontstyle0\">Th\u00f4ng tin k\u1ef9 thu\u1eadt<\/span><\/strong><\/h3>\n<ul>\n<li><span class=\"fontstyle0\">C\u00f4ng su\u1ea5t h\u00fat: \u00b11000m3\/h<br \/>\n<\/span><\/li>\n<li><span class=\"fontstyle0\">\u0110\u1ed9ng c\u01a1 Tuabin 190W, l\u00f5i \u0111\u1ed3ng, <\/span><span class=\"fontstyle2\">European Energy A\u207a<br \/>\n<\/span><\/li>\n<li><span class=\"fontstyle0\">\u0110\u1ed9 \u1ed3n: <\/span><span class=\"fontstyle0\">\u00b1<\/span><span class=\"fontstyle0\">48db<br \/>\n<\/span><\/li>\n<li><span class=\"fontstyle0\">\u1ed0ng tho\u00e1t: \u00d8 150mm<br \/>\n<\/span><\/li>\n<li><span class=\"fontstyle0\">K\u00edch th\u01b0\u1edbc s\u1ea3n ph\u1ea9m: 700\/900R x 500S x 562-1040C mm<\/span><\/li>\n<\/ul>\n","protected":false},"excerpt":{"rendered":"<p>M\u00e1y h\u00fat m\u00f9i Eurosun EH-70AF81S g\u1eafn t\u01b0\u1eddng h\u00fat m\u00f9i c\u1ef1c t\u1ed1t v\u1edbi nh\u1eefng t\u00ednh n\u0103ng \u01b0u vi\u1ec7t \u0110\u1eb7c t\u00ednh s\u1ea3n ph\u1ea9m M\u00e1y h\u00fat m\u00f9i ki\u1ec3u d\u00e1ng European sang tr\u1ecdng H\u1ec7 th\u1ed1ng h\u00fat x\u1ea3: Tu\u1ea7n ho\u00e0n v\u00e0 th\u00f4ng gi\u00f3 Th\u00e2n m\u00e1y: Inox, k\u00ednh m\u00e0u Tempered 6mm \u0110i\u1ec1u khi\u1ec3n ph\u00edm \u0111i\u1ec7n t\u1eed Electronic 3 t\u1ed1c \u0111\u1ed9 L\u01b0\u1edbi [&#8230;]\n","protected":false},"featured_media":628,"comment_status":"open","ping_status":"closed","template":"","meta":[],"product_brand":[],"product_cat":[599,89,106],"product_tag":[108,86,131,90],"class_list":{"0":"post-577","1":"product","2":"type-product","3":"status-publish","4":"has-post-thumbnail","6":"product_cat-may-hut-mui-eurosun","7":"product_cat-may-hut-mui-gan-tuong","8":"product_cat-thuong-hieu-eurosun","9":"product_tag-eurosun","10":"product_tag-may-hut-mui","11":"product_tag-may-hut-mui-eurosun","12":"product_tag-may-hut-mui-gan-tuong","14":"first","15":"instock","16":"sale","17":"shipping-taxable","18":"purchasable","19":"product-type-simple"},"_links":{"self":[{"href":"https:\/\/livinghome.vn\/thiet-bi\/wp-json\/wp\/v2\/product\/577","targetHints":{"allow":["GET"]}}],"collection":[{"href":"https:\/\/livinghome.vn\/thiet-bi\/wp-json\/wp\/v2\/product"}],"about":[{"href":"https:\/\/livinghome.vn\/thiet-bi\/wp-json\/wp\/v2\/types\/product"}],"replies":[{"embeddable":true,"href":"https:\/\/livinghome.vn\/thiet-bi\/wp-json\/wp\/v2\/comments?post=577"}],"wp:featuredmedia":[{"embeddable":true,"href":"https:\/\/livinghome.vn\/thiet-bi\/wp-json\/wp\/v2\/media\/628"}],"wp:attachment":[{"href":"https:\/\/livinghome.vn\/thiet-bi\/wp-json\/wp\/v2\/media?parent=577"}],"wp:term":[{"taxonomy":"product_brand","embeddable":true,"href":"https:\/\/livinghome.vn\/thiet-bi\/wp-json\/wp\/v2\/product_brand?post=577"},{"taxonomy":"product_cat","embeddable":true,"href":"https:\/\/livinghome.vn\/thiet-bi\/wp-json\/wp\/v2\/product_cat?post=577"},{"taxonomy":"product_tag","embeddable":true,"href":"https:\/\/livinghome.vn\/thiet-bi\/wp-json\/wp\/v2\/product_tag?post=577"}],"curies":[{"name":"wp","href":"https:\/\/api.w.org\/{rel}","templated":true}]}}