{"id":5675,"date":"2023-01-12T20:26:24","date_gmt":"2023-01-12T20:26:24","guid":{"rendered":"https:\/\/livinghome.vn\/thiet-bi\/?post_type=product&#038;p=5675"},"modified":"2024-11-29T14:19:18","modified_gmt":"2024-11-29T07:19:18","slug":"may-rua-chen-bat-cong-nghiep-texgio-tg-cdw1180","status":"publish","type":"product","link":"https:\/\/livinghome.vn\/thiet-bi\/may-rua-chen-bat-cong-nghiep-texgio-tg-cdw1180\/","title":{"rendered":"M\u00e1y R\u1eeda Ch\u00e9n B\u00e1t C\u00f4ng Nghi\u1ec7p Texgio TG-CDW1180"},"content":{"rendered":"<h2>M\u00e1y r\u1eeda ch\u00e9n Texgio TG-CDW1180 ch\u1ea5t li\u1ec7u inox 304 m\u00e0u tr\u1eafng thanh l\u1ecbch &#8211; 03 ch\u01b0\u01a1ng tr\u00ecnh r\u1eeda<\/h2>\n<figure id=\"attachment_65002\" aria-describedby=\"caption-attachment-65002\" style=\"width: 800px\" class=\"wp-caption alignnone\"><img loading=\"lazy\" decoding=\"async\" class=\"size-large wp-image-65002\" src=\"https:\/\/livinghome.vn\/thiet-bi\/wp-content\/uploads\/nha-bep\/texgio\/may-rua-chen-bat\/may-rua-chen-bat-texgio-tg-cdw1180\/may-rua-chen-bat-texgio-tg-cdw1180-800x800.jpg\" alt=\"M\u00e1y r\u1eeda ch\u00e9n Texgio TG-CDW1180\" width=\"800\" height=\"800\" title=\"\"><figcaption id=\"caption-attachment-65002\" class=\"wp-caption-text\">M\u00e1y r\u1eeda ch\u00e9n Texgio TG-CDW1180<\/figcaption><\/figure>\n<ul>\n<li>Th\u01b0\u01a1ng hi\u1ec7u:\u00a0Texgio<\/li>\n<li>Ki\u1ec3u d\u00e1ng: <a href=\"https:\/\/livinghome.vn\/thiet-bi\/may-rua-chen-bat\/\">M\u00e1y r\u1eeda ch\u00e9n ki\u1ec3u d\u00e1ng C\u1eeda s\u1eadp<\/a><\/li>\n<li>\u0110i\u1ec1u khi\u1ec3n: C\u1ea3m \u1ee9ng<\/li>\n<li>Ch\u1ea5t li\u1ec7u khoang m\u00e1y: Inox 304<\/li>\n<li>Ch\u1ea5t li\u1ec7u tay quay phun: Inox 304<\/li>\n<li>Dung t\u00edch: 22L<\/li>\n<li>L\u01b0\u1ee3ng n\u01b0\u1edbc x\u1ea3: 3L\/khay rack<\/li>\n<li>C\u00f4ng su\u1ea5t b\u01a1m r\u1eeda ch\u00ednh: 0.75kwh<\/li>\n<li>C\u00f4ng su\u1ea5t gia nhi\u1ec7t n\u01b0\u1edbc r\u1eeda: 2kw<\/li>\n<li>C\u00f4ng su\u1ea5t gia nhi\u1ec7t n\u01b0\u1edbc tr\u00e1ng: 12kw<\/li>\n<li>C\u00f4ng su\u1ea5t \u0111\u1ecbnh m\u1ee9c: 14.75kw<\/li>\n<li>Ch\u01b0\u01a1ng tr\u00ecnh r\u1eeda: 3<\/li>\n<li>Nhanh (60 gi\u00e2y) \/ Ti\u00eau chu\u1ea9n (90 gi\u00e2y) \/ Chuy\u00ean s\u00e2u (120 gi\u00e2y)<\/li>\n<li>N\u0103ng su\u1ea5t r\u1eeda: 60 khay rack \/gi\u1edd<\/li>\n<li>\u00c1p l\u1ef1c n\u01b0\u1edbc\/Nhi\u1ec7t \u0111\u1ed9: 2,5-5 Bar \/ 60 \u0111\u1ed9 C<\/li>\n<li>Tr\u1ecdng l\u01b0\u1ee3ng s\u1ea3n ph\u1ea9m: 106kg<\/li>\n<li>Tr\u1ecdng l\u01b0\u1ee3ng \u0111\u00f3ng g\u00f3i: 146.6kg<\/li>\n<li>K\u00edch th\u01b0\u1edbc s\u1ea3n ph\u1ea9m: 802*520*1465 mm<\/li>\n<li>K\u00edch th\u01b0\u1edbc khay rack: 500*500 mm<\/li>\n<li>Ch\u1ea5t li\u1ec7u khay rack: Nh\u1ef1a polypropylene<\/li>\n<li>Ngu\u1ed3n \u0111i\u1ec7n: 3N~380V\/50Hz<\/li>\n<li>Ph\u1ee5 ki\u1ec7n k\u00e8m theo m\u00e1y: 3 khay rack<\/li>\n<li>B\u1ea3o h\u00e0nh \u0111\u1eb7c bi\u1ec7t: 24 th\u00e1ng<\/li>\n<li>H\u1ed7 tr\u1ee3 tr\u1ea3 g\u00f3p 0%<\/li>\n<\/ul>\n<h3>\u0110i\u1ec1u khi\u1ec3n c\u1ea3m \u1ee9ng<\/h3>\n<figure id=\"attachment_65006\" aria-describedby=\"caption-attachment-65006\" style=\"width: 1020px\" class=\"wp-caption alignnone\"><img loading=\"lazy\" decoding=\"async\" class=\"size-large wp-image-65006\" src=\"https:\/\/livinghome.vn\/thiet-bi\/wp-content\/uploads\/nha-bep\/texgio\/may-rua-chen-bat\/may-rua-chen-bat-texgio-tg-cdw1180\/may-rua-chen-bat-texgio-tg-cdw1180-1-1067x800.jpg\" alt=\"M\u00e1y r\u1eeda ch\u00e9n Texgio TG-CDW1180\" width=\"1020\" height=\"765\" title=\"\"><figcaption id=\"caption-attachment-65006\" class=\"wp-caption-text\">M\u00e1y r\u1eeda ch\u00e9n Texgio TG-CDW1180<\/figcaption><\/figure>\n<div>\n<div id=\"Translation\">M\u00e1y r\u1eeda ly c\u00f4ng nghi\u1ec7p mini Texgio CMG1140 hi\u1ec7n \u0111\u1ea1i v\u1edbi b\u1ea3ng \u0111i\u1ec1u khi\u1ec3n c\u1ea3m \u1ee9ng ch\u1ed1ng n\u01b0\u1edbc Waterproof.<\/div>\n<div>\n<h3>Tay n\u1eafm c\u1eeda s\u1eadp b\u1ecdc cao su<\/h3>\n<div>\n<figure id=\"attachment_65004\" aria-describedby=\"caption-attachment-65004\" style=\"width: 800px\" class=\"wp-caption alignnone\"><img loading=\"lazy\" decoding=\"async\" class=\"size-large wp-image-65004\" src=\"https:\/\/livinghome.vn\/thiet-bi\/wp-content\/uploads\/nha-bep\/texgio\/may-rua-chen-bat\/may-rua-chen-bat-texgio-tg-cdw1180\/may-rua-chen-bat-texgio-tg-cdw1180-3-800x800.jpg\" alt=\"M\u00e1y r\u1eeda ch\u00e9n Texgio TG-CDW1180\" width=\"800\" height=\"800\" title=\"\"><figcaption id=\"caption-attachment-65004\" class=\"wp-caption-text\">M\u00e1y r\u1eeda ch\u00e9n Texgio TG-CDW1180<\/figcaption><\/figure>\n<\/div>\n<div>L\u1edbp cao su c\u00e1ch nhi\u1ec7t c\u00e1ch \u0111i\u1ec7n, b\u1ea3o v\u1ec7 ng\u01b0\u1eddi lao \u0111\u1ed9ng \u0111\u1ee9ng v\u1eadn h\u00e0nh m\u00e1y.<\/div>\n<div>\n<h3>3\u00a0khay rack\u00a0\u0111i k\u00e8m m\u00e1y<\/h3>\n<div>\n<figure id=\"attachment_65008\" aria-describedby=\"caption-attachment-65008\" style=\"width: 1020px\" class=\"wp-caption alignnone\"><img loading=\"lazy\" decoding=\"async\" class=\"size-large wp-image-65008\" src=\"https:\/\/livinghome.vn\/thiet-bi\/wp-content\/uploads\/nha-bep\/texgio\/may-rua-chen-bat\/may-rua-chen-bat-texgio-tg-cdw1180\/may-rua-chen-bat-texgio-tg-cdw1180-2-1067x800.jpg\" alt=\"M\u00e1y r\u1eeda ch\u00e9n Texgio TG-CDW1180\" width=\"1020\" height=\"765\" title=\"\"><figcaption id=\"caption-attachment-65008\" class=\"wp-caption-text\">M\u00e1y r\u1eeda ch\u00e9n Texgio TG-CDW1180<\/figcaption><\/figure>\n<\/div>\n<div>V\u1edbi m\u1ed7i M\u00e1y r\u1eeda ch\u00e9n b\u00e1t Texgio CDW1180 s\u1ebd \u0111i k\u00e8m ph\u1ee5 ki\u1ec7n 3 khay x\u1ebfp \u0111\u1ed3: khay ph\u1eb3ng, khay ch\u00f4ng v\u00e0 gi\u1ecf \u0111\u0169a th\u00eca. Ch\u1ea5t li\u1ec7u b\u1eb1ng nh\u1ef1a nguy\u00ean sinh cao c\u1ea5p, ch\u1ecbu nhi\u1ec7t cao, an to\u00e0n cho s\u1ee9c kh\u1ecfe ng\u01b0\u1eddi s\u1eed d\u1ee5ng.<\/div>\n<div>\n<h3>H\u1ec7 tay phun n\u01b0\u1edbc k\u00e9p Dual Spray Arms<\/h3>\n<figure id=\"attachment_65009\" aria-describedby=\"caption-attachment-65009\" style=\"width: 800px\" class=\"wp-caption alignnone\"><img loading=\"lazy\" decoding=\"async\" class=\"size-large wp-image-65009\" src=\"https:\/\/livinghome.vn\/thiet-bi\/wp-content\/uploads\/nha-bep\/texgio\/may-rua-chen-bat\/may-rua-chen-bat-texgio-tg-cdw1180\/may-rua-chen-bat-texgio-tg-cdw1180-4-800x800.jpg\" alt=\"M\u00e1y r\u1eeda ch\u00e9n Texgio TG-CDW1180\" width=\"800\" height=\"800\" title=\"\"><figcaption id=\"caption-attachment-65009\" class=\"wp-caption-text\">M\u00e1y r\u1eeda ch\u00e9n Texgio TG-CDW1180<\/figcaption><\/figure>\n<div>\n<figure id=\"attachment_65003\" aria-describedby=\"caption-attachment-65003\" style=\"width: 800px\" class=\"wp-caption alignnone\"><img loading=\"lazy\" decoding=\"async\" class=\"size-large wp-image-65003\" src=\"https:\/\/livinghome.vn\/thiet-bi\/wp-content\/uploads\/nha-bep\/texgio\/may-rua-chen-bat\/may-rua-chen-bat-texgio-tg-cdw1180\/may-rua-chen-bat-texgio-tg-cdw1180-7-800x800.jpg\" alt=\"M\u00e1y r\u1eeda ch\u00e9n Texgio TG-CDW1180\" width=\"800\" height=\"800\" title=\"\"><figcaption id=\"caption-attachment-65003\" class=\"wp-caption-text\">M\u00e1y r\u1eeda ch\u00e9n Texgio TG-CDW1180<\/figcaption><\/figure>\n<\/div>\n<div>H\u1ec7 th\u1ed1ng tay phun k\u00e9p b\u1eb1ng th\u00e9p kh\u00f4ng g\u1ec9\u00a0gi\u00fap n\u00e2ng cao n\u0103ng su\u1ea5t l\u00e0m vi\u1ec7c c\u1ee7a m\u00e1y, r\u1eeda s\u1ea1ch s\u00e2u 360o\u00a0, ch\u1ecbu nhi\u1ec7t cao, ch\u1ecbu \u00e1p su\u1ea5t n\u01b0\u1edbc l\u1edbn.<\/div>\n<div>\n<h3>\u1ee8ng d\u1ee5ng M\u00e1y r\u1eeda ch\u00e9n b\u00e1t c\u1eeda s\u1eadp CDW1180<\/h3>\n<div>\n<div>\n<figure id=\"attachment_65016\" aria-describedby=\"caption-attachment-65016\" style=\"width: 1020px\" class=\"wp-caption alignnone\"><img loading=\"lazy\" decoding=\"async\" class=\"size-large wp-image-65016\" src=\"https:\/\/livinghome.vn\/thiet-bi\/wp-content\/uploads\/nha-bep\/texgio\/may-rua-chen-bat\/may-rua-chen-bat-texgio-tg-cdw1180\/may-rua-chen-bat-texgio-tg-cdw1180-8-1067x800.jpg\" alt=\"M\u00e1y r\u1eeda ch\u00e9n Texgio TG-CDW1180\" width=\"1020\" height=\"765\" title=\"\"><figcaption id=\"caption-attachment-65016\" class=\"wp-caption-text\">M\u00e1y r\u1eeda ch\u00e9n Texgio TG-CDW1180<\/figcaption><\/figure>\n<\/div>\n<div id=\"Translation\">M\u00e1y r\u1eeda ch\u00e9n b\u00e1t c\u00f4ng nghi\u1ec7p\u00a0lo\u1ea1i c\u1eeda s\u1eadp\u00a0Texgio\u00a0CDW1180\u00a0d\u1ec5 d\u00e0ng v\u00e0 thu\u1eadn ti\u1ec7n\u00a0l\u1eafp \u0111\u1eb7t t\u1ea1i c\u00e1c qu\u00e1n \u0103n, nh\u00e0 h\u00e0ng, tr\u01b0\u1eddng h\u1ecdc, canteen,&#8230;<\/div>\n<\/div>\n<\/div>\n<div><\/div>\n<\/div>\n<\/div>\n<\/div>\n<\/div>\n","protected":false},"excerpt":{"rendered":"<p>M\u00e1y r\u1eeda ch\u00e9n Texgio TG-CDW1180 ch\u1ea5t li\u1ec7u inox 304 m\u00e0u tr\u1eafng thanh l\u1ecbch &#8211; 03 ch\u01b0\u01a1ng tr\u00ecnh r\u1eeda Th\u01b0\u01a1ng hi\u1ec7u:\u00a0Texgio Ki\u1ec3u d\u00e1ng: M\u00e1y r\u1eeda ch\u00e9n ki\u1ec3u d\u00e1ng C\u1eeda s\u1eadp \u0110i\u1ec1u khi\u1ec3n: C\u1ea3m \u1ee9ng Ch\u1ea5t li\u1ec7u khoang m\u00e1y: Inox 304 Ch\u1ea5t li\u1ec7u tay quay phun: Inox 304 Dung t\u00edch: 22L L\u01b0\u1ee3ng n\u01b0\u1edbc x\u1ea3: 3L\/khay rack C\u00f4ng [&#8230;]\n","protected":false},"featured_media":5895,"comment_status":"open","ping_status":"closed","template":"","meta":[],"product_brand":[],"product_cat":[92,936,569],"product_tag":[1764,1767],"class_list":{"0":"post-5675","1":"product","2":"type-product","3":"status-publish","4":"has-post-thumbnail","6":"product_cat-may-rua-chen-bat","7":"product_cat-may-rua-chen-bat-cong-nghiep","8":"product_cat-thuong-hieu-texgio","9":"product_tag-may-rua-chen-bat-cong-nghiep","10":"product_tag-may-rua-chen-bat-song-sieu-am","12":"first","13":"instock","14":"sale","15":"shipping-taxable","16":"purchasable","17":"product-type-simple"},"_links":{"self":[{"href":"https:\/\/livinghome.vn\/thiet-bi\/wp-json\/wp\/v2\/product\/5675","targetHints":{"allow":["GET"]}}],"collection":[{"href":"https:\/\/livinghome.vn\/thiet-bi\/wp-json\/wp\/v2\/product"}],"about":[{"href":"https:\/\/livinghome.vn\/thiet-bi\/wp-json\/wp\/v2\/types\/product"}],"replies":[{"embeddable":true,"href":"https:\/\/livinghome.vn\/thiet-bi\/wp-json\/wp\/v2\/comments?post=5675"}],"wp:featuredmedia":[{"embeddable":true,"href":"https:\/\/livinghome.vn\/thiet-bi\/wp-json\/wp\/v2\/media\/5895"}],"wp:attachment":[{"href":"https:\/\/livinghome.vn\/thiet-bi\/wp-json\/wp\/v2\/media?parent=5675"}],"wp:term":[{"taxonomy":"product_brand","embeddable":true,"href":"https:\/\/livinghome.vn\/thiet-bi\/wp-json\/wp\/v2\/product_brand?post=5675"},{"taxonomy":"product_cat","embeddable":true,"href":"https:\/\/livinghome.vn\/thiet-bi\/wp-json\/wp\/v2\/product_cat?post=5675"},{"taxonomy":"product_tag","embeddable":true,"href":"https:\/\/livinghome.vn\/thiet-bi\/wp-json\/wp\/v2\/product_tag?post=5675"}],"curies":[{"name":"wp","href":"https:\/\/api.w.org\/{rel}","templated":true}]}}