{"id":5629,"date":"2023-01-12T20:25:16","date_gmt":"2023-01-12T20:25:16","guid":{"rendered":"https:\/\/livinghome.vn\/thiet-bi\/?post_type=product&#038;p=5629"},"modified":"2024-11-29T14:19:19","modified_gmt":"2024-11-29T07:19:19","slug":"may-rua-chen-bat-cong-nghiep-texgio-ultrasonic-tgu-2400xd","status":"publish","type":"product","link":"https:\/\/livinghome.vn\/thiet-bi\/may-rua-chen-bat-cong-nghiep-texgio-ultrasonic-tgu-2400xd\/","title":{"rendered":"M\u00e1y R\u1eeda Ch\u00e9n B\u00e1t C\u00f4ng Nghi\u1ec7p Texgio Ultrasonic TGU-2400XD"},"content":{"rendered":"<h2>M\u00e1y R\u1eeda Ch\u00e9n B\u00e1t Texgio Ultrasonic Luxury\u00a0Texgio TGU-2400XD<\/h2>\n<ul>\n<li>\u00a0Th\u01b0\u01a1ng hi\u1ec7u:\u00a0Texgio<\/li>\n<li>\u00a0Ki\u1ec3u d\u00e1ng: <a href=\"https:\/\/livinghome.vn\/thiet-bi\/may-rua-chen-bat-cong-nghiep\/\"><strong>M\u00e1y r\u1eeda ch\u00e9n b\u00e1t c\u00f4ng nghi\u1ec7p<\/strong><\/a> ch\u1eadu \u0111\u00f4i (2 ch\u1eadu)<\/li>\n<li>\u00a0\u0110i\u1ec1u khi\u1ec3n: Ph\u00edm c\u01a1 ph\u00eda tr\u00ean<\/li>\n<li>\u00a0Ch\u1ea5t li\u1ec7u: Th\u00e9p kh\u00f4ng g\u1ec9 304<\/li>\n<li>\u00a0T\u1ea7n s\u1ed1 si\u00eau \u00e2m: 28kHz<\/li>\n<li>\u00a0Nhi\u1ec7t \u0111\u1ed9 c\u00e0i \u0111\u1eb7t:\u00a00-100<sup>o<\/sup>C<\/li>\n<li>\u00a0C\u00f4ng su\u1ea5t 1 b\u1ed9 dao \u0111\u1ed9ng: 60W<\/li>\n<li>\u00a0T\u1ed5ng c\u00f4ng su\u1ea5t: 11000W<\/li>\n<li>\u00a0K\u00edch th\u01b0\u1edbc ch\u1eadu ch\u00ednh: 1200 x 570 x 300 mm<\/li>\n<li>\u00a0K\u00edch th\u01b0\u1edbc ch\u1eadu tr\u00e1ng: 900x 570 x 300 mm<\/li>\n<li>\u00a0K\u00edch th\u01b0\u1edbc s\u1ea3n ph\u1ea9m: 2400 x 800 x 930 mm<\/li>\n<li>\u00a0Ngu\u1ed3n:\u00a0220V\u00b110%, 1P, 50Hz<\/li>\n<li>\u00a0B\u1ea3o H\u00e0nh\u00a024 th\u00e1ng<\/li>\n<\/ul>\n<p><img loading=\"lazy\" decoding=\"async\" class=\"size-full wp-image-17229\" src=\"https:\/\/livinghome.vn\/thiet-bi\/wp-content\/uploads\/san-pham\/may-rua-chen-bat-cong-nghiep\/may-rua-chen-bat-cong-nghiep-texgio\/texgio-tgu-2400xd\/texgio-tgu-2400xd-1.jpg\" alt=\"M\u00e1y R\u1eeda Ch\u00e9n B\u00e1t C\u00f4ng Nghi\u1ec7p Texgio Ultrasonic TGU-2400XD\" width=\"800\" height=\"891\" title=\"\"><\/p>\n<p><img loading=\"lazy\" decoding=\"async\" class=\"size-full wp-image-17229\" src=\"https:\/\/livinghome.vn\/thiet-bi\/wp-content\/uploads\/san-pham\/may-rua-chen-bat-cong-nghiep\/may-rua-chen-bat-cong-nghiep-texgio\/texgio-tgu-2400xd\/texgio-tgu-2400xd-3.jpg\" alt=\"M\u00e1y R\u1eeda Ch\u00e9n B\u00e1t C\u00f4ng Nghi\u1ec7p Texgio Ultrasonic TGU-2400XD\" width=\"800\" height=\"891\" title=\"\"><br \/>\n<img loading=\"lazy\" decoding=\"async\" class=\"size-full wp-image-17229\" src=\"https:\/\/livinghome.vn\/thiet-bi\/wp-content\/uploads\/san-pham\/may-rua-chen-bat-cong-nghiep\/may-rua-chen-bat-cong-nghiep-texgio\/texgio-tgu-2400xd\/texgio-tgu-2400xd-4.jpg\" alt=\"M\u00e1y R\u1eeda Ch\u00e9n B\u00e1t C\u00f4ng Nghi\u1ec7p Texgio Ultrasonic TGU-2400XD\" width=\"800\" height=\"891\" title=\"\" srcset=\"https:\/\/livinghome.vn\/thiet-bi\/wp-content\/uploads\/san-pham\/may-rua-chen-bat-cong-nghiep\/may-rua-chen-bat-cong-nghiep-texgio\/texgio-tgu-2400xd\/texgio-tgu-2400xd-4.jpg 800w, https:\/\/livinghome.vn\/thiet-bi\/wp-content\/uploads\/san-pham\/may-rua-chen-bat-cong-nghiep\/may-rua-chen-bat-cong-nghiep-texgio\/texgio-tgu-2400xd\/texgio-tgu-2400xd-4-600x668.jpg 600w, https:\/\/livinghome.vn\/thiet-bi\/wp-content\/uploads\/san-pham\/may-rua-chen-bat-cong-nghiep\/may-rua-chen-bat-cong-nghiep-texgio\/texgio-tgu-2400xd\/texgio-tgu-2400xd-4-359x400.jpg 359w, https:\/\/livinghome.vn\/thiet-bi\/wp-content\/uploads\/san-pham\/may-rua-chen-bat-cong-nghiep\/may-rua-chen-bat-cong-nghiep-texgio\/texgio-tgu-2400xd\/texgio-tgu-2400xd-4-718x800.jpg 718w, https:\/\/livinghome.vn\/thiet-bi\/wp-content\/uploads\/san-pham\/may-rua-chen-bat-cong-nghiep\/may-rua-chen-bat-cong-nghiep-texgio\/texgio-tgu-2400xd\/texgio-tgu-2400xd-4-768x855.jpg 768w\" sizes=\"auto, (max-width: 800px) 100vw, 800px\" \/><br \/>\n<img loading=\"lazy\" decoding=\"async\" class=\"size-full wp-image-17229\" src=\"https:\/\/livinghome.vn\/thiet-bi\/wp-content\/uploads\/san-pham\/may-rua-chen-bat-cong-nghiep\/may-rua-chen-bat-cong-nghiep-texgio\/texgio-tgu-2400xd\/texgio-tgu-2400xd-5.jpg\" alt=\"M\u00e1y R\u1eeda Ch\u00e9n B\u00e1t C\u00f4ng Nghi\u1ec7p Texgio Ultrasonic TGU-2400XD\" width=\"800\" height=\"891\" title=\"\"><br \/>\n<img loading=\"lazy\" decoding=\"async\" class=\"size-full wp-image-17229\" src=\"https:\/\/livinghome.vn\/thiet-bi\/wp-content\/uploads\/san-pham\/may-rua-chen-bat-cong-nghiep\/may-rua-chen-bat-cong-nghiep-texgio\/texgio-tgu-2400xd\/texgio-tgu-2400xd-6.jpg\" alt=\"M\u00e1y R\u1eeda Ch\u00e9n B\u00e1t C\u00f4ng Nghi\u1ec7p Texgio Ultrasonic TGU-2400XD\" width=\"800\" height=\"891\" title=\"\"><br \/>\n<img loading=\"lazy\" decoding=\"async\" class=\"size-full wp-image-17229\" src=\"https:\/\/livinghome.vn\/thiet-bi\/wp-content\/uploads\/san-pham\/may-rua-chen-bat-cong-nghiep\/may-rua-chen-bat-cong-nghiep-texgio\/texgio-tgu-2400xd\/texgio-tgu-2400xd-7.jpg\" alt=\"M\u00e1y R\u1eeda Ch\u00e9n B\u00e1t C\u00f4ng Nghi\u1ec7p Texgio Ultrasonic TGU-2400XD\" width=\"800\" height=\"891\" title=\"\"><br \/>\n<img loading=\"lazy\" decoding=\"async\" class=\"size-full wp-image-17229\" src=\"https:\/\/livinghome.vn\/thiet-bi\/wp-content\/uploads\/san-pham\/may-rua-chen-bat-cong-nghiep\/may-rua-chen-bat-cong-nghiep-texgio\/texgio-tgu-2400xd\/texgio-tgu-2400xd-8.jpg\" alt=\"M\u00e1y R\u1eeda Ch\u00e9n B\u00e1t C\u00f4ng Nghi\u1ec7p Texgio Ultrasonic TGU-2400XD\" width=\"800\" height=\"891\" title=\"\"><br \/>\n<img loading=\"lazy\" decoding=\"async\" class=\"size-full wp-image-17229\" src=\"https:\/\/livinghome.vn\/thiet-bi\/wp-content\/uploads\/san-pham\/may-rua-chen-bat-cong-nghiep\/may-rua-chen-bat-cong-nghiep-texgio\/texgio-tgu-2400xd\/texgio-tgu-2400xd-9.jpg\" alt=\"M\u00e1y R\u1eeda Ch\u00e9n B\u00e1t C\u00f4ng Nghi\u1ec7p Texgio Ultrasonic TGU-2400XD\" width=\"800\" height=\"891\" title=\"\"><br \/>\n<img loading=\"lazy\" decoding=\"async\" class=\"size-full wp-image-17229\" src=\"https:\/\/livinghome.vn\/thiet-bi\/wp-content\/uploads\/san-pham\/may-rua-chen-bat-cong-nghiep\/may-rua-chen-bat-cong-nghiep-texgio\/texgio-tgu-2400xd\/texgio-tgu-2400xd-10.jpg\" alt=\"M\u00e1y R\u1eeda Ch\u00e9n B\u00e1t C\u00f4ng Nghi\u1ec7p Texgio Ultrasonic TGU-2400XD\" width=\"800\" height=\"891\" title=\"\"><br \/>\n<img loading=\"lazy\" decoding=\"async\" class=\"size-full wp-image-17229\" src=\"https:\/\/livinghome.vn\/thiet-bi\/wp-content\/uploads\/san-pham\/may-rua-chen-bat-cong-nghiep\/may-rua-chen-bat-cong-nghiep-texgio\/texgio-tgu-2400xd\/texgio-tgu-2400xd-10.jpg\" alt=\"M\u00e1y R\u1eeda Ch\u00e9n B\u00e1t C\u00f4ng Nghi\u1ec7p Texgio Ultrasonic TGU-2400XD\" width=\"800\" height=\"891\" title=\"\"><br \/>\n<img loading=\"lazy\" decoding=\"async\" class=\"size-full wp-image-17229\" src=\"https:\/\/livinghome.vn\/thiet-bi\/wp-content\/uploads\/san-pham\/may-rua-chen-bat-cong-nghiep\/may-rua-chen-bat-cong-nghiep-texgio\/texgio-tgu-2400xd\/texgio-tgu-2400xd-11.jpg\" alt=\"M\u00e1y R\u1eeda Ch\u00e9n B\u00e1t C\u00f4ng Nghi\u1ec7p Texgio Ultrasonic TGU-2400XD\" width=\"800\" height=\"891\" title=\"\"><br \/>\n<img loading=\"lazy\" decoding=\"async\" class=\"size-full wp-image-17229\" src=\"https:\/\/livinghome.vn\/thiet-bi\/wp-content\/uploads\/san-pham\/may-rua-chen-bat-cong-nghiep\/may-rua-chen-bat-cong-nghiep-texgio\/texgio-tgu-2400xd\/texgio-tgu-2400xd-12.jpg\" alt=\"M\u00e1y R\u1eeda Ch\u00e9n B\u00e1t C\u00f4ng Nghi\u1ec7p Texgio Ultrasonic TGU-2400XD\" width=\"800\" height=\"891\" title=\"\"><br \/>\n<img loading=\"lazy\" decoding=\"async\" class=\"size-full wp-image-17229\" src=\"https:\/\/livinghome.vn\/thiet-bi\/wp-content\/uploads\/san-pham\/may-rua-chen-bat-cong-nghiep\/may-rua-chen-bat-cong-nghiep-texgio\/texgio-tgu-2400xd\/texgio-tgu-2400xd-13.jpg\" alt=\"M\u00e1y R\u1eeda Ch\u00e9n B\u00e1t C\u00f4ng Nghi\u1ec7p Texgio Ultrasonic TGU-2400XD\" width=\"800\" height=\"891\" title=\"\"><br \/>\n<img loading=\"lazy\" decoding=\"async\" class=\"size-full wp-image-17229\" src=\"https:\/\/livinghome.vn\/thiet-bi\/wp-content\/uploads\/san-pham\/may-rua-chen-bat-cong-nghiep\/may-rua-chen-bat-cong-nghiep-texgio\/texgio-tgu-2400xd\/texgio-tgu-2400xd-14.jpg\" alt=\"M\u00e1y R\u1eeda Ch\u00e9n B\u00e1t C\u00f4ng Nghi\u1ec7p Texgio Ultrasonic TGU-2400XD\" width=\"800\" height=\"891\" title=\"\"><br \/>\n<img loading=\"lazy\" decoding=\"async\" class=\"size-full wp-image-17229\" src=\"https:\/\/livinghome.vn\/thiet-bi\/wp-content\/uploads\/san-pham\/may-rua-chen-bat-cong-nghiep\/may-rua-chen-bat-cong-nghiep-texgio\/texgio-tgu-2400xd\/texgio-tgu-2400xd-15.jpg\" alt=\"M\u00e1y R\u1eeda Ch\u00e9n B\u00e1t C\u00f4ng Nghi\u1ec7p Texgio Ultrasonic TGU-2400XD\" width=\"800\" height=\"891\" title=\"\"><\/p>\n","protected":false},"excerpt":{"rendered":"<h2>M\u00e1y R\u1eeda Ch\u00e9n B\u00e1t C\u00f4ng Nghi\u1ec7p S\u00f3ng Si\u00eau \u00c2m<\/h2>\n<ul>\n<li>Model: Texgio TGU-2400XD<\/li>\n<li>C\u00f4ng su\u1ea5t s\u00f3ng \u00e2m (W): 3000<\/li>\n<li>C\u00f4ng su\u1ea5t gia nhi\u1ec7t (W): 8000<\/li>\n<li>T\u1ed5ng c\u00f4ng su\u1ea5t (W): 11.000<\/li>\n<li>B\u1ed9 t\u1ea1o giao \u0111\u1ed9ng (b\u1ed9): 55<\/li>\n<li>N\u00e2ng su\u1ea5t 1 l\u1ea7n r\u1eeda (chi\u1ebfc\/c\u00e1i): 360<\/li>\n<li>N\u00e2ng su\u1ea5t 1 gi\u1edd r\u1eeda (chi\u1ebfc\/c\u00e1i): 5000<\/li>\n<li>K\u00edch th\u01b0\u1edbc s\u1ea3n ph\u1ea9m (D x R x C mm): 2400 x 800 x 930<\/li>\n<li>K\u00edch th\u01b0\u1edbc ch\u1eadu ch\u00ednh (D x R x C mm): 1200 x 570 x 300<\/li>\n<li>K\u00edch th\u01b0\u1edbc ch\u1eadu tr\u00e1ng (D x R x C mm): 900 x 570 x 300<\/li>\n<li>Th\u1ec3 t\u00edch (l\u00edt): 188.1 L<\/li>\n<\/ul>\n","protected":false},"featured_media":17227,"comment_status":"open","ping_status":"closed","template":"","meta":[],"product_brand":[],"product_cat":[92,936,569],"product_tag":[1764],"class_list":{"0":"post-5629","1":"product","2":"type-product","3":"status-publish","4":"has-post-thumbnail","6":"product_cat-may-rua-chen-bat","7":"product_cat-may-rua-chen-bat-cong-nghiep","8":"product_cat-thuong-hieu-texgio","9":"product_tag-may-rua-chen-bat-cong-nghiep","11":"first","12":"instock","13":"sale","14":"shipping-taxable","15":"purchasable","16":"product-type-simple"},"_links":{"self":[{"href":"https:\/\/livinghome.vn\/thiet-bi\/wp-json\/wp\/v2\/product\/5629","targetHints":{"allow":["GET"]}}],"collection":[{"href":"https:\/\/livinghome.vn\/thiet-bi\/wp-json\/wp\/v2\/product"}],"about":[{"href":"https:\/\/livinghome.vn\/thiet-bi\/wp-json\/wp\/v2\/types\/product"}],"replies":[{"embeddable":true,"href":"https:\/\/livinghome.vn\/thiet-bi\/wp-json\/wp\/v2\/comments?post=5629"}],"wp:featuredmedia":[{"embeddable":true,"href":"https:\/\/livinghome.vn\/thiet-bi\/wp-json\/wp\/v2\/media\/17227"}],"wp:attachment":[{"href":"https:\/\/livinghome.vn\/thiet-bi\/wp-json\/wp\/v2\/media?parent=5629"}],"wp:term":[{"taxonomy":"product_brand","embeddable":true,"href":"https:\/\/livinghome.vn\/thiet-bi\/wp-json\/wp\/v2\/product_brand?post=5629"},{"taxonomy":"product_cat","embeddable":true,"href":"https:\/\/livinghome.vn\/thiet-bi\/wp-json\/wp\/v2\/product_cat?post=5629"},{"taxonomy":"product_tag","embeddable":true,"href":"https:\/\/livinghome.vn\/thiet-bi\/wp-json\/wp\/v2\/product_tag?post=5629"}],"curies":[{"name":"wp","href":"https:\/\/api.w.org\/{rel}","templated":true}]}}