{"id":5628,"date":"2023-01-12T20:25:16","date_gmt":"2023-01-12T20:25:16","guid":{"rendered":"https:\/\/livinghome.vn\/thiet-bi\/?post_type=product&#038;p=5628"},"modified":"2024-11-29T14:19:19","modified_gmt":"2024-11-29T07:19:19","slug":"may-rua-chen-bat-cong-nghiep-texgio-tg-cmd1150","status":"publish","type":"product","link":"https:\/\/livinghome.vn\/thiet-bi\/may-rua-chen-bat-cong-nghiep-texgio-tg-cmd1150\/","title":{"rendered":"M\u00e1y R\u1eeda Ch\u00e9n B\u00e1t C\u00f4ng Nghi\u1ec7p Texgio TG-CMD1150"},"content":{"rendered":"<h2>M\u00e1y r\u1eeda ch\u00e9n b\u00e1t Texgio TG-CMD1150 c\u00f4ng nghi\u1ec7p ki\u1ec3u d\u00e1ng tr\u1eafng sang tr\u1ecdng &#8211; dung t\u00edch 22L<\/h2>\n<figure id=\"attachment_64826\" aria-describedby=\"caption-attachment-64826\" style=\"width: 800px\" class=\"wp-caption alignnone\"><img loading=\"lazy\" decoding=\"async\" class=\"size-large wp-image-64826\" src=\"https:\/\/livinghome.vn\/thiet-bi\/wp-content\/uploads\/nha-bep\/texgio\/may-rua-chen-bat\/may-rua-chen-bat-texgio-tg-cmd1150\/may-rua-chen-bat-texgio-tg-cmd1150-6-800x800.jpg\" alt=\"M\u00e1y r\u1eeda ch\u00e9n b\u00e1t Texgio TG-CMD1150\" width=\"800\" height=\"800\" title=\"\"><figcaption id=\"caption-attachment-64826\" class=\"wp-caption-text\">M\u00e1y r\u1eeda ch\u00e9n b\u00e1t Texgio TG-CMD1150<\/figcaption><\/figure>\n<ul>\n<li>Th\u01b0\u01a1ng hi\u1ec7u:\u00a0Texgio<\/li>\n<li>Ki\u1ec3u d\u00e1ng: <a href=\"https:\/\/livinghome.vn\/thiet-bi\/may-rua-chen-bat\/\">M\u00e1y r\u1eeda ch\u00e9n Mini c\u1eeda tr\u01b0\u1edbc<\/a><\/li>\n<li>\u0110i\u1ec1u khi\u1ec3n: C\u1ea3m \u1ee9ng<\/li>\n<li>Ch\u1ea5t li\u1ec7u khoang m\u00e1y: Inox 304<\/li>\n<li>Ch\u1ea5t li\u1ec7u quay tay phun: Inox 304<\/li>\n<li>Dung t\u00edch: 22L<\/li>\n<li>L\u01b0\u1ee3ng n\u01b0\u1edbc x\u1ea3: 2L\/khay rack<\/li>\n<li>C\u00f4ng su\u1ea5t b\u01a1m r\u1eeda ch\u00ednh: 0.55kwh<\/li>\n<li>C\u00f4ng su\u1ea5t gia nhi\u1ec7t n\u01b0\u1edbc r\u1eeda: 2kw<\/li>\n<li>C\u00f4ng su\u1ea5t gia nhi\u1ec7t n\u01b0\u1edbc tr\u00e1ng: 4.5kw<\/li>\n<li>C\u00f4ng su\u1ea5t \u0111\u1ecbnh m\u1ee9c: 7.05kw<\/li>\n<li>Ch\u01b0\u01a1ng tr\u00ecnh r\u1eeda: 3<\/li>\n<li>Nhanh (60 gi\u00e2y) \/ Ti\u00eau chu\u1ea9n (90 gi\u00e2y) \/ Chuy\u00ean s\u00e2u (120 gi\u00e2y)<\/li>\n<li>N\u0103ng su\u1ea5t r\u1eeda: 30 \u2013 40 khay rack \/gi\u1edd<\/li>\n<li>\u00c1p l\u1ef1c n\u01b0\u1edbc\/Nhi\u1ec7t \u0111\u1ed9: 2,5-5 Bar \/ 60 \u0111\u1ed9 C<\/li>\n<li>Tr\u1ecdng l\u01b0\u1ee3ng s\u1ea3n ph\u1ea9m: 62kg<\/li>\n<li>Tr\u1ecdng l\u01b0\u1ee3ng \u0111\u00f3ng g\u00f3i: 82.6kg<\/li>\n<li>K\u00edch th\u01b0\u1edbc s\u1ea3n ph\u1ea9m:\u00a0C800*R600*S610\u00a0mm<\/li>\n<li>K\u00edch th\u01b0\u1edbc khay rack: 500*500 mm<\/li>\n<li>Ch\u1ea5t li\u1ec7u khay rack: Nh\u1ef1a polypropylene<\/li>\n<li>Ngu\u1ed3n \u0111i\u1ec7n: 380V\/50Hz\u00a0ho\u1eb7c 230V\/50Hz<\/li>\n<li>Ph\u1ee5 ki\u1ec7n k\u00e8m theo m\u00e1y: 3 khay rack<\/li>\n<li>\u0110\u1eb7c bi\u1ec7t b\u1ea3o h\u00e0nh: 24 th\u00e1ng<\/li>\n<li>H\u1ed7 tr\u1ee3 tr\u1ea3 g\u00f3p 0%<\/li>\n<\/ul>\n<figure id=\"attachment_64825\" aria-describedby=\"caption-attachment-64825\" style=\"width: 1020px\" class=\"wp-caption alignnone\"><img loading=\"lazy\" decoding=\"async\" class=\"size-large wp-image-64825\" src=\"https:\/\/livinghome.vn\/thiet-bi\/wp-content\/uploads\/nha-bep\/texgio\/may-rua-chen-bat\/may-rua-chen-bat-texgio-tg-cmd1150\/may-rua-chen-bat-texgio-tg-cmd1150-4-1067x800.jpg\" alt=\"M\u00e1y r\u1eeda ch\u00e9n b\u00e1t Texgio TG-CMD1150\" width=\"1020\" height=\"765\" title=\"\"><figcaption id=\"caption-attachment-64825\" class=\"wp-caption-text\">M\u00e1y r\u1eeda ch\u00e9n b\u00e1t Texgio TG-CMD1150<\/figcaption><\/figure>\n<figure id=\"attachment_64828\" aria-describedby=\"caption-attachment-64828\" style=\"width: 800px\" class=\"wp-caption alignnone\"><img loading=\"lazy\" decoding=\"async\" class=\"size-large wp-image-64828\" src=\"https:\/\/livinghome.vn\/thiet-bi\/wp-content\/uploads\/nha-bep\/texgio\/may-rua-chen-bat\/may-rua-chen-bat-texgio-tg-cmd1150\/may-rua-chen-bat-texgio-tg-cmd1150-7-800x800.jpg\" alt=\"M\u00e1y r\u1eeda ch\u00e9n b\u00e1t Texgio TG-CMD1150\" width=\"800\" height=\"800\" title=\"\"><figcaption id=\"caption-attachment-64828\" class=\"wp-caption-text\">M\u00e1y r\u1eeda ch\u00e9n b\u00e1t Texgio TG-CMD1150<\/figcaption><\/figure>\n<figure id=\"attachment_64823\" aria-describedby=\"caption-attachment-64823\" style=\"width: 800px\" class=\"wp-caption alignnone\"><img loading=\"lazy\" decoding=\"async\" class=\"size-large wp-image-64823\" src=\"https:\/\/livinghome.vn\/thiet-bi\/wp-content\/uploads\/nha-bep\/texgio\/may-rua-chen-bat\/may-rua-chen-bat-texgio-tg-cmd1150\/may-rua-chen-bat-texgio-tg-cmd1150-8-800x800.jpg\" alt=\"M\u00e1y r\u1eeda ch\u00e9n b\u00e1t Texgio TG-CMD1150\" width=\"800\" height=\"800\" title=\"\"><figcaption id=\"caption-attachment-64823\" class=\"wp-caption-text\">M\u00e1y r\u1eeda ch\u00e9n b\u00e1t Texgio TG-CMD1150<\/figcaption><\/figure>\n<figure id=\"attachment_64822\" aria-describedby=\"caption-attachment-64822\" style=\"width: 800px\" class=\"wp-caption alignnone\"><img loading=\"lazy\" decoding=\"async\" class=\"size-large wp-image-64822\" src=\"https:\/\/livinghome.vn\/thiet-bi\/wp-content\/uploads\/nha-bep\/texgio\/may-rua-chen-bat\/may-rua-chen-bat-texgio-tg-cmd1150\/may-rua-chen-bat-texgio-tg-cmd1150-10-800x800.jpg\" alt=\"M\u00e1y r\u1eeda ch\u00e9n b\u00e1t Texgio TG-CMD1150\" width=\"800\" height=\"800\" title=\"\"><figcaption id=\"caption-attachment-64822\" class=\"wp-caption-text\">M\u00e1y r\u1eeda ch\u00e9n b\u00e1t Texgio TG-CMD1150<\/figcaption><\/figure>\n<h3>3 lo\u1ea1i khay rack r\u1eeda \u0111i k\u00e8m m\u00e1y<\/h3>\n<figure id=\"attachment_64827\" aria-describedby=\"caption-attachment-64827\" style=\"width: 1020px\" class=\"wp-caption alignnone\"><img loading=\"lazy\" decoding=\"async\" class=\"size-large wp-image-64827\" src=\"https:\/\/livinghome.vn\/thiet-bi\/wp-content\/uploads\/nha-bep\/texgio\/may-rua-chen-bat\/may-rua-chen-bat-texgio-tg-cmd1150\/may-rua-chen-bat-texgio-tg-cmd1150-3-1067x800.jpg\" alt=\"M\u00e1y r\u1eeda ch\u00e9n b\u00e1t Texgio TG-CMD1150\" width=\"1020\" height=\"765\" title=\"\"><figcaption id=\"caption-attachment-64827\" class=\"wp-caption-text\">M\u00e1y r\u1eeda ch\u00e9n b\u00e1t Texgio TG-CMD1150<\/figcaption><\/figure>\n<div class=\"content-detail\">V\u1edbi m\u1ed7i M\u00e1y r\u1eeda ch\u00e9n b\u00e1t Texgio CMD1150 s\u1ebd \u0111i k\u00e8m ph\u1ee5 ki\u1ec7n 3 khay rack x\u1ebfp \u0111\u1ed3: khay ph\u1eb3ng, khay ch\u00f4ng v\u00e0 gi\u1ecf \u0111\u0169a th\u00eca. Ch\u1ea5t li\u1ec7u b\u1eb1ng nh\u1ef1a nguy\u00ean sinh cao c\u1ea5p, ch\u1ecbu nhi\u1ec7t cao, an to\u00e0n cho s\u1ee9c kh\u1ecfe ng\u01b0\u1eddi s\u1eed d\u1ee5ng<\/div>\n<div>\n<h3>B\u1ea3ng \u0111i\u1ec1u khi\u1ec3n Soft Touch<\/h3>\n<div class=\"content-detail\">\n<div>\n<figure id=\"attachment_64831\" aria-describedby=\"caption-attachment-64831\" style=\"width: 1020px\" class=\"wp-caption alignnone\"><img loading=\"lazy\" decoding=\"async\" class=\"size-large wp-image-64831\" src=\"https:\/\/livinghome.vn\/thiet-bi\/wp-content\/uploads\/nha-bep\/texgio\/may-rua-chen-bat\/may-rua-chen-bat-texgio-tg-cmd1150\/may-rua-chen-bat-texgio-tg-cmd1150-5-1067x800.jpg\" alt=\"M\u00e1y r\u1eeda ch\u00e9n b\u00e1t Texgio TG-CMD1150\" width=\"1020\" height=\"765\" title=\"\"><figcaption id=\"caption-attachment-64831\" class=\"wp-caption-text\">M\u00e1y r\u1eeda ch\u00e9n b\u00e1t Texgio TG-CMD1150<\/figcaption><\/figure>\n<\/div>\n<div id=\"Translation\">M\u00e1y r\u1eeda ch\u00e9n b\u00e1t c\u00f4ng nghi\u1ec7p mini Texgio CMD1150 hi\u1ec7n \u0111\u1ea1i v\u1edbi b\u1ea3ng \u0111i\u1ec1u khi\u1ec3n ch\u1ed1ng n\u01b0\u1edbc Waterproof.<\/div>\n<div>\n<h3 class=\"page-name\">\u1ee8ng d\u1ee5ng M\u00e1y r\u1eeda ch\u00e9n b\u00e1t\u00a0mini CMD1150<\/h3>\n<figure id=\"attachment_64821\" aria-describedby=\"caption-attachment-64821\" style=\"width: 800px\" class=\"wp-caption alignnone\"><img loading=\"lazy\" decoding=\"async\" class=\"size-large wp-image-64821\" src=\"https:\/\/livinghome.vn\/thiet-bi\/wp-content\/uploads\/nha-bep\/texgio\/may-rua-chen-bat\/may-rua-chen-bat-texgio-tg-cmd1150\/may-rua-chen-bat-texgio-tg-cmd1150-9-800x800.jpg\" alt=\"M\u00e1y r\u1eeda ch\u00e9n b\u00e1t Texgio TG-CMD1150\" width=\"800\" height=\"800\" title=\"\"><figcaption id=\"caption-attachment-64821\" class=\"wp-caption-text\">M\u00e1y r\u1eeda ch\u00e9n b\u00e1t Texgio TG-CMD1150<\/figcaption><\/figure>\n<div class=\"content-detail\">\n<div id=\"Translation\">M\u00e1y r\u1eeda ch\u00e9n b\u00e1t c\u00f4ng nghi\u1ec7p mini Texgio\u00a0CMD1150\u00a0d\u1ec5 d\u00e0ng v\u00e0 thu\u1eadn ti\u1ec7n\u00a0l\u1eafp \u0111\u1eb7t t\u1ea1i c\u00e1c qu\u00e1n \u0103n, nh\u00e0 h\u00e0ng, tr\u01b0\u1eddng h\u1ecdc, canteen,&#8230;<\/div>\n<\/div>\n<\/div>\n<\/div>\n<\/div>\n","protected":false},"excerpt":{"rendered":"<p>M\u00e1y r\u1eeda ch\u00e9n b\u00e1t Texgio TG-CMD1150 c\u00f4ng nghi\u1ec7p ki\u1ec3u d\u00e1ng tr\u1eafng sang tr\u1ecdng &#8211; dung t\u00edch 22L Th\u01b0\u01a1ng hi\u1ec7u:\u00a0Texgio Ki\u1ec3u d\u00e1ng: M\u00e1y r\u1eeda ch\u00e9n Mini c\u1eeda tr\u01b0\u1edbc \u0110i\u1ec1u khi\u1ec3n: C\u1ea3m \u1ee9ng Ch\u1ea5t li\u1ec7u khoang m\u00e1y: Inox 304 Ch\u1ea5t li\u1ec7u quay tay phun: Inox 304 Dung t\u00edch: 22L L\u01b0\u1ee3ng n\u01b0\u1edbc x\u1ea3: 2L\/khay rack C\u00f4ng su\u1ea5t b\u01a1m [&#8230;]\n","protected":false},"featured_media":5849,"comment_status":"open","ping_status":"closed","template":"","meta":[],"product_brand":[],"product_cat":[92,936,569],"product_tag":[93,581,1764,1767,1772,576,574],"class_list":{"0":"post-5628","1":"product","2":"type-product","3":"status-publish","4":"has-post-thumbnail","6":"product_cat-may-rua-chen-bat","7":"product_cat-may-rua-chen-bat-cong-nghiep","8":"product_cat-thuong-hieu-texgio","9":"product_tag-may-rua-chen","10":"product_tag-may-rua-chen-bat","11":"product_tag-may-rua-chen-bat-cong-nghiep","12":"product_tag-may-rua-chen-bat-song-sieu-am","13":"product_tag-may-rua-chen-bat-texgio","14":"product_tag-may-rua-chen-texgio","15":"product_tag-texgio","17":"first","18":"instock","19":"sale","20":"shipping-taxable","21":"purchasable","22":"product-type-simple"},"_links":{"self":[{"href":"https:\/\/livinghome.vn\/thiet-bi\/wp-json\/wp\/v2\/product\/5628","targetHints":{"allow":["GET"]}}],"collection":[{"href":"https:\/\/livinghome.vn\/thiet-bi\/wp-json\/wp\/v2\/product"}],"about":[{"href":"https:\/\/livinghome.vn\/thiet-bi\/wp-json\/wp\/v2\/types\/product"}],"replies":[{"embeddable":true,"href":"https:\/\/livinghome.vn\/thiet-bi\/wp-json\/wp\/v2\/comments?post=5628"}],"wp:featuredmedia":[{"embeddable":true,"href":"https:\/\/livinghome.vn\/thiet-bi\/wp-json\/wp\/v2\/media\/5849"}],"wp:attachment":[{"href":"https:\/\/livinghome.vn\/thiet-bi\/wp-json\/wp\/v2\/media?parent=5628"}],"wp:term":[{"taxonomy":"product_brand","embeddable":true,"href":"https:\/\/livinghome.vn\/thiet-bi\/wp-json\/wp\/v2\/product_brand?post=5628"},{"taxonomy":"product_cat","embeddable":true,"href":"https:\/\/livinghome.vn\/thiet-bi\/wp-json\/wp\/v2\/product_cat?post=5628"},{"taxonomy":"product_tag","embeddable":true,"href":"https:\/\/livinghome.vn\/thiet-bi\/wp-json\/wp\/v2\/product_tag?post=5628"}],"curies":[{"name":"wp","href":"https:\/\/api.w.org\/{rel}","templated":true}]}}