{"id":5599,"date":"2023-01-12T20:24:32","date_gmt":"2023-01-12T20:24:32","guid":{"rendered":"https:\/\/livinghome.vn\/thiet-bi\/?post_type=product&#038;p=5599"},"modified":"2024-11-29T14:19:20","modified_gmt":"2024-11-29T07:19:20","slug":"may-rua-chen-texgio-tg-w60f955","status":"publish","type":"product","link":"https:\/\/livinghome.vn\/thiet-bi\/may-rua-chen-texgio-tg-w60f955\/","title":{"rendered":"M\u00e1y r\u1eeda ch\u00e9n Texgio TG-W60F955 \u0110\u1ed9c L\u1eadp 15 B\u1ed9 10 L\u00edt N\u01b0\u1edbc"},"content":{"rendered":"<h2>M\u00e1y r\u1eeda ch\u00e9n Texgio TG-W60F955 c\u00f4ng ngh\u1ec7 s\u1ea5y Turbo ng\u01b0ng t\u1ee5 nh\u1eadp kh\u1ea9u \u0110\u1ee9c<\/h2>\n<figure id=\"attachment_64787\" aria-describedby=\"caption-attachment-64787\" style=\"width: 800px\" class=\"wp-caption alignnone\"><img loading=\"lazy\" decoding=\"async\" class=\"size-large wp-image-64787\" src=\"https:\/\/livinghome.vn\/thiet-bi\/wp-content\/uploads\/nha-bep\/texgio\/may-rua-chen-bat\/may-rua-chen-bat-gia-dinh-texgio-tg-w60f955\/may-rua-chen-bat-gia-dinh-texgio-tg-w60f955-800x800.jpg\" alt=\"M\u00e1y r\u1eeda ch\u00e9n b\u00e1t Texgio TG-W60F955 \" width=\"800\" height=\"800\" title=\"\"><figcaption id=\"caption-attachment-64787\" class=\"wp-caption-text\">M\u00e1y r\u1eeda ch\u00e9n b\u00e1t Texgio TG-W60F955<\/figcaption><\/figure>\n<ul>\n<li>D\u00e2y chuy\u1ec1n s\u1ea3n xu\u1ea5t c\u00f4ng ngh\u1ec7 \u0110\u1ee9c<\/li>\n<li><span style=\"color: #e74c3c;\">\u00a0<\/span>T\u00ednh n\u0103ng \u0111\u1eb7c bi\u1ec7t:\u00a0Dual Zone, Delay, Vi\u00ean n\u00e9n\u00a0Tabs<\/li>\n<li>\u00a0C\u00f4ng ngh\u1ec7 s\u1ea5y:\u00a0Turbo ng\u01b0ng t\u1ee5<\/li>\n<li>\u00a0Ch\u1ee9c n\u0103ng an to\u00e0n: Ch\u1ed1ng tr\u00e0n\u00a0n\u01b0\u1edbc, Kh\u00f3a tr\u1ebb em<\/li>\n<li>\u00a0Dung t\u00edch: 15 B\u1ed9<\/li>\n<li>\u00a0Ki\u1ec3u d\u00e1ng: <a href=\"https:\/\/livinghome.vn\/thiet-bi\/may-rua-chen-bat\/\">M\u00e1y r\u1eeda ch\u00e9n \u0110\u1ed9c l\u1eadp\/B\u00e1n \u00e2m<\/a><\/li>\n<li>\u00a0Ch\u1ea5t li\u1ec7u: Inox cao c\u1ea5p<\/li>\n<li>\u00a0\u0110i\u1ec1u khi\u1ec3n: Ph\u00edm b\u1ea5m c\u01a1<\/li>\n<li>\u00a0L\u01b0\u1ee3ng n\u01b0\u1edbc ti\u00eau th\u1ee5 :\u00a010L<\/li>\n<li>\u00a0\u0110\u1ed9 \u1ed3n :\u00a0&lt;46 Db<\/li>\n<li>\u00a0K\u00edch th\u01b0\u1edbc s\u1ea3n ph\u1ea9m: C845 x R600\u00a0x S600 mm<\/li>\n<li>\u00a0B\u1ea3o H\u00e0nh\u00a05 n\u0103m<\/li>\n<li>\u00a0Ch\u01b0\u01a1ng tr\u00ecnh r\u1eeda: 6<\/li>\n<\/ul>\n<h3>S\u1ea4Y TURBO FAN DRYING<\/h3>\n<figure id=\"attachment_64786\" aria-describedby=\"caption-attachment-64786\" style=\"width: 800px\" class=\"wp-caption alignnone\"><img loading=\"lazy\" decoding=\"async\" class=\"size-large wp-image-64786\" src=\"https:\/\/livinghome.vn\/thiet-bi\/wp-content\/uploads\/nha-bep\/texgio\/may-rua-chen-bat\/may-rua-chen-bat-gia-dinh-texgio-tg-w60f955\/may-rua-chen-bat-gia-dinh-texgio-tg-w60f955-1-800x800.jpg\" alt=\"M\u00e1y r\u1eeda ch\u00e9n b\u00e1t Texgio TG-W60F955\" width=\"800\" height=\"800\" title=\"\"><figcaption id=\"caption-attachment-64786\" class=\"wp-caption-text\">M\u00e1y r\u1eeda ch\u00e9n b\u00e1t Texgio TG-W60F955<\/figcaption><\/figure>\n<div>\n<div id=\"Translation\">H\u01a1i \u1ea9m v\u00e0 kh\u00f4ng kh\u00ed n\u00f3ng \u0111\u01b0\u1ee3c ng\u01b0ng t\u1ee5 v\u00e0 h\u00fat t\u1ea3n ra, gi\u00fap ch\u00e9n d\u0129a v\u00e0 d\u1ee5ng c\u1ee5 n\u1ea5u \u0103n kh\u00f4 r\u00e1o t\u1ed1t h\u01a1n trong khi l\u01b0\u1ee3ng ti\u00eau th\u1ee5 \u0111i\u1ec7n \u00edt h\u01a1n.<\/div>\n<div>\n<h3>R\u1eecA B\u00c1N T\u1ea2I CH\u1eccN GI\u00c0N DUAL ZONE<\/h3>\n<div>\n<figure id=\"attachment_64784\" aria-describedby=\"caption-attachment-64784\" style=\"width: 1020px\" class=\"wp-caption alignnone\"><img loading=\"lazy\" decoding=\"async\" class=\"size-large wp-image-64784\" src=\"https:\/\/livinghome.vn\/thiet-bi\/wp-content\/uploads\/nha-bep\/texgio\/may-rua-chen-bat\/may-rua-chen-bat-gia-dinh-texgio-tg-w60f955\/may-rua-chen-bat-gia-dinh-texgio-tg-w60f955-2-1067x800.jpg\" alt=\"M\u00e1y r\u1eeda ch\u00e9n b\u00e1t Texgio TG-W60F955\" width=\"1020\" height=\"765\" title=\"\"><figcaption id=\"caption-attachment-64784\" class=\"wp-caption-text\">M\u00e1y r\u1eeda ch\u00e9n b\u00e1t Texgio TG-W60F955<\/figcaption><\/figure>\n<p>Ch\u1ecdn linh \u0111\u1ed9ng r\u1eeda gi\u00e0n tr\u00ean ho\u1eb7c r\u1eeda gi\u00e0n d\u01b0\u1edbi, m\u00e1y s\u1ebd ch\u1ec9 ho\u1ea1t \u0111\u1ed9ng 1 tay phun.<br \/>\nTi\u1ebft ki\u1ec7m t\u1ed1i \u0111a l\u01b0\u1ee3ng n\u01b0\u1edbc v\u00e0 \u0111i\u1ec7n n\u0103ng ti\u00eau th\u1ee5 khi b\u00e1t \u0111\u0129a \u00edt, kh\u00f4ng \u0111\u1ea7y t\u1ea3i.<\/p>\n<\/div>\n<div>\n<div class=\"col-page\"><\/div>\n<div>\n<div>\n<h3>B\u1ea2O V\u1ec6 CH\u1ed0NG TR\u00c0N ANTI-SPILL<\/h3>\n<div>\n<figure id=\"attachment_64783\" aria-describedby=\"caption-attachment-64783\" style=\"width: 1020px\" class=\"wp-caption alignnone\"><img loading=\"lazy\" decoding=\"async\" class=\"size-large wp-image-64783\" src=\"https:\/\/livinghome.vn\/thiet-bi\/wp-content\/uploads\/nha-bep\/texgio\/may-rua-chen-bat\/may-rua-chen-bat-gia-dinh-texgio-tg-w60f955\/may-rua-chen-bat-gia-dinh-texgio-tg-w60f955-4-1067x800.jpg\" alt=\"M\u00e1y r\u1eeda ch\u00e9n b\u00e1t Texgio TG-W60F955\" width=\"1020\" height=\"765\" title=\"\"><figcaption id=\"caption-attachment-64783\" class=\"wp-caption-text\">M\u00e1y r\u1eeda ch\u00e9n b\u00e1t Texgio TG-W60F955<\/figcaption><\/figure>\n<p>H\u1ec7 th\u1ed1ng Anti-Spill li\u00ean t\u1ee5c theo d\u00f5i t\u00ecnh tr\u1ea1ng c\u1ee7a m\u00e1y, n\u1ebfu c\u00f3 b\u1ea5t c\u1ee9 s\u1ef1 r\u00f2 r\u1ec9 n\u01b0\u1edbc n\u00e0o \u1edf trong khoang m\u00e1y, l\u1eadp t\u1ee9c h\u1ec7 th\u1ed1ng s\u1ebd t\u1ea1m d\u1eebng v\u00e0 ph\u00e1t c\u1ea3nh b\u00e1o l\u1ed7i.<br \/>\n\u0110\u1ea3m b\u1ea3o an to\u00e0n cho ng\u01b0\u1eddi s\u1eed d\u1ee5ng.<\/p>\n<\/div>\n<div>\n<h3>GI\u00c0N N\u00c2NG \u0110I\u1ec0U CH\u1ec8NH LINH HO\u1ea0T<\/h3>\n<div class=\"content-detail\">\n<div>\n<figure id=\"attachment_64788\" aria-describedby=\"caption-attachment-64788\" style=\"width: 800px\" class=\"wp-caption alignnone\"><img loading=\"lazy\" decoding=\"async\" class=\"size-large wp-image-64788\" src=\"https:\/\/livinghome.vn\/thiet-bi\/wp-content\/uploads\/nha-bep\/texgio\/may-rua-chen-bat\/may-rua-chen-bat-gia-dinh-texgio-tg-w60f955\/may-rua-chen-bat-gia-dinh-texgio-tg-w60f955-3-800x800.jpg\" alt=\"M\u00e1y r\u1eeda ch\u00e9n b\u00e1t Texgio TG-W60F955\" width=\"800\" height=\"800\" title=\"\"><figcaption id=\"caption-attachment-64788\" class=\"wp-caption-text\">M\u00e1y r\u1eeda ch\u00e9n b\u00e1t Texgio TG-W60F955<\/figcaption><\/figure>\n<p>Khi c\u1ea7n r\u1eeda n\u1ed3i s\u00e2u, \u0111\u1ed3 cao, \u0111\u0129a size l\u1edbn, b\u1ea1n s\u1ebd c\u1ea7n th\u00eam kh\u00f4ng gian \u0111\u1ec3 tay phun kh\u00f4ng b\u1ecb ch\u1ea1m.<br \/>\nV\u1edbi\u00a0M\u00e1y R\u1eeda B\u00e1t\u00a015 B\u1ed9\u00a0TGW60F955 b\u1ea1n ch\u1ec9 c\u1ea7n thao t\u00e1c nh\u1ea5c gi\u00e0n gi\u1eefa l\u00ean m\u1ed9t ch\u00fat \u0111\u1ec3 v\u00e0o kh\u1edbp, kh\u00f4ng gian c\u00f3 th\u1ec3 m\u1edf r\u1ed9ng gi\u00fap b\u1ea1n tho\u1ea3i m\u00e1i x\u1ebfp \u0111\u1ed3.<\/p>\n<\/div>\n<div>\n<h3>G\u1ee2I \u00dd X\u1ebeP CH\u00c9N B\u00c1T<\/h3>\n<figure id=\"attachment_64782\" aria-describedby=\"caption-attachment-64782\" style=\"width: 1020px\" class=\"wp-caption alignnone\"><img loading=\"lazy\" decoding=\"async\" class=\"size-large wp-image-64782\" src=\"https:\/\/livinghome.vn\/thiet-bi\/wp-content\/uploads\/nha-bep\/texgio\/may-rua-chen-bat\/may-rua-chen-bat-gia-dinh-texgio-tg-w60f955\/may-rua-chen-bat-gia-dinh-texgio-tg-w60f955-5-1067x800.jpg\" alt=\"M\u00e1y r\u1eeda ch\u00e9n b\u00e1t Texgio TG-W60F955\" width=\"1020\" height=\"765\" title=\"\"><figcaption id=\"caption-attachment-64782\" class=\"wp-caption-text\">M\u00e1y r\u1eeda ch\u00e9n b\u00e1t Texgio TG-W60F955<\/figcaption><\/figure>\n<p>V\u1edbi dung t\u00edch 15 b\u1ed9 b\u00e1t \u0111\u0129a chu\u1ea9n \u00c2u,\u00a0TGW60F955 c\u00f3 th\u1ec3 r\u1eeda t\u1edbi 3 m\u00e2m c\u1ed7 Vi\u1ec7t.<\/p>\n<h3>K\u00cdCH TH\u01af\u1edaC L\u1eaeP \u00c2M T\u1ee6<\/h3>\n<figure id=\"attachment_64785\" aria-describedby=\"caption-attachment-64785\" style=\"width: 800px\" class=\"wp-caption alignnone\"><img loading=\"lazy\" decoding=\"async\" class=\"size-large wp-image-64785\" src=\"https:\/\/livinghome.vn\/thiet-bi\/wp-content\/uploads\/nha-bep\/texgio\/may-rua-chen-bat\/may-rua-chen-bat-gia-dinh-texgio-tg-w60f955\/may-rua-chen-bat-gia-dinh-texgio-tg-w60f955-6-800x800.jpg\" alt=\"M\u00e1y r\u1eeda ch\u00e9n b\u00e1t Texgio TG-W60F955\" width=\"800\" height=\"800\" title=\"\"><figcaption id=\"caption-attachment-64785\" class=\"wp-caption-text\">M\u00e1y r\u1eeda ch\u00e9n b\u00e1t Texgio TG-W60F955<\/figcaption><\/figure>\n<p>N\u1ebfu b\u1ea1n mu\u1ed1n l\u1eafp \u00e2m t\u1ee7, h\u00e3y tham kh\u1ea3o k\u00edch th\u01b0\u1edbc b\u1ea3n v\u1ebd.<\/p>\n<\/div>\n<\/div>\n<\/div>\n<\/div>\n<\/div>\n<\/div>\n<\/div>\n<\/div>\n","protected":false},"excerpt":{"rendered":"<p>M\u00e1y r\u1eeda ch\u00e9n Texgio TG-W60F955 c\u00f4ng ngh\u1ec7 s\u1ea5y Turbo ng\u01b0ng t\u1ee5 nh\u1eadp kh\u1ea9u \u0110\u1ee9c D\u00e2y chuy\u1ec1n s\u1ea3n xu\u1ea5t c\u00f4ng ngh\u1ec7 \u0110\u1ee9c \u00a0T\u00ednh n\u0103ng \u0111\u1eb7c bi\u1ec7t:\u00a0Dual Zone, Delay, Vi\u00ean n\u00e9n\u00a0Tabs \u00a0C\u00f4ng ngh\u1ec7 s\u1ea5y:\u00a0Turbo ng\u01b0ng t\u1ee5 \u00a0Ch\u1ee9c n\u0103ng an to\u00e0n: Ch\u1ed1ng tr\u00e0n\u00a0n\u01b0\u1edbc, Kh\u00f3a tr\u1ebb em \u00a0Dung t\u00edch: 15 B\u1ed9 \u00a0Ki\u1ec3u d\u00e1ng: M\u00e1y r\u1eeda ch\u00e9n \u0110\u1ed9c l\u1eadp\/B\u00e1n \u00e2m [&#8230;]\n","protected":false},"featured_media":5827,"comment_status":"open","ping_status":"closed","template":"","meta":[],"product_brand":[],"product_cat":[610,92,824,828,827,826,569],"product_tag":[93,577,576,574],"class_list":{"0":"post-5599","1":"product","2":"type-product","3":"status-publish","4":"has-post-thumbnail","6":"product_cat-may-rua-chen-bat-texgio","7":"product_cat-may-rua-chen-bat","8":"product_cat-may-rua-chen-bat-15-bo","9":"product_cat-may-rua-chen-bat-am-tu","10":"product_cat-may-rua-chen-bat-ban-am","11":"product_cat-may-rua-chen-bat-doc-lap","12":"product_cat-thuong-hieu-texgio","13":"product_tag-may-rua-chen","14":"product_tag-may-rua-chen-15-bo","15":"product_tag-may-rua-chen-texgio","16":"product_tag-texgio","18":"first","19":"instock","20":"sale","21":"shipping-taxable","22":"purchasable","23":"product-type-simple"},"_links":{"self":[{"href":"https:\/\/livinghome.vn\/thiet-bi\/wp-json\/wp\/v2\/product\/5599","targetHints":{"allow":["GET"]}}],"collection":[{"href":"https:\/\/livinghome.vn\/thiet-bi\/wp-json\/wp\/v2\/product"}],"about":[{"href":"https:\/\/livinghome.vn\/thiet-bi\/wp-json\/wp\/v2\/types\/product"}],"replies":[{"embeddable":true,"href":"https:\/\/livinghome.vn\/thiet-bi\/wp-json\/wp\/v2\/comments?post=5599"}],"wp:featuredmedia":[{"embeddable":true,"href":"https:\/\/livinghome.vn\/thiet-bi\/wp-json\/wp\/v2\/media\/5827"}],"wp:attachment":[{"href":"https:\/\/livinghome.vn\/thiet-bi\/wp-json\/wp\/v2\/media?parent=5599"}],"wp:term":[{"taxonomy":"product_brand","embeddable":true,"href":"https:\/\/livinghome.vn\/thiet-bi\/wp-json\/wp\/v2\/product_brand?post=5599"},{"taxonomy":"product_cat","embeddable":true,"href":"https:\/\/livinghome.vn\/thiet-bi\/wp-json\/wp\/v2\/product_cat?post=5599"},{"taxonomy":"product_tag","embeddable":true,"href":"https:\/\/livinghome.vn\/thiet-bi\/wp-json\/wp\/v2\/product_tag?post=5599"}],"curies":[{"name":"wp","href":"https:\/\/api.w.org\/{rel}","templated":true}]}}