{"id":5597,"date":"2023-01-12T20:24:32","date_gmt":"2023-01-12T20:24:32","guid":{"rendered":"https:\/\/livinghome.vn\/thiet-bi\/?post_type=product&#038;p=5597"},"modified":"2024-11-29T14:19:20","modified_gmt":"2024-11-29T07:19:20","slug":"may-rua-chen-texgio-tg-tgwfs64b","status":"publish","type":"product","link":"https:\/\/livinghome.vn\/thiet-bi\/may-rua-chen-texgio-tg-tgwfs64b\/","title":{"rendered":"M\u00e1y r\u1eeda ch\u00e9n Texgio TG-TGWFS64B Li\u1ec1n Ch\u1eadu 5 B\u1ed9 7.2 L\u00edt N\u01b0\u1edbc"},"content":{"rendered":"<h2>M\u00e1y r\u1eeda ch\u00e9n Texgio TG-TGWFS64B dung t\u00edch 05 b\u1ed9 thi\u1ebft k\u1ebf k\u00ednh c\u01b0\u1eddng l\u1ef1c m\u00e0u \u0111en hi\u1ec7n \u0111\u1ea1i<\/h2>\n<figure id=\"attachment_64771\" aria-describedby=\"caption-attachment-64771\" style=\"width: 800px\" class=\"wp-caption alignnone\"><img loading=\"lazy\" decoding=\"async\" class=\"size-large wp-image-64771\" src=\"https:\/\/livinghome.vn\/thiet-bi\/wp-content\/uploads\/nha-bep\/texgio\/may-rua-chen-bat\/may-rua-chen-bat-gia-dinh-texgio-tg-tgwfs64b\/may-rua-chen-bat-gia-dinh-texgio-tg-tgwfs64b-800x800.jpg\" alt=\"M\u00e1y r\u1eeda ch\u00e9n b\u00e1t Texgio TG-TGWFS64B\" width=\"800\" height=\"800\" title=\"\"><figcaption id=\"caption-attachment-64771\" class=\"wp-caption-text\">M\u00e1y r\u1eeda ch\u00e9n b\u00e1t Texgio TG-TGWFS64B<\/figcaption><\/figure>\n<ul>\n<li>D\u00e2y chuy\u1ec1n s\u1ea3n xu\u1ea5t c\u00f4ng ngh\u1ec7 \u0110\u1ee9c<\/li>\n<li>\u00a0T\u00ednh n\u0103ng \u0111\u1eb7c bi\u1ec7t: S\u1ea5y PTC, Qu\u1ea1t Fresh Air, ExtraDrying, R\u1eeda rau qu\u1ea3,\u00a0Delay<\/li>\n<li>\u00a0C\u00f4ng ngh\u1ec7 s\u1ea5y:\u00a0PTC &#8211; Trung Qu\u1ed1c l\u00e0 Qu\u1ed1c gia duy nh\u1ea5t s\u00e1ng ch\u1ebf v\u00e0\u00a0\u00e1p d\u1ee5ng c\u00f4ng ngh\u1ec7 s\u1ea5y kh\u00ed n\u00f3ng\u00a0PTC tr\u00ean th\u1ecb tr\u01b0\u1eddng hi\u1ec7n nay<\/li>\n<li>\u00a0Ch\u1ee9c n\u0103ng an to\u00e0n: Kh\u00f3a tr\u1ebb em<\/li>\n<li>\u00a0Dung t\u00edch: 5\u00a0B\u1ed9<\/li>\n<li>\u00a0Ki\u1ec3u d\u00e1ng: <a href=\"https:\/\/livinghome.vn\/thiet-bi\/may-rua-chen-bat\/\">M\u00e1y r\u1eeda ch\u00e9n K\u1ebft h\u1ee3p li\u1ec1n ch\u1eadu<\/a><\/li>\n<li>\u00a0Ch\u1ea5t li\u1ec7u: K\u00ednh c\u01b0\u1eddng l\u1ef1c\u00a0\u0111en, Inox 304<\/li>\n<li>\u00a0\u0110i\u1ec1u khi\u1ec3n: C\u1ea3m \u1ee9ng<\/li>\n<li>\u00a0L\u01b0\u1ee3ng n\u01b0\u1edbc ti\u00eau th\u1ee5 : 7.8\u00a0L<\/li>\n<li>\u00a0\u0110\u1ed9 \u1ed3n :\u00a0&lt;46\u00a0Db<\/li>\n<li>\u00a0K\u00edch th\u01b0\u1edbc s\u1ea3n ph\u1ea9m: D890\u00a0x R495 x C500\u00a0mm<\/li>\n<li>\u00a0B\u1ea3o H\u00e0nh: 05 n\u0103m<\/li>\n<li>\u00a0Ch\u01b0\u01a1ng tr\u00ecnh r\u1eeda: 6<\/li>\n<\/ul>\n<h3>S\u1ea4Y KH\u00d4 KH\u00cd N\u00d3NG PTC<\/h3>\n<figure id=\"attachment_64773\" aria-describedby=\"caption-attachment-64773\" style=\"width: 1020px\" class=\"wp-caption alignnone\"><img loading=\"lazy\" decoding=\"async\" class=\"size-large wp-image-64773\" src=\"https:\/\/livinghome.vn\/thiet-bi\/wp-content\/uploads\/nha-bep\/texgio\/may-rua-chen-bat\/may-rua-chen-bat-gia-dinh-texgio-tg-tgwfs64b\/may-rua-chen-bat-gia-dinh-texgio-tg-tgwfs64b-5-1067x800.jpg\" alt=\"M\u00e1y r\u1eeda ch\u00e9n b\u00e1t Texgio TG-TGWFS64B\" width=\"1020\" height=\"765\" title=\"\"><figcaption id=\"caption-attachment-64773\" class=\"wp-caption-text\">M\u00e1y r\u1eeda ch\u00e9n b\u00e1t Texgio TG-TGWFS64B<\/figcaption><\/figure>\n<p>\u0110\u01b0\u1ee3c trang b\u1ecb b\u1ed9 l\u01b0u nhi\u1ec7t v\u00e0 ti\u1ebft ki\u1ec7m n\u0103ng l\u01b0\u1ee3ng Ecotech, t\u0103ng hi\u1ec7u su\u1ea5t l\u00ean 30%.<br \/>\nC\u00f4ng ngh\u1ec7\u00a0PTC\u00a0 (Positive Temperature Coefficient) s\u1ea5y\u00a0n\u00e2ng c\u1ea5p\u00a0th\u00f4ng minh v\u00e0 ti\u1ebft ki\u1ec7m.<\/p>\n<h3>TU\u1ea6N HO\u00c0N T\u00c1I SINH ENMET<\/h3>\n<div>\n<figure id=\"attachment_64772\" aria-describedby=\"caption-attachment-64772\" style=\"width: 800px\" class=\"wp-caption alignnone\"><img loading=\"lazy\" decoding=\"async\" class=\"size-large wp-image-64772\" src=\"https:\/\/livinghome.vn\/thiet-bi\/wp-content\/uploads\/nha-bep\/texgio\/may-rua-chen-bat\/may-rua-chen-bat-gia-dinh-texgio-tg-tgwfs64b\/may-rua-chen-bat-gia-dinh-texgio-tg-tgwfs64b-4-800x800.jpg\" alt=\"M\u00e1y r\u1eeda ch\u00e9n b\u00e1t Texgio TG-TGWFS64B\" width=\"800\" height=\"800\" title=\"\"><figcaption id=\"caption-attachment-64772\" class=\"wp-caption-text\">M\u00e1y r\u1eeda ch\u00e9n b\u00e1t Texgio TG-TGWFS64B<\/figcaption><\/figure>\n<p>L\u1ecdc h\u1ebft\u00a0Canxi<sup>+<\/sup>, Magie<sup>+<\/sup>\u00a0trong n\u01b0\u1edbc.<br \/>\nKhi m\u00e1y \u0111\u00e3 \u0111\u01b0\u1ee3c x\u1eed l\u00fd n\u01b0\u1edbc m\u1ec1m c\u00f3 th\u1ec3 \u0111\u1ea1t \u0111\u1ed9 s\u1ea1ch t\u1edbi 99%, b\u1ea3o v\u1ec7 h\u1ec7 th\u1ed1ng, b\u1ea3o v\u1ec7 m\u00f4i tr\u01b0\u1eddng.<\/p>\n<\/div>\n<div>\n<h3>TRAO \u0110\u1ed4I L\u1eccC GI\u00d3 FRESH AIR<\/h3>\n<div>\n<figure id=\"attachment_64767\" aria-describedby=\"caption-attachment-64767\" style=\"width: 1020px\" class=\"wp-caption alignnone\"><img loading=\"lazy\" decoding=\"async\" class=\"size-large wp-image-64767\" src=\"https:\/\/livinghome.vn\/thiet-bi\/wp-content\/uploads\/nha-bep\/texgio\/may-rua-chen-bat\/may-rua-chen-bat-gia-dinh-texgio-tg-tgwfs64b\/may-rua-chen-bat-gia-dinh-texgio-tg-tgwfs64b-3-1067x800.jpg\" alt=\"M\u00e1y r\u1eeda ch\u00e9n b\u00e1t Texgio TG-TGWFS64B\" width=\"1020\" height=\"765\" title=\"\"><figcaption id=\"caption-attachment-64767\" class=\"wp-caption-text\">M\u00e1y r\u1eeda ch\u00e9n b\u00e1t Texgio TG-TGWFS64B<\/figcaption><\/figure>\n<p>H\u1ec7 th\u1ed1ng t\u1ea1o gi\u00f3 m\u1edbi Fresh Air ho\u1ea1t \u0111\u1ed9ng 5 ph\u00fat m\u1ed7i gi\u1edd l\u1ecdc t\u1ed1i \u01b0u kh\u00f4ng kh\u00ed trong l\u00e0nh b\u00ean trong khoang m\u00e1y.<\/p>\n<\/div>\n<div>\n<h3>T\u00cdCH H\u1ee2P CH\u1ee8C N\u0102NG 3 TRONG 1<\/h3>\n<div class=\"content-detail\">\n<figure id=\"attachment_64770\" aria-describedby=\"caption-attachment-64770\" style=\"width: 800px\" class=\"wp-caption alignnone\"><img loading=\"lazy\" decoding=\"async\" class=\"size-large wp-image-64770\" src=\"https:\/\/livinghome.vn\/thiet-bi\/wp-content\/uploads\/nha-bep\/texgio\/may-rua-chen-bat\/may-rua-chen-bat-gia-dinh-texgio-tg-tgwfs64b\/may-rua-chen-bat-gia-dinh-texgio-tg-tgwfs64b-6-800x800.jpg\" alt=\"M\u00e1y r\u1eeda ch\u00e9n b\u00e1t Texgio TG-TGWFS64B\" width=\"800\" height=\"800\" title=\"\"><figcaption id=\"caption-attachment-64770\" class=\"wp-caption-text\">M\u00e1y r\u1eeda ch\u00e9n b\u00e1t Texgio TG-TGWFS64B<\/figcaption><\/figure>\n<p>TGWFS64B l\u00e0 s\u1ef1 k\u1ebft h\u1ee3p ho\u00e0n h\u1ea3o 3 ch\u1ee9c n\u0103ng trong 1 s\u1ea3n ph\u1ea9m duy nh\u1ea5t.<\/p>\n<\/div>\n<div>\n<h3>K\u00cdCH TH\u01af\u1edaC L\u1eaeP \u0110\u1eb6T<\/h3>\n<figure id=\"attachment_64769\" aria-describedby=\"caption-attachment-64769\" style=\"width: 800px\" class=\"wp-caption alignnone\"><img loading=\"lazy\" decoding=\"async\" class=\"size-large wp-image-64769\" src=\"https:\/\/livinghome.vn\/thiet-bi\/wp-content\/uploads\/nha-bep\/texgio\/may-rua-chen-bat\/may-rua-chen-bat-gia-dinh-texgio-tg-tgwfs64b\/may-rua-chen-bat-gia-dinh-texgio-tg-tgwfs64b-7-800x800.jpg\" alt=\"M\u00e1y r\u1eeda ch\u00e9n b\u00e1t Texgio TG-TGWFS64B\" width=\"800\" height=\"800\" title=\"\"><figcaption id=\"caption-attachment-64769\" class=\"wp-caption-text\">M\u00e1y r\u1eeda ch\u00e9n b\u00e1t Texgio TG-TGWFS64B<\/figcaption><\/figure>\n<p>Tham kh\u1ea3o k\u00edch th\u01b0\u1edbc th\u00f4ng s\u1ed1 k\u1ef9 thu\u1eadt.<\/p>\n<\/div>\n<\/div>\n<\/div>\n","protected":false},"excerpt":{"rendered":"<p>M\u00e1y r\u1eeda ch\u00e9n Texgio TG-TGWFS64B dung t\u00edch 05 b\u1ed9 thi\u1ebft k\u1ebf k\u00ednh c\u01b0\u1eddng l\u1ef1c m\u00e0u \u0111en hi\u1ec7n \u0111\u1ea1i D\u00e2y chuy\u1ec1n s\u1ea3n xu\u1ea5t c\u00f4ng ngh\u1ec7 \u0110\u1ee9c \u00a0T\u00ednh n\u0103ng \u0111\u1eb7c bi\u1ec7t: S\u1ea5y PTC, Qu\u1ea1t Fresh Air, ExtraDrying, R\u1eeda rau qu\u1ea3,\u00a0Delay \u00a0C\u00f4ng ngh\u1ec7 s\u1ea5y:\u00a0PTC &#8211; Trung Qu\u1ed1c l\u00e0 Qu\u1ed1c gia duy nh\u1ea5t s\u00e1ng ch\u1ebf v\u00e0\u00a0\u00e1p d\u1ee5ng c\u00f4ng ngh\u1ec7 [&#8230;]\n","protected":false},"featured_media":5813,"comment_status":"open","ping_status":"closed","template":"","meta":[],"product_brand":[],"product_cat":[610,92,819,829,817,937,569],"product_tag":[93,579,576,574],"class_list":{"0":"post-5597","1":"product","2":"type-product","3":"status-publish","4":"has-post-thumbnail","6":"product_cat-may-rua-chen-bat-texgio","7":"product_cat-may-rua-chen-bat","8":"product_cat-may-rua-chen-bat-6-bo","9":"product_cat-may-rua-chen-bat-am-toan-phan","10":"product_cat-may-rua-chen-bat-mini","11":"product_cat-may-rua-chen-bat-tich-hop-chau-rua","12":"product_cat-thuong-hieu-texgio","13":"product_tag-may-rua-chen","14":"product_tag-may-rua-chen-5-bo","15":"product_tag-may-rua-chen-texgio","16":"product_tag-texgio","18":"first","19":"instock","20":"sale","21":"shipping-taxable","22":"purchasable","23":"product-type-simple"},"_links":{"self":[{"href":"https:\/\/livinghome.vn\/thiet-bi\/wp-json\/wp\/v2\/product\/5597","targetHints":{"allow":["GET"]}}],"collection":[{"href":"https:\/\/livinghome.vn\/thiet-bi\/wp-json\/wp\/v2\/product"}],"about":[{"href":"https:\/\/livinghome.vn\/thiet-bi\/wp-json\/wp\/v2\/types\/product"}],"replies":[{"embeddable":true,"href":"https:\/\/livinghome.vn\/thiet-bi\/wp-json\/wp\/v2\/comments?post=5597"}],"wp:featuredmedia":[{"embeddable":true,"href":"https:\/\/livinghome.vn\/thiet-bi\/wp-json\/wp\/v2\/media\/5813"}],"wp:attachment":[{"href":"https:\/\/livinghome.vn\/thiet-bi\/wp-json\/wp\/v2\/media?parent=5597"}],"wp:term":[{"taxonomy":"product_brand","embeddable":true,"href":"https:\/\/livinghome.vn\/thiet-bi\/wp-json\/wp\/v2\/product_brand?post=5597"},{"taxonomy":"product_cat","embeddable":true,"href":"https:\/\/livinghome.vn\/thiet-bi\/wp-json\/wp\/v2\/product_cat?post=5597"},{"taxonomy":"product_tag","embeddable":true,"href":"https:\/\/livinghome.vn\/thiet-bi\/wp-json\/wp\/v2\/product_tag?post=5597"}],"curies":[{"name":"wp","href":"https:\/\/api.w.org\/{rel}","templated":true}]}}