{"id":5595,"date":"2023-01-12T20:24:32","date_gmt":"2023-01-12T20:24:32","guid":{"rendered":"https:\/\/livinghome.vn\/thiet-bi\/?post_type=product&#038;p=5595"},"modified":"2024-11-29T14:19:19","modified_gmt":"2024-11-29T07:19:19","slug":"may-rua-chen-texgio-tg-dt2022a","status":"publish","type":"product","link":"https:\/\/livinghome.vn\/thiet-bi\/may-rua-chen-texgio-tg-dt2022a\/","title":{"rendered":"M\u00e1y R\u1eeda Ch\u00e9n Texgio TG-DT2022A \u0110\u1ec3 B\u00e0n Mini 6 B\u1ed9 12 L\u00edt N\u01b0\u1edbc"},"content":{"rendered":"<h2>M\u00e1y r\u1eeda ch\u00e9n Texgio TG-DT2022A dung t\u00edch 06 b\u1ed9 ki\u1ec3u d\u00e1ng m\u00e0u tr\u1eafng nh\u1ecf g\u1ecdn ti\u1ec7n l\u1ee3i<\/h2>\n<figure id=\"attachment_64641\" aria-describedby=\"caption-attachment-64641\" style=\"width: 800px\" class=\"wp-caption alignnone\"><img loading=\"lazy\" decoding=\"async\" class=\"size-large wp-image-64641\" src=\"https:\/\/livinghome.vn\/thiet-bi\/wp-content\/uploads\/nha-bep\/texgio\/may-rua-chen-bat\/may-rua-chen-bat-gia-dinh-texgio-tg-tgdt2022a\/may-rua-chen-bat-gia-dinh-texgio-tg-dt2022a-800x800.jpg\" alt=\"M\u00e1y r\u1eeda ch\u00e9n b\u00e1t Texgio TG-DT2022A\" width=\"800\" height=\"800\" title=\"\"><figcaption id=\"caption-attachment-64641\" class=\"wp-caption-text\">M\u00e1y r\u1eeda ch\u00e9n b\u00e1t Texgio TG-DT2022A<\/figcaption><\/figure>\n<ul>\n<li>D\u00e2y chuy\u1ec1n s\u1ea3n xu\u1ea5t c\u00f4ng ngh\u1ec7 \u0110\u1ee9c<\/li>\n<li>\u00a0C\u00f4ng ngh\u1ec7 s\u1ea5y:\u00a0Ng\u01b0ng t\u1ee5\u00a0\u200b\u200b<\/li>\n<li>\u00a0Dung t\u00edch: 6\u00a0B\u1ed9<\/li>\n<li>\u00a0Ki\u1ec3u d\u00e1ng: <a href=\"https:\/\/livinghome.vn\/thiet-bi\/may-rua-chen-bat\/\">M\u00e1y r\u1eeda ch\u00e9n \u0110\u1eb7t b\u00e0n\/B\u00e1n \u00e2m<\/a><\/li>\n<li>\u00a0Ch\u1ea5t li\u1ec7u: S\u01a1n T\u0129nh \u0110i\u1ec7n<\/li>\n<li>\u00a0\u0110i\u1ec1u khi\u1ec3n: C\u1ea3m \u1ee9ng<\/li>\n<li>\u00a0L\u01b0\u1ee3ng n\u01b0\u1edbc ti\u00eau th\u1ee5 : 7.2 L<\/li>\n<li>\u00a0\u0110\u1ed9 \u1ed3n :\u00a0&lt;48\u00a0Db<\/li>\n<li>\u00a0Ch\u1ee9c n\u0103ng t\u0103ng c\u01b0\u1eddng: Delay<\/li>\n<li>\u00a0K\u00edch th\u01b0\u1edbc s\u1ea3n ph\u1ea9m: C450 x R550 x S500 mm<\/li>\n<li>\u00a0B\u1ea3o H\u00e0nh\u00a05 n\u0103m<\/li>\n<li>\u00a0Ch\u01b0\u01a1ng tr\u00ecnh r\u1eeda: 5<\/li>\n<\/ul>\n<h3>\u0110I\u1ec0U KHI\u1ec2N C\u1ea2M \u1ee8NG HI\u1ec6N \u0110\u1ea0I<\/h3>\n<figure id=\"attachment_64646\" aria-describedby=\"caption-attachment-64646\" style=\"width: 1020px\" class=\"wp-caption alignnone\"><img loading=\"lazy\" decoding=\"async\" class=\"size-large wp-image-64646\" src=\"https:\/\/livinghome.vn\/thiet-bi\/wp-content\/uploads\/nha-bep\/texgio\/may-rua-chen-bat\/may-rua-chen-bat-gia-dinh-texgio-tg-tgdt2022a\/may-rua-chen-bat-gia-dinh-texgio-tg-dt2022a-1-1067x800.jpg\" alt=\"M\u00e1y r\u1eeda ch\u00e9n b\u00e1t Texgio TG-DT2022A\" width=\"1020\" height=\"765\" title=\"\"><figcaption id=\"caption-attachment-64646\" class=\"wp-caption-text\">M\u00e1y r\u1eeda ch\u00e9n b\u00e1t Texgio TG-DT2022A<\/figcaption><\/figure>\n<div class=\"content-detail\">\n<div id=\"Translation\">\n<div>Giao di\u1ec7n th\u00e2n thi\u1ec7n v\u1edbi ng\u01b0\u1eddi s\u1eed d\u1ee5ng<br \/>\nC\u00e1c ph\u00edm b\u1ea5m c\u1ea3m \u1ee9ng nh\u1ea1y b\u00e9n c\u00f9ng m\u00e0n hi\u1ec3n th\u1ecb LED \u0111\u01a1n gi\u1ea3n m\u00e0 sang tr\u1ecdng.<\/div>\n<div>\n<h3>H\u1eb8N GI\u1edc KH\u1edeI \u0110\u1ed8NG DELAY<\/h3>\n<div>\n<figure id=\"attachment_64647\" aria-describedby=\"caption-attachment-64647\" style=\"width: 1020px\" class=\"wp-caption alignnone\"><img loading=\"lazy\" decoding=\"async\" class=\"size-large wp-image-64647\" src=\"https:\/\/livinghome.vn\/thiet-bi\/wp-content\/uploads\/nha-bep\/texgio\/may-rua-chen-bat\/may-rua-chen-bat-gia-dinh-texgio-tg-tgdt2022a\/may-rua-chen-bat-gia-dinh-texgio-tg-dt2022a-2-1067x800.jpg\" alt=\"M\u00e1y r\u1eeda ch\u00e9n b\u00e1t Texgio TG-DT2022A\" width=\"1020\" height=\"765\" title=\"\"><figcaption id=\"caption-attachment-64647\" class=\"wp-caption-text\">M\u00e1y r\u1eeda ch\u00e9n b\u00e1t Texgio TG-DT2022A<\/figcaption><\/figure>\n<\/div>\n<div>B\u1ea1n c\u00f3 th\u1ec3 c\u00e0i \u0111\u1eb7t l\u1ecbch r\u1eeda b\u00e1t cho m\u00e1y\u00a0kh\u1edfi \u0111\u1ed9ng tr\u1ec5 l\u00ean t\u1edbi 24 ti\u1ebfng.<br \/>\nV\u1edbi t\u00ednh n\u0103ng n\u00e0y, b\u1ea1n c\u00f3 th\u1ec3 h\u1eb9n gi\u1edd r\u1eeda ban \u0111\u00eam, tr\u00e1nh gi\u1edd \u0111i\u1ec7n cao \u0111i\u1ec3m; ho\u1eb7c c\u00e0i \u0111\u1eb7t tr\u01b0\u1edbc \u0111\u1ec3 khi b\u1ea1n v\u1eafng nh\u00e0 m\u00e0 ng\u01b0\u1eddi nh\u00e0 l\u1ea1i kh\u00f4ng bi\u1ebft s\u1eed d\u1ee5ng (ng\u01b0\u1eddi cao tu\u1ed5i, tr\u1ebb em)<\/div>\n<div>\n<h3>R\u1eecA S\u1ea0CH RAU C\u1ee6 H\u1ea2I S\u1ea2N<\/h3>\n<figure id=\"attachment_64642\" aria-describedby=\"caption-attachment-64642\" style=\"width: 1020px\" class=\"wp-caption alignnone\"><img loading=\"lazy\" decoding=\"async\" class=\"size-large wp-image-64642\" src=\"https:\/\/livinghome.vn\/thiet-bi\/wp-content\/uploads\/nha-bep\/texgio\/may-rua-chen-bat\/may-rua-chen-bat-gia-dinh-texgio-tg-tgdt2022a\/may-rua-chen-bat-gia-dinh-texgio-tg-dt2022a-3-1067x800.jpg\" alt=\"M\u00e1y r\u1eeda ch\u00e9n b\u00e1t Texgio TG-DT2022A\" width=\"1020\" height=\"765\" title=\"\"><figcaption id=\"caption-attachment-64642\" class=\"wp-caption-text\">M\u00e1y r\u1eeda ch\u00e9n b\u00e1t Texgio TG-DT2022A<\/figcaption><\/figure>\n<p>V\u00ec k\u00edch th\u01b0\u1edbc nh\u1ecf g\u1ecdn, l\u01b0\u1ee3ng n\u01b0\u1edbc ti\u00eau th\u1ee5 \u00edt, ch\u01b0\u01a1ng tr\u00ecnh r\u1eeda tr\u00e1ng c\u1ee7a\u00a0M\u00e1y r\u1eeda b\u00e1t 6 b\u1ed9\u00a0TG-DT2022A\u00a0c\u00f3 th\u1ec3 s\u1eed d\u1ee5ng \u0111\u1ec3 r\u1eeda rau c\u1ee7 qu\u1ea3 v\u00e0 h\u1ea3i s\u1ea3n d\u1ec5 d\u00e0ng.<\/p>\n<h3>K\u00cdCH TH\u01af\u1edaC NH\u1ece G\u1eccN LINH HO\u1ea0T<\/h3>\n<div>\n<figure id=\"attachment_64639\" aria-describedby=\"caption-attachment-64639\" style=\"width: 1020px\" class=\"wp-caption alignnone\"><img loading=\"lazy\" decoding=\"async\" class=\"size-large wp-image-64639\" src=\"https:\/\/livinghome.vn\/thiet-bi\/wp-content\/uploads\/nha-bep\/texgio\/may-rua-chen-bat\/may-rua-chen-bat-gia-dinh-texgio-tg-tgdt2022a\/may-rua-chen-bat-gia-dinh-texgio-tg-dt2022a-4-1067x800.jpg\" alt=\"M\u00e1y r\u1eeda ch\u00e9n b\u00e1t Texgio TG-DT2022A\" width=\"1020\" height=\"765\" title=\"\"><figcaption id=\"caption-attachment-64639\" class=\"wp-caption-text\">M\u00e1y r\u1eeda ch\u00e9n b\u00e1t Texgio TG-DT2022A<\/figcaption><\/figure>\n<\/div>\n<div>K\u00edch th\u01b0\u1edbc m\u00e1y ch\u1ec9 S500 x R550 x C450<br \/>\nDung t\u00edch 6 b\u1ed9 ph\u00f9 h\u1ee3p v\u1edbi gia \u0111\u00ecnh nh\u1ecf \u00edt ng\u01b0\u1eddi ho\u1eb7c di\u1ec7n t\u00edch b\u1ebfp h\u1ea1n ch\u1ebf.<\/div>\n<div>\n<h3>G\u1ee2I \u00dd X\u1ebeP CH\u00c9N B\u00c1T<\/h3>\n<div class=\"content-detail\">\n<div>\n<figure id=\"attachment_64643\" aria-describedby=\"caption-attachment-64643\" style=\"width: 1020px\" class=\"wp-caption alignnone\"><img loading=\"lazy\" decoding=\"async\" class=\"size-large wp-image-64643\" src=\"https:\/\/livinghome.vn\/thiet-bi\/wp-content\/uploads\/nha-bep\/texgio\/may-rua-chen-bat\/may-rua-chen-bat-gia-dinh-texgio-tg-tgdt2022a\/may-rua-chen-bat-gia-dinh-texgio-tg-dt2022a-5-1067x800.jpg\" alt=\"M\u00e1y r\u1eeda ch\u00e9n b\u00e1t Texgio TG-DT2022A\" width=\"1020\" height=\"765\" title=\"\"><figcaption id=\"caption-attachment-64643\" class=\"wp-caption-text\">M\u00e1y r\u1eeda ch\u00e9n b\u00e1t Texgio TG-DT2022A<\/figcaption><\/figure>\n<\/div>\n<div id=\"Translation\">TG-DT2022A 1 gi\u00e0n + 1 gi\u1ecf \u0111\u0169a c\u00f3 th\u1ec3 x\u1ebfp \u0111\u01b0\u1ee3c th\u00eam n\u1ed3i ch\u1ea3o nh\u1ecf ph\u00f9 h\u1ee3p gia \u0111\u00ecnh \u00edt ng\u01b0\u1eddi.<\/div>\n<div>\n<h3>K\u00cdCH TH\u01af\u1edaC L\u1eaeP \u0110\u1eb6T<\/h3>\n<figure id=\"attachment_64644\" aria-describedby=\"caption-attachment-64644\" style=\"width: 1020px\" class=\"wp-caption alignnone\"><img loading=\"lazy\" decoding=\"async\" class=\"size-large wp-image-64644\" src=\"https:\/\/livinghome.vn\/thiet-bi\/wp-content\/uploads\/nha-bep\/texgio\/may-rua-chen-bat\/may-rua-chen-bat-gia-dinh-texgio-tg-tgdt2022a\/may-rua-chen-bat-gia-dinh-texgio-tg-dt2022a-6-1067x800.jpg\" alt=\"M\u00e1y r\u1eeda ch\u00e9n b\u00e1t Texgio TG-DT2022A\" width=\"1020\" height=\"765\" title=\"\"><figcaption id=\"caption-attachment-64644\" class=\"wp-caption-text\">M\u00e1y r\u1eeda ch\u00e9n b\u00e1t Texgio TG-DT2022A<\/figcaption><\/figure>\n<p>N\u1ebfu b\u1ea1n mu\u1ed1n l\u1eafp \u00e2m t\u1ee7, h\u00e3y tham kh\u1ea3o k\u00edch th\u01b0\u1edbc b\u1ea3n v\u1ebd<\/p>\n<\/div>\n<\/div>\n<\/div>\n<\/div>\n<\/div>\n<\/div>\n<\/div>\n","protected":false},"excerpt":{"rendered":"<p>M\u00e1y r\u1eeda ch\u00e9n Texgio TG-DT2022A dung t\u00edch 06 b\u1ed9 ki\u1ec3u d\u00e1ng m\u00e0u tr\u1eafng nh\u1ecf g\u1ecdn ti\u1ec7n l\u1ee3i D\u00e2y chuy\u1ec1n s\u1ea3n xu\u1ea5t c\u00f4ng ngh\u1ec7 \u0110\u1ee9c \u00a0C\u00f4ng ngh\u1ec7 s\u1ea5y:\u00a0Ng\u01b0ng t\u1ee5\u00a0\u200b\u200b \u00a0Dung t\u00edch: 6\u00a0B\u1ed9 \u00a0Ki\u1ec3u d\u00e1ng: M\u00e1y r\u1eeda ch\u00e9n \u0110\u1eb7t b\u00e0n\/B\u00e1n \u00e2m \u00a0Ch\u1ea5t li\u1ec7u: S\u01a1n T\u0129nh \u0110i\u1ec7n \u00a0\u0110i\u1ec1u khi\u1ec3n: C\u1ea3m \u1ee9ng \u00a0L\u01b0\u1ee3ng n\u01b0\u1edbc ti\u00eau th\u1ee5 : 7.2 L [&#8230;]\n","protected":false},"featured_media":5799,"comment_status":"open","ping_status":"closed","template":"","meta":[],"product_brand":[],"product_cat":[610,92,819,828,827,818,826,817,569],"product_tag":[93,476,481,576,574],"class_list":{"0":"post-5595","1":"product","2":"type-product","3":"status-publish","4":"has-post-thumbnail","6":"product_cat-may-rua-chen-bat-texgio","7":"product_cat-may-rua-chen-bat","8":"product_cat-may-rua-chen-bat-6-bo","9":"product_cat-may-rua-chen-bat-am-tu","10":"product_cat-may-rua-chen-bat-ban-am","11":"product_cat-may-rua-chen-bat-de-ban","12":"product_cat-may-rua-chen-bat-doc-lap","13":"product_cat-may-rua-chen-bat-mini","14":"product_cat-thuong-hieu-texgio","15":"product_tag-may-rua-chen","16":"product_tag-may-rua-chen-6-bo","17":"product_tag-may-rua-chen-ban-am","18":"product_tag-may-rua-chen-texgio","19":"product_tag-texgio","21":"first","22":"instock","23":"sale","24":"shipping-taxable","25":"purchasable","26":"product-type-simple"},"_links":{"self":[{"href":"https:\/\/livinghome.vn\/thiet-bi\/wp-json\/wp\/v2\/product\/5595","targetHints":{"allow":["GET"]}}],"collection":[{"href":"https:\/\/livinghome.vn\/thiet-bi\/wp-json\/wp\/v2\/product"}],"about":[{"href":"https:\/\/livinghome.vn\/thiet-bi\/wp-json\/wp\/v2\/types\/product"}],"replies":[{"embeddable":true,"href":"https:\/\/livinghome.vn\/thiet-bi\/wp-json\/wp\/v2\/comments?post=5595"}],"wp:featuredmedia":[{"embeddable":true,"href":"https:\/\/livinghome.vn\/thiet-bi\/wp-json\/wp\/v2\/media\/5799"}],"wp:attachment":[{"href":"https:\/\/livinghome.vn\/thiet-bi\/wp-json\/wp\/v2\/media?parent=5595"}],"wp:term":[{"taxonomy":"product_brand","embeddable":true,"href":"https:\/\/livinghome.vn\/thiet-bi\/wp-json\/wp\/v2\/product_brand?post=5595"},{"taxonomy":"product_cat","embeddable":true,"href":"https:\/\/livinghome.vn\/thiet-bi\/wp-json\/wp\/v2\/product_cat?post=5595"},{"taxonomy":"product_tag","embeddable":true,"href":"https:\/\/livinghome.vn\/thiet-bi\/wp-json\/wp\/v2\/product_tag?post=5595"}],"curies":[{"name":"wp","href":"https:\/\/api.w.org\/{rel}","templated":true}]}}