{"id":5594,"date":"2023-01-12T20:24:32","date_gmt":"2023-01-12T20:24:32","guid":{"rendered":"https:\/\/livinghome.vn\/thiet-bi\/?post_type=product&#038;p=5594"},"modified":"2024-11-29T14:19:19","modified_gmt":"2024-11-29T07:19:19","slug":"may-rua-chen-bat-mini-6-bo-texgio-tg-dt2026","status":"publish","type":"product","link":"https:\/\/livinghome.vn\/thiet-bi\/may-rua-chen-bat-mini-6-bo-texgio-tg-dt2026\/","title":{"rendered":"M\u00e1y R\u1eeda Ch\u00e9n B\u00e1t Mini 6 B\u1ed9 Texgio TG-DT2026, Tia UV, S\u1ea5y Kh\u00ed N\u00f3ng"},"content":{"rendered":"<h2>M\u00e1y r\u1eeda ch\u00e9n Texgio TG-DT2026 ki\u1ec3u d\u00e1ng nh\u1ecf g\u1ecdn dung t\u00edch 6 b\u1ed9 &#8211; 7 ch\u01b0\u01a1ng tr\u00ecnh r\u1eeda<\/h2>\n<figure id=\"attachment_64617\" aria-describedby=\"caption-attachment-64617\" style=\"width: 800px\" class=\"wp-caption alignnone\"><img loading=\"lazy\" decoding=\"async\" class=\"size-large wp-image-64617\" src=\"https:\/\/livinghome.vn\/thiet-bi\/wp-content\/uploads\/nha-bep\/texgio\/may-rua-chen-bat\/may-rua-chen-bat-gia-dinh-texgio-tg-tgdt2026\/may-rua-chen-bat-gia-dinh-texgio-tg-tgdt2026-800x800.jpg\" alt=\"M\u00e1y r\u1eeda ch\u00e9n b\u00e1t Texgio TG-DT2026\" width=\"800\" height=\"800\" title=\"\"><figcaption id=\"caption-attachment-64617\" class=\"wp-caption-text\">M\u00e1y r\u1eeda ch\u00e9n b\u00e1t Texgio TG-DT2026<\/figcaption><\/figure>\n<ul>\n<li>D\u00e2y chuy\u1ec1n s\u1ea3n xu\u1ea5t c\u00f4ng ngh\u1ec7 \u0110\u1ee9c<\/li>\n<li>\u00a0T\u00ednh n\u0103ng \u0111\u1eb7c bi\u1ec7t: S\u1ea5y B\u1ea3o Qu\u1ea3n, S\u1ea5y ExtraDrying, Di\u1ec7t khu\u1ea9n UV,\u00a0Delay<\/li>\n<li>\u00a0\u00a0C\u00f4ng ngh\u1ec7 s\u1ea5y:\u00a0S\u1ea5y\u00a0kh\u00ed n\u00f3ng\u00a0PTC &#8211; Trung Qu\u1ed1c l\u00e0 Qu\u1ed1c gia duy nh\u1ea5t s\u00e1ng ch\u1ebf v\u00e0\u00a0\u00e1p d\u1ee5ng c\u00f4ng ngh\u1ec7 s\u1ea5y PTC tr\u00ean th\u1ecb tr\u01b0\u1eddng hi\u1ec7n nay<\/li>\n<li>\u00a0Dung t\u00edch: 6\u00a0B\u1ed9<\/li>\n<li>\u00a0Ki\u1ec3u d\u00e1ng: <a href=\"https:\/\/livinghome.vn\/thiet-bi\/may-rua-chen-bat\/\">M\u00e1y r\u1eeda ch\u00e9n B\u00e1n \u00e2m t\u1ee7<\/a><\/li>\n<li>\u00a0Ch\u1ea5t li\u1ec7u: K\u00ednh c\u01b0\u1eddng l\u1ef1c\u00a0\u0111en<\/li>\n<li>\u00a0\u0110i\u1ec1u khi\u1ec3n: C\u1ea3m \u1ee9ng<\/li>\n<li>\u00a0L\u01b0\u1ee3ng n\u01b0\u1edbc ti\u00eau th\u1ee5 : 7.2\u00a0L<\/li>\n<li>\u00a0\u0110\u1ed9 \u1ed3n :\u00a0&lt;49\u00a0Db<\/li>\n<li>\u00a0K\u00edch th\u01b0\u1edbc s\u1ea3n ph\u1ea9m: C450 x R550 x S500 mm<\/li>\n<li>\u00a0B\u1ea3o H\u00e0nh5 n\u0103m<\/li>\n<li>\u00a0Ch\u01b0\u01a1ng tr\u00ecnh r\u1eeda: 7<\/li>\n<\/ul>\n<h3>S\u1ea4Y TURBO KH\u00cd N\u00d3NG HEAT DRYING<\/h3>\n<div>\n<div>\n<figure id=\"attachment_64616\" aria-describedby=\"caption-attachment-64616\" style=\"width: 1020px\" class=\"wp-caption alignnone\"><img loading=\"lazy\" decoding=\"async\" class=\"size-large wp-image-64616\" src=\"https:\/\/livinghome.vn\/thiet-bi\/wp-content\/uploads\/nha-bep\/texgio\/may-rua-chen-bat\/may-rua-chen-bat-gia-dinh-texgio-tg-tgdt2026\/may-rua-chen-bat-gia-dinh-texgio-tg-tgdt2026-3-1067x800.jpg\" alt=\"M\u00e1y r\u1eeda ch\u00e9n b\u00e1t Texgio TG-DT2026\" width=\"1020\" height=\"765\" title=\"\"><figcaption id=\"caption-attachment-64616\" class=\"wp-caption-text\">M\u00e1y r\u1eeda ch\u00e9n b\u00e1t Texgio TG-DT2026<\/figcaption><\/figure>\n<\/div>\n<div id=\"Translation\">S\u1eed d\u1ee5ng b\u1ed9 gia nhi\u1ec7t v\u00e0 qu\u1ea1t h\u00fat h\u01a1i \u1ea9m,\u00a0s\u1ea5y\u00a0b\u00e1t \u0111\u0129a t\u1ed1i \u01b0u,\u00a0ho\u00e0n h\u1ea3o nh\u1ea5t.<br \/>\nTurbo Heat Drying t\u1ef1 k\u00edch ho\u1ea1t sau ch\u01b0\u01a1ng tr\u00ecnh r\u1eeda.<\/p>\n<h3>B\u1ea2O QU\u1ea2N KHOANG M\u00c1Y STORAGE<\/h3>\n<figure id=\"attachment_64614\" aria-describedby=\"caption-attachment-64614\" style=\"width: 800px\" class=\"wp-caption alignnone\"><img loading=\"lazy\" decoding=\"async\" class=\"size-large wp-image-64614\" src=\"https:\/\/livinghome.vn\/thiet-bi\/wp-content\/uploads\/nha-bep\/texgio\/may-rua-chen-bat\/may-rua-chen-bat-gia-dinh-texgio-tg-tgdt2026\/may-rua-chen-bat-gia-dinh-texgio-tg-tgdt2026-1-800x800.jpg\" alt=\"M\u00e1y r\u1eeda ch\u00e9n b\u00e1t Texgio TG-DT2026\" width=\"800\" height=\"800\" title=\"\"><figcaption id=\"caption-attachment-64614\" class=\"wp-caption-text\">M\u00e1y r\u1eeda ch\u00e9n b\u00e1t Texgio TG-DT2026<\/figcaption><\/figure>\n<p>L\u01b0u th\u00f4ng kh\u00f4ng kh\u00ed khoang m\u00e1y, tr\u00e1nh vi khu\u1ea9n x\u00e2m nh\u1eadp v\u00e0 \u1ea9m m\u1ed1c, b\u1ea3o v\u1ec7 s\u1ee9c kh\u1ecfe c\u1ee7a c\u1ea3\u00a0gia \u0111\u00ecnh b\u1ea1n.<\/p>\n<p>Sau qu\u00e1 tr\u00ecnh s\u1ea5y, FAN t\u1ef1 \u0111\u1ed9ng ch\u1ea1y lu\u00e2n phi\u00ean 15 ph\u00fat m\u1ed7i 2\/4 ti\u1ebfng, ti\u1ebft ki\u1ec7m, h\u1ea1n ch\u1ebf \u0111i\u1ec7n n\u0103ng ti\u00eau th\u1ee5.<\/p>\n<h3>DI\u1ec6T KHU\u1ea8N TIA C\u1ef0C T\u00cdM<\/h3>\n<div>\n<figure id=\"attachment_64618\" aria-describedby=\"caption-attachment-64618\" style=\"width: 800px\" class=\"wp-caption alignnone\"><img loading=\"lazy\" decoding=\"async\" class=\"size-large wp-image-64618\" src=\"https:\/\/livinghome.vn\/thiet-bi\/wp-content\/uploads\/nha-bep\/texgio\/may-rua-chen-bat\/may-rua-chen-bat-gia-dinh-texgio-tg-tgdt2026\/may-rua-chen-bat-gia-dinh-texgio-tg-tgdt2026-4-800x800.jpg\" alt=\"M\u00e1y r\u1eeda ch\u00e9n b\u00e1t Texgio TG-DT2026\" width=\"800\" height=\"800\" title=\"\"><figcaption id=\"caption-attachment-64618\" class=\"wp-caption-text\">M\u00e1y r\u1eeda ch\u00e9n b\u00e1t Texgio TG-DT2026<\/figcaption><\/figure>\n<\/div>\n<div>Tia\u00a0UV ti\u00eau di\u1ec7t c\u1ea5u tr\u00fac t\u1ebf b\u00e0o DNA v\u00e0 RNA, v\u00e0 ng\u0103n c\u1ea3n\u00a0s\u1ef1 tr\u1edf l\u1ea1i c\u1ee7a si\u00eau vi.<br \/>\n\u0110\u00e8n\u00a0UV c\u00f3 th\u1ec3 trong c\u00e1c ch\u01b0\u01a1ng tr\u00ecnh r\u1eeda, Ch\u01b0\u01a1ng tr\u00ecnh r\u1eeda di\u1ec7t khu\u1ea9n\u00a0UV 55 ph\u00fat, d\u00e0nh ri\u00eang cho \u0111\u1ed3 em b\u00e9, d\u1ee5ng c\u1ee5 y t\u1ebf \u0111\u1ed3 l\u00e2u ng\u00e0y kh\u00f4ng s\u1eed d\u1ee5ng c\u1ea7n t\u1ea9y m\u1ed1c.<\/div>\n<div><\/div>\n<\/div>\n<\/div>\n<h3>R\u1eecA S\u1ea0CH RAU C\u1ee6 H\u1ea2I S\u1ea2N<\/h3>\n<figure id=\"attachment_64612\" aria-describedby=\"caption-attachment-64612\" style=\"width: 1020px\" class=\"wp-caption alignnone\"><img loading=\"lazy\" decoding=\"async\" class=\"size-large wp-image-64612\" src=\"https:\/\/livinghome.vn\/thiet-bi\/wp-content\/uploads\/nha-bep\/texgio\/may-rua-chen-bat\/may-rua-chen-bat-gia-dinh-texgio-tg-tgdt2026\/may-rua-chen-bat-gia-dinh-texgio-tg-tgdt2026-5-1067x800.jpg\" alt=\"M\u00e1y r\u1eeda ch\u00e9n b\u00e1t Texgio TG-DT2026\" width=\"1020\" height=\"765\" title=\"\"><figcaption id=\"caption-attachment-64612\" class=\"wp-caption-text\">M\u00e1y r\u1eeda ch\u00e9n b\u00e1t Texgio TG-DT2026<\/figcaption><\/figure>\n<p>V\u00ec k\u00edch th\u01b0\u1edbc nh\u1ecf g\u1ecdn, l\u01b0\u1ee3ng n\u01b0\u1edbc ti\u00eau th\u1ee5 \u00edt, ch\u01b0\u01a1ng tr\u00ecnh r\u1eeda tr\u00e1ng c\u1ee7a\u00a0TG-DT2026\u00a0c\u00f3 th\u1ec3 s\u1eed d\u1ee5ng \u0111\u1ec3 r\u1eeda rau c\u1ee7 qu\u1ea3 v\u00e0 h\u1ea3i s\u1ea3n d\u1ec5 d\u00e0ng.<\/p>\n<h3>G\u1ee2I \u00dd X\u1ebeP CH\u00c9N B\u00c1T<\/h3>\n<div class=\"content-detail\">\n<div>\n<figure id=\"attachment_64613\" aria-describedby=\"caption-attachment-64613\" style=\"width: 800px\" class=\"wp-caption alignnone\"><img loading=\"lazy\" decoding=\"async\" class=\"size-large wp-image-64613\" src=\"https:\/\/livinghome.vn\/thiet-bi\/wp-content\/uploads\/nha-bep\/texgio\/may-rua-chen-bat\/may-rua-chen-bat-gia-dinh-texgio-tg-tgdt2026\/may-rua-chen-bat-gia-dinh-texgio-tg-tgdt2026-6-800x800.jpg\" alt=\"M\u00e1y r\u1eeda ch\u00e9n b\u00e1t Texgio TG-DT2026\" width=\"800\" height=\"800\" title=\"\"><figcaption id=\"caption-attachment-64613\" class=\"wp-caption-text\">M\u00e1y r\u1eeda ch\u00e9n b\u00e1t Texgio TG-DT2026<\/figcaption><\/figure>\n<\/div>\n<div id=\"Translation\">M\u00e1y r\u1eeda b\u00e1t 6 b\u1ed9 TG-DT2026 1 gi\u00e0n + 1 gi\u1ecf \u0111\u0169ac\u00f3 th\u1ec3 x\u1ebfp \u0111\u01b0\u1ee3c th\u00eam n\u1ed3i ch\u1ea3o nh\u1ecf ph\u00f9 h\u1ee3p gia \u0111\u00ecnh \u00edt ng\u01b0\u1eddi.<\/div>\n<div>\n<h3>K\u00cdCH TH\u01af\u1edaC L\u1eaeP \u0110\u1eb6T<\/h3>\n<figure id=\"attachment_64619\" aria-describedby=\"caption-attachment-64619\" style=\"width: 800px\" class=\"wp-caption alignnone\"><img loading=\"lazy\" decoding=\"async\" class=\"size-large wp-image-64619\" src=\"https:\/\/livinghome.vn\/thiet-bi\/wp-content\/uploads\/nha-bep\/texgio\/may-rua-chen-bat\/may-rua-chen-bat-gia-dinh-texgio-tg-tgdt2026\/may-rua-chen-bat-gia-dinh-texgio-tg-tgdt2026-7-800x800.jpg\" alt=\"M\u00e1y r\u1eeda ch\u00e9n b\u00e1t Texgio TG-DT2026\" width=\"800\" height=\"800\" title=\"\"><figcaption id=\"caption-attachment-64619\" class=\"wp-caption-text\">M\u00e1y r\u1eeda ch\u00e9n b\u00e1t Texgio TG-DT2026<\/figcaption><\/figure>\n<p>N\u1ebfu b\u1ea1n mu\u1ed1n l\u1eafp \u00e2m t\u1ee7, h\u00e3y tham kh\u1ea3o k\u00edch th\u01b0\u1edbc b\u1ea3n v\u1ebd.<\/p>\n<\/div>\n<\/div>\n","protected":false},"excerpt":{"rendered":"<p>M\u00e1y r\u1eeda ch\u00e9n Texgio TG-DT2026 ki\u1ec3u d\u00e1ng nh\u1ecf g\u1ecdn dung t\u00edch 6 b\u1ed9 &#8211; 7 ch\u01b0\u01a1ng tr\u00ecnh r\u1eeda D\u00e2y chuy\u1ec1n s\u1ea3n xu\u1ea5t c\u00f4ng ngh\u1ec7 \u0110\u1ee9c \u00a0T\u00ednh n\u0103ng \u0111\u1eb7c bi\u1ec7t: S\u1ea5y B\u1ea3o Qu\u1ea3n, S\u1ea5y ExtraDrying, Di\u1ec7t khu\u1ea9n UV,\u00a0Delay \u00a0\u00a0C\u00f4ng ngh\u1ec7 s\u1ea5y:\u00a0S\u1ea5y\u00a0kh\u00ed n\u00f3ng\u00a0PTC &#8211; Trung Qu\u1ed1c l\u00e0 Qu\u1ed1c gia duy nh\u1ea5t s\u00e1ng ch\u1ebf v\u00e0\u00a0\u00e1p d\u1ee5ng c\u00f4ng ngh\u1ec7 [&#8230;]\n","protected":false},"featured_media":5791,"comment_status":"open","ping_status":"closed","template":"","meta":[],"product_brand":[],"product_cat":[610,92,819,827,818,826,817,569],"product_tag":[93,476,481,576,574],"class_list":{"0":"post-5594","1":"product","2":"type-product","3":"status-publish","4":"has-post-thumbnail","6":"product_cat-may-rua-chen-bat-texgio","7":"product_cat-may-rua-chen-bat","8":"product_cat-may-rua-chen-bat-6-bo","9":"product_cat-may-rua-chen-bat-ban-am","10":"product_cat-may-rua-chen-bat-de-ban","11":"product_cat-may-rua-chen-bat-doc-lap","12":"product_cat-may-rua-chen-bat-mini","13":"product_cat-thuong-hieu-texgio","14":"product_tag-may-rua-chen","15":"product_tag-may-rua-chen-6-bo","16":"product_tag-may-rua-chen-ban-am","17":"product_tag-may-rua-chen-texgio","18":"product_tag-texgio","20":"first","21":"instock","22":"sale","23":"shipping-taxable","24":"purchasable","25":"product-type-simple"},"_links":{"self":[{"href":"https:\/\/livinghome.vn\/thiet-bi\/wp-json\/wp\/v2\/product\/5594","targetHints":{"allow":["GET"]}}],"collection":[{"href":"https:\/\/livinghome.vn\/thiet-bi\/wp-json\/wp\/v2\/product"}],"about":[{"href":"https:\/\/livinghome.vn\/thiet-bi\/wp-json\/wp\/v2\/types\/product"}],"replies":[{"embeddable":true,"href":"https:\/\/livinghome.vn\/thiet-bi\/wp-json\/wp\/v2\/comments?post=5594"}],"wp:featuredmedia":[{"embeddable":true,"href":"https:\/\/livinghome.vn\/thiet-bi\/wp-json\/wp\/v2\/media\/5791"}],"wp:attachment":[{"href":"https:\/\/livinghome.vn\/thiet-bi\/wp-json\/wp\/v2\/media?parent=5594"}],"wp:term":[{"taxonomy":"product_brand","embeddable":true,"href":"https:\/\/livinghome.vn\/thiet-bi\/wp-json\/wp\/v2\/product_brand?post=5594"},{"taxonomy":"product_cat","embeddable":true,"href":"https:\/\/livinghome.vn\/thiet-bi\/wp-json\/wp\/v2\/product_cat?post=5594"},{"taxonomy":"product_tag","embeddable":true,"href":"https:\/\/livinghome.vn\/thiet-bi\/wp-json\/wp\/v2\/product_tag?post=5594"}],"curies":[{"name":"wp","href":"https:\/\/api.w.org\/{rel}","templated":true}]}}