{"id":5591,"date":"2023-01-12T20:24:32","date_gmt":"2023-01-12T20:24:32","guid":{"rendered":"https:\/\/livinghome.vn\/thiet-bi\/?post_type=product&#038;p=5591"},"modified":"2024-11-29T14:19:19","modified_gmt":"2024-11-29T07:19:19","slug":"may-rua-chen-texgio-tg-h595dt08b","status":"publish","type":"product","link":"https:\/\/livinghome.vn\/thiet-bi\/may-rua-chen-texgio-tg-h595dt08b\/","title":{"rendered":"M\u00e1y R\u1eeda Ch\u00e9n Texgio TG-H595DT08B B\u00e1n \u00c2m 11 B\u1ed9 8 L\u00edt N\u01b0\u1edbc"},"content":{"rendered":"<h2>M\u00e1y r\u1eeda ch\u00e9n Texgio TG-H595DT08B 11 B\u1ed9 r\u1eeda chuy\u00ean s\u00e2u &#8211; c\u00f4ng ngh\u1ec7 s\u1ea5y kh\u00ed n\u00f3ng PTC<\/h2>\n<figure id=\"attachment_64191\" aria-describedby=\"caption-attachment-64191\" style=\"width: 800px\" class=\"wp-caption alignnone\"><img loading=\"lazy\" decoding=\"async\" class=\"size-large wp-image-64191\" src=\"https:\/\/livinghome.vn\/thiet-bi\/wp-content\/uploads\/nha-bep\/texgio\/may-rua-chen-bat\/may-rua-chen-bat-gia-dinh-texgio-tg-h595dt08b\/may-rua-chen-bat-gia-dinh-texgio-tg-h595dt08b-800x800.jpg\" alt=\"M\u00e1y r\u1eeda ch\u00e9n b\u00e1t Texgio TG-H595DT08B\" width=\"800\" height=\"800\" title=\"\"><figcaption id=\"caption-attachment-64191\" class=\"wp-caption-text\">M\u00e1y r\u1eeda ch\u00e9n b\u00e1t Texgio TG-H595DT08B<\/figcaption><\/figure>\n<ul>\n<li>D\u00e2y chuy\u1ec1n s\u1ea3n xu\u1ea5t c\u00f4ng ngh\u1ec7 \u0110\u1ee9c<\/li>\n<li>\u00a0T\u00ednh n\u0103ng \u0111\u1eb7c bi\u1ec7t: R\u1eeda b\u00e1n t\u1ea3i 1\u20442, S\u1ea5y kh\u00f4\u00a0ExtraDrying, R\u1eeda s\u00e2u StrongWash,\u00a0Delay<\/li>\n<li>\u00a0C\u00f4ng ngh\u1ec7 s\u1ea5y:\u00a0T\u0103ng c\u01b0\u1eddng<\/li>\n<li>\u00a0Ch\u1ee9c n\u0103ng an to\u00e0n: Ch\u1ed1ng r\u00f2 r\u1ec9 AquaStop, Kh\u00f3a tr\u1ebb em<\/li>\n<li>\u00a0Dung t\u00edch: 8\u00a0B\u1ed9<\/li>\n<li>\u00a0Ki\u1ec3u d\u00e1ng: <a href=\"https:\/\/livinghome.vn\/thiet-bi\/may-rua-chen-bat\/\">M\u00e1y r\u1eeda ch\u00e9n \u0110\u1eb7t b\u00e0n\/ b\u00e1n \u00e2m t\u1ee7<\/a><\/li>\n<li>\u00a0Ch\u1ea5t li\u1ec7u: K\u00ednh c\u01b0\u1eddng l\u1ef1c\u00a0\u0111en<\/li>\n<li>\u00a0\u0110i\u1ec1u khi\u1ec3n: C\u1ea3m \u1ee9ng<\/li>\n<li>\u00a0L\u01b0\u1ee3ng n\u01b0\u1edbc ti\u00eau th\u1ee5 : 8\u00a0L<\/li>\n<li>\u00a0\u0110\u1ed9 \u1ed3n :\u00a0&lt;44\u00a0Db<\/li>\n<li>\u00a0K\u00edch th\u01b0\u1edbc s\u1ea3n ph\u1ea9m: C595\u00a0x R595\u00a0x S500\u00a0mm<\/li>\n<li>\u00a0B\u1ea3o H\u00e0nh\u00a05 n\u0103m<\/li>\n<li>\u00a0Ch\u01b0\u01a1ng tr\u00ecnh r\u1eeda: 6<\/li>\n<\/ul>\n<h3>C\u1ea2M BI\u1ebeN AQUASENSOR TH\u00d4NG MINH<\/h3>\n<figure id=\"attachment_64187\" aria-describedby=\"caption-attachment-64187\" style=\"width: 1020px\" class=\"wp-caption alignnone\"><img loading=\"lazy\" decoding=\"async\" class=\"size-large wp-image-64187\" src=\"https:\/\/livinghome.vn\/thiet-bi\/wp-content\/uploads\/nha-bep\/texgio\/may-rua-chen-bat\/may-rua-chen-bat-gia-dinh-texgio-tg-h595dt08b\/may-rua-chen-bat-gia-dinh-texgio-tg-h595dt08b-3-1067x800.jpg\" alt=\"M\u00e1y r\u1eeda ch\u00e9n b\u00e1t Texgio TG-H595DT08B\" width=\"1020\" height=\"765\" title=\"\"><figcaption id=\"caption-attachment-64187\" class=\"wp-caption-text\">M\u00e1y r\u1eeda ch\u00e9n b\u00e1t Texgio TG-H595DT08B<\/figcaption><\/figure>\n<div>\n<div id=\"Translation\">AquaSensor \u2122 r\u1eeda Auto t\u1ef1 \u0111\u1ed9ng c\u00e2n \u0111\u1ed1i, ti\u1ebft ki\u1ec7m \u0111\u1ebfn 20% cho to\u00e0n b\u1ed9 qu\u00e1 tr\u00ecnh r\u1eeda.<\/div>\n<div>\n<h3>S\u1ea4Y KH\u00d4 T\u0102NG C\u01af\u1edcNG EXTRADRYING<\/h3>\n<figure id=\"attachment_64192\" aria-describedby=\"caption-attachment-64192\" style=\"width: 800px\" class=\"wp-caption alignnone\"><img loading=\"lazy\" decoding=\"async\" class=\"size-large wp-image-64192\" src=\"https:\/\/livinghome.vn\/thiet-bi\/wp-content\/uploads\/nha-bep\/texgio\/may-rua-chen-bat\/may-rua-chen-bat-gia-dinh-texgio-tg-h595dt08b\/may-rua-chen-bat-gia-dinh-texgio-tg-h595dt08b-2-800x800.jpg\" alt=\"M\u00e1y r\u1eeda ch\u00e9n b\u00e1t Texgio TG-H595DT08B\" width=\"800\" height=\"800\" title=\"\"><figcaption id=\"caption-attachment-64192\" class=\"wp-caption-text\">M\u00e1y r\u1eeda ch\u00e9n b\u00e1t Texgio TG-H595DT08B<\/figcaption><\/figure>\n<div>M\u00e1y r\u1eeda ch\u00e9n 8 b\u1ed9\u00a0H595DT08B v\u1edbi t\u00ednh n\u0103ng ExtraDrying s\u1ea5y t\u0103ng c\u01b0\u1eddng gi\u00fap th\u00fac \u0111\u1ea9y kh\u1ea3 n\u0103ng bay h\u01a1i t\u1ed1i \u01b0u.<\/div>\n<div><\/div>\n<\/div>\n<\/div>\n<h3>R\u1eecA S\u00c2U T\u0102NG C\u01af\u1edcNG STRONGWASH<\/h3>\n<figure id=\"attachment_64186\" aria-describedby=\"caption-attachment-64186\" style=\"width: 800px\" class=\"wp-caption alignnone\"><img loading=\"lazy\" decoding=\"async\" class=\"size-large wp-image-64186\" src=\"https:\/\/livinghome.vn\/thiet-bi\/wp-content\/uploads\/nha-bep\/texgio\/may-rua-chen-bat\/may-rua-chen-bat-gia-dinh-texgio-tg-h595dt08b\/may-rua-chen-bat-gia-dinh-texgio-tg-h595dt08b-6-800x800.jpg\" alt=\"M\u00e1y r\u1eeda ch\u00e9n b\u00e1t Texgio TG-H595DT08B\" width=\"800\" height=\"800\" title=\"\"><figcaption id=\"caption-attachment-64186\" class=\"wp-caption-text\">M\u00e1y r\u1eeda ch\u00e9n b\u00e1t Texgio TG-H595DT08B<\/figcaption><\/figure>\n<div>S\u1eed d\u1ee5ng \u00e1p l\u1ef1c n\u01b0\u1edbc m\u1ea1nh, t\u0103ng th\u1eddi gian l\u00e0m s\u1ea1ch s\u00e2u 360<sup>o<\/sup>\u00a0b\u00e1t \u0111\u0129a,\u00a0\u0111\u00e1nh bay m\u1ecdi\u00a0v\u1ebft b\u1ea9n.<\/div>\n<div>\n<h3>R\u1eecA 1\/2 R\u00daT NG\u1eaeN TH\u1edcI GIAN<\/h3>\n<figure id=\"attachment_64188\" aria-describedby=\"caption-attachment-64188\" style=\"width: 1020px\" class=\"wp-caption alignnone\"><img loading=\"lazy\" decoding=\"async\" class=\"size-large wp-image-64188\" src=\"https:\/\/livinghome.vn\/thiet-bi\/wp-content\/uploads\/nha-bep\/texgio\/may-rua-chen-bat\/may-rua-chen-bat-gia-dinh-texgio-tg-h595dt08b\/may-rua-chen-bat-gia-dinh-texgio-tg-h595dt08b-5-1067x800.jpg\" alt=\"M\u00e1y r\u1eeda ch\u00e9n b\u00e1t Texgio TG-H595DT08B\" width=\"1020\" height=\"765\" title=\"\"><figcaption id=\"caption-attachment-64188\" class=\"wp-caption-text\">M\u00e1y r\u1eeda ch\u00e9n b\u00e1t Texgio TG-H595DT08B<\/figcaption><\/figure>\n<div>T\u00ednh n\u0103ng b\u00e1n t\u1ea3i 1\/2 s\u1ebd gi\u00fap b\u1ea1n ti\u1ebft ki\u1ec7m th\u1eddi gian v\u00e0 1 l\u01b0\u1ee3ng \u0111i\u1ec7n n\u01b0\u1edbc ti\u00eau th\u1ee5 khi l\u01b0\u1ee3ng b\u00e1t \u0111\u0129a kh\u00f4ng \u0111\u1ea7y t\u1ea3i, ho\u1eb7c khi b\u1ea1n c\u1ea7n r\u1eeda nhanh h\u01a1n.<\/div>\n<div>\n<h3>G\u1ee2I \u00dd X\u1ebeP CH\u00c9N B\u00c1T<\/h3>\n<figure id=\"attachment_64185\" aria-describedby=\"caption-attachment-64185\" style=\"width: 1020px\" class=\"wp-caption alignnone\"><img loading=\"lazy\" decoding=\"async\" class=\"size-large wp-image-64185\" src=\"https:\/\/livinghome.vn\/thiet-bi\/wp-content\/uploads\/nha-bep\/texgio\/may-rua-chen-bat\/may-rua-chen-bat-gia-dinh-texgio-tg-h595dt08b\/may-rua-chen-bat-gia-dinh-texgio-tg-h595dt08b-4-1067x800.jpg\" alt=\"M\u00e1y r\u1eeda ch\u00e9n b\u00e1t Texgio TG-H595DT08B\" width=\"1020\" height=\"765\" title=\"\"><figcaption id=\"caption-attachment-64185\" class=\"wp-caption-text\">M\u00e1y r\u1eeda ch\u00e9n b\u00e1t Texgio TG-H595DT08B<\/figcaption><\/figure>\n<div class=\"content-detail\">\n<div>M\u00e1y c\u00f3 2 gi\u00e0n r\u1eeda, 2 khay ph\u1ee5 ki\u1ec7n v\u00e0 1 gi\u1ecf \u0111\u0169a c\u00f3 th\u1ec3 th\u00e1o l\u1eafp linh \u0111\u1ed9ng t\u00f9y theo nhu c\u1ea7u s\u1eed d\u1ee5ng.<\/div>\n<div>Gi\u00e0n d\u01b0\u1edbi \u01b0u ti\u00ean x\u1ebfp \u0111\u1ed3 to nh\u01b0 xoong n\u1ed3i, ch\u1ea3o, \u0111\u0129a s\u00e2u..<\/div>\n<div>Gi\u00e0n tr\u00ean c\u00f3 nan d\u1ed1c x\u1ebfp\u00a0b\u00e1t con, b\u00e1t t\u00f4.<\/div>\n<div>\n<h3>K\u00cdCH TH\u01af\u1edaC L\u1eaeP \u0110\u1eb6T<\/h3>\n<figure id=\"attachment_64189\" aria-describedby=\"caption-attachment-64189\" style=\"width: 800px\" class=\"wp-caption alignnone\"><img loading=\"lazy\" decoding=\"async\" class=\"size-large wp-image-64189\" src=\"https:\/\/livinghome.vn\/thiet-bi\/wp-content\/uploads\/nha-bep\/texgio\/may-rua-chen-bat\/may-rua-chen-bat-gia-dinh-texgio-tg-h595dt08b\/may-rua-chen-bat-gia-dinh-texgio-tg-h595dt08b-7-800x800.jpg\" alt=\"M\u00e1y r\u1eeda ch\u00e9n b\u00e1t Texgio TG-H595DT08B\" width=\"800\" height=\"800\" title=\"\"><figcaption id=\"caption-attachment-64189\" class=\"wp-caption-text\">M\u00e1y r\u1eeda ch\u00e9n b\u00e1t Texgio TG-H595DT08B<\/figcaption><\/figure>\n<p>N\u1ebfu b\u1ea1n mu\u1ed1n l\u1eafp \u00e2m t\u1ee7, h\u00e3y tham kh\u1ea3o k\u00edch th\u01b0\u1edbc b\u1ea3n v\u1ebd.<\/p>\n<\/div>\n<\/div>\n<\/div>\n<\/div>\n","protected":false},"excerpt":{"rendered":"<p>M\u00e1y r\u1eeda ch\u00e9n Texgio TG-H595DT08B 11 B\u1ed9 r\u1eeda chuy\u00ean s\u00e2u &#8211; c\u00f4ng ngh\u1ec7 s\u1ea5y kh\u00ed n\u00f3ng PTC D\u00e2y chuy\u1ec1n s\u1ea3n xu\u1ea5t c\u00f4ng ngh\u1ec7 \u0110\u1ee9c \u00a0T\u00ednh n\u0103ng \u0111\u1eb7c bi\u1ec7t: R\u1eeda b\u00e1n t\u1ea3i 1\u20442, S\u1ea5y kh\u00f4\u00a0ExtraDrying, R\u1eeda s\u00e2u StrongWash,\u00a0Delay \u00a0C\u00f4ng ngh\u1ec7 s\u1ea5y:\u00a0T\u0103ng c\u01b0\u1eddng \u00a0Ch\u1ee9c n\u0103ng an to\u00e0n: Ch\u1ed1ng r\u00f2 r\u1ec9 AquaStop, Kh\u00f3a tr\u1ebb em \u00a0Dung t\u00edch: 8\u00a0B\u1ed9 [&#8230;]\n","protected":false},"featured_media":5768,"comment_status":"open","ping_status":"closed","template":"","meta":[],"product_brand":[],"product_cat":[610,92,820,828,827,818,826,817,569],"product_tag":[93,235,481,576,574],"class_list":{"0":"post-5591","1":"product","2":"type-product","3":"status-publish","4":"has-post-thumbnail","6":"product_cat-may-rua-chen-bat-texgio","7":"product_cat-may-rua-chen-bat","8":"product_cat-may-rua-chen-bat-12-bo","9":"product_cat-may-rua-chen-bat-am-tu","10":"product_cat-may-rua-chen-bat-ban-am","11":"product_cat-may-rua-chen-bat-de-ban","12":"product_cat-may-rua-chen-bat-doc-lap","13":"product_cat-may-rua-chen-bat-mini","14":"product_cat-thuong-hieu-texgio","15":"product_tag-may-rua-chen","16":"product_tag-may-rua-chen-8-bo","17":"product_tag-may-rua-chen-ban-am","18":"product_tag-may-rua-chen-texgio","19":"product_tag-texgio","21":"first","22":"instock","23":"sale","24":"shipping-taxable","25":"purchasable","26":"product-type-simple"},"_links":{"self":[{"href":"https:\/\/livinghome.vn\/thiet-bi\/wp-json\/wp\/v2\/product\/5591","targetHints":{"allow":["GET"]}}],"collection":[{"href":"https:\/\/livinghome.vn\/thiet-bi\/wp-json\/wp\/v2\/product"}],"about":[{"href":"https:\/\/livinghome.vn\/thiet-bi\/wp-json\/wp\/v2\/types\/product"}],"replies":[{"embeddable":true,"href":"https:\/\/livinghome.vn\/thiet-bi\/wp-json\/wp\/v2\/comments?post=5591"}],"wp:featuredmedia":[{"embeddable":true,"href":"https:\/\/livinghome.vn\/thiet-bi\/wp-json\/wp\/v2\/media\/5768"}],"wp:attachment":[{"href":"https:\/\/livinghome.vn\/thiet-bi\/wp-json\/wp\/v2\/media?parent=5591"}],"wp:term":[{"taxonomy":"product_brand","embeddable":true,"href":"https:\/\/livinghome.vn\/thiet-bi\/wp-json\/wp\/v2\/product_brand?post=5591"},{"taxonomy":"product_cat","embeddable":true,"href":"https:\/\/livinghome.vn\/thiet-bi\/wp-json\/wp\/v2\/product_cat?post=5591"},{"taxonomy":"product_tag","embeddable":true,"href":"https:\/\/livinghome.vn\/thiet-bi\/wp-json\/wp\/v2\/product_tag?post=5591"}],"curies":[{"name":"wp","href":"https:\/\/api.w.org\/{rel}","templated":true}]}}