{"id":5590,"date":"2023-01-12T20:24:32","date_gmt":"2023-01-12T20:24:32","guid":{"rendered":"https:\/\/livinghome.vn\/thiet-bi\/?post_type=product&#038;p=5590"},"modified":"2024-11-29T14:19:19","modified_gmt":"2024-11-29T07:19:19","slug":"may-rua-chen-texgio-tg-dt2028","status":"publish","type":"product","link":"https:\/\/livinghome.vn\/thiet-bi\/may-rua-chen-texgio-tg-dt2028\/","title":{"rendered":"M\u00e1y R\u1eeda Ch\u00e9n Texgio TG-DT2028 \u0110\u1ec3 B\u00e0n 11 B\u1ed9 9 L\u00edt N\u01b0\u1edbc"},"content":{"rendered":"<h2>M\u00e1y r\u1eeda ch\u00e9n gia \u0111\u00ecnh Texgio TG-DT2028 11 B\u1ed9 thi\u1ebft k\u1ebf ki\u1ec3u d\u00e1ng b\u00e1n \u00e2m m\u00e0u tr\u1eafng thanh l\u1ecbch<\/h2>\n<figure id=\"attachment_64175\" aria-describedby=\"caption-attachment-64175\" style=\"width: 1020px\" class=\"wp-caption alignnone\"><img loading=\"lazy\" decoding=\"async\" class=\"size-large wp-image-64175\" src=\"https:\/\/livinghome.vn\/thiet-bi\/wp-content\/uploads\/nha-bep\/texgio\/may-rua-chen-bat\/may-rua-chen-bat-gia-dinh-texgio-tg-tgdt2028\/may-rua-chen-bat-gia-dinh-texgio-tg-tgdt2028-1-1067x800.jpg\" alt=\"M\u00e1y r\u1eeda ch\u00e9n gia \u0111\u00ecnh Texgio TG-DT2028\" width=\"1020\" height=\"765\" title=\"\"><figcaption id=\"caption-attachment-64175\" class=\"wp-caption-text\">M\u00e1y r\u1eeda ch\u00e9n gia \u0111\u00ecnh Texgio TG-DT2028<\/figcaption><\/figure>\n<ul>\n<li>D\u00e2y chuy\u1ec1n s\u1ea3n xu\u1ea5t c\u00f4ng ngh\u1ec7 \u0110\u1ee9c<\/li>\n<li>\u00a0T\u00ednh n\u0103ng \u0111\u1eb7c bi\u1ec7t:\u00a0S\u1ea5y ExtraDrying, UV, T\u1ef1 h\u00e9 c\u1eeda, B\u1ea3o Qu\u1ea3n, R\u1eeda rau qu\u1ea3 35<sup>o<\/sup>C,\u00a0Delay<\/li>\n<li>\u00a0C\u00f4ng ngh\u1ec7 s\u1ea5y:\u00a0S\u1ea5y\u00a0kh\u00ed n\u00f3ng\u00a0PTC &#8211; Trung Qu\u1ed1c l\u00e0 Qu\u1ed1c gia duy nh\u1ea5t s\u00e1ng ch\u1ebf v\u00e0\u00a0\u00e1p d\u1ee5ng c\u00f4ng ngh\u1ec7 s\u1ea5y PTC tr\u00ean th\u1ecb tr\u01b0\u1eddng hi\u1ec7n nay<\/li>\n<li>\u00a0Ch\u1ee9c n\u0103ng an to\u00e0n: Ch\u1ed1ng r\u00f2 r\u1ec9 n\u01b0\u1edbc AquaStop, Kh\u00f3a tr\u1ebb em<\/li>\n<li>\u00a0Dung t\u00edch: 11 B\u1ed9<\/li>\n<li>\u00a0Ki\u1ec3u d\u00e1ng: <a href=\"https:\/\/livinghome.vn\/thiet-bi\/may-rua-chen-bat\/\">M\u00e1y r\u1eeda ch\u00e9n \u0110\u1eb7t b\u00e0n\/B\u00e1n \u00e2m<\/a><\/li>\n<li>\u00a0Ch\u1ea5t li\u1ec7u: S\u01a1n T\u0129nh \u0110i\u1ec7n<\/li>\n<li>\u00a0\u0110i\u1ec1u khi\u1ec3n: C\u1ea3m \u1ee9ng<\/li>\n<li>\u00a0L\u01b0\u1ee3ng n\u01b0\u1edbc ti\u00eau th\u1ee5 : 9L<\/li>\n<li>\u00a0\u0110\u1ed9 \u1ed3n :\u00a0&lt;48\u00a0Db<\/li>\n<li>\u00a0K\u00edch th\u01b0\u1edbc s\u1ea3n ph\u1ea9m: C600 x R550\u00a0x S525\u00a0mm<\/li>\n<li>\u00a0B\u1ea3o H\u00e0nh 5 n\u0103m<\/li>\n<li>\u00a0Ch\u01b0\u01a1ng tr\u00ecnh r\u1eeda: 6<\/li>\n<\/ul>\n<h3>C\u00d4NG NGH\u1ec6 S\u1ea4Y KH\u00cd N\u00d3NG HEATDRYING<\/h3>\n<figure id=\"attachment_64171\" aria-describedby=\"caption-attachment-64171\" style=\"width: 1020px\" class=\"wp-caption alignnone\"><img loading=\"lazy\" decoding=\"async\" class=\"size-large wp-image-64171\" src=\"https:\/\/livinghome.vn\/thiet-bi\/wp-content\/uploads\/nha-bep\/texgio\/may-rua-chen-bat\/may-rua-chen-bat-gia-dinh-texgio-tg-tgdt2028\/may-rua-chen-bat-gia-dinh-texgio-tg-tgdt2028-2-1067x800.jpg\" alt=\"M\u00e1y r\u1eeda ch\u00e9n gia \u0111\u00ecnh Texgio TG-DT2028\" width=\"1020\" height=\"765\" title=\"\"><figcaption id=\"caption-attachment-64171\" class=\"wp-caption-text\">M\u00e1y r\u1eeda ch\u00e9n gia \u0111\u00ecnh Texgio TG-DT2028<\/figcaption><\/figure>\n<div>\n<div id=\"Translation\">S\u1eed d\u1ee5ng b\u1ed9 ph\u1eadn gia nhi\u1ec7t v\u00e0 qu\u1ea1t \u0111\u1ec3 h\u00fat h\u01a1i \u1ea9m, l\u00e0m kh\u00f4 b\u00e1t \u0111\u0129a t\u1ed1i \u01b0u,\u00a0ho\u00e0n h\u1ea3o nh\u1ea5t.<br \/>\nTurbo Heat Drying t\u1ef1 k\u00edch ho\u1ea1t sau ch\u01b0\u01a1ng tr\u00ecnh r\u1eeda.<\/div>\n<div>\n<h3>DI\u1ec6T KHU\u1ea8N TIA C\u01afC T\u00cdM<\/h3>\n<div>\n<figure id=\"attachment_64176\" aria-describedby=\"caption-attachment-64176\" style=\"width: 1020px\" class=\"wp-caption alignnone\"><img loading=\"lazy\" decoding=\"async\" class=\"size-large wp-image-64176\" src=\"https:\/\/livinghome.vn\/thiet-bi\/wp-content\/uploads\/nha-bep\/texgio\/may-rua-chen-bat\/may-rua-chen-bat-gia-dinh-texgio-tg-tgdt2028\/may-rua-chen-bat-gia-dinh-texgio-tg-tgdt2028-3-1067x800.jpg\" alt=\"M\u00e1y r\u1eeda ch\u00e9n gia \u0111\u00ecnh Texgio TG-DT2028\" width=\"1020\" height=\"765\" title=\"\"><figcaption id=\"caption-attachment-64176\" class=\"wp-caption-text\">M\u00e1y r\u1eeda ch\u00e9n gia \u0111\u00ecnh Texgio TG-DT2028<\/figcaption><\/figure>\n<p>Tia\u00a0UV ti\u00eau di\u1ec7t c\u1ea5u tr\u00fac t\u1ebf b\u00e0o DNA v\u00e0 RNA, v\u00e0 ng\u0103n c\u1ea3n\u00a0s\u1ef1 tr\u1edf l\u1ea1i c\u1ee7a si\u00eau vi.<\/p>\n<h3>H\u1ec6 TH\u1ed0NG FAN L\u01afU TH\u00d4NG LU\u00c2N PHI\u00caN<\/h3>\n<figure id=\"attachment_64172\" aria-describedby=\"caption-attachment-64172\" style=\"width: 800px\" class=\"wp-caption alignnone\"><img loading=\"lazy\" decoding=\"async\" class=\"size-large wp-image-64172\" src=\"https:\/\/livinghome.vn\/thiet-bi\/wp-content\/uploads\/nha-bep\/texgio\/may-rua-chen-bat\/may-rua-chen-bat-gia-dinh-texgio-tg-tgdt2028\/may-rua-chen-bat-gia-dinh-texgio-tg-tgdt2028-4-800x800.jpg\" alt=\"M\u00e1y r\u1eeda ch\u00e9n gia \u0111\u00ecnh Texgio TG-DT2028\" width=\"800\" height=\"800\" title=\"\"><figcaption id=\"caption-attachment-64172\" class=\"wp-caption-text\">M\u00e1y r\u1eeda ch\u00e9n gia \u0111\u00ecnh Texgio TG-DT2028<\/figcaption><\/figure>\n<div>\n<p>L\u01b0u th\u00f4ng kh\u00f4ng kh\u00ed trong khoang m\u00e1y, tr\u00e1nh vi khu\u1ea9n x\u00e2m nh\u1eadp v\u00e0 ph\u00e1t tri\u1ec3n g\u00e2y \u1ea9m m\u1ed1c, b\u1ea3o v\u1ec7 s\u1ee9c kh\u1ecfe c\u1ee7a c\u1ea3\u00a0gia \u0111\u00ecnh b\u1ea1n.<\/p>\n<p>Sau khi k\u1ebft th\u00fac qu\u00e1 tr\u00ecnh s\u1ea5y,FAN s\u1ebd t\u1ef1 \u0111\u1ed9ng ch\u1ea1y lu\u00e2n phi\u00ean 15 ph\u00fat m\u1ed7i 2\/4 ti\u1ebfng 1 l\u1ea7n, l\u01b0\u1ee3ng \u0111i\u1ec7n ti\u00eau th\u1ee5 c\u1ef1c k\u1ef3 t\u1ed1i \u01b0u v\u00e0 ti\u1ebft ki\u1ec7m.<\/p>\n<h3>T\u1ef0 \u0110\u1ed8NG H\u00c9 C\u1eecA AUTO DOOR<\/h3>\n<figure id=\"attachment_64182\" aria-describedby=\"caption-attachment-64182\" style=\"width: 800px\" class=\"wp-caption alignnone\"><img loading=\"lazy\" decoding=\"async\" class=\"size-large wp-image-64182\" src=\"https:\/\/livinghome.vn\/thiet-bi\/wp-content\/uploads\/nha-bep\/texgio\/may-rua-chen-bat\/may-rua-chen-bat-gia-dinh-texgio-tg-tgdt2028\/may-rua-chen-bat-gia-dinh-texgio-tg-tgdt2028-8-800x800.jpg\" alt=\"M\u00e1y r\u1eeda ch\u00e9n gia \u0111\u00ecnh Texgio TG-DT2028\" width=\"800\" height=\"800\" title=\"\"><figcaption id=\"caption-attachment-64182\" class=\"wp-caption-text\">M\u00e1y r\u1eeda ch\u00e9n gia \u0111\u00ecnh Texgio TG-DT2028<\/figcaption><\/figure>\n<p>Sau khi k\u1ebft th\u00fac chu tr\u00ecnh r\u1eeda, m\u00e1y s\u1ebd t\u1ef1 \u0111\u1ed9ng h\u00e9 m\u1edf c\u1eeda, t\u1ea3n nhi\u1ec7t t\u1ef1 nhi\u00ean ra m\u00f4i tr\u01b0\u1eddng xung quanh, gi\u00fap hong kh\u00f4 ch\u00e9n \u0111\u0129a t\u1ed1i \u01b0u.<\/p>\n<h3>R\u1eecA TR\u00c1I C\u00c2Y FRUIT 35<sup>o<\/sup>C<\/h3>\n<div><img loading=\"lazy\" decoding=\"async\" class=\"alignnone size-large wp-image-64181\" src=\"https:\/\/livinghome.vn\/thiet-bi\/wp-content\/uploads\/nha-bep\/texgio\/may-rua-chen-bat\/may-rua-chen-bat-gia-dinh-texgio-tg-tgdt2028\/may-rua-chen-bat-gia-dinh-texgio-tg-tgdt2028-7-1067x800.jpg\" alt=\"may rua chen bat gia dinh texgio tg tgdt2028 7\" width=\"1020\" height=\"765\" title=\"\"><\/div>\n<div>M\u00e1y r\u1eeda ch\u00e9n 11 b\u1ed9 TG-DT2028\u00a0c\u00f3 ch\u01b0\u01a1ng tr\u00ecnh\u00a0Fruit<\/div>\n<div>M\u00e1y s\u1ebd x\u1eed l\u00fd d\u01b0 l\u01b0\u1ee3ng ch\u1ea5t b\u1ea3o qu\u1ea3n th\u1ef1c v\u1eadt, kh\u00f4ng l\u00e0m \u1ea3nh h\u01b0\u1edfng t\u1edbi s\u1ef1 t\u01b0\u01a1i m\u1edbi c\u1ee7a rau c\u1ee7 qu\u1ea3.<\/div>\n<div>\n<h3>THI\u1ebeT K\u1ebe X\u1ebeP CH\u00c9N B\u00c1T KI\u1ec2U CH\u00c2U \u00c1<\/h3>\n<figure id=\"attachment_64174\" aria-describedby=\"caption-attachment-64174\" style=\"width: 800px\" class=\"wp-caption alignnone\"><img loading=\"lazy\" decoding=\"async\" class=\"size-large wp-image-64174\" src=\"https:\/\/livinghome.vn\/thiet-bi\/wp-content\/uploads\/nha-bep\/texgio\/may-rua-chen-bat\/may-rua-chen-bat-gia-dinh-texgio-tg-tgdt2028\/may-rua-chen-bat-gia-dinh-texgio-tg-tgdt2028-5-800x800.jpg\" alt=\"M\u00e1y r\u1eeda ch\u00e9n gia \u0111\u00ecnh Texgio TG-DT2028\" width=\"800\" height=\"800\" title=\"\"><figcaption id=\"caption-attachment-64174\" class=\"wp-caption-text\">M\u00e1y r\u1eeda ch\u00e9n gia \u0111\u00ecnh Texgio TG-DT2028<\/figcaption><\/figure>\n<p>2 gi\u00e0n r\u1eeda + 1 gi\u1ecf \u0111\u0169a, c\u00e1c nan g\u1eadp linh ho\u1ea1t<br \/>\nGi\u00e0n d\u01b0\u1edbi \u01b0u ti\u00ean x\u1ebfp \u0111\u1ed3 to nh\u01b0 xoong n\u1ed3i, ch\u1ea3o, \u0111\u0129a s\u00e2u..<br \/>\nGi\u00e0n tr\u00ean c\u00f3 nan d\u1ed1c x\u1ebfp\u00a0b\u00e1t con, b\u00e1t t\u00f4.<\/p>\n<\/div>\n<div>\n<h3>K\u00cdCH TH\u01af\u1edaC L\u1eaeP \u0110\u1eb6T<\/h3>\n<div class=\"content-detail\">\n<div id=\"Translation\">\n<figure id=\"attachment_64170\" aria-describedby=\"caption-attachment-64170\" style=\"width: 1020px\" class=\"wp-caption alignnone\"><img loading=\"lazy\" decoding=\"async\" class=\"size-large wp-image-64170\" src=\"https:\/\/livinghome.vn\/thiet-bi\/wp-content\/uploads\/nha-bep\/texgio\/may-rua-chen-bat\/may-rua-chen-bat-gia-dinh-texgio-tg-tgdt2028\/may-rua-chen-bat-gia-dinh-texgio-tg-tgdt2028-6-1067x800.jpg\" alt=\"M\u00e1y r\u1eeda ch\u00e9n gia \u0111\u00ecnh Texgio TG-DT2028\" width=\"1020\" height=\"765\" title=\"\"><figcaption id=\"caption-attachment-64170\" class=\"wp-caption-text\">M\u00e1y r\u1eeda ch\u00e9n gia \u0111\u00ecnh Texgio TG-DT2028<\/figcaption><\/figure>\n<p>N\u1ebfu b\u1ea1n mu\u1ed1n l\u1eafp \u00e2m t\u1ee7, h\u00e3y tham kh\u1ea3o k\u00edch th\u01b0\u1edbc b\u1ea3n v\u1ebd.<\/p>\n<\/div>\n<\/div>\n<\/div>\n<\/div>\n<\/div>\n<\/div>\n<\/div>\n","protected":false},"excerpt":{"rendered":"<p>M\u00e1y r\u1eeda ch\u00e9n gia \u0111\u00ecnh Texgio TG-DT2028 11 B\u1ed9 thi\u1ebft k\u1ebf ki\u1ec3u d\u00e1ng b\u00e1n \u00e2m m\u00e0u tr\u1eafng thanh l\u1ecbch D\u00e2y chuy\u1ec1n s\u1ea3n xu\u1ea5t c\u00f4ng ngh\u1ec7 \u0110\u1ee9c \u00a0T\u00ednh n\u0103ng \u0111\u1eb7c bi\u1ec7t:\u00a0S\u1ea5y ExtraDrying, UV, T\u1ef1 h\u00e9 c\u1eeda, B\u1ea3o Qu\u1ea3n, R\u1eeda rau qu\u1ea3 35oC,\u00a0Delay \u00a0C\u00f4ng ngh\u1ec7 s\u1ea5y:\u00a0S\u1ea5y\u00a0kh\u00ed n\u00f3ng\u00a0PTC &#8211; Trung Qu\u1ed1c l\u00e0 Qu\u1ed1c gia duy nh\u1ea5t s\u00e1ng ch\u1ebf [&#8230;]\n","protected":false},"featured_media":5759,"comment_status":"open","ping_status":"closed","template":"","meta":[],"product_brand":[],"product_cat":[610,92,820,828,827,818,826,817,569],"product_tag":[93,575,481,576,574],"class_list":{"0":"post-5590","1":"product","2":"type-product","3":"status-publish","4":"has-post-thumbnail","6":"product_cat-may-rua-chen-bat-texgio","7":"product_cat-may-rua-chen-bat","8":"product_cat-may-rua-chen-bat-12-bo","9":"product_cat-may-rua-chen-bat-am-tu","10":"product_cat-may-rua-chen-bat-ban-am","11":"product_cat-may-rua-chen-bat-de-ban","12":"product_cat-may-rua-chen-bat-doc-lap","13":"product_cat-may-rua-chen-bat-mini","14":"product_cat-thuong-hieu-texgio","15":"product_tag-may-rua-chen","16":"product_tag-may-rua-chen-11-bo","17":"product_tag-may-rua-chen-ban-am","18":"product_tag-may-rua-chen-texgio","19":"product_tag-texgio","21":"first","22":"instock","23":"sale","24":"shipping-taxable","25":"purchasable","26":"product-type-simple"},"_links":{"self":[{"href":"https:\/\/livinghome.vn\/thiet-bi\/wp-json\/wp\/v2\/product\/5590","targetHints":{"allow":["GET"]}}],"collection":[{"href":"https:\/\/livinghome.vn\/thiet-bi\/wp-json\/wp\/v2\/product"}],"about":[{"href":"https:\/\/livinghome.vn\/thiet-bi\/wp-json\/wp\/v2\/types\/product"}],"replies":[{"embeddable":true,"href":"https:\/\/livinghome.vn\/thiet-bi\/wp-json\/wp\/v2\/comments?post=5590"}],"wp:featuredmedia":[{"embeddable":true,"href":"https:\/\/livinghome.vn\/thiet-bi\/wp-json\/wp\/v2\/media\/5759"}],"wp:attachment":[{"href":"https:\/\/livinghome.vn\/thiet-bi\/wp-json\/wp\/v2\/media?parent=5590"}],"wp:term":[{"taxonomy":"product_brand","embeddable":true,"href":"https:\/\/livinghome.vn\/thiet-bi\/wp-json\/wp\/v2\/product_brand?post=5590"},{"taxonomy":"product_cat","embeddable":true,"href":"https:\/\/livinghome.vn\/thiet-bi\/wp-json\/wp\/v2\/product_cat?post=5590"},{"taxonomy":"product_tag","embeddable":true,"href":"https:\/\/livinghome.vn\/thiet-bi\/wp-json\/wp\/v2\/product_tag?post=5590"}],"curies":[{"name":"wp","href":"https:\/\/api.w.org\/{rel}","templated":true}]}}